{"id":3240,"date":"2020-08-20T11:06:35","date_gmt":"2020-08-20T09:06:35","guid":{"rendered":"https:\/\/www.alarmautomatika.com\/predlozhenie-za-stoinost-na-idea\/"},"modified":"2023-11-02T11:27:32","modified_gmt":"2023-11-02T10:27:32","slug":"stoiinostni-resheniya-ot-idea","status":"publish","type":"page","link":"https:\/\/www.alarmautomatika.com\/bg\/stoiinostni-resheniya-ot-idea\/","title":{"rendered":"\u0421\u0442\u043e\u0439\u043d\u043e\u0441\u0442\u043d\u0438 \u0440\u0435\u0448\u0435\u043d\u0438\u044f \u043e\u0442 iDEA"},"content":{"rendered":"<p>[et_pb_section fb_built=&#8220;1&#8243; _builder_version=&#8220;4.16&#8243; _module_preset=&#8220;default&#8220; background_image=&#8220;https:\/\/www.alarmautomatika.com\/wp-content\/uploads\/2020\/09\/idea-rjesenja.jpg&#8220; background_size=&#8220;initial&#8220; background_position=&#8220;top_center&#8220; global_colors_info=&#8220;{}&#8220;][et_pb_row _builder_version=&#8220;4.16&#8243; _module_preset=&#8220;default&#8220; width=&#8220;95%&#8220; global_colors_info=&#8220;{}&#8220;][et_pb_column type=&#8220;4_4&#8243; _builder_version=&#8220;4.16&#8243; _module_preset=&#8220;default&#8220; global_colors_info=&#8220;{}&#8220;][et_pb_text _builder_version=&#8220;4.16&#8243; _dynamic_attributes=&#8220;content&#8220; _module_preset=&#8220;default&#8220; text_font=&#8220;|600|||||||&#8220; text_text_color=&#8220;#ffffff&#8220; text_font_size=&#8220;48px&#8220; text_line_height=&#8220;1.2em&#8220; header_font=&#8220;||||||||&#8220; custom_padding=&#8220;80px|50px||50px|false|true&#8220; text_font_size_tablet=&#8220;40px&#8220; text_font_size_phone=&#8220;32px&#8220; text_font_size_last_edited=&#8220;on|desktop&#8220; text_line_height_tablet=&#8220;&#8220; text_line_height_phone=&#8220;&#8220; text_line_height_last_edited=&#8220;on|phone&#8220; header_font_tablet=&#8220;&#8220; header_font_phone=&#8220;&#8220; header_font_last_edited=&#8220;on|phone&#8220; header_font_size_tablet=&#8220;&#8220; header_font_size_phone=&#8220;&#8220; header_font_size_last_edited=&#8220;on|phone&#8220; header_line_height_tablet=&#8220;&#8220; header_line_height_phone=&#8220;&#8220; header_line_height_last_edited=&#8220;on|desktop&#8220; global_colors_info=&#8220;{}&#8220;]@ET-DC@eyJkeW5hbWljIjp0cnVlLCJjb250ZW50IjoicG9zdF90aXRsZSIsInNldHRpbmdzIjp7ImJlZm9yZSI6IiIsImFmdGVyIjoiIn19@[\/et_pb_text][\/et_pb_column][\/et_pb_row][et_pb_row _builder_version=&#8220;4.16&#8243; _module_preset=&#8220;default&#8220; background_color=&#8220;#ffffff&#8220; width=&#8220;95%&#8220; custom_margin=&#8220;20px||||false|false&#8220; custom_margin_tablet=&#8220;10px||||false|false&#8220; custom_margin_phone=&#8220;10px||||false|false&#8220; custom_margin_last_edited=&#8220;on|desktop&#8220; custom_padding=&#8220;50px|50px|50px|50px|true|true&#8220; box_shadow_style=&#8220;preset2&#8243; global_colors_info=&#8220;{}&#8220;][et_pb_column type=&#8220;4_4&#8243; _builder_version=&#8220;4.16&#8243; _module_preset=&#8220;default&#8220; global_colors_info=&#8220;{}&#8220;][et_pb_text _builder_version=&#8220;4.16&#8243; _module_preset=&#8220;default&#8220; header_2_text_color=&#8220;#ffffff&#8220; header_2_font_size=&#8220;30px&#8220; header_2_line_height=&#8220;1.5em&#8220; background_color=&#8220;#00B16A&#8220; custom_padding=&#8220;6px|15px||15px|false|true&#8220; hover_enabled=&#8220;0&#8243; global_colors_info=&#8220;{}&#8220; sticky_enabled=&#8220;0&#8243;]<\/p>\n<h2>\u0421\u0442\u043e\u0439\u043d\u043e\u0441\u0442\u043d\u0438\u0442\u0435 \u0440\u0435\u0448\u0435\u043d\u0438\u044f \u0441\u0430 \u0441\u044a\u043e\u0431\u0440\u0430\u0437\u0435\u043d\u0438 \u0441\u044a\u0441 \u0441\u043f\u0435\u0446\u0438\u0444\u0438\u0447\u043d\u0438\u0442\u0435 \u043d\u0443\u0436\u0434\u0438 \u043d\u0430 \u043a\u043b\u0438\u0435\u043d\u0442\u0438\u0442\u0435<\/h2>\n<p>[\/et_pb_text][et_pb_text _builder_version=&#8220;4.16&#8243; _module_preset=&#8220;default&#8220; hover_enabled=&#8220;0&#8243; global_colors_info=&#8220;{}&#8220; sticky_enabled=&#8220;0&#8243;]<\/p>\n<p>\u041e\u0441\u043d\u043e\u0432\u043d\u0430\u0442\u0430 \u0438\u0434\u0435\u044f \u0437\u0430\u0434 \u043a\u043e\u043d\u0446\u0435\u043f\u0446\u0438\u044f\u0442\u0430 iDEA \u0441\u0430 \u0447\u0435\u0442\u0438\u0440\u0438 \u0441\u0442\u043e\u0439\u043d\u043e\u0441\u0442\u043d\u0438 \u0440\u0435\u0448\u0435\u043d\u0438\u044f, \u0441\u044a\u043e\u0431\u0440\u0430\u0437\u0435\u043d\u0438 \u0441\u044a\u0441 \u0441\u043f\u0435\u0446\u0438\u0444\u0438\u0447\u043d\u0438\u0442\u0435 \u043d\u0443\u0436\u0434\u0438 \u043d\u0430 \u0440\u0430\u0437\u043b\u0438\u0447\u043d\u0438\u0442\u0435 \u043f\u043e\u0442\u0440\u0435\u0431\u0438\u0442\u0435\u043b\u0438. \u0420\u0435\u0448\u0435\u043d\u0438\u044f\u0442\u0430 \u0441\u0435 \u0440\u0430\u0437\u043b\u0438\u0447\u0430\u0432\u0430\u0442 \u043f\u043e \u0441\u0432\u043e\u044f\u0442\u0430 \u0441\u043b\u043e\u0436\u043d\u043e\u0441\u0442 \u0438 \u043f\u0440\u0438\u043b\u043e\u0436\u0435\u043d\u0438\u0435 \u043d\u0430 \u043d\u0430\u0439-\u043c\u043e\u0434\u0435\u0440\u043d\u0438\u0442\u0435 \u0442\u0435\u0445\u043d\u043e\u043b\u043e\u0433\u0438\u0438. \u0412\u0441\u044f\u043a\u043e \u043f\u0440\u0435\u0434\u043b\u043e\u0436\u0435\u043d\u043e \u0440\u0435\u0448\u0435\u043d\u0438\u0435 \u0432\u043a\u043b\u044e\u0447\u0432\u0430 \u043d\u0430\u0431\u043e\u0440 \u043e\u0442 \u043d\u0430\u0434\u0435\u0436\u0434\u043d\u0438 \u0441\u0438\u0441\u0442\u0435\u043c\u0438, \u0443\u043d\u0438\u043a\u0430\u043b\u0435\u043d \u0441\u043e\u0444\u0442\u0443\u0435\u0440, \u043f\u0440\u043e\u0444\u0435\u0441\u0438\u043e\u043d\u0430\u043b\u043d\u0438 \u0443\u0441\u043b\u0443\u0433\u0438 \u0438 \u043e\u0431\u0449\u0430 \u043f\u043b\u0430\u0442\u0444\u043e\u0440\u043c\u0430.<\/p>\n<p>[\/et_pb_text][et_pb_image src=&#8220;https:\/\/www.alarmautomatika.com\/wp-content\/uploads\/2021\/03\/iDEA-ponuda-vrijednosti-en-1.jpg&#8220; title_text=&#8220;iDEA-ponuda-vrijednosti-bg&#8220; show_in_lightbox=&#8220;on&#8220; align=&#8220;center&#8220; _builder_version=&#8220;4.16&#8243; _module_preset=&#8220;default&#8220; max_width=&#8220;50%&#8220; max_width_tablet=&#8220;75%&#8220; max_width_phone=&#8220;100%&#8220; max_width_last_edited=&#8220;on|phone&#8220; hover_enabled=&#8220;0&#8243; global_colors_info=&#8220;{}&#8220; sticky_enabled=&#8220;0&#8243;][\/et_pb_image][et_pb_text _builder_version=&#8220;4.21.0&#8243; _module_preset=&#8220;default&#8220; link_font=&#8220;|600|||||||&#8220; header_2_text_align=&#8220;left&#8220; header_2_font_size=&#8220;30px&#8220; header_2_line_height=&#8220;1.2em&#8220; hover_enabled=&#8220;0&#8243; header_font_size_tablet=&#8220;48px&#8220; header_font_size_phone=&#8220;&#8220; header_font_size_last_edited=&#8220;on|tablet&#8220; header_2_font_size_tablet=&#8220;&#8220; header_2_font_size_phone=&#8220;25px&#8220; header_2_font_size_last_edited=&#8220;on|phone&#8220; global_colors_info=&#8220;{}&#8220; sticky_enabled=&#8220;0&#8243;]<\/p>\n<blockquote>\n<h2>Pouzdani sustavi<\/h2>\n<\/blockquote>\n<p>Ponudom su obuhva\u0107eni proizvodi vi\u0161e od 200 svjetski poznatih proizvo\u0111a\u010da opreme za za\u0161titu, sigurnost, nadzor i pametnu automatizaciju. Rije\u010d je o tehnolo\u0161ki naprednim, pouzdanim i za upotrebu jednostavnim rje\u0161enjima koja kontinuirano razvija cijeli in\u017eenjerski tim. Kako bi se zadovoljile specifi\u010dne potrebe pojedinih tr\u017ei\u0161ta, razvijene su vlastite robne marke &#8211; <a href=\"https:\/\/www.dvc.video\/\" target=\"_blank\" rel=\"noopener noreferrer\">DVC<\/a> u videonadzoru i video interfoniji, inOUT u kontroli pristupa i S-Link u protuprovali.<\/p>\n<blockquote>\n<h2>Jedinstveni softveri<\/h2>\n<\/blockquote>\n<p>Softver za automatizaciju za\u0161titarskih nadzornih centara <a href=\"https:\/\/www.alarmautomatika.com\/bg\/softuer\/tsentraliziran-softuer-za-alarmi-absistemdcng\/\">ABsistemDC(NG)v2<\/a> i PSIM softver <a href=\"https:\/\/www.alarmautomatika.com\/bg\/softuer\/nablyudenie-i-upravlenie-na-sistemi-za-sigurnost\/\">ABsistemDCi<\/a> su prvi razvijeni u vlastitom R&amp;D odjelu. U posljednjih 15 godina razvijeno je preko 20 softverskih rje\u0161enja koja integriraju podatke iz sustava tehni\u010dke za\u0161tite sa softverima za vo\u0111enje poslovanja, npr. <a href=\"https:\/\/www.alarmautomatika.com\/bg\/softuer\/inteligentno-upravlenie-i-kontrol\/#parking-rjesenja\">ABsistemPARK<\/a> za upravljanje parkirali\u0161tima, <a href=\"https:\/\/www.alarmautomatika.com\/bg\/softuer\/inteligentno-upravlenie-i-kontrol\/#brojanje-ljudi\">ABsistemCounter<\/a> za brojanje klijenata, logisti\u010dku i marketin\u0161ku podr\u0161ku te <a href=\"https:\/\/www.alarmautomatika.com\/bg\/softuer\/inteligentno-upravlenie-i-kontrol\/#izdavanje-ulaznica\">ABsistemTicketing<\/a> za upravljanje kontrolom pristupa posjetitelja.<\/p>\n<blockquote>\n<h2>Profesionalne usluge<\/h2>\n<\/blockquote>\n<p>Tvrtka je za svoje klijente razvila mnogobrojne usluge: projektiranje, upravljanje projektima i IT podr\u0161ku za velike tvrtke; projektnu podr\u0161ku i pu\u0161tanje u rad za izvo\u0111a\u010de gradnje; <a href=\"https:\/\/b2b.alarmautomatika.com\/\" target=\"_blank\" rel=\"noopener noreferrer\">B2B platformu<\/a>, edukaciju i tehni\u010dku podr\u0161ku za instalatere; <a href=\"https:\/\/alex.shop\/\" target=\"_blank\" rel=\"noopener noreferrer\">B2C platformu<\/a> i predprogramiranje ure\u0111aja za krajnje korisnike.<\/p>\n<blockquote>\n<h2>Zajedni\u010dke platforme<\/h2>\n<\/blockquote>\n<p>Zajedni\u010dke <a href=\"https:\/\/b2b.alarmautomatika.com\/\" target=\"_blank\" rel=\"noopener noreferrer\">B2B<\/a> ili <a href=\"https:\/\/alex.shop\/\" target=\"_blank\" rel=\"noopener noreferrer\">B2C<\/a> platforme olak\u0161avaju suradnju svih dionika procesa prodaje i implementacije za\u0161titnih sustava, omogu\u0107uju pra\u0107enje svih transakcija i punu transparentnost.<\/p>\n<p>[\/et_pb_text][\/et_pb_column][\/et_pb_row][\/et_pb_section]<\/p>\n","protected":false},"excerpt":{"rendered":"<p>\u0421\u0442\u043e\u0439\u043d\u043e\u0441\u0442\u043d\u0438\u0442\u0435 \u0440\u0435\u0448\u0435\u043d\u0438\u044f \u0441\u0430 \u0441\u044a\u043e\u0431\u0440\u0430\u0437\u0435\u043d\u0438 \u0441\u044a\u0441 \u0441\u043f\u0435\u0446\u0438\u0444\u0438\u0447\u043d\u0438\u0442\u0435 \u043d\u0443\u0436\u0434\u0438 \u043d\u0430 \u043a\u043b\u0438\u0435\u043d\u0442\u0438\u0442\u0435\u041e\u0441\u043d\u043e\u0432\u043d\u0430\u0442\u0430 \u0438\u0434\u0435\u044f \u0437\u0430\u0434 \u043a\u043e\u043d\u0446\u0435\u043f\u0446\u0438\u044f\u0442\u0430 iDEA \u0441\u0430 \u0447\u0435\u0442\u0438\u0440\u0438 \u0441\u0442\u043e\u0439\u043d\u043e\u0441\u0442\u043d\u0438 \u0440\u0435\u0448\u0435\u043d\u0438\u044f, \u0441\u044a\u043e\u0431\u0440\u0430\u0437\u0435\u043d\u0438 \u0441\u044a\u0441 \u0441\u043f\u0435\u0446\u0438\u0444\u0438\u0447\u043d\u0438\u0442\u0435 \u043d\u0443\u0436\u0434\u0438 \u043d\u0430 \u0440\u0430\u0437\u043b\u0438\u0447\u043d\u0438\u0442\u0435 \u043f\u043e\u0442\u0440\u0435\u0431\u0438\u0442\u0435\u043b\u0438. \u0420\u0435\u0448\u0435\u043d\u0438\u044f\u0442\u0430 \u0441\u0435 \u0440\u0430\u0437\u043b\u0438\u0447\u0430\u0432\u0430\u0442 \u043f\u043e \u0441\u0432\u043e\u044f\u0442\u0430 \u0441\u043b\u043e\u0436\u043d\u043e\u0441\u0442 \u0438 \u043f\u0440\u0438\u043b\u043e\u0436\u0435\u043d\u0438\u0435 \u043d\u0430 \u043d\u0430\u0439-\u043c\u043e\u0434\u0435\u0440\u043d\u0438\u0442\u0435 \u0442\u0435\u0445\u043d\u043e\u043b\u043e\u0433\u0438\u0438. \u0412\u0441\u044f\u043a\u043e \u043f\u0440\u0435\u0434\u043b\u043e\u0436\u0435\u043d\u043e \u0440\u0435\u0448\u0435\u043d\u0438\u0435 \u0432\u043a\u043b\u044e\u0447\u0432\u0430 \u043d\u0430\u0431\u043e\u0440 \u043e\u0442 \u043d\u0430\u0434\u0435\u0436\u0434\u043d\u0438 \u0441\u0438\u0441\u0442\u0435\u043c\u0438, \u0443\u043d\u0438\u043a\u0430\u043b\u0435\u043d \u0441\u043e\u0444\u0442\u0443\u0435\u0440, \u043f\u0440\u043e\u0444\u0435\u0441\u0438\u043e\u043d\u0430\u043b\u043d\u0438 \u0443\u0441\u043b\u0443\u0433\u0438 \u0438 \u043e\u0431\u0449\u0430 \u043f\u043b\u0430\u0442\u0444\u043e\u0440\u043c\u0430.Pouzdani sustavi Ponudom su obuhva\u0107eni proizvodi [&hellip;]<\/p>\n","protected":false},"author":15,"featured_media":0,"parent":0,"menu_order":0,"comment_status":"closed","ping_status":"closed","template":"","meta":{"_et_pb_use_builder":"on","_et_pb_old_content":"","_et_gb_content_width":"","footnotes":""},"class_list":["post-3240","page","type-page","status-publish","hentry"],"_links":{"self":[{"href":"https:\/\/www.alarmautomatika.com\/bg\/wp-json\/wp\/v2\/pages\/3240","targetHints":{"allow":["GET"]}}],"collection":[{"href":"https:\/\/www.alarmautomatika.com\/bg\/wp-json\/wp\/v2\/pages"}],"about":[{"href":"https:\/\/www.alarmautomatika.com\/bg\/wp-json\/wp\/v2\/types\/page"}],"author":[{"embeddable":true,"href":"https:\/\/www.alarmautomatika.com\/bg\/wp-json\/wp\/v2\/users\/15"}],"replies":[{"embeddable":true,"href":"https:\/\/www.alarmautomatika.com\/bg\/wp-json\/wp\/v2\/comments?post=3240"}],"version-history":[{"count":2,"href":"https:\/\/www.alarmautomatika.com\/bg\/wp-json\/wp\/v2\/pages\/3240\/revisions"}],"predecessor-version":[{"id":48465,"href":"https:\/\/www.alarmautomatika.com\/bg\/wp-json\/wp\/v2\/pages\/3240\/revisions\/48465"}],"wp:attachment":[{"href":"https:\/\/www.alarmautomatika.com\/bg\/wp-json\/wp\/v2\/media?parent=3240"}],"curies":[{"name":"wp","href":"https:\/\/api.w.org\/{rel}","templated":true}]}}