{"id":3318,"date":"2020-08-20T15:08:38","date_gmt":"2020-08-20T13:08:38","guid":{"rendered":"https:\/\/www.alarmautomatika.com\/sos-medicinski-alarmi\/"},"modified":"2023-11-10T08:59:34","modified_gmt":"2023-11-10T07:59:34","slug":"sos-medicinski-alarmi","status":"publish","type":"page","link":"https:\/\/www.alarmautomatika.com\/bg\/produkti\/sos-medicinski-alarmi\/","title":{"rendered":"SOS \u043c\u0435\u0434\u0438\u0446\u0438\u043d\u0441\u043a\u0438 \u0430\u043b\u0430\u0440\u043c\u0438"},"content":{"rendered":"<p>[et_pb_section fb_built=&#8220;1&#8243; _builder_version=&#8220;4.6.2&#8243; _module_preset=&#8220;default&#8220; background_image=&#8220;https:\/\/www.alarmautomatika.com\/wp-content\/uploads\/2020\/09\/SOS-medicinski-alarmi.jpg&#8220; background_size=&#8220;initial&#8220; background_position=&#8220;top_center&#8220;][et_pb_row _builder_version=&#8220;4.6.0&#8243; _module_preset=&#8220;default&#8220; width=&#8220;95%&#8220;][et_pb_column type=&#8220;4_4&#8243; _builder_version=&#8220;4.6.0&#8243; _module_preset=&#8220;default&#8220;][et_pb_text _builder_version=&#8220;4.6.0&#8243; _dynamic_attributes=&#8220;content&#8220; _module_preset=&#8220;default&#8220; text_font=&#8220;|600|||||||&#8220; text_text_color=&#8220;#ffffff&#8220; text_font_size=&#8220;48px&#8220; text_line_height=&#8220;1.2em&#8220; custom_padding=&#8220;80px|50px||50px|false|true&#8220; text_font_size_tablet=&#8220;40px&#8220; text_font_size_phone=&#8220;32px&#8220; text_font_size_last_edited=&#8220;on|desktop&#8220; text_line_height_tablet=&#8220;&#8220; text_line_height_phone=&#8220;&#8220; text_line_height_last_edited=&#8220;on|phone&#8220; header_font_tablet=&#8220;&#8220; header_font_phone=&#8220;&#8220; header_font_last_edited=&#8220;on|phone&#8220; header_font_size_tablet=&#8220;&#8220; header_font_size_phone=&#8220;&#8220; header_font_size_last_edited=&#8220;on|phone&#8220; header_line_height_tablet=&#8220;&#8220; header_line_height_phone=&#8220;&#8220; header_line_height_last_edited=&#8220;on|desktop&#8220;]@ET-DC@eyJkeW5hbWljIjp0cnVlLCJjb250ZW50IjoicG9zdF90aXRsZSIsInNldHRpbmdzIjp7ImJlZm9yZSI6IiIsImFmdGVyIjoiIn19@[\/et_pb_text][\/et_pb_column][\/et_pb_row][et_pb_row column_structure=&#8220;3_4,1_4&#8243; _builder_version=&#8220;4.6.0&#8243; _module_preset=&#8220;default&#8220; background_color=&#8220;#ffffff&#8220; width=&#8220;95%&#8220; custom_margin=&#8220;20px||||false|false&#8220; custom_margin_tablet=&#8220;10px||||false|false&#8220; custom_margin_phone=&#8220;10px||||false|false&#8220; custom_margin_last_edited=&#8220;on|desktop&#8220; custom_padding=&#8220;50px|50px|50px|50px|true|true&#8220; box_shadow_style=&#8220;preset2&#8243;][et_pb_column type=&#8220;3_4&#8243; _builder_version=&#8220;4.6.0&#8243; _module_preset=&#8220;default&#8220;][et_pb_text _builder_version=&#8220;4.7.4&#8243; _module_preset=&#8220;default&#8220; header_2_text_align=&#8220;left&#8220; header_2_font_size=&#8220;30px&#8220; header_2_line_height=&#8220;1.2em&#8220; header_font_size_tablet=&#8220;48px&#8220; header_font_size_phone=&#8220;&#8220; header_font_size_last_edited=&#8220;on|tablet&#8220; header_2_font_size_tablet=&#8220;&#8220; header_2_font_size_phone=&#8220;25px&#8220; header_2_font_size_last_edited=&#8220;on|phone&#8220;]<\/p>\n<blockquote>\n<h2>Be\u017ei\u010dna panik tipka<\/h2>\n<\/blockquote>\n<p>Aktivacijom <a href=\"https:\/\/alex.shop\/proizvod\/ajax-button-bezicna-tipka\/\" target=\"_blank\" rel=\"noopener noreferrer\">be\u017ei\u010dne panik tipke<\/a> mogu\u0107e je putem alarmnog sustava poslati signal alarma. Posebno su prikladne za obitelji s djecom i starije osobe, koje u slu\u010daju pada, ozljede ili nepredvi\u0111enih zdravstvenih tegoba mogu poslati poziv u pomo\u0107, na mobitele uku\u0107ana.<\/p>\n<p>[\/et_pb_text][\/et_pb_column][et_pb_column type=&#8220;1_4&#8243; _builder_version=&#8220;4.6.0&#8243; _module_preset=&#8220;default&#8220; custom_padding_tablet=&#8220;&#8220; custom_padding_phone=&#8220;&#8220; custom_padding_last_edited=&#8220;on|phone&#8220;][et_pb_image src=&#8220;https:\/\/www.alarmautomatika.com\/wp-content\/uploads\/2020\/10\/idea-express-logo-home-banner.png&#8220; alt=&#8220;iDEA Express&#8220; title_text=&#8220;iDEA Express&#8220; align=&#8220;center&#8220; _builder_version=&#8220;4.7.4&#8243; _module_preset=&#8220;default&#8220;][\/et_pb_image][et_pb_accordion module_class=&#8220;idea-value-propositions&#8220; _builder_version=&#8220;4.9.0&#8243; _module_preset=&#8220;default&#8220; global_module=&#8220;8296&#8243;][et_pb_accordion_item title=&#8220;Blank&#8220; open=&#8220;on&#8220; _builder_version=&#8220;4.9.0&#8243; _module_preset=&#8220;default&#8220; custom_css_main_element=&#8220;display:none;&#8220;][\/et_pb_accordion_item][et_pb_accordion_item title=&#8220;Klijenti&#8220; _builder_version=&#8220;4.9.0&#8243; _module_preset=&#8220;default&#8220; open=&#8220;off&#8220;]<\/p>\n<p><a href=\"https:\/\/www.alarmautomatika.com\/bg\/klienti\/sobstvenitsi-na-zhilishtni-i-malki-biznes-sgradi\/\">Vlasnici stambenih i manjih poslovnih objekata<\/a><\/p>\n<p>[\/et_pb_accordion_item][et_pb_accordion_item title=&#8220;Proizvodi&#8220; _builder_version=&#8220;4.9.0&#8243; _module_preset=&#8220;default&#8220; open=&#8220;off&#8220;]<\/p>\n<p><a href=\"https:\/\/www.alarmautomatika.com\/bg\/produkti\/upravlenie-na-potreblenieto-na-energiya\/\">Upravljanje potro\u0161njom energije<\/a><\/p>\n<p><a href=\"https:\/\/www.alarmautomatika.com\/bg\/produkti\/upravlenie-na-osvetlenieto\/\">Upravljanje rasvjetom<\/a><\/p>\n<p><a href=\"https:\/\/www.alarmautomatika.com\/bg\/produkti\/protivovzlomna-alarma-s-video-verifikatsiya\/\">Protuprovala s videoverifikacijom<\/a><\/p>\n<p><a href=\"https:\/\/www.alarmautomatika.com\/bg\/produkti\/predotvratyavane-na-pozhar-navodnenie-i-iztichane-na-gaz\/\">Prevencija po\u017eara, poplave i istjecanja plina<\/a><\/p>\n<p><a href=\"https:\/\/www.alarmautomatika.com\/bg\/produkti\/zaklyuchvane-na-vratata\/\">Pametne brave<\/a><\/p>\n<p><a href=\"https:\/\/www.alarmautomatika.com\/bg\/produkti\/sos-medicinski-alarmi\/\">SOS medicinski alarmi<\/a><\/p>\n<p><a href=\"https:\/\/www.alarmautomatika.com\/bg\/produkti\/inteligentno-domashno-videonablyudenie\/\">Videonadzor pametnog doma<\/a><\/p>\n<p>[\/et_pb_accordion_item][et_pb_accordion_item title=&#8220;Softveri&#8220; _builder_version=&#8220;4.9.0&#8243; _module_preset=&#8220;default&#8220; open=&#8220;off&#8220;]<\/p>\n<p><a href=\"https:\/\/www.alarmautomatika.com\/bg\/softuer\/mobilno-prilozhenie-za-potvurzhdenie-na-namesata-na-okhranata\/\">Mobilna aplikacija za potvrdu za\u0161titarske intervencije<\/a><\/p>\n<p>[\/et_pb_accordion_item][et_pb_accordion_item title=&#8220;Usluge&#8220; _builder_version=&#8220;4.9.0&#8243; _module_preset=&#8220;default&#8220; open=&#8220;off&#8220;]<\/p>\n<p><a href=\"https:\/\/www.alarmautomatika.com\/bg\/uslugi\/suobrazeni-s-nuzhdite-na-potrebitelya\/#paketi-prilagodjeni-potrebama-korisnika\" data-et-has-event-already=\"true\">Paketi prilago\u0111eni potrebama korisnika<\/a><\/p>\n<p><a href=\"https:\/\/www.alarmautomatika.com\/bg\/uslugi\/suobrazeni-s-nuzhdite-na-potrebitelya\/#dojava-alarma-na-mobitel\" data-et-has-event-already=\"true\">Dojava alarma na mobitel<\/a><\/p>\n<p><a href=\"https:\/\/www.alarmautomatika.com\/bg\/uslugi\/suobrazeni-s-nuzhdite-na-potrebitelya\/#servis-uredjaja\" data-et-has-event-already=\"true\">Servis ure\u0111aja<\/a><\/p>\n<p><a href=\"https:\/\/www.alarmautomatika.com\/bg\/uslugi\/suobrazeni-s-nuzhdite-na-potrebitelya\/#monitoring-sustava\" data-et-has-event-already=\"true\">Monitoring sustava<\/a><\/p>\n<p><a href=\"https:\/\/www.alarmautomatika.com\/bg\/uslugi\/suobrazeni-s-nuzhdite-na-potrebitelya\/#zastitarska-intervencija\" data-et-has-event-already=\"true\">Za\u0161titarska intervencija<\/a><\/p>\n<p>[\/et_pb_accordion_item][et_pb_accordion_item title=&#8220;Platforma&#8220; _builder_version=&#8220;4.9.0&#8243; _module_preset=&#8220;default&#8220; open=&#8220;off&#8220;]<\/p>\n<p><a href=\"https:\/\/www.alarmautomatika.com\/bg\/platforma\/#b2c-platforma\" data-et-has-event-already=\"true\">Interaktivna B2C platforma<\/a><\/p>\n<p>[\/et_pb_accordion_item][\/et_pb_accordion][\/et_pb_column][\/et_pb_row][\/et_pb_section]<\/p>\n","protected":false},"excerpt":{"rendered":"<p>Be\u017ei\u010dna panik tipka Aktivacijom be\u017ei\u010dne panik tipke mogu\u0107e je putem alarmnog sustava poslati signal alarma. Posebno su prikladne za obitelji s djecom i starije osobe, koje u slu\u010daju pada, ozljede ili nepredvi\u0111enih zdravstvenih tegoba mogu poslati poziv u pomo\u0107, na mobitele uku\u0107ana. Vlasnici stambenih i manjih poslovnih objekata Upravljanje potro\u0161njom energije Upravljanje rasvjetom Protuprovala s [&hellip;]<\/p>\n","protected":false},"author":15,"featured_media":0,"parent":3518,"menu_order":0,"comment_status":"closed","ping_status":"closed","template":"","meta":{"_et_pb_use_builder":"on","_et_pb_old_content":"","_et_gb_content_width":"","footnotes":""},"class_list":["post-3318","page","type-page","status-publish","hentry"],"_links":{"self":[{"href":"https:\/\/www.alarmautomatika.com\/bg\/wp-json\/wp\/v2\/pages\/3318","targetHints":{"allow":["GET"]}}],"collection":[{"href":"https:\/\/www.alarmautomatika.com\/bg\/wp-json\/wp\/v2\/pages"}],"about":[{"href":"https:\/\/www.alarmautomatika.com\/bg\/wp-json\/wp\/v2\/types\/page"}],"author":[{"embeddable":true,"href":"https:\/\/www.alarmautomatika.com\/bg\/wp-json\/wp\/v2\/users\/15"}],"replies":[{"embeddable":true,"href":"https:\/\/www.alarmautomatika.com\/bg\/wp-json\/wp\/v2\/comments?post=3318"}],"version-history":[{"count":1,"href":"https:\/\/www.alarmautomatika.com\/bg\/wp-json\/wp\/v2\/pages\/3318\/revisions"}],"predecessor-version":[{"id":49871,"href":"https:\/\/www.alarmautomatika.com\/bg\/wp-json\/wp\/v2\/pages\/3318\/revisions\/49871"}],"up":[{"embeddable":true,"href":"https:\/\/www.alarmautomatika.com\/bg\/wp-json\/wp\/v2\/pages\/3518"}],"wp:attachment":[{"href":"https:\/\/www.alarmautomatika.com\/bg\/wp-json\/wp\/v2\/media?parent=3318"}],"curies":[{"name":"wp","href":"https:\/\/api.w.org\/{rel}","templated":true}]}}