{"id":3385,"date":"2020-08-20T13:52:57","date_gmt":"2020-08-20T11:52:57","guid":{"rendered":"https:\/\/www.alarmautomatika.com\/proektanti-na-elektrooborudvane\/"},"modified":"2023-12-21T09:29:46","modified_gmt":"2023-12-21T08:29:46","slug":"proektanti-na-elektrooborudvane","status":"publish","type":"page","link":"https:\/\/www.alarmautomatika.com\/bg\/klienti\/proektanti-na-elektrooborudvane\/","title":{"rendered":"\u041f\u0440\u043e\u0435\u043a\u0442\u0430\u043d\u0442\u0438 \u043d\u0430 \u0435\u043b\u0435\u043a\u0442\u0440\u043e\u043e\u0431\u043e\u0440\u0443\u0434\u0432\u0430\u043d\u0435"},"content":{"rendered":"<p>[et_pb_section fb_built=&#8220;1&#8243; _builder_version=&#8220;4.6.2&#8243; _module_preset=&#8220;default&#8220; background_image=&#8220;https:\/\/www.alarmautomatika.com\/wp-content\/uploads\/2020\/09\/elektro-projektanti.jpg&#8220; background_size=&#8220;initial&#8220; background_position=&#8220;top_center&#8220; global_colors_info=&#8220;{}&#8220;][et_pb_row _builder_version=&#8220;4.6.0&#8243; _module_preset=&#8220;default&#8220; width=&#8220;95%&#8220; global_colors_info=&#8220;{}&#8220;][et_pb_column type=&#8220;4_4&#8243; _builder_version=&#8220;4.6.0&#8243; _module_preset=&#8220;default&#8220; global_colors_info=&#8220;{}&#8220;][et_pb_text _builder_version=&#8220;4.6.0&#8243; _dynamic_attributes=&#8220;content&#8220; _module_preset=&#8220;default&#8220; text_font=&#8220;|600|||||||&#8220; text_text_color=&#8220;#ffffff&#8220; text_font_size=&#8220;48px&#8220; text_line_height=&#8220;1.2em&#8220; custom_padding=&#8220;80px|50px||50px|false|true&#8220; text_font_size_tablet=&#8220;40px&#8220; text_font_size_phone=&#8220;32px&#8220; text_font_size_last_edited=&#8220;on|desktop&#8220; text_line_height_tablet=&#8220;&#8220; text_line_height_phone=&#8220;&#8220; text_line_height_last_edited=&#8220;on|phone&#8220; header_font_tablet=&#8220;&#8220; header_font_phone=&#8220;&#8220; header_font_last_edited=&#8220;on|phone&#8220; header_font_size_tablet=&#8220;&#8220; header_font_size_phone=&#8220;&#8220; header_font_size_last_edited=&#8220;on|phone&#8220; header_line_height_tablet=&#8220;&#8220; header_line_height_phone=&#8220;&#8220; header_line_height_last_edited=&#8220;on|desktop&#8220; global_colors_info=&#8220;{}&#8220;]@ET-DC@eyJkeW5hbWljIjp0cnVlLCJjb250ZW50IjoicG9zdF90aXRsZSIsInNldHRpbmdzIjp7ImJlZm9yZSI6IiIsImFmdGVyIjoiIn19@[\/et_pb_text][\/et_pb_column][\/et_pb_row][et_pb_row column_structure=&#8220;3_4,1_4&#8243; _builder_version=&#8220;4.6.0&#8243; _module_preset=&#8220;default&#8220; background_color=&#8220;#ffffff&#8220; width=&#8220;95%&#8220; custom_margin=&#8220;20px||||false|false&#8220; custom_margin_tablet=&#8220;10px||||false|false&#8220; custom_margin_phone=&#8220;10px||||false|false&#8220; custom_margin_last_edited=&#8220;on|desktop&#8220; custom_padding=&#8220;50px|50px|50px|50px|true|true&#8220; box_shadow_style=&#8220;preset2&#8243; global_colors_info=&#8220;{}&#8220;][et_pb_column type=&#8220;3_4&#8243; _builder_version=&#8220;4.6.0&#8243; _module_preset=&#8220;default&#8220; global_colors_info=&#8220;{}&#8220;][et_pb_text _builder_version=&#8220;4.10.2&#8243; _module_preset=&#8220;default&#8220; link_font=&#8220;|600|||||||&#8220; header_2_text_align=&#8220;left&#8220; header_2_font_size=&#8220;30px&#8220; header_2_line_height=&#8220;1.2em&#8220; hover_enabled=&#8220;0&#8243; header_font_size_tablet=&#8220;48px&#8220; header_font_size_phone=&#8220;&#8220; header_font_size_last_edited=&#8220;on|tablet&#8220; header_2_font_size_tablet=&#8220;&#8220; header_2_font_size_phone=&#8220;25px&#8220; header_2_font_size_last_edited=&#8220;on|phone&#8220; global_colors_info=&#8220;{}&#8220; sticky_enabled=&#8220;0&#8243;]<\/p>\n<blockquote>\n<h2>Oprema i tehni\u010dka dokumentacija<\/h2>\n<\/blockquote>\n<p>Cjelokupna <a href=\"https:\/\/www.alarmautomatika.com\/bg\/produkti\/pozharoizvestyavane\/\">safety<\/a> i <a href=\"https:\/\/www.alarmautomatika.com\/bg\/produkti\/tekhnicheska-sigurnost\/\">security<\/a> oprema u ponudi Alarm automatike je u skladu s va\u017ee\u0107im normama i propisima. Popra\u0107ena je svom potrebnom <a href=\"https:\/\/www.alarmautomatika.com\/bg\/platforma\/#b2b-projektna-dokumentacija\">tehni\u010dkom dokumentacijom i certifikatima.<\/a><\/p>\n<blockquote>\n<h2>Projektiranje i projektna podr\u0161ka<\/h2>\n<\/blockquote>\n<p>Poslovima <a href=\"https:\/\/www.alarmautomatika.com\/bg\/uslugi\/visok-profesionalizum-vuv-vsichki-fazi-ot-realiziraneto-na-proektite\/#projektiranje-i-projektna-podrska\">projektiranja i projektne podr\u0161ke<\/a> bavi se cijeli tim ovla\u0161tenih in\u017eenjera sa vi\u0161egodi\u0161njim iskustvom u radu sa za\u0161titnim sustavima.<\/p>\n<blockquote>\n<h2>Rje\u0161enja integracije za\u0161titnih sustava na objektu<\/h2>\n<\/blockquote>\n<p>Budu\u0107a integracija sustava na objektu podrazumijeva predvi\u0111anje nekih specifi\u010dnih rje\u0161enja ve\u0107 u fazi projektiranja. Ovim specifi\u010dnim segmentom, bavi se tim projektanata s bogatim iskustvom u pripremi integriranih rje\u0161enja. R&amp;D odjel Alarm automatike kontinuirano razvija softvere za integraciju <a href=\"https:\/\/www.alarmautomatika.com\/bg\/softuer\/nablyudenie-i-upravlenie-na-sistemi-za-sigurnost\/\">ABsistemDCi<\/a>, centralizaciju <a href=\"https:\/\/www.alarmautomatika.com\/bg\/softuer\/tsentraliziran-softuer-za-alarmi-absistemdcng\/\">ABsistemSC(NG)<\/a> i druge <a href=\"https:\/\/www.alarmautomatika.com\/bg\/softuer\/inteligentno-upravlenie-i-kontrol\/\">ABsistem softvere za inteligentno upravljanje i kontrolu<\/a>.<\/p>\n<blockquote>\n<h2>Seminari o primjeni safety i security rje\u0161enja<\/h2>\n<\/blockquote>\n<p>Seminari su mjesto razmjene znanja o ve\u0107 primijenjenim rje\u0161enjima za\u0161tite u razli\u010ditim aplikacijama (hoteli, retail, stambeni, poslovni, industrijski), novim tehnologijama i rje\u0161enjima koja predvi\u0111aju zahtjeve investitora.<\/p>\n<blockquote>\n<h2>iDEA Project katalog<\/h2>\n<\/blockquote>\n<p>Ponuda <a href=\"https:\/\/www.alarmautomatika.com\/bg\/produkti\/pozharoizvestyavane\/\">safety<\/a> i <a href=\"https:\/\/www.alarmautomatika.com\/bg\/produkti\/tekhnicheska-sigurnost\/\">security<\/a> sustava je sistematizirana u <a href=\"https:\/\/www.alarmautomatika.com\/bg\/uslugi\/visok-profesionalizum-vuv-vsichki-fazi-ot-realiziraneto-na-proektite\/#idea-project-katalog-i-b2b-platforma\">iDEA Project katalogu<\/a> Alarm automatike. Obuhva\u0107ena je oprema za koju su ve\u0107 razvijeni komunikacijski moduli i integracijska rje\u0161enja. Dio ponude dostupan je i u obliku BIM objekata.<\/p>\n<blockquote>\n<h2>Informiranje o specifi\u010dnim rje\u0161enjima dojave po\u017eara i integracije<\/h2>\n<\/blockquote>\n<p>Kroz periodi\u010dne <a href=\"http:\/\/eepurl.com\/c6Hsx5\" target=\"_blank\" rel=\"noopener noreferrer\">newslettere<\/a> pretplatnike informiramo o novim tehnologijama i rje\u0161enjima s podru\u010dja za\u0161tite te o specifi\u010dnostima realiziranih projekata.<\/p>\n<p>[\/et_pb_text][\/et_pb_column][et_pb_column type=&#8220;1_4&#8243; _builder_version=&#8220;4.6.0&#8243; _module_preset=&#8220;default&#8220; custom_padding_tablet=&#8220;&#8220; custom_padding_phone=&#8220;&#8220; custom_padding_last_edited=&#8220;on|phone&#8220; global_colors_info=&#8220;{}&#8220;][et_pb_image src=&#8220;https:\/\/www.alarmautomatika.com\/wp-content\/uploads\/2020\/10\/idea-project-logo-home-banner.png&#8220; alt=&#8220;iDEA Project&#8220; title_text=&#8220;iDEA Project&#8220; align=&#8220;center&#8220; _builder_version=&#8220;4.7.4&#8243; _module_preset=&#8220;default&#8220; global_colors_info=&#8220;{}&#8220;][\/et_pb_image][et_pb_accordion module_class=&#8220;idea-value-propositions&#8220; _builder_version=&#8220;4.9.4&#8243; _module_preset=&#8220;default&#8220; global_module=&#8220;8294&#8243; global_colors_info=&#8220;{}&#8220;][et_pb_accordion_item title=&#8220;Blank&#8220; open=&#8220;on&#8220; _builder_version=&#8220;4.9.4&#8243; _module_preset=&#8220;default&#8220; custom_css_main_element=&#8220;display:none;&#8220; global_colors_info=&#8220;{}&#8220;][\/et_pb_accordion_item][et_pb_accordion_item title=&#8220;\u041a\u043b\u0438\u0435\u043d\u0442\u0438&#8220; _builder_version=&#8220;4.9.0&#8243; _module_preset=&#8220;default&#8220; global_colors_info=&#8220;{}&#8220; open=&#8220;off&#8220;]<\/p>\n<p><a href=\"https:\/\/www.alarmautomatika.com\/bg\/klienti\/arkhitekti\/\">Arhitekti<\/a><\/p>\n<p><a href=\"https:\/\/www.alarmautomatika.com\/bg\/klienti\/proektanti-na-elektrooborudvane\/\">Elektro projektanti<\/a><\/p>\n<p><a href=\"https:\/\/www.alarmautomatika.com\/bg\/klienti\/sektor-na-konstruirane-i-stroitelstvo\/\">Gra\u0111evinari<\/a><\/p>\n<p><a href=\"https:\/\/www.alarmautomatika.com\/bg\/klienti\/elektromontazhnitsi\/\">Elektro instalateri<\/a><\/p>\n<p><a href=\"https:\/\/www.alarmautomatika.com\/bg\/klienti\/integratori-na-sistemite\/\">Sistem integratori<\/a><\/p>\n<p>[\/et_pb_accordion_item][et_pb_accordion_item title=&#8220;\u041f\u0440\u043e\u0434\u0443\u043a\u0442\u0438&#8220; _builder_version=&#8220;4.9.4&#8243; _module_preset=&#8220;default&#8220; global_colors_info=&#8220;{}&#8220; open=&#8220;off&#8220;]<\/p>\n<p><a href=\"https:\/\/www.alarmautomatika.com\/bg\/produkti\/pozharoizvestyavane\/\">Dojava po\u017eara<\/a><\/p>\n<p><a href=\"https:\/\/www.alarmautomatika.com\/bg\/produkti\/gazova-alarma\/\">Dojava plina<\/a><\/p>\n<p><a href=\"https:\/\/www.alarmautomatika.com\/bg\/produkti\/pozharogasitelni-sistemi\/\">Sustavi ga\u0161enja po\u017eara<\/a><\/p>\n<p><a href=\"https:\/\/www.alarmautomatika.com\/bg\/produkti\/sistemi-za-evakuatsiya-i-obshtestveno-opovestyavane\/\">Evakuacijski (EVAC) i javni (PA) razglas<\/a><\/p>\n<p><a href=\"https:\/\/www.alarmautomatika.com\/bg\/produkti\/sistemi-za-otvezhdane-na-dim-i-toplina-i-ventilatsionni-sistemi\/\">Odvo\u0111enje dima i topline i upravljanje po\u017earnim sektorima<\/a><\/p>\n<p><a href=\"https:\/\/www.alarmautomatika.com\/bg\/produkti\/avariiino-osvetlenie\/\">Panik rasvjeta<\/a><\/p>\n<p><a href=\"https:\/\/www.alarmautomatika.com\/bg\/produkti\/tekhnicheska-sigurnost\/\">Tehni\u010dka za\u0161tita<\/a><\/p>\n<p>[\/et_pb_accordion_item][et_pb_accordion_item title=&#8220;\u0421\u043e\u0444\u0442\u0443\u0435\u0440&#8220; _builder_version=&#8220;4.9.0&#8243; _module_preset=&#8220;default&#8220; global_colors_info=&#8220;{}&#8220; open=&#8220;off&#8220;]<\/p>\n<p><a href=\"https:\/\/www.alarmautomatika.com\/bg\/softuer\/nablyudenie-i-upravlenie-na-sistemi-za-sigurnost\/\">Nadzor i upravljanje sustavima za\u0161tite<\/a><\/p>\n<p>[\/et_pb_accordion_item][et_pb_accordion_item title=&#8220;\u0423\u0441\u043b\u0443\u0433\u0438&#8220; _builder_version=&#8220;4.9.0&#8243; _module_preset=&#8220;default&#8220; global_colors_info=&#8220;{}&#8220; open=&#8220;off&#8220;]<\/p>\n<p><a href=\"https:\/\/www.alarmautomatika.com\/bg\/uslugi\/visok-profesionalizum-vuv-vsichki-fazi-ot-realiziraneto-na-proektite\/#projektiranje-i-projektna-podrska\" data-et-has-event-already=\"true\">Projektiranje i projektna podr\u0161ka<\/a><\/p>\n<p><a href=\"https:\/\/www.alarmautomatika.com\/bg\/uslugi\/visok-profesionalizum-vuv-vsichki-fazi-ot-realiziraneto-na-proektite\/#vodjenje-projekata\" data-et-has-event-already=\"true\">Vo\u0111enje projekata<\/a><\/p>\n<p><a href=\"https:\/\/www.alarmautomatika.com\/bg\/uslugi\/visok-profesionalizum-vuv-vsichki-fazi-ot-realiziraneto-na-proektite\/#programiranje-i-integracija-sustava\" data-et-has-event-already=\"true\">Programiranje i integracija sustava<\/a><\/p>\n<p><a href=\"https:\/\/www.alarmautomatika.com\/bg\/uslugi\/visok-profesionalizum-vuv-vsichki-fazi-ot-realiziraneto-na-proektite\/#pustanje-sustava-u-rad\">Pu\u0161tanje sustava u rad<\/a><\/p>\n<p><a href=\"https:\/\/www.alarmautomatika.com\/bg\/uslugi\/visok-profesionalizum-vuv-vsichki-fazi-ot-realiziraneto-na-proektite\/#certificiranje\" data-et-has-event-already=\"true\">Certificiranje<\/a><\/p>\n<p><a href=\"https:\/\/www.alarmautomatika.com\/bg\/uslugi\/visok-profesionalizum-vuv-vsichki-fazi-ot-realiziraneto-na-proektite\/#idea-project-katalog-i-b2b-platforma\" data-et-has-event-already=\"true\">Projektni katalog i B2B platforma<\/a><\/p>\n<p>[\/et_pb_accordion_item][et_pb_accordion_item title=&#8220;\u041f\u043b\u0430\u0442\u0444\u043e\u0440\u043c\u0430&#8220; _builder_version=&#8220;4.9.0&#8243; _module_preset=&#8220;default&#8220; global_colors_info=&#8220;{}&#8220; open=&#8220;off&#8220;]<\/p>\n<p><a href=\"https:\/\/www.alarmautomatika.com\/bg\/platforma\/#b2b-projektna-dokumentacija\" data-et-has-event-already=\"true\">B2B platforma s cjelokupnom dokumentacijom<\/a><\/p>\n<p>[\/et_pb_accordion_item][\/et_pb_accordion][\/et_pb_column][\/et_pb_row][\/et_pb_section]<\/p>\n","protected":false},"excerpt":{"rendered":"<p>Oprema i tehni\u010dka dokumentacija Cjelokupna safety i security oprema u ponudi Alarm automatike je u skladu s va\u017ee\u0107im normama i propisima. Popra\u0107ena je svom potrebnom tehni\u010dkom dokumentacijom i certifikatima. Projektiranje i projektna podr\u0161ka Poslovima projektiranja i projektne podr\u0161ke bavi se cijeli tim ovla\u0161tenih in\u017eenjera sa vi\u0161egodi\u0161njim iskustvom u radu sa za\u0161titnim sustavima. Rje\u0161enja integracije za\u0161titnih [&hellip;]<\/p>\n","protected":false},"author":15,"featured_media":0,"parent":3517,"menu_order":0,"comment_status":"closed","ping_status":"closed","template":"","meta":{"_et_pb_use_builder":"on","_et_pb_old_content":"","_et_gb_content_width":"","footnotes":""},"class_list":["post-3385","page","type-page","status-publish","hentry"],"_links":{"self":[{"href":"https:\/\/www.alarmautomatika.com\/bg\/wp-json\/wp\/v2\/pages\/3385","targetHints":{"allow":["GET"]}}],"collection":[{"href":"https:\/\/www.alarmautomatika.com\/bg\/wp-json\/wp\/v2\/pages"}],"about":[{"href":"https:\/\/www.alarmautomatika.com\/bg\/wp-json\/wp\/v2\/types\/page"}],"author":[{"embeddable":true,"href":"https:\/\/www.alarmautomatika.com\/bg\/wp-json\/wp\/v2\/users\/15"}],"replies":[{"embeddable":true,"href":"https:\/\/www.alarmautomatika.com\/bg\/wp-json\/wp\/v2\/comments?post=3385"}],"version-history":[{"count":2,"href":"https:\/\/www.alarmautomatika.com\/bg\/wp-json\/wp\/v2\/pages\/3385\/revisions"}],"predecessor-version":[{"id":51519,"href":"https:\/\/www.alarmautomatika.com\/bg\/wp-json\/wp\/v2\/pages\/3385\/revisions\/51519"}],"up":[{"embeddable":true,"href":"https:\/\/www.alarmautomatika.com\/bg\/wp-json\/wp\/v2\/pages\/3517"}],"wp:attachment":[{"href":"https:\/\/www.alarmautomatika.com\/bg\/wp-json\/wp\/v2\/media?parent=3385"}],"curies":[{"name":"wp","href":"https:\/\/api.w.org\/{rel}","templated":true}]}}