{"id":3468,"date":"2020-08-20T13:23:19","date_gmt":"2020-08-20T11:23:19","guid":{"rendered":"https:\/\/www.alarmautomatika.com\/obshtestveni-i-biznes-obekti\/"},"modified":"2023-11-02T11:28:29","modified_gmt":"2023-11-02T10:28:29","slug":"obshtestveni-i-biznes-obekti","status":"publish","type":"page","link":"https:\/\/www.alarmautomatika.com\/bg\/klienti\/obshtestveni-i-biznes-obekti\/","title":{"rendered":"\u041e\u0431\u0449\u0435\u0441\u0442\u0432\u0435\u043d\u0438 \u0438 \u0431\u0438\u0437\u043d\u0435\u0441 \u043e\u0431\u0435\u043a\u0442\u0438"},"content":{"rendered":"<p>[et_pb_section fb_built=&#8220;1&#8243; _builder_version=&#8220;4.6.2&#8243; _module_preset=&#8220;default&#8220; background_image=&#8220;https:\/\/www.alarmautomatika.com\/wp-content\/uploads\/2020\/09\/javni-i-poslovni-objekti.jpg&#8220; background_size=&#8220;initial&#8220; background_position=&#8220;top_center&#8220; global_colors_info=&#8220;{}&#8220;][et_pb_row _builder_version=&#8220;4.6.0&#8243; _module_preset=&#8220;default&#8220; width=&#8220;95%&#8220; global_colors_info=&#8220;{}&#8220;][et_pb_column type=&#8220;4_4&#8243; _builder_version=&#8220;4.6.0&#8243; _module_preset=&#8220;default&#8220; global_colors_info=&#8220;{}&#8220;][et_pb_text _builder_version=&#8220;4.6.0&#8243; _dynamic_attributes=&#8220;content&#8220; _module_preset=&#8220;default&#8220; text_font=&#8220;|600|||||||&#8220; text_text_color=&#8220;#ffffff&#8220; text_font_size=&#8220;48px&#8220; text_line_height=&#8220;1.2em&#8220; custom_padding=&#8220;80px|50px||50px|false|true&#8220; text_font_size_tablet=&#8220;40px&#8220; text_font_size_phone=&#8220;32px&#8220; text_font_size_last_edited=&#8220;on|desktop&#8220; text_line_height_tablet=&#8220;&#8220; text_line_height_phone=&#8220;&#8220; text_line_height_last_edited=&#8220;on|phone&#8220; header_font_tablet=&#8220;&#8220; header_font_phone=&#8220;&#8220; header_font_last_edited=&#8220;on|phone&#8220; header_font_size_tablet=&#8220;&#8220; header_font_size_phone=&#8220;&#8220; header_font_size_last_edited=&#8220;on|phone&#8220; header_line_height_tablet=&#8220;&#8220; header_line_height_phone=&#8220;&#8220; header_line_height_last_edited=&#8220;on|desktop&#8220; global_colors_info=&#8220;{}&#8220;]@ET-DC@eyJkeW5hbWljIjp0cnVlLCJjb250ZW50IjoicG9zdF90aXRsZSIsInNldHRpbmdzIjp7ImJlZm9yZSI6IiIsImFmdGVyIjoiIn19@[\/et_pb_text][\/et_pb_column][\/et_pb_row][et_pb_row column_structure=&#8220;3_4,1_4&#8243; _builder_version=&#8220;4.6.0&#8243; _module_preset=&#8220;default&#8220; background_color=&#8220;#ffffff&#8220; width=&#8220;95%&#8220; custom_margin=&#8220;20px||||false|false&#8220; custom_margin_tablet=&#8220;10px||||false|false&#8220; custom_margin_phone=&#8220;10px||||false|false&#8220; custom_margin_last_edited=&#8220;on|desktop&#8220; custom_padding=&#8220;50px|50px|50px|50px|true|true&#8220; box_shadow_style=&#8220;preset2&#8243; global_colors_info=&#8220;{}&#8220;][et_pb_column type=&#8220;3_4&#8243; _builder_version=&#8220;4.6.0&#8243; _module_preset=&#8220;default&#8220; global_colors_info=&#8220;{}&#8220;][et_pb_text _builder_version=&#8220;4.14.7&#8243; _module_preset=&#8220;default&#8220; link_font=&#8220;|600|||||||&#8220; header_2_text_align=&#8220;left&#8220; header_2_font_size=&#8220;30px&#8220; header_2_line_height=&#8220;1.2em&#8220; hover_enabled=&#8220;0&#8243; header_font_size_tablet=&#8220;48px&#8220; header_font_size_phone=&#8220;&#8220; header_font_size_last_edited=&#8220;on|tablet&#8220; header_2_font_size_tablet=&#8220;&#8220; header_2_font_size_phone=&#8220;25px&#8220; header_2_font_size_last_edited=&#8220;on|phone&#8220; global_colors_info=&#8220;{}&#8220; sticky_enabled=&#8220;0&#8243;]<\/p>\n<blockquote>\n<h2>Safety sustavi za pouzdanu dojavu alarma i sigurnu evakuaciju ljudi<\/h2>\n<\/blockquote>\n<p>Zbog sigurnosti ljudi u slu\u010daju po\u017eara se primjenjuju mjere za\u0161tite od po\u017eara. Za bolju efikasnost i upravljanje sustavi <a href=\"https:\/\/www.alarmautomatika.com\/bg\/produkti\/pozharoizvestyavane\/\">dojave po\u017eara<\/a> i <a href=\"https:\/\/www.alarmautomatika.com\/bg\/produkti\/gazova-alarma\/\">dojave plina<\/a> se integriraju sa sustavima evakuacije (<a href=\"https:\/\/www.alarmautomatika.com\/bg\/produkti\/avariiino-osvetlenie\/\">panik rasvjeta<\/a>, <a href=\"https:\/\/www.alarmautomatika.com\/bg\/produkti\/sistemi-za-evakuatsiya-i-obshtestveno-opovestyavane\/\">evakuacijski razglas<\/a> i <a href=\"https:\/\/www.alarmautomatika.com\/bg\/produkti\/sistemi-za-otvezhdane-na-dim-i-toplina-i-ventilatsionni-sistemi\/\">odvo\u0111enja dima i topline<\/a>) i <a href=\"https:\/\/www.alarmautomatika.com\/hr\/sos-sustavi-za-poziv-u-nuzdi\/\">SOS sustavima<\/a>. Dodatne funkcionalnosti se posti\u017eu implementacijom <a href=\"https:\/\/www.alarmautomatika.com\/bg\/softuer\/nablyudenie-i-upravlenie-na-sistemi-za-sigurnost\/\">ABSistemDCi<\/a> softvera za integraciju tehni\u010dkih sustava na objektu i <a href=\"https:\/\/www.alarmautomatika.com\/bg\/softuer\/tsentraliziran-softuer-za-alarmi-absistemdcng\/\">ABSistemDC(NG)<\/a> softvera za centralizaciju signala alarma u nadzornom centru.<\/p>\n<blockquote>\n<h2>Kontrola i upravljanje pristupom<\/h2>\n<\/blockquote>\n<p>Postupak identifikacije pri ulazu u poslovne objekte ubrzava <a href=\"https:\/\/www.alarmautomatika.com\/hr\/softveri\/absistem-guest-manager\/\">ABsistemGuestManager<\/a> softver koji integrira <a href=\"https:\/\/www.alarmautomatika.com\/bg\/produkti\/razshireni-sistemi-za-kontrol-na-dostupa\/\">kontrolu pristupa<\/a>, ure\u0111aj za skeniranje dokumenata, evidenciju posjetitelja i pisa\u010d za ispis akreditacija.Putem softvera <a href=\"https:\/\/www.alarmautomatika.com\/hr\/softveri\/absistem-interlock\/\">ABsistemInterlock<\/a> je omogu\u0107eno lokalno i daljinsko upravljanje interlock kabinama koje se sve \u010de\u0161\u0107e koriste za kontrolu ulaza u javne objekte, primjerice sudove.<\/p>\n<blockquote>\n<h2>Brojenje ljudi<\/h2>\n<\/blockquote>\n<p><a href=\"https:\/\/www.alarmautomatika.com\/hr\/softveri\/brojenje-ljudi\/\">ABsistemCounter<\/a> softver omogu\u0107uje informaciju o broju ljudi koji se trenuta\u010dno nalazi u objektu te analizu broja ljudi u odnosu na doba dana, dan u tjednu ili vremenske prilike. Prikupljeni podaci omogu\u0107uju bolje upravljanje u smislu organizacije poslovanja (optimizacija broja djelatnika u smjeni; odabir vremena za popravke ili \u010di\u0161\u0107enje), pove\u0107anja razine sigurnosti (upravljanje evakuacijom) te prevencije \u0161irenja epidemije. Za upravljanje brojem ljudi u prostoru koristi se softver <a href=\"https:\/\/www.alarmautomatika.com\/hr\/softveri\/brojenje-ljudi\/#odredjivanje_broja_ljudi\">ABsistemLimitPeople<\/a>.<\/p>\n<blockquote>\n<h2>Op\u0107i videonadzor i videoanalitika<\/h2>\n<\/blockquote>\n<p>Videonadzor zajedni\u010dkih prostora efikasno prevenira \u0161tetne doga\u0111aje i omogu\u0107ava njihovu naknadnu rekonstrukciju. Putem <a href=\"https:\/\/www.alarmautomatika.com\/bg\/produkti\/videoanalizi-i-izkustven-intelekt\/\">videoanaliti\u010dkih funkcija<\/a> mogu\u0107e je generirati alarm u predefiniranim situacijama (npr. detekcija ostavljenih predmeta).<\/p>\n<blockquote>\n<h2>Upravljanje parkingom<\/h2>\n<\/blockquote>\n<p>Za efikasnije upravljanje javnim parkirali\u0161tima i gara\u017eama \u010dije kori\u0161tenje se napla\u0107uje se koristi softver <a href=\"https:\/\/www.alarmautomatika.com\/hr\/softveri\/absistem-park\/#kategorizacija\">ABsistemParkPay<\/a> koji omogu\u0107uje integraciju sustava kontrole pristupa za vozila (rampe), interfona, LPR kamera i blagajni za naplatu parkinga. Softver <a href=\"https:\/\/www.alarmautomatika.com\/hr\/softveri\/absistem-park\/#zauzetost_parkinga\">ABsistemGaragePark<\/a> dodatno integrira i sustav signalizacije slobodnih parkirnih mjesta u gara\u017eama.<\/p>\n<blockquote>\n<h2>ABsistemTicketing za objekte s velikim brojem posjetitelja<\/h2>\n<\/blockquote>\n<p><a href=\"https:\/\/www.alarmautomatika.com\/bg\/softuer\/inteligentno-upravlenie-i-kontrol\/#izdavanje-ulaznica\">ABsistemTicketing<\/a> softver integrira online prodaju ulaznica sa barijerama na ulazima i terminalima za naplatu. Tako se ulaz posjetitelja ubrzava i bolje nadzire. <a href=\"https:\/\/www.alarmautomatika.com\/hr\/softveri\/absistem-ticketing\/#ticketing_sale\">ABsistemTicketingSale<\/a> je nadogradnja tog softvera koja uz o\u010ditavanje ulaznica i kontrolu pristupa omogu\u0107uje i naplatu i ispis ulaznica za posjetitelje na objektu.<\/p>\n<blockquote>\n<h2 id=\"rjesenja-za-stadione\">Rje\u0161enja za stadione<\/h2>\n<\/blockquote>\n<p>Uz videonadzor perimetra i prolaza kojima se ljudi kre\u0107u, obuhva\u0107a i videonadzor gledali\u0161ta u rezoluciji koja omogu\u0107ava prepoznavanje\/identifikaciju osoba. Kontrola ulaza integrira online prodaju ulaznica s barijerama na ulazu putem <a href=\"https:\/\/www.alarmautomatika.com\/hr\/softveri\/absistem-ticketing\/\">ABsistemTicketing<\/a> softvera koji omogu\u0107uje i online brojanje gledatelja. Sustavi zadovoljavaju najvi\u0161i standard koji propisuje UEFA.<\/p>\n<blockquote>\n<h2>Dokumentacija o primijenjenim mjerama za\u0161tite<\/h2>\n<\/blockquote>\n<p>Prosudba ugro\u017eenosti i projekt tehni\u010dke za\u0161tite su osnova za kasnije nadogradnje i odr\u017eavanje sustava. Dokumentacija obuhva\u0107a i certifikate za opremu te zapisnike i radne naloge vezane za popravke i servise.<\/p>\n<blockquote>\n<h2>Odr\u017eavanje i Centralni tehni\u010dki nadzor (CTN)<\/h2>\n<\/blockquote>\n<p><a href=\"https:\/\/www.alarmautomatika.com\/bg\/uslugi\/profesionalni-uslugi-za-kompleksni-proekti\/#odrzavanje\">Daljinski nadzor nad ispravno\u0161\u0107u tehni\u010dke za\u0161tite putem CTN-a<\/a> omogu\u0107ava brzo otklanjanje kvarova. Tehni\u010dku podr\u0161ku i organizaciju popravaka osigurava slu\u017eba odr\u017eavanja.<\/p>\n<p>[\/et_pb_text][\/et_pb_column][et_pb_column type=&#8220;1_4&#8243; _builder_version=&#8220;4.6.0&#8243; _module_preset=&#8220;default&#8220; custom_padding_tablet=&#8220;&#8220; custom_padding_phone=&#8220;&#8220; custom_padding_last_edited=&#8220;on|phone&#8220; global_colors_info=&#8220;{}&#8220;][et_pb_image src=&#8220;https:\/\/www.alarmautomatika.com\/wp-content\/uploads\/2020\/10\/idea-solution-logo-home-banner.png&#8220; alt=&#8220;iDEA Solution&#8220; title_text=&#8220;iDEA Solution&#8220; align=&#8220;center&#8220; _builder_version=&#8220;4.7.4&#8243; _module_preset=&#8220;default&#8220; global_colors_info=&#8220;{}&#8220;][\/et_pb_image][et_pb_accordion module_class=&#8220;idea-value-propositions&#8220; _builder_version=&#8220;4.9.0&#8243; _module_preset=&#8220;default&#8220; global_module=&#8220;8292&#8243; global_colors_info=&#8220;{}&#8220;][et_pb_accordion_item title=&#8220;Blank&#8220; open=&#8220;on&#8220; _builder_version=&#8220;4.9.0&#8243; _module_preset=&#8220;default&#8220; custom_css_main_element=&#8220;display:none;&#8220; global_colors_info=&#8220;{}&#8220;][\/et_pb_accordion_item][et_pb_accordion_item title=&#8220;\u041a\u043b\u0438\u0435\u043d\u0442\u0438&#8220; _builder_version=&#8220;4.9.0&#8243; _module_preset=&#8220;default&#8220; global_colors_info=&#8220;{}&#8220; open=&#8220;off&#8220;]<\/p>\n<p><a href=\"https:\/\/www.alarmautomatika.com\/bg\/klienti\/banki-i-finansovi-institutsii\/\">Banke i financijske institucije<\/a><\/p>\n<p><a href=\"https:\/\/www.alarmautomatika.com\/bg\/klienti\/khoteli\/\">Hoteli<\/a><\/p>\n<p><a href=\"https:\/\/www.alarmautomatika.com\/bg\/klienti\/turgovski-molove\/\">Trgova\u010dki centri<\/a><\/p>\n<p><a href=\"https:\/\/www.alarmautomatika.com\/bg\/klienti\/obshtestveni-i-biznes-obekti\/\">Javni i poslovni objekti<\/a><\/p>\n<p><a href=\"https:\/\/www.alarmautomatika.com\/bg\/klienti\/industriya-i-golemi-infrastrukturni-obekti\/\">Industrija i kriti\u010dna infrastruktura<\/a><\/p>\n<p><a href=\"https:\/\/www.alarmautomatika.com\/bg\/klienti\/obshtestveni-ploshti-i-obekti\/\">Javne povr\u0161ine i prostori<\/a><\/p>\n<p>[\/et_pb_accordion_item][et_pb_accordion_item title=&#8220;\u041f\u0440\u043e\u0434\u0443\u043a\u0442\u0438&#8220; _builder_version=&#8220;4.9.0&#8243; _module_preset=&#8220;default&#8220; global_colors_info=&#8220;{}&#8220; open=&#8220;off&#8220;]<\/p>\n<p><a href=\"https:\/\/www.alarmautomatika.com\/bg\/produkti\/videoanalizi-i-izkustven-intelekt\/\">Videoanalitika i umjetna inteligencija<\/a><\/p>\n<p><a href=\"https:\/\/www.alarmautomatika.com\/bg\/produkti\/termalni-analizi-i-zashtita-na-perimetura\/\">Termovizija i za\u0161tita perimetra<\/a><\/p>\n<p><a href=\"https:\/\/www.alarmautomatika.com\/bg\/produkti\/razshireni-sistemi-za-kontrol-na-dostupa\/\">Napredni sustavi kontrole pristupa<\/a><\/p>\n<p><a href=\"https:\/\/www.alarmautomatika.com\/bg\/produkti\/elektronno-nablyudenie-na-stoki\/\">Elektroni\u010dka za\u0161tita artikala od kra\u0111e<\/a><\/p>\n<p><a href=\"https:\/\/www.alarmautomatika.com\/bg\/produkti\/inteligentno-upravlenie-na-trafika-i-parkiraneto\/\">Inteligentno upravljanje prometom i parkingom<\/a><\/p>\n<p><a href=\"https:\/\/www.alarmautomatika.com\/bg\/produkti\/bms-i-sistemi-za-upravlenie-na-obektite\/\">BMS i upravljanje sustavima na objektu<\/a><\/p>\n<p>[\/et_pb_accordion_item][et_pb_accordion_item title=&#8220;\u0421\u043e\u0444\u0442\u0443\u0435\u0440&#8220; _builder_version=&#8220;4.9.0&#8243; _module_preset=&#8220;default&#8220; global_colors_info=&#8220;{}&#8220; open=&#8220;off&#8220;]<\/p>\n<p><a href=\"https:\/\/www.alarmautomatika.com\/bg\/softuer\/inteligentno-upravlenie-i-kontrol\/#izdavanje-ulaznica\" data-et-has-event-already=\"true\">Izdavanje ulaznica<\/a><\/p>\n<p><a href=\"https:\/\/www.alarmautomatika.com\/bg\/softuer\/inteligentno-upravlenie-i-kontrol\/#brojanje-ljudi\" data-et-has-event-already=\"true\">Brojanje ljudi<\/a><\/p>\n<p><a href=\"https:\/\/www.alarmautomatika.com\/bg\/softuer\/inteligentno-upravlenie-i-kontrol\/#rezervacija-soba\" data-et-has-event-already=\"true\">Rezervacija soba<\/a><\/p>\n<p><a href=\"https:\/\/www.alarmautomatika.com\/bg\/softuer\/inteligentno-upravlenie-i-kontrol\/#parking-rjesenja\" data-et-has-event-already=\"true\">Parking rje\u0161enja<\/a><\/p>\n<p><a href=\"https:\/\/www.alarmautomatika.com\/bg\/softuer\/inteligentno-upravlenie-i-kontrol\/#upravljanje-prometom\" data-et-has-event-already=\"true\">Upravljanje prometom<\/a><\/p>\n<p><a href=\"https:\/\/www.alarmautomatika.com\/bg\/softuer\/inteligentno-upravlenie-i-kontrol\/#upravljanje-posjetiteljima\" data-et-has-event-already=\"true\">Upravljanje posjetiteljima<\/a><\/p>\n<p><a href=\"https:\/\/www.alarmautomatika.com\/bg\/softuer\/inteligentno-upravlenie-i-kontrol\/#nadzor-na-pretovarnim-stanicama\" data-et-has-event-already=\"true\">Nadzor na pretovarnim stanicama<\/a><\/p>\n<p>[\/et_pb_accordion_item][et_pb_accordion_item title=&#8220;\u0423\u0441\u043b\u0443\u0433\u0438&#8220; _builder_version=&#8220;4.9.0&#8243; _module_preset=&#8220;default&#8220; global_colors_info=&#8220;{}&#8220; open=&#8220;off&#8220;]<\/p>\n<p><a href=\"https:\/\/www.alarmautomatika.com\/bg\/uslugi\/profesionalni-uslugi-za-kompleksni-proekti\/#projektiranje\" data-et-has-event-already=\"true\">Projektiranje<\/a><\/p>\n<p><a href=\"https:\/\/www.alarmautomatika.com\/bg\/uslugi\/profesionalni-uslugi-za-kompleksni-proekti\/#prosudba-ugrozenosti-i-elaborat-mjera-sigurnosti\" data-et-has-event-already=\"true\">Prosudba ugro\u017eenosti i elaborat mjera sigurnosti<\/a><\/p>\n<p><a href=\"https:\/\/www.alarmautomatika.com\/bg\/uslugi\/profesionalni-uslugi-za-kompleksni-proekti\/#konzalting\" data-et-has-event-already=\"true\">Konzalting<\/a><\/p>\n<p><a href=\"https:\/\/www.alarmautomatika.com\/bg\/uslugi\/profesionalni-uslugi-za-kompleksni-proekti\/#nadzor-nad-izvodjenjem\" data-et-has-event-already=\"true\">Nadzor nad izvo\u0111enjem<\/a><\/p>\n<p><a href=\"https:\/\/www.alarmautomatika.com\/bg\/uslugi\/profesionalni-uslugi-za-kompleksni-proekti\/#koordinacija-i-vodjenje-projekata\" data-et-has-event-already=\"true\">Koordinacija i vo\u0111enje projekata<\/a><\/p>\n<p><a href=\"https:\/\/www.alarmautomatika.com\/bg\/uslugi\/profesionalni-uslugi-za-kompleksni-proekti\/#softverska-integracija\" data-et-has-event-already=\"true\">Softverska integracija i ukla\u0161anje u IKT<\/a><\/p>\n<p>[\/et_pb_accordion_item][et_pb_accordion_item title=&#8220;\u041f\u043b\u0430\u0442\u0444\u043e\u0440\u043c\u0430&#8220; _builder_version=&#8220;4.9.0&#8243; _module_preset=&#8220;default&#8220; global_colors_info=&#8220;{}&#8220; open=&#8220;off&#8220;]<\/p>\n<p><a href=\"https:\/\/www.alarmautomatika.com\/bg\/platforma\/#razmjena-znanja\" data-et-has-event-already=\"true\">Platforma za razmjenu znanja sudionika procesa gra\u0111enja<\/a><\/p>\n<p>[\/et_pb_accordion_item][\/et_pb_accordion][\/et_pb_column][\/et_pb_row][\/et_pb_section]<\/p>\n","protected":false},"excerpt":{"rendered":"<p>Safety sustavi za pouzdanu dojavu alarma i sigurnu evakuaciju ljudi Zbog sigurnosti ljudi u slu\u010daju po\u017eara se primjenjuju mjere za\u0161tite od po\u017eara. Za bolju efikasnost i upravljanje sustavi dojave po\u017eara i dojave plina se integriraju sa sustavima evakuacije (panik rasvjeta, evakuacijski razglas i odvo\u0111enja dima i topline) i SOS sustavima. Dodatne funkcionalnosti se posti\u017eu implementacijom [&hellip;]<\/p>\n","protected":false},"author":15,"featured_media":0,"parent":3517,"menu_order":0,"comment_status":"closed","ping_status":"closed","template":"","meta":{"_et_pb_use_builder":"on","_et_pb_old_content":"","_et_gb_content_width":"","footnotes":""},"class_list":["post-3468","page","type-page","status-publish","hentry"],"_links":{"self":[{"href":"https:\/\/www.alarmautomatika.com\/bg\/wp-json\/wp\/v2\/pages\/3468","targetHints":{"allow":["GET"]}}],"collection":[{"href":"https:\/\/www.alarmautomatika.com\/bg\/wp-json\/wp\/v2\/pages"}],"about":[{"href":"https:\/\/www.alarmautomatika.com\/bg\/wp-json\/wp\/v2\/types\/page"}],"author":[{"embeddable":true,"href":"https:\/\/www.alarmautomatika.com\/bg\/wp-json\/wp\/v2\/users\/15"}],"replies":[{"embeddable":true,"href":"https:\/\/www.alarmautomatika.com\/bg\/wp-json\/wp\/v2\/comments?post=3468"}],"version-history":[{"count":1,"href":"https:\/\/www.alarmautomatika.com\/bg\/wp-json\/wp\/v2\/pages\/3468\/revisions"}],"predecessor-version":[{"id":48483,"href":"https:\/\/www.alarmautomatika.com\/bg\/wp-json\/wp\/v2\/pages\/3468\/revisions\/48483"}],"up":[{"embeddable":true,"href":"https:\/\/www.alarmautomatika.com\/bg\/wp-json\/wp\/v2\/pages\/3517"}],"wp:attachment":[{"href":"https:\/\/www.alarmautomatika.com\/bg\/wp-json\/wp\/v2\/media?parent=3468"}],"curies":[{"name":"wp","href":"https:\/\/api.w.org\/{rel}","templated":true}]}}