{"id":3471,"date":"2020-08-20T13:23:53","date_gmt":"2020-08-20T11:23:53","guid":{"rendered":"https:\/\/www.alarmautomatika.com\/industriya-i-golemi-infrastrukturni-obekti\/"},"modified":"2023-11-02T11:28:31","modified_gmt":"2023-11-02T10:28:31","slug":"industriya-i-golemi-infrastrukturni-obekti","status":"publish","type":"page","link":"https:\/\/www.alarmautomatika.com\/bg\/klienti\/industriya-i-golemi-infrastrukturni-obekti\/","title":{"rendered":"\u0418\u043d\u0434\u0443\u0441\u0442\u0440\u0438\u044f \u0438 \u0433\u043e\u043b\u0435\u043c\u0438 \u0438\u043d\u0444\u0440\u0430\u0441\u0442\u0440\u0443\u043a\u0442\u0443\u0440\u043d\u0438 \u043e\u0431\u0435\u043a\u0442\u0438"},"content":{"rendered":"<p>[et_pb_section fb_built=&#8220;1&#8243; _builder_version=&#8220;4.6.2&#8243; _module_preset=&#8220;default&#8220; background_image=&#8220;https:\/\/www.alarmautomatika.com\/wp-content\/uploads\/2020\/09\/kriticna-infrastruktura.jpg&#8220; background_size=&#8220;initial&#8220; background_position=&#8220;top_center&#8220; global_colors_info=&#8220;{}&#8220;][et_pb_row _builder_version=&#8220;4.6.0&#8243; _module_preset=&#8220;default&#8220; width=&#8220;95%&#8220; global_colors_info=&#8220;{}&#8220;][et_pb_column type=&#8220;4_4&#8243; _builder_version=&#8220;4.6.0&#8243; _module_preset=&#8220;default&#8220; global_colors_info=&#8220;{}&#8220;][et_pb_text _builder_version=&#8220;4.6.0&#8243; _dynamic_attributes=&#8220;content&#8220; _module_preset=&#8220;default&#8220; text_font=&#8220;|600|||||||&#8220; text_text_color=&#8220;#ffffff&#8220; text_font_size=&#8220;48px&#8220; text_line_height=&#8220;1.2em&#8220; custom_padding=&#8220;80px|50px||50px|false|true&#8220; text_font_size_tablet=&#8220;40px&#8220; text_font_size_phone=&#8220;32px&#8220; text_font_size_last_edited=&#8220;on|desktop&#8220; text_line_height_tablet=&#8220;&#8220; text_line_height_phone=&#8220;&#8220; text_line_height_last_edited=&#8220;on|phone&#8220; header_font_tablet=&#8220;&#8220; header_font_phone=&#8220;&#8220; header_font_last_edited=&#8220;on|phone&#8220; header_font_size_tablet=&#8220;&#8220; header_font_size_phone=&#8220;&#8220; header_font_size_last_edited=&#8220;on|phone&#8220; header_line_height_tablet=&#8220;&#8220; header_line_height_phone=&#8220;&#8220; header_line_height_last_edited=&#8220;on|desktop&#8220; global_colors_info=&#8220;{}&#8220;]@ET-DC@eyJkeW5hbWljIjp0cnVlLCJjb250ZW50IjoicG9zdF90aXRsZSIsInNldHRpbmdzIjp7ImJlZm9yZSI6IiIsImFmdGVyIjoiIn19@[\/et_pb_text][\/et_pb_column][\/et_pb_row][et_pb_row column_structure=&#8220;3_4,1_4&#8243; _builder_version=&#8220;4.6.0&#8243; _module_preset=&#8220;default&#8220; background_color=&#8220;#ffffff&#8220; width=&#8220;95%&#8220; custom_margin=&#8220;20px||||false|false&#8220; custom_margin_tablet=&#8220;10px||||false|false&#8220; custom_margin_phone=&#8220;10px||||false|false&#8220; custom_margin_last_edited=&#8220;on|desktop&#8220; custom_padding=&#8220;50px|50px|50px|50px|true|true&#8220; box_shadow_style=&#8220;preset2&#8243; global_colors_info=&#8220;{}&#8220;][et_pb_column type=&#8220;3_4&#8243; _builder_version=&#8220;4.6.0&#8243; _module_preset=&#8220;default&#8220; global_colors_info=&#8220;{}&#8220;][et_pb_text _builder_version=&#8220;4.14.7&#8243; _module_preset=&#8220;default&#8220; header_2_text_align=&#8220;left&#8220; header_2_font_size=&#8220;30px&#8220; header_2_line_height=&#8220;1.2em&#8220; hover_enabled=&#8220;0&#8243; header_font_size_tablet=&#8220;48px&#8220; header_font_size_phone=&#8220;&#8220; header_font_size_last_edited=&#8220;on|tablet&#8220; header_2_font_size_tablet=&#8220;&#8220; header_2_font_size_phone=&#8220;25px&#8220; header_2_font_size_last_edited=&#8220;on|phone&#8220; global_colors_info=&#8220;{}&#8220; sticky_enabled=&#8220;0&#8243;]<\/p>\n<blockquote>\n<h2>Certificirana oprema u specijalnoj izvedbi<\/h2>\n<\/blockquote>\n<p>Sva oprema koja se koristi u industrijskim objektima i objektima kriti\u010dne infrastrukture treba biti prikladna za rad u te\u0161kim uvjetima i na otvorenom. Za odre\u0111ene aplikacije mora imati i specifi\u010dne certifikate.<\/p>\n<blockquote>\n<h2>Kontrola pristupa vozila rampama i protuteroristi\u010dkim barijerama<\/h2>\n<\/blockquote>\n<p>Uz uobi\u010dajene barijere, u rizi\u010dnim aplikacijama se za zaustavljanje poku\u0161aja upada vozila u perimetar koriste mehani\u010dke barijere razli\u010dite otpornosti i izvedbe (fiksne, podizne, klizne, protuteroristi\u010dke).<br \/>Za za\u0161titu od poku\u0161aja upada vozilom u objekte visokog rizika se koriste <strong><a href=\"https:\/\/www.alarmautomatika.com\/hr\/protuteroristicke-barijere-za-vozila\/#podizne-barijere\">certificirane podizne (wedge) barijere<\/a><\/strong> provjerene na <em>crash<\/em> testovima.<\/p>\n<blockquote>\n<h2>Nadzor ulaska ljudi<\/h2>\n<\/blockquote>\n<p>Implementacija <strong><a href=\"https:\/\/www.alarmautomatika.com\/hr\/softveri\/absistem-guest-manager\/\">ABsistemGuestManager<\/a><\/strong> softvera osigurava to\u010dnu evidenciju ljudi koji su u\u0161li u objekt te omogu\u0107uje ograni\u010davanje njihova kretanja samo na neke prostore unutar perimetra.<br \/><a href=\"https:\/\/www.alarmautomatika.com\/hr\/softveri\/brojenje-ljudi\/\"><strong>ABsistemCounter<\/strong><\/a> softver omogu\u0107uje informaciju o broju ljudi koji se trenutno nalazi u objektu, kao i razli\u010dite naknadne analize. Prikupljeni podaci omogu\u0107uju bolje upravljanje objektom, u smislu organizacije poslovanja te pove\u0107anja razine sigurnosti, u smislu upravljanja evakuacijom u incidentnim situacijama kada je va\u017eno znati koliko se ljudi nalazi u pojedinim prostorima.<\/p>\n<blockquote>\n<h2>Protuprovalna za\u0161tita perimetra<\/h2>\n<\/blockquote>\n<p>Za protuprovalnu <strong><a href=\"https:\/\/www.alarmautomatika.com\/bg\/produkti\/termalni-analizi-i-zashtita-na-perimetura\/\">za\u0161titu perimetra velikih prostora i udaljenosti<\/a><\/strong> se koriste detektori vibracija koji se postavljaju na ograde, videoanalitika ili opti\u010dki kablovi koji se ukapaju u zemlju ili postavljaju iznad cjevovoda.<\/p>\n<blockquote>\n<h2>Termalne kamere<\/h2>\n<\/blockquote>\n<p><a href=\"https:\/\/www.alarmautomatika.com\/bg\/produkti\/termalni-analizi-i-zashtita-na-perimetura\/\"><strong>Termalnim kamerama<\/strong><\/a> se nadziru veliki otvoreni i slabo osvijetljeni prostori. Koriste se za nadzor granica (detekcija kretanja na velikim udaljenostima no\u0107u) ili tehnolo\u0161ki nadzor termoenergetskih postrojenja (detektiraju pove\u0107anje temperature).<\/p>\n<blockquote>\n<h2>Specijalne metode detekcije po\u017eara (aspiracija, OSID)<\/h2>\n<\/blockquote>\n<p>U pogonima i skladi\u0161tima se zbog velikog broja \u010destica u zraku koriste specijalne metode detekcije po\u017eara kao \u0161to su aspiracija (uzorkovanje zraka) ili <strong><a href=\"https:\/\/www.alarmautomatika.com\/bg\/produkti\/pozharoizvestyavane\/#specijalne-metode\">OSID barijere<\/a><\/strong> za velike prostore.<\/p>\n<blockquote>\n<h2>Centralizacija i integracija sustava za\u0161tite<\/h2>\n<\/blockquote>\n<p>Veliki objekti se uobi\u010dajeno \u0161tite sa vi\u0161e razli\u010ditih sustava tehni\u010dke za\u0161tite koje je uobi\u010dajeno integrirati putem<strong><a href=\"https:\/\/www.alarmautomatika.com\/bg\/softuer\/nablyudenie-i-upravlenie-na-sistemi-za-sigurnost\/\"> ABsistemDCi softvera<\/a><\/strong> i centralizirati putem <strong><a href=\"https:\/\/www.alarmautomatika.com\/bg\/softuer\/tsentraliziran-softuer-za-alarmi-absistemdcng\/\">ABsistemDC(NG)<\/a><\/strong> softvera kako bi se podigla razina sigurnosti i olak\u0161ao rad operatera.<\/p>\n<blockquote>\n<h2>Kontrola pristupa vozila u objekte ve\u0107eg rizika<\/h2>\n<\/blockquote>\n<p>Za kontrolu pristupa vozila u podru\u010dja sa vi\u0161e ulaza i izlaza na kojima je kretanje ograni\u010deno se koristi softver <strong><a href=\"https:\/\/www.alarmautomatika.com\/hr\/softveri\/absistem-park\/#kontrola_pristupa\">ABsistemMultiport<\/a><\/strong>. Softver omogu\u0107uje o\u010ditavanje registarskih oznaka (sprijeda) i prikolica (straga) te o\u010ditavanje jedinstvenih oznaka kontejnera i vagona. Za pristup osobnih vozila se koristi <strong><a href=\"https:\/\/www.alarmautomatika.com\/hr\/softveri\/absistem-park\/\">ABsistemPark<\/a><\/strong> softver.<\/p>\n<blockquote>\n<h2>Dokumentacija o primijenjenim mjerama za\u0161tite<\/h2>\n<\/blockquote>\n<p>Prosudba ugro\u017eenosti i projekt tehni\u010dke za\u0161tite su osnova za kasnije nadogradnje i odr\u017eavanje sustava. Dokumentacija obuhva\u0107a i certifikate za opremu te zapisnike i radne naloge vezane za popravke i servise.<\/p>\n<blockquote>\n<h2>Odr\u017eavanje i Centralni tehni\u010dki nadzor (CTN)<\/h2>\n<\/blockquote>\n<p><a href=\"https:\/\/www.alarmautomatika.com\/bg\/uslugi\/profesionalni-uslugi-za-kompleksni-proekti\/#odrzavanje\"><strong>Daljinski nadzor nad ispravno\u0161\u0107u tehni\u010dke za\u0161tite putem CTN-a<\/strong><\/a> omogu\u0107ava brzo otklanjanje kvarova. Tehni\u010dku podr\u0161ku i organizaciju popravaka osigurava slu\u017eba odr\u017eavanja.<\/p>\n<p>[\/et_pb_text][\/et_pb_column][et_pb_column type=&#8220;1_4&#8243; _builder_version=&#8220;4.6.0&#8243; _module_preset=&#8220;default&#8220; custom_padding_tablet=&#8220;&#8220; custom_padding_phone=&#8220;&#8220; custom_padding_last_edited=&#8220;on|phone&#8220; global_colors_info=&#8220;{}&#8220;][et_pb_image src=&#8220;https:\/\/www.alarmautomatika.com\/wp-content\/uploads\/2020\/10\/idea-solution-logo-home-banner.png&#8220; alt=&#8220;iDEA Solution&#8220; title_text=&#8220;iDEA Solution&#8220; align=&#8220;center&#8220; _builder_version=&#8220;4.7.4&#8243; _module_preset=&#8220;default&#8220; global_colors_info=&#8220;{}&#8220;][\/et_pb_image][et_pb_accordion module_class=&#8220;idea-value-propositions&#8220; _builder_version=&#8220;4.9.0&#8243; _module_preset=&#8220;default&#8220; global_module=&#8220;8292&#8243; global_colors_info=&#8220;{}&#8220;][et_pb_accordion_item title=&#8220;Blank&#8220; open=&#8220;on&#8220; _builder_version=&#8220;4.9.0&#8243; _module_preset=&#8220;default&#8220; custom_css_main_element=&#8220;display:none;&#8220; global_colors_info=&#8220;{}&#8220;][\/et_pb_accordion_item][et_pb_accordion_item title=&#8220;\u041a\u043b\u0438\u0435\u043d\u0442\u0438&#8220; _builder_version=&#8220;4.9.0&#8243; _module_preset=&#8220;default&#8220; global_colors_info=&#8220;{}&#8220; open=&#8220;off&#8220;]<\/p>\n<p><a href=\"https:\/\/www.alarmautomatika.com\/bg\/klienti\/banki-i-finansovi-institutsii\/\">Banke i financijske institucije<\/a><\/p>\n<p><a href=\"https:\/\/www.alarmautomatika.com\/bg\/klienti\/khoteli\/\">Hoteli<\/a><\/p>\n<p><a href=\"https:\/\/www.alarmautomatika.com\/bg\/klienti\/turgovski-molove\/\">Trgova\u010dki centri<\/a><\/p>\n<p><a href=\"https:\/\/www.alarmautomatika.com\/bg\/klienti\/obshtestveni-i-biznes-obekti\/\">Javni i poslovni objekti<\/a><\/p>\n<p><a href=\"https:\/\/www.alarmautomatika.com\/bg\/klienti\/industriya-i-golemi-infrastrukturni-obekti\/\">Industrija i kriti\u010dna infrastruktura<\/a><\/p>\n<p><a href=\"https:\/\/www.alarmautomatika.com\/bg\/klienti\/obshtestveni-ploshti-i-obekti\/\">Javne povr\u0161ine i prostori<\/a><\/p>\n<p>[\/et_pb_accordion_item][et_pb_accordion_item title=&#8220;\u041f\u0440\u043e\u0434\u0443\u043a\u0442\u0438&#8220; _builder_version=&#8220;4.9.0&#8243; _module_preset=&#8220;default&#8220; global_colors_info=&#8220;{}&#8220; open=&#8220;off&#8220;]<\/p>\n<p><a href=\"https:\/\/www.alarmautomatika.com\/bg\/produkti\/videoanalizi-i-izkustven-intelekt\/\">Videoanalitika i umjetna inteligencija<\/a><\/p>\n<p><a href=\"https:\/\/www.alarmautomatika.com\/bg\/produkti\/termalni-analizi-i-zashtita-na-perimetura\/\">Termovizija i za\u0161tita perimetra<\/a><\/p>\n<p><a href=\"https:\/\/www.alarmautomatika.com\/bg\/produkti\/razshireni-sistemi-za-kontrol-na-dostupa\/\">Napredni sustavi kontrole pristupa<\/a><\/p>\n<p><a href=\"https:\/\/www.alarmautomatika.com\/bg\/produkti\/elektronno-nablyudenie-na-stoki\/\">Elektroni\u010dka za\u0161tita artikala od kra\u0111e<\/a><\/p>\n<p><a href=\"https:\/\/www.alarmautomatika.com\/bg\/produkti\/inteligentno-upravlenie-na-trafika-i-parkiraneto\/\">Inteligentno upravljanje prometom i parkingom<\/a><\/p>\n<p><a href=\"https:\/\/www.alarmautomatika.com\/bg\/produkti\/bms-i-sistemi-za-upravlenie-na-obektite\/\">BMS i upravljanje sustavima na objektu<\/a><\/p>\n<p>[\/et_pb_accordion_item][et_pb_accordion_item title=&#8220;\u0421\u043e\u0444\u0442\u0443\u0435\u0440&#8220; _builder_version=&#8220;4.9.0&#8243; _module_preset=&#8220;default&#8220; global_colors_info=&#8220;{}&#8220; open=&#8220;off&#8220;]<\/p>\n<p><a href=\"https:\/\/www.alarmautomatika.com\/bg\/softuer\/inteligentno-upravlenie-i-kontrol\/#izdavanje-ulaznica\" data-et-has-event-already=\"true\">Izdavanje ulaznica<\/a><\/p>\n<p><a href=\"https:\/\/www.alarmautomatika.com\/bg\/softuer\/inteligentno-upravlenie-i-kontrol\/#brojanje-ljudi\" data-et-has-event-already=\"true\">Brojanje ljudi<\/a><\/p>\n<p><a href=\"https:\/\/www.alarmautomatika.com\/bg\/softuer\/inteligentno-upravlenie-i-kontrol\/#rezervacija-soba\" data-et-has-event-already=\"true\">Rezervacija soba<\/a><\/p>\n<p><a href=\"https:\/\/www.alarmautomatika.com\/bg\/softuer\/inteligentno-upravlenie-i-kontrol\/#parking-rjesenja\" data-et-has-event-already=\"true\">Parking rje\u0161enja<\/a><\/p>\n<p><a href=\"https:\/\/www.alarmautomatika.com\/bg\/softuer\/inteligentno-upravlenie-i-kontrol\/#upravljanje-prometom\" data-et-has-event-already=\"true\">Upravljanje prometom<\/a><\/p>\n<p><a href=\"https:\/\/www.alarmautomatika.com\/bg\/softuer\/inteligentno-upravlenie-i-kontrol\/#upravljanje-posjetiteljima\" data-et-has-event-already=\"true\">Upravljanje posjetiteljima<\/a><\/p>\n<p><a href=\"https:\/\/www.alarmautomatika.com\/bg\/softuer\/inteligentno-upravlenie-i-kontrol\/#nadzor-na-pretovarnim-stanicama\" data-et-has-event-already=\"true\">Nadzor na pretovarnim stanicama<\/a><\/p>\n<p>[\/et_pb_accordion_item][et_pb_accordion_item title=&#8220;\u0423\u0441\u043b\u0443\u0433\u0438&#8220; _builder_version=&#8220;4.9.0&#8243; _module_preset=&#8220;default&#8220; global_colors_info=&#8220;{}&#8220; open=&#8220;off&#8220;]<\/p>\n<p><a href=\"https:\/\/www.alarmautomatika.com\/bg\/uslugi\/profesionalni-uslugi-za-kompleksni-proekti\/#projektiranje\" data-et-has-event-already=\"true\">Projektiranje<\/a><\/p>\n<p><a href=\"https:\/\/www.alarmautomatika.com\/bg\/uslugi\/profesionalni-uslugi-za-kompleksni-proekti\/#prosudba-ugrozenosti-i-elaborat-mjera-sigurnosti\" data-et-has-event-already=\"true\">Prosudba ugro\u017eenosti i elaborat mjera sigurnosti<\/a><\/p>\n<p><a href=\"https:\/\/www.alarmautomatika.com\/bg\/uslugi\/profesionalni-uslugi-za-kompleksni-proekti\/#konzalting\" data-et-has-event-already=\"true\">Konzalting<\/a><\/p>\n<p><a href=\"https:\/\/www.alarmautomatika.com\/bg\/uslugi\/profesionalni-uslugi-za-kompleksni-proekti\/#nadzor-nad-izvodjenjem\" data-et-has-event-already=\"true\">Nadzor nad izvo\u0111enjem<\/a><\/p>\n<p><a href=\"https:\/\/www.alarmautomatika.com\/bg\/uslugi\/profesionalni-uslugi-za-kompleksni-proekti\/#koordinacija-i-vodjenje-projekata\" data-et-has-event-already=\"true\">Koordinacija i vo\u0111enje projekata<\/a><\/p>\n<p><a href=\"https:\/\/www.alarmautomatika.com\/bg\/uslugi\/profesionalni-uslugi-za-kompleksni-proekti\/#softverska-integracija\" data-et-has-event-already=\"true\">Softverska integracija i ukla\u0161anje u IKT<\/a><\/p>\n<p>[\/et_pb_accordion_item][et_pb_accordion_item title=&#8220;\u041f\u043b\u0430\u0442\u0444\u043e\u0440\u043c\u0430&#8220; _builder_version=&#8220;4.9.0&#8243; _module_preset=&#8220;default&#8220; global_colors_info=&#8220;{}&#8220; open=&#8220;off&#8220;]<\/p>\n<p><a href=\"https:\/\/www.alarmautomatika.com\/bg\/platforma\/#razmjena-znanja\" data-et-has-event-already=\"true\">Platforma za razmjenu znanja sudionika procesa gra\u0111enja<\/a><\/p>\n<p>[\/et_pb_accordion_item][\/et_pb_accordion][\/et_pb_column][\/et_pb_row][\/et_pb_section]<\/p>\n","protected":false},"excerpt":{"rendered":"<p>Certificirana oprema u specijalnoj izvedbi Sva oprema koja se koristi u industrijskim objektima i objektima kriti\u010dne infrastrukture treba biti prikladna za rad u te\u0161kim uvjetima i na otvorenom. Za odre\u0111ene aplikacije mora imati i specifi\u010dne certifikate. Kontrola pristupa vozila rampama i protuteroristi\u010dkim barijerama Uz uobi\u010dajene barijere, u rizi\u010dnim aplikacijama se za zaustavljanje poku\u0161aja upada vozila [&hellip;]<\/p>\n","protected":false},"author":15,"featured_media":0,"parent":3517,"menu_order":0,"comment_status":"closed","ping_status":"closed","template":"","meta":{"_et_pb_use_builder":"on","_et_pb_old_content":"","_et_gb_content_width":"","footnotes":""},"class_list":["post-3471","page","type-page","status-publish","hentry"],"_links":{"self":[{"href":"https:\/\/www.alarmautomatika.com\/bg\/wp-json\/wp\/v2\/pages\/3471","targetHints":{"allow":["GET"]}}],"collection":[{"href":"https:\/\/www.alarmautomatika.com\/bg\/wp-json\/wp\/v2\/pages"}],"about":[{"href":"https:\/\/www.alarmautomatika.com\/bg\/wp-json\/wp\/v2\/types\/page"}],"author":[{"embeddable":true,"href":"https:\/\/www.alarmautomatika.com\/bg\/wp-json\/wp\/v2\/users\/15"}],"replies":[{"embeddable":true,"href":"https:\/\/www.alarmautomatika.com\/bg\/wp-json\/wp\/v2\/comments?post=3471"}],"version-history":[{"count":1,"href":"https:\/\/www.alarmautomatika.com\/bg\/wp-json\/wp\/v2\/pages\/3471\/revisions"}],"predecessor-version":[{"id":48492,"href":"https:\/\/www.alarmautomatika.com\/bg\/wp-json\/wp\/v2\/pages\/3471\/revisions\/48492"}],"up":[{"embeddable":true,"href":"https:\/\/www.alarmautomatika.com\/bg\/wp-json\/wp\/v2\/pages\/3517"}],"wp:attachment":[{"href":"https:\/\/www.alarmautomatika.com\/bg\/wp-json\/wp\/v2\/media?parent=3471"}],"curies":[{"name":"wp","href":"https:\/\/api.w.org\/{rel}","templated":true}]}}