{"id":3514,"date":"2020-09-11T14:06:49","date_gmt":"2020-09-11T12:06:49","guid":{"rendered":"https:\/\/www.alarmautomatika.com\/profesionalni-uslugi-za-kompleksni-proekti\/"},"modified":"2021-07-14T12:04:46","modified_gmt":"2021-07-14T10:04:46","slug":"profesionalni-uslugi-za-kompleksni-proekti","status":"publish","type":"page","link":"https:\/\/www.alarmautomatika.com\/bg\/uslugi\/profesionalni-uslugi-za-kompleksni-proekti\/","title":{"rendered":"\u041f\u0440\u043e\u0444\u0435\u0441\u0438\u043e\u043d\u0430\u043b\u043d\u0438 \u0443\u0441\u043b\u0443\u0433\u0438 \u0437\u0430 \u043a\u043e\u043c\u043f\u043b\u0435\u043a\u0441\u043d\u0438 \u043f\u0440\u043e\u0435\u043a\u0442\u0438"},"content":{"rendered":"<p>[et_pb_section fb_built=&#8220;1&#8243; _builder_version=&#8220;4.6.2&#8243; _module_preset=&#8220;default&#8220; background_image=&#8220;https:\/\/www.alarmautomatika.com\/wp-content\/uploads\/2020\/09\/Usluge-solution.jpg&#8220; background_size=&#8220;initial&#8220; background_position=&#8220;top_center&#8220;][et_pb_row _builder_version=&#8220;4.6.0&#8243; _module_preset=&#8220;default&#8220; width=&#8220;95%&#8220;][et_pb_column type=&#8220;4_4&#8243; _builder_version=&#8220;4.6.0&#8243; _module_preset=&#8220;default&#8220;][et_pb_text _builder_version=&#8220;4.6.0&#8243; _dynamic_attributes=&#8220;content&#8220; _module_preset=&#8220;default&#8220; text_font=&#8220;|600|||||||&#8220; text_text_color=&#8220;#ffffff&#8220; text_font_size=&#8220;48px&#8220; text_line_height=&#8220;1.2em&#8220; custom_padding=&#8220;80px|50px||50px|false|true&#8220; text_font_size_tablet=&#8220;40px&#8220; text_font_size_phone=&#8220;32px&#8220; text_font_size_last_edited=&#8220;on|desktop&#8220; text_line_height_tablet=&#8220;&#8220; text_line_height_phone=&#8220;&#8220; text_line_height_last_edited=&#8220;on|phone&#8220; header_font_tablet=&#8220;&#8220; header_font_phone=&#8220;&#8220; header_font_last_edited=&#8220;on|phone&#8220; header_font_size_tablet=&#8220;&#8220; header_font_size_phone=&#8220;&#8220; header_font_size_last_edited=&#8220;on|phone&#8220; header_line_height_tablet=&#8220;&#8220; header_line_height_phone=&#8220;&#8220; header_line_height_last_edited=&#8220;on|desktop&#8220;]@ET-DC@eyJkeW5hbWljIjp0cnVlLCJjb250ZW50IjoicG9zdF90aXRsZSIsInNldHRpbmdzIjp7ImJlZm9yZSI6IiIsImFmdGVyIjoiIn19@[\/et_pb_text][\/et_pb_column][\/et_pb_row][et_pb_row column_structure=&#8220;3_4,1_4&#8243; _builder_version=&#8220;4.6.0&#8243; _module_preset=&#8220;default&#8220; background_color=&#8220;#ffffff&#8220; width=&#8220;95%&#8220; custom_margin=&#8220;20px||||false|false&#8220; custom_margin_tablet=&#8220;10px||||false|false&#8220; custom_margin_phone=&#8220;10px||||false|false&#8220; custom_margin_last_edited=&#8220;on|desktop&#8220; custom_padding=&#8220;50px|50px|50px|50px|true|true&#8220; box_shadow_style=&#8220;preset2&#8243;][et_pb_column type=&#8220;3_4&#8243; _builder_version=&#8220;4.6.0&#8243; _module_preset=&#8220;default&#8220;][et_pb_text _builder_version=&#8220;4.7.4&#8243; _module_preset=&#8220;default&#8220; link_font=&#8220;|600|||||||&#8220; header_2_text_align=&#8220;left&#8220; header_2_font_size=&#8220;30px&#8220; header_2_line_height=&#8220;1.2em&#8220; header_font_size_tablet=&#8220;48px&#8220; header_font_size_phone=&#8220;&#8220; header_font_size_last_edited=&#8220;on|tablet&#8220; header_2_font_size_tablet=&#8220;&#8220; header_2_font_size_phone=&#8220;25px&#8220; header_2_font_size_last_edited=&#8220;on|phone&#8220;]<\/p>\n<blockquote>\n<h2 id=\"projektiranje\">\u041f\u0440\u043e\u0435\u043a\u0442\u0438\u0440\u0430\u043d\u0435<\/h2>\n<\/blockquote>\n<p>\u041f\u0440\u043e\u0435\u043a\u0442\u044a\u0442, \u0440\u0430\u0437\u0440\u0430\u0431\u043e\u0442\u0435\u043d \u043e\u0442 \u0443\u043f\u044a\u043b\u043d\u043e\u043c\u043e\u0449\u0435\u043d\u0438 \u043b\u0438\u0446\u0430, \u0433\u0430\u0440\u0430\u043d\u0442\u0438\u0440\u0430 \u0444\u0443\u043d\u043a\u0446\u0438\u043e\u043d\u0430\u043b\u043d\u0430 \u0438 \u0440\u0430\u0437\u0445\u043e\u0434\u043e\u0435\u0444\u0435\u043a\u0442\u0438\u0432\u043d\u0430 \u0441\u0438\u0441\u0442\u0435\u043c\u0430, \u0432 \u0441\u044a\u043e\u0442\u0432\u0435\u0442\u0441\u0442\u0432\u0438\u0435 \u0441 \u0434\u0435\u0439\u0441\u0442\u0432\u0430\u0449\u0438\u0442\u0435 \u0440\u0430\u0437\u043f\u043e\u0440\u0435\u0434\u0431\u0438.<\/p>\n<blockquote>\n<h2 id=\"prosudba-ugrozenosti-i-elaborat-mjera-sigurnosti\">\u041e\u0446\u0435\u043d\u043a\u0430 \u043d\u0430 \u0443\u044f\u0437\u0432\u0438\u043c\u043e\u0441\u0442\u0442\u0430 \u043d\u0430 \u0441\u0438\u0433\u0443\u0440\u043d\u043e\u0441\u0442\u0442\u0430 \u0438 \u0438\u0437\u0441\u043b\u0435\u0434\u0432\u0430\u043d\u0435 \u043d\u0430 \u043c\u0435\u0440\u043a\u0438\u0442\u0435 \u0437\u0430 \u0441\u0438\u0433\u0443\u0440\u043d\u043e\u0441\u0442<\/h2>\n<\/blockquote>\n<p>\u041d\u0438\u0432\u043e\u0442\u043e \u043d\u0430 \u0440\u0438\u0441\u043a\u0430, \u0441\u044a\u0449\u0435\u0441\u0442\u0432\u0443\u0432\u0430\u0449 \u043d\u0430 \u043e\u0431\u0435\u043a\u0442\u0430, \u0438 \u0432 \u0440\u0430\u043c\u043a\u0438\u0442\u0435 \u043d\u0430 \u0437\u043d\u0430\u0447\u0438\u043c\u0438\u0442\u0435 \u0437\u0430 \u043e\u0431\u0435\u043a\u0442\u0430 \u0431\u0438\u0437\u043d\u0435\u0441 \u043e\u043f\u0435\u0440\u0430\u0446\u0438\u0438 \u0441\u0435 \u0430\u043d\u0430\u043b\u0438\u0437\u0438\u0440\u0430 \u0441\u044a\u0433\u043b\u0430\u0441\u043d\u043e \u043c\u0435\u0436\u0434\u0443\u043d\u0430\u0440\u043e\u0434\u043d\u0430 \u043c\u0435\u0442\u043e\u0434\u043e\u043b\u043e\u0433\u0438\u044f \u0438 \u0441\u0435 \u0441\u0438\u0441\u0442\u0435\u043c\u0430\u0442\u0438\u0437\u0438\u0440\u0430 \u0447\u0440\u0435\u0437 \u043e\u0446\u0435\u043d\u043a\u0430\u0442\u0430 \u043d\u0430 \u0443\u044f\u0437\u0432\u0438\u043c\u043e\u0441\u0442\u0442\u0430 \u043d\u0430 \u0441\u0438\u0433\u0443\u0440\u043d\u043e\u0441\u0442\u0442\u0430 \u0438 \u0438\u0437\u0441\u043b\u0435\u0434\u0432\u0430\u043d\u0435\u0442\u043e \u043d\u0430 \u043c\u0435\u0440\u043a\u0438\u0442\u0435 \u0437\u0430 \u0441\u0438\u0433\u0443\u0440\u043d\u043e\u0441\u0442.<\/p>\n<blockquote>\n<h2 id=\"konzalting\">\u041a\u043e\u043d\u0441\u0443\u043b\u0442\u0430\u0446\u0438\u0438, \u043e\u0446\u0435\u043d\u043a\u0430 \u043d\u0430 \u0438\u043d\u0432\u0435\u0441\u0442\u0438\u0446\u0438\u0438\u0442\u0435 \u0438 \u0438\u0434\u0435\u0435\u043d \u043f\u0440\u043e\u0435\u043a\u0442<\/h2>\n<\/blockquote>\n<p>\u041e\u0446\u0435\u043d\u043a\u0430\u0442\u0430 \u043d\u0430 \u0438\u043d\u0432\u0435\u0441\u0442\u0438\u0446\u0438\u0438\u0442\u0435 \u043e\u043f\u0440\u0435\u0434\u0435\u043b\u044f \u0432\u0441\u0438\u0447\u043a\u0438 \u043d\u0435\u043e\u0431\u0445\u043e\u0434\u0438\u043c\u0438 \u0438\u043d\u0432\u0435\u0441\u0442\u0438\u0446\u0438\u0438 (\u043e\u0431\u043e\u0440\u0443\u0434\u0432\u0430\u043d\u0435, \u043c\u0430\u0442\u0435\u0440\u0438\u0430\u043b\u0438, \u0441\u0442\u0440\u043e\u0438\u0442\u0435\u043b\u0441\u0442\u0432\u043e), \u043f\u0440\u043e\u0434\u044a\u043b\u0436\u0438\u0442\u0435\u043b\u043d\u043e\u0441\u0442\u0442\u0430 \u043d\u0430 \u0438\u043d\u0432\u0435\u0441\u0442\u0438\u0446\u0438\u044f\u0442\u0430 \u0438 \u043f\u0440\u0435\u043f\u043e\u0440\u044a\u043a\u0438 \u0437\u0430 \u043d\u0435\u0439\u043d\u043e\u0442\u043e \u0440\u0435\u0430\u043b\u0438\u0437\u0438\u0440\u0430\u043d\u0435. \u0421\u043b\u0435\u0434\u0432\u0430\u0449\u0430\u0442\u0430 \u0441\u0442\u044a\u043f\u043a\u0430 \u0438\u0434\u0435\u0439\u043d\u0438\u044f\u0442 \u043f\u0440\u043e\u0435\u043a\u0442 \u043d\u0430 \u043c\u0435\u0440\u043a\u0438\u0442\u0435 \u0437\u0430 \u0441\u0438\u0433\u0443\u0440\u043d\u043e\u0441\u0442, \u0441\u044a\u043e\u0431\u0440\u0430\u0437\u0435\u043d\u0438 \u0441 \u043a\u043e\u043d\u043a\u0440\u0435\u0442\u043d\u0438\u0442\u0435 \u043d\u0443\u0436\u0434\u0438 \u0438 \u043e\u0441\u043d\u043e\u0432\u0430\u0432\u0430\u0449 \u0441\u0435 \u043d\u0430 \u0432\u044a\u043f\u0440\u043e\u0441\u043d\u0430\u0442\u0430 \u043e\u0446\u0435\u043d\u043a\u0430.<\/p>\n<blockquote>\n<h2 id=\"nadzor-nad-izvodjenjem\">\u041d\u0430\u0434\u0437\u043e\u0440 \u043d\u0430 \u043f\u0440\u043e\u0435\u043a\u0442\u0430<\/h2>\n<\/blockquote>\n<p>\u041d\u0430\u0434\u0437\u043e\u0440\u044a\u0442 \u043f\u0440\u0435\u0434\u043f\u0430\u0437\u0432\u0430 \u0438\u043d\u0432\u0435\u0441\u0442\u0438\u0442\u043e\u0440\u0430 \u043e\u0442 \u0447\u0430\u0441\u0442\u0438\u0447\u043d\u043e \u0438\u043b\u0438 \u043d\u0435\u043f\u0440\u043e\u0444\u0435\u0441\u0438\u043e\u043d\u0430\u043b\u043d\u043e \u0438\u043d\u0441\u0442\u0430\u043b\u0438\u0440\u0430\u043d\u0435, \u0441\u043b\u0443\u0447\u0430\u0439\u043d\u043e \u0438\u043b\u0438 \u0443\u043c\u0438\u0448\u043b\u0435\u043d\u043e \u043d\u0435\u0434\u043e\u0433\u043b\u0435\u0436\u0434\u0430\u043d\u0435 \u043e\u0442 \u0441\u0442\u0440\u0430\u043d\u0430 \u043d\u0430 \u0438\u0437\u043f\u044a\u043b\u043d\u0438\u0442\u0435\u043b\u044f \u0438 \u0433\u0430\u0440\u0430\u043d\u0442\u0438\u0440\u0430 \u0441\u044a\u043e\u0442\u0432\u0435\u0442\u0441\u0442\u0432\u0438\u0435 \u0441 \u043f\u043e\u043b\u043e\u0436\u0438\u0442\u0435\u043b\u043d\u0438\u0442\u0435 \u0437\u0430\u043a\u043e\u043d\u0438.<\/p>\n<blockquote>\n<h2 id=\"koordinacija-i-vodjenje-projekata\">\u041a\u043e\u043e\u0440\u0434\u0438\u043d\u0430\u0446\u0438\u044f \u0438 \u0443\u043f\u0440\u0430\u0432\u043b\u0435\u043d\u0438\u0435 \u043d\u0430 \u043f\u0440\u043e\u0435\u043a\u0442\u0438<\/h2>\n<\/blockquote>\n<p>\u041f\u043e-\u0433\u043e\u043b\u0435\u043c\u0438\u0442\u0435 \u043f\u0440\u043e\u0435\u043a\u0442\u0438 \u0438 \u043f\u0440\u043e\u0435\u043a\u0442\u0438\u0442\u0435, \u0432 \u043a\u043e\u0438\u0442\u043e \u0443\u0447\u0430\u0441\u0442\u0432\u0430\u0442 \u043d\u044f\u043a\u043e\u043b\u043a\u043e \u0438\u0437\u043f\u044a\u043b\u043d\u0438\u0442\u0435\u043b\u0438, \u043d\u0430\u043b\u0430\u0433\u0430\u0442 \u043d\u0435\u043e\u0431\u0445\u043e\u0434\u0438\u043c\u043e\u0441\u0442 \u043e\u0442 \u043a\u043e\u043e\u0440\u0434\u0438\u043d\u0430\u0446\u0438\u044f, \u0442.\u0435. \u0443\u043f\u0440\u0430\u0432\u043b\u0435\u043d\u0438\u0435 \u043d\u0430 \u043f\u0440\u043e\u0435\u043a\u0442\u0438\u0442\u0435 \u043e\u0442 \u043e\u0442\u043e\u0440\u0438\u0437\u0438\u0440\u0430\u043d\u0438 \u0440\u044a\u043a\u043e\u0432\u043e\u0434\u0438\u0442\u0435\u043b\u0438 \u043d\u0430 \u043f\u0440\u043e\u0435\u043a\u0442\u0438.<\/p>\n<blockquote>\n<h2 id=\"softverska-integracija\">\u0418\u043d\u0442\u0435\u0433\u0440\u0438\u0440\u0430\u043d\u0435 \u043d\u0430 \u0441\u043e\u0444\u0442\u0443\u0435\u0440\u0430 \u0438 \u0438\u043d\u0442\u0435\u0433\u0440\u0438\u0440\u0430\u043d\u0435 \u0441 \u0431\u0438\u0437\u043d\u0435\u0441 \u0441\u0442\u0440\u0443\u043a\u0442\u0443\u0440\u0430\u0442\u0430 \u043d\u0430 \u043f\u043e\u0442\u0440\u0435\u0431\u0438\u0442\u0435\u043b\u044f<\/h2>\n<\/blockquote>\n<p>\u0418\u043d\u0442\u0435\u0433\u0440\u0438\u0440\u0430\u043d\u0438\u0442\u0435 \u0441\u0438\u0441\u0442\u0435\u043c\u0438 \u0437\u0430 \u0442\u0435\u0445\u043d\u0438\u0447\u0435\u0441\u043a\u0430 \u0441\u0438\u0433\u0443\u0440\u043d\u043e\u0441\u0442 \u0441\u0430 \u043f\u043e-\u0431\u044a\u0440\u0437\u0438 \u0438 \u043f\u043e-\u043b\u0435\u0441\u043d\u0438 \u0437\u0430 \u0443\u043f\u0440\u0430\u0432\u043b\u0435\u043d\u0438\u0435 \u0438 \u0437\u0430 \u0434\u0430 \u043f\u043e\u0441\u0442\u0438\u0433\u043d\u0430\u0442 \u043f\u044a\u043b\u043d\u0430 \u0440\u0430\u0437\u0445\u043e\u0434\u043e\u0435\u043c\u043a\u043e\u0441\u0442, \u0441\u044a\u0449\u0438\u0442\u0435 \u0442\u0440\u044f\u0431\u0432\u0430 \u0434\u0430 \u0431\u044a\u0434\u0430\u0442 \u0438\u043d\u0442\u0435\u0433\u0440\u0438\u0440\u0430\u043d\u0438 \u0441 BMS (\u0421\u0438\u0441\u0442\u0435\u043c\u0430 \u0437\u0430 \u0443\u043f\u0440\u0430\u0432\u043b\u0435\u043d\u0438\u0435 \u043d\u0430 \u0441\u0433\u0440\u0430\u0434\u0438) \u0438 \u0438\u043d\u0442\u0435\u0433\u0440\u0438\u0440\u0430\u043d\u0438 \u0432 \u0438\u043d\u0444\u043e\u0440\u043c\u0430\u0446\u0438\u043e\u043d\u043d\u0430\u0442\u0430 \u0438 \u043a\u043e\u043c\u0443\u043d\u0438\u043a\u0430\u0446\u0438\u043e\u043d\u043d\u0430\u0442\u0430 \u0441\u0442\u0440\u0443\u043a\u0442\u0443\u0440\u0430 \u043d\u0430 \u043a\u043b\u0438\u0435\u043d\u0442\u0430.<\/p>\n<blockquote>\n<h2 id=\"odrzavanje\">\u041f\u043e\u0434\u0434\u0440\u044a\u0436\u043a\u0430<\/h2>\n<\/blockquote>\n<p>ABsistemdcCARE4 \u0435 \u0443\u043d\u0438\u043a\u0430\u043b\u0435\u043d \u043c\u043e\u0434\u0435\u043b \u0437\u0430 \u043d\u0430\u0431\u043b\u044e\u0434\u0435\u043d\u0438\u0435, \u043f\u043e\u0434\u0434\u0440\u044a\u0436\u043a\u0430 \u0438 \u043e\u0431\u0441\u043b\u0443\u0436\u0432\u0430\u043d\u0435 \u043d\u0430 \u0441\u0438\u0441\u0442\u0435\u043c\u0438 \u0437\u0430 \u0442\u0435\u0445\u043d\u0438\u0447\u0435\u0441\u043a\u0430 \u0441\u0438\u0433\u0443\u0440\u043d\u043e\u0441\u0442, \u043a\u043e\u0439\u0442\u043e \u0432\u043a\u043b\u044e\u0447\u0432\u0430 \u0426\u0435\u043d\u0442\u0440\u0430\u043b\u0435\u043d \u0442\u0435\u0445\u043d\u0438\u0447\u0435\u0441\u043a\u0438 \u043c\u043e\u043d\u0438\u0442\u043e\u0440\u0438\u043d\u0433 (CTM) \u043d\u0430 \u0440\u0430\u0431\u043e\u0442\u0430\u0442\u0430 \u043d\u0430 \u0441\u0438\u0441\u0442\u0435\u043c\u0430\u0442\u0430, \u043c\u0440\u0435\u0436\u0430\u0442\u0430 \u043e\u0442 \u0441\u0435\u0440\u0442\u0438\u0444\u0438\u0446\u0438\u0440\u0430\u043d\u0438 \u0438\u043d\u0441\u0442\u0430\u043b\u0430\u0442\u043e\u0440\u0438 \u0438 \u0441\u0435\u0440\u0432\u0438\u0437\u043d\u0438 \u043f\u0430\u0440\u0442\u043d\u044c\u043e\u0440\u0438.<\/p>\n<p>[\/et_pb_text][et_pb_text _builder_version=&#8220;4.7.4&#8243; _module_preset=&#8220;default&#8220; header_2_text_align=&#8220;left&#8220; header_2_font_size=&#8220;30px&#8220; header_2_line_height=&#8220;1.2em&#8220; header_font_size_tablet=&#8220;48px&#8220; header_font_size_phone=&#8220;&#8220; header_font_size_last_edited=&#8220;on|tablet&#8220; header_2_font_size_tablet=&#8220;&#8220; header_2_font_size_phone=&#8220;25px&#8220; header_2_font_size_last_edited=&#8220;on|phone&#8220;][\/et_pb_text][\/et_pb_column][et_pb_column type=&#8220;1_4&#8243; _builder_version=&#8220;4.6.0&#8243; _module_preset=&#8220;default&#8220; custom_padding_tablet=&#8220;&#8220; custom_padding_phone=&#8220;&#8220; custom_padding_last_edited=&#8220;on|phone&#8220;][et_pb_image src=&#8220;https:\/\/www.alarmautomatika.com\/wp-content\/uploads\/2020\/10\/idea-solution-logo-home-banner.png&#8220; alt=&#8220;iDEA Solution&#8220; title_text=&#8220;iDEA Solution&#8220; align=&#8220;center&#8220; _builder_version=&#8220;4.7.4&#8243; _module_preset=&#8220;default&#8220;][\/et_pb_image][et_pb_accordion module_class=&#8220;idea-value-propositions&#8220; _builder_version=&#8220;4.9.0&#8243; _module_preset=&#8220;default&#8220; global_module=&#8220;8292&#8243;][et_pb_accordion_item title=&#8220;Blank&#8220; open=&#8220;on&#8220; _builder_version=&#8220;4.9.0&#8243; _module_preset=&#8220;default&#8220; custom_css_main_element=&#8220;display:none;&#8220;][\/et_pb_accordion_item][et_pb_accordion_item title=&#8220;\u041a\u043b\u0438\u0435\u043d\u0442\u0438&#8220; _builder_version=&#8220;4.9.0&#8243; _module_preset=&#8220;default&#8220; open=&#8220;off&#8220;]<\/p>\n<p><a href=\"https:\/\/www.alarmautomatika.com\/bg\/klienti\/banki-i-finansovi-institutsii\/\">Banke i financijske institucije<\/a><\/p>\n<p><a href=\"https:\/\/www.alarmautomatika.com\/bg\/klienti\/khoteli\/\">Hoteli<\/a><\/p>\n<p><a href=\"https:\/\/www.alarmautomatika.com\/bg\/klienti\/turgovski-molove\/\">Trgova\u010dki centri<\/a><\/p>\n<p><a href=\"https:\/\/www.alarmautomatika.com\/bg\/klienti\/obshtestveni-i-biznes-obekti\/\">Javni i poslovni objekti<\/a><\/p>\n<p><a href=\"https:\/\/www.alarmautomatika.com\/bg\/klienti\/industriya-i-golemi-infrastrukturni-obekti\/\">Industrija i kriti\u010dna infrastruktura<\/a><\/p>\n<p><a href=\"https:\/\/www.alarmautomatika.com\/bg\/klienti\/obshtestveni-ploshti-i-obekti\/\">Javne povr\u0161ine i prostori<\/a><\/p>\n<p>[\/et_pb_accordion_item][et_pb_accordion_item title=&#8220;\u041f\u0440\u043e\u0434\u0443\u043a\u0442\u0438&#8220; _builder_version=&#8220;4.9.0&#8243; _module_preset=&#8220;default&#8220; open=&#8220;off&#8220;]<\/p>\n<p><a href=\"https:\/\/www.alarmautomatika.com\/bg\/produkti\/videoanalizi-i-izkustven-intelekt\/\">Videoanalitika i umjetna inteligencija<\/a><\/p>\n<p><a href=\"https:\/\/www.alarmautomatika.com\/bg\/produkti\/termalni-analizi-i-zashtita-na-perimetura\/\">Termovizija i za\u0161tita perimetra<\/a><\/p>\n<p><a href=\"https:\/\/www.alarmautomatika.com\/bg\/produkti\/razshireni-sistemi-za-kontrol-na-dostupa\/\">Napredni sustavi kontrole pristupa<\/a><\/p>\n<p><a href=\"https:\/\/www.alarmautomatika.com\/bg\/produkti\/elektronno-nablyudenie-na-stoki\/\">Elektroni\u010dka za\u0161tita artikala od kra\u0111e<\/a><\/p>\n<p><a href=\"https:\/\/www.alarmautomatika.com\/bg\/produkti\/inteligentno-upravlenie-na-trafika-i-parkiraneto\/\">Inteligentno upravljanje prometom i parkingom<\/a><\/p>\n<p><a href=\"https:\/\/www.alarmautomatika.com\/bg\/produkti\/bms-i-sistemi-za-upravlenie-na-obektite\/\">BMS i upravljanje sustavima na objektu<\/a><\/p>\n<p>[\/et_pb_accordion_item][et_pb_accordion_item title=&#8220;\u0421\u043e\u0444\u0442\u0443\u0435\u0440&#8220; _builder_version=&#8220;4.9.0&#8243; _module_preset=&#8220;default&#8220; open=&#8220;off&#8220;]<\/p>\n<p><a href=\"https:\/\/www.alarmautomatika.com\/bg\/softuer\/inteligentno-upravlenie-i-kontrol\/#izdavanje-ulaznica\" data-et-has-event-already=\"true\">Izdavanje ulaznica<\/a><\/p>\n<p><a href=\"https:\/\/www.alarmautomatika.com\/bg\/softuer\/inteligentno-upravlenie-i-kontrol\/#brojanje-ljudi\" data-et-has-event-already=\"true\">Brojanje ljudi<\/a><\/p>\n<p><a href=\"https:\/\/www.alarmautomatika.com\/bg\/softuer\/inteligentno-upravlenie-i-kontrol\/#rezervacija-soba\" data-et-has-event-already=\"true\">Rezervacija soba<\/a><\/p>\n<p><a href=\"https:\/\/www.alarmautomatika.com\/bg\/softuer\/inteligentno-upravlenie-i-kontrol\/#parking-rjesenja\" data-et-has-event-already=\"true\">Parking rje\u0161enja<\/a><\/p>\n<p><a href=\"https:\/\/www.alarmautomatika.com\/bg\/softuer\/inteligentno-upravlenie-i-kontrol\/#upravljanje-prometom\" data-et-has-event-already=\"true\">Upravljanje prometom<\/a><\/p>\n<p><a href=\"https:\/\/www.alarmautomatika.com\/bg\/softuer\/inteligentno-upravlenie-i-kontrol\/#upravljanje-posjetiteljima\" data-et-has-event-already=\"true\">Upravljanje posjetiteljima<\/a><\/p>\n<p><a href=\"https:\/\/www.alarmautomatika.com\/bg\/softuer\/inteligentno-upravlenie-i-kontrol\/#nadzor-na-pretovarnim-stanicama\" data-et-has-event-already=\"true\">Nadzor na pretovarnim stanicama<\/a><\/p>\n<p>[\/et_pb_accordion_item][et_pb_accordion_item title=&#8220;\u0423\u0441\u043b\u0443\u0433\u0438&#8220; _builder_version=&#8220;4.9.0&#8243; _module_preset=&#8220;default&#8220; open=&#8220;off&#8220;]<\/p>\n<p><a href=\"https:\/\/www.alarmautomatika.com\/bg\/uslugi\/profesionalni-uslugi-za-kompleksni-proekti\/#projektiranje\" data-et-has-event-already=\"true\">Projektiranje<\/a><\/p>\n<p><a href=\"https:\/\/www.alarmautomatika.com\/bg\/uslugi\/profesionalni-uslugi-za-kompleksni-proekti\/#prosudba-ugrozenosti-i-elaborat-mjera-sigurnosti\" data-et-has-event-already=\"true\">Prosudba ugro\u017eenosti i elaborat mjera sigurnosti<\/a><\/p>\n<p><a href=\"https:\/\/www.alarmautomatika.com\/bg\/uslugi\/profesionalni-uslugi-za-kompleksni-proekti\/#konzalting\" data-et-has-event-already=\"true\">Konzalting<\/a><\/p>\n<p><a href=\"https:\/\/www.alarmautomatika.com\/bg\/uslugi\/profesionalni-uslugi-za-kompleksni-proekti\/#nadzor-nad-izvodjenjem\" data-et-has-event-already=\"true\">Nadzor nad izvo\u0111enjem<\/a><\/p>\n<p><a href=\"https:\/\/www.alarmautomatika.com\/bg\/uslugi\/profesionalni-uslugi-za-kompleksni-proekti\/#koordinacija-i-vodjenje-projekata\" data-et-has-event-already=\"true\">Koordinacija i vo\u0111enje projekata<\/a><\/p>\n<p><a href=\"https:\/\/www.alarmautomatika.com\/bg\/uslugi\/profesionalni-uslugi-za-kompleksni-proekti\/#softverska-integracija\" data-et-has-event-already=\"true\">Softverska integracija i ukla\u0161anje u IKT<\/a><\/p>\n<p>[\/et_pb_accordion_item][et_pb_accordion_item title=&#8220;\u041f\u043b\u0430\u0442\u0444\u043e\u0440\u043c\u0430&#8220; _builder_version=&#8220;4.9.0&#8243; _module_preset=&#8220;default&#8220; open=&#8220;off&#8220;]<\/p>\n<p><a href=\"https:\/\/www.alarmautomatika.com\/bg\/platforma\/#razmjena-znanja\" data-et-has-event-already=\"true\">Platforma za razmjenu znanja sudionika procesa gra\u0111enja<\/a><\/p>\n<p>[\/et_pb_accordion_item][\/et_pb_accordion][\/et_pb_column][\/et_pb_row][\/et_pb_section]<\/p>\n","protected":false},"excerpt":{"rendered":"<p>\u041f\u0440\u043e\u0435\u043a\u0442\u0438\u0440\u0430\u043d\u0435 \u041f\u0440\u043e\u0435\u043a\u0442\u044a\u0442, \u0440\u0430\u0437\u0440\u0430\u0431\u043e\u0442\u0435\u043d \u043e\u0442 \u0443\u043f\u044a\u043b\u043d\u043e\u043c\u043e\u0449\u0435\u043d\u0438 \u043b\u0438\u0446\u0430, \u0433\u0430\u0440\u0430\u043d\u0442\u0438\u0440\u0430 \u0444\u0443\u043d\u043a\u0446\u0438\u043e\u043d\u0430\u043b\u043d\u0430 \u0438 \u0440\u0430\u0437\u0445\u043e\u0434\u043e\u0435\u0444\u0435\u043a\u0442\u0438\u0432\u043d\u0430 \u0441\u0438\u0441\u0442\u0435\u043c\u0430, \u0432 \u0441\u044a\u043e\u0442\u0432\u0435\u0442\u0441\u0442\u0432\u0438\u0435 \u0441 \u0434\u0435\u0439\u0441\u0442\u0432\u0430\u0449\u0438\u0442\u0435 \u0440\u0430\u0437\u043f\u043e\u0440\u0435\u0434\u0431\u0438. \u041e\u0446\u0435\u043d\u043a\u0430 \u043d\u0430 \u0443\u044f\u0437\u0432\u0438\u043c\u043e\u0441\u0442\u0442\u0430 \u043d\u0430 \u0441\u0438\u0433\u0443\u0440\u043d\u043e\u0441\u0442\u0442\u0430 \u0438 \u0438\u0437\u0441\u043b\u0435\u0434\u0432\u0430\u043d\u0435 \u043d\u0430 \u043c\u0435\u0440\u043a\u0438\u0442\u0435 \u0437\u0430 \u0441\u0438\u0433\u0443\u0440\u043d\u043e\u0441\u0442 \u041d\u0438\u0432\u043e\u0442\u043e \u043d\u0430 \u0440\u0438\u0441\u043a\u0430, \u0441\u044a\u0449\u0435\u0441\u0442\u0432\u0443\u0432\u0430\u0449 \u043d\u0430 \u043e\u0431\u0435\u043a\u0442\u0430, \u0438 \u0432 \u0440\u0430\u043c\u043a\u0438\u0442\u0435 \u043d\u0430 \u0437\u043d\u0430\u0447\u0438\u043c\u0438\u0442\u0435 \u0437\u0430 \u043e\u0431\u0435\u043a\u0442\u0430 \u0431\u0438\u0437\u043d\u0435\u0441 \u043e\u043f\u0435\u0440\u0430\u0446\u0438\u0438 \u0441\u0435 \u0430\u043d\u0430\u043b\u0438\u0437\u0438\u0440\u0430 \u0441\u044a\u0433\u043b\u0430\u0441\u043d\u043e \u043c\u0435\u0436\u0434\u0443\u043d\u0430\u0440\u043e\u0434\u043d\u0430 \u043c\u0435\u0442\u043e\u0434\u043e\u043b\u043e\u0433\u0438\u044f \u0438 \u0441\u0435 \u0441\u0438\u0441\u0442\u0435\u043c\u0430\u0442\u0438\u0437\u0438\u0440\u0430 \u0447\u0440\u0435\u0437 \u043e\u0446\u0435\u043d\u043a\u0430\u0442\u0430 \u043d\u0430 \u0443\u044f\u0437\u0432\u0438\u043c\u043e\u0441\u0442\u0442\u0430 \u043d\u0430 [&hellip;]<\/p>\n","protected":false},"author":15,"featured_media":0,"parent":3520,"menu_order":0,"comment_status":"closed","ping_status":"closed","template":"","meta":{"_et_pb_use_builder":"on","_et_pb_old_content":"","_et_gb_content_width":"","footnotes":""},"class_list":["post-3514","page","type-page","status-publish","hentry"],"_links":{"self":[{"href":"https:\/\/www.alarmautomatika.com\/bg\/wp-json\/wp\/v2\/pages\/3514","targetHints":{"allow":["GET"]}}],"collection":[{"href":"https:\/\/www.alarmautomatika.com\/bg\/wp-json\/wp\/v2\/pages"}],"about":[{"href":"https:\/\/www.alarmautomatika.com\/bg\/wp-json\/wp\/v2\/types\/page"}],"author":[{"embeddable":true,"href":"https:\/\/www.alarmautomatika.com\/bg\/wp-json\/wp\/v2\/users\/15"}],"replies":[{"embeddable":true,"href":"https:\/\/www.alarmautomatika.com\/bg\/wp-json\/wp\/v2\/comments?post=3514"}],"version-history":[{"count":0,"href":"https:\/\/www.alarmautomatika.com\/bg\/wp-json\/wp\/v2\/pages\/3514\/revisions"}],"up":[{"embeddable":true,"href":"https:\/\/www.alarmautomatika.com\/bg\/wp-json\/wp\/v2\/pages\/3520"}],"wp:attachment":[{"href":"https:\/\/www.alarmautomatika.com\/bg\/wp-json\/wp\/v2\/media?parent=3514"}],"curies":[{"name":"wp","href":"https:\/\/api.w.org\/{rel}","templated":true}]}}