{"id":7943,"date":"2020-08-20T13:08:15","date_gmt":"2020-08-20T11:08:15","guid":{"rendered":"https:\/\/www.alarmautomatika.com\/kontakt\/"},"modified":"2024-12-12T12:57:49","modified_gmt":"2024-12-12T11:57:49","slug":"kontakt","status":"publish","type":"page","link":"https:\/\/www.alarmautomatika.com\/bg\/kontakt\/","title":{"rendered":"\u041a\u043e\u043d\u0442\u0430\u043a\u0442"},"content":{"rendered":"<p>[et_pb_section fb_built=&#8220;1&#8243; _builder_version=&#8220;4.16&#8243; _module_preset=&#8220;default&#8220; global_colors_info=&#8220;{}&#8220;][et_pb_row _builder_version=&#8220;4.16&#8243; _module_preset=&#8220;default&#8220; width=&#8220;95%&#8220; custom_padding=&#8220;0px||0px||false|false&#8220; global_colors_info=&#8220;{}&#8220;][et_pb_column type=&#8220;4_4&#8243; _builder_version=&#8220;4.16&#8243; _module_preset=&#8220;default&#8220; global_colors_info=&#8220;{}&#8220;][et_pb_text content_tablet=&#8220;&#8220; content_phone=&#8220;<\/p>\n<h1>Kontakt<\/h1>\n<h4>Alarm automatika d.o.o.<\/h4>\n<p>&#8220; content_last_edited=&#8220;on|phone&#8220; _builder_version=&#8220;4.16&#8243; _module_preset=&#8220;default&#8220; global_colors_info=&#8220;{}&#8220;]<\/p>\n<h1>\u041a\u043e\u043d\u0442\u0430\u043a\u0442<\/h1>\n<p>[\/et_pb_text][\/et_pb_column][\/et_pb_row][et_pb_row _builder_version=&#8220;4.16&#8243; _module_preset=&#8220;default&#8220; width=&#8220;95%&#8220; custom_padding=&#8220;||0px||false|false&#8220; global_colors_info=&#8220;{}&#8220;][et_pb_column type=&#8220;4_4&#8243; _builder_version=&#8220;4.16&#8243; _module_preset=&#8220;default&#8220; global_colors_info=&#8220;{}&#8220;][et_pb_text _builder_version=&#8220;4.21.0&#8243; _module_preset=&#8220;default&#8220; global_colors_info=&#8220;{}&#8220;]<\/p>\n<h3>\u0410\u043b\u0430\u0440\u043c \u0410\u0443\u0442\u043e\u043c\u0430\u0442\u0438\u043a\u0430 \u041e\u041e\u0414<\/h3>\n<p>[\/et_pb_text][\/et_pb_column][\/et_pb_row][et_pb_row column_structure=&#8220;1_2,1_2&#8243; _builder_version=&#8220;4.16&#8243; _module_preset=&#8220;default&#8220; width=&#8220;95%&#8220; global_colors_info=&#8220;{}&#8220;][et_pb_column type=&#8220;1_2&#8243; _builder_version=&#8220;4.16&#8243; _module_preset=&#8220;default&#8220; global_colors_info=&#8220;{}&#8220;][et_pb_text _builder_version=&#8220;4.27.4&#8243; _module_preset=&#8220;default&#8220; text_font_size=&#8220;14px&#8220; link_font=&#8220;|600|||||||&#8220; header_3_font_size=&#8220;20px&#8220; global_colors_info=&#8220;{}&#8220;]<\/p>\n<p>\u0443\u043b. &#8222;\u043f\u0440\u043e\u0444. \u0410\u043b\u0435\u043a\u0441\u0430\u043d\u0434\u044a\u0440 \u0422\u0430\u043d\u0435\u0432&#8220;<br \/>1715 \u0436.\u043a. \u041c\u043b\u0430\u0434\u043e\u0441\u0442 4 \u0421\u043e\u0444\u0438\u044f<br \/><strong>T:<\/strong> +359 (2) 423 1452<br \/><strong>E:<\/strong> <a href=\"mailto:sofia@alarmautomatika.com\">sofia@alarmautomatika.com<\/a><\/p>\n<p>[\/et_pb_text][\/et_pb_column][et_pb_column type=&#8220;1_2&#8243; _builder_version=&#8220;4.16&#8243; _module_preset=&#8220;default&#8220; global_colors_info=&#8220;{}&#8220;][et_pb_text _builder_version=&#8220;4.27.4&#8243; _module_preset=&#8220;default&#8220; hover_enabled=&#8220;0&#8243; global_colors_info=&#8220;{}&#8220; sticky_enabled=&#8220;0&#8243;]<\/p>\n\n<div class=\"wpcf7 no-js\" id=\"wpcf7-f3288-o1\" lang=\"bg-BG\" dir=\"ltr\" data-wpcf7-id=\"3288\">\n<div class=\"screen-reader-response\"><p role=\"status\" aria-live=\"polite\" aria-atomic=\"true\"><\/p> <ul><\/ul><\/div>\n<form action=\"\/bg\/wp-json\/wp\/v2\/pages\/7943#wpcf7-f3288-o1\" method=\"post\" class=\"wpcf7-form init\" aria-label=\"\u0424\u043e\u0440\u043c\u0443\u043b\u044f\u0440 \u0437\u0430 \u043a\u043e\u043d\u0442\u0430\u043a\u0442\" enctype=\"multipart\/form-data\" novalidate=\"novalidate\" data-status=\"init\">\n<fieldset class=\"hidden-fields-container\"><input type=\"hidden\" name=\"_wpcf7\" value=\"3288\" \/><input type=\"hidden\" name=\"_wpcf7_version\" value=\"6.1.5\" \/><input type=\"hidden\" name=\"_wpcf7_locale\" value=\"bg_BG\" \/><input type=\"hidden\" name=\"_wpcf7_unit_tag\" value=\"wpcf7-f3288-o1\" \/><input type=\"hidden\" name=\"_wpcf7_container_post\" value=\"0\" \/><input type=\"hidden\" name=\"_wpcf7_posted_data_hash\" value=\"\" \/>\n<\/fieldset>\n<p><label> \u0418\u043c\u0435 \u0438 \u0444\u0430\u043c\u0438\u043b\u0438\u044f *<br \/>\n<span class=\"wpcf7-form-control-wrap\" data-name=\"contact-name\"><input size=\"40\" maxlength=\"400\" class=\"wpcf7-form-control wpcf7-text wpcf7-validates-as-required\" aria-required=\"true\" aria-invalid=\"false\" value=\"\" type=\"text\" name=\"contact-name\" \/><\/span> <\/label>\n<\/p>\n<p><label> \u041a\u043e\u043c\u043f\u0430\u043d\u0438\u044f<br \/>\n<span class=\"wpcf7-form-control-wrap\" data-name=\"company\"><input size=\"40\" maxlength=\"400\" class=\"wpcf7-form-control wpcf7-text\" aria-invalid=\"false\" value=\"\" type=\"text\" name=\"company\" \/><\/span> <\/label>\n<\/p>\n<p><label> \u0418\u043c\u0435\u0439\u043b \u0430\u0434\u0440\u0435\u0441 *<br \/>\n<span class=\"wpcf7-form-control-wrap\" data-name=\"email\"><input size=\"40\" maxlength=\"400\" class=\"wpcf7-form-control wpcf7-email wpcf7-validates-as-required wpcf7-text wpcf7-validates-as-email\" aria-required=\"true\" aria-invalid=\"false\" value=\"\" type=\"email\" name=\"email\" \/><\/span> <\/label>\n<\/p>\n<p><label> \u041c\u043e\u0431\u0438\u043b\u0435\u043d \u0442\u0435\u043b\u0435\u0444\u043e\u043d<br \/>\n<span class=\"wpcf7-form-control-wrap\" data-name=\"phone\"><input size=\"40\" maxlength=\"400\" class=\"wpcf7-form-control wpcf7-text\" aria-invalid=\"false\" value=\"\" type=\"text\" name=\"phone\" \/><\/span> <\/label>\n<\/p>\n<p><label> \u0421\u044a\u043e\u0431\u0449\u0435\u043d\u0438\u0435 *<br \/>\n<span class=\"wpcf7-form-control-wrap\" data-name=\"message\"><textarea cols=\"40\" rows=\"10\" maxlength=\"2000\" class=\"wpcf7-form-control wpcf7-textarea wpcf7-validates-as-required\" aria-required=\"true\" aria-invalid=\"false\" name=\"message\"><\/textarea><\/span> <\/label>\n<\/p>\n<p><label> \u041f\u0440\u0438\u043a\u0430\u0447\u0435\u043d \u0444\u0430\u0439\u043b (pdf, Word, zip - max 10MB)<\/label><br \/>\n<span class=\"wpcf7-form-control-wrap\" data-name=\"attach\"><input size=\"40\" class=\"wpcf7-form-control wpcf7-file\" accept=\".pdf,.doc,.docx,.zip\" aria-invalid=\"false\" type=\"file\" name=\"attach\" \/><\/span>\n<\/p>\n<div class=\"wpcf7-turnstile cf-turnstile\" data-sitekey=\"0x4AAAAAACal9s7_sd7CzLTM\" data-response-field-name=\"_wpcf7_turnstile_response\"><\/div>\n<p><input class=\"wpcf7-form-control wpcf7-submit has-spinner\" type=\"submit\" value=\"\u0418\u0437\u043f\u0440\u0430\u0442\u0438\" \/>\n<\/p><div class=\"wpcf7-response-output\" aria-hidden=\"true\"><\/div>\n<\/form>\n<\/div>\n\n<p>[\/et_pb_text][\/et_pb_column][\/et_pb_row][et_pb_row _builder_version=&#8220;4.27.4&#8243; _module_preset=&#8220;default&#8220; global_colors_info=&#8220;{}&#8220;][et_pb_column type=&#8220;4_4&#8243; _builder_version=&#8220;4.27.4&#8243; _module_preset=&#8220;default&#8220; global_colors_info=&#8220;{}&#8220;][et_pb_map zoom_level=&#8220;6&#8243; address_lat=&#8220;46.078845423823&#8243; address_lng=&#8220;19.069109416496&#8243; mouse_wheel=&#8220;off&#8220; use_grayscale_filter=&#8220;on&#8220; _builder_version=&#8220;4.27.4&#8243; _module_preset=&#8220;default&#8220; height=&#8220;700px&#8220; global_module=&#8220;27781&#8243; global_colors_info=&#8220;{}&#8220;][et_pb_map_pin title=&#8220;Beograd&#8220; pin_address=&#8220;Zarija Vujo\u0161evi\u0107a 8, Beograd 11070, Serbia&#8220; pin_address_lat=&#8220;44.8109814&#8243; pin_address_lng=&#8220;20.4408027&#8243; _builder_version=&#8220;4.27.4&#8243; _module_preset=&#8220;default&#8220; global_colors_info=&#8220;{}&#8220;]<\/p>\n<p>Zarija Vujo\u0161evi\u0107a 8<br \/>11 070 Beograd (Novi Beograd)<br \/><strong>T:<\/strong> +381 (0)11 398 1482<br \/><strong>E:<\/strong> <a href=\"mailto:beograd@alarmautomatika.com\">beograd@alarmautomatika.com<\/a><\/p>\n<p>[\/et_pb_map_pin][et_pb_map_pin title=&#8220;Bratislava&#8220; pin_address=&#8220;Studen\u00e1 ulica 929\/5, 821 04 Bratislava, Slovakia&#8220; zoom_level=&#8220;17&#8243; pin_address_lat=&#8220;48.1807626&#8243; pin_address_lng=&#8220;17.178754&#8243; _builder_version=&#8220;4.21.0&#8243; _module_preset=&#8220;default&#8220; global_colors_info=&#8220;{}&#8220;]<\/p>\n<p>Studen\u00e1 5<br \/>821 04 Bratislava<br \/><strong>E:<\/strong> <a href=\"mailto:bratislava@alarmautomatika.com\">bratislava@alarmautomatika.com<\/a><\/p>\n<p>[\/et_pb_map_pin][et_pb_map_pin title=&#8220;\u0411\u0443\u0434\u0430\u043f\u0435\u0449\u0430&#8220; pin_address=&#8220;Budapest, Fiv\u00e9r u. 8\/B, 1131 Hungary&#8220; pin_address_lat=&#8220;47.5421188&#8243; pin_address_lng=&#8220;19.0854868&#8243; _builder_version=&#8220;4.7.5&#8243; _module_preset=&#8220;default&#8220; global_colors_info=&#8220;{}&#8220;]<\/p>\n<p>Fiv\u00e9r utca 8\/B<br \/>1131 Budimpe\u0161ta<br \/><strong>T:<\/strong> +36 (0)1 615 0087<br \/><strong>E:<\/strong> <a href=\"mailto:budapest@alarmautomatika.com\">budapest@alarmautomatika.com<\/a><\/p>\n<p>[\/et_pb_map_pin][et_pb_map_pin title=&#8220;\u0411\u0443\u043a\u0443\u0440\u0435\u0449&#8220; pin_address=&#8220;Strada Zece Mese nr. 9, Bucure\u0219ti 024061, Romania&#8220; pin_address_lat=&#8220;44.4410054&#8243; pin_address_lng=&#8220;26.1186778&#8243; _builder_version=&#8220;4.7.5&#8243; _module_preset=&#8220;default&#8220; global_colors_info=&#8220;{}&#8220;]<\/p>\n<p>Strada Zece Mese nr. 9, sector 2<br \/>024061 Bucuresti<br \/><strong>T:<\/strong> +40 (0)31 426 0355<br \/><strong>E:<\/strong> <a href=\"mailto:bucharest@alarmautomatika.com\">bucharest@alarmautomatika.com<\/a><\/p>\n<p>[\/et_pb_map_pin][et_pb_map_pin title=&#8220;Ljubljana&#8220; pin_address=&#8220;Letali\u0161ka cesta 32, 1000 Ljubljana, Slovenia&#8220; pin_address_lat=&#8220;46.0605934&#8243; pin_address_lng=&#8220;14.571208&#8243; _builder_version=&#8220;4.7.5&#8243; _module_preset=&#8220;default&#8220; global_colors_info=&#8220;{}&#8220;]<\/p>\n<p>Letali\u0161ka cesta 32<br \/>1000 Ljubljana<br \/><strong>T:<\/strong> +386 (0)8 205 3710<br \/><strong>E:<\/strong> <a href=\"mailto:ljubljana@alarmautomatika.com\">ljubljana@alarmautomatika.com<\/a><\/p>\n<p>[\/et_pb_map_pin][et_pb_map_pin title=&#8220;Podgorica&#8220; pin_address=&#8220;106 \u0110oka Mira\u0161evi\u0107a, Podgorica 81000, Montenegro&#8220; pin_address_lat=&#8220;42.4514727&#8243; pin_address_lng=&#8220;19.2392515&#8243; _builder_version=&#8220;4.7.5&#8243; _module_preset=&#8220;default&#8220; global_colors_info=&#8220;{}&#8220;]<\/p>\n<p>\u0110oka Mira\u0161evi\u0107a 106<br \/>81 000 Podgorica<br \/><strong>T:<\/strong> +382 (0)20 657 007<br \/><strong>E:<\/strong> <a href=\"mailto:podgorica@alarmautomatika.com\">podgorica@alarmautomatika.com<\/a><\/p>\n<p>[\/et_pb_map_pin][et_pb_map_pin title=&#8220;Rijeka&#8220; pin_address=&#8220;Dra\u017eice 123, 51000, Rijeka, Croatia&#8220; pin_address_lat=&#8220;45.350015&#8243; pin_address_lng=&#8220;14.373088&#8243; _builder_version=&#8220;4.7.5&#8243; _module_preset=&#8220;default&#8220; global_colors_info=&#8220;{}&#8220;]<\/p>\n<p>Dra\u017eice 123\/c (Zamet)<br \/>51000 Rijeka<br \/><strong>T:<\/strong> +385 (0)51 359 700<br \/><strong>E:<\/strong> <a href=\"mailto:rijeka@alarmautomatika.com\">rijeka@alarmautomatika.com<\/a><\/p>\n<p>[\/et_pb_map_pin][et_pb_map_pin title=&#8220;\u0421\u043a\u043e\u043f\u0438\u0435&#8220; pin_address=&#8220;Gilles Verne 8 \u043b\u043e\u043a. 1, Skopje 1000, North Macedonia&#8220; pin_address_lat=&#8220;41.9841018&#8243; pin_address_lng=&#8220;21.4405924&#8243; _builder_version=&#8220;4.7.5&#8243; _module_preset=&#8220;default&#8220; global_colors_info=&#8220;{}&#8220;]<\/p>\n<p>Gilles Verne 8<br \/>1000 Skopje<br \/><strong>T:<\/strong> +389 (0)2 245 7388<br \/><strong>E:<\/strong> <a href=\"mailto:skopje@alarmautomatika.com\">skopje@alarmautomatika.com<\/a><\/p>\n<p>[\/et_pb_map_pin][et_pb_map_pin title=&#8220;Split&#8220; pin_address=&#8220;Lova\u010dki put 1A, 21000, Split, Croatia&#8220; zoom_level=&#8220;19&#8243; pin_address_lat=&#8220;43.512930303684&#8243; pin_address_lng=&#8220;16.484584165676&#8243; _builder_version=&#8220;4.27.4&#8243; _module_preset=&#8220;default&#8220; global_colors_info=&#8220;{}&#8220;]<\/p>\n<p>Lova\u010dki put 1A<br \/>21000 Split<br \/><strong>T:<\/strong> +385 (0)21 542 653<br \/><strong>E:<\/strong> <a href=\"mailto:split@alarmautomatika.com\">split@alarmautomatika.com<\/a><\/p>\n<p>[\/et_pb_map_pin][et_pb_map_pin title=&#8220;Sarajevo&#8220; pin_address=&#8220;BA, D\u017eemala Bijedi\u0107a 156, Sarajevo 71000, Bosnia and Herzegovina&#8220; pin_address_lat=&#8220;43.850587&#8243; pin_address_lng=&#8220;18.360155&#8243; _builder_version=&#8220;4.7.5&#8243; _module_preset=&#8220;default&#8220; global_colors_info=&#8220;{}&#8220;]<\/p>\n<p>D\u017eemala Bijedi\u0107a 156<br \/>71 000 Sarajevo<br \/><strong>T:<\/strong> +387 (0)33 218 872<br \/><strong>E:<\/strong> <a href=\"mailto:sarajevo@alarmautomatika.com\">sarajevo@alarmautomatika.com<\/a><\/p>\n<p>[\/et_pb_map_pin][et_pb_map_pin title=&#8220;\u0421\u043e\u0444\u0438\u044f&#8220; pin_address=&#8220;ulitsa %22Prof. Aleksandar Tanev%22, Sofia, Bulgaria&#8220; pin_address_lat=&#8220;42.6273189&#8243; pin_address_lng=&#8220;23.3838731&#8243; _builder_version=&#8220;4.7.5&#8243; _module_preset=&#8220;default&#8220; global_colors_info=&#8220;{}&#8220;]<\/p>\n<p>\u0443\u043b. &#8222;\u043f\u0440\u043e\u0444. \u0410\u043b\u0435\u043a\u0441\u0430\u043d\u0434\u044a\u0440 \u0422\u0430\u043d\u0435\u0432&#8220;<br \/>1715 \u0436.\u043a. \u041c\u043b\u0430\u0434\u043e\u0441\u0442 4 \u0421\u043e\u0444\u0438\u044f<br \/><strong>T:<\/strong> +359 (2) 423 1452<br \/><strong>E:<\/strong> <a href=\"mailto:sofia@alarmautomatika.com\">sofia@alarmautomatika.com<\/a><\/p>\n<p>[\/et_pb_map_pin][et_pb_map_pin title=&#8220;Zadar&#8220; pin_address=&#8220;Ul. Bra\u0107e Miroslava i Janka Perice 19, 23000, Zadar, Croatia&#8220; pin_address_lat=&#8220;44.102241&#8243; pin_address_lng=&#8220;15.249642&#8243; _builder_version=&#8220;4.21.0&#8243; _module_preset=&#8220;default&#8220; global_colors_info=&#8220;{}&#8220;]<\/p>\n<p>Bra\u0107e Miroslava i Janka Perice 19<br \/>23000 Zadar<br \/><strong>E:<\/strong> <a href=\"mailto:zadar@alarmautomatika.com\">zadar@alarmautomatika.com<\/a><\/p>\n<p>[\/et_pb_map_pin][et_pb_map_pin title=&#8220;Zagreb&#8220; pin_address=&#8220;Heinzelova ul. 60, 10000, Zagreb, Croatia&#8220; pin_address_lat=&#8220;45.808401&#8243; pin_address_lng=&#8220;16.003818&#8243; _builder_version=&#8220;4.7.5&#8243; _module_preset=&#8220;default&#8220; global_colors_info=&#8220;{}&#8220;]<\/p>\n<p>Heinzelova 60<br \/>10000 Zagreb<\/p>\n<p><strong>Projekti<\/strong><br \/><strong>T:<\/strong> +385 (0)1 4662 750<br \/><strong>E:<\/strong> <a href=\"mailto:projekti@alarmautomatika.com\">projekti@alarmautomatika.com<\/a><\/p>\n<p><strong>Veleprodaja<\/strong><br \/><strong>T:<\/strong> +385 (0)1 369 04 91<br \/><strong>E:<\/strong> <a href=\"mailto:veleprodaja@larmautomatika.com\">veleprodaja@larmautomatika.com<\/a><\/p>\n<p>[\/et_pb_map_pin][et_pb_map_pin title=&#8220;Tirana&#8220; pin_address=&#8220;Rruga Spiro Floqi, Kashar, Albania&#8220; pin_address_lat=&#8220;41.3293195&#8243; pin_address_lng=&#8220;19.7802936&#8243; _builder_version=&#8220;4.9.4&#8243; _module_preset=&#8220;default&#8220; global_colors_info=&#8220;{}&#8220;]<\/p>\n<p>Rruga Spiro Floqi<br \/>KOMPLEKSI &#8222;MOLLA&#8220;<br \/>NJESIA ADMINISTRATIVE 14<br \/>1001 Tirana<br \/><strong>T:<\/strong> +355 67 6067 000<br \/><strong>E:<\/strong> <a href=\"mailto:tirana@alarmautomatika.com\">tirana@alarmautomatika.com<\/a><\/p>\n<p>[\/et_pb_map_pin][\/et_pb_map][\/et_pb_column][\/et_pb_row][\/et_pb_section]<\/p>\n","protected":false},"excerpt":{"rendered":"<p>\u041a\u043e\u043d\u0442\u0430\u043a\u0442\u0410\u043b\u0430\u0440\u043c \u0410\u0443\u0442\u043e\u043c\u0430\u0442\u0438\u043a\u0430 \u041e\u041e\u0414\u0443\u043b. &#8222;\u043f\u0440\u043e\u0444. \u0410\u043b\u0435\u043a\u0441\u0430\u043d\u0434\u044a\u0440 \u0422\u0430\u043d\u0435\u0432&#8220;1715 \u0436.\u043a. \u041c\u043b\u0430\u0434\u043e\u0441\u0442 4 \u0421\u043e\u0444\u0438\u044fT: +359 (2) 423 1452E: sofia@alarmautomatika.com\n<div class=\"wpcf7 no-js\" id=\"wpcf7-f3288-o2\" lang=\"bg-BG\" dir=\"ltr\" data-wpcf7-id=\"3288\">\n<div class=\"screen-reader-response\"><p role=\"status\" aria-live=\"polite\" aria-atomic=\"true\"><\/p> <ul><\/ul><\/div>\n<form action=\"\/bg\/wp-json\/wp\/v2\/pages\/7943#wpcf7-f3288-o2\" method=\"post\" class=\"wpcf7-form init\" aria-label=\"\u0424\u043e\u0440\u043c\u0443\u043b\u044f\u0440 \u0437\u0430 \u043a\u043e\u043d\u0442\u0430\u043a\u0442\" enctype=\"multipart\/form-data\" novalidate=\"novalidate\" data-status=\"init\">\n<fieldset class=\"hidden-fields-container\"><input type=\"hidden\" name=\"_wpcf7\" value=\"3288\" \/><input type=\"hidden\" name=\"_wpcf7_version\" value=\"6.1.5\" \/><input type=\"hidden\" name=\"_wpcf7_locale\" value=\"bg_BG\" \/><input type=\"hidden\" name=\"_wpcf7_unit_tag\" value=\"wpcf7-f3288-o2\" \/><input type=\"hidden\" name=\"_wpcf7_container_post\" value=\"0\" \/><input type=\"hidden\" name=\"_wpcf7_posted_data_hash\" value=\"\" \/>\n<\/fieldset>\n<p><label> \u0418\u043c\u0435 \u0438 \u0444\u0430\u043c\u0438\u043b\u0438\u044f *<br \/>\n<span class=\"wpcf7-form-control-wrap\" data-name=\"contact-name\"><input size=\"40\" maxlength=\"400\" class=\"wpcf7-form-control wpcf7-text wpcf7-validates-as-required\" aria-required=\"true\" aria-invalid=\"false\" value=\"\" type=\"text\" name=\"contact-name\" \/><\/span> <\/label>\n<\/p>\n<p><label> \u041a\u043e\u043c\u043f\u0430\u043d\u0438\u044f<br \/>\n<span class=\"wpcf7-form-control-wrap\" data-name=\"company\"><input size=\"40\" maxlength=\"400\" class=\"wpcf7-form-control wpcf7-text\" aria-invalid=\"false\" value=\"\" type=\"text\" name=\"company\" \/><\/span> <\/label>\n<\/p>\n<p><label> \u0418\u043c\u0435\u0439\u043b \u0430\u0434\u0440\u0435\u0441 *<br \/>\n<span class=\"wpcf7-form-control-wrap\" data-name=\"email\"><input size=\"40\" maxlength=\"400\" class=\"wpcf7-form-control wpcf7-email wpcf7-validates-as-required wpcf7-text wpcf7-validates-as-email\" aria-required=\"true\" aria-invalid=\"false\" value=\"\" type=\"email\" name=\"email\" \/><\/span> <\/label>\n<\/p>\n<p><label> \u041c\u043e\u0431\u0438\u043b\u0435\u043d \u0442\u0435\u043b\u0435\u0444\u043e\u043d<br \/>\n<span class=\"wpcf7-form-control-wrap\" data-name=\"phone\"><input size=\"40\" maxlength=\"400\" class=\"wpcf7-form-control wpcf7-text\" aria-invalid=\"false\" value=\"\" type=\"text\" name=\"phone\" \/><\/span> <\/label>\n<\/p>\n<p><label> \u0421\u044a\u043e\u0431\u0449\u0435\u043d\u0438\u0435 *<br \/>\n<span class=\"wpcf7-form-control-wrap\" data-name=\"message\"><textarea cols=\"40\" rows=\"10\" maxlength=\"2000\" class=\"wpcf7-form-control wpcf7-textarea wpcf7-validates-as-required\" aria-required=\"true\" aria-invalid=\"false\" name=\"message\"><\/textarea><\/span> <\/label>\n<\/p>\n<p><label> \u041f\u0440\u0438\u043a\u0430\u0447\u0435\u043d \u0444\u0430\u0439\u043b (pdf, Word, zip - max 10MB)<\/label><br \/>\n<span class=\"wpcf7-form-control-wrap\" data-name=\"attach\"><input size=\"40\" class=\"wpcf7-form-control wpcf7-file\" accept=\".pdf,.doc,.docx,.zip\" aria-invalid=\"false\" type=\"file\" name=\"attach\" \/><\/span>\n<\/p>\n<div class=\"wpcf7-turnstile cf-turnstile\" data-sitekey=\"0x4AAAAAACal9s7_sd7CzLTM\" data-response-field-name=\"_wpcf7_turnstile_response\"><\/div>\n<p><input class=\"wpcf7-form-control wpcf7-submit has-spinner\" type=\"submit\" value=\"\u0418\u0437\u043f\u0440\u0430\u0442\u0438\" \/>\n<\/p><div class=\"wpcf7-response-output\" aria-hidden=\"true\"><\/div>\n<\/form>\n<\/div>\nZarija Vujo\u0161evi\u0107a 811 070 Beograd (Novi Beograd)T: +381 (0)11 398 1482E: beograd@alarmautomatika.comStuden\u00e1 5821 04 BratislavaE: bratislava@alarmautomatika.comFiv\u00e9r utca 8\/B1131 Budimpe\u0161taT: +36 (0)1 615 0087E: budapest@alarmautomatika.comStrada Zece Mese nr. 9, sector 2024061 BucurestiT: +40 (0)31 426 0355E: bucharest@alarmautomatika.comLetali\u0161ka cesta 321000 LjubljanaT: [&hellip;]<\/p>\n","protected":false},"author":15,"featured_media":0,"parent":0,"menu_order":0,"comment_status":"closed","ping_status":"closed","template":"","meta":{"_et_pb_use_builder":"on","_et_pb_old_content":"","_et_gb_content_width":"","footnotes":""},"class_list":["post-7943","page","type-page","status-publish","hentry"],"_links":{"self":[{"href":"https:\/\/www.alarmautomatika.com\/bg\/wp-json\/wp\/v2\/pages\/7943","targetHints":{"allow":["GET"]}}],"collection":[{"href":"https:\/\/www.alarmautomatika.com\/bg\/wp-json\/wp\/v2\/pages"}],"about":[{"href":"https:\/\/www.alarmautomatika.com\/bg\/wp-json\/wp\/v2\/types\/page"}],"author":[{"embeddable":true,"href":"https:\/\/www.alarmautomatika.com\/bg\/wp-json\/wp\/v2\/users\/15"}],"replies":[{"embeddable":true,"href":"https:\/\/www.alarmautomatika.com\/bg\/wp-json\/wp\/v2\/comments?post=7943"}],"version-history":[{"count":2,"href":"https:\/\/www.alarmautomatika.com\/bg\/wp-json\/wp\/v2\/pages\/7943\/revisions"}],"predecessor-version":[{"id":56157,"href":"https:\/\/www.alarmautomatika.com\/bg\/wp-json\/wp\/v2\/pages\/7943\/revisions\/56157"}],"wp:attachment":[{"href":"https:\/\/www.alarmautomatika.com\/bg\/wp-json\/wp\/v2\/media?parent=7943"}],"curies":[{"name":"wp","href":"https:\/\/api.w.org\/{rel}","templated":true}]}}