{"id":11717,"date":"2021-02-22T08:15:16","date_gmt":"2021-02-22T07:15:16","guid":{"rendered":"https:\/\/www.alarmautomatika.com\/softveri\/brojenje-ljudi\/"},"modified":"2022-02-03T10:18:28","modified_gmt":"2022-02-03T09:18:28","slug":"brojenje-ljudi","status":"publish","type":"page","link":"https:\/\/www.alarmautomatika.com\/bs\/softveri\/brojenje-ljudi\/","title":{"rendered":"Softver za brojenje ljudi ABsistemCounter"},"content":{"rendered":"<p>[et_pb_section fb_built=&#8221;1&#8221; _builder_version=&#8221;4.9.4&#8221; _module_preset=&#8221;default&#8221; custom_padding=&#8221;0px||||false|false&#8221;][et_pb_row _builder_version=&#8221;4.9.4&#8221; _module_preset=&#8221;default&#8221;][et_pb_column type=&#8221;4_4&#8221; _builder_version=&#8221;4.9.4&#8221; _module_preset=&#8221;default&#8221;][et_pb_text _builder_version=&#8221;4.9.4&#8221; _dynamic_attributes=&#8221;content&#8221; _module_preset=&#8221;default&#8221; header_line_height=&#8221;1.3em&#8221;]@ET-DC@eyJkeW5hbWljIjp0cnVlLCJjb250ZW50IjoicG9zdF90aXRsZSIsInNldHRpbmdzIjp7ImJlZm9yZSI6IjxibG9ja3F1b3RlPjxoMT4iLCJhZnRlciI6IjxcL2gxPjxcL2Jsb2NrcXVvdGU+In19@[\/et_pb_text][et_pb_text _builder_version=&#8221;4.9.4&#8221; _module_preset=&#8221;default&#8221; link_font=&#8221;|600|||||||&#8221; header_2_text_align=&#8221;left&#8221; header_2_font_size=&#8221;30px&#8221; header_2_line_height=&#8221;1.2em&#8221; header_font_size_tablet=&#8221;48px&#8221; header_font_size_phone=&#8221;&#8221; header_font_size_last_edited=&#8221;on|tablet&#8221; header_2_font_size_tablet=&#8221;&#8221; header_2_font_size_phone=&#8221;25px&#8221; header_2_font_size_last_edited=&#8221;on|phone&#8221;]<\/p>\n<div><i><span lang=\"HR\">Ta\u010dni podaci o broju kupaca i posjetitelja predstavljaju klju\u010dnu informaciju za bolje upravljanje poslovanjem u razli\u010ditim djelatnostima \u2013 trgovinama, klubovima, muzejima, sredstvima javnog prijevoza, javnim ustanovama, poslovnim zgradama.<\/span><\/i><\/div>\n<p>[\/et_pb_text][et_pb_image src=&#8221;https:\/\/www.alarmautomatika.com\/wp-content\/uploads\/2021\/07\/absistemcounter-header.jpg&#8221; _builder_version=&#8221;4.9.7&#8221; _module_preset=&#8221;default&#8221; alt=&#8221;ABsistemCounter&#8221; hover_enabled=&#8221;0&#8221; sticky_enabled=&#8221;0&#8221;][\/et_pb_image][et_pb_text _builder_version=&#8221;4.9.4&#8221; _module_preset=&#8221;default&#8221;]<\/p>\n<div><span lang=\"HR\">ABsistemCounter je specijalisti\u010dki softver koji putem IP kamera broji i u bazu podataka bilje\u017ei koliko je ljudi u\u0161lo ili iza\u0161lo iz prostora. Softver omogu\u0107ava centralizirani pregled prikupljenih podataka u realnom vremenu i naknadnim analizama. Dostupna je i web verzija koja omogu\u0107uje pregled podataka putem web interfejsa i na svim mobilnim ure\u0111ajima. Softver se mo\u017ee prilagoditi konkretnim potrebama korisnika.<\/span><\/div>\n<p>[\/et_pb_text][\/et_pb_column][\/et_pb_row][et_pb_row column_structure=&#8221;1_3,1_3,1_3&#8221; use_custom_gutter=&#8221;on&#8221; gutter_width=&#8221;2&#8221; make_equal=&#8221;on&#8221; _builder_version=&#8221;4.9.4&#8221; _module_preset=&#8221;default&#8221;][et_pb_column type=&#8221;1_3&#8221; _builder_version=&#8221;4.9.4&#8221; _module_preset=&#8221;default&#8221;][et_pb_button button_url=&#8221;#brojenje_ljudi&#8221; url_new_window=&#8221;on&#8221; button_text=&#8221;Brojenje ljudi ABsistemCounter&#8221; button_alignment=&#8221;center&#8221; disabled_on=&#8221;off|off|off&#8221; _builder_version=&#8221;4.9.4&#8221; _module_preset=&#8221;default&#8221; custom_button=&#8221;on&#8221; button_text_size=&#8221;14px&#8221; button_font=&#8221;|600|||||||&#8221; button_use_icon=&#8221;off&#8221; custom_padding=&#8221;14px|53px|14px|53px|true|true&#8221;][\/et_pb_button][\/et_pb_column][et_pb_column type=&#8221;1_3&#8221; _builder_version=&#8221;4.9.4&#8221; _module_preset=&#8221;default&#8221;][et_pb_button button_url=&#8221;#analitika_za_trgovine&#8221; url_new_window=&#8221;on&#8221; button_text=&#8221;Analitika za trgovine ABSmartRetail&#8221; button_alignment=&#8221;center&#8221; disabled_on=&#8221;off|off|off&#8221; _builder_version=&#8221;4.9.4&#8221; _module_preset=&#8221;default&#8221; custom_button=&#8221;on&#8221; button_text_size=&#8221;14px&#8221; button_font=&#8221;|600|||||||&#8221; button_use_icon=&#8221;off&#8221; custom_padding=&#8221;14px|53px|14px|53px|true|true&#8221;][\/et_pb_button][\/et_pb_column][et_pb_column type=&#8221;1_3&#8221; _builder_version=&#8221;4.9.4&#8221; _module_preset=&#8221;default&#8221;][et_pb_button button_url=&#8221;#odredjivanje_broja_ljudi&#8221; url_new_window=&#8221;on&#8221; button_text=&#8221;Odre\u0111ivanje broja ljudi u prostoru&#8221; button_alignment=&#8221;center&#8221; disabled_on=&#8221;off|off|off&#8221; _builder_version=&#8221;4.9.4&#8221; _module_preset=&#8221;default&#8221; custom_button=&#8221;on&#8221; button_text_size=&#8221;14px&#8221; button_font=&#8221;|600|||||||&#8221; button_use_icon=&#8221;off&#8221; custom_padding=&#8221;14px|53px|14px|53px|true|true&#8221;][\/et_pb_button][\/et_pb_column][\/et_pb_row][et_pb_row column_structure=&#8221;1_3,1_3,1_3&#8221; use_custom_gutter=&#8221;on&#8221; gutter_width=&#8221;2&#8221; _builder_version=&#8221;4.9.4&#8221; _module_preset=&#8221;default&#8221; custom_margin=&#8221;||||false|false&#8221; custom_padding=&#8221;0px||||false|false&#8221;][et_pb_column type=&#8221;1_3&#8221; _builder_version=&#8221;4.9.4&#8221; _module_preset=&#8221;default&#8221;][et_pb_button button_url=&#8221;#brojenje_putnika&#8221; url_new_window=&#8221;on&#8221; button_text=&#8221;Brojenje putnika u javnom prijevozu&#8221; button_alignment=&#8221;center&#8221; disabled_on=&#8221;off|off|off&#8221; _builder_version=&#8221;4.9.4&#8221; _module_preset=&#8221;default&#8221; custom_button=&#8221;on&#8221; button_text_size=&#8221;14px&#8221; button_font=&#8221;|600|||||||&#8221; button_use_icon=&#8221;off&#8221; custom_padding=&#8221;14px|53px|14px|53px|true|true&#8221;][\/et_pb_button][\/et_pb_column][et_pb_column type=&#8221;1_3&#8221; _builder_version=&#8221;4.9.4&#8221; _module_preset=&#8221;default&#8221;][et_pb_button button_url=&#8221;#vivotek_3d_brojenje&#8221; url_new_window=&#8221;on&#8221; button_text=&#8221;Vivotek 3D brojenje &#8211; ta\u010dnost 98%&#8221; button_alignment=&#8221;center&#8221; disabled_on=&#8221;off|off|off&#8221; _builder_version=&#8221;4.9.4&#8221; _module_preset=&#8221;default&#8221; custom_button=&#8221;on&#8221; button_text_size=&#8221;14px&#8221; button_font=&#8221;|600|||||||&#8221; button_use_icon=&#8221;off&#8221; custom_padding=&#8221;14px|53px|14px|53px|true|true&#8221;][\/et_pb_button][\/et_pb_column][et_pb_column type=&#8221;1_3&#8221; _builder_version=&#8221;4.9.4&#8221; _module_preset=&#8221;default&#8221;][\/et_pb_column][\/et_pb_row][et_pb_row _builder_version=&#8221;4.9.4&#8221; _module_preset=&#8221;default&#8221; custom_padding=&#8221;||0px||false|false&#8221;][et_pb_column type=&#8221;4_4&#8221; _builder_version=&#8221;4.9.4&#8221; _module_preset=&#8221;default&#8221;][et_pb_text _builder_version=&#8221;4.9.4&#8221; _module_preset=&#8221;default&#8221; header_2_line_height=&#8221;1.3em&#8221;]<\/p>\n<blockquote>\n<h2 id=\"brojenje_ljudi\">Brojenje ljudi ABsistemCounter<\/h2>\n<\/blockquote>\n<p>[\/et_pb_text][\/et_pb_column][\/et_pb_row][et_pb_row _builder_version=&#8221;4.9.4&#8221; _module_preset=&#8221;default&#8221;][et_pb_column type=&#8221;4_4&#8221; _builder_version=&#8221;4.9.4&#8221; _module_preset=&#8221;default&#8221;][et_pb_text _builder_version=&#8221;4.9.4&#8221; _module_preset=&#8221;default&#8221; header_3_font_size=&#8221;26px&#8221;]<\/p>\n<h3>Primjena<\/h3>\n<ul>\n<li><b>Organizacija poslovanja<\/b> (optimizacija broja uposlenih u smjeni; odabir vremena za popravke ili \u010di\u0161\u0107enje)<\/li>\n<li><b>Unapre\u0111enje prodaje<\/b> (efikasnost marketin\u0161kih kampanja)<\/li>\n<li><b>Pove\u0107anje nivoa sigurnosti<\/b> (upravljanje evakuacijom u incidentnim situacijama)<\/li>\n<li><b>Nadzor nad poslovanjem<\/b> (kontrola naplate ulaznica)<\/li>\n<li><b>Prevencija \u0161irenja epidemije<\/b> (broj ljudi u prostoru)<\/li>\n<\/ul>\n<p>[\/et_pb_text][et_pb_text _builder_version=&#8221;4.9.4&#8221; _module_preset=&#8221;default&#8221; header_3_font_size=&#8221;26px&#8221;]<\/p>\n<h3>Funkcije<\/h3>\n<ul>\n<li>Pregled stanja broja\u010da preko Google Maps<\/li>\n<li>Prikaz vremenskih prilika, zasebno za svaku lokaciju<\/li>\n<li>Jednostavan izra\u010dun trenutnog broja ljudi u jednom kamerama ogra\u0111enom prostoru<\/li>\n<li>Kreiranje automatskih izvje\u0161taja<\/li>\n<li>Upravljanje kamerama putem softvera (ure\u0111ivanje kamera, broja\u010da i slike, testiranje)<\/li>\n<li>Izvoz podataka za daljnje analize<\/li>\n<\/ul>\n<p>[\/et_pb_text][et_pb_text _builder_version=&#8221;4.9.4&#8221; _module_preset=&#8221;default&#8221; header_3_font_size=&#8221;26px&#8221;]<\/p>\n<h3>Izvje\u0161taji i analize<\/h3>\n<ul>\n<li>Sadr\u017eaj i izgled izvje\u0161taja i analiza se definiraju unaprijed<\/li>\n<li>Korisnik odre\u0111uje period za koji \u017eeli izvje\u0161taj, rezoluciju podataka (10 minuta, sat, dan, mjesec) i objekte obuhva\u0107ene analizom<\/li>\n<li>Dodavanje novih izvje\u0161taja na zahtjev<\/li>\n<li>Izvoz podataka za daljnje analize<\/li>\n<li>Automatski izvje\u0161taji \u2013 dnevni, mjese\u010dni ili godi\u0161nji; za odabranu lokaciju ili vi\u0161e njih<\/li>\n<\/ul>\n<p>[\/et_pb_text][et_pb_video src=&#8221;https:\/\/youtu.be\/V3Cz_MRnkOk&#8221; _builder_version=&#8221;4.9.4&#8221; _module_preset=&#8221;default&#8221; width=&#8221;50%&#8221; width_tablet=&#8221;100%&#8221; width_phone=&#8221;&#8221; width_last_edited=&#8221;on|desktop&#8221; module_alignment=&#8221;center&#8221;][\/et_pb_video][\/et_pb_column][\/et_pb_row][et_pb_row _builder_version=&#8221;4.9.4&#8221; _module_preset=&#8221;default&#8221;][et_pb_column type=&#8221;4_4&#8221; _builder_version=&#8221;4.9.4&#8221; _module_preset=&#8221;default&#8221;][et_pb_text _builder_version=&#8221;4.9.4&#8221; _module_preset=&#8221;default&#8221; header_2_line_height=&#8221;1.3em&#8221;]<\/p>\n<blockquote>\n<h2 id=\"analitika_za_trgovine\">Analitika za trgovine ABsistemSmartRetail<\/h2>\n<\/blockquote>\n<p>[\/et_pb_text][et_pb_image src=&#8221;https:\/\/www.alarmautomatika.com\/wp-content\/uploads\/2021\/04\/ABsistemSmartRetail-Heatmap.jpg&#8221; alt=&#8221;ABsistemSmartRetail&#8221; show_bottom_space=&#8221;off&#8221; align=&#8221;center&#8221; _builder_version=&#8221;4.9.4&#8221; _module_preset=&#8221;default&#8221;][\/et_pb_image][\/et_pb_column][\/et_pb_row][et_pb_row _builder_version=&#8221;4.9.4&#8221; _module_preset=&#8221;default&#8221;][et_pb_column type=&#8221;4_4&#8221; _builder_version=&#8221;4.9.4&#8221; _module_preset=&#8221;default&#8221;][et_pb_text _builder_version=&#8221;4.9.4&#8221; _module_preset=&#8221;default&#8221;]<\/p>\n<p>ABsistemSmartRetail je softver koji trgovcima omogu\u0107uje da prate pona\u0161anje kupaca i na jednom mjestu imaju sve analiti\u010dke podatke &#8211; koliko je kupaca u\u0161lo u trgovinu, gdje su proveli ve\u0107inu vremena tokom kupovine u obliku heat mapa, analiziraju pona\u0161anje kupaca i kontroli\u0161u gu\u017eve. Tako su omogu\u0107ene analize pona\u0161anja kupaca u odnosu na marketin\u0161ke kampanje, usporedbe pona\u0161anja kupaca u trgovinama na razli\u010ditim lokacijama, analize odnosa vremenskih prilika i pona\u0161anja kupaca i sli\u010dno.<\/p>\n<p>[\/et_pb_text][et_pb_text _builder_version=&#8221;4.9.4&#8221; _module_preset=&#8221;default&#8221;]<\/p>\n<ul>\n<li>Heat mape \u2013 analiza kojom se pokazuje na kojim se mjestima u trgovini kupci zadr\u017eavaju<\/li>\n<li>Prikaz podataka na Google Maps<\/li>\n<li>Automatsko slanje izvje\u0161taja na e-mail, kreiranje izvje\u0161taja od strane korisnika po potrebi<\/li>\n<li>Vi\u0161e mogu\u0107nosti grafi\u010dkog prikaza prikupljenih podataka<\/li>\n<li>Daljinsko upravljanje &#8211; broja\u010dima i ure\u0111ajima za generiranje heat mapa, kalibracija broja\u010da, pregled slike<\/li>\n<li>Softver je modularan<\/li>\n<\/ul>\n<p>[\/et_pb_text][et_pb_video src=&#8221;https:\/\/youtu.be\/r4Ws3Dv55pI&#8221; _builder_version=&#8221;4.9.4&#8221; _module_preset=&#8221;default&#8221; width=&#8221;50%&#8221; width_tablet=&#8221;100%&#8221; width_phone=&#8221;&#8221; width_last_edited=&#8221;on|desktop&#8221; module_alignment=&#8221;center&#8221;][\/et_pb_video][\/et_pb_column][\/et_pb_row][et_pb_row _builder_version=&#8221;4.9.4&#8221; _module_preset=&#8221;default&#8221;][et_pb_column type=&#8221;4_4&#8221; _builder_version=&#8221;4.9.4&#8221; _module_preset=&#8221;default&#8221;][et_pb_text _builder_version=&#8221;4.9.4&#8221; _module_preset=&#8221;default&#8221; header_2_line_height=&#8221;1.3em&#8221;]<\/p>\n<blockquote>\n<h2 id=\"odredjivanje_broja_ljudi\">Softver za odre\u0111ivanje broja ljudi u prostoru ABsistemLimitPeople<\/h2>\n<\/blockquote>\n<p>[\/et_pb_text][et_pb_image src=&#8221;https:\/\/www.alarmautomatika.com\/wp-content\/uploads\/2021\/04\/ABsistemLimitPeople-banner.jpg&#8221; alt=&#8221;ABsistemLimitPeople&#8221; _builder_version=&#8221;4.9.4&#8221; _module_preset=&#8221;default&#8221;][\/et_pb_image][et_pb_text _builder_version=&#8221;4.9.4&#8221; _module_preset=&#8221;default&#8221;]<\/p>\n<p>ABsistemLimitPeople je softver koji omogu\u0107uje automatski izra\u010dun broja ljudi u objektu putem IP kamera i prikaz podataka o maksimalno dozvoljenom i trenutnom broju ljudi u objektu sa signalizacijom da li je ulaz dozvoljen ili nije. Koristi se u svim djelatnostima u kojima je ograni\u010den broj ljudi u prostoru kako bi se preveniralo \u0161irenje epidemije \u2013 trgovinama, hotelima, kampovima, poslovnim i javnim objektima \u2013 i za poslovne analize.<\/p>\n<p>[\/et_pb_text][\/et_pb_column][\/et_pb_row][et_pb_row _builder_version=&#8221;4.9.4&#8221; _module_preset=&#8221;default&#8221;][et_pb_column type=&#8221;4_4&#8221; _builder_version=&#8221;4.9.4&#8221; _module_preset=&#8221;default&#8221;][et_pb_text _builder_version=&#8221;4.9.4&#8221; _module_preset=&#8221;default&#8221;]<\/p>\n<ul>\n<li>98% ta\u010dnost brojanja<\/li>\n<li>Prikaz trenutnog i maksimalno dozvoljenog broja ljudi na displeju<\/li>\n<li>Jasna signalizacija statusa zauzetosti prostora<\/li>\n<li>Daljinski nadzor i upravljanje<\/li>\n<li>Jednostavno brendiranje prikaza na displeju (logotip, boje, poruke, odabir jezika)<\/li>\n<li>Jednostavna ugradnja<\/li>\n<\/ul>\n<p>[\/et_pb_text][et_pb_video src=&#8221;https:\/\/youtu.be\/8H7HuIQqMVI&#8221; _builder_version=&#8221;4.9.4&#8221; _module_preset=&#8221;default&#8221; width=&#8221;50%&#8221; width_tablet=&#8221;100%&#8221; width_phone=&#8221;&#8221; width_last_edited=&#8221;on|desktop&#8221; module_alignment=&#8221;center&#8221;][\/et_pb_video][\/et_pb_column][\/et_pb_row][et_pb_row _builder_version=&#8221;4.9.4&#8221; _module_preset=&#8221;default&#8221;][et_pb_column type=&#8221;4_4&#8221; _builder_version=&#8221;4.9.4&#8221; _module_preset=&#8221;default&#8221;][et_pb_text _builder_version=&#8221;4.9.4&#8221; _module_preset=&#8221;default&#8221; header_2_line_height=&#8221;1.3em&#8221;]<\/p>\n<blockquote>\n<h2 id=\"brojenje_putnika\">Brojenje putnika u javnom prijevozu<\/h2>\n<\/blockquote>\n<p>[\/et_pb_text][et_pb_image src=&#8221;https:\/\/www.alarmautomatika.com\/wp-content\/uploads\/2021\/04\/absistemcounter-vivotek-brojenje-putnika.jpg&#8221; alt=&#8221;Brojenje putnika u javnom prijevozu&#8221; align=&#8221;center&#8221; _builder_version=&#8221;4.9.4&#8221; _module_preset=&#8221;default&#8221;][\/et_pb_image][et_pb_text _builder_version=&#8221;4.9.4&#8221; _module_preset=&#8221;default&#8221;]<\/p>\n<p>Brojanje putnika koji ulaze u vozilo javnog prijevoza je u svijetu uobi\u010dajeno zbog pra\u0107enja poslovnih parametara, a zbog ograni\u010denja vezanih uz epidemiju korona virusa sve se \u010de\u0161\u0107e tra\u017ee rje\u0161enja automatskog brojanja. Putnici koji ulaze \/ izlaze iz primjerice autobusa se broje putem specijalnih kamera, a u softveru se unaprijed odre\u0111uje maksimalan broj putnika. Kada se u vozilu nalazi maksimalan broj putnika softver generi\u0161e svjetlosnu i \/ ili zvu\u010dnu signalizaciju. Mogu\u0107e je postaviti i monitor s prikazom koliko je osoba trenutno u vozilu.<\/p>\n<p>[\/et_pb_text][\/et_pb_column][\/et_pb_row][et_pb_row _builder_version=&#8221;4.9.4&#8221; _module_preset=&#8221;default&#8221;][et_pb_column type=&#8221;4_4&#8221; _builder_version=&#8221;4.9.4&#8221; _module_preset=&#8221;default&#8221;][et_pb_text _builder_version=&#8221;4.9.4&#8221; _module_preset=&#8221;default&#8221;]<\/p>\n<ul>\n<li>Op\u0107i nadzor u sredstvima javnog prijevoza<\/li>\n<li>Unaprje\u0111ivanje organizacije poslovanja<\/li>\n<li>Pra\u0107enje rute kretanja vozila<\/li>\n<li>Prevencija \u0161irenja epidemije<\/li>\n<li>Komunikaciju s nadzornim centrom u hitnim situacijama<\/li>\n<li>Upravljanje u alarmnim situacijama<\/li>\n<\/ul>\n<p>[\/et_pb_text][et_pb_video src=&#8221;https:\/\/youtu.be\/GPSA_xeyqRo&#8221; _builder_version=&#8221;4.9.4&#8221; _module_preset=&#8221;default&#8221; width=&#8221;50%&#8221; width_tablet=&#8221;100%&#8221; width_phone=&#8221;&#8221; width_last_edited=&#8221;on|desktop&#8221; module_alignment=&#8221;center&#8221;][\/et_pb_video][\/et_pb_column][\/et_pb_row][et_pb_row _builder_version=&#8221;4.9.4&#8221; _module_preset=&#8221;default&#8221;][et_pb_column type=&#8221;4_4&#8221; _builder_version=&#8221;4.9.4&#8221; _module_preset=&#8221;default&#8221;][et_pb_button button_url=&#8221;https:\/\/drive.google.com\/file\/d\/1fdS8sdYNU1t_i4O5PU3vHzYI6O2cYWN3\/view&#8221; url_new_window=&#8221;on&#8221; button_text=&#8221;Vi\u0161e informacija o rje\u0161enju brojenja putnika u javnom prijevozu&#8221; button_alignment=&#8221;center&#8221; disabled_on=&#8221;off|off|off&#8221; _builder_version=&#8221;4.9.4&#8221; _module_preset=&#8221;default&#8221; custom_button=&#8221;on&#8221; button_text_size=&#8221;14px&#8221; button_font=&#8221;|600|||||||&#8221; button_use_icon=&#8221;off&#8221; custom_padding=&#8221;14px|53px|14px|53px|true|true&#8221;][\/et_pb_button][\/et_pb_column][\/et_pb_row][et_pb_row _builder_version=&#8221;4.9.4&#8221; _module_preset=&#8221;default&#8221;][et_pb_column type=&#8221;4_4&#8221; _builder_version=&#8221;4.9.4&#8221; _module_preset=&#8221;default&#8221;][et_pb_text _builder_version=&#8221;4.9.4&#8221; _module_preset=&#8221;default&#8221; header_2_line_height=&#8221;1.3em&#8221;]<\/p>\n<blockquote>\n<h2 id=\"vivotek_3d_brojenje\">Vivotek 3D brojenje ljudi &#8211; ta\u010dnost 98%<\/h2>\n<\/blockquote>\n<p>[\/et_pb_text][et_pb_text _builder_version=&#8221;4.9.4&#8221; _module_preset=&#8221;default&#8221;]<\/p>\n<p>Pouzdanost brojanja od \u010dak 98% je postignuta zahvaljuju\u0107i Vivotek 3D Depth tehnologiji implementiranoj u mre\u017ene kamere za stereo brojanje. Omogu\u0107eno je precizno pra\u0107enje smjera kretanja ljudi, \u201eU\u201c kretanja te detekcija promjene smjera u zoni brojanja.<\/p>\n<p>[\/et_pb_text][\/et_pb_column][\/et_pb_row][et_pb_row _builder_version=&#8221;4.9.4&#8221; _module_preset=&#8221;default&#8221;][et_pb_column type=&#8221;4_4&#8221; _builder_version=&#8221;4.9.4&#8221; _module_preset=&#8221;default&#8221;][et_pb_text _builder_version=&#8221;4.9.4&#8221; _module_preset=&#8221;default&#8221;]<\/p>\n<ul>\n<li>Jednostavna ugradnja i konfiguracija<\/li>\n<li>Daljinsko upravljanje sistemom<\/li>\n<li>Integracija s videoanaliti\u010dkim softverom Vivotek VAST za detaljnu analizu i razli\u010dite na\u010dine prikaza (grafikoni, tablice, linije) podataka<\/li>\n<li>Podaci dostupni u realnom vremenu<\/li>\n<li>Lokalna pohrana podataka<\/li>\n<\/ul>\n<p>[\/et_pb_text][et_pb_video src=&#8221;https:\/\/youtu.be\/5sW0N_R_SGU&#8221; _builder_version=&#8221;4.9.4&#8221; _module_preset=&#8221;default&#8221; width=&#8221;50%&#8221; width_tablet=&#8221;100%&#8221; width_phone=&#8221;&#8221; width_last_edited=&#8221;on|desktop&#8221; module_alignment=&#8221;center&#8221;][\/et_pb_video][\/et_pb_column][\/et_pb_row][et_pb_row _builder_version=&#8221;4.9.4&#8221; _module_preset=&#8221;default&#8221;][et_pb_column type=&#8221;4_4&#8221; _builder_version=&#8221;4.9.4&#8221; _module_preset=&#8221;default&#8221;][et_pb_button button_url=&#8221;https:\/\/drive.google.com\/file\/d\/1C2VC9cEBGNxrDcLUAp9X0_rDFiJ0xNQe\/view&#8221; url_new_window=&#8221;on&#8221; button_text=&#8221;Vi\u0161e informacija o Vivotek rje\u0161enju odre\u0111ivanja broja ljudi u prostoru&#8221; button_alignment=&#8221;center&#8221; disabled_on=&#8221;off|off|off&#8221; _builder_version=&#8221;4.9.4&#8221; _module_preset=&#8221;default&#8221; custom_button=&#8221;on&#8221; button_text_size=&#8221;14px&#8221; button_font=&#8221;|600|||||||&#8221; button_use_icon=&#8221;off&#8221; custom_padding=&#8221;14px|53px|14px|53px|true|true&#8221;][\/et_pb_button][\/et_pb_column][\/et_pb_row][\/et_pb_section]<\/p>\n","protected":false},"excerpt":{"rendered":"<p>Ta\u010dni podaci o broju kupaca i posjetitelja predstavljaju klju\u010dnu informaciju za bolje upravljanje poslovanjem u razli\u010ditim djelatnostima \u2013 trgovinama, klubovima, muzejima, sredstvima javnog prijevoza, javnim ustanovama, poslovnim zgradama.ABsistemCounter je specijalisti\u010dki softver koji putem IP kamera broji i u bazu podataka bilje\u017ei koliko je ljudi u\u0161lo ili iza\u0161lo iz prostora. Softver omogu\u0107ava centralizirani pregled prikupljenih podataka [&hellip;]<\/p>\n","protected":false},"author":15,"featured_media":0,"parent":3919,"menu_order":0,"comment_status":"closed","ping_status":"closed","template":"","meta":{"_et_pb_use_builder":"on","_et_pb_old_content":"","_et_gb_content_width":"","footnotes":""},"class_list":["post-11717","page","type-page","status-publish","hentry"],"_links":{"self":[{"href":"https:\/\/www.alarmautomatika.com\/bs\/wp-json\/wp\/v2\/pages\/11717","targetHints":{"allow":["GET"]}}],"collection":[{"href":"https:\/\/www.alarmautomatika.com\/bs\/wp-json\/wp\/v2\/pages"}],"about":[{"href":"https:\/\/www.alarmautomatika.com\/bs\/wp-json\/wp\/v2\/types\/page"}],"author":[{"embeddable":true,"href":"https:\/\/www.alarmautomatika.com\/bs\/wp-json\/wp\/v2\/users\/15"}],"replies":[{"embeddable":true,"href":"https:\/\/www.alarmautomatika.com\/bs\/wp-json\/wp\/v2\/comments?post=11717"}],"version-history":[{"count":0,"href":"https:\/\/www.alarmautomatika.com\/bs\/wp-json\/wp\/v2\/pages\/11717\/revisions"}],"up":[{"embeddable":true,"href":"https:\/\/www.alarmautomatika.com\/bs\/wp-json\/wp\/v2\/pages\/3919"}],"wp:attachment":[{"href":"https:\/\/www.alarmautomatika.com\/bs\/wp-json\/wp\/v2\/media?parent=11717"}],"curies":[{"name":"wp","href":"https:\/\/api.w.org\/{rel}","templated":true}]}}