{"id":20645,"date":"2021-07-19T15:48:19","date_gmt":"2021-07-19T13:48:19","guid":{"rendered":"https:\/\/www.alarmautomatika.com\/softveri\/absistem-park\/"},"modified":"2022-02-03T10:18:10","modified_gmt":"2022-02-03T09:18:10","slug":"absistem-park","status":"publish","type":"page","link":"https:\/\/www.alarmautomatika.com\/bs\/softveri\/absistem-park\/","title":{"rendered":"ABsistemPark"},"content":{"rendered":"<p>[et_pb_section fb_built=&#8221;1&#8221; _builder_version=&#8221;4.9.10&#8221; _module_preset=&#8221;default&#8221; custom_padding=&#8221;0px||||false|false&#8221; global_colors_info=&#8221;{}&#8221;][et_pb_row _builder_version=&#8221;4.9.9&#8221; _module_preset=&#8221;default&#8221; global_colors_info=&#8221;{}&#8221;][et_pb_column type=&#8221;4_4&#8221; _builder_version=&#8221;4.9.9&#8221; _module_preset=&#8221;default&#8221; global_colors_info=&#8221;{}&#8221;][et_pb_text _builder_version=&#8221;4.9.10&#8221; _module_preset=&#8221;default&#8221; header_line_height=&#8221;1.3em&#8221; header_font_size_tablet=&#8221;40px&#8221; header_font_size_phone=&#8221;30px&#8221; header_font_size_last_edited=&#8221;on|desktop&#8221; global_colors_info=&#8221;{}&#8221;]<\/p>\n<blockquote>\n<h1>Parking rje\u0161enja ABsistemPark<\/h1>\n<\/blockquote>\n<p>[\/et_pb_text][et_pb_text _builder_version=&#8221;4.9.9&#8221; _module_preset=&#8221;default&#8221; global_colors_info=&#8221;{}&#8221;]<em>Parkiranje i upravljanje parkirnim mjestima je jedan od goru\u0107ih problema dana\u0161njice i velik broj tvrtki kontinuirano tra\u017ei na\u010din kako bolje upravljati javnim i privatnim parkirali\u0161tima i gara\u017eama. Za tu svrhu je razvijen softver ABsistemPark i njegove ina\u010dice sa kategorizacijom vozila, naplatom parkinga i signalizacijom slobodnih parkirnih mjesta.<\/em>[\/et_pb_text][et_pb_image src=&#8221;https:\/\/www.alarmautomatika.com\/wp-content\/uploads\/2021\/08\/ABSistem-Park-header.jpg&#8221; alt=&#8221;ABsistemPark&#8221; _builder_version=&#8221;4.9.10&#8221; _module_preset=&#8221;default&#8221; global_colors_info=&#8221;{}&#8221;][\/et_pb_image][et_pb_text _builder_version=&#8221;4.9.10&#8221; _module_preset=&#8221;default&#8221; global_colors_info=&#8221;{}&#8221;]ABsistemPark je specijalisti\u010dki softver koji upravlja sustavom kontrole pristupa, preciznije izvr\u0161nim elementima tog sistava, na zatvorenim parkirali\u0161tima namijenjenima ograni\u010denom broju vozila s dozvolom kao \u0161to su npr. parkirali\u0161ta u privatnom vlasni\u0161tvu kompanija ili unutar hotelskih naselja.[\/et_pb_text][et_pb_accordion _builder_version=&#8221;4.9.10&#8221; _module_preset=&#8221;default&#8221; global_colors_info=&#8221;{}&#8221;][\/et_pb_accordion][\/et_pb_column][\/et_pb_row][et_pb_row column_structure=&#8221;1_3,1_3,1_3&#8221; _builder_version=&#8221;4.9.10&#8221; _module_preset=&#8221;default&#8221; global_colors_info=&#8221;{}&#8221;][et_pb_column type=&#8221;1_3&#8221; _builder_version=&#8221;4.9.10&#8221; _module_preset=&#8221;default&#8221; global_colors_info=&#8221;{}&#8221;][et_pb_text _builder_version=&#8221;4.9.10&#8221; _module_preset=&#8221;default&#8221; global_colors_info=&#8221;{}&#8221;]<\/p>\n<h3><strong>Svrha<\/strong><\/h3>\n<ul>\n<li>Br\u017ei izlaz i ulaz ovla\u0161tenih vozila<\/li>\n<li>Onemogu\u0107avanje pristupa vozilima bez dozvole<\/li>\n<li>Manji tro\u0161kovi operativnog poslovanja<\/li>\n<li>Bolje upravljanje ljudskim resursima<\/li>\n<li>Ve\u0107i nivo sigurnosti<\/li>\n<li>Precizna evidencija ulaza i izlaza vozila<\/li>\n<li>Bolja poslovna analitika<\/li>\n<\/ul>\n<p>[\/et_pb_text][\/et_pb_column][et_pb_column type=&#8221;1_3&#8221; _builder_version=&#8221;4.9.10&#8221; _module_preset=&#8221;default&#8221; global_colors_info=&#8221;{}&#8221;][et_pb_text _builder_version=&#8221;4.9.10&#8221; _module_preset=&#8221;default&#8221; global_colors_info=&#8221;{}&#8221;]<\/p>\n<h3><strong>Integrisani sistemi i softveri<\/strong><\/h3>\n<ul>\n<li>LPR kamere<\/li>\n<li>OCR softver<\/li>\n<li>Kontrola pristupa<\/li>\n<li>Interfoni<\/li>\n<li>Tehni\u010dka za\u0161tita<\/li>\n<li>Recepcijski i drugi poslovni softveri<\/li>\n<\/ul>\n<p>[\/et_pb_text][\/et_pb_column][et_pb_column type=&#8221;1_3&#8221; _builder_version=&#8221;4.9.10&#8221; _module_preset=&#8221;default&#8221; global_colors_info=&#8221;{}&#8221;][et_pb_text _builder_version=&#8221;4.9.10&#8221; _module_preset=&#8221;default&#8221; global_colors_info=&#8221;{}&#8221;]<\/p>\n<h3><strong>Funkcije<\/strong><\/h3>\n<ul>\n<li>Identifikacija vozila putem registarskih oznaka<\/li>\n<li>Autorizacija pristupa vozilima s dozvolom<\/li>\n<li>Upravljanje izvr\u0161nim elementima kontrole pristupa (rampama)<\/li>\n<li>Anti passback funkcija<\/li>\n<li>Daljinsko upravljanje<\/li>\n<li>Automatska evidencija i pohrana podataka u pretra\u017eivu bazu podataka<\/li>\n<li>Upravljanje semaforima za usmjeravanje vozila prema slobodnim parkirnim mjestima<\/li>\n<\/ul>\n<p>[\/et_pb_text][\/et_pb_column][\/et_pb_row][et_pb_row column_structure=&#8221;1_3,1_3,1_3&#8221; use_custom_gutter=&#8221;on&#8221; gutter_width=&#8221;2&#8221; make_equal=&#8221;on&#8221; _builder_version=&#8221;4.9.10&#8221; _module_preset=&#8221;default&#8221; global_colors_info=&#8221;{}&#8221;][et_pb_column type=&#8221;1_3&#8221; _builder_version=&#8221;4.9.9&#8221; _module_preset=&#8221;default&#8221; global_colors_info=&#8221;{}&#8221;][et_pb_button button_url=&#8221;#kategorizacija&#8221; url_new_window=&#8221;on&#8221; button_text=&#8221;Identifikacija i kategorizacija vozila u funkciji naplate parkinga ABsistemParkPay&#8221; button_alignment=&#8221;center&#8221; disabled_on=&#8221;off|off|off&#8221; _builder_version=&#8221;4.9.10&#8221; _module_preset=&#8221;default&#8221; custom_button=&#8221;on&#8221; button_text_size=&#8221;14px&#8221; button_font=&#8221;|600|||||||&#8221; button_use_icon=&#8221;off&#8221; custom_padding=&#8221;14px|53px|14px|53px|true|true&#8221; global_colors_info=&#8221;{}&#8221;][\/et_pb_button][\/et_pb_column][et_pb_column type=&#8221;1_3&#8221; _builder_version=&#8221;4.9.9&#8221; _module_preset=&#8221;default&#8221; global_colors_info=&#8221;{}&#8221;][et_pb_button button_url=&#8221;#zauzetost_parkinga&#8221; url_new_window=&#8221;on&#8221; button_text=&#8221;Prikaz zauzetosti parkinga i rezervacija parkirnih mjesta ABsistemGaragePark\t&#8221; button_alignment=&#8221;center&#8221; disabled_on=&#8221;off|off|off&#8221; _builder_version=&#8221;4.9.10&#8221; _module_preset=&#8221;default&#8221; custom_button=&#8221;on&#8221; button_text_size=&#8221;14px&#8221; button_font=&#8221;|600|||||||&#8221; button_use_icon=&#8221;off&#8221; custom_padding=&#8221;14px|53px|14px|53px|true|true&#8221; global_colors_info=&#8221;{}&#8221;][\/et_pb_button][\/et_pb_column][et_pb_column type=&#8221;1_3&#8221; _builder_version=&#8221;4.9.9&#8221; _module_preset=&#8221;default&#8221; global_colors_info=&#8221;{}&#8221;][et_pb_button button_url=&#8221;#kontrola_pristupa&#8221; url_new_window=&#8221;on&#8221; button_text=&#8221;Kontrola pristupa ljudi i vozila u podru\u010dja sa vi\u0161e ulaza i izlaza ABsistemMultiport&#8221; button_alignment=&#8221;center&#8221; disabled_on=&#8221;off|off|off&#8221; _builder_version=&#8221;4.9.10&#8221; _module_preset=&#8221;default&#8221; custom_button=&#8221;on&#8221; button_text_size=&#8221;14px&#8221; button_font=&#8221;|600|||||||&#8221; button_use_icon=&#8221;off&#8221; custom_padding=&#8221;14px|53px|14px|53px|true|true&#8221; global_colors_info=&#8221;{}&#8221;][\/et_pb_button][\/et_pb_column][\/et_pb_row][et_pb_row _builder_version=&#8221;4.9.9&#8221; _module_preset=&#8221;default&#8221; global_colors_info=&#8221;{}&#8221;][et_pb_column type=&#8221;4_4&#8221; _builder_version=&#8221;4.9.9&#8221; _module_preset=&#8221;default&#8221; global_colors_info=&#8221;{}&#8221;][et_pb_text _builder_version=&#8221;4.9.10&#8221; _module_preset=&#8221;default&#8221; header_line_height=&#8221;1.3em&#8221; header_2_line_height=&#8221;1.3em&#8221; header_font_size_tablet=&#8221;40px&#8221; header_font_size_phone=&#8221;30px&#8221; header_font_size_last_edited=&#8221;on|desktop&#8221; header_2_font_size_tablet=&#8221;24px&#8221; header_2_font_size_phone=&#8221;24px&#8221; header_2_font_size_last_edited=&#8221;on|phone&#8221; global_colors_info=&#8221;{}&#8221;]<\/p>\n<blockquote>\n<h2 id=\"kategorizacija\">Kategorizacija i identifikacija vozila u funkciji naplate parkinga ABsistemParkPay<\/h2>\n<\/blockquote>\n<p>[\/et_pb_text][et_pb_image src=&#8221;https:\/\/www.alarmautomatika.com\/wp-content\/uploads\/2021\/08\/ABSistem-ParkPay-header.jpg&#8221; alt=&#8221;ABsistemPark&#8221; _builder_version=&#8221;4.9.10&#8221; _module_preset=&#8221;default&#8221; global_colors_info=&#8221;{}&#8221;][\/et_pb_image][et_pb_text _builder_version=&#8221;4.9.10&#8221; _module_preset=&#8221;default&#8221; global_colors_info=&#8221;{}&#8221;]ABSistemParkPay je nadogra\u0111ena verzija ABSistemPark  softvera koja osim kontrole pristupa vozila omogu\u0107uje i naplatu parkinga. Dodatno je mogu\u0107e kategorizirati vozila ako naplata o tome ovisi te omogu\u0107iti identifikaciju pretplatnika putem registarske oznake vozila ili \u010dita\u010da kartica.<br \/>\nSvrha mu je ubrzati ulaz i izlaz vozila, uvijek znati broj slobodnih parkirnih mjesta, usmjeravati kretanje vozila i osigurati naplatu. Naj\u010de\u0161\u0107e se primjenjuje u velikim hotelskim i drugim poslovnim kompleksima unutar kojih je parking besplatan za dio korisnika (npr. goste hotela, zaposlene i redovite dostavlja\u010da), a svima ostalima se napla\u0107uje.[\/et_pb_text][\/et_pb_column][\/et_pb_row][et_pb_row column_structure=&#8221;2_3,1_3&#8221; use_custom_gutter=&#8221;on&#8221; gutter_width=&#8221;2&#8221; _builder_version=&#8221;4.9.10&#8221; _module_preset=&#8221;default&#8221; global_colors_info=&#8221;{}&#8221;][et_pb_column type=&#8221;2_3&#8221; _builder_version=&#8221;4.9.9&#8221; _module_preset=&#8221;default&#8221; global_colors_info=&#8221;{}&#8221;][et_pb_text _builder_version=&#8221;4.9.10&#8221; _module_preset=&#8221;default&#8221; global_colors_info=&#8221;{}&#8221;]<\/p>\n<ul>\n<li>Identifikacija vozila putem LPR kamera<\/li>\n<li>Kategorizacija vozila (automobil, autobus, kamper, motocikl) putem videonadzora i indukcijskih petlji<\/li>\n<li>Identifikacija voza\u010da putem \u010dita\u010da kartica<\/li>\n<li>Integracija sa bazom podataka stalnih korisnika<\/li>\n<li>Usmjeravanje vozila do slobodnih parkirnih mjesta za odre\u0111enu kategoriju vozila putem semafora<\/li>\n<li>Automatska naplata parkinga putem POS blagajni<\/li>\n<li>Izdavanje ra\u010duna sa upisanom registarskom oznakom vozila<\/li>\n<\/ul>\n<p>[\/et_pb_text][\/et_pb_column][et_pb_column type=&#8221;1_3&#8221; _builder_version=&#8221;4.9.9&#8221; _module_preset=&#8221;default&#8221; global_colors_info=&#8221;{}&#8221;][et_pb_image src=&#8221;https:\/\/www.alarmautomatika.com\/wp-content\/uploads\/2021\/08\/ABsistemParkpayPos.jpg&#8221; alt=&#8221;ABsistemParkpayPos&#8221; _builder_version=&#8221;4.10.2&#8221; _module_preset=&#8221;default&#8221; global_colors_info=&#8221;{}&#8221;][\/et_pb_image][\/et_pb_column][\/et_pb_row][et_pb_row _builder_version=&#8221;4.9.9&#8221; _module_preset=&#8221;default&#8221; global_colors_info=&#8221;{}&#8221;][et_pb_column type=&#8221;4_4&#8221; _builder_version=&#8221;4.9.9&#8221; _module_preset=&#8221;default&#8221; global_colors_info=&#8221;{}&#8221;][et_pb_text _builder_version=&#8221;4.9.10&#8221; _module_preset=&#8221;default&#8221; header_line_height=&#8221;1.3em&#8221; header_2_line_height=&#8221;1.3em&#8221; hover_enabled=&#8221;0&#8221; header_font_size_tablet=&#8221;40px&#8221; header_font_size_phone=&#8221;30px&#8221; header_font_size_last_edited=&#8221;on|desktop&#8221; header_2_font_size_tablet=&#8221;24px&#8221; header_2_font_size_phone=&#8221;24px&#8221; header_2_font_size_last_edited=&#8221;on|phone&#8221; global_colors_info=&#8221;{}&#8221; sticky_enabled=&#8221;0&#8221;]<\/p>\n<blockquote>\n<h2 id=\"zauzetost_parkinga\">Prikaz zauzetosti parkinga i rezervacija parkirnih mjesta ABsistemGaragePark<\/h2>\n<\/blockquote>\n<p>[\/et_pb_text][et_pb_image src=&#8221;https:\/\/www.alarmautomatika.com\/wp-content\/uploads\/2021\/07\/ABSistem-Garage-Park-header-1.jpg&#8221; alt=&#8221;ABsistemGaragePark&#8221; _builder_version=&#8221;4.9.10&#8221; _module_preset=&#8221;default&#8221; global_colors_info=&#8221;{}&#8221;][\/et_pb_image][et_pb_text _builder_version=&#8221;4.9.10&#8221; _module_preset=&#8221;default&#8221; hover_enabled=&#8221;0&#8221; global_colors_info=&#8221;{}&#8221; sticky_enabled=&#8221;0&#8221;]ABsistemGaragePark je softver koji omogu\u0107uje prikaz zauzetih i rezerviranih parkirnih mjesta u zatvorenim javnim i poslovnim gara\u017eama. Glavna svrha mu je ubrzati promet te osigurati ta\u010dnu informaciju o trenutnom broju i poziciji slobodnih parkirnih mjesta, a specifi\u010dnost je \u0161to omogu\u0107ava rezervaciju parkirnog mjesta unaprijed za razne vremenske periode. Softver funkcioni\u0161e i kao modul ABsistemDCi softvera putem kojeg se po potrebi mo\u017ee integrisati sa ostalim sistemima tehni\u010dke za\u0161tite na objektu. Svi podaci o raspolo\u017eivosti parkirnih mjesta su vidljivi u nadzornom centru.[\/et_pb_text][\/et_pb_column][\/et_pb_row][et_pb_row column_structure=&#8221;1_2,1_2&#8221; _builder_version=&#8221;4.9.10&#8221; _module_preset=&#8221;default&#8221; global_colors_info=&#8221;{}&#8221;][et_pb_column type=&#8221;1_2&#8221; _builder_version=&#8221;4.9.10&#8221; _module_preset=&#8221;default&#8221; global_colors_info=&#8221;{}&#8221;][et_pb_text _builder_version=&#8221;4.10.2&#8221; _module_preset=&#8221;default&#8221; hover_enabled=&#8221;0&#8221; global_colors_info=&#8221;{}&#8221; sticky_enabled=&#8221;0&#8221;]<\/p>\n<ul>\n<li>Svjetlosno ozna\u010davanje slobodnih parkirnih mjesta u gara\u017ei putem indikatora<\/li>\n<li>LED panoi sa prikazom slobodnih parkirnih mjesta na ulazu i na svakoj eta\u017ei gara\u017ee<\/li>\n<li>Prikaz slobodnih parkirnih mjesta u nadzornom centru<\/li>\n<li>Rezervacija parkinga unaprijed za razne vremenske periode<\/li>\n<li>Povezivanje sa sustavima tehni\u010dke za\u0161tite na objektu putem <a href=\"https:\/\/www.alarmautomatika.com\/bs\/softveri\/nadzor-i-upravljanje-nad-sustavima-zastite\/\">ABsistemDCi<\/a> softvera za integraciju<\/li>\n<\/ul>\n<p>[\/et_pb_text][\/et_pb_column][et_pb_column type=&#8221;1_2&#8221; _builder_version=&#8221;4.9.10&#8221; _module_preset=&#8221;default&#8221; global_colors_info=&#8221;{}&#8221;][et_pb_image src=&#8221;https:\/\/www.alarmautomatika.com\/wp-content\/uploads\/2021\/08\/ABsistemGaragePark-field.jpg&#8221; alt=&#8221;ABsistemGaragePark&#8221; _builder_version=&#8221;4.10.2&#8221; _module_preset=&#8221;default&#8221; global_colors_info=&#8221;{}&#8221;][\/et_pb_image][\/et_pb_column][\/et_pb_row][et_pb_row _builder_version=&#8221;4.9.10&#8221; _module_preset=&#8221;default&#8221; global_colors_info=&#8221;{}&#8221;][et_pb_column type=&#8221;4_4&#8221; _builder_version=&#8221;4.9.10&#8221; _module_preset=&#8221;default&#8221; global_colors_info=&#8221;{}&#8221;][et_pb_text _builder_version=&#8221;4.9.10&#8221; _module_preset=&#8221;default&#8221; header_line_height=&#8221;1.3em&#8221; header_2_line_height=&#8221;1.3em&#8221; header_font_size_tablet=&#8221;40px&#8221; header_font_size_phone=&#8221;30px&#8221; header_font_size_last_edited=&#8221;on|desktop&#8221; header_2_font_size_tablet=&#8221;24px&#8221; header_2_font_size_phone=&#8221;24px&#8221; header_2_font_size_last_edited=&#8221;on|phone&#8221; global_colors_info=&#8221;{}&#8221;]<\/p>\n<blockquote>\n<h2 id=\"kontrola_pristupa\">Kontrola pristupa ljudi i vozila u podru\u010dja sa vi\u0161e ulaza i izlaza ABsistemMultiport<\/h2>\n<\/blockquote>\n<p>[\/et_pb_text][et_pb_image src=&#8221;https:\/\/www.alarmautomatika.com\/wp-content\/uploads\/2021\/07\/ABSistem-Multiport-header.jpg&#8221; alt=&#8221;ABsistemMultiport&#8221; _builder_version=&#8221;4.9.10&#8221; _module_preset=&#8221;default&#8221; global_colors_info=&#8221;{}&#8221;][\/et_pb_image][et_pb_text _builder_version=&#8221;4.9.10&#8221; _module_preset=&#8221;default&#8221; global_colors_info=&#8221;{}&#8221;]ABsistemMultiport je softver za kontrolu pristupa ljudi i vozila u podru\u010dja sa vi\u0161e ulaza i izlaza na kojima je kretanje ograni\u010deno. Svrha mu je omogu\u0107iti visoku razinu sigurnosti i kontrole kretanja voza\u010da, vozila i kontejnera, ubrzati njihovu fluktuaciju, omogu\u0107iti to\u010dnu evidenciju na svim ta\u010dkama ulaza i izlaza i omogu\u0107iti bolje vo\u0111enje poslovanja. Primjenjuje se na velikim \u0161ti\u0107enim podru\u010djima sa vi\u0161e ulaza i izlaza u kojima se odvijaju kriti\u010dni procesi i u kojima je pove\u0107an rizik od kra\u0111a, sabota\u017ee, prijevare ili zloupotrebe kao \u0161to su lu\u010dki terminali, industrijski kompleksi i sli\u010dno.[\/et_pb_text][\/et_pb_column][\/et_pb_row][et_pb_row column_structure=&#8221;1_2,1_2&#8221; _builder_version=&#8221;4.9.10&#8221; _module_preset=&#8221;default&#8221; custom_padding=&#8221;0px||||false|false&#8221; global_colors_info=&#8221;{}&#8221;][et_pb_column type=&#8221;1_2&#8221; _builder_version=&#8221;4.9.9&#8221; _module_preset=&#8221;default&#8221; global_colors_info=&#8221;{}&#8221;][et_pb_text _builder_version=&#8221;4.9.10&#8221; _module_preset=&#8221;default&#8221; global_colors_info=&#8221;{}&#8221;]<\/p>\n<ul>\n<li>Identifikacija voza\u010da putem kartica i sistema kontrole pristupa<\/li>\n<li>Identifikacija vozila \/ prikolice putem registarskih oznaka putem LPR kamera<\/li>\n<li>Identifikacija kontejnera \/ vagona prepoznavanjem<br \/>jedinstvenog koda kojim su ozna\u010deni<\/li>\n<li>Identifikacija vozila i voza\u010da i prilikom ulaza i prilikom izlaza<\/li>\n<li>Integracija sa sistemom rampi<\/li>\n<li>Precizna evidencija na svim ta\u010dkama ulaza i izlaza<\/li>\n<li>Integracija sa softverima za vo\u0111enje redovitog poslovanja korisnika<\/li>\n<\/ul>\n<p>[\/et_pb_text][\/et_pb_column][et_pb_column type=&#8221;1_2&#8221; _builder_version=&#8221;4.9.9&#8221; _module_preset=&#8221;default&#8221; global_colors_info=&#8221;{}&#8221;][et_pb_image src=&#8221;https:\/\/www.alarmautomatika.com\/wp-content\/uploads\/2021\/08\/multiport_BA.png&#8221; alt=&#8221;ABsistemMultiport&#8221; show_in_lightbox=&#8221;on&#8221; _builder_version=&#8221;4.9.10&#8221; _module_preset=&#8221;default&#8221; global_colors_info=&#8221;{}&#8221;][\/et_pb_image][\/et_pb_column][\/et_pb_row][\/et_pb_section]<\/p>\n","protected":false},"excerpt":{"rendered":"<p>Parking rje\u0161enja ABsistemPark Parkiranje i upravljanje parkirnim mjestima je jedan od goru\u0107ih problema dana\u0161njice i velik broj tvrtki kontinuirano tra\u017ei na\u010din kako bolje upravljati javnim i privatnim parkirali\u0161tima i gara\u017eama. Za tu svrhu je razvijen softver ABsistemPark i njegove ina\u010dice sa kategorizacijom vozila, naplatom parkinga i signalizacijom slobodnih parkirnih mjesta.ABsistemPark je specijalisti\u010dki softver koji upravlja [&hellip;]<\/p>\n","protected":false},"author":15,"featured_media":0,"parent":3919,"menu_order":0,"comment_status":"closed","ping_status":"closed","template":"","meta":{"_et_pb_use_builder":"on","_et_pb_old_content":"","_et_gb_content_width":"","footnotes":""},"class_list":["post-20645","page","type-page","status-publish","hentry"],"_links":{"self":[{"href":"https:\/\/www.alarmautomatika.com\/bs\/wp-json\/wp\/v2\/pages\/20645","targetHints":{"allow":["GET"]}}],"collection":[{"href":"https:\/\/www.alarmautomatika.com\/bs\/wp-json\/wp\/v2\/pages"}],"about":[{"href":"https:\/\/www.alarmautomatika.com\/bs\/wp-json\/wp\/v2\/types\/page"}],"author":[{"embeddable":true,"href":"https:\/\/www.alarmautomatika.com\/bs\/wp-json\/wp\/v2\/users\/15"}],"replies":[{"embeddable":true,"href":"https:\/\/www.alarmautomatika.com\/bs\/wp-json\/wp\/v2\/comments?post=20645"}],"version-history":[{"count":0,"href":"https:\/\/www.alarmautomatika.com\/bs\/wp-json\/wp\/v2\/pages\/20645\/revisions"}],"up":[{"embeddable":true,"href":"https:\/\/www.alarmautomatika.com\/bs\/wp-json\/wp\/v2\/pages\/3919"}],"wp:attachment":[{"href":"https:\/\/www.alarmautomatika.com\/bs\/wp-json\/wp\/v2\/media?parent=20645"}],"curies":[{"name":"wp","href":"https:\/\/api.w.org\/{rel}","templated":true}]}}