{"id":20663,"date":"2021-08-03T09:12:49","date_gmt":"2021-08-03T07:12:49","guid":{"rendered":"https:\/\/www.alarmautomatika.com\/softveri\/absistem-green\/"},"modified":"2022-02-03T10:17:33","modified_gmt":"2022-02-03T09:17:33","slug":"absistem-green","status":"publish","type":"page","link":"https:\/\/www.alarmautomatika.com\/bs\/softveri\/absistem-green\/","title":{"rendered":"ABsistemGreen"},"content":{"rendered":"<p>[et_pb_section fb_built=&#8221;1&#8221; _builder_version=&#8221;4.9.10&#8221; _module_preset=&#8221;default&#8221; vertical_offset=&#8221;-65px&#8221; global_colors_info=&#8221;{}&#8221;][et_pb_row _builder_version=&#8221;4.9.10&#8221; _module_preset=&#8221;default&#8221; z_index=&#8221;0&#8221; global_colors_info=&#8221;{}&#8221;][et_pb_column type=&#8221;4_4&#8221; _builder_version=&#8221;4.9.10&#8221; _module_preset=&#8221;default&#8221; global_colors_info=&#8221;{}&#8221;][et_pb_text _builder_version=&#8221;4.9.10&#8221; _module_preset=&#8221;default&#8221; text_letter_spacing=&#8221;1px&#8221; header_line_height=&#8221;1.3em&#8221; header_2_line_height=&#8221;1.3em&#8221; global_colors_info=&#8221;{}&#8221;]<\/p>\n<blockquote>\n<h2>ABsistemGreen softver za integraciju kontrole pristupa, identifikacije, vaganja i ispisa dokumenata na pretovarnim stanicama<\/h2>\n<\/blockquote>\n<p>[\/et_pb_text][et_pb_text _builder_version=&#8221;4.9.10&#8221; _module_preset=&#8221;default&#8221; global_colors_info=&#8221;{}&#8221;]<\/p>\n<p><em>Pretovarne stanice su izlo\u017eene mnogobrojnim rizicima u slu\u010daju ulaska neidentificiranih vozila i voza\u010da ili pretovara nepoznatog tereta. ABsistemGreen softver omogu\u0107uje sigurniji i automatski evidentiran promet kroz pretovarne stanice.<\/em><\/p>\n<p>[\/et_pb_text][et_pb_image src=&#8221;https:\/\/www.alarmautomatika.com\/wp-content\/uploads\/2021\/07\/ABSistem-Green-header.jpg&#8221; alt=&#8221;ABsistemGreen&#8221; _builder_version=&#8221;4.9.10&#8221; _module_preset=&#8221;default&#8221; global_colors_info=&#8221;{}&#8221;][\/et_pb_image][et_pb_text _builder_version=&#8221;4.9.10&#8221; _module_preset=&#8221;default&#8221; global_colors_info=&#8221;{}&#8221;]ABsistemGreen  je softver za upravljane integrisanim sistemima kontrole pristupa na pretovarnim stanicama, vaganja vozila, prepoznavanja registarskih oznaka vozila, rampi s detekcijskim petljama, semafora za signalizacijom i softvera za ispis dokumenata. ABSistemGreen se koristi na pretovarnim stanicama i odlagali\u0161tima otpada na kojima je potrebna identifikacija vozila i vaganje tereta, neovisno o njegovoj vrsti, te integracija sa informacijskim sistemima za ispis vezanih dokumenata.[\/et_pb_text][\/et_pb_column][\/et_pb_row][et_pb_row _builder_version=&#8221;4.9.10&#8221; _module_preset=&#8221;default&#8221; global_colors_info=&#8221;{}&#8221;][et_pb_column type=&#8221;4_4&#8221; _builder_version=&#8221;4.9.10&#8221; _module_preset=&#8221;default&#8221; global_colors_info=&#8221;{}&#8221;][et_pb_text _builder_version=&#8221;4.9.10&#8221; _module_preset=&#8221;default&#8221; text_font_size=&#8221;15px&#8221; text_line_height=&#8221;1.3em&#8221; header_2_line_height=&#8221;1.3em&#8221; width=&#8221;75%&#8221; global_colors_info=&#8221;{}&#8221;]<\/p>\n<h4>Funkcije<\/h4>\n<ul>\n<li>Br\u017ei, sigurniji i automatski kontrolisan promet vozila kroz pretovarne stanice<\/li>\n<li>Sprje\u010davanje manipulacije podacima i dokumentima<\/li>\n<li>Identifikacija voza\u010da putem kartica kontrole pristupa<\/li>\n<li>Identifikacija vozila putem LPR kamera<\/li>\n<li>Integracija sa sustavom semafora koji signaliziraju da je dozvoljen pristup mosnoj vazi<\/li>\n<li>Automatsko podizanje i spu\u0161tanje rampi za pristup mosnoj vazi<\/li>\n<li>Automatska evidencija podataka o voza\u010du i vozilu u pretra\u017eivu bazu podatka<\/li>\n<li>Automatska evidencija podataka o te\u017eini vozila izmjerenoj na mosnoj vazi prilikom ulaza i izlaza<\/li>\n<li>Automatski ispis potrebnih dokumenata prilikom izlaza (podatci o vozilu, voza\u010du, te\u017eini vozila pri ulazu i izlazu)<\/li>\n<\/ul>\n<p>[\/et_pb_text][\/et_pb_column][\/et_pb_row][et_pb_row column_structure=&#8221;1_2,1_2&#8221; _builder_version=&#8221;4.9.10&#8221; _module_preset=&#8221;default&#8221; global_colors_info=&#8221;{}&#8221;][et_pb_column type=&#8221;1_2&#8221; _builder_version=&#8221;4.9.10&#8221; _module_preset=&#8221;default&#8221; global_colors_info=&#8221;{}&#8221;][et_pb_text _builder_version=&#8221;4.9.10&#8221; _module_preset=&#8221;default&#8221; text_font_size=&#8221;15px&#8221; global_colors_info=&#8221;{}&#8221;]<\/p>\n<h4>Integrirani sistemi i softveri<\/h4>\n<ul>\n<li>Kontrola pristupa voza\u010da putem \u010dita\u010da kontrole pristupa<\/li>\n<li>Kontrola pristupa vozila putem LPR kamera<\/li>\n<li>Semafori za signalizaciju<\/li>\n<li>Mosna vaga<\/li>\n<li>Softver za ispis dokumenata<\/li>\n<\/ul>\n<p>[\/et_pb_text][\/et_pb_column][et_pb_column type=&#8221;1_2&#8221; _builder_version=&#8221;4.9.10&#8221; _module_preset=&#8221;default&#8221; global_colors_info=&#8221;{}&#8221;][et_pb_video src=&#8221;https:\/\/www.youtube.com\/watch?v=ydoYpl_74jc&#8221; _builder_version=&#8221;4.9.10&#8221; _module_preset=&#8221;default&#8221; vertical_offset=&#8221;0px&#8221; horizontal_offset=&#8221;0px&#8221; width=&#8221;100%&#8221; global_colors_info=&#8221;{}&#8221;][\/et_pb_video][\/et_pb_column][\/et_pb_row][\/et_pb_section]<\/p>\n","protected":false},"excerpt":{"rendered":"<p>ABsistemGreen softver za integraciju kontrole pristupa, identifikacije, vaganja i ispisa dokumenata na pretovarnim stanicama Pretovarne stanice su izlo\u017eene mnogobrojnim rizicima u slu\u010daju ulaska neidentificiranih vozila i voza\u010da ili pretovara nepoznatog tereta. ABsistemGreen softver omogu\u0107uje sigurniji i automatski evidentiran promet kroz pretovarne stanice.ABsistemGreen je softver za upravljane integrisanim sistemima kontrole pristupa na pretovarnim stanicama, vaganja vozila, [&hellip;]<\/p>\n","protected":false},"author":15,"featured_media":0,"parent":3919,"menu_order":0,"comment_status":"closed","ping_status":"closed","template":"","meta":{"_et_pb_use_builder":"on","_et_pb_old_content":"","_et_gb_content_width":"","footnotes":""},"class_list":["post-20663","page","type-page","status-publish","hentry"],"_links":{"self":[{"href":"https:\/\/www.alarmautomatika.com\/bs\/wp-json\/wp\/v2\/pages\/20663","targetHints":{"allow":["GET"]}}],"collection":[{"href":"https:\/\/www.alarmautomatika.com\/bs\/wp-json\/wp\/v2\/pages"}],"about":[{"href":"https:\/\/www.alarmautomatika.com\/bs\/wp-json\/wp\/v2\/types\/page"}],"author":[{"embeddable":true,"href":"https:\/\/www.alarmautomatika.com\/bs\/wp-json\/wp\/v2\/users\/15"}],"replies":[{"embeddable":true,"href":"https:\/\/www.alarmautomatika.com\/bs\/wp-json\/wp\/v2\/comments?post=20663"}],"version-history":[{"count":0,"href":"https:\/\/www.alarmautomatika.com\/bs\/wp-json\/wp\/v2\/pages\/20663\/revisions"}],"up":[{"embeddable":true,"href":"https:\/\/www.alarmautomatika.com\/bs\/wp-json\/wp\/v2\/pages\/3919"}],"wp:attachment":[{"href":"https:\/\/www.alarmautomatika.com\/bs\/wp-json\/wp\/v2\/media?parent=20663"}],"curies":[{"name":"wp","href":"https:\/\/api.w.org\/{rel}","templated":true}]}}