{"id":20669,"date":"2021-08-02T13:03:39","date_gmt":"2021-08-02T11:03:39","guid":{"rendered":"https:\/\/www.alarmautomatika.com\/softveri\/absistem-guest-manager\/"},"modified":"2022-02-03T10:17:37","modified_gmt":"2022-02-03T09:17:37","slug":"absistem-guest-manager","status":"publish","type":"page","link":"https:\/\/www.alarmautomatika.com\/bs\/softveri\/absistem-guest-manager\/","title":{"rendered":"ABsistemGuestManager"},"content":{"rendered":"<p>[et_pb_section fb_built=&#8221;1&#8221; _builder_version=&#8221;4.9.10&#8221; _module_preset=&#8221;default&#8221; vertical_offset=&#8221;-50px&#8221; global_colors_info=&#8221;{}&#8221;][et_pb_row _builder_version=&#8221;4.9.10&#8221; _module_preset=&#8221;default&#8221; global_colors_info=&#8221;{}&#8221;][et_pb_column type=&#8221;4_4&#8221; _builder_version=&#8221;4.9.10&#8221; _module_preset=&#8221;default&#8221; global_colors_info=&#8221;{}&#8221;][et_pb_text _builder_version=&#8221;4.9.10&#8221; _dynamic_attributes=&#8221;content&#8221; _module_preset=&#8221;default&#8221; header_line_height=&#8221;1.3em&#8221; global_colors_info=&#8221;{}&#8221;]@ET-DC@eyJkeW5hbWljIjp0cnVlLCJjb250ZW50IjoicG9zdF90aXRsZSIsInNldHRpbmdzIjp7ImJlZm9yZSI6IjxibG9ja3F1b3RlPjxoMT4iLCJhZnRlciI6IjxcL2gxPjxcL2Jsb2NrcXVvdGU+In19@[\/et_pb_text][et_pb_text _builder_version=&#8221;4.9.10&#8221; _module_preset=&#8221;default&#8221; global_colors_info=&#8221;{}&#8221;]<\/p>\n<p><em>Razina sigurnosti javnih i poslovnih objekata u velikoj mjeri ovisi o to\u010dnoj evidenciji ljudi koji su u\u0161li u objekt i ograni\u010davanje njihovog kretanja na odre\u0111ene prostore unutar objekta.<\/em><\/p>\n<p>[\/et_pb_text][et_pb_image src=&#8221;https:\/\/www.alarmautomatika.com\/wp-content\/uploads\/2021\/07\/ABSistem-GuestManager-header.jpg&#8221; alt=&#8221;ABsistemGuestManager&#8221; _builder_version=&#8221;4.9.10&#8221; _module_preset=&#8221;default&#8221; global_colors_info=&#8221;{}&#8221;][\/et_pb_image][et_pb_text _builder_version=&#8221;4.9.10&#8221; _module_preset=&#8221;default&#8221; global_colors_info=&#8221;{}&#8221;]<\/p>\n<p>ABsistemGuestManager je softver koji omogu\u0107uje brz ulazak ljudi u objekt, njihovu preciznu evidenciju i ograni\u010davanje njihovog kretanja samo na odre\u0111ene prostore unutar objekta.<\/p>\n<p>Na recepciji objekta se dokumenti posjetitelja skeniraju, a relevantni podatci (ime posjetitelja, vrijeme ulaza) automatski upisuju u ABsistemGuestManager softver. Recepcionaru je omogu\u0107eno da u softver upisuje dodatne bitne informacije, primjerice tko \u0107e primiti posjetitelja ili kojim je poslom posjetitelj do\u0161ao. Na temelju tih informacija, recepcionar svakom posjetitelju dodjeljuje neku od predvi\u0111enih razina pristupa prostorima unutar objekta i ispisuje akreditaciju. ABsistemGuestManager je integriran sa sistemom kontrole pristupa u objektu \u0161to omogu\u0107uje da posjetitelj putem svoje akreditacije mo\u017ee i\u0107i samo u one prostore za koje mu je pristup dozvoljen, a o\u010ditavanje akreditiva na ulazu u prostor za koji nema dozvolu ne\u0107e pokrenuti barijeru niti otvoriti vrata.<\/p>\n<p>[\/et_pb_text][\/et_pb_column][\/et_pb_row][et_pb_row column_structure=&#8221;1_2,1_2&#8221; _builder_version=&#8221;4.9.10&#8221; _module_preset=&#8221;default&#8221; global_colors_info=&#8221;{}&#8221;][et_pb_column type=&#8221;1_2&#8221; _builder_version=&#8221;4.9.10&#8221; _module_preset=&#8221;default&#8221; global_colors_info=&#8221;{}&#8221;][et_pb_text _builder_version=&#8221;4.9.10&#8221; _module_preset=&#8221;default&#8221; width=&#8221;100%&#8221; global_colors_info=&#8221;{}&#8221;]<\/p>\n<ul>\n<li>Br\u017ei ulaz posjetitelja<\/li>\n<li>Integracija sa skenerom dokumenata<\/li>\n<li>To\u010dna evidencija posjetitelja<\/li>\n<li>Pretra\u017eiva\u010d baza podataka posjetitelja<\/li>\n<li>Jednostavno definiranje razine pristupa u softveru<\/li>\n<li>Mogu\u0107nost upisa komentara od strane recepcionera<\/li>\n<li>Ograni\u010davanje kretanja posjetitelja na dozvoljene prostore unutar objekta<\/li>\n<li>Jednostavan i brz ispis akreditiva<\/li>\n<\/ul>\n<p>[\/et_pb_text][\/et_pb_column][et_pb_column type=&#8221;1_2&#8221; _builder_version=&#8221;4.9.10&#8221; _module_preset=&#8221;default&#8221; global_colors_info=&#8221;{}&#8221;][et_pb_image src=&#8221;https:\/\/www.alarmautomatika.com\/wp-content\/uploads\/2021\/07\/ABsistemGuestManager-profile.jpg&#8221; alt=&#8221;ABsistemGuestManager&#8221; show_in_lightbox=&#8221;on&#8221; _builder_version=&#8221;4.9.10&#8221; _module_preset=&#8221;default&#8221; width=&#8221;60%&#8221; global_colors_info=&#8221;{}&#8221;][\/et_pb_image][\/et_pb_column][\/et_pb_row][\/et_pb_section]<\/p>\n","protected":false},"excerpt":{"rendered":"<p>Razina sigurnosti javnih i poslovnih objekata u velikoj mjeri ovisi o to\u010dnoj evidenciji ljudi koji su u\u0161li u objekt i ograni\u010davanje njihovog kretanja na odre\u0111ene prostore unutar objekta.ABsistemGuestManager je softver koji omogu\u0107uje brz ulazak ljudi u objekt, njihovu preciznu evidenciju i ograni\u010davanje njihovog kretanja samo na odre\u0111ene prostore unutar objekta. Na recepciji objekta se dokumenti [&hellip;]<\/p>\n","protected":false},"author":15,"featured_media":0,"parent":3919,"menu_order":0,"comment_status":"closed","ping_status":"closed","template":"","meta":{"_et_pb_use_builder":"on","_et_pb_old_content":"","_et_gb_content_width":"","footnotes":""},"class_list":["post-20669","page","type-page","status-publish","hentry"],"_links":{"self":[{"href":"https:\/\/www.alarmautomatika.com\/bs\/wp-json\/wp\/v2\/pages\/20669","targetHints":{"allow":["GET"]}}],"collection":[{"href":"https:\/\/www.alarmautomatika.com\/bs\/wp-json\/wp\/v2\/pages"}],"about":[{"href":"https:\/\/www.alarmautomatika.com\/bs\/wp-json\/wp\/v2\/types\/page"}],"author":[{"embeddable":true,"href":"https:\/\/www.alarmautomatika.com\/bs\/wp-json\/wp\/v2\/users\/15"}],"replies":[{"embeddable":true,"href":"https:\/\/www.alarmautomatika.com\/bs\/wp-json\/wp\/v2\/comments?post=20669"}],"version-history":[{"count":0,"href":"https:\/\/www.alarmautomatika.com\/bs\/wp-json\/wp\/v2\/pages\/20669\/revisions"}],"up":[{"embeddable":true,"href":"https:\/\/www.alarmautomatika.com\/bs\/wp-json\/wp\/v2\/pages\/3919"}],"wp:attachment":[{"href":"https:\/\/www.alarmautomatika.com\/bs\/wp-json\/wp\/v2\/media?parent=20669"}],"curies":[{"name":"wp","href":"https:\/\/api.w.org\/{rel}","templated":true}]}}