{"id":3897,"date":"2020-08-20T14:32:57","date_gmt":"2020-08-20T12:32:57","guid":{"rendered":"https:\/\/www.alarmautomatika.com\/proizvodi\/kontrola-pristupa-i-evidencija-radnog-vremena\/"},"modified":"2022-02-03T10:22:41","modified_gmt":"2022-02-03T09:22:41","slug":"kontrola-pristupa-i-evidencija-radnog-vremena","status":"publish","type":"page","link":"https:\/\/www.alarmautomatika.com\/bs\/proizvodi\/kontrola-pristupa-i-evidencija-radnog-vremena\/","title":{"rendered":"Kontrola pristupa i evidencija radnog vremena"},"content":{"rendered":"<p>[et_pb_section fb_built=&#8221;1&#8221; _builder_version=&#8221;4.6.2&#8221; _module_preset=&#8221;default&#8221; background_image=&#8221;https:\/\/www.alarmautomatika.com\/wp-content\/uploads\/2020\/09\/Kontrola-pristupa-i-evidencija-radnog-vremena.jpg&#8221; background_size=&#8221;initial&#8221; background_position=&#8221;top_center&#8221;][et_pb_row _builder_version=&#8221;4.6.0&#8221; _module_preset=&#8221;default&#8221; width=&#8221;95%&#8221;][et_pb_column type=&#8221;4_4&#8221; _builder_version=&#8221;4.6.0&#8221; _module_preset=&#8221;default&#8221;][et_pb_text _builder_version=&#8221;4.6.0&#8221; _dynamic_attributes=&#8221;content&#8221; _module_preset=&#8221;default&#8221; text_font=&#8221;|600|||||||&#8221; text_text_color=&#8221;#ffffff&#8221; text_font_size=&#8221;48px&#8221; text_line_height=&#8221;1.2em&#8221; custom_padding=&#8221;80px|50px||50px|false|true&#8221; text_font_size_tablet=&#8221;40px&#8221; text_font_size_phone=&#8221;32px&#8221; text_font_size_last_edited=&#8221;on|desktop&#8221; text_line_height_tablet=&#8221;&#8221; text_line_height_phone=&#8221;&#8221; text_line_height_last_edited=&#8221;on|phone&#8221; header_font_tablet=&#8221;&#8221; header_font_phone=&#8221;&#8221; header_font_last_edited=&#8221;on|phone&#8221; header_font_size_tablet=&#8221;&#8221; header_font_size_phone=&#8221;&#8221; header_font_size_last_edited=&#8221;on|phone&#8221; header_line_height_tablet=&#8221;&#8221; header_line_height_phone=&#8221;&#8221; header_line_height_last_edited=&#8221;on|desktop&#8221;]@ET-DC@eyJkeW5hbWljIjp0cnVlLCJjb250ZW50IjoicG9zdF90aXRsZSIsInNldHRpbmdzIjp7ImJlZm9yZSI6IiIsImFmdGVyIjoiIn19@[\/et_pb_text][\/et_pb_column][\/et_pb_row][et_pb_row column_structure=&#8221;3_4,1_4&#8221; _builder_version=&#8221;4.6.0&#8221; _module_preset=&#8221;default&#8221; background_color=&#8221;#ffffff&#8221; width=&#8221;95%&#8221; custom_margin=&#8221;20px||||false|false&#8221; custom_margin_tablet=&#8221;10px||||false|false&#8221; custom_margin_phone=&#8221;10px||||false|false&#8221; custom_margin_last_edited=&#8221;on|desktop&#8221; custom_padding=&#8221;50px|50px|50px|50px|true|true&#8221; box_shadow_style=&#8221;preset2&#8221;][et_pb_column type=&#8221;3_4&#8221; _builder_version=&#8221;4.6.0&#8221; _module_preset=&#8221;default&#8221;][et_pb_text _builder_version=&#8221;4.7.4&#8221; _module_preset=&#8221;default&#8221; link_font=&#8221;|600|||||||&#8221; header_2_text_align=&#8221;left&#8221; header_2_font_size=&#8221;30px&#8221; header_2_line_height=&#8221;1.2em&#8221; header_font_size_tablet=&#8221;48px&#8221; header_font_size_phone=&#8221;&#8221; header_font_size_last_edited=&#8221;on|tablet&#8221; header_2_font_size_tablet=&#8221;&#8221; header_2_font_size_phone=&#8221;25px&#8221; header_2_font_size_last_edited=&#8221;on|phone&#8221;]<\/p>\n<blockquote>\n<h2>In-Out samostoje\u0107i \u010dita\u010di i kontroleri<\/h2>\n<\/blockquote>\n<p>Samostalni (standalone) sistemi (kontroler i \u010dita\u010d su u jednom ure\u0111aju) su zbog pristupa\u010dne cijene i jednostavne ugradnje pogodni za stambene ili manje poslovne objekte. Raspon In-Out sistema obuhvata vi\u0161e tipova \u010dita\u010da (identifikacija karticom, tipkovnicom, otiskom prsta) u antivandal izvedbi.<\/p>\n<blockquote>\n<h2>Jantar samostoje\u0107i \u010dita\u010di i kontroleri<\/h2>\n<\/blockquote>\n<p>Samostoje\u0107im Jantar rje\u0161enjima kontrole pristupa se mo\u017ee daljinski upravljati i dodjeljivati stalne i povremene pristupne \u0161ifre. Dostupno je nekoliko verzija \u010dita\u010da (sa ili bez TCP\/IP komunikacije) koji komuniciraju sa razli\u010ditim medijima identifikacije (kartice, tagovi, PIN).<\/p>\n<blockquote>\n<h2>Jantar napredna kontrola pristupa<\/h2>\n<\/blockquote>\n<p>Dostupne su razli\u010dite verzije Jantar kontrolera i \u010dita\u010da kojima se upravlja sa vi\u0161e vrata povezanih u sistem. Hardver sistema je povezan sa poslu\u017eiteljem na kojem radi softver za upravljanje kontrolom pristupa.<\/p>\n<blockquote>\n<h2>Jantar Codeks aplikacija za evidenciju radnog vremena<\/h2>\n<\/blockquote>\n<p>Kontrola pristupa se \u010desto kombinuje s evidencijom radnog vremena jer su sistemi logi\u010dno povezani u smislu medija identifikacije i smje\u0161taja kontrolnih ta\u010daka. Dostupne su razli\u010dite verzije Jantar Codeks softvera koje se biraju ovisno o broju zaposlenika i mjesta registracije. Omogu\u0107uju mnoge napredne funkcije i fleksibilno upravljanje ljudskim resursima.<\/p>\n<blockquote>\n<h2>In-Out komplet za nadzor obilaska za\u0161titara<\/h2>\n<\/blockquote>\n<p>In-Out komplet za nadzor obilaska za\u0161titara sastoji se od \u010dita\u010da (gumene palice) kojom za\u0161titar evidentira svoje prisustvo na \u010dita\u010du na mjestu obilaska. Podaci sa \u010dita\u010da se po povratku u dojavni centar u\u010ditavaju u softver za nadzor obilaska.[\/et_pb_text][\/et_pb_column][et_pb_column type=&#8221;1_4&#8221; _builder_version=&#8221;4.6.0&#8221; _module_preset=&#8221;default&#8221; custom_padding_tablet=&#8221;&#8221; custom_padding_phone=&#8221;&#8221; custom_padding_last_edited=&#8221;on|phone&#8221;][et_pb_image src=&#8221;https:\/\/www.alarmautomatika.com\/wp-content\/uploads\/2020\/10\/idea-classic-logo-home-banner.png&#8221; alt=&#8221;iDEA Classic&#8221; title_text=&#8221;iDEA Classic&#8221; align=&#8221;center&#8221; _builder_version=&#8221;4.7.4&#8221; _module_preset=&#8221;default&#8221;][\/et_pb_image][et_pb_accordion module_class=&#8221;idea-value-propositions&#8221; _builder_version=&#8221;4.9.0&#8221; _module_preset=&#8221;default&#8221; global_module=&#8221;8295&#8221;][et_pb_accordion_item title=&#8221;Blank&#8221; open=&#8221;on&#8221; _builder_version=&#8221;4.9.0&#8221; _module_preset=&#8221;default&#8221; custom_css_main_element=&#8221;display:none;&#8221;][\/et_pb_accordion_item][et_pb_accordion_item title=&#8221;Klijenti&#8221; _builder_version=&#8221;4.9.0&#8221; _module_preset=&#8221;default&#8221; open=&#8221;off&#8221;]<\/p>\n<p><a href=\"https:\/\/www.alarmautomatika.com\/bs\/klijenti\/instalateri-tehnicke-zastite\/\">Instalateri tehni\u010dke za\u0161tite<\/a><\/p>\n<p><a href=\"https:\/\/www.alarmautomatika.com\/bs\/klijenti\/dojavni-centri\/\">Dojavni centri<\/a><\/p>\n<p><a href=\"https:\/\/www.alarmautomatika.com\/bs\/klijenti\/elektricari\/\">Elektri\u010dari<\/a><\/p>\n<p><a href=\"https:\/\/www.alarmautomatika.com\/bs\/klijenti\/trgovine-elektromaterijalom-i-it-opremom-internet-trgovine\/\">Trgovine elektromaterijalom i IT opremom, internet trgovine<\/a><\/p>\n<p>[\/et_pb_accordion_item][et_pb_accordion_item title=&#8221;Proizvodi&#8221; _builder_version=&#8221;4.9.0&#8221; _module_preset=&#8221;default&#8221; open=&#8221;off&#8221;]<\/p>\n<p><a href=\"https:\/\/www.alarmautomatika.com\/bs\/proizvodi\/videonadzor\/\">Videonadzor<\/a><\/p>\n<p><a href=\"https:\/\/www.alarmautomatika.com\/bs\/proizvodi\/protuprovala-i-protuprepad\/\">Protuprovala i protuprepad<\/a><\/p>\n<p><a href=\"https:\/\/www.alarmautomatika.com\/bs\/proizvodi\/videointerfoni\/\">Videointerfoni<\/a><\/p>\n<p><a href=\"https:\/\/www.alarmautomatika.com\/bs\/proizvodi\/kontrola-pristupa-i-evidencija-radnog-vremena\/\">Kontrola pristupa i evidencija radnog vremena<\/a><\/p>\n<p><a href=\"https:\/\/www.alarmautomatika.com\/bs\/proizvodi\/audio-rjesenja\/\">Audio rje\u0161enja<\/a><\/p>\n<p><a href=\"https:\/\/www.alarmautomatika.com\/bs\/proizvodi\/automatske-rampe-i-vrata\/\">Automatske rampe i vrata<\/a><\/p>\n<p><a href=\"https:\/\/www.alarmautomatika.com\/bs\/proizvodi\/oprema-za-dojavne-centre\/\">Oprema za dojavne centre<\/a><\/p>\n<p><a href=\"https:\/\/www.alarmautomatika.com\/bs\/proizvodi\/dojava-pozara-i-plina\/\">Dojava po\u017eara i plina<\/a><\/p>\n<p>[\/et_pb_accordion_item][et_pb_accordion_item title=&#8221;Softveri&#8221; _builder_version=&#8221;4.9.0&#8221; _module_preset=&#8221;default&#8221; open=&#8221;off&#8221;]<\/p>\n<p><a href=\"https:\/\/www.alarmautomatika.com\/bs\/softveri\/prijem-i-obrada-alarma\/\">Prijem i obrada signala alarma<\/a><\/p>\n<p>[\/et_pb_accordion_item][et_pb_accordion_item title=&#8221;Usluge&#8221; _builder_version=&#8221;4.9.0&#8221; _module_preset=&#8221;default&#8221; open=&#8221;off&#8221;]<\/p>\n<p><a href=\"https:\/\/www.alarmautomatika.com\/bs\/usluge\/sve-na-jednom-mjestu\/#prodajna-i-tehnicka-podrska\" data-et-has-event-already=\"true\">Prodajna i tehni\u010dka podr\u0161ka<\/a><\/p>\n<p><a href=\"https:\/\/www.alarmautomatika.com\/bs\/usluge\/sve-na-jednom-mjestu\/#oprema-na-skladistu\" data-et-has-event-already=\"true\">Oprema na skladi\u0161tu<\/a><\/p>\n<p><a href=\"https:\/\/www.alarmautomatika.com\/bs\/usluge\/sve-na-jednom-mjestu\/#edukacija-instalatera\" data-et-has-event-already=\"true\">Edukacija instalatera<\/a><\/p>\n<p><a href=\"https:\/\/www.alarmautomatika.com\/bs\/usluge\/sve-na-jednom-mjestu\/#b2b-online-platforma\" data-et-has-event-already=\"true\">B2B online platforma<\/a><\/p>\n<p><a href=\"https:\/\/www.alarmautomatika.com\/bs\/usluge\/sve-na-jednom-mjestu\/#servis\" data-et-has-event-already=\"true\">Servis<\/a><\/p>\n<p><a href=\"https:\/\/www.alarmautomatika.com\/bs\/usluge\/sve-na-jednom-mjestu\/#idea-classic-katalog\" data-et-has-event-already=\"true\">iDEA Classic katalog<\/a><\/p>\n<p>[\/et_pb_accordion_item][et_pb_accordion_item title=&#8221;Platforma&#8221; _builder_version=&#8221;4.9.0&#8221; _module_preset=&#8221;default&#8221; open=&#8221;off&#8221;]<\/p>\n<p><a href=\"https:\/\/www.alarmautomatika.com\/bs\/platforma\/#b2b-platforma\" data-et-has-event-already=\"true\">Jedinstvena B2B platforma koja \u0161tedi vrijeme<\/a><\/p>\n<p>[\/et_pb_accordion_item][\/et_pb_accordion][\/et_pb_column][\/et_pb_row][\/et_pb_section]<\/p>\n","protected":false},"excerpt":{"rendered":"<p>In-Out samostoje\u0107i \u010dita\u010di i kontroleri Samostalni (standalone) sistemi (kontroler i \u010dita\u010d su u jednom ure\u0111aju) su zbog pristupa\u010dne cijene i jednostavne ugradnje pogodni za stambene ili manje poslovne objekte. Raspon In-Out sistema obuhvata vi\u0161e tipova \u010dita\u010da (identifikacija karticom, tipkovnicom, otiskom prsta) u antivandal izvedbi. Jantar samostoje\u0107i \u010dita\u010di i kontroleri Samostoje\u0107im Jantar rje\u0161enjima kontrole pristupa se [&hellip;]<\/p>\n","protected":false},"author":15,"featured_media":0,"parent":3842,"menu_order":0,"comment_status":"closed","ping_status":"closed","template":"","meta":{"_et_pb_use_builder":"on","_et_pb_old_content":"","_et_gb_content_width":"","footnotes":""},"class_list":["post-3897","page","type-page","status-publish","hentry"],"_links":{"self":[{"href":"https:\/\/www.alarmautomatika.com\/bs\/wp-json\/wp\/v2\/pages\/3897","targetHints":{"allow":["GET"]}}],"collection":[{"href":"https:\/\/www.alarmautomatika.com\/bs\/wp-json\/wp\/v2\/pages"}],"about":[{"href":"https:\/\/www.alarmautomatika.com\/bs\/wp-json\/wp\/v2\/types\/page"}],"author":[{"embeddable":true,"href":"https:\/\/www.alarmautomatika.com\/bs\/wp-json\/wp\/v2\/users\/15"}],"replies":[{"embeddable":true,"href":"https:\/\/www.alarmautomatika.com\/bs\/wp-json\/wp\/v2\/comments?post=3897"}],"version-history":[{"count":0,"href":"https:\/\/www.alarmautomatika.com\/bs\/wp-json\/wp\/v2\/pages\/3897\/revisions"}],"up":[{"embeddable":true,"href":"https:\/\/www.alarmautomatika.com\/bs\/wp-json\/wp\/v2\/pages\/3842"}],"wp:attachment":[{"href":"https:\/\/www.alarmautomatika.com\/bs\/wp-json\/wp\/v2\/media?parent=3897"}],"curies":[{"name":"wp","href":"https:\/\/api.w.org\/{rel}","templated":true}]}}