{"id":3938,"date":"2020-08-26T15:11:20","date_gmt":"2020-08-26T13:11:20","guid":{"rendered":"https:\/\/www.alarmautomatika.com\/platforma\/"},"modified":"2022-02-03T10:19:19","modified_gmt":"2022-02-03T09:19:19","slug":"platforma","status":"publish","type":"page","link":"https:\/\/www.alarmautomatika.com\/bs\/platforma\/","title":{"rendered":"Platforma"},"content":{"rendered":"<p>[et_pb_section fb_built=&#8221;1&#8221; _builder_version=&#8221;4.6.2&#8221; _module_preset=&#8221;default&#8221; background_image=&#8221;https:\/\/www.alarmautomatika.com\/wp-content\/uploads\/2020\/09\/platforme.jpg&#8221; background_size=&#8221;initial&#8221; background_position=&#8221;top_center&#8221;][et_pb_row _builder_version=&#8221;4.6.0&#8221; _module_preset=&#8221;default&#8221; width=&#8221;95%&#8221;][et_pb_column type=&#8221;4_4&#8221; _builder_version=&#8221;4.6.0&#8221; _module_preset=&#8221;default&#8221;][et_pb_text _builder_version=&#8221;4.6.0&#8221; _dynamic_attributes=&#8221;content&#8221; _module_preset=&#8221;default&#8221; text_font=&#8221;|600|||||||&#8221; text_text_color=&#8221;#ffffff&#8221; text_font_size=&#8221;48px&#8221; text_line_height=&#8221;1.2em&#8221; custom_padding=&#8221;80px|50px||50px|false|true&#8221; text_font_size_tablet=&#8221;40px&#8221; text_font_size_phone=&#8221;32px&#8221; text_font_size_last_edited=&#8221;on|desktop&#8221; text_line_height_tablet=&#8221;&#8221; text_line_height_phone=&#8221;&#8221; text_line_height_last_edited=&#8221;on|phone&#8221; header_font_tablet=&#8221;&#8221; header_font_phone=&#8221;&#8221; header_font_last_edited=&#8221;on|phone&#8221; header_font_size_tablet=&#8221;&#8221; header_font_size_phone=&#8221;&#8221; header_font_size_last_edited=&#8221;on|phone&#8221; header_line_height_tablet=&#8221;&#8221; header_line_height_phone=&#8221;&#8221; header_line_height_last_edited=&#8221;on|desktop&#8221;]@ET-DC@eyJkeW5hbWljIjp0cnVlLCJjb250ZW50IjoicG9zdF90aXRsZSIsInNldHRpbmdzIjp7ImJlZm9yZSI6IiIsImFmdGVyIjoiIn19@[\/et_pb_text][\/et_pb_column][\/et_pb_row][et_pb_row column_structure=&#8221;3_4,1_4&#8221; _builder_version=&#8221;4.6.0&#8221; _module_preset=&#8221;default&#8221; background_color=&#8221;#ffffff&#8221; width=&#8221;95%&#8221; custom_margin=&#8221;20px||||false|false&#8221; custom_margin_tablet=&#8221;10px||||false|false&#8221; custom_margin_phone=&#8221;10px||||false|false&#8221; custom_margin_last_edited=&#8221;on|desktop&#8221; custom_padding=&#8221;50px|50px|50px|50px|true|true&#8221; box_shadow_style=&#8221;preset2&#8221;][et_pb_column type=&#8221;3_4&#8221; _builder_version=&#8221;4.6.0&#8221; _module_preset=&#8221;default&#8221;][et_pb_text _builder_version=&#8221;4.7.7&#8221; _module_preset=&#8221;default&#8221; link_font=&#8221;|600|||||||&#8221; header_2_text_align=&#8221;left&#8221; header_2_font_size=&#8221;30px&#8221; header_2_line_height=&#8221;1.2em&#8221; header_font_size_tablet=&#8221;48px&#8221; header_font_size_phone=&#8221;&#8221; header_font_size_last_edited=&#8221;on|tablet&#8221; header_2_font_size_tablet=&#8221;&#8221; header_2_font_size_phone=&#8221;25px&#8221; header_2_font_size_last_edited=&#8221;on|phone&#8221;]<\/p>\n<blockquote>\n<h2 id=\"razmjena-znanja\">Razmjena znanja u\u010desnika procesa gra\u0111enja<\/h2>\n<\/blockquote>\n<p>Platforma omogu\u0107ava edukaciju korisnika, projektanata i pru\u017eatelja konsultantskih usluga. Osim referenci i postoje\u0107ih rje\u0161enja, sadr\u017ei i mjere koje je mogu\u0107e pregledavati.<\/p>\n<blockquote>\n<h2 id=\"b2b-projektna-dokumentacija\">B2B platforma s kompletnom dokumentacijom<\/h2>\n<\/blockquote>\n<p>Alarm automatika B2B platforma omogu\u0107ava pronala\u017eenje najboljih proizvoda i rje\u0161enja za razli\u010dite tipove objekata. Sadr\u017ei kompletnu ponudu s detaljnom dokumentacijom koja je potrebna za projektovanje, ugradnju, integraciju i odr\u017eavanje Smart Safety sistema. \u00a0<\/p>\n<blockquote>\n<h2 id=\"b2b-platforma\">Jedinstvena B2B platforma koja \u0161tedi vrijeme<\/h2>\n<\/blockquote>\n<p>B2B online platforma kreirana je kako bi omogu\u0107ila klijentima da svojim kupcima pripreme sve potrebno \u2013 od ponude, preko isporuke opreme do naplate \u2013 bez ponavljanja koraka. Ponudu je mogu\u0107e pretvoriti u narud\u017ebu, narud\u017ebu u ra\u010dun, a ra\u010dun u primku. Time se pove\u0107ava fleksibilnost i pouzdanost, \u0161tedi vrijeme i energija, pove\u0107ava efikasnost te izbjegavaju gre\u0161ke u procesu. \u00a0<\/p>\n<blockquote>\n<h2 id=\"b2c-platforma\">Interaktivna B2C platforma alex.shop<\/h2>\n<\/blockquote>\n<p>alex.shop je B2C online platforma koja omogu\u0107ava online naru\u010divanje i pla\u0107anje sigurnosnih rje\u0161enja, live-chat podr\u0161ku, Alex aplikaciju za notifikaciju alarma za\u0161titarskom dojavnom centru i razli\u010dite pakete usluga po izboru korisnika.<\/p>\n<p>[\/et_pb_text][\/et_pb_column][et_pb_column type=&#8221;1_4&#8221; _builder_version=&#8221;4.6.0&#8221; _module_preset=&#8221;default&#8221; custom_padding_tablet=&#8221;&#8221; custom_padding_phone=&#8221;&#8221; custom_padding_last_edited=&#8221;on|phone&#8221;][\/et_pb_column][\/et_pb_row][\/et_pb_section]<\/p>\n","protected":false},"excerpt":{"rendered":"<p>Razmjena znanja u\u010desnika procesa gra\u0111enja Platforma omogu\u0107ava edukaciju korisnika, projektanata i pru\u017eatelja konsultantskih usluga. Osim referenci i postoje\u0107ih rje\u0161enja, sadr\u017ei i mjere koje je mogu\u0107e pregledavati. B2B platforma s kompletnom dokumentacijom Alarm automatika B2B platforma omogu\u0107ava pronala\u017eenje najboljih proizvoda i rje\u0161enja za razli\u010dite tipove objekata. Sadr\u017ei kompletnu ponudu s detaljnom dokumentacijom koja je potrebna za [&hellip;]<\/p>\n","protected":false},"author":15,"featured_media":0,"parent":0,"menu_order":0,"comment_status":"closed","ping_status":"closed","template":"","meta":{"_et_pb_use_builder":"on","_et_pb_old_content":"","_et_gb_content_width":"","footnotes":""},"class_list":["post-3938","page","type-page","status-publish","hentry"],"_links":{"self":[{"href":"https:\/\/www.alarmautomatika.com\/bs\/wp-json\/wp\/v2\/pages\/3938","targetHints":{"allow":["GET"]}}],"collection":[{"href":"https:\/\/www.alarmautomatika.com\/bs\/wp-json\/wp\/v2\/pages"}],"about":[{"href":"https:\/\/www.alarmautomatika.com\/bs\/wp-json\/wp\/v2\/types\/page"}],"author":[{"embeddable":true,"href":"https:\/\/www.alarmautomatika.com\/bs\/wp-json\/wp\/v2\/users\/15"}],"replies":[{"embeddable":true,"href":"https:\/\/www.alarmautomatika.com\/bs\/wp-json\/wp\/v2\/comments?post=3938"}],"version-history":[{"count":0,"href":"https:\/\/www.alarmautomatika.com\/bs\/wp-json\/wp\/v2\/pages\/3938\/revisions"}],"wp:attachment":[{"href":"https:\/\/www.alarmautomatika.com\/bs\/wp-json\/wp\/v2\/media?parent=3938"}],"curies":[{"name":"wp","href":"https:\/\/api.w.org\/{rel}","templated":true}]}}