{"id":3963,"date":"2020-08-20T14:57:01","date_gmt":"2020-08-20T12:57:01","guid":{"rendered":"https:\/\/www.alarmautomatika.com\/proizvodi\/upravljanje-potrosnjom-energije\/"},"modified":"2023-11-10T08:59:35","modified_gmt":"2023-11-10T07:59:35","slug":"upravljanje-potrosnjom-energije","status":"publish","type":"page","link":"https:\/\/www.alarmautomatika.com\/bs\/proizvodi\/upravljanje-potrosnjom-energije\/","title":{"rendered":"Upravljanje potro\u0161njom energije"},"content":{"rendered":"<p>[et_pb_section fb_built=&#8221;1&#8221; _builder_version=&#8221;4.6.2&#8221; _module_preset=&#8221;default&#8221; background_image=&#8221;https:\/\/www.alarmautomatika.com\/wp-content\/uploads\/2020\/09\/Upravljanje-potrosnjom-energije.jpg&#8221; background_size=&#8221;initial&#8221; background_position=&#8221;top_center&#8221;][et_pb_row _builder_version=&#8221;4.6.0&#8221; _module_preset=&#8221;default&#8221; width=&#8221;95%&#8221;][et_pb_column type=&#8221;4_4&#8221; _builder_version=&#8221;4.6.0&#8221; _module_preset=&#8221;default&#8221;][et_pb_text _builder_version=&#8221;4.6.0&#8221; _dynamic_attributes=&#8221;content&#8221; _module_preset=&#8221;default&#8221; text_font=&#8221;|600|||||||&#8221; text_text_color=&#8221;#ffffff&#8221; text_font_size=&#8221;48px&#8221; text_line_height=&#8221;1.2em&#8221; custom_padding=&#8221;80px|50px||50px|false|true&#8221; text_font_size_tablet=&#8221;40px&#8221; text_font_size_phone=&#8221;32px&#8221; text_font_size_last_edited=&#8221;on|desktop&#8221; text_line_height_tablet=&#8221;&#8221; text_line_height_phone=&#8221;&#8221; text_line_height_last_edited=&#8221;on|phone&#8221; header_font_tablet=&#8221;&#8221; header_font_phone=&#8221;&#8221; header_font_last_edited=&#8221;on|phone&#8221; header_font_size_tablet=&#8221;&#8221; header_font_size_phone=&#8221;&#8221; header_font_size_last_edited=&#8221;on|phone&#8221; header_line_height_tablet=&#8221;&#8221; header_line_height_phone=&#8221;&#8221; header_line_height_last_edited=&#8221;on|desktop&#8221;]@ET-DC@eyJkeW5hbWljIjp0cnVlLCJjb250ZW50IjoicG9zdF90aXRsZSIsInNldHRpbmdzIjp7ImJlZm9yZSI6IiIsImFmdGVyIjoiIn19@[\/et_pb_text][\/et_pb_column][\/et_pb_row][et_pb_row column_structure=&#8221;3_4,1_4&#8221; _builder_version=&#8221;4.6.0&#8221; _module_preset=&#8221;default&#8221; background_color=&#8221;#ffffff&#8221; width=&#8221;95%&#8221; custom_margin=&#8221;20px||||false|false&#8221; custom_margin_tablet=&#8221;10px||||false|false&#8221; custom_margin_phone=&#8221;10px||||false|false&#8221; custom_margin_last_edited=&#8221;on|desktop&#8221; custom_padding=&#8221;50px|50px|50px|50px|true|true&#8221; box_shadow_style=&#8221;preset2&#8221;][et_pb_column type=&#8221;3_4&#8221; _builder_version=&#8221;4.6.0&#8221; _module_preset=&#8221;default&#8221;][et_pb_text _builder_version=&#8221;4.7.4&#8221; _module_preset=&#8221;default&#8221; link_font=&#8221;|600|||||||&#8221; header_2_text_align=&#8221;left&#8221; header_2_font_size=&#8221;30px&#8221; header_2_line_height=&#8221;1.2em&#8221; header_font_size_tablet=&#8221;48px&#8221; header_font_size_phone=&#8221;&#8221; header_font_size_last_edited=&#8221;on|tablet&#8221; header_2_font_size_tablet=&#8221;&#8221; header_2_font_size_phone=&#8221;25px&#8221; header_2_font_size_last_edited=&#8221;on|phone&#8221;]<\/p>\n<blockquote>\n<h2>Pametne uti\u010dnice<\/h2>\n<\/blockquote>\n<p>Be\u017ei\u010dne pametne uti\u010dnice s pra\u0107enjem potro\u0161nje elektri\u010dne energije. Ure\u0111aj \u0161titi od preoptere\u0107enja i kratkog spoja. Prikladne su za spajanje svih ku\u0107anskih aparata, kompatibilne s EU uti\u010dnicama tipa F. Omogu\u0107avaju slanje upozorenja o prekidu napajanja putem SMS-a ili putem push notifikacije na mobitelu korisnika.<\/p>\n<blockquote>\n<h2>Be\u017ei\u010dni prekida\u010di<\/h2>\n<\/blockquote>\n<p>Uz pomo\u0107 zidnih prekida\u010da, jednostavno mo\u017eete upravljati rasvjetom i drugim elektri\u010dnim ure\u0111ajima. Be\u017ei\u010dni zidni prekida\u010di jednostavno se montiraju na mjesta postoje\u0107ih zidnih prekida\u010da ili se mogu uz pomo\u0107 ljepljivih traka postaviti na bilo koju ravnu povr\u0161inu.<\/p>\n<p>Be\u017ei\u010dni mini prekida\u010di ne zahtijevaju spajanje putem \u017eica, a zahvaljuju\u0107i svom minimalisti\u010dkom dizajnu, uklopit \u0107e se u bilo kakvo okru\u017eenje.<\/p>\n<blockquote>\n<h2>Releji<\/h2>\n<\/blockquote>\n<p>Be\u017ei\u010dni releji omogu\u0107avaju daljinsko upravljanje visokonaponskom i niskonaponskom opremom. Koriste se za uklju\u010divanje\/isklju\u010divanje pegle, gara\u017enih vrata, grija\u010da vode i podova s toplotnom izolacijom. Ure\u0111aji su za\u0161ti\u0107eni od prenapona i pregrijavanja. Mogu se koristiti i za aktiviranje elektri\u010dnih brava, ulaznih i zakretnih vrata, roletni i zavjesa te za ponovno pokretanje modema i rutera. Sigurnost upotrebe ure\u0111aja garantuje funkcija provjere autenti\u010dnosti, otkrivanja ometanja i \u0161ifriranje komunikacijskih kanala.[\/et_pb_text][\/et_pb_column][et_pb_column type=&#8221;1_4&#8221; _builder_version=&#8221;4.6.0&#8221; _module_preset=&#8221;default&#8221; custom_padding_tablet=&#8221;&#8221; custom_padding_phone=&#8221;&#8221; custom_padding_last_edited=&#8221;on|phone&#8221;][et_pb_image src=&#8221;https:\/\/www.alarmautomatika.com\/wp-content\/uploads\/2020\/10\/idea-express-logo-home-banner.png&#8221; alt=&#8221;iDEA Express&#8221; title_text=&#8221;iDEA Express&#8221; align=&#8221;center&#8221; _builder_version=&#8221;4.7.4&#8221; _module_preset=&#8221;default&#8221;][\/et_pb_image][et_pb_accordion module_class=&#8221;idea-value-propositions&#8221; _builder_version=&#8221;4.9.0&#8221; _module_preset=&#8221;default&#8221; global_module=&#8221;8296&#8221;][et_pb_accordion_item title=&#8221;Blank&#8221; open=&#8221;on&#8221; _builder_version=&#8221;4.9.0&#8221; _module_preset=&#8221;default&#8221; custom_css_main_element=&#8221;display:none;&#8221;][\/et_pb_accordion_item][et_pb_accordion_item title=&#8221;Klijenti&#8221; _builder_version=&#8221;4.9.0&#8221; _module_preset=&#8221;default&#8221; open=&#8221;off&#8221;]<\/p>\n<p><a href=\"https:\/\/www.alarmautomatika.com\/bs\/klijenti\/vlasnici-stambenih-i-manjih-poslovnih-objekata\/\">Vlasnici stambenih i manjih poslovnih objekata<\/a><\/p>\n<p>[\/et_pb_accordion_item][et_pb_accordion_item title=&#8221;Proizvodi&#8221; _builder_version=&#8221;4.9.0&#8221; _module_preset=&#8221;default&#8221; open=&#8221;off&#8221;]<\/p>\n<p><a href=\"https:\/\/www.alarmautomatika.com\/bs\/proizvodi\/upravljanje-potrosnjom-energije\/\">Upravljanje potro\u0161njom energije<\/a><\/p>\n<p><a href=\"https:\/\/www.alarmautomatika.com\/bs\/proizvodi\/upravljanje-rasvjetom\/\">Upravljanje rasvjetom<\/a><\/p>\n<p><a href=\"https:\/\/www.alarmautomatika.com\/bs\/proizvodi\/protuprovala-s-videoverifikacijom\/\">Protuprovala s videoverifikacijom<\/a><\/p>\n<p><a href=\"https:\/\/www.alarmautomatika.com\/bs\/proizvodi\/prevencija-pozara-poplave-i-istjecanja-plina\/\">Prevencija po\u017eara, poplave i istjecanja plina<\/a><\/p>\n<p><a href=\"https:\/\/www.alarmautomatika.com\/bs\/proizvodi\/zakljucavanje-vrata\/\">Pametne brave<\/a><\/p>\n<p><a href=\"https:\/\/www.alarmautomatika.com\/bs\/proizvodi\/sos-medicinski-alarmi\/\">SOS medicinski alarmi<\/a><\/p>\n<p><a href=\"https:\/\/www.alarmautomatika.com\/bs\/proizvodi\/videonadzor-pametnog-doma\/\">Videonadzor pametnog doma<\/a><\/p>\n<p>[\/et_pb_accordion_item][et_pb_accordion_item title=&#8221;Softveri&#8221; _builder_version=&#8221;4.9.0&#8221; _module_preset=&#8221;default&#8221; open=&#8221;off&#8221;]<\/p>\n<p><a href=\"https:\/\/www.alarmautomatika.com\/bs\/softveri\/mobilna-aplikacija-za-potvrdu-zastitarske-intervencije\/\">Mobilna aplikacija za potvrdu za\u0161titarske intervencije<\/a><\/p>\n<p>[\/et_pb_accordion_item][et_pb_accordion_item title=&#8221;Usluge&#8221; _builder_version=&#8221;4.9.0&#8221; _module_preset=&#8221;default&#8221; open=&#8221;off&#8221;]<\/p>\n<p><a href=\"https:\/\/www.alarmautomatika.com\/bs\/usluge\/po-mjeri-korisnika\/#paketi-prilagodjeni-potrebama-korisnika\" data-et-has-event-already=\"true\">Paketi prilago\u0111eni potrebama korisnika<\/a><\/p>\n<p><a href=\"https:\/\/www.alarmautomatika.com\/bs\/usluge\/po-mjeri-korisnika\/#dojava-alarma-na-mobitel\" data-et-has-event-already=\"true\">Dojava alarma na mobitel<\/a><\/p>\n<p><a href=\"https:\/\/www.alarmautomatika.com\/bs\/usluge\/po-mjeri-korisnika\/#servis-uredjaja\" data-et-has-event-already=\"true\">Servis ure\u0111aja<\/a><\/p>\n<p><a href=\"https:\/\/www.alarmautomatika.com\/bs\/usluge\/po-mjeri-korisnika\/#monitoring-sustava\" data-et-has-event-already=\"true\">Monitoring sustava<\/a><\/p>\n<p><a href=\"https:\/\/www.alarmautomatika.com\/bs\/usluge\/po-mjeri-korisnika\/#zastitarska-intervencija\" data-et-has-event-already=\"true\">Za\u0161titarska intervencija<\/a><\/p>\n<p>[\/et_pb_accordion_item][et_pb_accordion_item title=&#8221;Platforma&#8221; _builder_version=&#8221;4.9.0&#8221; _module_preset=&#8221;default&#8221; open=&#8221;off&#8221;]<\/p>\n<p><a href=\"https:\/\/www.alarmautomatika.com\/bs\/platforma\/#b2c-platforma\" data-et-has-event-already=\"true\">Interaktivna B2C platforma<\/a><\/p>\n<p>[\/et_pb_accordion_item][\/et_pb_accordion][\/et_pb_column][\/et_pb_row][\/et_pb_section]<\/p>\n","protected":false},"excerpt":{"rendered":"<p>Pametne uti\u010dnice Be\u017ei\u010dne pametne uti\u010dnice s pra\u0107enjem potro\u0161nje elektri\u010dne energije. Ure\u0111aj \u0161titi od preoptere\u0107enja i kratkog spoja. Prikladne su za spajanje svih ku\u0107anskih aparata, kompatibilne s EU uti\u010dnicama tipa F. Omogu\u0107avaju slanje upozorenja o prekidu napajanja putem SMS-a ili putem push notifikacije na mobitelu korisnika. Be\u017ei\u010dni prekida\u010di Uz pomo\u0107 zidnih prekida\u010da, jednostavno mo\u017eete upravljati rasvjetom [&hellip;]<\/p>\n","protected":false},"author":15,"featured_media":0,"parent":3842,"menu_order":0,"comment_status":"closed","ping_status":"closed","template":"","meta":{"_et_pb_use_builder":"on","_et_pb_old_content":"","_et_gb_content_width":"","footnotes":""},"class_list":["post-3963","page","type-page","status-publish","hentry"],"_links":{"self":[{"href":"https:\/\/www.alarmautomatika.com\/bs\/wp-json\/wp\/v2\/pages\/3963","targetHints":{"allow":["GET"]}}],"collection":[{"href":"https:\/\/www.alarmautomatika.com\/bs\/wp-json\/wp\/v2\/pages"}],"about":[{"href":"https:\/\/www.alarmautomatika.com\/bs\/wp-json\/wp\/v2\/types\/page"}],"author":[{"embeddable":true,"href":"https:\/\/www.alarmautomatika.com\/bs\/wp-json\/wp\/v2\/users\/15"}],"replies":[{"embeddable":true,"href":"https:\/\/www.alarmautomatika.com\/bs\/wp-json\/wp\/v2\/comments?post=3963"}],"version-history":[{"count":1,"href":"https:\/\/www.alarmautomatika.com\/bs\/wp-json\/wp\/v2\/pages\/3963\/revisions"}],"predecessor-version":[{"id":49886,"href":"https:\/\/www.alarmautomatika.com\/bs\/wp-json\/wp\/v2\/pages\/3963\/revisions\/49886"}],"up":[{"embeddable":true,"href":"https:\/\/www.alarmautomatika.com\/bs\/wp-json\/wp\/v2\/pages\/3842"}],"wp:attachment":[{"href":"https:\/\/www.alarmautomatika.com\/bs\/wp-json\/wp\/v2\/media?parent=3963"}],"curies":[{"name":"wp","href":"https:\/\/api.w.org\/{rel}","templated":true}]}}