{"id":4112,"date":"2020-08-20T14:33:18","date_gmt":"2020-08-20T12:33:18","guid":{"rendered":"https:\/\/www.alarmautomatika.com\/proizvodi\/audio-rjesenja\/"},"modified":"2022-02-03T10:22:37","modified_gmt":"2022-02-03T09:22:37","slug":"audio-rjesenja","status":"publish","type":"page","link":"https:\/\/www.alarmautomatika.com\/bs\/proizvodi\/audio-rjesenja\/","title":{"rendered":"Audio rje\u0161enja"},"content":{"rendered":"<p>[et_pb_section fb_built=&#8221;1&#8221; _builder_version=&#8221;4.6.2&#8221; _module_preset=&#8221;default&#8221; background_image=&#8221;https:\/\/www.alarmautomatika.com\/wp-content\/uploads\/2020\/09\/Audio-rjesenja.jpg&#8221; background_size=&#8221;initial&#8221; background_position=&#8221;top_center&#8221;][et_pb_row _builder_version=&#8221;4.6.0&#8221; _module_preset=&#8221;default&#8221; width=&#8221;95%&#8221;][et_pb_column type=&#8221;4_4&#8221; _builder_version=&#8221;4.6.0&#8221; _module_preset=&#8221;default&#8221;][et_pb_text _builder_version=&#8221;4.6.0&#8221; _dynamic_attributes=&#8221;content&#8221; _module_preset=&#8221;default&#8221; text_font=&#8221;|600|||||||&#8221; text_text_color=&#8221;#ffffff&#8221; text_font_size=&#8221;48px&#8221; text_line_height=&#8221;1.2em&#8221; custom_padding=&#8221;80px|50px||50px|false|true&#8221; hover_enabled=&#8221;0&#8221; text_font_size_tablet=&#8221;40px&#8221; text_font_size_phone=&#8221;32px&#8221; text_font_size_last_edited=&#8221;on|desktop&#8221; text_line_height_tablet=&#8221;&#8221; text_line_height_phone=&#8221;&#8221; text_line_height_last_edited=&#8221;on|phone&#8221; header_font_tablet=&#8221;&#8221; header_font_phone=&#8221;&#8221; header_font_last_edited=&#8221;on|phone&#8221; header_font_size_tablet=&#8221;&#8221; header_font_size_phone=&#8221;&#8221; header_font_size_last_edited=&#8221;on|phone&#8221; header_line_height_tablet=&#8221;&#8221; header_line_height_phone=&#8221;&#8221; header_line_height_last_edited=&#8221;on|desktop&#8221; sticky_enabled=&#8221;0&#8221;]@ET-DC@eyJkeW5hbWljIjp0cnVlLCJjb250ZW50IjoicG9zdF90aXRsZSIsInNldHRpbmdzIjp7ImJlZm9yZSI6IiIsImFmdGVyIjoiIn19@[\/et_pb_text][\/et_pb_column][\/et_pb_row][et_pb_row column_structure=&#8221;3_4,1_4&#8221; _builder_version=&#8221;4.6.0&#8221; _module_preset=&#8221;default&#8221; background_color=&#8221;#ffffff&#8221; width=&#8221;95%&#8221; custom_margin=&#8221;20px||||false|false&#8221; custom_margin_tablet=&#8221;10px||||false|false&#8221; custom_margin_phone=&#8221;10px||||false|false&#8221; custom_margin_last_edited=&#8221;on|desktop&#8221; custom_padding=&#8221;50px|50px|50px|50px|true|true&#8221; box_shadow_style=&#8221;preset2&#8221;][et_pb_column type=&#8221;3_4&#8221; _builder_version=&#8221;4.6.0&#8221; _module_preset=&#8221;default&#8221;][et_pb_text _builder_version=&#8221;4.7.4&#8221; _module_preset=&#8221;default&#8221; link_font=&#8221;|600|||||||&#8221; header_2_text_align=&#8221;left&#8221; header_2_font_size=&#8221;30px&#8221; header_2_line_height=&#8221;1.2em&#8221; hover_enabled=&#8221;0&#8221; header_font_size_tablet=&#8221;48px&#8221; header_font_size_phone=&#8221;&#8221; header_font_size_last_edited=&#8221;on|tablet&#8221; header_2_font_size_tablet=&#8221;&#8221; header_2_font_size_phone=&#8221;25px&#8221; header_2_font_size_last_edited=&#8221;on|phone&#8221; sticky_enabled=&#8221;0&#8221;]<\/p>\n<blockquote>\n<h2>Fonestar izvori zvuka<\/h2>\n<\/blockquote>\n<p>Fonestar poja\u010dala omogu\u0107avaju emitovanje zvuka sa raznih izvora \u2013 radio ure\u0111aja, USB\/SD\/MP3 player-a i mikrofona. Zato se mogu prilagoditi kori\u0161tenju u razli\u010ditim aplikacijama (prodavnice, \u0161kole, vjerske ustanove, kafi\u0107i).<\/p>\n<blockquote>\n<h2>Fonestar kontrola zvuka<\/h2>\n<\/blockquote>\n<p>Raspon Fonestar poja\u010dala razli\u010dite snage omogu\u0107ava potpunu prilagodbu audio rje\u0161enja zahtjevima aplikacije. Putem dodatnih ateunatora je omogu\u0107eno pode\u0161avanje razli\u010dite ja\u010dine zvuka u razli\u010ditim prostorima.<\/p>\n<blockquote>\n<h2>Fonestar zvu\u010dnici<\/h2>\n<\/blockquote>\n<p>Fonestar zvu\u010dnici su dostupni u razli\u010ditim izvedbama (nadgradni, stropni) i sa razli\u010ditim karakteristikama. To omogu\u0107ava da se svaki prostor opremi adekvatnim razglasom koji \u0107e se svojim dizajnom u potpunosti uklopiti u interijer.<\/p>\n<blockquote>\n<h2>Fonestar be\u017ei\u010dno rje\u0161enje razvoda zvuka<\/h2>\n<\/blockquote>\n<p>Za prostore koji su ve\u0107 u funkciji i u kojima bi postupak o\u017ei\u010denja sistema razglasa ometao rad koriste se Fonestar be\u017ei\u010dna rje\u0161enja. Dostupno je vi\u0161e tipova be\u017ei\u010dnih prijemnika, slu\u0161alica, mikrofona i napaja\u010da.<\/p>\n<blockquote>\n<h2>Fonestar beskontaktna komunikacija<\/h2>\n<\/blockquote>\n<p>Fonestar interkom sistemi omogu\u0107avaju jasnu govornu komunikaciju izme\u0111u ljudi koji se nalaze u odvojenim prostorima ili komuniciraju kroz staklenu pregradu bez fizi\u010dkog kontakta. Za monta\u017eu i kori\u0161tenje dostupna su vrlo jednostavna samostoje\u0107a rje\u0161enja. Ona se u na\u010delu sastoje od zvu\u010dnika i mikrofona koji mogu biti povezani \u017ei\u010dano i be\u017ei\u010dno.<\/p>\n<p>[\/et_pb_text][\/et_pb_column][et_pb_column type=&#8221;1_4&#8221; _builder_version=&#8221;4.6.0&#8221; _module_preset=&#8221;default&#8221; custom_padding_tablet=&#8221;&#8221; custom_padding_phone=&#8221;&#8221; custom_padding_last_edited=&#8221;on|phone&#8221;][et_pb_image src=&#8221;https:\/\/www.alarmautomatika.com\/wp-content\/uploads\/2020\/10\/idea-classic-logo-home-banner.png&#8221; alt=&#8221;iDEA Classic&#8221; title_text=&#8221;iDEA Classic&#8221; align=&#8221;center&#8221; _builder_version=&#8221;4.7.4&#8221; _module_preset=&#8221;default&#8221; hover_enabled=&#8221;0&#8221; sticky_enabled=&#8221;0&#8221;][\/et_pb_image][et_pb_accordion module_class=&#8221;idea-value-propositions&#8221; _builder_version=&#8221;4.9.0&#8221; _module_preset=&#8221;default&#8221; hover_enabled=&#8221;0&#8221; global_module=&#8221;8295&#8221; sticky_enabled=&#8221;0&#8221;][et_pb_accordion_item title=&#8221;Blank&#8221; open=&#8221;on&#8221; _builder_version=&#8221;4.9.0&#8221; _module_preset=&#8221;default&#8221; custom_css_main_element=&#8221;display:none;&#8221;][\/et_pb_accordion_item][et_pb_accordion_item title=&#8221;Klijenti&#8221; _builder_version=&#8221;4.9.0&#8221; _module_preset=&#8221;default&#8221; open=&#8221;off&#8221;]<\/p>\n<p><a href=\"https:\/\/www.alarmautomatika.com\/bs\/klijenti\/instalateri-tehnicke-zastite\/\">Instalateri tehni\u010dke za\u0161tite<\/a><\/p>\n<p><a href=\"https:\/\/www.alarmautomatika.com\/bs\/klijenti\/dojavni-centri\/\">Dojavni centri<\/a><\/p>\n<p><a href=\"https:\/\/www.alarmautomatika.com\/bs\/klijenti\/elektricari\/\">Elektri\u010dari<\/a><\/p>\n<p><a href=\"https:\/\/www.alarmautomatika.com\/bs\/klijenti\/trgovine-elektromaterijalom-i-it-opremom-internet-trgovine\/\">Trgovine elektromaterijalom i IT opremom, internet trgovine<\/a><\/p>\n<p>[\/et_pb_accordion_item][et_pb_accordion_item title=&#8221;Proizvodi&#8221; _builder_version=&#8221;4.9.0&#8221; _module_preset=&#8221;default&#8221; open=&#8221;off&#8221;]<\/p>\n<p><a href=\"https:\/\/www.alarmautomatika.com\/bs\/proizvodi\/videonadzor\/\">Videonadzor<\/a><\/p>\n<p><a href=\"https:\/\/www.alarmautomatika.com\/bs\/proizvodi\/protuprovala-i-protuprepad\/\">Protuprovala i protuprepad<\/a><\/p>\n<p><a href=\"https:\/\/www.alarmautomatika.com\/bs\/proizvodi\/videointerfoni\/\">Videointerfoni<\/a><\/p>\n<p><a href=\"https:\/\/www.alarmautomatika.com\/bs\/proizvodi\/kontrola-pristupa-i-evidencija-radnog-vremena\/\">Kontrola pristupa i evidencija radnog vremena<\/a><\/p>\n<p><a href=\"https:\/\/www.alarmautomatika.com\/bs\/proizvodi\/audio-rjesenja\/\">Audio rje\u0161enja<\/a><\/p>\n<p><a href=\"https:\/\/www.alarmautomatika.com\/bs\/proizvodi\/automatske-rampe-i-vrata\/\">Automatske rampe i vrata<\/a><\/p>\n<p><a href=\"https:\/\/www.alarmautomatika.com\/bs\/proizvodi\/oprema-za-dojavne-centre\/\">Oprema za dojavne centre<\/a><\/p>\n<p><a href=\"https:\/\/www.alarmautomatika.com\/bs\/proizvodi\/dojava-pozara-i-plina\/\">Dojava po\u017eara i plina<\/a><\/p>\n<p>[\/et_pb_accordion_item][et_pb_accordion_item title=&#8221;Softveri&#8221; _builder_version=&#8221;4.9.0&#8221; _module_preset=&#8221;default&#8221; open=&#8221;off&#8221;]<\/p>\n<p><a href=\"https:\/\/www.alarmautomatika.com\/bs\/softveri\/prijem-i-obrada-alarma\/\">Prijem i obrada signala alarma<\/a><\/p>\n<p>[\/et_pb_accordion_item][et_pb_accordion_item title=&#8221;Usluge&#8221; _builder_version=&#8221;4.9.0&#8221; _module_preset=&#8221;default&#8221; open=&#8221;off&#8221;]<\/p>\n<p><a href=\"https:\/\/www.alarmautomatika.com\/bs\/usluge\/sve-na-jednom-mjestu\/#prodajna-i-tehnicka-podrska\" data-et-has-event-already=\"true\">Prodajna i tehni\u010dka podr\u0161ka<\/a><\/p>\n<p><a href=\"https:\/\/www.alarmautomatika.com\/bs\/usluge\/sve-na-jednom-mjestu\/#oprema-na-skladistu\" data-et-has-event-already=\"true\">Oprema na skladi\u0161tu<\/a><\/p>\n<p><a href=\"https:\/\/www.alarmautomatika.com\/bs\/usluge\/sve-na-jednom-mjestu\/#edukacija-instalatera\" data-et-has-event-already=\"true\">Edukacija instalatera<\/a><\/p>\n<p><a href=\"https:\/\/www.alarmautomatika.com\/bs\/usluge\/sve-na-jednom-mjestu\/#b2b-online-platforma\" data-et-has-event-already=\"true\">B2B online platforma<\/a><\/p>\n<p><a href=\"https:\/\/www.alarmautomatika.com\/bs\/usluge\/sve-na-jednom-mjestu\/#servis\" data-et-has-event-already=\"true\">Servis<\/a><\/p>\n<p><a href=\"https:\/\/www.alarmautomatika.com\/bs\/usluge\/sve-na-jednom-mjestu\/#idea-classic-katalog\" data-et-has-event-already=\"true\">iDEA Classic katalog<\/a><\/p>\n<p>[\/et_pb_accordion_item][et_pb_accordion_item title=&#8221;Platforma&#8221; _builder_version=&#8221;4.9.0&#8221; _module_preset=&#8221;default&#8221; open=&#8221;off&#8221;]<\/p>\n<p><a href=\"https:\/\/www.alarmautomatika.com\/bs\/platforma\/#b2b-platforma\" data-et-has-event-already=\"true\">Jedinstvena B2B platforma koja \u0161tedi vrijeme<\/a><\/p>\n<p>[\/et_pb_accordion_item][\/et_pb_accordion][\/et_pb_column][\/et_pb_row][\/et_pb_section]<\/p>\n","protected":false},"excerpt":{"rendered":"<p>Fonestar izvori zvuka Fonestar poja\u010dala omogu\u0107avaju emitovanje zvuka sa raznih izvora \u2013 radio ure\u0111aja, USB\/SD\/MP3 player-a i mikrofona. Zato se mogu prilagoditi kori\u0161tenju u razli\u010ditim aplikacijama (prodavnice, \u0161kole, vjerske ustanove, kafi\u0107i). Fonestar kontrola zvuka Raspon Fonestar poja\u010dala razli\u010dite snage omogu\u0107ava potpunu prilagodbu audio rje\u0161enja zahtjevima aplikacije. Putem dodatnih ateunatora je omogu\u0107eno pode\u0161avanje razli\u010dite ja\u010dine zvuka [&hellip;]<\/p>\n","protected":false},"author":15,"featured_media":0,"parent":3842,"menu_order":0,"comment_status":"closed","ping_status":"closed","template":"","meta":{"_et_pb_use_builder":"on","_et_pb_old_content":"","_et_gb_content_width":"","footnotes":""},"class_list":["post-4112","page","type-page","status-publish","hentry"],"_links":{"self":[{"href":"https:\/\/www.alarmautomatika.com\/bs\/wp-json\/wp\/v2\/pages\/4112","targetHints":{"allow":["GET"]}}],"collection":[{"href":"https:\/\/www.alarmautomatika.com\/bs\/wp-json\/wp\/v2\/pages"}],"about":[{"href":"https:\/\/www.alarmautomatika.com\/bs\/wp-json\/wp\/v2\/types\/page"}],"author":[{"embeddable":true,"href":"https:\/\/www.alarmautomatika.com\/bs\/wp-json\/wp\/v2\/users\/15"}],"replies":[{"embeddable":true,"href":"https:\/\/www.alarmautomatika.com\/bs\/wp-json\/wp\/v2\/comments?post=4112"}],"version-history":[{"count":0,"href":"https:\/\/www.alarmautomatika.com\/bs\/wp-json\/wp\/v2\/pages\/4112\/revisions"}],"up":[{"embeddable":true,"href":"https:\/\/www.alarmautomatika.com\/bs\/wp-json\/wp\/v2\/pages\/3842"}],"wp:attachment":[{"href":"https:\/\/www.alarmautomatika.com\/bs\/wp-json\/wp\/v2\/media?parent=4112"}],"curies":[{"name":"wp","href":"https:\/\/api.w.org\/{rel}","templated":true}]}}