{"id":4173,"date":"2020-08-20T14:09:04","date_gmt":"2020-08-20T12:09:04","guid":{"rendered":"https:\/\/www.alarmautomatika.com\/proizvodi\/panik-rasvjeta\/"},"modified":"2023-11-10T08:51:45","modified_gmt":"2023-11-10T07:51:45","slug":"panik-rasvjeta","status":"publish","type":"page","link":"https:\/\/www.alarmautomatika.com\/bs\/proizvodi\/panik-rasvjeta\/","title":{"rendered":"Panik rasvjeta"},"content":{"rendered":"<p>[et_pb_section fb_built=&#8221;1&#8221; _builder_version=&#8221;4.6.2&#8221; _module_preset=&#8221;default&#8221; background_image=&#8221;https:\/\/www.alarmautomatika.com\/wp-content\/uploads\/2020\/09\/Panik-rasvjeta.jpg&#8221; background_size=&#8221;initial&#8221; background_position=&#8221;top_center&#8221; global_colors_info=&#8221;{}&#8221;][et_pb_row _builder_version=&#8221;4.6.0&#8221; _module_preset=&#8221;default&#8221; width=&#8221;95%&#8221; global_colors_info=&#8221;{}&#8221;][et_pb_column type=&#8221;4_4&#8221; _builder_version=&#8221;4.6.0&#8221; _module_preset=&#8221;default&#8221; global_colors_info=&#8221;{}&#8221;][et_pb_text _builder_version=&#8221;4.6.0&#8221; _dynamic_attributes=&#8221;content&#8221; _module_preset=&#8221;default&#8221; text_font=&#8221;|600|||||||&#8221; text_text_color=&#8221;#ffffff&#8221; text_font_size=&#8221;48px&#8221; text_line_height=&#8221;1.2em&#8221; custom_padding=&#8221;80px|50px||50px|false|true&#8221; text_font_size_tablet=&#8221;40px&#8221; text_font_size_phone=&#8221;32px&#8221; text_font_size_last_edited=&#8221;on|desktop&#8221; text_line_height_tablet=&#8221;&#8221; text_line_height_phone=&#8221;&#8221; text_line_height_last_edited=&#8221;on|phone&#8221; header_font_tablet=&#8221;&#8221; header_font_phone=&#8221;&#8221; header_font_last_edited=&#8221;on|phone&#8221; header_font_size_tablet=&#8221;&#8221; header_font_size_phone=&#8221;&#8221; header_font_size_last_edited=&#8221;on|phone&#8221; header_line_height_tablet=&#8221;&#8221; header_line_height_phone=&#8221;&#8221; header_line_height_last_edited=&#8221;on|desktop&#8221; global_colors_info=&#8221;{}&#8221;]@ET-DC@eyJkeW5hbWljIjp0cnVlLCJjb250ZW50IjoicG9zdF90aXRsZSIsInNldHRpbmdzIjp7ImJlZm9yZSI6IiIsImFmdGVyIjoiIn19@[\/et_pb_text][\/et_pb_column][\/et_pb_row][et_pb_row column_structure=&#8221;3_4,1_4&#8221; _builder_version=&#8221;4.6.0&#8221; _module_preset=&#8221;default&#8221; background_color=&#8221;#ffffff&#8221; width=&#8221;95%&#8221; custom_margin=&#8221;20px||||false|false&#8221; custom_margin_tablet=&#8221;10px||||false|false&#8221; custom_margin_phone=&#8221;10px||||false|false&#8221; custom_margin_last_edited=&#8221;on|desktop&#8221; custom_padding=&#8221;50px|50px|50px|50px|true|true&#8221; box_shadow_style=&#8221;preset2&#8221; global_colors_info=&#8221;{}&#8221;][et_pb_column type=&#8221;3_4&#8221; _builder_version=&#8221;4.6.0&#8221; _module_preset=&#8221;default&#8221; global_colors_info=&#8221;{}&#8221;][et_pb_text _builder_version=&#8221;4.14.8&#8221; _module_preset=&#8221;default&#8221; link_font=&#8221;|600|||||||&#8221; header_2_text_align=&#8221;left&#8221; header_2_font_size=&#8221;30px&#8221; header_2_line_height=&#8221;1.2em&#8221; hover_enabled=&#8221;0&#8221; header_font_size_tablet=&#8221;48px&#8221; header_font_size_phone=&#8221;&#8221; header_font_size_last_edited=&#8221;on|tablet&#8221; header_2_font_size_tablet=&#8221;&#8221; header_2_font_size_phone=&#8221;25px&#8221; header_2_font_size_last_edited=&#8221;on|phone&#8221; global_colors_info=&#8221;{}&#8221; sticky_enabled=&#8221;0&#8221;]<\/p>\n<blockquote>\n<h2>Harper panik rasvjeta upravljana Inim vatrodojavnim centralama<\/h2>\n<\/blockquote>\n<p>Harper BUS nadzirana panik rasvjeta je kompatibilna sa vatrodojavnim protokolom. Svi elementi sistema se mogu povezati sa adresabilnim sistemima za dojavu po\u017eara direktno na istu petlju, na hardverskom nivou.<\/p>\n<blockquote>\n<h2>Harper panik rasvjeta upravljana zasebnim centralama<\/h2>\n<\/blockquote>\n<p>Dostupne su centrale za upravljanje panik rasvjetom neovisne o vatrodojavi. Omogu\u0107uju nadzor, dijagnostiku i upravljanje svakim iluminatorom kao i dodatne funkcije kao \u0161to su testiranje funkcionalnosti iluminatora, testiranje snage baterija ili pode\u0161avanje nivoa svjetlosti.<\/p>\n<blockquote>\n<h2>Harper samostoje\u0107i iluminatori sa vlastitim napajanjem<\/h2>\n<\/blockquote>\n<p>Harper iluminatori su dostupni u razli\u010ditim izvedbama, razli\u010dite snage i trajanja svjetla, autonomije i nivoa za\u0161tite. U njih je ugra\u0111en isti adresabilni protokol kao u vatrodojavnim elementima pa se mo\u017ee spojiti direktno na petlju vatrodojavne centrale. U skladu su sa ISO 7010 normom.<\/p>\n<blockquote>\n<h2>Harper signalizacija za usmjeravanje evakuacije<\/h2>\n<\/blockquote>\n<p>Signalizacija za usmjeravanje ljudi na evakuacijskim putevima je dostupna u razli\u010ditim izvedbama (stropna, zidna) i sa standardizovanim piktogramima.<\/p>\n<blockquote>\n<h2>Centralizovano napajanje Harper panik rasvjete<\/h2>\n<\/blockquote>\n<p>Centralizovanim napajanjem se omogu\u0107ava stalan nadzor panik lampi i testiranje baterija, pojednostavljuje ispitivanje i odr\u017eavanje, centralizovano napajanje, bolje usmjeravanje evakuacije i pode\u0161avanje nivoa svjetlosti.<\/p>\n<blockquote>\n<h2>ABsistemDCi softver za integraciju<\/h2>\n<\/blockquote>\n<p>Sistemi panik rasvjete se mogu povezati sa <a href=\"https:\/\/www.alarmautomatika.com\/bs\/softveri\/nadzor-i-upravljanje-nad-sustavima-zastite\/\">ABsistemDCi softverom<\/a> za integraciju koji omogu\u0107uje da se sa safety, security i <a href=\"https:\/\/www.alarmautomatika.com\/bs\/proizvodi\/bms-i-upravljanje-sistemima-na-objektu\/\">BMS sistemima na objektu<\/a> upravlja putem jedinstvenog su\u010delja.[\/et_pb_text][\/et_pb_column][et_pb_column type=&#8221;1_4&#8221; _builder_version=&#8221;4.6.0&#8221; _module_preset=&#8221;default&#8221; custom_padding_tablet=&#8221;&#8221; custom_padding_phone=&#8221;&#8221; custom_padding_last_edited=&#8221;on|phone&#8221; global_colors_info=&#8221;{}&#8221;][et_pb_image src=&#8221;https:\/\/www.alarmautomatika.com\/wp-content\/uploads\/2020\/10\/idea-project-logo-home-banner.png&#8221; alt=&#8221;iDEA Project&#8221; title_text=&#8221;iDEA Project&#8221; align=&#8221;center&#8221; _builder_version=&#8221;4.7.4&#8221; _module_preset=&#8221;default&#8221; global_colors_info=&#8221;{}&#8221;][\/et_pb_image][et_pb_accordion module_class=&#8221;idea-value-propositions&#8221; _builder_version=&#8221;4.9.4&#8221; _module_preset=&#8221;default&#8221; global_module=&#8221;8294&#8221; global_colors_info=&#8221;{}&#8221;][et_pb_accordion_item title=&#8221;Blank&#8221; open=&#8221;on&#8221; _builder_version=&#8221;4.9.4&#8221; _module_preset=&#8221;default&#8221; custom_css_main_element=&#8221;display:none;&#8221; global_colors_info=&#8221;{}&#8221;][\/et_pb_accordion_item][et_pb_accordion_item title=&#8221;Klijenti&#8221; _builder_version=&#8221;4.9.0&#8221; _module_preset=&#8221;default&#8221; global_colors_info=&#8221;{}&#8221; open=&#8221;off&#8221;]<\/p>\n<p><a href=\"https:\/\/www.alarmautomatika.com\/bs\/klijenti\/arhitekti\/\">Arhitekti<\/a><\/p>\n<p><a href=\"https:\/\/www.alarmautomatika.com\/bs\/klijenti\/elektro-projektanti\/\">Elektro projektanti<\/a><\/p>\n<p><a href=\"https:\/\/www.alarmautomatika.com\/bs\/klijenti\/gradevinari\/\">Gra\u0111evinari<\/a><\/p>\n<p><a href=\"https:\/\/www.alarmautomatika.com\/bs\/klijenti\/elektro-instalateri\/\">Elektro instalateri<\/a><\/p>\n<p><a href=\"https:\/\/www.alarmautomatika.com\/bs\/klijenti\/sistem-integratori\/\">Sistem integratori<\/a><\/p>\n<p>[\/et_pb_accordion_item][et_pb_accordion_item title=&#8221;Proizvodi&#8221; _builder_version=&#8221;4.9.4&#8221; _module_preset=&#8221;default&#8221; global_colors_info=&#8221;{}&#8221; open=&#8221;off&#8221;]<\/p>\n<p><a href=\"https:\/\/www.alarmautomatika.com\/proizvodi\/inim-previdia\/\">Dojava po\u017eara<\/a><\/p>\n<p><a href=\"https:\/\/www.alarmautomatika.com\/bs\/proizvodi\/dojava-plina\/\">Dojava plina<\/a><\/p>\n<p><a href=\"https:\/\/www.alarmautomatika.com\/bs\/proizvodi\/sistemi-gasenja-pozara\/\">Sustavi ga\u0161enja po\u017eara<\/a><\/p>\n<p><a href=\"https:\/\/www.alarmautomatika.com\/bs\/proizvodi\/evakuacijski-razglas\/\">Evakuacijski (EVAC) i javni (PA) razglas<\/a><\/p>\n<p><a href=\"https:\/\/www.alarmautomatika.com\/bs\/proizvodi\/odvodjenje-dima-i-topline-i-upravljanje-pozarnim-sektorima\/\">Odvo\u0111enje dima i topline i upravljanje po\u017earnim sektorima<\/a><\/p>\n<p><a href=\"https:\/\/www.alarmautomatika.com\/bs\/proizvodi\/panik-rasvjeta\/\">Panik rasvjeta<\/a><\/p>\n<p><a href=\"https:\/\/www.alarmautomatika.com\/bs\/proizvodi\/tehnicka-zastita\/\">Tehni\u010dka za\u0161tita<\/a><\/p>\n<p>[\/et_pb_accordion_item][et_pb_accordion_item title=&#8221;Softveri&#8221; _builder_version=&#8221;4.9.0&#8221; _module_preset=&#8221;default&#8221; global_colors_info=&#8221;{}&#8221; open=&#8221;off&#8221;]<\/p>\n<p><a href=\"https:\/\/www.alarmautomatika.com\/bs\/softveri\/inteligentno-upravljanje-i-kontrola\/\">Nadzor i upravljanje sustavima za\u0161tite<\/a><\/p>\n<p>[\/et_pb_accordion_item][et_pb_accordion_item title=&#8221;Usluge&#8221; _builder_version=&#8221;4.9.0&#8221; _module_preset=&#8221;default&#8221; global_colors_info=&#8221;{}&#8221; open=&#8221;off&#8221;]<\/p>\n<p><a href=\"https:\/\/www.alarmautomatika.com\/bs\/usluge\/profesionalnost-u-svim-fazama-projekta\/#projektiranje-i-projektna-podrska\" data-et-has-event-already=\"true\">Projektiranje i projektna podr\u0161ka<\/a><\/p>\n<p><a href=\"https:\/\/www.alarmautomatika.com\/bs\/usluge\/profesionalnost-u-svim-fazama-projekta\/#vodjenje-projekata\" data-et-has-event-already=\"true\">Vo\u0111enje projekata<\/a><\/p>\n<p><a href=\"https:\/\/www.alarmautomatika.com\/bs\/usluge\/profesionalnost-u-svim-fazama-projekta\/#programiranje-i-integracija-sustava\" data-et-has-event-already=\"true\">Programiranje i integracija sustava<\/a><\/p>\n<p><a href=\"https:\/\/www.alarmautomatika.com\/bs\/usluge\/profesionalnost-u-svim-fazama-projekta\/#pustanje-sustava-u-rad\">Pu\u0161tanje sustava u rad<\/a><\/p>\n<p><a href=\"https:\/\/www.alarmautomatika.com\/bs\/usluge\/profesionalnost-u-svim-fazama-projekta\/#certificiranje\" data-et-has-event-already=\"true\">Certificiranje<\/a><\/p>\n<p><a href=\"https:\/\/www.alarmautomatika.com\/bs\/usluge\/profesionalnost-u-svim-fazama-projekta\/#idea-project-katalog-i-b2b-platforma\" data-et-has-event-already=\"true\">Projektni katalog i B2B platforma<\/a><\/p>\n<p>[\/et_pb_accordion_item][et_pb_accordion_item title=&#8221;Platforma&#8221; _builder_version=&#8221;4.9.0&#8221; _module_preset=&#8221;default&#8221; global_colors_info=&#8221;{}&#8221; open=&#8221;off&#8221;]<\/p>\n<p><a href=\"https:\/\/www.alarmautomatika.com\/bs\/platforma\/#b2b-projektna-dokumentacija\" data-et-has-event-already=\"true\">B2B platforma s cjelokupnom dokumentacijom<\/a><\/p>\n<p>[\/et_pb_accordion_item][\/et_pb_accordion][\/et_pb_column][\/et_pb_row][\/et_pb_section]<\/p>\n","protected":false},"excerpt":{"rendered":"<p>Harper panik rasvjeta upravljana Inim vatrodojavnim centralama Harper BUS nadzirana panik rasvjeta je kompatibilna sa vatrodojavnim protokolom. Svi elementi sistema se mogu povezati sa adresabilnim sistemima za dojavu po\u017eara direktno na istu petlju, na hardverskom nivou. Harper panik rasvjeta upravljana zasebnim centralama Dostupne su centrale za upravljanje panik rasvjetom neovisne o vatrodojavi. Omogu\u0107uju nadzor, dijagnostiku [&hellip;]<\/p>\n","protected":false},"author":15,"featured_media":0,"parent":3842,"menu_order":0,"comment_status":"closed","ping_status":"closed","template":"","meta":{"_et_pb_use_builder":"on","_et_pb_old_content":"","_et_gb_content_width":"","footnotes":""},"class_list":["post-4173","page","type-page","status-publish","hentry"],"_links":{"self":[{"href":"https:\/\/www.alarmautomatika.com\/bs\/wp-json\/wp\/v2\/pages\/4173","targetHints":{"allow":["GET"]}}],"collection":[{"href":"https:\/\/www.alarmautomatika.com\/bs\/wp-json\/wp\/v2\/pages"}],"about":[{"href":"https:\/\/www.alarmautomatika.com\/bs\/wp-json\/wp\/v2\/types\/page"}],"author":[{"embeddable":true,"href":"https:\/\/www.alarmautomatika.com\/bs\/wp-json\/wp\/v2\/users\/15"}],"replies":[{"embeddable":true,"href":"https:\/\/www.alarmautomatika.com\/bs\/wp-json\/wp\/v2\/comments?post=4173"}],"version-history":[{"count":2,"href":"https:\/\/www.alarmautomatika.com\/bs\/wp-json\/wp\/v2\/pages\/4173\/revisions"}],"predecessor-version":[{"id":49774,"href":"https:\/\/www.alarmautomatika.com\/bs\/wp-json\/wp\/v2\/pages\/4173\/revisions\/49774"}],"up":[{"embeddable":true,"href":"https:\/\/www.alarmautomatika.com\/bs\/wp-json\/wp\/v2\/pages\/3842"}],"wp:attachment":[{"href":"https:\/\/www.alarmautomatika.com\/bs\/wp-json\/wp\/v2\/media?parent=4173"}],"curies":[{"name":"wp","href":"https:\/\/api.w.org\/{rel}","templated":true}]}}