{"id":42603,"date":"2023-05-25T14:40:23","date_gmt":"2023-05-25T12:40:23","guid":{"rendered":"https:\/\/www.alarmautomatika.com\/?page_id=42603"},"modified":"2024-06-27T10:02:50","modified_gmt":"2024-06-27T08:02:50","slug":"konferencija-integralna-sigurnost-i-zastita-u-finansijskim-institucijama","status":"publish","type":"page","link":"https:\/\/www.alarmautomatika.com\/bs\/konferencija-integralna-sigurnost-i-zastita-u-finansijskim-institucijama\/","title":{"rendered":"Konferencija Integralna sigurnost i za\u0161tita u finansijskim institucijama"},"content":{"rendered":"<p>[et_pb_section fb_built=&#8221;1&#8221; _builder_version=&#8221;4.21.0&#8221; _module_preset=&#8221;default&#8221; vertical_offset=&#8221;-62px&#8221; global_colors_info=&#8221;{}&#8221;][et_pb_row _builder_version=&#8221;4.21.0&#8221; _module_preset=&#8221;default&#8221; global_colors_info=&#8221;{}&#8221;][et_pb_column type=&#8221;4_4&#8221; _builder_version=&#8221;4.21.0&#8221; _module_preset=&#8221;default&#8221; global_colors_info=&#8221;{}&#8221;][et_pb_text admin_label=&#8221; Naslov&#8221; _builder_version=&#8221;4.21.0&#8221; _module_preset=&#8221;default&#8221; header_line_height=&#8221;1.4em&#8221; global_colors_info=&#8221;{}&#8221;]<\/p>\n<blockquote>\n<h1>Konferencija Integralna sigurnost i za\u0161tita u finansijskim institucijama<\/h1>\n<\/blockquote>\n<p>[\/et_pb_text][et_pb_image src=&#8221;https:\/\/www.alarmautomatika.com\/wp-content\/uploads\/2023\/05\/23041_Konferencija_Zastita_financijskih_institucija_SA-FHD-banner-V2b.jpg&#8221; align=&#8221;center&#8221; _builder_version=&#8221;4.21.0&#8221; _module_preset=&#8221;default&#8221; global_colors_info=&#8221;{}&#8221;][\/et_pb_image][et_pb_text _builder_version=&#8221;4.21.0&#8221; _module_preset=&#8221;default&#8221; global_colors_info=&#8221;{}&#8221;]<\/p>\n<p>Mjesta na kojima se manipuli\u0161e gotovim novcem su \u010desta i po\u017eeljna meta po\u010dinitelja kaznenih djela. To se posebno odnosi na finansijske institucije u kojima se nalaze ve\u0107e koli\u010dine gotovog novca, a posebno na bankomate jer prilikom napada po\u010dinitelji ne trebaju direktno ugroziti klijente i zaposlenike poslovnica.<\/p>\n<p>Finansijske institucije poduzimaju velike napore kako bi za\u0161titile ljude i imovinu te smanjile \u0161tete uzrokovane napadima, i one direktne koje se broje u ukradenom novcu i one indirektne koje se mjere posljedicama na ljude koji su bili izlo\u017eeni napadu, o\u0161te\u0107enjima na objektu, danima u kojima neki objekt nije radio te u povjerenju ljudi u samu instituciju. Primjenjuju razli\u010dite mjere fizi\u010dke, tehni\u010dke i kiberneti\u010dke za\u0161tite te organizuju poslovanje prema protokolima koji pove\u0107avaju nivo sigurnosti.<\/p>\n<p>I dr\u017eavne institucije ula\u017eu velike napore da smanje broj kaznenih djela u finansijskim institucijama, prvenstveno osiguravanjem zakonodavnog okvira koji \u0107e finansijskim institucijama omogu\u0107iti implementaciju adekvatnih za\u0161titnih mjera i potaknuti ih na njihovu primjenu.<\/p>\n<p>[\/et_pb_text][et_pb_button button_url=&#8221;https:\/\/forms.gle\/CjazTeMGDN4jccyu7&#8221; button_text=&#8221;Prijava sudjelovanja&#8221; button_alignment=&#8221;center&#8221; admin_label=&#8221;Prijava sudjelovanja&#8221; _builder_version=&#8221;4.21.0&#8221; _module_preset=&#8221;default&#8221; global_colors_info=&#8221;{}&#8221;][\/et_pb_button][et_pb_text admin_label=&#8221;Teme i predava\u010di na konferenciji&#8221; _builder_version=&#8221;4.21.0&#8221; _module_preset=&#8221;default&#8221; global_colors_info=&#8221;{}&#8221;]<\/p>\n<blockquote>\n<h4>Teme i predava\u010di na konferenciji<\/h4>\n<\/blockquote>\n<p>Kroz niz predavanja i panel raspravu \u0107e se na konferenciji poku\u0161ati osvijetliti problematika za\u0161tite finansijskih institucija u Bosni i Hercegovini s razli\u010ditih aspekata. Predstavnici Ministarstva unutra\u0161njih poslova, Inspektorata za nadzor rada agencija i unutra\u0161njih slu\u017ebi za za\u0161titu ljudi i imovine, Predstavnici Agencija za za\u0161titu ljudi i imovine FBIH te Fakulteta za kriminalistiku, kriminologiju i sigurnosne studije Univerziteta u Sarajevu \u0107e govoriti o stanju kriminaliteta i sigurnosti te zakonodavnom okviru za\u0161tite finansijskih institucija. Predstavnica Hrvatskog ceha za\u0161titara \u0107e opisati kako je u Hrvatskoj rije\u0161ena za\u0161tita nov\u010darskih institucija a predstavnici Alarm automatike d.o.o. govorit \u0107e o novijim rje\u0161enjima tehni\u010dke za\u0161tite.<\/p>\n<p>[\/et_pb_text][et_pb_text admin_label=&#8221;Kome je konferencija namijenjena?&#8221; _builder_version=&#8221;4.21.0&#8221; _module_preset=&#8221;default&#8221; global_colors_info=&#8221;{}&#8221;]<\/p>\n<blockquote>\n<h4>Kome je konferencija namijenjena?<\/h4>\n<\/blockquote>\n<p>Konferencija je namijenjena osobama zadu\u017eenima za sigurnost u finansijskim institucijama, predstavnicima agencijama koje se bave pru\u017eanjem usluga fizi\u010dke i tehni\u010dke za\u0161tite za za\u0161titu ljudi i imovine, predstavnicima ministarstava koji se bave sigurnosti, unutra\u0161njim poslovima i nadzorom nad provedbom zakonskih obaveza kompanija, te drugoj za problematiku zainteresovanoj javnosti.<\/p>\n<p>[\/et_pb_text][et_pb_text admin_label=&#8221;Kotizacija&#8221; _builder_version=&#8221;4.21.0&#8221; _module_preset=&#8221;default&#8221; global_colors_info=&#8221;{}&#8221;]<\/p>\n<blockquote>\n<h4>Kotizacija<\/h4>\n<\/blockquote>\n<p><strong>Kotizacija se ne napla\u0107uje.<\/strong><\/p>\n<p>[\/et_pb_text][et_pb_text admin_label=&#8221;Dnevni raspored&#8221; _builder_version=&#8221;4.21.0&#8221; _module_preset=&#8221;default&#8221; global_colors_info=&#8221;{}&#8221;]<\/p>\n<blockquote>\n<h4>Dnevni raspored<\/h4>\n<\/blockquote>\n<p>[\/et_pb_text][et_pb_text _builder_version=&#8221;4.21.0&#8221; _module_preset=&#8221;default&#8221; hover_enabled=&#8221;0&#8221; global_colors_info=&#8221;{}&#8221; sticky_enabled=&#8221;0&#8221;]<\/p>\n<table style=\"border-collapse: collapse; width: 98.2293%; height: 653px;\" border=\"1\">\n<tbody>\n<tr style=\"height: 51px;\">\n<td style=\"width: 83.2784%; height: 51px;\" width=\"510\"><strong>Registracija sudionika<\/strong><\/td>\n<td style=\"width: 26.1569%; height: 51px;\" width=\"104\">\n<p style=\"text-align: center;\"><strong>10:00 \u2013 10:30<\/strong><\/p>\n<\/td>\n<\/tr>\n<tr style=\"height: 103px;\">\n<td style=\"width: 83.2784%; height: 103px;\" width=\"510\">\n<p><strong>Otvaranje konferencije<\/strong><\/p>\n<ul>\n<li><strong>Ines Cero<\/strong>, Alarm automatika d.o.o. Sarajevo<\/li>\n<\/ul>\n<\/td>\n<td style=\"width: 26.1569%; height: 103px;\" width=\"104\">\n<p style=\"text-align: center;\"><strong>10:30 \u2013 10:50<\/strong><\/p>\n<\/td>\n<\/tr>\n<tr style=\"height: 326px;\">\n<td style=\"width: 83.2784%; height: 27px;\" width=\"510\">\n<p><strong>Modul 1 \u2013 Zakonski okvir za\u0161tite financijskih institucija<\/strong><\/p>\n<ul>\n<li>Zakonska rje\u0161enja za\u0161tite nov\u010darskih institucija u Hrvatskoj, Lidija Stolica, Hrvatski ceh za\u0161titara<\/li>\n<li>Pravni okviri kojima se reguli\u0161e za\u0161titarska djelatnost, Muamer Bajrakterevi\u0107, Inspektorat za nadzor rada agencija i unutra\u0161njih slu\u017ebi MUPKS<\/li>\n<li>Propisi kojima se reguli\u0161e pitanje za\u0161tite ljudi i imovine u finansijskim institucijama, Senad Musli\u0107, Inspektorat za nadzor rada agencija i unutra\u0161njih slu\u017ebi FMUP<\/li>\n<li>Stanje kriminaliteta i sigurnosti u BH, prof.dr. Jasmin Ahi\u0107, dekan Fakulteta za kriminalistiku, kriminologiju i sigurnosne studije Univerziteta u Sarajevu<\/li>\n<\/ul>\n<\/td>\n<td style=\"width: 26.1569%; height: 27px;\" width=\"104\">\n<p style=\"text-align: center;\"><strong>10:50 \u2013 12:00<\/strong><\/p>\n<\/td>\n<\/tr>\n<tr style=\"height: 51px;\">\n<td style=\"width: 83.2784%; height: 51px;\" width=\"510\">Pauza za kafu<\/td>\n<td style=\"width: 26.1569%; height: 51px;\" width=\"104\">\n<p style=\"text-align: center;\"><strong>12:00 \u2013 12:30<\/strong><\/p>\n<\/td>\n<\/tr>\n<tr style=\"height: 250px;\">\n<td style=\"width: 83.2784%; height: 141px;\" width=\"510\">\n<p><strong>Modul 2 &#8211; Tehni\u010dka rje\u0161enja i noviteti u za\u0161titi finansijskih institucija s primjerima iz prakse<\/strong><\/p>\n<ul>\n<li>Elektrohemijska za\u0161tita novca bankomata, <strong>Senad D\u017eabija<\/strong>, Alarm automatika d.o.o. Zagreb<\/li>\n<li>Nove mogu\u0107nosti videonadzora i videoanalitike i njihova primjena u za\u0161titi finansijskih institucija i drugih objekata pove\u0107anog rizika, <strong>Mustafa Osmi\u0107<\/strong>, Alarm automatika d.o.o. Sarajevo<\/li>\n<\/ul>\n<\/td>\n<td style=\"width: 26.1569%; height: 141px;\" width=\"104\">\n<p style=\"text-align: center;\"><strong>12:30 \u2013 13:15<\/strong><\/p>\n<\/td>\n<\/tr>\n<tr style=\"height: 51px;\">\n<td style=\"width: 83.2784%; height: 51px;\" width=\"510\">Ru\u010dak<\/td>\n<td style=\"width: 26.1569%; height: 51px;\" width=\"104\">\n<p style=\"text-align: center;\"><strong>13:15 \u2013 14:15<\/strong><\/p>\n<\/td>\n<\/tr>\n<tr style=\"height: 178px;\">\n<td style=\"width: 83.2784%; height: 178px;\" width=\"510\">\n<p><strong>Modul 3 \u2013 Panel rasprava Kako pove\u0107ati nivo sigurnosti finansijskih institucija<\/strong><\/p>\n<p><strong>Moderator: Ines Cero, Alarm automatika d.o.o. Sarajevo<\/strong><\/p>\n<ul>\n<li>Predstavnik Federalnog ministarstva unutra\u0161njih poslova<\/li>\n<li>Predstavnik Kantonalnog ministarstva unutra\u0161njih poslova<\/li>\n<li>Predstavnici Agencija za za\u0161titu ljudi i imovine<\/li>\n<li>Predstavnik bankarskog sektora<\/li>\n<\/ul>\n<\/td>\n<td style=\"width: 26.1569%; height: 178px;\" width=\"104\">\n<p style=\"text-align: center;\"><strong>14:15 \u2013 14:45<\/strong><\/p>\n<\/td>\n<\/tr>\n<tr style=\"height: 51px;\">\n<td style=\"width: 83.2784%; height: 51px;\" width=\"510\"><strong>Zavr\u0161na rije\u010d i nagradna igra<\/strong><\/td>\n<td style=\"width: 26.1569%; height: 51px;\" width=\"104\">\n<p style=\"text-align: center;\"><strong>14:45 \u2013 15:00<\/strong><\/p>\n<\/td>\n<\/tr>\n<\/tbody>\n<\/table>\n<p>[\/et_pb_text][et_pb_text admin_label=&#8221;Kada i gdje se konferencija odr\u017eava?&#8221; _builder_version=&#8221;4.21.0&#8221; _module_preset=&#8221;default&#8221; global_colors_info=&#8221;{}&#8221;]<\/p>\n<blockquote>\n<h4>Kada i gdje se konferencija odr\u017eava?<\/h4>\n<\/blockquote>\n<p>Konferencija se odr\u017eava u srijedu, 14.6.2023. u <strong><a href=\"https:\/\/hotelhills.ba\/\" target=\"_blank\" rel=\"noopener\">Hotelu Hills Sarajevo<\/a><\/strong>, Butmirska cesta 18, Ilid\u017ea.<\/p>\n<p>[\/et_pb_text][et_pb_text admin_label=&#8221;Do kada i kako se prijaviti?&#8221; _builder_version=&#8221;4.21.0&#8221; _module_preset=&#8221;default&#8221; global_colors_info=&#8221;{}&#8221;]<\/p>\n<blockquote>\n<h4>Do kada i kako se prijaviti?<\/h4>\n<\/blockquote>\n<p>Sudjelovanje na konferenciji se mo\u017ee prijaviti najkasnije tri dana prije odr\u017eavanja putem <a href=\"https:\/\/forms.gle\/CjazTeMGDN4jccyu7\" target=\"_blank\" rel=\"noopener\"><strong>online prijave<\/strong><\/a> ili na e-mail <a href=\"mailto:marketing@alarmautomatika.com\"><strong>marketing@alarmautomatika.com<\/strong><\/a> .<\/p>\n<p>[\/et_pb_text][et_pb_button button_url=&#8221;https:\/\/forms.gle\/CjazTeMGDN4jccyu7&#8221; button_text=&#8221;Prijava sudjelovanja&#8221; button_alignment=&#8221;center&#8221; admin_label=&#8221;Prijava sudjelovanja&#8221; _builder_version=&#8221;4.21.0&#8221; _module_preset=&#8221;default&#8221; global_colors_info=&#8221;{}&#8221;][\/et_pb_button][et_pb_text admin_label=&#8221;Kako unaprijed postaviti pitanja?&#8221; _builder_version=&#8221;4.21.0&#8221; _module_preset=&#8221;default&#8221; global_colors_info=&#8221;{}&#8221;]<\/p>\n<blockquote>\n<h4>Kako unaprijed postaviti pitanja?<\/h4>\n<\/blockquote>\n<p>Pitanja je mogu\u0107e postaviti unaprijed i to putem prijavnice u kojoj je predvi\u0111en prostor za pitanja ili na e-mail <strong><a href=\"mailto:marketing@alarmautomatika.com\">marketing@alarmautomatika.com<\/a><\/strong>.<\/p>\n<p>[\/et_pb_text][et_pb_text admin_label=&#8221;Od koga se mogu dobiti dodatne informacije?&#8221; _builder_version=&#8221;4.21.0&#8221; _module_preset=&#8221;default&#8221; global_colors_info=&#8221;{}&#8221;]<\/p>\n<blockquote>\n<h4>Od koga se mogu dobiti dodatne informacije?<\/h4>\n<\/blockquote>\n<p><strong>Ines Cero<\/strong>, direktorica Alarm automatika d.o.o. Sarajevo<br \/>Telefon: +38761136131<br \/>E-mail: <a href=\"mailto:iness@alarmautomatika.com\"><strong>iness@alarmautomatika.com<\/strong><\/a><\/p>\n<p>[\/et_pb_text][et_pb_text admin_label=&#8221;Medijski pokrovitelj&#8221; _builder_version=&#8221;4.21.0&#8221; _module_preset=&#8221;default&#8221; global_colors_info=&#8221;{}&#8221;]<\/p>\n<blockquote>\n<h4>Medijski pokrovitelj<\/h4>\n<\/blockquote>\n<p>[\/et_pb_text][et_pb_image src=&#8221;https:\/\/www.alarmautomatika.com\/wp-content\/uploads\/2023\/05\/as-logo.png&#8221; url=&#8221;https:\/\/www.asadria.com\/&#8221; url_new_window=&#8221;on&#8221; _builder_version=&#8221;4.21.0&#8221; _module_preset=&#8221;default&#8221; global_colors_info=&#8221;{}&#8221;][\/et_pb_image][et_pb_text admin_label=&#8221;Organizator konferencije&#8221; _builder_version=&#8221;4.21.0&#8221; _module_preset=&#8221;default&#8221; global_colors_info=&#8221;{}&#8221;]<\/p>\n<blockquote>\n<h4>Organizator konferencije<\/h4>\n<\/blockquote>\n<p><strong><img loading=\"lazy\" decoding=\"async\" class=\"wp-image-22106  alignleft\" src=\"https:\/\/www.alarmautomatika.com\/wp-content\/uploads\/2021\/08\/AA_HR_logo.png\" alt=\"Alarm automatika d.o.o.\" width=\"313\" height=\"101\" srcset=\"https:\/\/www.alarmautomatika.com\/wp-content\/uploads\/2021\/08\/AA_HR_logo.png 390w, https:\/\/www.alarmautomatika.com\/wp-content\/uploads\/2021\/08\/AA_HR_logo-300x97.png 300w\" sizes=\"(max-width: 313px) 100vw, 313px\" \/>Alarm automatika d.o.o.<\/strong> je regionalni tr\u017ei\u0161ni lider u osmi\u0161ljavanju i izvedbi cjelovitih, inovativnih i integrisanih rje\u0161enja tehni\u010dke za\u0161tite. U vi\u0161e od 30 godina rada razvila je poslovanje u 11 zemalja regije i dobitnik je mnogih nagrada za inovativnost i razvoj specijalisti\u010dkih rje\u0161enja tehni\u010dke za\u0161tite. Kompanija u Sarajevu je osnovana 2006. godine od kada je razvila suradnju sa brojnim klijentima i implementirala veliki broj projekata u security i safety segmentu.<\/p>\n<p>[\/et_pb_text][\/et_pb_column][\/et_pb_row][\/et_pb_section]<\/p>\n","protected":false},"excerpt":{"rendered":"<p>Konferencija Integralna sigurnost i za\u0161tita u finansijskim institucijama Mjesta na kojima se manipuli\u0161e gotovim novcem su \u010desta i po\u017eeljna meta po\u010dinitelja kaznenih djela. To se posebno odnosi na finansijske institucije u kojima se nalaze ve\u0107e koli\u010dine gotovog novca, a posebno na bankomate jer prilikom napada po\u010dinitelji ne trebaju direktno ugroziti klijente i zaposlenike poslovnica. Finansijske [&hellip;]<\/p>\n","protected":false},"author":15,"featured_media":0,"parent":0,"menu_order":0,"comment_status":"closed","ping_status":"closed","template":"","meta":{"_et_pb_use_builder":"on","_et_pb_old_content":"","_et_gb_content_width":"","footnotes":""},"class_list":["post-42603","page","type-page","status-publish","hentry"],"_links":{"self":[{"href":"https:\/\/www.alarmautomatika.com\/bs\/wp-json\/wp\/v2\/pages\/42603","targetHints":{"allow":["GET"]}}],"collection":[{"href":"https:\/\/www.alarmautomatika.com\/bs\/wp-json\/wp\/v2\/pages"}],"about":[{"href":"https:\/\/www.alarmautomatika.com\/bs\/wp-json\/wp\/v2\/types\/page"}],"author":[{"embeddable":true,"href":"https:\/\/www.alarmautomatika.com\/bs\/wp-json\/wp\/v2\/users\/15"}],"replies":[{"embeddable":true,"href":"https:\/\/www.alarmautomatika.com\/bs\/wp-json\/wp\/v2\/comments?post=42603"}],"version-history":[{"count":1,"href":"https:\/\/www.alarmautomatika.com\/bs\/wp-json\/wp\/v2\/pages\/42603\/revisions"}],"predecessor-version":[{"id":54580,"href":"https:\/\/www.alarmautomatika.com\/bs\/wp-json\/wp\/v2\/pages\/42603\/revisions\/54580"}],"wp:attachment":[{"href":"https:\/\/www.alarmautomatika.com\/bs\/wp-json\/wp\/v2\/media?parent=42603"}],"curies":[{"name":"wp","href":"https:\/\/api.w.org\/{rel}","templated":true}]}}