{"id":4513,"date":"2020-08-20T13:39:24","date_gmt":"2020-08-20T11:39:24","guid":{"rendered":"https:\/\/www.alarmautomatika.com\/softveri\/inteligentno-upravljanje-i-kontrola\/"},"modified":"2024-11-12T12:03:54","modified_gmt":"2024-11-12T11:03:54","slug":"inteligentno-upravljanje-i-kontrola","status":"publish","type":"page","link":"https:\/\/www.alarmautomatika.com\/bs\/softveri\/inteligentno-upravljanje-i-kontrola\/","title":{"rendered":"Inteligentno upravljanje i kontrola"},"content":{"rendered":"<p>[et_pb_section fb_built=&#8221;1&#8221; _builder_version=&#8221;4.16&#8221; _module_preset=&#8221;default&#8221; background_image=&#8221;https:\/\/www.alarmautomatika.com\/wp-content\/uploads\/2020\/09\/softverska-integracija.jpg&#8221; background_size=&#8221;initial&#8221; background_position=&#8221;top_center&#8221; global_colors_info=&#8221;{}&#8221;][et_pb_row _builder_version=&#8221;4.16&#8221; _module_preset=&#8221;default&#8221; width=&#8221;95%&#8221; global_colors_info=&#8221;{}&#8221;][et_pb_column type=&#8221;4_4&#8221; _builder_version=&#8221;4.16&#8221; _module_preset=&#8221;default&#8221; global_colors_info=&#8221;{}&#8221;][et_pb_text _builder_version=&#8221;4.16&#8221; _dynamic_attributes=&#8221;content&#8221; _module_preset=&#8221;default&#8221; text_font=&#8221;|600|||||||&#8221; text_text_color=&#8221;#ffffff&#8221; text_font_size=&#8221;48px&#8221; text_line_height=&#8221;1.2em&#8221; custom_padding=&#8221;80px|50px||50px|false|true&#8221; text_font_size_tablet=&#8221;40px&#8221; text_font_size_phone=&#8221;32px&#8221; text_font_size_last_edited=&#8221;on|desktop&#8221; text_line_height_tablet=&#8221;&#8221; text_line_height_phone=&#8221;&#8221; text_line_height_last_edited=&#8221;on|phone&#8221; header_font_tablet=&#8221;&#8221; header_font_phone=&#8221;&#8221; header_font_last_edited=&#8221;on|phone&#8221; header_font_size_tablet=&#8221;&#8221; header_font_size_phone=&#8221;&#8221; header_font_size_last_edited=&#8221;on|phone&#8221; header_line_height_tablet=&#8221;&#8221; header_line_height_phone=&#8221;&#8221; header_line_height_last_edited=&#8221;on|desktop&#8221; global_colors_info=&#8221;{}&#8221;]@ET-DC@eyJkeW5hbWljIjp0cnVlLCJjb250ZW50IjoicG9zdF90aXRsZSIsInNldHRpbmdzIjp7ImJlZm9yZSI6IiIsImFmdGVyIjoiIn19@[\/et_pb_text][\/et_pb_column][\/et_pb_row][et_pb_row column_structure=&#8221;3_4,1_4&#8221; _builder_version=&#8221;4.16&#8221; _module_preset=&#8221;default&#8221; background_color=&#8221;#ffffff&#8221; width=&#8221;95%&#8221; custom_margin=&#8221;20px||||false|false&#8221; custom_margin_tablet=&#8221;10px||||false|false&#8221; custom_margin_phone=&#8221;10px||||false|false&#8221; custom_margin_last_edited=&#8221;on|desktop&#8221; custom_padding=&#8221;50px|50px|50px|50px|true|true&#8221; box_shadow_style=&#8221;preset2&#8221; global_colors_info=&#8221;{}&#8221;][et_pb_column type=&#8221;3_4&#8221; _builder_version=&#8221;4.16&#8221; _module_preset=&#8221;default&#8221; global_colors_info=&#8221;{}&#8221;][et_pb_text _builder_version=&#8221;4.16&#8221; _module_preset=&#8221;default&#8221; link_font=&#8221;|600|||||||&#8221; header_2_text_align=&#8221;left&#8221; header_2_font_size=&#8221;30px&#8221; header_2_line_height=&#8221;1.2em&#8221; header_font_size_tablet=&#8221;48px&#8221; header_font_size_phone=&#8221;&#8221; header_font_size_last_edited=&#8221;on|tablet&#8221; header_2_font_size_tablet=&#8221;&#8221; header_2_font_size_phone=&#8221;25px&#8221; header_2_font_size_last_edited=&#8221;on|phone&#8221; global_colors_info=&#8221;{}&#8221;]<\/p>\n<blockquote>\n<h2 id=\"izdavanje-ulaznica\">Izdavanje ulaznica i upravljanje pristupom<\/h2>\n<\/blockquote>\n<p><a href=\"https:\/\/www.alarmautomatika.com\/bs\/softveri\/absistem-ticketing\/\">ABsistemTicketing<\/a> softver upravlja ulaskom ljudi na stadione i u <a href=\"https:\/\/www.alarmautomatika.com\/bs\/klijenti\/javni-i-poslovni-objekti\/\">javne objekte.<\/a> Integri\u0161e online prodaju karata, terminale i barijere za kontrolu pristupa, videonadzor i softvere za vo\u0111enje poslovanja. Dostupna je i njegova verzija <a href=\"https:\/\/www.alarmautomatika.com\/bs\/softveri\/absistem-ticketing\/#ticketing_sale\">ABsistemTicketingSale<\/a> koja omogu\u0107uje onsite naplatu ulaznica te <a href=\"https:\/\/www.alarmautomatika.com\/bs\/softveri\/absistem-ticketing\/#smart_kiosk\">ABsistemSmartKiosk<\/a> za samonaplatu ulaza.<\/p>\n<p>[\/et_pb_text][et_pb_button button_url=&#8221;https:\/\/www.alarmautomatika.com\/bs\/softveri\/absistem-ticketing\/&#8221; button_text=&#8221;Saznajte vi\u0161e&#8221; button_alignment=&#8221;center&#8221; disabled_on=&#8221;off|off|off&#8221; _builder_version=&#8221;4.16&#8221; _module_preset=&#8221;default&#8221; custom_button=&#8221;on&#8221; button_text_size=&#8221;14px&#8221; button_font=&#8221;|600|||||||&#8221; button_use_icon=&#8221;off&#8221; custom_padding=&#8221;14px|53px|14px|53px|true|true&#8221; global_colors_info=&#8221;{}&#8221;][\/et_pb_button][et_pb_text _builder_version=&#8221;4.16&#8221; _module_preset=&#8221;default&#8221; link_font=&#8221;|600|||||||&#8221; header_2_text_align=&#8221;left&#8221; header_2_font_size=&#8221;30px&#8221; header_2_line_height=&#8221;1.2em&#8221; custom_padding=&#8221;||1px|||&#8221; header_font_size_tablet=&#8221;48px&#8221; header_font_size_phone=&#8221;&#8221; header_font_size_last_edited=&#8221;on|tablet&#8221; header_2_font_size_tablet=&#8221;&#8221; header_2_font_size_phone=&#8221;25px&#8221; header_2_font_size_last_edited=&#8221;on|phone&#8221; global_colors_info=&#8221;{}&#8221;]<\/p>\n<blockquote>\n<h2 id=\"brojanje-ljudi\">Brojanje kupaca i posjetitelja<\/h2>\n<\/blockquote>\n<p><a href=\"https:\/\/www.alarmautomatika.com\/bs\/softveri\/brojenje-ljudi\/\" rel=\"noreferrer\">ABsistemCounter<\/a> softver putem IP kamera broji i u bazu podataka bilje\u017ei koliko posjetitelja je u\u0161lo u ili iza\u0161lo iz prostora. Pregled je centraliziran, u realnom vremenu ili naknadno, te omogu\u0107ava mnogobrojne poslovne analize. Dostupna su i rje\u0161enja za odre\u0111ivanje broja ljudi u prostoru <a href=\"https:\/\/www.alarmautomatika.com\/bs\/softveri\/brojenje-ljudi\/#odredjivanje_broja_ljudi\">ABsistemLimitPeople<\/a>, za analitiku u trgovinama <a href=\"https:\/\/www.alarmautomatika.com\/bs\/softveri\/brojenje-ljudi\/#analitika_za_trgovine\">ABSistemSmartRetail<\/a> te za <a href=\"https:\/\/www.alarmautomatika.com\/bs\/softveri\/brojenje-ljudi\/#brojenje_putnika\">brojanje putnika u javnom prijevozu.<\/a><\/p>\n<p>[\/et_pb_text][et_pb_button button_url=&#8221;https:\/\/www.alarmautomatika.com\/bs\/softveri\/brojenje-ljudi\/&#8221; button_text=&#8221;Saznajte vi\u0161e&#8221; button_alignment=&#8221;center&#8221; disabled_on=&#8221;off|off|off&#8221; _builder_version=&#8221;4.16&#8221; _module_preset=&#8221;default&#8221; custom_button=&#8221;on&#8221; button_text_size=&#8221;14px&#8221; button_font=&#8221;|600|||||||&#8221; button_use_icon=&#8221;off&#8221; custom_padding=&#8221;14px|53px|14px|53px|true|true&#8221; global_colors_info=&#8221;{}&#8221;][\/et_pb_button][et_pb_text _builder_version=&#8221;4.16&#8221; _module_preset=&#8221;default&#8221; link_font=&#8221;|600|||||||&#8221; header_2_text_align=&#8221;left&#8221; header_2_font_size=&#8221;30px&#8221; header_2_line_height=&#8221;1.2em&#8221; custom_padding=&#8221;||1px|||&#8221; header_font_size_tablet=&#8221;48px&#8221; header_font_size_phone=&#8221;&#8221; header_font_size_last_edited=&#8221;on|tablet&#8221; header_2_font_size_tablet=&#8221;&#8221; header_2_font_size_phone=&#8221;25px&#8221; header_2_font_size_last_edited=&#8221;on|phone&#8221; global_colors_info=&#8221;{}&#8221;]<\/p>\n<blockquote>\n<h2 id=\"parking-rjesenja\">Parking rje\u0161enja<\/h2>\n<\/blockquote>\n<p><a href=\"https:\/\/www.alarmautomatika.com\/bs\/softveri\/absistem-park\/\">ABsistemPark<\/a> softver upravlja kontrolom pristupa vozila na parking. Integri\u0161e LPR kamere, \u010dita\u010de kontrole pristupa, interfone i recepcijske softvere i druge poslovne softvere. Dostupne su verzije sa kategorizacijom vozila, naplatom parkinga i signalizacijom slobodnih parkirnih mjesta. <a href=\"https:\/\/www.alarmautomatika.com\/bs\/softveri\/absistem-park\/#zauzetost_parkinga\">ABsistemGaragePark<\/a> i za kontrolu ulaza kamiona, vagona i kontejnera <a href=\"https:\/\/www.alarmautomatika.com\/bs\/softveri\/absistem-park\/#kontrola_pristupa\">ABsistemMultiport<\/a>.<\/p>\n<p>[\/et_pb_text][et_pb_button button_url=&#8221;https:\/\/www.alarmautomatika.com\/bs\/softveri\/absistem-park\/&#8221; button_text=&#8221;Saznajte vi\u0161e&#8221; button_alignment=&#8221;center&#8221; disabled_on=&#8221;off|off|off&#8221; _builder_version=&#8221;4.16&#8221; _module_preset=&#8221;default&#8221; custom_button=&#8221;on&#8221; button_text_size=&#8221;14px&#8221; button_font=&#8221;|600|||||||&#8221; button_use_icon=&#8221;off&#8221; custom_padding=&#8221;14px|53px|14px|53px|true|true&#8221; global_colors_info=&#8221;{}&#8221;][\/et_pb_button][et_pb_text _builder_version=&#8221;4.16&#8221; _module_preset=&#8221;default&#8221; link_font=&#8221;|600|||||||&#8221; header_2_text_align=&#8221;left&#8221; header_2_font_size=&#8221;30px&#8221; header_2_line_height=&#8221;1.2em&#8221; custom_padding=&#8221;||1px|||&#8221; header_font_size_tablet=&#8221;48px&#8221; header_font_size_phone=&#8221;&#8221; header_font_size_last_edited=&#8221;on|tablet&#8221; header_2_font_size_tablet=&#8221;&#8221; header_2_font_size_phone=&#8221;25px&#8221; header_2_font_size_last_edited=&#8221;on|phone&#8221; global_colors_info=&#8221;{}&#8221;]<\/p>\n<blockquote>\n<h2 id=\"upravljanje-posjetiteljima\">Upravljanje i evidencija ulaska<\/h2>\n<\/blockquote>\n<p><a href=\"https:\/\/www.alarmautomatika.com\/bs\/softveri\/absistem-guest-manager\/\">ABsistemGuestManager<\/a> softver integri\u0161e <a href=\"https:\/\/www.alarmautomatika.com\/bs\/proizvodi\/napredni-sistemi-kontrole-pristupa\/\">kontrolu pristupa<\/a> sa skenerom dokumenata i ispisom akreditiva odre\u0111enog nivoa pristupa u objektima u kojima je potrebna identifikacija pri ulasku.<\/p>\n<p>[\/et_pb_text][et_pb_button button_url=&#8221;https:\/\/www.alarmautomatika.com\/bs\/softveri\/absistem-guest-manager\/&#8221; button_text=&#8221;Saznajte vi\u0161e&#8221; button_alignment=&#8221;center&#8221; disabled_on=&#8221;off|off|off&#8221; _builder_version=&#8221;4.16&#8221; _module_preset=&#8221;default&#8221; custom_button=&#8221;on&#8221; button_text_size=&#8221;14px&#8221; button_font=&#8221;|600|||||||&#8221; button_use_icon=&#8221;off&#8221; custom_padding=&#8221;14px|53px|14px|53px|true|true&#8221; global_colors_info=&#8221;{}&#8221;][\/et_pb_button][et_pb_text _builder_version=&#8221;4.16&#8221; _module_preset=&#8221;default&#8221; link_font=&#8221;|600|||||||&#8221; header_2_text_align=&#8221;left&#8221; header_2_font_size=&#8221;30px&#8221; header_2_line_height=&#8221;1.2em&#8221; custom_padding=&#8221;||1px|||&#8221; header_font_size_tablet=&#8221;48px&#8221; header_font_size_phone=&#8221;&#8221; header_font_size_last_edited=&#8221;on|tablet&#8221; header_2_font_size_tablet=&#8221;&#8221; header_2_font_size_phone=&#8221;25px&#8221; header_2_font_size_last_edited=&#8221;on|phone&#8221; global_colors_info=&#8221;{}&#8221;]<\/p>\n<blockquote>\n<h2 id=\"nadzor-na-pretovarnim-stanicama\">Nadzor na pretovarnim stanicama<\/h2>\n<\/blockquote>\n<p><a href=\"https:\/\/www.alarmautomatika.com\/bs\/softveri\/absistem-green\/\">ABsistemGreen<\/a> softver se koristi na pretovarnim stanicama za identifikaciju voza\u010da i vozila te automatski ispis potrebnih dokumenata. Integri\u0161e kontrolu pristupa, rampe, vaganje vozila, LPR kamere i semafore.<\/p>\n<p>[\/et_pb_text][et_pb_button button_url=&#8221;https:\/\/www.alarmautomatika.com\/bs\/softveri\/absistem-green\/&#8221; button_text=&#8221;Saznajte vi\u0161e&#8221; button_alignment=&#8221;center&#8221; disabled_on=&#8221;off|off|off&#8221; _builder_version=&#8221;4.16&#8221; _module_preset=&#8221;default&#8221; custom_button=&#8221;on&#8221; button_text_size=&#8221;14px&#8221; button_font=&#8221;|600|||||||&#8221; button_use_icon=&#8221;off&#8221; custom_padding=&#8221;14px|53px|14px|53px|true|true&#8221; global_colors_info=&#8221;{}&#8221;][\/et_pb_button][et_pb_text _builder_version=&#8221;4.16&#8221; _module_preset=&#8221;default&#8221; link_font=&#8221;|600|||||||&#8221; header_2_text_align=&#8221;left&#8221; header_2_font_size=&#8221;30px&#8221; header_2_line_height=&#8221;1.2em&#8221; custom_padding=&#8221;||1px|||&#8221; header_font_size_tablet=&#8221;48px&#8221; header_font_size_phone=&#8221;&#8221; header_font_size_last_edited=&#8221;on|tablet&#8221; header_2_font_size_tablet=&#8221;&#8221; header_2_font_size_phone=&#8221;25px&#8221; header_2_font_size_last_edited=&#8221;on|phone&#8221; global_colors_info=&#8221;{}&#8221;]<\/p>\n<blockquote>\n<h2 id=\"centralizirani-nadzor\">Centralizirani nadzor interlock kabina<\/h2>\n<\/blockquote>\n<p><a href=\"https:\/\/www.alarmautomatika.com\/bs\/softveri\/absistem-interlock\/\">ABsistemInterlock<\/a> je softver koji omogu\u0107uje nadzor te lokalno i daljinsko upravljanje nad interlock kabinama. Kabinama na udaljenim lokacijama se upravlja u realnom vremenu.<\/p>\n<p>[\/et_pb_text][et_pb_button button_url=&#8221;https:\/\/www.alarmautomatika.com\/bs\/softveri\/absistem-interlock\/&#8221; button_text=&#8221;Saznajte vi\u0161e&#8221; button_alignment=&#8221;center&#8221; disabled_on=&#8221;off|off|off&#8221; _builder_version=&#8221;4.16&#8221; _module_preset=&#8221;default&#8221; custom_button=&#8221;on&#8221; button_text_size=&#8221;14px&#8221; button_font=&#8221;|600|||||||&#8221; button_use_icon=&#8221;off&#8221; custom_padding=&#8221;14px|53px|14px|53px|true|true&#8221; global_colors_info=&#8221;{}&#8221;][\/et_pb_button][et_pb_text _builder_version=&#8221;4.16&#8221; _module_preset=&#8221;default&#8221; link_font=&#8221;|600|||||||&#8221; header_2_text_align=&#8221;left&#8221; header_2_font_size=&#8221;30px&#8221; header_2_line_height=&#8221;1.2em&#8221; custom_padding=&#8221;||1px|||&#8221; header_font_size_tablet=&#8221;48px&#8221; header_font_size_phone=&#8221;&#8221; header_font_size_last_edited=&#8221;on|tablet&#8221; header_2_font_size_tablet=&#8221;&#8221; header_2_font_size_phone=&#8221;25px&#8221; header_2_font_size_last_edited=&#8221;on|phone&#8221; locked=&#8221;off&#8221; global_colors_info=&#8221;{}&#8221;]<\/p>\n<blockquote>\n<h2 id=\"inteligentno-upravljanje\">Razvoj softvera za inteligentno upravljanje i kontrolu<\/h2>\n<\/blockquote>\n<p>U Alarm automatici je razvijen jo\u0161 cijeli niz specijalisti\u010dkih softvera za inteligentno upravljanje i kontrolu \u2013 primjerice <a href=\"https:\/\/drive.google.com\/file\/d\/1pM8YNv8vuRNuvkVmt1wtebrx-V5IQlej\/view?usp=sharing\" target=\"_blank\" rel=\"noopener\">ABsistemLunch<\/a> za naru\u010divanje dnevnog obroka u kompanijama, <a href=\"https:\/\/drive.google.com\/file\/d\/1pM8YNv8vuRNuvkVmt1wtebrx-V5IQlej\/view?usp=sharing\" target=\"_blank\" rel=\"noopener\">ABsistemCafeteria<\/a> za bezgotovinsko pla\u0107anje obroka u kompanijama ili <strong><a href=\"https:\/\/drive.google.com\/file\/d\/1pM8YNv8vuRNuvkVmt1wtebrx-V5IQlej\/view?usp=sharing\" target=\"_blank\" rel=\"noopener\">ABsistemRooms<\/a><\/strong> za rezervacije soba u manjim smje\u0161tajnim objektima.<br \/>\nVlastiti razvoj zna\u010di da smo u Alarm automatici spremni rije\u0161iti razne potrebe korisnika i razviti korisnicima potpuno prilago\u0111eno rje\u0161enje softverske integracije.\n<\/p>\n<p>[\/et_pb_text][\/et_pb_column][et_pb_column type=&#8221;1_4&#8221; _builder_version=&#8221;4.16&#8221; _module_preset=&#8221;default&#8221; custom_padding_tablet=&#8221;&#8221; custom_padding_phone=&#8221;&#8221; custom_padding_last_edited=&#8221;on|phone&#8221; global_colors_info=&#8221;{}&#8221;][et_pb_image src=&#8221;https:\/\/www.alarmautomatika.com\/wp-content\/uploads\/2020\/10\/idea-solution-logo-home-banner.png&#8221; alt=&#8221;iDEA Solution&#8221; title_text=&#8221;iDEA Solution&#8221; align=&#8221;center&#8221; _builder_version=&#8221;4.16&#8221; _module_preset=&#8221;default&#8221; global_colors_info=&#8221;{}&#8221;][\/et_pb_image][et_pb_accordion module_class=&#8221;idea-value-propositions&#8221; _builder_version=&#8221;4.9.0&#8221; _module_preset=&#8221;default&#8221; global_module=&#8221;8292&#8221; global_colors_info=&#8221;{}&#8221;][et_pb_accordion_item title=&#8221;Blank&#8221; open=&#8221;on&#8221; _builder_version=&#8221;4.16&#8221; _module_preset=&#8221;default&#8221; custom_css_main_element=&#8221;display:none;&#8221; global_colors_info=&#8221;{}&#8221;][\/et_pb_accordion_item][et_pb_accordion_item title=&#8221;Klijenti&#8221; _builder_version=&#8221;4.16&#8221; _module_preset=&#8221;default&#8221; global_colors_info=&#8221;{}&#8221; open=&#8221;off&#8221;]<\/p>\n<p><a href=\"https:\/\/www.alarmautomatika.com\/bs\/klijenti\/banke-i-finansijske-institucije\/\">Banke i financijske institucije<\/a><\/p>\n<p><a href=\"https:\/\/www.alarmautomatika.com\/bs\/klijenti\/hoteli-kampovi\/\">Hoteli<\/a><\/p>\n<p><a href=\"https:\/\/www.alarmautomatika.com\/bs\/klijenti\/trgovacki-centri\/\">Trgova\u010dki centri<\/a><\/p>\n<p><a href=\"https:\/\/www.alarmautomatika.com\/bs\/klijenti\/javni-i-poslovni-objekti\/\">Javni i poslovni objekti<\/a><\/p>\n<p><a href=\"https:\/\/www.alarmautomatika.com\/bs\/klijenti\/industrija-i-kriticna-infrastruktura\/\">Industrija i kriti\u010dna infrastruktura<\/a><\/p>\n<p><a href=\"https:\/\/www.alarmautomatika.com\/bs\/klijenti\/javne-povrsine-i-prostori\/\">Javne povr\u0161ine i prostori<\/a><\/p>\n<p>[\/et_pb_accordion_item][et_pb_accordion_item title=&#8221;Proizvodi&#8221; _builder_version=&#8221;4.16&#8221; _module_preset=&#8221;default&#8221; global_colors_info=&#8221;{}&#8221; open=&#8221;off&#8221;]<\/p>\n<p><a href=\"https:\/\/www.alarmautomatika.com\/bs\/proizvodi\/videoanalitika-i-umjetna-inteligencija\/\">Videoanalitika i umjetna inteligencija<\/a><\/p>\n<p><a href=\"https:\/\/www.alarmautomatika.com\/bs\/proizvodi\/termovizija-i-zastita-perimetra\/\">Termovizija i za\u0161tita perimetra<\/a><\/p>\n<p><a href=\"https:\/\/www.alarmautomatika.com\/bs\/proizvodi\/napredni-sistemi-kontrole-pristupa\/\">Napredni sustavi kontrole pristupa<\/a><\/p>\n<p><a href=\"https:\/\/www.alarmautomatika.com\/bs\/proizvodi\/elektronska-zastita-artikala-od-kradje\/\">Elektroni\u010dka za\u0161tita artikala od kra\u0111e<\/a><\/p>\n<p><a href=\"https:\/\/www.alarmautomatika.com\/bs\/proizvodi\/inteligentno-upravljanje-prometom-i-parkingom\/\">Inteligentno upravljanje prometom i parkingom<\/a><\/p>\n<p><a href=\"https:\/\/www.alarmautomatika.com\/bs\/proizvodi\/bms-i-upravljanje-sistemima-na-objektu\/\">BMS i upravljanje sustavima na objektu<\/a><\/p>\n<p>[\/et_pb_accordion_item][et_pb_accordion_item title=&#8221;Softveri&#8221; _builder_version=&#8221;4.16&#8221; _module_preset=&#8221;default&#8221; global_colors_info=&#8221;{}&#8221; open=&#8221;off&#8221;]<\/p>\n<p><a href=\"https:\/\/www.alarmautomatika.com\/bs\/softveri\/inteligentno-upravljanje-i-kontrola\/#izdavanje-ulaznica\" data-et-has-event-already=\"true\">Izdavanje ulaznica<\/a><\/p>\n<p><a href=\"https:\/\/www.alarmautomatika.com\/bs\/softveri\/inteligentno-upravljanje-i-kontrola\/#brojanje-ljudi\" data-et-has-event-already=\"true\">Brojanje ljudi<\/a><\/p>\n<p><a href=\"https:\/\/www.alarmautomatika.com\/bs\/softveri\/inteligentno-upravljanje-i-kontrola\/#rezervacija-soba\" data-et-has-event-already=\"true\">Rezervacija soba<\/a><\/p>\n<p><a href=\"https:\/\/www.alarmautomatika.com\/bs\/softveri\/inteligentno-upravljanje-i-kontrola\/#parking-rjesenja\" data-et-has-event-already=\"true\">Parking rje\u0161enja<\/a><\/p>\n<p><a href=\"https:\/\/www.alarmautomatika.com\/bs\/softveri\/inteligentno-upravljanje-i-kontrola\/#upravljanje-prometom\" data-et-has-event-already=\"true\">Upravljanje prometom<\/a><\/p>\n<p><a href=\"https:\/\/www.alarmautomatika.com\/bs\/softveri\/inteligentno-upravljanje-i-kontrola\/#upravljanje-posjetiteljima\" data-et-has-event-already=\"true\">Upravljanje posjetiteljima<\/a><\/p>\n<p><a href=\"https:\/\/www.alarmautomatika.com\/bs\/softveri\/inteligentno-upravljanje-i-kontrola\/#nadzor-na-pretovarnim-stanicama\" data-et-has-event-already=\"true\">Nadzor na pretovarnim stanicama<\/a><\/p>\n<p>[\/et_pb_accordion_item][et_pb_accordion_item title=&#8221;Usluge&#8221; _builder_version=&#8221;4.16&#8221; _module_preset=&#8221;default&#8221; global_colors_info=&#8221;{}&#8221; open=&#8221;off&#8221;]<\/p>\n<p><a href=\"https:\/\/www.alarmautomatika.com\/bs\/usluge\/strucne-usluge-za-slozene-projekte\/#projektiranje\" data-et-has-event-already=\"true\">Projektiranje<\/a><\/p>\n<p><a href=\"https:\/\/www.alarmautomatika.com\/bs\/usluge\/strucne-usluge-za-slozene-projekte\/#prosudba-ugrozenosti-i-elaborat-mjera-sigurnosti\" data-et-has-event-already=\"true\">Prosudba ugro\u017eenosti i elaborat mjera sigurnosti<\/a><\/p>\n<p><a href=\"https:\/\/www.alarmautomatika.com\/bs\/usluge\/strucne-usluge-za-slozene-projekte\/#konzalting\" data-et-has-event-already=\"true\">Konzalting<\/a><\/p>\n<p><a href=\"https:\/\/www.alarmautomatika.com\/bs\/usluge\/strucne-usluge-za-slozene-projekte\/#nadzor-nad-izvodjenjem\" data-et-has-event-already=\"true\">Nadzor nad izvo\u0111enjem<\/a><\/p>\n<p><a href=\"https:\/\/www.alarmautomatika.com\/bs\/usluge\/strucne-usluge-za-slozene-projekte\/#koordinacija-i-vodjenje-projekata\" data-et-has-event-already=\"true\">Koordinacija i vo\u0111enje projekata<\/a><\/p>\n<p><a href=\"https:\/\/www.alarmautomatika.com\/bs\/usluge\/strucne-usluge-za-slozene-projekte\/#softverska-integracija\" data-et-has-event-already=\"true\">Softverska integracija i ukla\u0161anje u IKT<\/a><\/p>\n<p>[\/et_pb_accordion_item][et_pb_accordion_item title=&#8221;Platforma&#8221; _builder_version=&#8221;4.16&#8221; _module_preset=&#8221;default&#8221; global_colors_info=&#8221;{}&#8221; open=&#8221;off&#8221;]<\/p>\n<p><a href=\"https:\/\/www.alarmautomatika.com\/bs\/platforma\/#razmjena-znanja\" data-et-has-event-already=\"true\">Platforma za razmjenu znanja sudionika procesa gra\u0111enja<\/a><\/p>\n<p>[\/et_pb_accordion_item][\/et_pb_accordion][\/et_pb_column][\/et_pb_row][\/et_pb_section]<\/p>\n","protected":false},"excerpt":{"rendered":"<p>Izdavanje ulaznica i upravljanje pristupom ABsistemTicketing softver upravlja ulaskom ljudi na stadione i u javne objekte. Integri\u0161e online prodaju karata, terminale i barijere za kontrolu pristupa, videonadzor i softvere za vo\u0111enje poslovanja. Dostupna je i njegova verzija ABsistemTicketingSale koja omogu\u0107uje onsite naplatu ulaznica te ABsistemSmartKiosk za samonaplatu ulaza. Brojanje kupaca i posjetitelja ABsistemCounter softver putem [&hellip;]<\/p>\n","protected":false},"author":15,"featured_media":0,"parent":3919,"menu_order":0,"comment_status":"closed","ping_status":"closed","template":"","meta":{"_et_pb_use_builder":"on","_et_pb_old_content":"","_et_gb_content_width":"","footnotes":""},"class_list":["post-4513","page","type-page","status-publish","hentry"],"_links":{"self":[{"href":"https:\/\/www.alarmautomatika.com\/bs\/wp-json\/wp\/v2\/pages\/4513","targetHints":{"allow":["GET"]}}],"collection":[{"href":"https:\/\/www.alarmautomatika.com\/bs\/wp-json\/wp\/v2\/pages"}],"about":[{"href":"https:\/\/www.alarmautomatika.com\/bs\/wp-json\/wp\/v2\/types\/page"}],"author":[{"embeddable":true,"href":"https:\/\/www.alarmautomatika.com\/bs\/wp-json\/wp\/v2\/users\/15"}],"replies":[{"embeddable":true,"href":"https:\/\/www.alarmautomatika.com\/bs\/wp-json\/wp\/v2\/comments?post=4513"}],"version-history":[{"count":2,"href":"https:\/\/www.alarmautomatika.com\/bs\/wp-json\/wp\/v2\/pages\/4513\/revisions"}],"predecessor-version":[{"id":55706,"href":"https:\/\/www.alarmautomatika.com\/bs\/wp-json\/wp\/v2\/pages\/4513\/revisions\/55706"}],"up":[{"embeddable":true,"href":"https:\/\/www.alarmautomatika.com\/bs\/wp-json\/wp\/v2\/pages\/3919"}],"wp:attachment":[{"href":"https:\/\/www.alarmautomatika.com\/bs\/wp-json\/wp\/v2\/media?parent=4513"}],"curies":[{"name":"wp","href":"https:\/\/api.w.org\/{rel}","templated":true}]}}