{"id":54876,"date":"2024-09-10T09:35:23","date_gmt":"2024-09-10T07:35:23","guid":{"rendered":"https:\/\/www.alarmautomatika.com\/strucno-predavanje-projektiranje-i-izvodenje-safety-sistema-praksa-u-hrvatskoj\/"},"modified":"2024-09-11T09:50:49","modified_gmt":"2024-09-11T07:50:49","slug":"strucno-predavanje-projektiranje-i-izvodenje-safety-sistema-praksa-u-hrvatskoj","status":"publish","type":"page","link":"https:\/\/www.alarmautomatika.com\/bs\/strucno-predavanje-projektiranje-i-izvodenje-safety-sistema-praksa-u-hrvatskoj\/","title":{"rendered":"Stru\u010dno predavanje Projektiranje i izvo\u0111enje safety sistema, praksa u Hrvatskoj"},"content":{"rendered":"<p>[et_pb_section fb_built=&#8221;1&#8221; _builder_version=&#8221;4.27.0&#8221; _module_preset=&#8221;default&#8221; global_colors_info=&#8221;{}&#8221;][et_pb_row _builder_version=&#8221;4.27.0&#8221; _module_preset=&#8221;default&#8221; global_colors_info=&#8221;{}&#8221;][et_pb_column type=&#8221;4_4&#8221; _builder_version=&#8221;4.27.0&#8221; _module_preset=&#8221;default&#8221; global_colors_info=&#8221;{}&#8221;][et_pb_text _builder_version=&#8221;4.27.0&#8221; _module_preset=&#8221;default&#8221; header_font_size=&#8221;38px&#8221; header_font_tablet=&#8221;&#8221; header_font_phone=&#8221;&#8221; header_font_last_edited=&#8221;on|desktop&#8221; global_colors_info=&#8221;{}&#8221;]<\/p>\n<blockquote>\n<h1>Stru\u010dno predavanje Projektiranje i izvo\u0111enje safety sistema, praksa u Hrvatskoj<\/h1>\n<\/blockquote>\n<p>[\/et_pb_text][et_pb_image src=&#8221;https:\/\/www.alarmautomatika.com\/wp-content\/uploads\/2024\/09\/ASS_StrucnoPredavanje_banner.jpg&#8221; title_text=&#8221;ASS_StrucnoPredavanje_banner&#8221; align=&#8221;center&#8221; _builder_version=&#8221;4.27.0&#8221; _module_preset=&#8221;default&#8221; hover_enabled=&#8221;0&#8221; global_colors_info=&#8221;{}&#8221; sticky_enabled=&#8221;0&#8221;][\/et_pb_image][et_pb_text _builder_version=&#8221;4.27.0&#8221; _module_preset=&#8221;default&#8221; global_colors_info=&#8221;{}&#8221;]<\/p>\n<p>Za za\u0161titu od po\u017eara velikih objekata se koristi niz sistema i podsistema kojima je svrha u \u0161to ranijoj fazi detektirati po\u017ear, omogu\u0107iti sigurnu i brzu evakuaciju ljudi te smanjiti \u0161tetu na samom objektu. Sistem za dojavu po\u017eara je centralni sistem za\u0161tite od po\u017eara koji upravlja ostalim safety sistemima \u2013 dojave  plina, ga\u0161enja, odvo\u0111enja dima i topline, evakuacijskog razglasa, sigurnosne rasvjete, SOS poziva u nu\u017edi &#8211; koji u slu\u010daju po\u017eara funkcioniraju kao izvr\u0161ni elementi dojave po\u017eara.<\/p>\n<p>[\/et_pb_text][et_pb_button button_url=&#8221;https:\/\/forms.office.com\/e\/RYUVfHcAYt&#8221; url_new_window=&#8221;on&#8221; button_text=&#8221;Online prijava&#8221; button_alignment=&#8221;center&#8221; disabled_on=&#8221;off|off|off&#8221; _builder_version=&#8221;4.27.0&#8221; _module_preset=&#8221;default&#8221; custom_button=&#8221;on&#8221; button_text_size=&#8221;14px&#8221; button_font=&#8221;|600|||||||&#8221; button_use_icon=&#8221;off&#8221; custom_padding=&#8221;14px|53px|14px|53px|true|true&#8221; global_colors_info=&#8221;{}&#8221;][\/et_pb_button][et_pb_text _builder_version=&#8221;4.27.0&#8221; _module_preset=&#8221;default&#8221; global_colors_info=&#8221;{}&#8221;]<\/p>\n<p>Na predavanju \u0107e biti rije\u010di o bitnim \u010dimbenicima uspostave integriranog safety rje\u0161enja \u2013 projektiranju, odabiru opreme i upravljanju.<\/p>\n<p>[\/et_pb_text][et_pb_text _builder_version=&#8221;4.27.0&#8221; _module_preset=&#8221;default&#8221; global_colors_info=&#8221;{}&#8221;]<\/p>\n<blockquote>\n<h4>Kome je predavanje namijenjeno?<\/h4>\n<\/blockquote>\n<p>Predavanje Projektiranje i izvo\u0111enje safety sistema, praksa u Hrvatskoj je namijenjeno prvenstveno projektantima, ispitiva\u010dima i sistem integratorima safety sistema, ali i svima ostalima dionicima procesa projektiranja i gradnje.<\/p>\n<p>[\/et_pb_text][et_pb_text _builder_version=&#8221;4.27.0&#8221; _module_preset=&#8221;default&#8221; global_colors_info=&#8221;{}&#8221;]<\/p>\n<blockquote>\n<h4>Kotizacija<\/h4>\n<\/blockquote>\n<p>Kotizacija za sudjelovanje na predavanju, kao ni za ulaz na Adria Security Summit, se ne napla\u0107uje.<\/p>\n<p>[\/et_pb_text][et_pb_text _builder_version=&#8221;4.27.0&#8221; _module_preset=&#8221;default&#8221; global_colors_info=&#8221;{}&#8221;]<\/p>\n<blockquote>\n<h4>Kada i gdje se predavanje odr\u017eava?<\/h4>\n<\/blockquote>\n<p>Predavanje se odr\u017eava 10.10.2024., od 11:00 &#8211; 13:00, u dvorani na 1. katu, <a href=\"https:\/\/hotelhills.ba\/\" target=\"_blank\" rel=\"noopener\"><strong>Hotel Hills<\/strong><\/a>, Butmirska cesta 18, Ilid\u017ea.<\/p>\n<p>Dio je programa <a href=\"https:\/\/www.adriasecuritysummit.com\/\" target=\"_blank\" rel=\"noopener\"><strong>Adria Security Summita 2024.<\/strong><\/a>, u regiji najve\u0107eg i najposje\u0107enijeg mjesta okupljanja profesionalaca u za\u0161titarskoj industriji.[\/et_pb_text][et_pb_text _builder_version=&#8221;4.27.0&#8221; _module_preset=&#8221;default&#8221; global_colors_info=&#8221;{}&#8221;]<\/p>\n<blockquote>\n<h4>Do kada i kako se mo\u017eete prijaviti?<\/h4>\n<\/blockquote>\n<p>Kako bismo osigurali dovoljno materijala, molimo da svoj dolazak na predavanje najavite najkasnije tri dana prije odr\u017eavanja putem <a href=\"https:\/\/forms.office.com\/e\/RYUVfHcAYt\" target=\"_blank\" rel=\"noopener\"><strong>online prijave<\/strong><\/a>.<\/p>\n<p>[\/et_pb_text][et_pb_button button_url=&#8221;https:\/\/forms.office.com\/e\/RYUVfHcAYt&#8221; url_new_window=&#8221;on&#8221; button_text=&#8221;Online prijava&#8221; button_alignment=&#8221;center&#8221; disabled_on=&#8221;off|off|off&#8221; _builder_version=&#8221;4.27.0&#8221; _module_preset=&#8221;default&#8221; custom_button=&#8221;on&#8221; button_text_size=&#8221;14px&#8221; button_font=&#8221;|600|||||||&#8221; button_use_icon=&#8221;off&#8221; custom_padding=&#8221;14px|53px|14px|53px|true|true&#8221; global_colors_info=&#8221;{}&#8221;][\/et_pb_button][et_pb_text _builder_version=&#8221;4.27.0&#8221; _module_preset=&#8221;default&#8221; global_colors_info=&#8221;{}&#8221;]<\/p>\n<p>Kako biste brzo u\u0161li na Adria Security Summit, dodatno se registrirate kao posjetitelj na stranicama organizatora, na poveznici <a href=\"https:\/\/adriasecuritysummit.vfairs.com\/en\/registration\" target=\"_blank\" rel=\"noopener\"><strong>Registracija dolaska na Adria Security Summit 2024<\/strong><\/a>!<\/p>\n<p>[\/et_pb_text][et_pb_button button_url=&#8221;https:\/\/drive.google.com\/file\/d\/18AMqhSeSYCE9lvw7T4VlaDo0bjPdFqLX\/view&#8221; url_new_window=&#8221;on&#8221; button_text=&#8221;Upute za registraciju&#8221; button_alignment=&#8221;center&#8221; disabled_on=&#8221;off|off|off&#8221; _builder_version=&#8221;4.27.0&#8221; _module_preset=&#8221;default&#8221; custom_button=&#8221;on&#8221; button_text_size=&#8221;14px&#8221; button_font=&#8221;|600|||||||&#8221; button_use_icon=&#8221;off&#8221; custom_padding=&#8221;14px|53px|14px|53px|true|true&#8221; global_colors_info=&#8221;{}&#8221;][\/et_pb_button][et_pb_text _builder_version=&#8221;4.27.0&#8221; _module_preset=&#8221;default&#8221; global_colors_info=&#8221;{}&#8221;]<\/p>\n<blockquote>\n<h4>\u0160to sadr\u017ee materijali?<\/h4>\n<\/blockquote>\n<p>Nakon predavanja \u0107e sudionicima biti poslane PowerPoint prezentacije i PDF bro\u0161ure.[\/et_pb_text][et_pb_text _builder_version=&#8221;4.27.0&#8221; _module_preset=&#8221;default&#8221; global_colors_info=&#8221;{}&#8221;]<\/p>\n<blockquote>\n<h4>Dnevni raspored<\/h4>\n<\/blockquote>\n<p>[\/et_pb_text][et_pb_code _builder_version=&#8221;4.27.0&#8221; _module_preset=&#8221;default&#8221; global_colors_info=&#8221;{}&#8221;]<pee>\n<style><!-- [et_pb_line_break_holder] -->#customers td, #customers th {<!-- [et_pb_line_break_holder] -->  border: 1px solid #ddd;<!-- [et_pb_line_break_holder] -->  padding: 10px;<!-- [et_pb_line_break_holder] -->}<!-- [et_pb_line_break_holder] --><!-- [et_pb_line_break_holder] -->#customers tr:nth-child(even) {<!-- [et_pb_line_break_holder] -->  background-color: #f2f2f2;<!-- [et_pb_line_break_holder] -->}<!-- [et_pb_line_break_holder] --><!-- [et_pb_line_break_holder] -->#customers tr:hover {<!-- [et_pb_line_break_holder] -->  background-color: #ddd;<!-- [et_pb_line_break_holder] -->}<!-- [et_pb_line_break_holder] --><!-- [et_pb_line_break_holder] -->.text-nowrap {<!-- [et_pb_line_break_holder] -->  white-space: nowrap;<!-- [et_pb_line_break_holder] -->}<!-- [et_pb_line_break_holder] --><\/style>\n<\/pee>\n<!-- [et_pb_line_break_holder] --><!-- [et_pb_line_break_holder] --><!-- [et_pb_line_break_holder] --><!-- [et_pb_line_break_holder] --><!-- [et_pb_line_break_holder] --><\/p>\n<table id=\"customers\"><!-- [et_pb_line_break_holder] --><!-- [et_pb_line_break_holder] --><\/p>\n<tbody><!-- [et_pb_line_break_holder] --><\/p>\n<tr><!-- [et_pb_line_break_holder] --><!-- [et_pb_line_break_holder] --><\/p>\n<td class=\"text-nowrap\">11:00 \u2013 11:15<\/td>\n<p><!-- [et_pb_line_break_holder] --><!-- [et_pb_line_break_holder] --><!-- [et_pb_line_break_holder] --><\/p>\n<td>Pozdravni govor<!\u2013- [et_pb_br_holder] -\u2013><!-- [et_pb_line_break_holder] -->Ines Cero, Alarm automatika Sarajevo<\/td>\n<p><!-- [et_pb_line_break_holder] --><!-- [et_pb_line_break_holder] --><\/tr>\n<p><!-- [et_pb_line_break_holder] --><!-- [et_pb_line_break_holder] --><!-- [et_pb_line_break_holder] --><\/p>\n<tr><!-- [et_pb_line_break_holder] --><!-- [et_pb_line_break_holder] --><\/p>\n<td class=\"text-nowrap\">11:15 \u2013 12:30<\/td>\n<p><!-- [et_pb_line_break_holder] --><!-- [et_pb_line_break_holder] --><!-- [et_pb_line_break_holder] --><\/p>\n<td>Projektiranje i izvo\u0111enje safety sistema, praksa u Hrvatskoj <!\u2013- [et_pb_br_holder] -\u2013><!-- [et_pb_line_break_holder] -->Vedran Mihaljevi\u0107, Alarm automatika Split<\/td>\n<p><!-- [et_pb_line_break_holder] --><!-- [et_pb_line_break_holder] --><\/tr>\n<p><!-- [et_pb_line_break_holder] --><!-- [et_pb_line_break_holder] --><!-- [et_pb_line_break_holder] --><\/p>\n<tr><!-- [et_pb_line_break_holder] --><!-- [et_pb_line_break_holder] --><\/p>\n<td class=\"text-nowrap\">12:30 \u2013 12:45<\/td>\n<p><!-- [et_pb_line_break_holder] --><!-- [et_pb_line_break_holder] --><!-- [et_pb_line_break_holder] --><\/p>\n<td>Pitanja i odgovori<\/td>\n<p><!-- [et_pb_line_break_holder] --><!-- [et_pb_line_break_holder] --><\/tr>\n<p><!-- [et_pb_line_break_holder] --><!-- [et_pb_line_break_holder] --><!-- [et_pb_line_break_holder] --><\/p>\n<tr><!-- [et_pb_line_break_holder] --><!-- [et_pb_line_break_holder] --><\/p>\n<td class=\"text-nowrap\">12:45 \u2013 13:00<\/td>\n<p><!-- [et_pb_line_break_holder] --><!-- [et_pb_line_break_holder] --><!-- [et_pb_line_break_holder] --><\/p>\n<td>Nagradna igra<\/td>\n<p><!-- [et_pb_line_break_holder] --><!-- [et_pb_line_break_holder] --><\/tr>\n<p><!-- [et_pb_line_break_holder] --><!-- [et_pb_line_break_holder] --><\/tbody>\n<p><!-- [et_pb_line_break_holder] --><\/table>\n<p><!-- [et_pb_line_break_holder] -->[\/et_pb_code][et_pb_text _builder_version=&#8221;4.27.0&#8221; _module_preset=&#8221;default&#8221; global_colors_info=&#8221;{}&#8221;]<\/p>\n<blockquote>\n<h4>Teme predavanja<\/h4>\n<\/blockquote>\n<p>Dojava po\u017eara \u2013 sredi\u0161nji sistem integriranog rje\u0161enja za\u0161tite od po\u017eara. Sistemi kojima dojava po\u017eara upravlja u slu\u010daju po\u017eara &#8211; dojava  plina, ga\u0161enje, odvo\u0111enje dima i topline, evakuacijski razglas, sigurnosna rasvjete, SOS. Karakteristike opreme koja se koristi pri uspostavi integriranog safety rje\u0161enja. Bitne odrednice projektiranja. Norme koje se primjenjuju. Upravljanje integriranim safety rje\u0161enjem putem <strong><a href=\"https:\/\/www.alarmautomatika.com\/bs\/softveri\/nadzor-i-upravljanje-nad-sustavima-zastite\/\">ABsistemDCi <\/a><\/strong>softvera. Primjeri i problemi iz prakse.<\/p>\n<p>[\/et_pb_text][et_pb_text _builder_version=&#8221;4.27.0&#8221; _module_preset=&#8221;default&#8221; global_colors_info=&#8221;{}&#8221;]<\/p>\n<blockquote>\n<h4>Od koga se mogu dobiti dodatne informacije?<\/h4>\n<\/blockquote>\n<p><strong>Ines Cero<\/strong><br \/>Izvr\u0161ni direktor<br \/>Alarm automatika d.o.o., Sarajevo<br \/><strong>E-mail:<\/strong> <a href=\"mailto:iness@alarmautomatika.com\"><strong>iness@alarmautomatika.com<\/strong><\/a><br \/>Tel: +387 61 136131<\/p>\n<p>[\/et_pb_text][et_pb_button button_url=&#8221;https:\/\/forms.office.com\/e\/RYUVfHcAYt&#8221; url_new_window=&#8221;on&#8221; button_text=&#8221;Online prijava&#8221; button_alignment=&#8221;center&#8221; disabled_on=&#8221;off|off|off&#8221; _builder_version=&#8221;4.27.0&#8221; _module_preset=&#8221;default&#8221; custom_button=&#8221;on&#8221; button_text_size=&#8221;14px&#8221; button_font=&#8221;|600|||||||&#8221; button_use_icon=&#8221;off&#8221; custom_padding=&#8221;14px|53px|14px|53px|true|true&#8221; global_colors_info=&#8221;{}&#8221;][\/et_pb_button][et_pb_text _builder_version=&#8221;4.27.0&#8221; _module_preset=&#8221;default&#8221; global_colors_info=&#8221;{}&#8221;]<\/p>\n<blockquote>\n<h4>Organizator predavanja<\/h4>\n<\/blockquote>\n<p><strong><img loading=\"lazy\" decoding=\"async\" class=\"wp-image-22105 alignleft\" src=\"https:\/\/www.alarmautomatika.com\/wp-content\/uploads\/2021\/08\/AA_HR_logo.png\" alt=\"Alarm automatika d.o.o.\" width=\"368\" height=\"119\" srcset=\"https:\/\/www.alarmautomatika.com\/wp-content\/uploads\/2021\/08\/AA_HR_logo.png 390w, https:\/\/www.alarmautomatika.com\/wp-content\/uploads\/2021\/08\/AA_HR_logo-300x97.png 300w\" sizes=\"(max-width: 368px) 100vw, 368px\" \/><\/strong><br \/><strong>Alarm automatika d.o.o.<\/strong> je regionalni lider u industriji tehni\u010dke za\u0161ite sa 35 godina iskustva i poslovanjem razvijenim u 11 zemalja regije. Zadnjih godina kompanija intenzivno razvija svoje projektno poslovanje \u2013 nabavu, isporuku, projektiranje i ugradnju safety i security sistema. Tvrtka u Sarajevu je osnovana 2006. godine od kada je razvila saradnju sa brojnim klijentima i implementirala veliki broj projekata u security i safety segmentu.<\/p>\n<p>[\/et_pb_text][\/et_pb_column][\/et_pb_row][\/et_pb_section]<\/p>\n","protected":false},"excerpt":{"rendered":"<p>Stru\u010dno predavanje Projektiranje i izvo\u0111enje safety sistema, praksa u Hrvatskoj Za za\u0161titu od po\u017eara velikih objekata se koristi niz sistema i podsistema kojima je svrha u \u0161to ranijoj fazi detektirati po\u017ear, omogu\u0107iti sigurnu i brzu evakuaciju ljudi te smanjiti \u0161tetu na samom objektu. Sistem za dojavu po\u017eara je centralni sistem za\u0161tite od po\u017eara koji upravlja [&hellip;]<\/p>\n","protected":false},"author":14,"featured_media":0,"parent":0,"menu_order":0,"comment_status":"closed","ping_status":"closed","template":"","meta":{"_et_pb_use_builder":"on","_et_pb_old_content":"","_et_gb_content_width":"","footnotes":""},"class_list":["post-54876","page","type-page","status-publish","hentry"],"_links":{"self":[{"href":"https:\/\/www.alarmautomatika.com\/bs\/wp-json\/wp\/v2\/pages\/54876","targetHints":{"allow":["GET"]}}],"collection":[{"href":"https:\/\/www.alarmautomatika.com\/bs\/wp-json\/wp\/v2\/pages"}],"about":[{"href":"https:\/\/www.alarmautomatika.com\/bs\/wp-json\/wp\/v2\/types\/page"}],"author":[{"embeddable":true,"href":"https:\/\/www.alarmautomatika.com\/bs\/wp-json\/wp\/v2\/users\/14"}],"replies":[{"embeddable":true,"href":"https:\/\/www.alarmautomatika.com\/bs\/wp-json\/wp\/v2\/comments?post=54876"}],"version-history":[{"count":2,"href":"https:\/\/www.alarmautomatika.com\/bs\/wp-json\/wp\/v2\/pages\/54876\/revisions"}],"predecessor-version":[{"id":54878,"href":"https:\/\/www.alarmautomatika.com\/bs\/wp-json\/wp\/v2\/pages\/54876\/revisions\/54878"}],"wp:attachment":[{"href":"https:\/\/www.alarmautomatika.com\/bs\/wp-json\/wp\/v2\/media?parent=54876"}],"curies":[{"name":"wp","href":"https:\/\/api.w.org\/{rel}","templated":true}]}}