{"id":56478,"date":"2025-02-04T13:01:22","date_gmt":"2025-02-04T12:01:22","guid":{"rendered":"https:\/\/www.alarmautomatika.com\/sigurnost-u-skolama-i-javnim-ustanovama-kako-ucinkovito-zastititi-djecu-i-mlade\/"},"modified":"2025-02-06T09:04:36","modified_gmt":"2025-02-06T08:04:36","slug":"sigurnost-u-skolama-i-javnim-ustanovama-kako-ucinkovito-zastititi-djecu-i-mlade","status":"publish","type":"page","link":"https:\/\/www.alarmautomatika.com\/bs\/sigurnost-u-skolama-i-javnim-ustanovama-kako-ucinkovito-zastititi-djecu-i-mlade\/","title":{"rendered":"Sigurnost u \u0161kolama i javnim ustanovama: Kako u\u010dinkovito za\u0161tititi djecu i mlade"},"content":{"rendered":"<p>[et_pb_section fb_built=&#8221;1&#8221; _builder_version=&#8221;4.27.4&#8221; _module_preset=&#8221;default&#8221; global_colors_info=&#8221;{}&#8221;][et_pb_row _builder_version=&#8221;4.27.4&#8221; _module_preset=&#8221;default&#8221; global_colors_info=&#8221;{}&#8221;][et_pb_column type=&#8221;4_4&#8221; _builder_version=&#8221;4.27.4&#8221; _module_preset=&#8221;default&#8221; global_colors_info=&#8221;{}&#8221;][et_pb_text _builder_version=&#8221;4.27.4&#8221; _module_preset=&#8221;default&#8221; header_font_size_tablet=&#8221;&#8221; header_font_size_phone=&#8221;41px&#8221; header_font_size_last_edited=&#8221;on|phone&#8221; global_colors_info=&#8221;{}&#8221;]<\/p>\n<h1>Sigurnost u \u0161kolama i javnim ustanovama: Kako u\u010dinkovito za\u0161tititi djecu i mlade<\/h1>\n<p>[\/et_pb_text][et_pb_image src=&#8221;https:\/\/www.alarmautomatika.com\/wp-content\/uploads\/2025\/02\/2025-02_Sigurnost_u_skolama_full_HD.jpg&#8221; title_text=&#8221;2025-02_Sigurnost_u_skolama_full_HD&#8221; align=&#8221;center&#8221; _builder_version=&#8221;4.27.4&#8221; _module_preset=&#8221;default&#8221; width=&#8221;80%&#8221; global_colors_info=&#8221;{}&#8221;][\/et_pb_image][et_pb_text _builder_version=&#8221;4.27.4&#8221; _module_preset=&#8221;default&#8221; header_2_font_size_tablet=&#8221;&#8221; header_2_font_size_phone=&#8221;34px&#8221; header_2_font_size_last_edited=&#8221;on|phone&#8221; global_colors_info=&#8221;{}&#8221;]<\/p>\n<blockquote>\n<h2>Osam rje\u0161enja kontrole pristupa i pove\u0107anja razine sigurnosti <\/h2>\n<\/blockquote>\n<p>Sigurnost u \u0161kolama i javnim ustanovama nikada nije bila va\u017enija. Nedavni tragi\u010dni doga\u0111aji u Srbiji, Hrvatskoj i Slova\u010dkoj pokazali su koliko je klju\u010dno osigurati za\u0161titu najosjetljivijih \u010dlanova dru\u0161tva \u2013 djece i mladih. Kao dru\u0161tveno odgovorna tvrtka, Alarm Automatika prepoznala je potrebu za konkretnim i u\u010dinkovitim rje\u0161enjima koja \u0107e pobolj\u0161ati sigurnosne standarde u \u0161kolama, vrti\u0107ima i drugim javnim ustanovama. Na\u0161a misija nije samo tehni\u010dka, ve\u0107 i humanitarna \u2013 \u017eelimo stvoriti sigurno okru\u017eenje u kojem \u0107e se djeca mo\u0107i nesmetano obrazovati, a roditelji biti mirni znaju\u0107i da su njihova djeca za\u0161ti\u0107ena.<\/p>\n<p>U ovom \u010dlanku predstavljamo osam konkretnih na\u010dina za pobolj\u0161anje sigurnosti putem razli\u010ditih na\u010dina kontrole pristupa, koriste\u0107i najmodernije tehnologije koje su dostupne na tr\u017ei\u0161tu. Svako od ovih rje\u0161enja mo\u017ee se prilagoditi specifi\u010dnim potrebama ustanova, bilo da se radi o malim vrti\u0107ima ili velikim \u0161kolskim kompleksima. Na\u0161 cilj je pru\u017eiti jasne i prakti\u010dne smjernice koje \u0107e pomo\u0107i u odabiru najboljeg sigurnosnog sistema za va\u0161u ustanovu.<\/p>\n<p>[\/et_pb_text][et_pb_divider color=&#8221;#D7D7D7&#8221; divider_style=&#8221;dotted&#8221; _builder_version=&#8221;4.27.4&#8221; _module_preset=&#8221;default&#8221; global_colors_info=&#8221;{}&#8221;][\/et_pb_divider][et_pb_text _builder_version=&#8221;4.27.4&#8221; _module_preset=&#8221;default&#8221; global_colors_info=&#8221;{}&#8221;]<\/p>\n<blockquote>\n<h4><strong>1. Kontrola pristupa uz kori\u0161tenje softvera s bazom podataka (rje\u0161enje inOUT)<\/strong><\/h4>\n<\/blockquote>\n<p>Ovo rje\u0161enje koristi kontrolere i \u010dita\u010de za pra\u0107enje ulaza i izlaza. Kontroleri poput\u00a0<strong>IN-CC2<\/strong>\u00a0(za 2 vrata) i\u00a0<strong>IN-CC4<\/strong>\u00a0(za 4 vrata) omogu\u0107uju pra\u0107enje aktivnosti korisnika. \u010cita\u010di, poput\u00a0<strong>IN-WGRK1-EM<\/strong>\u00a0(s tipkovnicom) i\u00a0<strong>IN-WGR1-EM<\/strong>\u00a0(bez tipkovnice), omogu\u0107uju identifikaciju korisnika putem RFID kartica ili PIN-a.<\/p>\n<p><strong>Prednosti:<\/strong><\/p>\n<ul>\n<li>Besplatan softver za pra\u0107enje logova.<\/li>\n<li>Mogu\u0107nost generiranja izvje\u0161taja o aktivnostima.<\/li>\n<li>Jednostavna integracija s postoje\u0107im sistemima.<\/li>\n<\/ul>\n<p><strong>Primjena:<\/strong>\u00a0Idealno za \u0161kole i ustanove u kojima je potrebno detaljno pratiti pristup.<\/p>\n<p>[\/et_pb_text][et_pb_image src=&#8221;https:\/\/www.alarmautomatika.com\/wp-content\/uploads\/2025\/02\/2025-01-31_Sigurnost_u_skolama_rjesenje_1.png&#8221; title_text=&#8221;2025-01-31_Sigurnost_u_\u0161kolama_rje\u0161enje_1&#8221; align=&#8221;center&#8221; _builder_version=&#8221;4.27.4&#8221; _module_preset=&#8221;default&#8221; width=&#8221;60%&#8221; global_colors_info=&#8221;{}&#8221;][\/et_pb_image][et_pb_divider color=&#8221;#D7D7D7&#8221; divider_style=&#8221;dotted&#8221; _builder_version=&#8221;4.27.4&#8221; _module_preset=&#8221;default&#8221; global_colors_info=&#8221;{}&#8221;][\/et_pb_divider][et_pb_text _builder_version=&#8221;4.27.4&#8221; _module_preset=&#8221;default&#8221; global_colors_info=&#8221;{}&#8221;]<\/p>\n<blockquote>\n<h4><strong>2. Kontrola pristupa uz kori\u0161tenje Hikvision sistema (IVMS softver)<\/strong><\/h4>\n<\/blockquote>\n<p>Sli\u010dno prethodnom rje\u0161enju, ali koristi Hikvision kontrolere i besplatni IVMS softver. Ovaj sistem omogu\u0107uje daljinsko upravljanje i integraciju s videonadzorom.<\/p>\n<p><strong>Prednosti:<\/strong><\/p>\n<ul>\n<li>Besplatan softver za upravljanje pristupom.<\/li>\n<li>Integracija s videonadzorom za sveobuhvatnu sigurnost.<\/li>\n<li>Mogu\u0107nost daljinskog upravljanja putem mobilne aplikacije.<\/li>\n<\/ul>\n<p><strong>Primjena:<\/strong>\u00a0Pogodno za ustanove koje ve\u0107 koriste Hikvision sisteme.<\/p>\n<p>[\/et_pb_text][et_pb_divider color=&#8221;#D7D7D7&#8221; divider_style=&#8221;dotted&#8221; _builder_version=&#8221;4.27.4&#8221; _module_preset=&#8221;default&#8221; global_colors_info=&#8221;{}&#8221;][\/et_pb_divider][et_pb_text _builder_version=&#8221;4.27.4&#8221; _module_preset=&#8221;default&#8221; global_colors_info=&#8221;{}&#8221;]<\/p>\n<blockquote>\n<h4><strong>3. Kontrola pristupa s evidencijom radnog vremena (Jantar sistem)<\/strong><\/h4>\n<\/blockquote>\n<p>Ovo rje\u0161enje kombinira kontrolu pristupa s evidencijom radnog vremena zaposlenika. Proizvo\u0111a\u010d\u00a0<strong>Jantar<\/strong>\u00a0nudi sisteme koji su u potpunosti prilago\u0111eni hrvatskom zakonodavstvu.<\/p>\n<p><strong>Prednosti:<\/strong><\/p>\n<ul>\n<li>Mogu\u0107nost nadogradnje sistema s terminalima za evidenciju radnog vremena.<\/li>\n<li>Softver prilago\u0111en lokalnim propisima.<\/li>\n<li>Brza implementacija.<\/li>\n<\/ul>\n<p><strong>Primjena:<\/strong>\u00a0Idealno za \u0161kole i ustanove gdje je potrebno pratiti radno vrijeme zaposlenika.<\/p>\n<p>[\/et_pb_text][et_pb_image src=&#8221;https:\/\/www.alarmautomatika.com\/wp-content\/uploads\/2025\/02\/2025-01-31_Sigurnost_u_skolama_rjesenje_3.png&#8221; title_text=&#8221;2025-01-31_Sigurnost_u_\u0161kolama_rje\u0161enje_3&#8221; align=&#8221;center&#8221; _builder_version=&#8221;4.27.4&#8221; _module_preset=&#8221;default&#8221; global_colors_info=&#8221;{}&#8221;][\/et_pb_image][et_pb_divider color=&#8221;#D7D7D7&#8221; divider_style=&#8221;dotted&#8221; _builder_version=&#8221;4.27.4&#8221; _module_preset=&#8221;default&#8221; global_colors_info=&#8221;{}&#8221;][\/et_pb_divider][et_pb_text _builder_version=&#8221;4.27.4&#8221; _module_preset=&#8221;default&#8221; global_colors_info=&#8221;{}&#8221;]<\/p>\n<blockquote>\n<h4><strong>4. Jednostavna kontrola pristupa kori\u0161tenjem samostoje\u0107ih \u010dita\u010da<\/strong><\/h4>\n<\/blockquote>\n<p>Ovo rje\u0161enje koristi samostoje\u0107e \u010dita\u010de bez baze logova. Iako je jednostavno i jeftino, ima odre\u0111ena ograni\u010denja.<\/p>\n<p><strong>Prednosti:<\/strong><\/p>\n<ul>\n<li>Niska cijena i jednostavna instalacija.<\/li>\n<li>Mogu\u0107nost upravljanja izvr\u0161nim elementima (elektromagneti, rampe, itd.).<\/li>\n<\/ul>\n<p><strong>Nedostaci:<\/strong><\/p>\n<ul>\n<li>Nemogu\u0107nost jednostavnog brisanja izgubljenih kartica.<\/li>\n<li>Ograni\u010dena sigurnost u slu\u010daju vandalizma.<\/li>\n<li>Nemogu\u0107nost definiranja vremenskih ograni\u010denja pristupa.<\/li>\n<\/ul>\n<p><strong>Primjena:<\/strong>\u00a0Pogodno za manje zahtjevne objekte gdje nije potrebno detaljno evidentirati pristup korisnika.<\/p>\n<p>[\/et_pb_text][et_pb_divider color=&#8221;#D7D7D7&#8221; divider_style=&#8221;dotted&#8221; _builder_version=&#8221;4.27.4&#8221; _module_preset=&#8221;default&#8221; global_colors_info=&#8221;{}&#8221;][\/et_pb_divider][et_pb_text _builder_version=&#8221;4.27.4&#8221; _module_preset=&#8221;default&#8221; global_colors_info=&#8221;{}&#8221;]<\/p>\n<blockquote>\n<h4><strong>5. Jednostavna kontrola pristupa uz kori\u0161tenje mobilne aplikacije (Tuya)<\/strong><\/h4>\n<\/blockquote>\n<p>Ovo rje\u0161enje koristi \u010dita\u010de koji se mogu povezati na mobilnu aplikaciju\u00a0<strong>Tuya<\/strong>. Omogu\u0107uje upravljanje korisnicima putem aplikacije.<\/p>\n<p><strong>Prednosti:<\/strong><\/p>\n<ul>\n<li>Mogu\u0107nost dodavanja do 500 korisnika.<\/li>\n<li>Administriranje pristupa putem aplikacije.<\/li>\n<li>Ograni\u010denje pristupa prema vremenu.<\/li>\n<\/ul>\n<p><strong>Primjena:<\/strong>\u00a0Idealno za manje ustanove gdje je potrebna jednostavna kontrola pristupa uz mogu\u0107nost daljinskog upravljanja.<\/p>\n<p>[\/et_pb_text][et_pb_divider color=&#8221;#D7D7D7&#8221; divider_style=&#8221;dotted&#8221; _builder_version=&#8221;4.27.4&#8221; _module_preset=&#8221;default&#8221; global_colors_info=&#8221;{}&#8221;][\/et_pb_divider][et_pb_text _builder_version=&#8221;4.27.4&#8221; _module_preset=&#8221;default&#8221; global_colors_info=&#8221;{}&#8221;]<\/p>\n<blockquote>\n<h4><strong>6. Integracija video interfona i CCTV sustava (DVC)<\/strong><\/h4>\n<\/blockquote>\n<p>DVC sistem \u00a0povezuje video interfone i CCTV u jedinstvenu sigurnosnu platformu s upravljanjem putem mobilne aplikacije. Omogu\u0107uje pregled u\u017eivo, pohranu snimki i daljinsko otvaranje vrata uz naprepdno prepoznavanje lica i Wiegand protokol za povezivanje s naprednim sistemima kontrole pristupa.<\/p>\n<p><strong>Prednosti:<\/strong><br \/>\u2022 Potpuna integracija videonadzora i kontrole pristupa.<br \/>\u2022 Napredne funkcije poput prepoznavanja lica.<br \/>\u2022 Mogu\u0107nost daljinskog upravljanja i pohrane snimki.<\/p>\n<p><strong>Primjena:<\/strong><br \/>Pogodno za \u0161kole i ustanove koje tra\u017ee sveobuhvatno sigurnosno rje\u0161enje.<\/p>\n<p>[\/et_pb_text][et_pb_image src=&#8221;https:\/\/www.alarmautomatika.com\/wp-content\/uploads\/2025\/02\/2025-01-31_Sigurnost_u_skolama_rjesenje_6.jpg&#8221; title_text=&#8221;2025-01-31_Sigurnost_u_\u0161kolama_rje\u0161enje_6&#8221; align=&#8221;center&#8221; _builder_version=&#8221;4.27.4&#8221; _module_preset=&#8221;default&#8221; width=&#8221;60%&#8221; global_colors_info=&#8221;{}&#8221;][\/et_pb_image][et_pb_divider color=&#8221;#D7D7D7&#8221; divider_style=&#8221;dotted&#8221; _builder_version=&#8221;4.27.4&#8221; _module_preset=&#8221;default&#8221; global_colors_info=&#8221;{}&#8221;][\/et_pb_divider][et_pb_text _builder_version=&#8221;4.27.4&#8221; _module_preset=&#8221;default&#8221; global_colors_info=&#8221;{}&#8221;]<\/p>\n<blockquote>\n<h4><strong>7. Kori\u0161tenje videointerfona s integriranim \u010dita\u010dem kartica (Hikvision)<\/strong><\/h4>\n<\/blockquote>\n<p>IP videointerfon s integriranim \u010dita\u010dem kartica omogu\u0107uje zapis logova i administriranje korisnika putem\u00a0<strong>Hik Connect<\/strong>\u00a0mobilne aplikacije.<\/p>\n<p><strong>Prednosti:<\/strong><\/p>\n<ul>\n<li>Integracija videointerfona i kontrole pristupa.<\/li>\n<li>Mogu\u0107nost daljinskog upravljanja.<\/li>\n<li>Napajanje putem PoE (Power over Ethernet) ili 12 VDC.<\/li>\n<\/ul>\n<p><strong>Primjena:<\/strong>\u00a0Pogodno za \u0161kole i ustanove gdje je potrebna visoka razina sigurnosti uz videonadzor.<\/p>\n<p>[\/et_pb_text][et_pb_divider color=&#8221;#D7D7D7&#8221; divider_style=&#8221;dotted&#8221; _builder_version=&#8221;4.27.4&#8221; _module_preset=&#8221;default&#8221; global_colors_info=&#8221;{}&#8221;][\/et_pb_divider][et_pb_text _builder_version=&#8221;4.27.4&#8221; _module_preset=&#8221;default&#8221; global_colors_info=&#8221;{}&#8221;]<\/p>\n<blockquote>\n<h4><strong>8. Kori\u0161tenje Hikvision terminala za kontrolu pristupa i videointerfona<\/strong><\/h4>\n<\/blockquote>\n<p>Hikvision terminal za kontrolu pristupa mo\u017ee se koristiti i kao videointerfon i kao CCTV kamera. Ugra\u0111eni \u010dita\u010d kartica i mogu\u0107nost generiranja QR kodova za privremeni pristup \u010dine ga idealnim rje\u0161enjem za \u0161kole.<\/p>\n<p><strong>Prednosti:<\/strong><\/p>\n<ul>\n<li>Mogu\u0107nost generiranja QR kodova za posjetitelje.<\/li>\n<li>Daljinsko upravljanje putem mobilne aplikacije.<\/li>\n<li>Integracija s videonadzorom.<\/li>\n<\/ul>\n<p><strong>Primjena:<\/strong>\u00a0Idealno za ustanove gdje je potrebna visoka razina sigurnosti uz mogu\u0107nost privremenog pristupa posjetitelja.<\/p>\n<p>[\/et_pb_text][et_pb_divider color=&#8221;#D7D7D7&#8221; divider_style=&#8221;dotted&#8221; _builder_version=&#8221;4.27.4&#8221; _module_preset=&#8221;default&#8221; global_colors_info=&#8221;{}&#8221;][\/et_pb_divider][et_pb_text _builder_version=&#8221;4.27.4&#8221; _module_preset=&#8221;default&#8221; hover_enabled=&#8221;0&#8221; global_colors_info=&#8221;{}&#8221; sticky_enabled=&#8221;0&#8221;]<\/p>\n<blockquote>\n<h4><strong>Zaklju\u010dak<\/strong><\/h4>\n<\/blockquote>\n<p>Sigurnost u \u0161kolama i javnim ustanovama nije samo tehni\u010dki izazov, ve\u0107 i moralna obveza prema budu\u0107im generacijama. Kroz ovaj \u010dlanak predstavili smo osam razli\u010ditih na\u010dina za pobolj\u0161anje sigurnosti kroz kontrolu pristupa, svaki s vlastitim prednostima i primjenom. Od jednostavnih samostoje\u0107ih \u010dita\u010da do naprednih sistema s videointerfonom i mobilnim aplikacijama, svako rje\u0161enje mo\u017ee zna\u010dajno doprinijeti stvaranju sigurnijeg okru\u017eenja. Opisana rje\u0161enja su u potpunosti uskla\u0111ena s Protokolom o kontroli ulaska i izlaska u \u0161kolskim ustanovama Ministarstva znanosti, obrazovanja i mladih Republike Hrvatske i Preporukom za za\u0161titu \u0161kola Hrvatskog ceha za\u0161titara, dokumentima izra\u0111enima u januaru 2025., nakon stra\u0161nog doga\u0111aja ubistva i ranjavanja u zagreba\u010dkoj osnovnoj \u0161koli.<\/p>\n<p>Klju\u010dna prednost nekih od ovih rje\u0161enja jest daljinsko upravljanje sistemom \u0161to pove\u0107ava fleksibilnost i brzinu reagiranja koja mo\u017ee biti klju\u010dna, a svako rje\u0161enje mo\u017ee se prilagoditi specifi\u010dnim potrebama ustanove, bilo da se radi o malim vrti\u0107ima ili velikim \u0161kolskim kompleksima.<\/p>\n<p>Implementacija ovih sistema nije samo tehni\u010dki korak, ve\u0107 i jasna poruka da sigurnost djece i osoblja stoji na prvom mjestu.\u00a0<strong>Alarm automatika<\/strong>\u00a0stoji na raspolaganju za sve dodatne informacije, savjete i implementaciju ovih rje\u0161enja. Zajedno mo\u017eemo stvoriti sigurno okru\u017eenje u kojem \u0107e se djeca mo\u0107i nesmetano razvijati, a roditelji biti mirni znaju\u0107i da su njihova djeca za\u0161ti\u0107ena.<\/p>\n<p>Sigurnost nije luksuz \u2013 to je obveza prema budu\u0107nosti. Kontaktirajte nas danas kako bismo zajedno prona\u0161li najbolje rje\u0161enje za va\u0161u ustanovu.<\/p>\n<p>[\/et_pb_text][\/et_pb_column][\/et_pb_row][\/et_pb_section]<\/p>\n","protected":false},"excerpt":{"rendered":"<p>Sigurnost u \u0161kolama i javnim ustanovama: Kako u\u010dinkovito za\u0161tititi djecu i mlade Osam rje\u0161enja kontrole pristupa i pove\u0107anja razine sigurnosti Sigurnost u \u0161kolama i javnim ustanovama nikada nije bila va\u017enija. Nedavni tragi\u010dni doga\u0111aji u Srbiji, Hrvatskoj i Slova\u010dkoj pokazali su koliko je klju\u010dno osigurati za\u0161titu najosjetljivijih \u010dlanova dru\u0161tva \u2013 djece i mladih. Kao dru\u0161tveno odgovorna [&hellip;]<\/p>\n","protected":false},"author":14,"featured_media":0,"parent":0,"menu_order":0,"comment_status":"closed","ping_status":"closed","template":"","meta":{"_et_pb_use_builder":"on","_et_pb_old_content":"","_et_gb_content_width":"","footnotes":""},"class_list":["post-56478","page","type-page","status-publish","hentry"],"_links":{"self":[{"href":"https:\/\/www.alarmautomatika.com\/bs\/wp-json\/wp\/v2\/pages\/56478","targetHints":{"allow":["GET"]}}],"collection":[{"href":"https:\/\/www.alarmautomatika.com\/bs\/wp-json\/wp\/v2\/pages"}],"about":[{"href":"https:\/\/www.alarmautomatika.com\/bs\/wp-json\/wp\/v2\/types\/page"}],"author":[{"embeddable":true,"href":"https:\/\/www.alarmautomatika.com\/bs\/wp-json\/wp\/v2\/users\/14"}],"replies":[{"embeddable":true,"href":"https:\/\/www.alarmautomatika.com\/bs\/wp-json\/wp\/v2\/comments?post=56478"}],"version-history":[{"count":2,"href":"https:\/\/www.alarmautomatika.com\/bs\/wp-json\/wp\/v2\/pages\/56478\/revisions"}],"predecessor-version":[{"id":56506,"href":"https:\/\/www.alarmautomatika.com\/bs\/wp-json\/wp\/v2\/pages\/56478\/revisions\/56506"}],"wp:attachment":[{"href":"https:\/\/www.alarmautomatika.com\/bs\/wp-json\/wp\/v2\/media?parent=56478"}],"curies":[{"name":"wp","href":"https:\/\/api.w.org\/{rel}","templated":true}]}}