{"id":7860,"date":"2020-10-26T15:24:17","date_gmt":"2020-10-26T14:24:17","guid":{"rendered":"https:\/\/www.alarmautomatika.com\/edukacija\/"},"modified":"2022-02-03T10:19:00","modified_gmt":"2022-02-03T09:19:00","slug":"edukacija","status":"publish","type":"page","link":"https:\/\/www.alarmautomatika.com\/bs\/edukacija\/","title":{"rendered":"Edukacija za rad sa sistemima i softverima"},"content":{"rendered":"<p>[et_pb_section fb_built=&#8221;1&#8221; _builder_version=&#8221;4.6.6&#8221; _module_preset=&#8221;default&#8221; background_image=&#8221;https:\/\/www.alarmautomatika.com\/wp-content\/uploads\/2020\/10\/edukacija.jpg&#8221; background_size=&#8221;initial&#8221; background_position=&#8221;top_center&#8221;][et_pb_row _builder_version=&#8221;4.6.0&#8221; _module_preset=&#8221;default&#8221; width=&#8221;95%&#8221;][et_pb_column type=&#8221;4_4&#8221; _builder_version=&#8221;4.6.0&#8221; _module_preset=&#8221;default&#8221;][et_pb_text _builder_version=&#8221;4.6.0&#8221; _dynamic_attributes=&#8221;content&#8221; _module_preset=&#8221;default&#8221; text_font=&#8221;|600|||||||&#8221; text_text_color=&#8221;#ffffff&#8221; text_font_size=&#8221;48px&#8221; text_line_height=&#8221;1.2em&#8221; custom_padding=&#8221;80px|50px||50px|false|true&#8221; text_font_size_tablet=&#8221;40px&#8221; text_font_size_phone=&#8221;32px&#8221; text_font_size_last_edited=&#8221;on|desktop&#8221; text_line_height_tablet=&#8221;&#8221; text_line_height_phone=&#8221;&#8221; text_line_height_last_edited=&#8221;on|phone&#8221; header_font_tablet=&#8221;&#8221; header_font_phone=&#8221;&#8221; header_font_last_edited=&#8221;on|phone&#8221; header_font_size_tablet=&#8221;&#8221; header_font_size_phone=&#8221;&#8221; header_font_size_last_edited=&#8221;on|phone&#8221; header_line_height_tablet=&#8221;&#8221; header_line_height_phone=&#8221;&#8221; header_line_height_last_edited=&#8221;on|desktop&#8221;]@ET-DC@eyJkeW5hbWljIjp0cnVlLCJjb250ZW50IjoicG9zdF90aXRsZSIsInNldHRpbmdzIjp7ImJlZm9yZSI6IiIsImFmdGVyIjoiIn19@[\/et_pb_text][\/et_pb_column][\/et_pb_row][et_pb_row _builder_version=&#8221;4.6.0&#8221; _module_preset=&#8221;default&#8221; background_color=&#8221;#ffffff&#8221; width=&#8221;95%&#8221; custom_margin=&#8221;20px||||false|false&#8221; custom_margin_tablet=&#8221;10px||||false|false&#8221; custom_margin_phone=&#8221;10px||||false|false&#8221; custom_margin_last_edited=&#8221;on|desktop&#8221; custom_padding=&#8221;50px|50px|50px|50px|true|true&#8221; box_shadow_style=&#8221;preset2&#8221;][et_pb_column type=&#8221;4_4&#8221; _builder_version=&#8221;4.6.0&#8221; _module_preset=&#8221;default&#8221;][et_pb_text _builder_version=&#8221;4.6.6&#8221; _module_preset=&#8221;default&#8221; header_2_text_align=&#8221;left&#8221; header_2_font_size=&#8221;30px&#8221; header_2_line_height=&#8221;1.2em&#8221; header_font_size_tablet=&#8221;48px&#8221; header_font_size_phone=&#8221;&#8221; header_font_size_last_edited=&#8221;on|tablet&#8221; header_2_font_size_tablet=&#8221;&#8221; header_2_font_size_phone=&#8221;25px&#8221; header_2_font_size_last_edited=&#8221;on|phone&#8221;]<\/p>\n<p>Za svoje kupce i partnere Alarm automatika redovno organizuje edukacije za rad sa sistemima tehni\u010dke za\u0161tite u ponudi. Glavna svrha im je podizanje kvalitete usluge pru\u017eene krajnjim korisnicima. U na\u010delu, edukacije su vezane za pojedinog proizvo\u0111a\u010da opreme (DVC, Inim, Ajax, DSC, Jantar itd.) i prilago\u0111ene poslovima kojima se polaznici bave (instalateri tehni\u010dke za\u0161tite, operateri za\u0161titarskih dojavnih centara, elektro instalateri).<\/p>\n<h2>Oblici rada i broj polaznika<\/h2>\n<p>Oblici rada prilago\u0111eni su zahtjevima polaznika i usmjereni na prakti\u010dan rad s pojedinim ure\u0111ajima,\u00a0 sistemima\u00a0 i softverima. Prete\u017eno su tipa radionice pod \u010dime se podrazumijeva da polaznici nakon uvodnog izlaganja voditelja samostalno rade s ure\u0111ajima i softverima i odmah ih mogu sami spajati, programirati ili pode\u0161avati. Da bi svaki polaznik mogao samostalno raditi na konkretnoj opremi, broj polaznika je ograni\u010den na osam osoba.<\/p>\n<h2>Prijave<\/h2>\n<p>Provedba programa organizuje se kada se prijavi dovoljan broj polaznika. Bilo kada tokom godine mo\u017ee se iskazati interes za nekom edukacijom putem e-maila upu\u0107enog osobi s kojom u Alarm automatici i ina\u010de kontaktirate. Slijedi povratna obavijest o prvom sljede\u0107em terminu u kojem se realizuje konkretni program. Redoslijed zaprimanja prijava ujedno je i redoslijed popunjavanja mjesta na radionicama.<\/p>\n<h2>Uvjerenja<\/h2>\n<p>Nakon uspje\u0161nog poha\u0111anja programa polaznici dobijaju Uvjerenje o poha\u0111anju.<\/p>\n<p>[\/et_pb_text][\/et_pb_column][\/et_pb_row][\/et_pb_section]<\/p>\n","protected":false},"excerpt":{"rendered":"<p>Za svoje kupce i partnere Alarm automatika redovno organizuje edukacije za rad sa sistemima tehni\u010dke za\u0161tite u ponudi. Glavna svrha im je podizanje kvalitete usluge pru\u017eene krajnjim korisnicima. U na\u010delu, edukacije su vezane za pojedinog proizvo\u0111a\u010da opreme (DVC, Inim, Ajax, DSC, Jantar itd.) i prilago\u0111ene poslovima kojima se polaznici bave (instalateri tehni\u010dke za\u0161tite, operateri za\u0161titarskih [&hellip;]<\/p>\n","protected":false},"author":15,"featured_media":0,"parent":0,"menu_order":0,"comment_status":"closed","ping_status":"closed","template":"","meta":{"_et_pb_use_builder":"on","_et_pb_old_content":"","_et_gb_content_width":"","footnotes":""},"class_list":["post-7860","page","type-page","status-publish","hentry"],"_links":{"self":[{"href":"https:\/\/www.alarmautomatika.com\/bs\/wp-json\/wp\/v2\/pages\/7860","targetHints":{"allow":["GET"]}}],"collection":[{"href":"https:\/\/www.alarmautomatika.com\/bs\/wp-json\/wp\/v2\/pages"}],"about":[{"href":"https:\/\/www.alarmautomatika.com\/bs\/wp-json\/wp\/v2\/types\/page"}],"author":[{"embeddable":true,"href":"https:\/\/www.alarmautomatika.com\/bs\/wp-json\/wp\/v2\/users\/15"}],"replies":[{"embeddable":true,"href":"https:\/\/www.alarmautomatika.com\/bs\/wp-json\/wp\/v2\/comments?post=7860"}],"version-history":[{"count":0,"href":"https:\/\/www.alarmautomatika.com\/bs\/wp-json\/wp\/v2\/pages\/7860\/revisions"}],"wp:attachment":[{"href":"https:\/\/www.alarmautomatika.com\/bs\/wp-json\/wp\/v2\/media?parent=7860"}],"curies":[{"name":"wp","href":"https:\/\/api.w.org\/{rel}","templated":true}]}}