{"id":7925,"date":"2020-08-20T13:08:15","date_gmt":"2020-08-20T11:08:15","guid":{"rendered":"https:\/\/www.alarmautomatika.com\/kontakt\/"},"modified":"2024-12-12T09:56:34","modified_gmt":"2024-12-12T08:56:34","slug":"kontakt","status":"publish","type":"page","link":"https:\/\/www.alarmautomatika.com\/bs\/kontakt\/","title":{"rendered":"Kontakt"},"content":{"rendered":"<p>[et_pb_section fb_built=&#8221;1&#8221; _builder_version=&#8221;4.16&#8221; _module_preset=&#8221;default&#8221; global_colors_info=&#8221;{}&#8221;][et_pb_row _builder_version=&#8221;4.16&#8221; _module_preset=&#8221;default&#8221; width=&#8221;95%&#8221; custom_padding=&#8221;0px||0px||false|false&#8221; global_colors_info=&#8221;{}&#8221;][et_pb_column type=&#8221;4_4&#8221; _builder_version=&#8221;4.16&#8221; _module_preset=&#8221;default&#8221; global_colors_info=&#8221;{}&#8221;][et_pb_text content_tablet=&#8221;&#8221; content_phone=&#8221;<\/p>\n<h1>Kontakt<\/h1>\n<h4>Alarm automatika d.o.o.<\/h4>\n<p>&#8221; content_last_edited=&#8221;on|phone&#8221; _builder_version=&#8221;4.16&#8221; _module_preset=&#8221;default&#8221; global_colors_info=&#8221;{}&#8221;]<\/p>\n<h1>Kontakt<\/h1>\n<p>[\/et_pb_text][\/et_pb_column][\/et_pb_row][et_pb_row _builder_version=&#8221;4.16&#8221; _module_preset=&#8221;default&#8221; width=&#8221;95%&#8221; custom_padding=&#8221;||0px||false|false&#8221; global_colors_info=&#8221;{}&#8221;][et_pb_column type=&#8221;4_4&#8221; _builder_version=&#8221;4.16&#8221; _module_preset=&#8221;default&#8221; global_colors_info=&#8221;{}&#8221;][et_pb_text _builder_version=&#8221;4.21.0&#8221; _module_preset=&#8221;default&#8221; global_colors_info=&#8221;{}&#8221;]<\/p>\n<h3>Alarm automatika d.o.o.<\/h3>\n<p>[\/et_pb_text][\/et_pb_column][\/et_pb_row][et_pb_row column_structure=&#8221;1_2,1_2&#8221; _builder_version=&#8221;4.16&#8221; _module_preset=&#8221;default&#8221; width=&#8221;95%&#8221; global_colors_info=&#8221;{}&#8221;][et_pb_column type=&#8221;1_2&#8221; _builder_version=&#8221;4.16&#8221; _module_preset=&#8221;default&#8221; global_colors_info=&#8221;{}&#8221;][et_pb_text _builder_version=&#8221;4.27.4&#8221; _module_preset=&#8221;default&#8221; text_font_size=&#8221;14px&#8221; link_font=&#8221;|600|||||||&#8221; header_3_font_size=&#8221;20px&#8221; global_colors_info=&#8221;{}&#8221;]<\/p>\n<p>D\u017eemala Bijedi\u0107a 156<br \/>71 000 Sarajevo<br \/><strong>T:<\/strong> +387 33 218 872<br \/><strong>E:<\/strong> <a href=\"mailto:sarajevo@alarmautomatika.com\">sarajevo@alarmautomatika.com<\/a><\/p>\n<p>[\/et_pb_text][\/et_pb_column][et_pb_column type=&#8221;1_2&#8221; _builder_version=&#8221;4.16&#8221; _module_preset=&#8221;default&#8221; global_colors_info=&#8221;{}&#8221;][et_pb_text _builder_version=&#8221;4.27.4&#8221; _module_preset=&#8221;default&#8221; hover_enabled=&#8221;0&#8221; global_colors_info=&#8221;{}&#8221; sticky_enabled=&#8221;0&#8221;]\n<div class=\"wpcf7 no-js\" id=\"wpcf7-f7924-o1\" lang=\"bs-BA\" dir=\"ltr\" data-wpcf7-id=\"7924\">\n<div class=\"screen-reader-response\"><p role=\"status\" aria-live=\"polite\" aria-atomic=\"true\"><\/p> <ul><\/ul><\/div>\n<form action=\"\/bs\/wp-json\/wp\/v2\/pages\/7925#wpcf7-f7924-o1\" method=\"post\" class=\"wpcf7-form init\" aria-label=\"Kontakt obrazac\" enctype=\"multipart\/form-data\" novalidate=\"novalidate\" data-status=\"init\">\n<fieldset class=\"hidden-fields-container\"><input type=\"hidden\" name=\"_wpcf7\" value=\"7924\" \/><input type=\"hidden\" name=\"_wpcf7_version\" value=\"6.1.5\" \/><input type=\"hidden\" name=\"_wpcf7_locale\" value=\"bs_BA\" \/><input type=\"hidden\" name=\"_wpcf7_unit_tag\" value=\"wpcf7-f7924-o1\" \/><input type=\"hidden\" name=\"_wpcf7_container_post\" value=\"0\" \/><input type=\"hidden\" name=\"_wpcf7_posted_data_hash\" value=\"\" \/>\n<\/fieldset>\n<p><label> Ime i prezime *<br \/>\n<span class=\"wpcf7-form-control-wrap\" data-name=\"contact-name\"><input size=\"40\" maxlength=\"400\" class=\"wpcf7-form-control wpcf7-text wpcf7-validates-as-required\" aria-required=\"true\" aria-invalid=\"false\" value=\"\" type=\"text\" name=\"contact-name\" \/><\/span> <\/label>\n<\/p>\n<p><label> Tvrtka<br \/>\n<span class=\"wpcf7-form-control-wrap\" data-name=\"company\"><input size=\"40\" maxlength=\"400\" class=\"wpcf7-form-control wpcf7-text\" aria-invalid=\"false\" value=\"\" type=\"text\" name=\"company\" \/><\/span> <\/label>\n<\/p>\n<p><label> Email *<br \/>\n<span class=\"wpcf7-form-control-wrap\" data-name=\"email\"><input size=\"40\" maxlength=\"400\" class=\"wpcf7-form-control wpcf7-email wpcf7-validates-as-required wpcf7-text wpcf7-validates-as-email\" aria-required=\"true\" aria-invalid=\"false\" value=\"\" type=\"email\" name=\"email\" \/><\/span> <\/label>\n<\/p>\n<p><label> Telefon<br \/>\n<span class=\"wpcf7-form-control-wrap\" data-name=\"phone\"><input size=\"40\" maxlength=\"400\" class=\"wpcf7-form-control wpcf7-text\" aria-invalid=\"false\" value=\"\" type=\"text\" name=\"phone\" \/><\/span> <\/label>\n<\/p>\n<p><label> Poruka *<br \/>\n<span class=\"wpcf7-form-control-wrap\" data-name=\"message\"><textarea cols=\"40\" rows=\"10\" maxlength=\"2000\" class=\"wpcf7-form-control wpcf7-textarea wpcf7-validates-as-required\" aria-required=\"true\" aria-invalid=\"false\" name=\"message\"><\/textarea><\/span> <\/label>\n<\/p>\n<p><label> Datoteka (pdf, Word, zip - max 10MB)<\/label><br \/>\n<span class=\"wpcf7-form-control-wrap\" data-name=\"attach\"><input size=\"40\" class=\"wpcf7-form-control wpcf7-file\" accept=\".pdf,.doc,.docx,.zip\" aria-invalid=\"false\" type=\"file\" name=\"attach\" \/><\/span>\n<\/p>\n<div class=\"wpcf7-turnstile cf-turnstile\" data-sitekey=\"0x4AAAAAACal9s7_sd7CzLTM\" data-response-field-name=\"_wpcf7_turnstile_response\"><\/div>\n<p><input class=\"wpcf7-form-control wpcf7-submit has-spinner\" type=\"submit\" value=\"Po\u0161alji\" \/>\n<\/p><div class=\"wpcf7-response-output\" aria-hidden=\"true\"><\/div>\n<\/form>\n<\/div>\n[\/et_pb_text][\/et_pb_column][\/et_pb_row][et_pb_row _builder_version=&#8221;4.27.4&#8221; _module_preset=&#8221;default&#8221; global_colors_info=&#8221;{}&#8221;][et_pb_column type=&#8221;4_4&#8221; _builder_version=&#8221;4.27.4&#8221; _module_preset=&#8221;default&#8221; global_colors_info=&#8221;{}&#8221;][et_pb_map zoom_level=&#8221;6&#8221; address_lat=&#8221;46.078845423823&#8221; address_lng=&#8221;19.069109416496&#8221; mouse_wheel=&#8221;off&#8221; use_grayscale_filter=&#8221;on&#8221; _builder_version=&#8221;4.27.4&#8221; _module_preset=&#8221;default&#8221; height=&#8221;700px&#8221; global_module=&#8221;27781&#8221; global_colors_info=&#8221;{}&#8221;][et_pb_map_pin title=&#8221;Beograd&#8221; pin_address=&#8221;Zarija Vujo\u0161evi\u0107a 8, Beograd 11070, Serbia&#8221; pin_address_lat=&#8221;44.8109814&#8221; pin_address_lng=&#8221;20.4408027&#8221; _builder_version=&#8221;4.27.4&#8221; _module_preset=&#8221;default&#8221; global_colors_info=&#8221;{}&#8221;]<\/p>\n<p>Zarija Vujo\u0161evi\u0107a 8<br \/>11 070 Beograd (Novi Beograd)<br \/><strong>T:<\/strong> +381 (0)11 398 1482<br \/><strong>E:<\/strong> <a href=\"mailto:beograd@alarmautomatika.com\">beograd@alarmautomatika.com<\/a><\/p>\n<p>[\/et_pb_map_pin][et_pb_map_pin title=&#8221;Bratislava&#8221; pin_address=&#8221;Studen\u00e1 ulica 929\/5, 821 04 Bratislava, Slovakia&#8221; zoom_level=&#8221;17&#8221; pin_address_lat=&#8221;48.1807626&#8221; pin_address_lng=&#8221;17.178754&#8221; _builder_version=&#8221;4.21.0&#8221; _module_preset=&#8221;default&#8221; global_colors_info=&#8221;{}&#8221;]<\/p>\n<p>Studen\u00e1 5<br \/>821 04 Bratislava<br \/><strong>E:<\/strong> <a href=\"mailto:bratislava@alarmautomatika.com\">bratislava@alarmautomatika.com<\/a><\/p>\n<p>[\/et_pb_map_pin][et_pb_map_pin title=&#8221;Budimpe\u0161ta&#8221; pin_address=&#8221;Budapest, Fiv\u00e9r u. 8\/B, 1131 Hungary&#8221; pin_address_lat=&#8221;47.5421188&#8221; pin_address_lng=&#8221;19.0854868&#8221; _builder_version=&#8221;4.7.5&#8221; _module_preset=&#8221;default&#8221; global_colors_info=&#8221;{}&#8221;]<\/p>\n<p>Fiv\u00e9r utca 8\/B<br \/>1131 Budimpe\u0161ta<br \/><strong>T:<\/strong> +36 (0)1 615 0087<br \/><strong>E:<\/strong> <a href=\"mailto:budapest@alarmautomatika.com\">budapest@alarmautomatika.com<\/a><\/p>\n<p>[\/et_pb_map_pin][et_pb_map_pin title=&#8221;Bukure\u0161t&#8221; pin_address=&#8221;Strada Zece Mese nr. 9, Bucure\u0219ti 024061, Romania&#8221; pin_address_lat=&#8221;44.4410054&#8221; pin_address_lng=&#8221;26.1186778&#8221; _builder_version=&#8221;4.7.5&#8221; _module_preset=&#8221;default&#8221; global_colors_info=&#8221;{}&#8221;]<\/p>\n<p>Strada Zece Mese nr. 9, sector 2<br \/>024061 Bucuresti<br \/><strong>T:<\/strong> +40 (0)31 426 0355<br \/><strong>E:<\/strong> <a href=\"mailto:bucharest@alarmautomatika.com\">bucharest@alarmautomatika.com<\/a><\/p>\n<p>[\/et_pb_map_pin][et_pb_map_pin title=&#8221;Ljubljana&#8221; pin_address=&#8221;Letali\u0161ka cesta 32, 1000 Ljubljana, Slovenia&#8221; pin_address_lat=&#8221;46.0605934&#8221; pin_address_lng=&#8221;14.571208&#8221; _builder_version=&#8221;4.7.5&#8221; _module_preset=&#8221;default&#8221; global_colors_info=&#8221;{}&#8221;]<\/p>\n<p>Letali\u0161ka cesta 32<br \/>1000 Ljubljana<br \/><strong>T:<\/strong> +386 (0)8 205 3710<br \/><strong>E:<\/strong> <a href=\"mailto:ljubljana@alarmautomatika.com\">ljubljana@alarmautomatika.com<\/a><\/p>\n<p>[\/et_pb_map_pin][et_pb_map_pin title=&#8221;Podgorica&#8221; pin_address=&#8221;106 \u0110oka Mira\u0161evi\u0107a, Podgorica 81000, Montenegro&#8221; pin_address_lat=&#8221;42.4514727&#8221; pin_address_lng=&#8221;19.2392515&#8221; _builder_version=&#8221;4.7.5&#8221; _module_preset=&#8221;default&#8221; global_colors_info=&#8221;{}&#8221;]<\/p>\n<p>\u0110oka Mira\u0161evi\u0107a 106<br \/>81 000 Podgorica<br \/><strong>T:<\/strong> +382 (0)20 657 007<br \/><strong>E:<\/strong> <a href=\"mailto:podgorica@alarmautomatika.com\">podgorica@alarmautomatika.com<\/a><\/p>\n<p>[\/et_pb_map_pin][et_pb_map_pin title=&#8221;Rijeka&#8221; pin_address=&#8221;Dra\u017eice 123, 51000, Rijeka, Croatia&#8221; pin_address_lat=&#8221;45.350015&#8221; pin_address_lng=&#8221;14.373088&#8221; _builder_version=&#8221;4.7.5&#8221; _module_preset=&#8221;default&#8221; global_colors_info=&#8221;{}&#8221;]<\/p>\n<p>Dra\u017eice 123\/c (Zamet)<br \/>51000 Rijeka<br \/><strong>T:<\/strong> +385 (0)51 359 700<br \/><strong>E:<\/strong> <a href=\"mailto:rijeka@alarmautomatika.com\">rijeka@alarmautomatika.com<\/a><\/p>\n<p>[\/et_pb_map_pin][et_pb_map_pin title=&#8221;Skoplje&#8221; pin_address=&#8221;Gilles Verne 8 \u043b\u043e\u043a. 1, Skopje 1000, North Macedonia&#8221; pin_address_lat=&#8221;41.9841018&#8221; pin_address_lng=&#8221;21.4405924&#8221; _builder_version=&#8221;4.7.5&#8221; _module_preset=&#8221;default&#8221; global_colors_info=&#8221;{}&#8221;]<\/p>\n<p>Gilles Verne 8<br \/>1000 Skopje<br \/><strong>T:<\/strong> +389 (0)2 245 7388<br \/><strong>E:<\/strong> <a href=\"mailto:skopje@alarmautomatika.com\">skopje@alarmautomatika.com<\/a><\/p>\n<p>[\/et_pb_map_pin][et_pb_map_pin title=&#8221;Split&#8221; pin_address=&#8221;Lova\u010dki put 1A, 21000, Split, Croatia&#8221; zoom_level=&#8221;19&#8221; pin_address_lat=&#8221;43.512930303684&#8221; pin_address_lng=&#8221;16.484584165676&#8221; _builder_version=&#8221;4.27.4&#8221; _module_preset=&#8221;default&#8221; global_colors_info=&#8221;{}&#8221;]<\/p>\n<p>Lova\u010dki put 1A<br \/>21000 Split<br \/><strong>T:<\/strong> +385 (0)21 542 653<br \/><strong>E:<\/strong> <a href=\"mailto:split@alarmautomatika.com\">split@alarmautomatika.com<\/a><\/p>\n<p>[\/et_pb_map_pin][et_pb_map_pin title=&#8221;Sarajevo&#8221; pin_address=&#8221;BA, D\u017eemala Bijedi\u0107a 156, Sarajevo 71000, Bosnia and Herzegovina&#8221; pin_address_lat=&#8221;43.850587&#8221; pin_address_lng=&#8221;18.360155&#8221; _builder_version=&#8221;4.7.5&#8221; _module_preset=&#8221;default&#8221; global_colors_info=&#8221;{}&#8221;]<\/p>\n<p>D\u017eemala Bijedi\u0107a 156<br \/>71 000 Sarajevo<br \/><strong>T:<\/strong> +387 (0)33 218 872<br \/><strong>E:<\/strong> <a href=\"mailto:sarajevo@alarmautomatika.com\">sarajevo@alarmautomatika.com<\/a><\/p>\n<p>[\/et_pb_map_pin][et_pb_map_pin title=&#8221;Sofija&#8221; pin_address=&#8221;ulitsa %22Prof. Aleksandar Tanev%22, Sofia, Bulgaria&#8221; pin_address_lat=&#8221;42.6273189&#8221; pin_address_lng=&#8221;23.3838731&#8221; _builder_version=&#8221;4.7.5&#8221; _module_preset=&#8221;default&#8221; global_colors_info=&#8221;{}&#8221;]<\/p>\n<p>\u0443\u043b. &#8220;\u043f\u0440\u043e\u0444. \u0410\u043b\u0435\u043a\u0441\u0430\u043d\u0434\u044a\u0440 \u0422\u0430\u043d\u0435\u0432&#8221;<br \/>1715 \u0436.\u043a. \u041c\u043b\u0430\u0434\u043e\u0441\u0442 4 Sofija<br \/><strong>T:<\/strong> +359 (2) 423 1452<br \/><strong>E:<\/strong> <a href=\"mailto:sofia@alarmautomatika.com\">sofia@alarmautomatika.com<\/a><\/p>\n<p>[\/et_pb_map_pin][et_pb_map_pin title=&#8221;Zadar&#8221; pin_address=&#8221;Ul. Bra\u0107e Miroslava i Janka Perice 19, 23000, Zadar, Croatia&#8221; pin_address_lat=&#8221;44.102241&#8221; pin_address_lng=&#8221;15.249642&#8221; _builder_version=&#8221;4.21.0&#8221; _module_preset=&#8221;default&#8221; global_colors_info=&#8221;{}&#8221;]<\/p>\n<p>Bra\u0107e Miroslava i Janka Perice 19<br \/>23000 Zadar<br \/><strong>E:<\/strong> <a href=\"mailto:zadar@alarmautomatika.com\">zadar@alarmautomatika.com<\/a><\/p>\n<p>[\/et_pb_map_pin][et_pb_map_pin title=&#8221;Zagreb&#8221; pin_address=&#8221;Heinzelova ul. 60, 10000, Zagreb, Croatia&#8221; pin_address_lat=&#8221;45.808401&#8221; pin_address_lng=&#8221;16.003818&#8221; _builder_version=&#8221;4.7.5&#8221; _module_preset=&#8221;default&#8221; global_colors_info=&#8221;{}&#8221;]<\/p>\n<p>Heinzelova 60<br \/>10000 Zagreb<\/p>\n<p><strong>Projekti<\/strong><br \/><strong>T:<\/strong> +385 (0)1 4662 750<br \/><strong>E:<\/strong> <a href=\"mailto:projekti@alarmautomatika.com\">projekti@alarmautomatika.com<\/a><\/p>\n<p><strong>Veleprodaja<\/strong><br \/><strong>T:<\/strong> +385 (0)1 369 04 91<br \/><strong>E:<\/strong> <a href=\"mailto:veleprodaja@larmautomatika.com\">veleprodaja@larmautomatika.com<\/a><\/p>\n<p>[\/et_pb_map_pin][et_pb_map_pin title=&#8221;Tirana&#8221; pin_address=&#8221;Rruga Spiro Floqi, Kashar, Albania&#8221; pin_address_lat=&#8221;41.3293195&#8221; pin_address_lng=&#8221;19.7802936&#8221; _builder_version=&#8221;4.9.4&#8221; _module_preset=&#8221;default&#8221; global_colors_info=&#8221;{}&#8221;]<\/p>\n<p>Rruga Spiro Floqi<br \/>KOMPLEKSI &#8220;MOLLA&#8221;<br \/>NJESIA ADMINISTRATIVE 14<br \/>1001 Tirana<br \/><strong>T:<\/strong> +355 67 6067 000<br \/><strong>E:<\/strong> <a href=\"mailto:tirana@alarmautomatika.com\">tirana@alarmautomatika.com<\/a><\/p>\n<p>[\/et_pb_map_pin][\/et_pb_map][\/et_pb_column][\/et_pb_row][\/et_pb_section]<\/p>\n","protected":false},"excerpt":{"rendered":"<p>KontaktAlarm automatika d.o.o.D\u017eemala Bijedi\u0107a 15671 000 SarajevoT: +387 33 218 872E: sarajevo@alarmautomatika.com\n<div class=\"wpcf7 no-js\" id=\"wpcf7-f7924-o2\" lang=\"bs-BA\" dir=\"ltr\" data-wpcf7-id=\"7924\">\n<div class=\"screen-reader-response\"><p role=\"status\" aria-live=\"polite\" aria-atomic=\"true\"><\/p> <ul><\/ul><\/div>\n<form action=\"\/bs\/wp-json\/wp\/v2\/pages\/7925#wpcf7-f7924-o2\" method=\"post\" class=\"wpcf7-form init\" aria-label=\"Kontakt obrazac\" enctype=\"multipart\/form-data\" novalidate=\"novalidate\" data-status=\"init\">\n<fieldset class=\"hidden-fields-container\"><input type=\"hidden\" name=\"_wpcf7\" value=\"7924\" \/><input type=\"hidden\" name=\"_wpcf7_version\" value=\"6.1.5\" \/><input type=\"hidden\" name=\"_wpcf7_locale\" value=\"bs_BA\" \/><input type=\"hidden\" name=\"_wpcf7_unit_tag\" value=\"wpcf7-f7924-o2\" \/><input type=\"hidden\" name=\"_wpcf7_container_post\" value=\"0\" \/><input type=\"hidden\" name=\"_wpcf7_posted_data_hash\" value=\"\" \/>\n<\/fieldset>\n<p><label> Ime i prezime *<br \/>\n<span class=\"wpcf7-form-control-wrap\" data-name=\"contact-name\"><input size=\"40\" maxlength=\"400\" class=\"wpcf7-form-control wpcf7-text wpcf7-validates-as-required\" aria-required=\"true\" aria-invalid=\"false\" value=\"\" type=\"text\" name=\"contact-name\" \/><\/span> <\/label>\n<\/p>\n<p><label> Tvrtka<br \/>\n<span class=\"wpcf7-form-control-wrap\" data-name=\"company\"><input size=\"40\" maxlength=\"400\" class=\"wpcf7-form-control wpcf7-text\" aria-invalid=\"false\" value=\"\" type=\"text\" name=\"company\" \/><\/span> <\/label>\n<\/p>\n<p><label> Email *<br \/>\n<span class=\"wpcf7-form-control-wrap\" data-name=\"email\"><input size=\"40\" maxlength=\"400\" class=\"wpcf7-form-control wpcf7-email wpcf7-validates-as-required wpcf7-text wpcf7-validates-as-email\" aria-required=\"true\" aria-invalid=\"false\" value=\"\" type=\"email\" name=\"email\" \/><\/span> <\/label>\n<\/p>\n<p><label> Telefon<br \/>\n<span class=\"wpcf7-form-control-wrap\" data-name=\"phone\"><input size=\"40\" maxlength=\"400\" class=\"wpcf7-form-control wpcf7-text\" aria-invalid=\"false\" value=\"\" type=\"text\" name=\"phone\" \/><\/span> <\/label>\n<\/p>\n<p><label> Poruka *<br \/>\n<span class=\"wpcf7-form-control-wrap\" data-name=\"message\"><textarea cols=\"40\" rows=\"10\" maxlength=\"2000\" class=\"wpcf7-form-control wpcf7-textarea wpcf7-validates-as-required\" aria-required=\"true\" aria-invalid=\"false\" name=\"message\"><\/textarea><\/span> <\/label>\n<\/p>\n<p><label> Datoteka (pdf, Word, zip - max 10MB)<\/label><br \/>\n<span class=\"wpcf7-form-control-wrap\" data-name=\"attach\"><input size=\"40\" class=\"wpcf7-form-control wpcf7-file\" accept=\".pdf,.doc,.docx,.zip\" aria-invalid=\"false\" type=\"file\" name=\"attach\" \/><\/span>\n<\/p>\n<div class=\"wpcf7-turnstile cf-turnstile\" data-sitekey=\"0x4AAAAAACal9s7_sd7CzLTM\" data-response-field-name=\"_wpcf7_turnstile_response\"><\/div>\n<p><input class=\"wpcf7-form-control wpcf7-submit has-spinner\" type=\"submit\" value=\"Po\u0161alji\" \/>\n<\/p><div class=\"wpcf7-response-output\" aria-hidden=\"true\"><\/div>\n<\/form>\n<\/div>\nZarija Vujo\u0161evi\u0107a 811 070 Beograd (Novi Beograd)T: +381 (0)11 398 1482E: beograd@alarmautomatika.comStuden\u00e1 5821 04 BratislavaE: bratislava@alarmautomatika.comFiv\u00e9r utca 8\/B1131 Budimpe\u0161taT: +36 (0)1 615 0087E: budapest@alarmautomatika.comStrada Zece Mese nr. 9, sector 2024061 BucurestiT: +40 (0)31 426 0355E: bucharest@alarmautomatika.comLetali\u0161ka cesta 321000 LjubljanaT: +386 (0)8 205 [&hellip;]<\/p>\n","protected":false},"author":15,"featured_media":0,"parent":0,"menu_order":0,"comment_status":"closed","ping_status":"closed","template":"","meta":{"_et_pb_use_builder":"on","_et_pb_old_content":"","_et_gb_content_width":"","footnotes":""},"class_list":["post-7925","page","type-page","status-publish","hentry"],"_links":{"self":[{"href":"https:\/\/www.alarmautomatika.com\/bs\/wp-json\/wp\/v2\/pages\/7925","targetHints":{"allow":["GET"]}}],"collection":[{"href":"https:\/\/www.alarmautomatika.com\/bs\/wp-json\/wp\/v2\/pages"}],"about":[{"href":"https:\/\/www.alarmautomatika.com\/bs\/wp-json\/wp\/v2\/types\/page"}],"author":[{"embeddable":true,"href":"https:\/\/www.alarmautomatika.com\/bs\/wp-json\/wp\/v2\/users\/15"}],"replies":[{"embeddable":true,"href":"https:\/\/www.alarmautomatika.com\/bs\/wp-json\/wp\/v2\/comments?post=7925"}],"version-history":[{"count":2,"href":"https:\/\/www.alarmautomatika.com\/bs\/wp-json\/wp\/v2\/pages\/7925\/revisions"}],"predecessor-version":[{"id":56155,"href":"https:\/\/www.alarmautomatika.com\/bs\/wp-json\/wp\/v2\/pages\/7925\/revisions\/56155"}],"wp:attachment":[{"href":"https:\/\/www.alarmautomatika.com\/bs\/wp-json\/wp\/v2\/media?parent=7925"}],"curies":[{"name":"wp","href":"https:\/\/api.w.org\/{rel}","templated":true}]}}