{"id":2876,"date":"2020-08-20T13:21:32","date_gmt":"2020-08-20T11:21:32","guid":{"rendered":"https:\/\/www.alarmautomatika.com\/clients\/hotels\/"},"modified":"2023-11-02T11:27:41","modified_gmt":"2023-11-02T10:27:41","slug":"hotels","status":"publish","type":"page","link":"https:\/\/www.alarmautomatika.com\/en\/clients\/hotels\/","title":{"rendered":"Hotels and camps"},"content":{"rendered":"<p>[et_pb_section fb_built=&#8221;1&#8243; _builder_version=&#8221;4.6.2&#8243; _module_preset=&#8221;default&#8221; background_image=&#8221;https:\/\/www.alarmautomatika.com\/wp-content\/uploads\/2020\/09\/hoteli-solution.jpg&#8221; background_size=&#8221;initial&#8221; background_position=&#8221;top_center&#8221; global_colors_info=&#8221;{}&#8221;][et_pb_row _builder_version=&#8221;4.6.0&#8243; _module_preset=&#8221;default&#8221; width=&#8221;95%&#8221; global_colors_info=&#8221;{}&#8221;][et_pb_column type=&#8221;4_4&#8243; _builder_version=&#8221;4.6.0&#8243; _module_preset=&#8221;default&#8221; global_colors_info=&#8221;{}&#8221;][et_pb_text _builder_version=&#8221;4.6.0&#8243; _dynamic_attributes=&#8221;content&#8221; _module_preset=&#8221;default&#8221; text_font=&#8221;|600|||||||&#8221; text_text_color=&#8221;#ffffff&#8221; text_font_size=&#8221;48px&#8221; text_line_height=&#8221;1.2em&#8221; custom_padding=&#8221;80px|50px||50px|false|true&#8221; text_font_size_tablet=&#8221;40px&#8221; text_font_size_phone=&#8221;32px&#8221; text_font_size_last_edited=&#8221;on|desktop&#8221; text_line_height_tablet=&#8221;&#8221; text_line_height_phone=&#8221;&#8221; text_line_height_last_edited=&#8221;on|phone&#8221; header_font_tablet=&#8221;&#8221; header_font_phone=&#8221;&#8221; header_font_last_edited=&#8221;on|phone&#8221; header_font_size_tablet=&#8221;&#8221; header_font_size_phone=&#8221;&#8221; header_font_size_last_edited=&#8221;on|phone&#8221; header_line_height_tablet=&#8221;&#8221; header_line_height_phone=&#8221;&#8221; header_line_height_last_edited=&#8221;on|desktop&#8221; global_colors_info=&#8221;{}&#8221;]@ET-DC@eyJkeW5hbWljIjp0cnVlLCJjb250ZW50IjoicG9zdF90aXRsZSIsInNldHRpbmdzIjp7ImJlZm9yZSI6IiIsImFmdGVyIjoiIn19@[\/et_pb_text][\/et_pb_column][\/et_pb_row][et_pb_row column_structure=&#8221;3_4,1_4&#8243; _builder_version=&#8221;4.6.0&#8243; _module_preset=&#8221;default&#8221; background_color=&#8221;#ffffff&#8221; width=&#8221;95%&#8221; custom_margin=&#8221;20px||||false|false&#8221; custom_margin_tablet=&#8221;10px||||false|false&#8221; custom_margin_phone=&#8221;10px||||false|false&#8221; custom_margin_last_edited=&#8221;on|desktop&#8221; custom_padding=&#8221;50px|50px|50px|50px|true|true&#8221; box_shadow_style=&#8221;preset2&#8243; global_colors_info=&#8221;{}&#8221;][et_pb_column type=&#8221;3_4&#8243; _builder_version=&#8221;4.6.0&#8243; _module_preset=&#8221;default&#8221; global_colors_info=&#8221;{}&#8221;][et_pb_text _builder_version=&#8221;4.14.7&#8243; _module_preset=&#8221;default&#8221; link_font=&#8221;|600|||||||&#8221; header_2_text_align=&#8221;left&#8221; header_2_font_size=&#8221;30px&#8221; header_2_line_height=&#8221;1.2em&#8221; hover_enabled=&#8221;0&#8243; header_font_size_tablet=&#8221;48px&#8221; header_font_size_phone=&#8221;&#8221; header_font_size_last_edited=&#8221;on|tablet&#8221; header_2_font_size_tablet=&#8221;&#8221; header_2_font_size_phone=&#8221;25px&#8221; header_2_font_size_last_edited=&#8221;on|phone&#8221; global_colors_info=&#8221;{}&#8221; sticky_enabled=&#8221;0&#8243;]<\/p>\n<blockquote>\n<h2>Brza prijava i odjava gostiju hotela<\/h2>\n<\/blockquote>\n<p><a href=\"https:\/\/www.alarmautomatika.com\/en\/softwares\/absistem-ticketing\/#smart_kiosk\" target=\"_blank\" rel=\"noopener noreferrer\">ABsmartKiosk<\/a> omogu\u0107uje brzi check-in i check-out gostiju hotela, jer omogu\u0107uje provjeru dokumenata, izdavanje kartice, kontrolu ulaza u sobu i pla\u0107anje tro\u0161kova. Koristiti se i za reklamiranje dodatne ponude i kupnju ulaznica ili vau\u010dera za odabrane doga\u0111aje.<\/p>\n<blockquote>\n<h2>LPR i kontrola pristupa vozila<\/h2>\n<\/blockquote>\n<p><a href=\"https:\/\/www.alarmautomatika.com\/en\/products\/intelligent-traffic-and-parking-management\/\">Kontrola ulaska vozila<\/a> gostiju i dobavlja\u010da se mo\u017ee ubrzati primjenom <a href=\"https:\/\/www.alarmautomatika.com\/en\/softwares\/absistem-park\/\">ABsistemPark softvera<\/a>. Registarske oznake vozila se o\u010ditavaju putem LPR kamera, a softver uspore\u0111uju o\u010ditanu registraciju s bazom podataka te automatski propu\u0161ta vozila s dozvolom ulaska.<\/p>\n<blockquote>\n<h2>Panoramske kamere za nadzor velikih prostora<\/h2>\n<\/blockquote>\n<p>Megapikselne panoramske kamere omogu\u0107avaju nadzor velikih povr\u0161ina (parkirali\u0161ta, predvorja, stubi\u0161ta), a live video stream mo\u017ee poslu\u017eiti za promociju. Panoramska kamera mijenja vi\u0161e standardnih kamera.<\/p>\n<blockquote>\n<h2>Evidencija \u00a0radnog vremena i kontrola pristupa<\/h2>\n<\/blockquote>\n<p><a href=\"https:\/\/www.alarmautomatika.com\/en\/products\/advanced-access-control-systems\/\">Sustav kontrole pristupa i evidencije radnog vremena<\/a> treba podr\u017eavati nadzor pristupa pojedinim prostorima te razne modele radnog odnosa (redovni, sezonski) \u00a0i radnog vremena (prekovremeno, klizno, smjensko).<\/p>\n<div>\n<blockquote>\n<h2><span lang=\"HR\">Ograni\u010davanje broja ljudi u zasebnim prostorima hotela<\/span><\/h2>\n<\/blockquote>\n<\/div>\n<div><span lang=\"HR\"><a href=\"https:\/\/www.alarmautomatika.com\/en\/softwares\/people-counting\/#odredjivanje_broja_ljudi\">ABsistemLimitPeople<\/a>\u00a0<\/span>softver omogu\u0107uje jednostavan prikaz broja ljudi koji se nalaze u prostoru, primjerice u hotelskom restoranu, ili na bazenu. To gostima omogu\u0107uje da izbjegnu mjesta na kojima je trenuta\u010dno gu\u017eva te da socijalni kontakt zadr\u017ei u granicama po\u017eeljnog. Ljudi se broje putem IP kamera na ulazu, a na displeju se prikazuje koliko ljudi trenuta\u010dno u prostoru i koliki je maksimalno dozvoljen broj.<\/div>\n<div>\u00a0<\/div>\n<blockquote>\n<h2>Pametne sobe, SOS i energy management<\/h2>\n<\/blockquote>\n<p>Uspje\u0161nost poslovanja ovisi o tro\u0161kovima za grijanje, hla\u0111enje, rasvjetu i vodu i o njima treba voditi ra\u010duna. Kroz sustav inteligentnih soba jednostavno se upravlja potro\u0161njom u sobama. <a href=\"https:\/\/www.alarmautomatika.com\/en\/sos-systems-for-emergency-calls\/\">IP bazirani SOS sustavi<\/a> omogu\u0107uju da osoblje SOS poziv primi i putem mobilne aplikacije, dok obavlja ostale poslove.<\/p>\n<blockquote>\n<h2>Integracija safety rje\u0161enja i automatike<\/h2>\n<\/blockquote>\n<p>U hotelima se koristi velik broj sustava za upravljanje, nadzor i za\u0161titu. Safety sustavi sustavi (<a href=\"https:\/\/www.alarmautomatika.com\/en\/products\/fire-alarm\/\">dojave po\u017eara<\/a>, <a href=\"https:\/\/www.alarmautomatika.com\/en\/products\/gas-alarm\/\">dojave plina<\/a>, <a href=\"https:\/\/www.alarmautomatika.com\/en\/products\/evacuation-and-public-address-systems\/\">evakuacijskog razglasa<\/a>, <a href=\"https:\/\/www.alarmautomatika.com\/en\/products\/emergency-lighting\/\">panik rasvjete<\/a> i <a href=\"https:\/\/www.alarmautomatika.com\/en\/products\/smoke-and-heat-extraction-and-ventilation-systems\/\">odvo\u0111enja dima i topline<\/a>) su obavezni u vi\u0161im kategorijama, i u na\u010delu se integriraju sa <a href=\"https:\/\/www.alarmautomatika.com\/en\/products\/bms-and-facility-management-systems\/\">BMS sustavima<\/a> (grijanje, hla\u0111enje, rasvjeta, zasjenjivanje) kako bi se objektom upravljalo u\u010dinkovitije i smanjili tro\u0161kovi. Implementacijom <a href=\"https:\/\/www.alarmautomatika.com\/en\/softwares\/supervision-and-management-of-technical-security-systems\/\">ABsistemDCi<\/a> softvera omogu\u0107uje se integracija svih tehni\u010dkih sustava na objektu &#8211; tehni\u010dke za\u0161tite, safety i BMS sustava.<\/p>\n<blockquote>\n<h2>Dokumentacija o primijenjenim mjerama za\u0161tite<\/h2>\n<\/blockquote>\n<p>Prosudba ugro\u017eenosti i projekt tehni\u010dke za\u0161tite su osnova za kasnije nadogradnje i odr\u017eavanje sustava. Dokumentacija obuhva\u0107a i certifikate za opremu te zapisnike i radne naloge vezane za popravke i servise.<\/p>\n<blockquote>\n<h2>Odr\u017eavanje i Centralni tehni\u010dki nadzor (CTN)<\/h2>\n<\/blockquote>\n<p><a href=\"https:\/\/www.alarmautomatika.com\/en\/services\/professional-services-for-complex-projects\/#odrzavanje\">Daljinski nadzor nad ispravno\u0161\u0107u tehni\u010dke za\u0161tite putem CTN-a<\/a> omogu\u0107ava brzo otklanjanje kvarova. Tehni\u010dku podr\u0161ku i organizaciju popravaka osigurava slu\u017eba odr\u017eavanja.<\/p>\n<p>[\/et_pb_text][\/et_pb_column][et_pb_column type=&#8221;1_4&#8243; _builder_version=&#8221;4.6.0&#8243; _module_preset=&#8221;default&#8221; custom_padding_tablet=&#8221;&#8221; custom_padding_phone=&#8221;&#8221; custom_padding_last_edited=&#8221;on|phone&#8221; global_colors_info=&#8221;{}&#8221;][et_pb_image src=&#8221;https:\/\/www.alarmautomatika.com\/wp-content\/uploads\/2020\/10\/idea-solution-logo-home-banner.png&#8221; alt=&#8221;iDEA Solution&#8221; title_text=&#8221;iDEA Solution&#8221; align=&#8221;center&#8221; _builder_version=&#8221;4.7.4&#8243; _module_preset=&#8221;default&#8221; global_colors_info=&#8221;{}&#8221;][\/et_pb_image][et_pb_accordion module_class=&#8221;idea-value-propositions&#8221; _builder_version=&#8221;4.9.0&#8243; _module_preset=&#8221;default&#8221; global_module=&#8221;8292&#8243; global_colors_info=&#8221;{}&#8221;][et_pb_accordion_item title=&#8221;Blank&#8221; open=&#8221;on&#8221; _builder_version=&#8221;4.9.0&#8243; _module_preset=&#8221;default&#8221; custom_css_main_element=&#8221;display:none;&#8221; global_colors_info=&#8221;{}&#8221;][\/et_pb_accordion_item][et_pb_accordion_item title=&#8221;Clients&#8221; _builder_version=&#8221;4.9.0&#8243; _module_preset=&#8221;default&#8221; global_colors_info=&#8221;{}&#8221; open=&#8221;off&#8221;]<\/p>\n<p><a href=\"https:\/\/www.alarmautomatika.com\/en\/clients\/banks-and-financial-institutions\/\">Banke i financijske institucije<\/a><\/p>\n<p><a href=\"https:\/\/www.alarmautomatika.com\/en\/clients\/hotels\/\">Hoteli<\/a><\/p>\n<p><a href=\"https:\/\/www.alarmautomatika.com\/en\/clients\/shopping-malls\/\">Trgova\u010dki centri<\/a><\/p>\n<p><a href=\"https:\/\/www.alarmautomatika.com\/en\/clients\/public-and-business-facilities\/\">Javni i poslovni objekti<\/a><\/p>\n<p><a href=\"https:\/\/www.alarmautomatika.com\/en\/clients\/industry-and-large-infrastructure-facilities\/\">Industrija i kriti\u010dna infrastruktura<\/a><\/p>\n<p><a href=\"https:\/\/www.alarmautomatika.com\/en\/clients\/public-areas-and-facilities\/\">Javne povr\u0161ine i prostori<\/a><\/p>\n<p>[\/et_pb_accordion_item][et_pb_accordion_item title=&#8221;Products&#8221; _builder_version=&#8221;4.9.0&#8243; _module_preset=&#8221;default&#8221; global_colors_info=&#8221;{}&#8221; open=&#8221;off&#8221;]<\/p>\n<p><a href=\"https:\/\/www.alarmautomatika.com\/en\/products\/video-analytics-and-artificial-intelligence\/\">Videoanalitika i umjetna inteligencija<\/a><\/p>\n<p><a href=\"https:\/\/www.alarmautomatika.com\/en\/products\/thermal-imaging-and-perimeter-protection\/\">Termovizija i za\u0161tita perimetra<\/a><\/p>\n<p><a href=\"https:\/\/www.alarmautomatika.com\/en\/products\/advanced-access-control-systems\/\">Napredni sustavi kontrole pristupa<\/a><\/p>\n<p><a href=\"https:\/\/www.alarmautomatika.com\/en\/products\/electronic-article-surveillance\/\">Elektroni\u010dka za\u0161tita artikala od kra\u0111e<\/a><\/p>\n<p><a href=\"https:\/\/www.alarmautomatika.com\/en\/products\/intelligent-traffic-and-parking-management\/\">Inteligentno upravljanje prometom i parkingom<\/a><\/p>\n<p><a href=\"https:\/\/www.alarmautomatika.com\/en\/products\/bms-and-facility-management-systems\/\">BMS i upravljanje sustavima na objektu<\/a><\/p>\n<p>[\/et_pb_accordion_item][et_pb_accordion_item title=&#8221;Softwares&#8221; _builder_version=&#8221;4.9.0&#8243; _module_preset=&#8221;default&#8221; global_colors_info=&#8221;{}&#8221; open=&#8221;off&#8221;]<\/p>\n<p><a href=\"https:\/\/www.alarmautomatika.com\/en\/softwares\/intelligent-management-and-control\/#izdavanje-ulaznica\" data-et-has-event-already=\"true\">Izdavanje ulaznica<\/a><\/p>\n<p><a href=\"https:\/\/www.alarmautomatika.com\/en\/softwares\/intelligent-management-and-control\/#brojanje-ljudi\" data-et-has-event-already=\"true\">Brojanje ljudi<\/a><\/p>\n<p><a href=\"https:\/\/www.alarmautomatika.com\/en\/softwares\/intelligent-management-and-control\/#rezervacija-soba\" data-et-has-event-already=\"true\">Rezervacija soba<\/a><\/p>\n<p><a href=\"https:\/\/www.alarmautomatika.com\/en\/softwares\/intelligent-management-and-control\/#parking-rjesenja\" data-et-has-event-already=\"true\">Parking rje\u0161enja<\/a><\/p>\n<p><a href=\"https:\/\/www.alarmautomatika.com\/en\/softwares\/intelligent-management-and-control\/#upravljanje-prometom\" data-et-has-event-already=\"true\">Upravljanje prometom<\/a><\/p>\n<p><a href=\"https:\/\/www.alarmautomatika.com\/en\/softwares\/intelligent-management-and-control\/#upravljanje-posjetiteljima\" data-et-has-event-already=\"true\">Upravljanje posjetiteljima<\/a><\/p>\n<p><a href=\"https:\/\/www.alarmautomatika.com\/en\/softwares\/intelligent-management-and-control\/#nadzor-na-pretovarnim-stanicama\" data-et-has-event-already=\"true\">Nadzor na pretovarnim stanicama<\/a><\/p>\n<p>[\/et_pb_accordion_item][et_pb_accordion_item title=&#8221;Services&#8221; _builder_version=&#8221;4.9.0&#8243; _module_preset=&#8221;default&#8221; global_colors_info=&#8221;{}&#8221; open=&#8221;off&#8221;]<\/p>\n<p><a href=\"https:\/\/www.alarmautomatika.com\/en\/services\/professional-services-for-complex-projects\/#projektiranje\" data-et-has-event-already=\"true\">Projektiranje<\/a><\/p>\n<p><a href=\"https:\/\/www.alarmautomatika.com\/en\/services\/professional-services-for-complex-projects\/#prosudba-ugrozenosti-i-elaborat-mjera-sigurnosti\" data-et-has-event-already=\"true\">Prosudba ugro\u017eenosti i elaborat mjera sigurnosti<\/a><\/p>\n<p><a href=\"https:\/\/www.alarmautomatika.com\/en\/services\/professional-services-for-complex-projects\/#konzalting\" data-et-has-event-already=\"true\">Konzalting<\/a><\/p>\n<p><a href=\"https:\/\/www.alarmautomatika.com\/en\/services\/professional-services-for-complex-projects\/#nadzor-nad-izvodjenjem\" data-et-has-event-already=\"true\">Nadzor nad izvo\u0111enjem<\/a><\/p>\n<p><a href=\"https:\/\/www.alarmautomatika.com\/en\/services\/professional-services-for-complex-projects\/#koordinacija-i-vodjenje-projekata\" data-et-has-event-already=\"true\">Koordinacija i vo\u0111enje projekata<\/a><\/p>\n<p><a href=\"https:\/\/www.alarmautomatika.com\/en\/services\/professional-services-for-complex-projects\/#softverska-integracija\" data-et-has-event-already=\"true\">Softverska integracija i ukla\u0161anje u IKT<\/a><\/p>\n<p>[\/et_pb_accordion_item][et_pb_accordion_item title=&#8221;Platform&#8221; _builder_version=&#8221;4.9.0&#8243; _module_preset=&#8221;default&#8221; global_colors_info=&#8221;{}&#8221; open=&#8221;off&#8221;]<\/p>\n<p><a href=\"https:\/\/www.alarmautomatika.com\/en\/platform\/#razmjena-znanja\" data-et-has-event-already=\"true\">Platforma za razmjenu znanja sudionika procesa gra\u0111enja<\/a><\/p>\n<p>[\/et_pb_accordion_item][\/et_pb_accordion][\/et_pb_column][\/et_pb_row][\/et_pb_section]<\/p>\n","protected":false},"excerpt":{"rendered":"<p>Brza prijava i odjava gostiju hotela ABsmartKiosk omogu\u0107uje brzi check-in i check-out gostiju hotela, jer omogu\u0107uje provjeru dokumenata, izdavanje kartice, kontrolu ulaza u sobu i pla\u0107anje tro\u0161kova. Koristiti se i za reklamiranje dodatne ponude i kupnju ulaznica ili vau\u010dera za odabrane doga\u0111aje. LPR i kontrola pristupa vozila Kontrola ulaska vozila gostiju i dobavlja\u010da se mo\u017ee [&hellip;]<\/p>\n","protected":false},"author":15,"featured_media":0,"parent":2869,"menu_order":0,"comment_status":"closed","ping_status":"closed","template":"","meta":{"_et_pb_use_builder":"on","_et_pb_old_content":"","_et_gb_content_width":"","footnotes":""},"class_list":["post-2876","page","type-page","status-publish","hentry"],"_links":{"self":[{"href":"https:\/\/www.alarmautomatika.com\/en\/wp-json\/wp\/v2\/pages\/2876","targetHints":{"allow":["GET"]}}],"collection":[{"href":"https:\/\/www.alarmautomatika.com\/en\/wp-json\/wp\/v2\/pages"}],"about":[{"href":"https:\/\/www.alarmautomatika.com\/en\/wp-json\/wp\/v2\/types\/page"}],"author":[{"embeddable":true,"href":"https:\/\/www.alarmautomatika.com\/en\/wp-json\/wp\/v2\/users\/15"}],"replies":[{"embeddable":true,"href":"https:\/\/www.alarmautomatika.com\/en\/wp-json\/wp\/v2\/comments?post=2876"}],"version-history":[{"count":1,"href":"https:\/\/www.alarmautomatika.com\/en\/wp-json\/wp\/v2\/pages\/2876\/revisions"}],"predecessor-version":[{"id":48458,"href":"https:\/\/www.alarmautomatika.com\/en\/wp-json\/wp\/v2\/pages\/2876\/revisions\/48458"}],"up":[{"embeddable":true,"href":"https:\/\/www.alarmautomatika.com\/en\/wp-json\/wp\/v2\/pages\/2869"}],"wp:attachment":[{"href":"https:\/\/www.alarmautomatika.com\/en\/wp-json\/wp\/v2\/media?parent=2876"}],"curies":[{"name":"wp","href":"https:\/\/api.w.org\/{rel}","templated":true}]}}