{"id":2929,"date":"2020-08-20T13:53:26","date_gmt":"2020-08-20T11:53:26","guid":{"rendered":"https:\/\/www.alarmautomatika.com\/clients\/electrical-installers\/"},"modified":"2023-11-10T08:51:35","modified_gmt":"2023-11-10T07:51:35","slug":"electrical-installers","status":"publish","type":"page","link":"https:\/\/www.alarmautomatika.com\/en\/clients\/electrical-installers\/","title":{"rendered":"Electrical installers"},"content":{"rendered":"<p>[et_pb_section fb_built=&#8221;1&#8243; _builder_version=&#8221;4.6.5&#8243; _module_preset=&#8221;default&#8221; background_image=&#8221;https:\/\/www.alarmautomatika.com\/wp-content\/uploads\/2020\/10\/elektro-instalateri.jpg&#8221; background_size=&#8221;initial&#8221; background_position=&#8221;top_center&#8221; global_colors_info=&#8221;{}&#8221;][et_pb_row _builder_version=&#8221;4.6.0&#8243; _module_preset=&#8221;default&#8221; width=&#8221;95%&#8221; global_colors_info=&#8221;{}&#8221;][et_pb_column type=&#8221;4_4&#8243; _builder_version=&#8221;4.6.0&#8243; _module_preset=&#8221;default&#8221; global_colors_info=&#8221;{}&#8221;][et_pb_text _builder_version=&#8221;4.6.0&#8243; _dynamic_attributes=&#8221;content&#8221; _module_preset=&#8221;default&#8221; text_font=&#8221;|600|||||||&#8221; text_text_color=&#8221;#ffffff&#8221; text_font_size=&#8221;48px&#8221; text_line_height=&#8221;1.2em&#8221; custom_padding=&#8221;80px|50px||50px|false|true&#8221; text_font_size_tablet=&#8221;40px&#8221; text_font_size_phone=&#8221;32px&#8221; text_font_size_last_edited=&#8221;on|desktop&#8221; text_line_height_tablet=&#8221;&#8221; text_line_height_phone=&#8221;&#8221; text_line_height_last_edited=&#8221;on|phone&#8221; header_font_tablet=&#8221;&#8221; header_font_phone=&#8221;&#8221; header_font_last_edited=&#8221;on|phone&#8221; header_font_size_tablet=&#8221;&#8221; header_font_size_phone=&#8221;&#8221; header_font_size_last_edited=&#8221;on|phone&#8221; header_line_height_tablet=&#8221;&#8221; header_line_height_phone=&#8221;&#8221; header_line_height_last_edited=&#8221;on|desktop&#8221; global_colors_info=&#8221;{}&#8221;]@ET-DC@eyJkeW5hbWljIjp0cnVlLCJjb250ZW50IjoicG9zdF90aXRsZSIsInNldHRpbmdzIjp7ImJlZm9yZSI6IiIsImFmdGVyIjoiIn19@[\/et_pb_text][\/et_pb_column][\/et_pb_row][et_pb_row column_structure=&#8221;3_4,1_4&#8243; _builder_version=&#8221;4.6.0&#8243; _module_preset=&#8221;default&#8221; background_color=&#8221;#ffffff&#8221; width=&#8221;95%&#8221; custom_margin=&#8221;20px||||false|false&#8221; custom_margin_tablet=&#8221;10px||||false|false&#8221; custom_margin_phone=&#8221;10px||||false|false&#8221; custom_margin_last_edited=&#8221;on|desktop&#8221; custom_padding=&#8221;50px|50px|50px|50px|true|true&#8221; box_shadow_style=&#8221;preset2&#8243; global_colors_info=&#8221;{}&#8221;][et_pb_column type=&#8221;3_4&#8243; _builder_version=&#8221;4.6.0&#8243; _module_preset=&#8221;default&#8221; global_colors_info=&#8221;{}&#8221;][et_pb_text _builder_version=&#8221;4.10.5&#8243; _module_preset=&#8221;default&#8221; link_font=&#8221;|600|||||||&#8221; header_2_text_align=&#8221;left&#8221; header_2_font_size=&#8221;30px&#8221; header_2_line_height=&#8221;1.2em&#8221; hover_enabled=&#8221;0&#8243; header_font_size_tablet=&#8221;48px&#8221; header_font_size_phone=&#8221;&#8221; header_font_size_last_edited=&#8221;on|tablet&#8221; header_2_font_size_tablet=&#8221;&#8221; header_2_font_size_phone=&#8221;25px&#8221; header_2_font_size_last_edited=&#8221;on|phone&#8221; global_colors_info=&#8221;{}&#8221; sticky_enabled=&#8221;0&#8243;]<\/p>\n<blockquote>\n<h2>Oprema i tehni\u010dka dokumentacija<\/h2>\n<\/blockquote>\n<p>Cjelokupna <a href=\"https:\/\/www.alarmautomatika.com\/en\/products\/fire-alarm\/\">safety<\/a> i <a href=\"https:\/\/www.alarmautomatika.com\/en\/products\/technical-security\/\">security<\/a> oprema u ponudi Alarm automatike je u skladu s va\u017ee\u0107im normama i propisima. Popra\u0107ena je svom potrebnom tehni\u010dkom dokumentacijom i certifikatima.<\/p>\n<blockquote>\n<h2>Vo\u0111enje projekata<\/h2>\n<\/blockquote>\n<p>U Alarm automatici rade osobe specijalizirane za poslove <a href=\"https:\/\/www.alarmautomatika.com\/en\/services\/high-professionalism-in-all-project-phases\/#vodjenje-projekata\">vo\u0111enja projekata<\/a>. One sudjeluju na koordinacijama, pripremaju dokumentaciju i primopredaju te vode ra\u010duna o rokovima izvo\u0111enja.<\/p>\n<blockquote>\n<h2>Programiranje i pu\u0161tanje sustava u rad<\/h2>\n<\/blockquote>\n<p>Stru\u010dno <a href=\"https:\/\/www.alarmautomatika.com\/en\/services\/high-professionalism-in-all-project-phases\/#programiranje-i-integracija-sustava\">programiranje<\/a> i <a href=\"https:\/\/www.alarmautomatika.com\/en\/services\/high-professionalism-in-all-project-phases\/#pustanje-sustava-u-rad\">pu\u0161tanje sustava u rad<\/a> rje\u0161ava probleme do kojih mo\u017ee do\u0107i uslijed ranijih propusta vezanih za telefonsku i elektro instalaciju, spajanje ure\u0111aja i definiranje zona.<\/p>\n<blockquote>\n<h2>Integracija sustava na objektu<\/h2>\n<\/blockquote>\n<p>Stru\u010dno obavljena <a href=\"https:\/\/www.alarmautomatika.com\/en\/services\/high-professionalism-in-all-project-phases\/#programiranje-i-integracija-sustava\">integracija sustava na objektu<\/a> jam\u010di da \u0107e investitoru biti isporu\u010deno funkcionalno rje\u0161enje. Implementacija <a href=\"https:\/\/www.alarmautomatika.com\/en\/softwares\/supervision-and-management-of-technical-security-systems\/\">ABsistemDCi<\/a> softvera za integraciju tehni\u010dkih sustava na objektu kao i nekog od <a href=\"https:\/\/www.alarmautomatika.com\/en\/softwares\/intelligent-management-and-control\/\">specijalisti\u010dkih softvera iz serije ABsistem<\/a> omogu\u0107uje jednostavnije upravljanje nad integriranim sustavima.<\/p>\n<blockquote>\n<h2>Edukacija za pravilno o\u017ei\u010denje i ugradnju<\/h2>\n<\/blockquote>\n<p>Za elektro instalatere se organiziraju radionice i webinari o pravilnom o\u017ei\u010denju <a href=\"https:\/\/www.alarmautomatika.com\/en\/products\/fire-alarm\/\">safety<\/a> i <a href=\"https:\/\/www.alarmautomatika.com\/en\/products\/technical-security\/\">security<\/a> sustava. Mogu\u0107e ih je organizirati i in-house.<\/p>\n<blockquote>\n<h2>Katalog opreme i sustava u ponudi<\/h2>\n<\/blockquote>\n<p>Ponuda <a href=\"https:\/\/www.alarmautomatika.com\/en\/products\/fire-alarm\/\">safety<\/a> i <a href=\"https:\/\/www.alarmautomatika.com\/en\/products\/technical-security\/\">security<\/a> sustava je sistematizirana u <a href=\"https:\/\/www.alarmautomatika.com\/en\/services\/high-professionalism-in-all-project-phases\/#idea-project-katalog-i-b2b-platforma\">iDEA Project katalogu<\/a> Alarm automatike koji se a\u017eurira svake godine. Obuhva\u0107ena je oprema za koju su ve\u0107 razvijeni komunikacijski moduli i integracijska rje\u0161enja.<\/p>\n<blockquote>\n<h2>Informiranje o specifi\u010dnim rje\u0161enjima dojave po\u017eara i integracije<\/h2>\n<\/blockquote>\n<p>Kroz periodi\u010dne <a href=\"http:\/\/eepurl.com\/c6Hsx5\" target=\"_blank\" rel=\"noopener noreferrer\">newslettere<\/a> pretplatnike informiramo o novim tehnologijama i rje\u0161enjima s podru\u010dja za\u0161tite te o specifi\u010dnostima realiziranih projekata.<\/p>\n<p>[\/et_pb_text][\/et_pb_column][et_pb_column type=&#8221;1_4&#8243; _builder_version=&#8221;4.6.0&#8243; _module_preset=&#8221;default&#8221; custom_padding_tablet=&#8221;&#8221; custom_padding_phone=&#8221;&#8221; custom_padding_last_edited=&#8221;on|phone&#8221; global_colors_info=&#8221;{}&#8221;][et_pb_image src=&#8221;https:\/\/www.alarmautomatika.com\/wp-content\/uploads\/2020\/10\/idea-project-logo-home-banner.png&#8221; alt=&#8221;iDEA Project&#8221; title_text=&#8221;iDEA Project&#8221; align=&#8221;center&#8221; _builder_version=&#8221;4.7.4&#8243; _module_preset=&#8221;default&#8221; global_colors_info=&#8221;{}&#8221;][\/et_pb_image][et_pb_accordion module_class=&#8221;idea-value-propositions&#8221; _builder_version=&#8221;4.9.4&#8243; _module_preset=&#8221;default&#8221; global_module=&#8221;8294&#8243; global_colors_info=&#8221;{}&#8221;][et_pb_accordion_item title=&#8221;Blank&#8221; open=&#8221;on&#8221; _builder_version=&#8221;4.9.4&#8243; _module_preset=&#8221;default&#8221; custom_css_main_element=&#8221;display:none;&#8221; global_colors_info=&#8221;{}&#8221;][\/et_pb_accordion_item][et_pb_accordion_item title=&#8221;Clients&#8221; _builder_version=&#8221;4.9.0&#8243; _module_preset=&#8221;default&#8221; global_colors_info=&#8221;{}&#8221; open=&#8221;off&#8221;]<\/p>\n<p><a href=\"https:\/\/www.alarmautomatika.com\/en\/clients\/architects\/\">Arhitekti<\/a><\/p>\n<p><a href=\"https:\/\/www.alarmautomatika.com\/en\/clients\/electrical-designers\/\">Elektro projektanti<\/a><\/p>\n<p><a href=\"https:\/\/www.alarmautomatika.com\/en\/clients\/builders\/\">Gra\u0111evinari<\/a><\/p>\n<p><a href=\"https:\/\/www.alarmautomatika.com\/en\/clients\/electrical-installers\/\">Elektro instalateri<\/a><\/p>\n<p><a href=\"https:\/\/www.alarmautomatika.com\/en\/clients\/system-integrators\/\">Sistem integratori<\/a><\/p>\n<p>[\/et_pb_accordion_item][et_pb_accordion_item title=&#8221;Products&#8221; _builder_version=&#8221;4.9.4&#8243; _module_preset=&#8221;default&#8221; global_colors_info=&#8221;{}&#8221; open=&#8221;off&#8221;]<\/p>\n<p><a href=\"https:\/\/www.alarmautomatika.com\/en\/products\/inim-previdia\/\">Dojava po\u017eara<\/a><\/p>\n<p><a href=\"https:\/\/www.alarmautomatika.com\/en\/products\/gas-alarm\/\">Dojava plina<\/a><\/p>\n<p><a href=\"https:\/\/www.alarmautomatika.com\/en\/products\/fire-extinguishing-systems\/\">Sustavi ga\u0161enja po\u017eara<\/a><\/p>\n<p><a href=\"https:\/\/www.alarmautomatika.com\/en\/products\/evacuation-and-public-address-systems\/\">Evakuacijski (EVAC) i javni (PA) razglas<\/a><\/p>\n<p><a href=\"https:\/\/www.alarmautomatika.com\/en\/products\/smoke-and-heat-extraction-and-ventilation-systems\/\">Odvo\u0111enje dima i topline i upravljanje po\u017earnim sektorima<\/a><\/p>\n<p><a href=\"https:\/\/www.alarmautomatika.com\/en\/products\/emergency-lighting\/\">Panik rasvjeta<\/a><\/p>\n<p><a href=\"https:\/\/www.alarmautomatika.com\/en\/products\/technical-security\/\">Tehni\u010dka za\u0161tita<\/a><\/p>\n<p>[\/et_pb_accordion_item][et_pb_accordion_item title=&#8221;Softwares&#8221; _builder_version=&#8221;4.9.0&#8243; _module_preset=&#8221;default&#8221; global_colors_info=&#8221;{}&#8221; open=&#8221;off&#8221;]<\/p>\n<p><a href=\"https:\/\/www.alarmautomatika.com\/en\/softwares\/supervision-and-management-of-technical-security-systems\/\">Nadzor i upravljanje sustavima za\u0161tite<\/a><\/p>\n<p>[\/et_pb_accordion_item][et_pb_accordion_item title=&#8221;Services&#8221; _builder_version=&#8221;4.9.0&#8243; _module_preset=&#8221;default&#8221; global_colors_info=&#8221;{}&#8221; open=&#8221;off&#8221;]<\/p>\n<p><a href=\"https:\/\/www.alarmautomatika.com\/en\/services\/high-professionalism-in-all-project-phases\/#projektiranje-i-projektna-podrska\" data-et-has-event-already=\"true\">Projektiranje i projektna podr\u0161ka<\/a><\/p>\n<p><a href=\"https:\/\/www.alarmautomatika.com\/en\/services\/high-professionalism-in-all-project-phases\/#vodjenje-projekata\" data-et-has-event-already=\"true\">Vo\u0111enje projekata<\/a><\/p>\n<p><a href=\"https:\/\/www.alarmautomatika.com\/en\/services\/high-professionalism-in-all-project-phases\/#programiranje-i-integracija-sustava\" data-et-has-event-already=\"true\">Programiranje i integracija sustava<\/a><\/p>\n<p><a href=\"https:\/\/www.alarmautomatika.com\/en\/services\/high-professionalism-in-all-project-phases\/#pustanje-sustava-u-rad\">Pu\u0161tanje sustava u rad<\/a><\/p>\n<p><a href=\"https:\/\/www.alarmautomatika.com\/en\/services\/high-professionalism-in-all-project-phases\/#certificiranje\" data-et-has-event-already=\"true\">Certificiranje<\/a><\/p>\n<p><a href=\"https:\/\/www.alarmautomatika.com\/en\/services\/high-professionalism-in-all-project-phases\/#idea-project-katalog-i-b2b-platforma\" data-et-has-event-already=\"true\">Projektni katalog i B2B platforma<\/a><\/p>\n<p>[\/et_pb_accordion_item][et_pb_accordion_item title=&#8221;Platform&#8221; _builder_version=&#8221;4.9.0&#8243; _module_preset=&#8221;default&#8221; global_colors_info=&#8221;{}&#8221; open=&#8221;off&#8221;]<\/p>\n<p><a href=\"https:\/\/www.alarmautomatika.com\/en\/platform\/#b2b-projektna-dokumentacija\" data-et-has-event-already=\"true\">B2B platforma s cjelokupnom dokumentacijom<\/a><\/p>\n<p>[\/et_pb_accordion_item][\/et_pb_accordion][\/et_pb_column][\/et_pb_row][\/et_pb_section]<\/p>\n","protected":false},"excerpt":{"rendered":"<p>Oprema i tehni\u010dka dokumentacija Cjelokupna safety i security oprema u ponudi Alarm automatike je u skladu s va\u017ee\u0107im normama i propisima. Popra\u0107ena je svom potrebnom tehni\u010dkom dokumentacijom i certifikatima. Vo\u0111enje projekata U Alarm automatici rade osobe specijalizirane za poslove vo\u0111enja projekata. One sudjeluju na koordinacijama, pripremaju dokumentaciju i primopredaju te vode ra\u010duna o rokovima izvo\u0111enja. [&hellip;]<\/p>\n","protected":false},"author":15,"featured_media":0,"parent":2869,"menu_order":0,"comment_status":"closed","ping_status":"closed","template":"","meta":{"_et_pb_use_builder":"on","_et_pb_old_content":"","_et_gb_content_width":"","footnotes":""},"class_list":["post-2929","page","type-page","status-publish","hentry"],"_links":{"self":[{"href":"https:\/\/www.alarmautomatika.com\/en\/wp-json\/wp\/v2\/pages\/2929","targetHints":{"allow":["GET"]}}],"collection":[{"href":"https:\/\/www.alarmautomatika.com\/en\/wp-json\/wp\/v2\/pages"}],"about":[{"href":"https:\/\/www.alarmautomatika.com\/en\/wp-json\/wp\/v2\/types\/page"}],"author":[{"embeddable":true,"href":"https:\/\/www.alarmautomatika.com\/en\/wp-json\/wp\/v2\/users\/15"}],"replies":[{"embeddable":true,"href":"https:\/\/www.alarmautomatika.com\/en\/wp-json\/wp\/v2\/comments?post=2929"}],"version-history":[{"count":2,"href":"https:\/\/www.alarmautomatika.com\/en\/wp-json\/wp\/v2\/pages\/2929\/revisions"}],"predecessor-version":[{"id":49687,"href":"https:\/\/www.alarmautomatika.com\/en\/wp-json\/wp\/v2\/pages\/2929\/revisions\/49687"}],"up":[{"embeddable":true,"href":"https:\/\/www.alarmautomatika.com\/en\/wp-json\/wp\/v2\/pages\/2869"}],"wp:attachment":[{"href":"https:\/\/www.alarmautomatika.com\/en\/wp-json\/wp\/v2\/media?parent=2929"}],"curies":[{"name":"wp","href":"https:\/\/api.w.org\/{rel}","templated":true}]}}