{"id":2947,"date":"2020-08-20T14:08:32","date_gmt":"2020-08-20T12:08:32","guid":{"rendered":"https:\/\/www.alarmautomatika.com\/products\/smoke-and-heat-extraction-and-ventilation-systems\/"},"modified":"2025-11-10T09:07:31","modified_gmt":"2025-11-10T08:07:31","slug":"smoke-and-heat-extraction-and-ventilation-systems","status":"publish","type":"page","link":"https:\/\/www.alarmautomatika.com\/en\/products\/smoke-and-heat-extraction-and-ventilation-systems\/","title":{"rendered":"Smoke and heat extraction and ventilation systems"},"content":{"rendered":"<p>[et_pb_section fb_built=&#8221;1&#8243; _builder_version=&#8221;4.6.2&#8243; _module_preset=&#8221;default&#8221; background_image=&#8221;https:\/\/www.alarmautomatika.com\/wp-content\/uploads\/2020\/09\/Odvodenje-dima-i-topline.jpg&#8221; background_size=&#8221;initial&#8221; background_position=&#8221;top_center&#8221; global_colors_info=&#8221;{}&#8221;][et_pb_row _builder_version=&#8221;4.6.0&#8243; _module_preset=&#8221;default&#8221; width=&#8221;95%&#8221; global_colors_info=&#8221;{}&#8221;][et_pb_column type=&#8221;4_4&#8243; _builder_version=&#8221;4.6.0&#8243; _module_preset=&#8221;default&#8221; global_colors_info=&#8221;{}&#8221;][et_pb_text _builder_version=&#8221;4.6.0&#8243; _dynamic_attributes=&#8221;content&#8221; _module_preset=&#8221;default&#8221; text_font=&#8221;|600|||||||&#8221; text_text_color=&#8221;#ffffff&#8221; text_font_size=&#8221;48px&#8221; text_line_height=&#8221;1.2em&#8221; custom_padding=&#8221;80px|50px||50px|false|true&#8221; text_font_size_tablet=&#8221;40px&#8221; text_font_size_phone=&#8221;32px&#8221; text_font_size_last_edited=&#8221;on|desktop&#8221; text_line_height_tablet=&#8221;&#8221; text_line_height_phone=&#8221;&#8221; text_line_height_last_edited=&#8221;on|phone&#8221; header_font_tablet=&#8221;&#8221; header_font_phone=&#8221;&#8221; header_font_last_edited=&#8221;on|phone&#8221; header_font_size_tablet=&#8221;&#8221; header_font_size_phone=&#8221;&#8221; header_font_size_last_edited=&#8221;on|phone&#8221; header_line_height_tablet=&#8221;&#8221; header_line_height_phone=&#8221;&#8221; header_line_height_last_edited=&#8221;on|desktop&#8221; global_colors_info=&#8221;{}&#8221;]@ET-DC@eyJkeW5hbWljIjp0cnVlLCJjb250ZW50IjoicG9zdF90aXRsZSIsInNldHRpbmdzIjp7ImJlZm9yZSI6IiIsImFmdGVyIjoiIn19@[\/et_pb_text][\/et_pb_column][\/et_pb_row][et_pb_row column_structure=&#8221;3_4,1_4&#8243; _builder_version=&#8221;4.6.0&#8243; _module_preset=&#8221;default&#8221; background_color=&#8221;#ffffff&#8221; width=&#8221;95%&#8221; custom_margin=&#8221;20px||||false|false&#8221; custom_margin_tablet=&#8221;10px||||false|false&#8221; custom_margin_phone=&#8221;10px||||false|false&#8221; custom_margin_last_edited=&#8221;on|desktop&#8221; custom_padding=&#8221;50px|50px|50px|50px|true|true&#8221; box_shadow_style=&#8221;preset2&#8243; global_colors_info=&#8221;{}&#8221;][et_pb_column type=&#8221;3_4&#8243; _builder_version=&#8221;4.6.0&#8243; _module_preset=&#8221;default&#8221; global_colors_info=&#8221;{}&#8221;][et_pb_text _builder_version=&#8221;4.9.11&#8243; _module_preset=&#8221;default&#8221; link_font=&#8221;|600|||||||&#8221; header_2_text_align=&#8221;left&#8221; header_2_font_size=&#8221;30px&#8221; header_2_line_height=&#8221;1.2em&#8221; hover_enabled=&#8221;0&#8243; header_font_size_tablet=&#8221;48px&#8221; header_font_size_phone=&#8221;&#8221; header_font_size_last_edited=&#8221;on|tablet&#8221; header_2_font_size_tablet=&#8221;&#8221; header_2_font_size_phone=&#8221;25px&#8221; header_2_font_size_last_edited=&#8221;on|phone&#8221; global_colors_info=&#8221;{}&#8221; sticky_enabled=&#8221;0&#8243;]<\/p>\n<blockquote>\n<h2>Geze modularne i kompaktne centrale za odvo\u0111enje dima i topline<\/h2>\n<\/blockquote>\n<p>Prilagodbu aplikaciji omogu\u0107ava \u0161irok raspon <a href=\"https:\/\/www.geze.com\/\" target=\"_blank\" rel=\"noopener noreferrer\">Geze<\/a> centrala za odvo\u0111enje dima i topline. Za ve\u0107e aplikacije se koriste modularna rje\u0161enja, a za manje kompaktna. Centrale su uskla\u0111ene sa EN 12101 normom.<\/p>\n<blockquote>\n<h2>Geze elektromotori<\/h2>\n<\/blockquote>\n<p>Mogu\u0107e je odabir izme\u0111u razli\u010ditih tipova elektromotora \u2013 vretenasti, lan\u010dani, ugradbeni, sa zaklju\u010davanjem, za vrata.<\/p>\n<blockquote>\n<h2>Geze rje\u0161enje umre\u017eavanja i upravljanja po\u017earnim sektorima<\/h2>\n<\/blockquote>\n<p>Upravlja\u010dka jedinica sa vizualizacijom i mogu\u0107no\u0161\u0107u upravljanja i nadzora opreme je uskla\u0111ena sa BACnet standardom ISO16484-5. To omogu\u0107uje nadzor, upravljanje i vizualizaciju raznih elemenata sustava (motora za provjetravanje, automatskih vrata, evakuacijskih terminala, sustava odimljavanja).<\/p>\n<blockquote>\n<h2>Hautau modularne i kompaktne centrale za odvo\u0111enje dima i topline<\/h2>\n<\/blockquote>\n<p>Ovisno o tipu aplikacije, mogu\u0107 je odabir modularnog ili kompaktnog rje\u0161enja <a href=\"https:\/\/www.hautau.de\/\" target=\"_blank\" rel=\"noopener noreferrer\">Hautau<\/a> sustava za odvo\u0111enje dima i topline. Centrale su uskla\u0111ene sa EN 12101 normom.<\/p>\n<blockquote>\n<h2>Hautau elektromotori i dodatna opreme<\/h2>\n<\/blockquote>\n<p>Mogu\u0107e je odabir izme\u0111u razli\u010ditih tipova elektromotora \u2013 vretenasti, lan\u010dani, ugradbeni, sa zaklju\u010davanjem, za vrata.<\/p>\n<blockquote>\n<h2>ABsistemDCi softver za integraciju<\/h2>\n<\/blockquote>\n<p>Sustavi za odvo\u0111enje dima i topline se mogu povezati sa <a href=\"https:\/\/www.alarmautomatika.com\/en\/softwares\/supervision-and-management-of-technical-security-systems\/\">ABsistemDCi<\/a> softverom za integraciju koji omogu\u0107uje da se sa safety, security i BMS sustavima na objektu upravlja putem jedinstvenog su\u010delja.<\/p>\n<p>[\/et_pb_text][\/et_pb_column][et_pb_column type=&#8221;1_4&#8243; _builder_version=&#8221;4.6.0&#8243; _module_preset=&#8221;default&#8221; custom_padding_tablet=&#8221;&#8221; custom_padding_phone=&#8221;&#8221; custom_padding_last_edited=&#8221;on|phone&#8221; global_colors_info=&#8221;{}&#8221;][et_pb_image src=&#8221;https:\/\/www.alarmautomatika.com\/wp-content\/uploads\/2020\/10\/idea-project-logo-home-banner.png&#8221; alt=&#8221;iDEA Project&#8221; title_text=&#8221;iDEA Project&#8221; align=&#8221;center&#8221; _builder_version=&#8221;4.7.4&#8243; _module_preset=&#8221;default&#8221; global_colors_info=&#8221;{}&#8221;][\/et_pb_image][et_pb_accordion module_class=&#8221;idea-value-propositions&#8221; _builder_version=&#8221;4.9.4&#8243; _module_preset=&#8221;default&#8221; global_module=&#8221;8294&#8243; global_colors_info=&#8221;{}&#8221;][et_pb_accordion_item title=&#8221;Blank&#8221; open=&#8221;on&#8221; _builder_version=&#8221;4.9.4&#8243; _module_preset=&#8221;default&#8221; custom_css_main_element=&#8221;display:none;&#8221; global_colors_info=&#8221;{}&#8221;][\/et_pb_accordion_item][et_pb_accordion_item title=&#8221;Clients&#8221; _builder_version=&#8221;4.9.0&#8243; _module_preset=&#8221;default&#8221; global_colors_info=&#8221;{}&#8221; open=&#8221;off&#8221;]<\/p>\n<p><a href=\"https:\/\/www.alarmautomatika.com\/en\/clients\/architects\/\">Arhitekti<\/a><\/p>\n<p><a href=\"https:\/\/www.alarmautomatika.com\/en\/clients\/electrical-designers\/\">Elektro projektanti<\/a><\/p>\n<p><a href=\"https:\/\/www.alarmautomatika.com\/en\/clients\/builders\/\">Gra\u0111evinari<\/a><\/p>\n<p><a href=\"https:\/\/www.alarmautomatika.com\/en\/clients\/electrical-installers\/\">Elektro instalateri<\/a><\/p>\n<p><a href=\"https:\/\/www.alarmautomatika.com\/en\/clients\/system-integrators\/\">Sistem integratori<\/a><\/p>\n<p>[\/et_pb_accordion_item][et_pb_accordion_item title=&#8221;Products&#8221; _builder_version=&#8221;4.9.4&#8243; _module_preset=&#8221;default&#8221; global_colors_info=&#8221;{}&#8221; open=&#8221;off&#8221;]<\/p>\n<p><a href=\"https:\/\/www.alarmautomatika.com\/en\/products\/inim-previdia\/\">Dojava po\u017eara<\/a><\/p>\n<p><a href=\"https:\/\/www.alarmautomatika.com\/en\/products\/gas-alarm\/\">Dojava plina<\/a><\/p>\n<p><a href=\"https:\/\/www.alarmautomatika.com\/en\/products\/fire-extinguishing-systems\/\">Sustavi ga\u0161enja po\u017eara<\/a><\/p>\n<p><a href=\"https:\/\/www.alarmautomatika.com\/en\/products\/evacuation-and-public-address-systems\/\">Evakuacijski (EVAC) i javni (PA) razglas<\/a><\/p>\n<p><a href=\"https:\/\/www.alarmautomatika.com\/en\/products\/smoke-and-heat-extraction-and-ventilation-systems\/\">Odvo\u0111enje dima i topline i upravljanje po\u017earnim sektorima<\/a><\/p>\n<p><a href=\"https:\/\/www.alarmautomatika.com\/en\/products\/emergency-lighting\/\">Panik rasvjeta<\/a><\/p>\n<p><a href=\"https:\/\/www.alarmautomatika.com\/en\/products\/technical-security\/\">Tehni\u010dka za\u0161tita<\/a><\/p>\n<p>[\/et_pb_accordion_item][et_pb_accordion_item title=&#8221;Softwares&#8221; _builder_version=&#8221;4.9.0&#8243; _module_preset=&#8221;default&#8221; global_colors_info=&#8221;{}&#8221; open=&#8221;off&#8221;]<\/p>\n<p><a href=\"https:\/\/www.alarmautomatika.com\/en\/softwares\/supervision-and-management-of-technical-security-systems\/\">Nadzor i upravljanje sustavima za\u0161tite<\/a><\/p>\n<p>[\/et_pb_accordion_item][et_pb_accordion_item title=&#8221;Services&#8221; _builder_version=&#8221;4.9.0&#8243; _module_preset=&#8221;default&#8221; global_colors_info=&#8221;{}&#8221; open=&#8221;off&#8221;]<\/p>\n<p><a href=\"https:\/\/www.alarmautomatika.com\/en\/services\/high-professionalism-in-all-project-phases\/#projektiranje-i-projektna-podrska\" data-et-has-event-already=\"true\">Projektiranje i projektna podr\u0161ka<\/a><\/p>\n<p><a href=\"https:\/\/www.alarmautomatika.com\/en\/services\/high-professionalism-in-all-project-phases\/#vodjenje-projekata\" data-et-has-event-already=\"true\">Vo\u0111enje projekata<\/a><\/p>\n<p><a href=\"https:\/\/www.alarmautomatika.com\/en\/services\/high-professionalism-in-all-project-phases\/#programiranje-i-integracija-sustava\" data-et-has-event-already=\"true\">Programiranje i integracija sustava<\/a><\/p>\n<p><a href=\"https:\/\/www.alarmautomatika.com\/en\/services\/high-professionalism-in-all-project-phases\/#pustanje-sustava-u-rad\">Pu\u0161tanje sustava u rad<\/a><\/p>\n<p><a href=\"https:\/\/www.alarmautomatika.com\/en\/services\/high-professionalism-in-all-project-phases\/#certificiranje\" data-et-has-event-already=\"true\">Certificiranje<\/a><\/p>\n<p><a href=\"https:\/\/www.alarmautomatika.com\/en\/services\/high-professionalism-in-all-project-phases\/#idea-project-katalog-i-b2b-platforma\" data-et-has-event-already=\"true\">Projektni katalog i B2B platforma<\/a><\/p>\n<p>[\/et_pb_accordion_item][et_pb_accordion_item title=&#8221;Platform&#8221; _builder_version=&#8221;4.9.0&#8243; _module_preset=&#8221;default&#8221; global_colors_info=&#8221;{}&#8221; open=&#8221;off&#8221;]<\/p>\n<p><a href=\"https:\/\/www.alarmautomatika.com\/en\/platform\/#b2b-projektna-dokumentacija\" data-et-has-event-already=\"true\">B2B platforma s cjelokupnom dokumentacijom<\/a><\/p>\n<p>[\/et_pb_accordion_item][\/et_pb_accordion][\/et_pb_column][\/et_pb_row][\/et_pb_section]<\/p>\n","protected":false},"excerpt":{"rendered":"<p>Geze modularne i kompaktne centrale za odvo\u0111enje dima i topline Prilagodbu aplikaciji omogu\u0107ava \u0161irok raspon Geze centrala za odvo\u0111enje dima i topline. Za ve\u0107e aplikacije se koriste modularna rje\u0161enja, a za manje kompaktna. Centrale su uskla\u0111ene sa EN 12101 normom. Geze elektromotori Mogu\u0107e je odabir izme\u0111u razli\u010ditih tipova elektromotora \u2013 vretenasti, lan\u010dani, ugradbeni, sa zaklju\u010davanjem, [&hellip;]<\/p>\n","protected":false},"author":15,"featured_media":0,"parent":2896,"menu_order":0,"comment_status":"closed","ping_status":"closed","template":"","meta":{"_et_pb_use_builder":"on","_et_pb_old_content":"","_et_gb_content_width":"","footnotes":""},"class_list":["post-2947","page","type-page","status-publish","hentry"],"_links":{"self":[{"href":"https:\/\/www.alarmautomatika.com\/en\/wp-json\/wp\/v2\/pages\/2947","targetHints":{"allow":["GET"]}}],"collection":[{"href":"https:\/\/www.alarmautomatika.com\/en\/wp-json\/wp\/v2\/pages"}],"about":[{"href":"https:\/\/www.alarmautomatika.com\/en\/wp-json\/wp\/v2\/types\/page"}],"author":[{"embeddable":true,"href":"https:\/\/www.alarmautomatika.com\/en\/wp-json\/wp\/v2\/users\/15"}],"replies":[{"embeddable":true,"href":"https:\/\/www.alarmautomatika.com\/en\/wp-json\/wp\/v2\/comments?post=2947"}],"version-history":[{"count":2,"href":"https:\/\/www.alarmautomatika.com\/en\/wp-json\/wp\/v2\/pages\/2947\/revisions"}],"predecessor-version":[{"id":58924,"href":"https:\/\/www.alarmautomatika.com\/en\/wp-json\/wp\/v2\/pages\/2947\/revisions\/58924"}],"up":[{"embeddable":true,"href":"https:\/\/www.alarmautomatika.com\/en\/wp-json\/wp\/v2\/pages\/2896"}],"wp:attachment":[{"href":"https:\/\/www.alarmautomatika.com\/en\/wp-json\/wp\/v2\/media?parent=2947"}],"curies":[{"name":"wp","href":"https:\/\/api.w.org\/{rel}","templated":true}]}}