{"id":2977,"date":"2020-08-20T14:31:31","date_gmt":"2020-08-20T12:31:31","guid":{"rendered":"https:\/\/www.alarmautomatika.com\/products\/anti-intrusion-and-anti-burglary-systems\/"},"modified":"2023-11-02T11:30:32","modified_gmt":"2023-11-02T10:30:32","slug":"anti-intrusion-and-anti-burglary-systems","status":"publish","type":"page","link":"https:\/\/www.alarmautomatika.com\/en\/products\/anti-intrusion-and-anti-burglary-systems\/","title":{"rendered":"Anti-intrusion and Anti-burglary systems"},"content":{"rendered":"<p>[et_pb_section fb_built=&#8221;1&#8243; _builder_version=&#8221;4.15&#8243; _module_preset=&#8221;default&#8221; background_image=&#8221;https:\/\/www.alarmautomatika.com\/wp-content\/uploads\/2020\/09\/Protuprovala-i-protuprepad.jpg&#8221; background_size=&#8221;initial&#8221; background_position=&#8221;top_center&#8221; global_colors_info=&#8221;{}&#8221;][et_pb_row _builder_version=&#8221;4.15&#8243; _module_preset=&#8221;default&#8221; width=&#8221;95%&#8221; global_colors_info=&#8221;{}&#8221;][et_pb_column type=&#8221;4_4&#8243; _builder_version=&#8221;4.15&#8243; _module_preset=&#8221;default&#8221; global_colors_info=&#8221;{}&#8221;][et_pb_text _builder_version=&#8221;4.15&#8243; _dynamic_attributes=&#8221;content&#8221; _module_preset=&#8221;default&#8221; text_font=&#8221;|600|||||||&#8221; text_text_color=&#8221;#ffffff&#8221; text_font_size=&#8221;48px&#8221; text_line_height=&#8221;1.2em&#8221; custom_padding=&#8221;80px|50px||50px|false|true&#8221; text_font_size_tablet=&#8221;40px&#8221; text_font_size_phone=&#8221;32px&#8221; text_font_size_last_edited=&#8221;on|desktop&#8221; text_line_height_tablet=&#8221;&#8221; text_line_height_phone=&#8221;&#8221; text_line_height_last_edited=&#8221;on|phone&#8221; header_font_tablet=&#8221;&#8221; header_font_phone=&#8221;&#8221; header_font_last_edited=&#8221;on|phone&#8221; header_font_size_tablet=&#8221;&#8221; header_font_size_phone=&#8221;&#8221; header_font_size_last_edited=&#8221;on|phone&#8221; header_line_height_tablet=&#8221;&#8221; header_line_height_phone=&#8221;&#8221; header_line_height_last_edited=&#8221;on|desktop&#8221; global_colors_info=&#8221;{}&#8221;]@ET-DC@eyJkeW5hbWljIjp0cnVlLCJjb250ZW50IjoicG9zdF90aXRsZSIsInNldHRpbmdzIjp7ImJlZm9yZSI6IiIsImFmdGVyIjoiIn19@[\/et_pb_text][\/et_pb_column][\/et_pb_row][et_pb_row column_structure=&#8221;3_4,1_4&#8243; _builder_version=&#8221;4.15&#8243; _module_preset=&#8221;default&#8221; background_color=&#8221;#ffffff&#8221; width=&#8221;95%&#8221; custom_margin=&#8221;20px||||false|false&#8221; custom_margin_tablet=&#8221;10px||||false|false&#8221; custom_margin_phone=&#8221;10px||||false|false&#8221; custom_margin_last_edited=&#8221;on|desktop&#8221; custom_padding=&#8221;50px|50px|50px|50px|true|true&#8221; box_shadow_style=&#8221;preset2&#8243; global_colors_info=&#8221;{}&#8221;][et_pb_column type=&#8221;3_4&#8243; _builder_version=&#8221;4.15&#8243; _module_preset=&#8221;default&#8221; global_colors_info=&#8221;{}&#8221;][et_pb_text _builder_version=&#8221;4.15&#8243; _module_preset=&#8221;default&#8221; link_font=&#8221;|600|||||||&#8221; header_2_text_align=&#8221;left&#8221; header_2_font_size=&#8221;30px&#8221; header_2_line_height=&#8221;1.2em&#8221; header_font_size_tablet=&#8221;48px&#8221; header_font_size_phone=&#8221;&#8221; header_font_size_last_edited=&#8221;on|tablet&#8221; header_2_font_size_tablet=&#8221;&#8221; header_2_font_size_phone=&#8221;25px&#8221; header_2_font_size_last_edited=&#8221;on|phone&#8221; global_colors_info=&#8221;{}&#8221;]<\/p>\n<blockquote>\n<h2>Ajax wireless systems \u2013 \u201cWhen security is Art\u201d<\/h2>\n<\/blockquote>\n<p><a href=\"https:\/\/www.alarmautomatika.com\/en\/ajax\/\">Ajax intelligent wireless system<\/a> provides a new experience for both users and installers of security equipment, while combine superior design with advanced high-tech solutions. Ajax wireless systems are easy to install but reliable as wired ones. Alarm automatika is the exclusive representative of the <a href=\"https:\/\/www.alarmautomatika.com\/en\/ajax\/\">Ajax brand<\/a> in Croatia, Slovenia, Bosnia and Herzegovina, Hungary, Bulgaria, Macedonia, Serbia, Albania and Montenegro.<\/p>\n<p>[\/et_pb_text][et_pb_button button_url=&#8221;https:\/\/www.alarmautomatika.com\/en\/ajax\/&#8221; button_text=&#8221;Ajax intelligent wireless system&#8221; button_alignment=&#8221;center&#8221; _builder_version=&#8221;4.15.0&#8243; _module_preset=&#8221;default&#8221; hover_enabled=&#8221;0&#8243; global_colors_info=&#8221;{}&#8221; sticky_enabled=&#8221;0&#8243;][\/et_pb_button][et_pb_text _builder_version=&#8221;4.15.0&#8243; _module_preset=&#8221;default&#8221; hover_enabled=&#8221;0&#8243; global_colors_info=&#8221;{}&#8221; sticky_enabled=&#8221;0&#8243;]<\/p>\n<blockquote>\n<h2>Ajax mobilna aplikacija<\/h2>\n<\/blockquote>\n<p>Donosi veliku novost u svijet alarmnih ure\u0111aja. <a href=\"https:\/\/ajax.systems\/software\/\" target=\"_blank\" rel=\"noopener noreferrer\">Korisnik upravlja Ajax sigurnosnim sustavom jednim klikom<\/a>,\u00a0 a pohrana doga\u0111aja omogu\u0107ava nadzor alarma i aktivnosti za do 50 korisnika. Za instalatere je krajnje jednostavna i omogu\u0107uje instalaciju sustava u 30 minuta.<\/p>\n<blockquote>\n<h2>DSC PowerSeries Neo hibridne alarmne centrale<\/h2>\n<\/blockquote>\n<p>Za aplikacije razli\u010ditih zona dostupne su alarmne centrale hibridne tehnologije za 16, 32, 64 ili 128 zona. Sve su dvosmjerne. Dostupne su i verzije sa implementiranom <strong><a href=\"https:\/\/www.alarmautomatika.com\/en\/dsc-powermanage-powerseries-neo\/\" target=\"_blank\" rel=\"noopener noreferrer\">PowerG tehnologijom<\/a><\/strong> za ve\u0107u pouzdanost be\u017ei\u010dnog prijenosa signala alarma.<\/p>\n<blockquote>\n<h2>DSC PowerSeries Neo detektori<\/h2>\n<\/blockquote>\n<p>Na raspolaganju je \u0161irok raspon detektora za unutarnju i vanjsku detekciju stanja u to\u010dki, i detekciju stanja okoline. Dostupne su izvedbe detektora koje nisu osjetljive na ku\u0107ne ljubimce, koje omogu\u0107uju video verifikaciju, a mogu\u0107a je stropna monta\u017ea te antimasking funkcija.<\/p>\n<blockquote>\n<h2>Upravljanje DSC PowerSeries Neo sustavima<\/h2>\n<\/blockquote>\n<p><strong><a href=\"https:\/\/www.alarmautomatika.com\/en\/dsc-powermanage-powerseries-neo\/\" target=\"_blank\" rel=\"noopener noreferrer\">DSC Neo<\/a><\/strong> protuprovalnim sustavima mo\u017ee se upravljati putem \u017ei\u010danih i be\u017ei\u010dnih LCD ili touch screen tipkovnica.\u00a0 <a href=\"https:\/\/www.alarmautomatika.com\/en\/dsc-powermanage-powerseries-neo\/\"><strong>DSC Neo\u00a0<\/strong><\/a> mo\u017ee funkcionirati i kao protuprepadni sustav upotrebom panik tipkala.<\/p>\n<blockquote>\n<h2>Univerzalni protuprovalni periferni ure\u0111aji<\/h2>\n<\/blockquote>\n<p>Dostupan je \u0161irok izbor protuprovalnih perifernih ure\u0111aja raznih proizvo\u0111a\u010da kao \u0161to su <a href=\"https:\/\/www.alarmautomatika.com\/en\/dsc-powermanage-powerseries-neo\/\"><strong>DSC<\/strong><\/a>, S-Link, Inim, Menvier, AMC, Politec, Belt, Bentel i Enigma.<\/p>\n<p>[\/et_pb_text][\/et_pb_column][et_pb_column type=&#8221;1_4&#8243; _builder_version=&#8221;4.15&#8243; _module_preset=&#8221;default&#8221; custom_padding_tablet=&#8221;&#8221; custom_padding_phone=&#8221;&#8221; custom_padding_last_edited=&#8221;on|phone&#8221; global_colors_info=&#8221;{}&#8221;][et_pb_image src=&#8221;https:\/\/www.alarmautomatika.com\/wp-content\/uploads\/2020\/10\/idea-classic-logo-home-banner.png&#8221; alt=&#8221;iDEA Classic&#8221; title_text=&#8221;iDEA Classic&#8221; align=&#8221;center&#8221; _builder_version=&#8221;4.15&#8243; _module_preset=&#8221;default&#8221; global_colors_info=&#8221;{}&#8221;][\/et_pb_image][et_pb_accordion module_class=&#8221;idea-value-propositions&#8221; _builder_version=&#8221;4.9.0&#8243; _module_preset=&#8221;default&#8221; global_module=&#8221;8295&#8243; global_colors_info=&#8221;{}&#8221;][et_pb_accordion_item title=&#8221;Blank&#8221; open=&#8221;on&#8221; _builder_version=&#8221;4.15&#8243; _module_preset=&#8221;default&#8221; custom_css_main_element=&#8221;display:none;&#8221; global_colors_info=&#8221;{}&#8221;][\/et_pb_accordion_item][et_pb_accordion_item title=&#8221;Clients&#8221; _builder_version=&#8221;4.15&#8243; _module_preset=&#8221;default&#8221; global_colors_info=&#8221;{}&#8221; open=&#8221;off&#8221;]<\/p>\n<p><a href=\"https:\/\/www.alarmautomatika.com\/en\/clients\/licensed-installers-of-security-systems\/\">Instalateri tehni\u010dke za\u0161tite<\/a><\/p>\n<p><a href=\"https:\/\/www.alarmautomatika.com\/en\/clients\/central-monitoring-stations\/\">Dojavni centri<\/a><\/p>\n<p><a href=\"https:\/\/www.alarmautomatika.com\/en\/clients\/electricians\/\">Elektri\u010dari<\/a><\/p>\n<p><a href=\"https:\/\/www.alarmautomatika.com\/en\/clients\/electrical-appliances-and-computers-stores-web-shops\/\">Trgovine elektromaterijalom i IT opremom, internet trgovine<\/a><\/p>\n<p>[\/et_pb_accordion_item][et_pb_accordion_item title=&#8221;Products&#8221; _builder_version=&#8221;4.15&#8243; _module_preset=&#8221;default&#8221; global_colors_info=&#8221;{}&#8221; open=&#8221;off&#8221;]<\/p>\n<p><a href=\"https:\/\/www.alarmautomatika.com\/en\/products\/video-surveillance\/\">Videonadzor<\/a><\/p>\n<p><a href=\"https:\/\/www.alarmautomatika.com\/en\/products\/anti-intrusion-and-anti-burglary-systems\/\">Protuprovala i protuprepad<\/a><\/p>\n<p><a href=\"https:\/\/www.alarmautomatika.com\/en\/products\/video-interphones\/\">Videointerfoni<\/a><\/p>\n<p><a href=\"https:\/\/www.alarmautomatika.com\/en\/products\/access-and-time-attendance-control\/\">Kontrola pristupa i evidencija radnog vremena<\/a><\/p>\n<p><a href=\"https:\/\/www.alarmautomatika.com\/en\/products\/audio-solutions\/\">Audio rje\u0161enja<\/a><\/p>\n<p><a href=\"https:\/\/www.alarmautomatika.com\/proizvodi\/automatske-rampe-i-vrata\/\">Automatske rampe i vrata<\/a><\/p>\n<p><a href=\"https:\/\/www.alarmautomatika.com\/en\/products\/central-monitoring-stations-equipment\/\">Oprema za dojavne centre<\/a><\/p>\n<p><a href=\"https:\/\/www.alarmautomatika.com\/en\/products\/fire-and-gas-alarm-systems\/\">Dojava po\u017eara i plina<\/a><\/p>\n<p>[\/et_pb_accordion_item][et_pb_accordion_item title=&#8221;Softwares&#8221; _builder_version=&#8221;4.15&#8243; _module_preset=&#8221;default&#8221; global_colors_info=&#8221;{}&#8221; open=&#8221;off&#8221;]<\/p>\n<p><a href=\"https:\/\/www.alarmautomatika.com\/en\/softwares\/reception-and-processing\/\">Prijem i obrada signala alarma<\/a><\/p>\n<p>[\/et_pb_accordion_item][et_pb_accordion_item title=&#8221;Services&#8221; _builder_version=&#8221;4.15&#8243; _module_preset=&#8221;default&#8221; global_colors_info=&#8221;{}&#8221; open=&#8221;off&#8221;]<\/p>\n<p><a href=\"https:\/\/www.alarmautomatika.com\/en\/services\/the-one-stop-source-concept\/#prodajna-i-tehnicka-podrska\" data-et-has-event-already=\"true\">Prodajna i tehni\u010dka podr\u0161ka<\/a><\/p>\n<p><a href=\"https:\/\/www.alarmautomatika.com\/en\/services\/the-one-stop-source-concept\/#oprema-na-skladistu\" data-et-has-event-already=\"true\">Oprema na skladi\u0161tu<\/a><\/p>\n<p><a href=\"https:\/\/www.alarmautomatika.com\/en\/services\/the-one-stop-source-concept\/#edukacija-instalatera\" data-et-has-event-already=\"true\">Edukacija instalatera<\/a><\/p>\n<p><a href=\"https:\/\/www.alarmautomatika.com\/en\/services\/the-one-stop-source-concept\/#b2b-online-platforma\" data-et-has-event-already=\"true\">B2B online platforma<\/a><\/p>\n<p><a href=\"https:\/\/www.alarmautomatika.com\/en\/services\/the-one-stop-source-concept\/#servis\" data-et-has-event-already=\"true\">Servis<\/a><\/p>\n<p><a href=\"https:\/\/www.alarmautomatika.com\/en\/services\/the-one-stop-source-concept\/#idea-classic-katalog\" data-et-has-event-already=\"true\">iDEA Classic katalog<\/a><\/p>\n<p>[\/et_pb_accordion_item][et_pb_accordion_item title=&#8221;Platform&#8221; _builder_version=&#8221;4.15&#8243; _module_preset=&#8221;default&#8221; global_colors_info=&#8221;{}&#8221; open=&#8221;off&#8221;]<\/p>\n<p><a href=\"https:\/\/www.alarmautomatika.com\/en\/platform\/#b2b-platforma\" data-et-has-event-already=\"true\">Jedinstvena B2B platforma koja \u0161tedi vrijeme<\/a><\/p>\n<p>[\/et_pb_accordion_item][\/et_pb_accordion][\/et_pb_column][\/et_pb_row][\/et_pb_section]<\/p>\n","protected":false},"excerpt":{"rendered":"<p>Ajax wireless systems \u2013 \u201cWhen security is Art\u201d Ajax intelligent wireless system provides a new experience for both users and installers of security equipment, while combine superior design with advanced high-tech solutions. Ajax wireless systems are easy to install but reliable as wired ones. Alarm automatika is the exclusive representative of the Ajax brand in [&hellip;]<\/p>\n","protected":false},"author":15,"featured_media":0,"parent":2896,"menu_order":0,"comment_status":"closed","ping_status":"closed","template":"","meta":{"_et_pb_use_builder":"on","_et_pb_old_content":"","_et_gb_content_width":"","footnotes":""},"class_list":["post-2977","page","type-page","status-publish","hentry"],"_links":{"self":[{"href":"https:\/\/www.alarmautomatika.com\/en\/wp-json\/wp\/v2\/pages\/2977","targetHints":{"allow":["GET"]}}],"collection":[{"href":"https:\/\/www.alarmautomatika.com\/en\/wp-json\/wp\/v2\/pages"}],"about":[{"href":"https:\/\/www.alarmautomatika.com\/en\/wp-json\/wp\/v2\/types\/page"}],"author":[{"embeddable":true,"href":"https:\/\/www.alarmautomatika.com\/en\/wp-json\/wp\/v2\/users\/15"}],"replies":[{"embeddable":true,"href":"https:\/\/www.alarmautomatika.com\/en\/wp-json\/wp\/v2\/comments?post=2977"}],"version-history":[{"count":1,"href":"https:\/\/www.alarmautomatika.com\/en\/wp-json\/wp\/v2\/pages\/2977\/revisions"}],"predecessor-version":[{"id":48717,"href":"https:\/\/www.alarmautomatika.com\/en\/wp-json\/wp\/v2\/pages\/2977\/revisions\/48717"}],"up":[{"embeddable":true,"href":"https:\/\/www.alarmautomatika.com\/en\/wp-json\/wp\/v2\/pages\/2896"}],"wp:attachment":[{"href":"https:\/\/www.alarmautomatika.com\/en\/wp-json\/wp\/v2\/media?parent=2977"}],"curies":[{"name":"wp","href":"https:\/\/api.w.org\/{rel}","templated":true}]}}