{"id":3037,"date":"2020-08-20T13:03:11","date_gmt":"2020-08-20T11:03:11","guid":{"rendered":"https:\/\/www.alarmautomatika.com\/about-us\/"},"modified":"2024-12-11T11:37:56","modified_gmt":"2024-12-11T10:37:56","slug":"about-us","status":"publish","type":"page","link":"https:\/\/www.alarmautomatika.com\/en\/about-us\/","title":{"rendered":"About us"},"content":{"rendered":"<p>[et_pb_section fb_built=&#8221;1&#8243; _builder_version=&#8221;4.16&#8243; _module_preset=&#8221;default&#8221; background_image=&#8221;https:\/\/www.alarmautomatika.com\/wp-content\/uploads\/2020\/09\/o-nama.jpg&#8221; background_size=&#8221;initial&#8221; background_position=&#8221;top_center&#8221; global_colors_info=&#8221;{}&#8221;][et_pb_row _builder_version=&#8221;4.16&#8243; _module_preset=&#8221;default&#8221; width=&#8221;95%&#8221; global_colors_info=&#8221;{}&#8221;][et_pb_column type=&#8221;4_4&#8243; _builder_version=&#8221;4.16&#8243; _module_preset=&#8221;default&#8221; global_colors_info=&#8221;{}&#8221;][et_pb_text _builder_version=&#8221;4.16&#8243; _dynamic_attributes=&#8221;content&#8221; _module_preset=&#8221;default&#8221; text_font=&#8221;|600|||||||&#8221; text_text_color=&#8221;#ffffff&#8221; text_font_size=&#8221;48px&#8221; text_line_height=&#8221;1.2em&#8221; custom_padding=&#8221;80px|50px||50px|false|true&#8221; text_font_size_tablet=&#8221;40px&#8221; text_font_size_phone=&#8221;32px&#8221; text_font_size_last_edited=&#8221;on|desktop&#8221; text_line_height_tablet=&#8221;&#8221; text_line_height_phone=&#8221;&#8221; text_line_height_last_edited=&#8221;on|phone&#8221; header_font_tablet=&#8221;&#8221; header_font_phone=&#8221;&#8221; header_font_last_edited=&#8221;on|phone&#8221; header_font_size_tablet=&#8221;&#8221; header_font_size_phone=&#8221;&#8221; header_font_size_last_edited=&#8221;on|phone&#8221; header_line_height_tablet=&#8221;&#8221; header_line_height_phone=&#8221;&#8221; header_line_height_last_edited=&#8221;on|desktop&#8221; global_colors_info=&#8221;{}&#8221;]@ET-DC@eyJkeW5hbWljIjp0cnVlLCJjb250ZW50IjoicG9zdF90aXRsZSIsInNldHRpbmdzIjp7ImJlZm9yZSI6IiIsImFmdGVyIjoiIn19@[\/et_pb_text][\/et_pb_column][\/et_pb_row][et_pb_row column_structure=&#8221;3_4,1_4&#8243; _builder_version=&#8221;4.16&#8243; _module_preset=&#8221;default&#8221; background_color=&#8221;#ffffff&#8221; width=&#8221;95%&#8221; custom_margin=&#8221;20px||||false|false&#8221; custom_margin_tablet=&#8221;10px||||false|false&#8221; custom_margin_phone=&#8221;10px||||false|false&#8221; custom_margin_last_edited=&#8221;on|desktop&#8221; custom_padding=&#8221;50px|50px|50px|50px|true|true&#8221; box_shadow_style=&#8221;preset2&#8243; global_colors_info=&#8221;{}&#8221;][et_pb_column type=&#8221;3_4&#8243; _builder_version=&#8221;4.16&#8243; _module_preset=&#8221;default&#8221; global_colors_info=&#8221;{}&#8221;][et_pb_text _builder_version=&#8221;4.16&#8243; _module_preset=&#8221;default&#8221; header_2_text_color=&#8221;#ffffff&#8221; header_2_font_size=&#8221;30px&#8221; background_color=&#8221;#00B16A&#8221; custom_padding=&#8221;15px|15px|7px|15px|false|true&#8221; hover_enabled=&#8221;0&#8243; global_colors_info=&#8221;{}&#8221; sticky_enabled=&#8221;0&#8243;]<\/p>\n<h2>Regional leader in the technical security industry<\/h2>\n<p>[\/et_pb_text][et_pb_map zoom_level=&#8221;6&#8243; address_lat=&#8221;46.078845423823&#8243; address_lng=&#8221;19.069109416496&#8243; mouse_wheel=&#8221;off&#8221; use_grayscale_filter=&#8221;on&#8221; _builder_version=&#8221;4.27.4&#8243; _module_preset=&#8221;default&#8221; height=&#8221;700px&#8221; hover_enabled=&#8221;0&#8243; global_module=&#8221;27781&#8243; global_colors_info=&#8221;{}&#8221; sticky_enabled=&#8221;0&#8243;][et_pb_map_pin title=&#8221;Belgrade&#8221; pin_address=&#8221;Zarija Vujo\u0161evi\u0107a 8, Beograd 11070, Serbia&#8221; pin_address_lat=&#8221;44.8109814&#8243; pin_address_lng=&#8221;20.4408027&#8243; _builder_version=&#8221;4.27.4&#8243; _module_preset=&#8221;default&#8221; global_colors_info=&#8221;{}&#8221;]<\/p>\n<p>Zarija Vujosevica 8<br \/>11 070 Belgrade (New Belgrade)<br \/><strong>T:<\/strong> +381 (0)11 398 1482<br \/><strong>E:<\/strong> <a href=\"mailto:beograd@alarmautomatika.com\">beograd@alarmautomatika.com<\/a><\/p>\n<p>[\/et_pb_map_pin][et_pb_map_pin title=&#8221;Bratislava&#8221; pin_address=&#8221;Studen\u00e1 ulica 929\/5, 821 04 Bratislava, Slovakia&#8221; zoom_level=&#8221;17&#8243; pin_address_lat=&#8221;48.1807626&#8243; pin_address_lng=&#8221;17.178754&#8243; _builder_version=&#8221;4.21.0&#8243; _module_preset=&#8221;default&#8221; global_colors_info=&#8221;{}&#8221;]<\/p>\n<p>Studen\u00e1 5<br \/>821 04 Bratislava<br \/><strong>E:<\/strong> <a href=\"mailto:bratislava@alarmautomatika.com\">bratislava@alarmautomatika.com<\/a><\/p>\n<p>[\/et_pb_map_pin][et_pb_map_pin title=&#8221;Budapest&#8221; pin_address=&#8221;Budapest, Fiv\u00e9r u. 8\/B, 1131 Hungary&#8221; pin_address_lat=&#8221;47.5421188&#8243; pin_address_lng=&#8221;19.0854868&#8243; _builder_version=&#8221;4.7.5&#8243; _module_preset=&#8221;default&#8221; global_colors_info=&#8221;{}&#8221;]<\/p>\n<p>Fiv\u00e9r utca 8\/B<br \/>1131 Budapest<br \/><strong>T:<\/strong> +36 (0)1 615 0087<br \/><strong>E:<\/strong> <a href=\"mailto:budapest@alarmautomatika.com\">budapest@alarmautomatika.com<\/a><\/p>\n<p>[\/et_pb_map_pin][et_pb_map_pin title=&#8221;Bucharest&#8221; pin_address=&#8221;Strada Zece Mese nr. 9, Bucure\u0219ti 024061, Romania&#8221; pin_address_lat=&#8221;44.4410054&#8243; pin_address_lng=&#8221;26.1186778&#8243; _builder_version=&#8221;4.7.5&#8243; _module_preset=&#8221;default&#8221; global_colors_info=&#8221;{}&#8221;]<\/p>\n<p>Strada Zece Mese nr. 9, sector 2<br \/>024061 Bucharest<br \/><strong>T:<\/strong> +40 (0)31 426 0355<br \/><strong>E:<\/strong> <a href=\"mailto:bucharest@alarmautomatika.com\">bucharest@alarmautomatika.com<\/a><\/p>\n<p>[\/et_pb_map_pin][et_pb_map_pin title=&#8221;Ljubljana&#8221; pin_address=&#8221;Letali\u0161ka cesta 32, 1000 Ljubljana, Slovenia&#8221; pin_address_lat=&#8221;46.0605934&#8243; pin_address_lng=&#8221;14.571208&#8243; _builder_version=&#8221;4.7.5&#8243; _module_preset=&#8221;default&#8221; global_colors_info=&#8221;{}&#8221;]<\/p>\n<p>Letaliska cesta 32<br \/>1000 Ljubljana<br \/><strong>T:<\/strong> +386 (0)8 205 3710<br \/><strong>E:<\/strong> <a href=\"mailto:ljubljana@alarmautomatika.com\">ljubljana@alarmautomatika.com<\/a><\/p>\n<p>[\/et_pb_map_pin][et_pb_map_pin title=&#8221;Podgorica&#8221; pin_address=&#8221;106 \u0110oka Mira\u0161evi\u0107a, Podgorica 81000, Montenegro&#8221; pin_address_lat=&#8221;42.4514727&#8243; pin_address_lng=&#8221;19.2392515&#8243; _builder_version=&#8221;4.7.5&#8243; _module_preset=&#8221;default&#8221; global_colors_info=&#8221;{}&#8221;]<\/p>\n<p>Doka Mirasevica 106<br \/>81 000 Podgorica<br \/><strong>T:<\/strong> +382 (0)20 657 007<br \/><strong>E:<\/strong> <a href=\"mailto:podgorica@alarmautomatika.com\">podgorica@alarmautomatika.com<\/a><\/p>\n<p>[\/et_pb_map_pin][et_pb_map_pin title=&#8221;Rijeka&#8221; pin_address=&#8221;Dra\u017eice 123, 51000, Rijeka, Croatia&#8221; pin_address_lat=&#8221;45.350015&#8243; pin_address_lng=&#8221;14.373088&#8243; _builder_version=&#8221;4.7.5&#8243; _module_preset=&#8221;default&#8221; global_colors_info=&#8221;{}&#8221;]<\/p>\n<p>Draz\u017eice 123\/c (Zamet)<br \/>51000 Rijeka<br \/><strong>T:<\/strong> +385 (0)51 359 700<br \/><strong>E:<\/strong> <a href=\"mailto:rijeka@alarmautomatika.com\">rijeka@alarmautomatika.com<\/a><\/p>\n<p>[\/et_pb_map_pin][et_pb_map_pin title=&#8221;Skopje&#8221; pin_address=&#8221;Gilles Verne 8 \u043b\u043e\u043a. 1, Skopje 1000, North Macedonia&#8221; pin_address_lat=&#8221;41.9841018&#8243; pin_address_lng=&#8221;21.4405924&#8243; _builder_version=&#8221;4.7.5&#8243; _module_preset=&#8221;default&#8221; global_colors_info=&#8221;{}&#8221;]<\/p>\n<p>Gilles Verne 8<br \/>1000 Skopje<br \/><strong>T:<\/strong> +389 (0)2 245 7388<br \/><strong>E:<\/strong> <a href=\"mailto:skopje@alarmautomatika.com\">skopje@alarmautomatika.com<\/a><\/p>\n<p>[\/et_pb_map_pin][et_pb_map_pin title=&#8221;Split&#8221; pin_address=&#8221;Lova\u010dki put 1, 21000, Split, Croatia&#8221; pin_address_lat=&#8221;43.512897235463&#8243; pin_address_lng=&#8221;16.484565390213&#8243; _builder_version=&#8221;4.27.4&#8243; _module_preset=&#8221;default&#8221; global_colors_info=&#8221;{}&#8221;]<\/p>\n<p>Lovacki put 1A<br \/>21000 Split<br \/><strong>T:<\/strong> +385 (0)21 542 653<br \/><strong>E:<\/strong> <a href=\"mailto:split@alarmautomatika.com\">split@alarmautomatika.com<\/a><\/p>\n<p>[\/et_pb_map_pin][et_pb_map_pin title=&#8221;Sarajevo&#8221; pin_address=&#8221;BA, D\u017eemala Bijedi\u0107a 156, Sarajevo 71000, Bosnia and Herzegovina&#8221; pin_address_lat=&#8221;43.850587&#8243; pin_address_lng=&#8221;18.360155&#8243; _builder_version=&#8221;4.7.5&#8243; _module_preset=&#8221;default&#8221; global_colors_info=&#8221;{}&#8221;]<\/p>\n<p>Dzemala Bijedica 156<br \/>71 000 Sarajevo<br \/><strong>T:<\/strong> +387 (0)33 218 872<br \/><strong>E:<\/strong> <a href=\"mailto:sarajevo@alarmautomatika.com\">sarajevo@alarmautomatika.com<\/a><\/p>\n<p>[\/et_pb_map_pin][et_pb_map_pin title=&#8221;Sofia&#8221; pin_address=&#8221;ulitsa %22Prof. Aleksandar Tanev%22, Sofia, Bulgaria&#8221; pin_address_lat=&#8221;42.6273189&#8243; pin_address_lng=&#8221;23.3838731&#8243; _builder_version=&#8221;4.7.5&#8243; _module_preset=&#8221;default&#8221; global_colors_info=&#8221;{}&#8221;]<\/p>\n<p>street &#8220;prof. Aleksand\u016dr Tanev&#8221;<br \/>1715 z.k. Mladost 4 Sofia<br \/><strong>T:<\/strong> +359 (2) 423 1452<br \/><strong>E:<\/strong> <a href=\"mailto:sofia@alarmautomatika.com\">sofia@alarmautomatika.com<\/a><\/p>\n<p>[\/et_pb_map_pin][et_pb_map_pin title=&#8221;Zadar&#8221; pin_address=&#8221;Ul. Bra\u0107e Miroslava i Janka Perice 19, 23000, Zadar, Croatia&#8221; pin_address_lat=&#8221;44.102241&#8243; pin_address_lng=&#8221;15.249642&#8243; _builder_version=&#8221;4.21.0&#8243; _module_preset=&#8221;default&#8221; global_colors_info=&#8221;{}&#8221;]<\/p>\n<p>Brace Miroslava i Janka Perice 19<br \/>23000 Zadar<br \/><strong>T:<\/strong> +385 (0)23 629 218<br \/><strong>E:<\/strong> <a href=\"mailto:zadar@alarmautomatika.com\">zadar@alarmautomatika.com<\/a><\/p>\n<p>[\/et_pb_map_pin][et_pb_map_pin title=&#8221;Zagreb&#8221; pin_address=&#8221;Heinzelova ul. 60, 10000, Zagreb, Croatia&#8221; pin_address_lat=&#8221;45.808401&#8243; pin_address_lng=&#8221;16.003818&#8243; _builder_version=&#8221;4.7.5&#8243; _module_preset=&#8221;default&#8221; global_colors_info=&#8221;{}&#8221;]<\/p>\n<p>Heinzelova 60<br \/>10000 Zagreb<\/p>\n<p><strong>Project sales<\/strong><br \/><strong>T:<\/strong> +385 (0)1 4662 750<br \/><strong>E:<\/strong> <a href=\"mailto:projekti@alarmautomatika.com\">projekti@alarmautomatika.com<\/a><\/p>\n<p><strong>Wholesale<\/strong><br \/><strong>T:<\/strong> +385 (0)1 369 04 91<br \/><strong>E:<\/strong> <a href=\"mailto:veleprodaja@larmautomatika.com\">veleprodaja@larmautomatika.com<\/a><\/p>\n<p>[\/et_pb_map_pin][et_pb_map_pin title=&#8221;Tirana&#8221; pin_address=&#8221;Rruga Spiro Floqi, Kashar, Albania&#8221; pin_address_lat=&#8221;41.3293195&#8243; pin_address_lng=&#8221;19.7802936&#8243; _builder_version=&#8221;4.9.4&#8243; _module_preset=&#8221;default&#8221; global_colors_info=&#8221;{}&#8221;]<\/p>\n<p>Rruga Spiro Floqi<br \/>KOMPLEKSI &#8220;MOLLA&#8221;<br \/>NJESIA ADMINISTRATIVE 14<br \/>1001 Tirana<br \/><strong>T:<\/strong> +355 67 6067 000<br \/><strong>E:<\/strong> <a href=\"mailto:tirana@alarmautomatika.com\">tirana@alarmautomatika.com<\/a><\/p>\n<p>[\/et_pb_map_pin][\/et_pb_map][et_pb_text _builder_version=&#8221;4.16&#8243; _module_preset=&#8221;default&#8221; header_2_text_align=&#8221;left&#8221; header_2_font_size=&#8221;30px&#8221; header_2_line_height=&#8221;1.2em&#8221; header_3_font_size=&#8221;25px&#8221; header_font_size_tablet=&#8221;48px&#8221; header_font_size_phone=&#8221;&#8221; header_font_size_last_edited=&#8221;on|tablet&#8221; header_2_font_size_tablet=&#8221;&#8221; header_2_font_size_phone=&#8221;25px&#8221; header_2_font_size_last_edited=&#8221;on|phone&#8221; global_colors_info=&#8221;{}&#8221;]<\/p>\n<p>Through <strong>more than 30 years of market presence<\/strong>, Alarm automatika has been developing its <strong>business operations in 11 countries<\/strong>, covering today the complete SE Europe region. <strong>More than 150 employees<\/strong> care about the needs of <strong>more than 2.000 regular customers<\/strong>. The offer includes products from <strong>more than 200 global manufacturers<\/strong>, and our <strong>own brands<\/strong> are continuously developing, with their characteristics tunned for the specific markets.<\/p>\n<p>[\/et_pb_text][et_pb_video src=&#8221;https:\/\/www.youtube.com\/watch?v=SHnkE67Wsz0&#8243; image_src=&#8221;\/\/i.ytimg.com\/vi\/SHnkE67Wsz0\/hqdefault.jpg&#8221; thumbnail_overlay_color=&#8221;rgba(0,0,0,0.6)&#8221; _builder_version=&#8221;4.16&#8243; _module_preset=&#8221;default&#8221; width=&#8221;80%&#8221; module_alignment=&#8221;center&#8221; global_colors_info=&#8221;{}&#8221; src__hover_enabled=&#8221;off|desktop&#8221;][\/et_pb_video][et_pb_text _builder_version=&#8221;4.16&#8243; _module_preset=&#8221;default&#8221; header_2_text_align=&#8221;left&#8221; header_2_font_size=&#8221;30px&#8221; header_2_line_height=&#8221;1.2em&#8221; header_3_font_size=&#8221;25px&#8221; header_font_size_tablet=&#8221;48px&#8221; header_font_size_phone=&#8221;&#8221; header_font_size_last_edited=&#8221;on|tablet&#8221; header_2_font_size_tablet=&#8221;&#8221; header_2_font_size_phone=&#8221;25px&#8221; header_2_font_size_last_edited=&#8221;on|phone&#8221; global_colors_info=&#8221;{}&#8221;]<\/p>\n<blockquote>\n<h3>Vision<\/h3>\n<\/blockquote>\n<p>To build a system of relationships whose primary goal is to protect lives and property, while improving the quality of life and business, by continuously adopting new knowledge and technologies, monitoring market trends and consumer needs, while working closely with clients and partners. The vision of Alarm automatika is to achieve a leading role in the technical security industry of southern and south-eastern Europe.<\/p>\n<blockquote>\n<h3>Mission<\/h3>\n<\/blockquote>\n<p>The company&#8217;s mission is to create a value proposition that includes high quality, innovative products, services and the complete solutions which fulfil individual customer needs in order to reduce risk to customers and business partners, to support smooth business operations and faster growth by use of the common platform.<\/p>\n<blockquote>\n<h3>Competences<\/h3>\n<\/blockquote>\n<p>The people from Alarm automatika company are the crucial factor in the so far achieved results and the vision of further development. The position of regional market leader is built by continuous investment in technical, economic, organizational, engineering, IT and management competencies of employees.<\/p>\n<blockquote>\n<h3>&#8220;In-house&#8221; R&amp;D<\/h3>\n<\/blockquote>\n<p>In order for the company&#8217;s portfolio to be maximally competitive and technologically advanced, integrated and adapted to the users\u2019 specific needs, the entire team of engineers is constantly monitoring new technologies, developing new products, services and software, as well as its own brands. The company has been repeatedly awarded for the developed solutions and realized projects.<\/p>\n<blockquote>\n<h3>Authorizations and certificates<\/h3>\n<\/blockquote>\n<p>Both the company and the employees have all the necessary authorizations in the field of technical security, construction and informatics, as well as the Business Security Certificate. Operations are in accordance with the ISO 9001: 2015 certificate for business management and the ISO 27001 certificate for the information security. The success of the work has been verified by the 3A Creditworthiness certificate from Company Wall Business for more than 15 years.<\/p>\n<blockquote>\n<h3>Corporate social responsibility<\/h3>\n<\/blockquote>\n<p>An important part of our vision of success is to operate in a way that, besides to achieving our own goals, we contribute to the development of the wider community and the preservation of the environment. We are actively involved in a number of projects in which we put the knowledge and material resources of Alarm Automatika into the hands of community, with the desire to create a more pleasant and safer society for us and future generations, too.<\/p>\n<p>[\/et_pb_text][et_pb_text _builder_version=&#8221;4.16&#8243; _module_preset=&#8221;default&#8221; header_2_text_color=&#8221;#ffffff&#8221; header_2_font_size=&#8221;30px&#8221; background_color=&#8221;#00B16A&#8221; custom_padding=&#8221;15px|15px|7px|15px|false|true&#8221; global_colors_info=&#8221;{}&#8221;]<\/p>\n<h2>Management system policies<\/h2>\n<p>[\/et_pb_text][et_pb_text _builder_version=&#8221;4.16&#8243; _module_preset=&#8221;default&#8221; header_2_text_align=&#8221;left&#8221; header_2_font_size=&#8221;30px&#8221; header_2_line_height=&#8221;1.2em&#8221; header_3_font_size=&#8221;25px&#8221; header_font_size_tablet=&#8221;48px&#8221; header_font_size_phone=&#8221;&#8221; header_font_size_last_edited=&#8221;on|tablet&#8221; header_2_font_size_tablet=&#8221;&#8221; header_2_font_size_phone=&#8221;25px&#8221; header_2_font_size_last_edited=&#8221;on|phone&#8221; global_colors_info=&#8221;{}&#8221;]<\/p>\n<blockquote>\n<h3>Quality policy<\/h3>\n<\/blockquote>\n<p>By applying the ISO 9001: 2015 standard of Quality Management System, the company determined the quality management policy in the following ways:<\/p>\n<ul>\n<li>nurture and build partnerships with customers<\/li>\n<li>employ professional and ambitious staff, and enable and encourage continuous training<\/li>\n<li>provide state-of-the-art equipment, and maintain the infrastructure and environment for comfortable operation<\/li>\n<li>nurture and develop partnerships with suppliers<\/li>\n<li>apply and improve the effectiveness of the quality management system based on the requirements of this international standard and strive to exceed the level of these requirements<\/li>\n<li>set ambitious, measurable and achievable quality goals.<\/li>\n<\/ul>\n<blockquote>\n<h3>Environmental policy<\/h3>\n<\/blockquote>\n<p>By applying the ISO 14001: 2015 standard, the Environmental Management System, the company demonstrates its environmental and social awareness to partners, employees and society. The company has established an environmental policy, showing commitment to nature and environmental protection, and pollution prevention, in the following ways:<\/p>\n<ul>\n<li>ensure that the impacts of production activities have a minimal and controlled impact on the environment and nature<\/li>\n<li>continuously work on improving environmental protection and pollution prevention<\/li>\n<li>comply with legislation relating to environmental aspects<\/li>\n<li>establish and improve environmental objectives<\/li>\n<li>document, implement and maintain the environmental protection system<\/li>\n<li>familiarize the organization with the purpose and need for environmental protection.<\/li>\n<\/ul>\n<blockquote>\n<h3>Occupational health and safety management policy<\/h3>\n<\/blockquote>\n<p>The company supports the process of managing health and safety at work as an integral part of the company&#8217;s business culture, business practices and good governance, which achieves better business results and stronger management responsibility.<\/p>\n<p>The Company provides frameworks for setting goals for health and safety at work by providing the necessary human, material and financial resources and obtains the necessary time frames and knowledge to achieve the set business goals. The company is:<\/p>\n<ul>\n<li>dedicated to meeting all legal and regulatory requirements and requirements related to specific industry sector.<\/li>\n<li>dedicated to risk management in the form of timely identification of risks related to occupational safety and implementation of risk processing, to eliminate or at least reduce them.<\/li>\n<li>committed to ensuring safe working conditions for the prevention of work-related injuries and \/ or illness, considering the context of society and the specific nature of the risks and possible opportunities.<\/li>\n<li>committed to continuous development of the management system through appropriate and timely improvement of documentation and communication of changes to all company&#8217;s stakeholders involved.<\/li>\n<\/ul>\n<p>The company is open to cooperation and consultation with workers and encourages the participation of workers and \/ or their representatives in all matters relating to working conditions and the protection of health and safety at work.<\/p>\n<p>[\/et_pb_text][\/et_pb_column][et_pb_column type=&#8221;1_4&#8243; _builder_version=&#8221;4.16&#8243; _module_preset=&#8221;default&#8221; custom_padding_tablet=&#8221;&#8221; custom_padding_phone=&#8221;&#8221; custom_padding_last_edited=&#8221;on|phone&#8221; global_colors_info=&#8221;{}&#8221;][et_pb_cta title=&#8221;Value proposition&#8221; button_url=&#8221;@ET-DC@eyJkeW5hbWljIjp0cnVlLCJjb250ZW50IjoicG9zdF9saW5rX3VybF9wYWdlIiwic2V0dGluZ3MiOnsicG9zdF9pZCI6IjIifX0=@&#8221; button_text=&#8221;Read more&#8221; _builder_version=&#8221;4.16&#8243; _dynamic_attributes=&#8221;button_url&#8221; _module_preset=&#8221;default&#8221; header_level=&#8221;h4&#8243; header_text_color=&#8221;#2E2E2E&#8221; header_line_height=&#8221;1.5em&#8221; use_background_color=&#8221;off&#8221; custom_button=&#8221;on&#8221; button_text_size=&#8221;14px&#8221; button_bg_color=&#8221;#2E2E2E&#8221; button_font=&#8221;|600|||||||&#8221; button_use_icon=&#8221;off&#8221; button_custom_padding=&#8221;14px|30px|14px|30px|true|true&#8221; custom_padding=&#8221;0px||0px||true|false&#8221; border_color_all=&#8221;rgba(0,0,0,0)&#8221; global_colors_info=&#8221;{}&#8221; button_bg_color__hover_enabled=&#8221;on|desktop&#8221; button_bg_enable_color__hover=&#8221;on&#8221; button_bg_color__hover=&#8221;#2E2E2E&#8221;]<\/p>\n<p><img loading=\"lazy\" decoding=\"async\" class=\"wp-image-347 aligncenter size-full\" src=\"https:\/\/www.alarmautomatika.com\/wp-content\/uploads\/2020\/08\/idea-solution-menu-logo.png\" alt=\"\" width=\"113\" height=\"50\" \/> <img loading=\"lazy\" decoding=\"async\" class=\"wp-image-346 aligncenter size-full\" src=\"https:\/\/www.alarmautomatika.com\/wp-content\/uploads\/2020\/08\/idea-project-menu-logo.png\" alt=\"\" width=\"113\" height=\"50\" \/> <img loading=\"lazy\" decoding=\"async\" class=\"wp-image-344 aligncenter size-full\" src=\"https:\/\/www.alarmautomatika.com\/wp-content\/uploads\/2020\/08\/idea-classic-menu-logo.png\" alt=\"\" width=\"113\" height=\"50\" \/> <img loading=\"lazy\" decoding=\"async\" class=\"wp-image-345 aligncenter size-full\" src=\"https:\/\/www.alarmautomatika.com\/wp-content\/uploads\/2020\/08\/idea-express-menu-logo.png\" alt=\"\" width=\"113\" height=\"50\" \/><\/p>\n<p>[\/et_pb_cta][et_pb_cta button_url=&#8221;https:\/\/drive.google.com\/file\/d\/1YmvMRydnvCxwiK8LTIpV4StZrhof2ldc\/view?usp=sharing&#8221; url_new_window=&#8221;on&#8221; button_text=&#8221;Download company profile&#8221; _builder_version=&#8221;4.16&#8243; _module_preset=&#8221;default&#8221; header_font_size=&#8221;22px&#8221; body_font_size=&#8221;14px&#8221; use_background_color_gradient=&#8221;on&#8221; background_color_gradient_stops=&#8221;#000000 0%|#604949 100%&#8221; background_color_gradient_start=&#8221;#000000&#8243; background_color_gradient_end=&#8221;#604949&#8243; background_image=&#8221;https:\/\/www.alarmautomatika.com\/wp-content\/uploads\/2020\/12\/company-profil-bcg-1.jpg&#8221; custom_button=&#8221;on&#8221; button_text_size=&#8221;14px&#8221; button_font=&#8221;|600|||||||&#8221; button_use_icon=&#8221;off&#8221; button_alignment=&#8221;center&#8221; button_custom_margin=&#8221;120px||||false|false&#8221; button_custom_padding=&#8221;14px|24px|14px|24px|true|true&#8221; text_orientation=&#8221;left&#8221; module_alignment=&#8221;center&#8221; min_height=&#8221;250px&#8221; custom_padding=&#8221;20px|20px|20px|20px|true|true&#8221; background_color_gradient_stops_tablet=&#8221;#000000 0%|#604949 100%&#8221; background_color_gradient_stops_phone=&#8221;#000000 0%|#604949 100%&#8221; global_module=&#8221;2564&#8243; global_colors_info=&#8221;{}&#8221;][\/et_pb_cta][\/et_pb_column][\/et_pb_row][\/et_pb_section]<\/p>\n","protected":false},"excerpt":{"rendered":"<p>Regional leader in the technical security industryZarija Vujosevica 811 070 Belgrade (New Belgrade)T: +381 (0)11 398 1482E: beograd@alarmautomatika.comStuden\u00e1 5821 04 BratislavaE: bratislava@alarmautomatika.comFiv\u00e9r utca 8\/B1131 BudapestT: +36 (0)1 615 0087E: budapest@alarmautomatika.comStrada Zece Mese nr. 9, sector 2024061 BucharestT: +40 (0)31 426 0355E: bucharest@alarmautomatika.comLetaliska cesta 321000 LjubljanaT: +386 (0)8 205 3710E: ljubljana@alarmautomatika.comDoka Mirasevica 10681 000 PodgoricaT: +382 [&hellip;]<\/p>\n","protected":false},"author":15,"featured_media":0,"parent":0,"menu_order":0,"comment_status":"closed","ping_status":"closed","template":"","meta":{"_et_pb_use_builder":"on","_et_pb_old_content":"","_et_gb_content_width":"","footnotes":""},"class_list":["post-3037","page","type-page","status-publish","hentry"],"_links":{"self":[{"href":"https:\/\/www.alarmautomatika.com\/en\/wp-json\/wp\/v2\/pages\/3037","targetHints":{"allow":["GET"]}}],"collection":[{"href":"https:\/\/www.alarmautomatika.com\/en\/wp-json\/wp\/v2\/pages"}],"about":[{"href":"https:\/\/www.alarmautomatika.com\/en\/wp-json\/wp\/v2\/types\/page"}],"author":[{"embeddable":true,"href":"https:\/\/www.alarmautomatika.com\/en\/wp-json\/wp\/v2\/users\/15"}],"replies":[{"embeddable":true,"href":"https:\/\/www.alarmautomatika.com\/en\/wp-json\/wp\/v2\/comments?post=3037"}],"version-history":[{"count":2,"href":"https:\/\/www.alarmautomatika.com\/en\/wp-json\/wp\/v2\/pages\/3037\/revisions"}],"predecessor-version":[{"id":56091,"href":"https:\/\/www.alarmautomatika.com\/en\/wp-json\/wp\/v2\/pages\/3037\/revisions\/56091"}],"wp:attachment":[{"href":"https:\/\/www.alarmautomatika.com\/en\/wp-json\/wp\/v2\/media?parent=3037"}],"curies":[{"name":"wp","href":"https:\/\/api.w.org\/{rel}","templated":true}]}}