{"id":114,"date":"2020-08-20T14:21:54","date_gmt":"2020-08-20T12:21:54","guid":{"rendered":"https:\/\/website.alarmautomatika.com\/?page_id=114"},"modified":"2021-07-07T13:48:37","modified_gmt":"2021-07-07T11:48:37","slug":"instalateri-tehnicke-zastite","status":"publish","type":"page","link":"https:\/\/www.alarmautomatika.com\/hr\/klijenti\/instalateri-tehnicke-zastite\/","title":{"rendered":"Instalateri tehni\u010dke za\u0161tite"},"content":{"rendered":"<p>[et_pb_section fb_built=&#8221;1&#8243; _builder_version=&#8221;4.6.2&#8243; _module_preset=&#8221;default&#8221; background_image=&#8221;https:\/\/www.alarmautomatika.com\/wp-content\/uploads\/2020\/09\/Instalateri-tehnicke-zastite.jpg&#8221; background_size=&#8221;initial&#8221; background_position=&#8221;top_center&#8221;][et_pb_row _builder_version=&#8221;4.6.0&#8243; _module_preset=&#8221;default&#8221; width=&#8221;95%&#8221;][et_pb_column type=&#8221;4_4&#8243; _builder_version=&#8221;4.6.0&#8243; _module_preset=&#8221;default&#8221;][et_pb_text _builder_version=&#8221;4.6.0&#8243; _dynamic_attributes=&#8221;content&#8221; _module_preset=&#8221;default&#8221; text_font=&#8221;|600|||||||&#8221; text_text_color=&#8221;#ffffff&#8221; text_font_size=&#8221;48px&#8221; text_line_height=&#8221;1.2em&#8221; custom_padding=&#8221;80px|50px||50px|false|true&#8221; text_font_size_tablet=&#8221;40px&#8221; text_font_size_phone=&#8221;32px&#8221; text_font_size_last_edited=&#8221;on|desktop&#8221; text_line_height_tablet=&#8221;&#8221; text_line_height_phone=&#8221;&#8221; text_line_height_last_edited=&#8221;on|phone&#8221; header_font_tablet=&#8221;&#8221; header_font_phone=&#8221;&#8221; header_font_last_edited=&#8221;on|phone&#8221; header_font_size_tablet=&#8221;&#8221; header_font_size_phone=&#8221;&#8221; header_font_size_last_edited=&#8221;on|phone&#8221; header_line_height_tablet=&#8221;&#8221; header_line_height_phone=&#8221;&#8221; header_line_height_last_edited=&#8221;on|desktop&#8221;]@ET-DC@eyJkeW5hbWljIjp0cnVlLCJjb250ZW50IjoicG9zdF90aXRsZSIsInNldHRpbmdzIjp7ImJlZm9yZSI6IiIsImFmdGVyIjoiIn19@[\/et_pb_text][\/et_pb_column][\/et_pb_row][et_pb_row column_structure=&#8221;3_4,1_4&#8243; _builder_version=&#8221;4.6.0&#8243; _module_preset=&#8221;default&#8221; background_color=&#8221;#ffffff&#8221; width=&#8221;95%&#8221; custom_margin=&#8221;20px||||false|false&#8221; custom_margin_tablet=&#8221;10px||||false|false&#8221; custom_margin_phone=&#8221;10px||||false|false&#8221; custom_margin_last_edited=&#8221;on|desktop&#8221; custom_padding=&#8221;50px|50px|50px|50px|true|true&#8221; box_shadow_style=&#8221;preset2&#8243;][et_pb_column type=&#8221;3_4&#8243; _builder_version=&#8221;4.6.0&#8243; _module_preset=&#8221;default&#8221;][et_pb_text _builder_version=&#8221;4.7.4&#8243; _module_preset=&#8221;default&#8221; link_font=&#8221;|600|||||||&#8221; header_2_text_align=&#8221;left&#8221; header_2_font_size=&#8221;30px&#8221; header_2_line_height=&#8221;1.2em&#8221; header_font_size_tablet=&#8221;48px&#8221; header_font_size_phone=&#8221;&#8221; header_font_size_last_edited=&#8221;on|tablet&#8221; header_2_font_size_tablet=&#8221;&#8221; header_2_font_size_phone=&#8221;25px&#8221; header_2_font_size_last_edited=&#8221;on|phone&#8221;]<\/p>\n<blockquote>\n<h2>\u0160irok raspon ponude sustava tehni\u010dke za\u0161tite<\/h2>\n<\/blockquote>\n<p><a href=\"https:\/\/www.alarmautomatika.com\/usluge\/sve-na-jednom-mjestu\/#oprema-na-skladistu\">\u0160irok raspon ure\u0111aja i opreme<\/a> instalaterima jam\u010di da \u0107e na jednom mjestu na\u0107i sve \u0161to im je potrebno za uspostavu potpuno funkcionalnog sustava tehni\u010dke za\u0161tite. <a href=\"https:\/\/www.alarmautomatika.com\/usluge\/sve-na-jednom-mjestu\/#prodajna-i-tehnicka-podrska\">Tehni\u010dki odjel<\/a> testira pouzdanost opreme i funkcionalnost sustava pa se u prodaju stavljaju samo <a href=\"https:\/\/www.alarmautomatika.com\/idea-ponuda-vrijednosti\/\">provjerena rje\u0161enja za\u0161tite<\/a>.<\/p>\n<blockquote>\n<h2>B2B online platforma<\/h2>\n<\/blockquote>\n<p>Kori\u0161tenje <a href=\"https:\/\/b2b.alarmautomatika.com\/\">B2B online platforme<\/a>, instalaterima maksimalno pojednostavljuje proces naru\u010divanja. Karakteristike svih ure\u0111aja su dostupne na jednom mjestu, zajedno sa svom potrebnom dokumentacijom i informacijama o dostupnosti. Omogu\u0107ena je i usporedba proizvoda, prikaz na mobitelima i tabletima te izrada ponuda prema karjnjim kupcima.<\/p>\n<blockquote>\n<h2>Tehni\u010dka podr\u0161ka<\/h2>\n<\/blockquote>\n<p>Tim stru\u010dnjaka specijaliziranih za razli\u010dita podru\u010dja tehni\u010dke za\u0161tite pru\u017ea <a href=\"https:\/\/www.alarmautomatika.com\/usluge\/sve-na-jednom-mjestu\/#prodajna-i-tehnicka-podrska\">tehni\u010dku podr\u0161ku<\/a>, na na\u010din koji instalaterima najbolje odgovara &#8211; telefonski, online ili na samom objektu ugradnje.<\/p>\n<blockquote>\n<h2>Stalna komunikacija<\/h2>\n<\/blockquote>\n<p>Stalna komunikacija i informiranje suradnika i klijenata, o novitetima u ponudi, novim tehnologijama u tehni\u010dkoj za\u0161titi te novim verzijama ure\u0111aja i softvera. Komunikacija se vr\u0161i putem redovitih godi\u0161njih konferencija, kroz tjedne <a href=\"http:\/\/eepurl.com\/c6Hsx5\" target=\"_blank\" rel=\"noopener noreferrer\">newslettere<\/a> te korporativne i <a href=\"https:\/\/b2b.alarmautomatika.com\/\">B2B internet stranice<\/a>.<\/p>\n<blockquote>\n<h2>Tehni\u010dke edukacije<\/h2>\n<\/blockquote>\n<p>Svrha <a href=\"https:\/\/www.alarmautomatika.com\/usluge\/sve-na-jednom-mjestu\/#edukacija-instalatera\">edukacije za rad sa sustavima<\/a> u ponudi Alarm automatike je osigurati njihovu punu funkcionalnost. Provode se razni oblici edukacija (radionice, webinari), za instalatere iz vi\u0161e tvrtki ili za samo jednu tvrtku.<\/p>\n<blockquote>\n<h2>Prodajna i marketin\u0161ka podr\u0161ka<\/h2>\n<\/blockquote>\n<p>Instalaterima su osigurani razli\u010diti oblici prodajne i marketin\u0161ke podr\u0161ka &#8211; od fleksibilnih uvjeta pla\u0107anja i dodatnih projektnih popusta do izrade promotivnih materijala i zajedni\u010dkog predstavljanja rje\u0161enja kod investitora.<\/p>\n<blockquote>\n<h2>Servis i zamjenska oprema<\/h2>\n<\/blockquote>\n<p>Kao proizvo\u0111a\u010d i <a href=\"https:\/\/www.alarmautomatika.com\/dobavljaci\/\">ovla\u0161teni distributer<\/a> ure\u0111aja, Alarm automatika osigurava <a href=\"https:\/\/www.alarmautomatika.com\/usluge\/sve-na-jednom-mjestu\/#servis\">servis sve opreme u ponudi<\/a> u i van jamstvenog roka. Servis se radi na temelju procjena trajanja i tro\u0161ka popravka, a osigurana je i zamjenska oprema kada je to instalateru potrebno.<\/p>\n<blockquote>\n<h2>Tehni\u010dka i korisni\u010dka dokumentacija<\/h2>\n<\/blockquote>\n<p>Za svu opremu u ponudi je osigurana kompletna dokumentacija &#8211; o karakteristikama ure\u0111aja, certifikati proizvo\u0111a\u010da, <a href=\"https:\/\/ce.alarmautomatika.com\" target=\"_blank\" rel=\"noopener noreferrer\">izjave o sukladnosti<\/a> te instalaterske i korisni\u010dke upute.<\/p>\n<p>[\/et_pb_text][\/et_pb_column][et_pb_column type=&#8221;1_4&#8243; _builder_version=&#8221;4.6.0&#8243; _module_preset=&#8221;default&#8221; custom_padding_tablet=&#8221;&#8221; custom_padding_phone=&#8221;&#8221; custom_padding_last_edited=&#8221;on|phone&#8221;][et_pb_image src=&#8221;https:\/\/www.alarmautomatika.com\/wp-content\/uploads\/2020\/10\/idea-classic-logo-home-banner.png&#8221; alt=&#8221;iDEA Classic&#8221; title_text=&#8221;iDEA Classic&#8221; align=&#8221;center&#8221; _builder_version=&#8221;4.7.4&#8243; _module_preset=&#8221;default&#8221;][\/et_pb_image][et_pb_accordion module_class=&#8221;idea-value-propositions&#8221; _builder_version=&#8221;4.9.0&#8243; _module_preset=&#8221;default&#8221; global_module=&#8221;8295&#8243;][et_pb_accordion_item title=&#8221;Blank&#8221; open=&#8221;on&#8221; _builder_version=&#8221;4.9.0&#8243; _module_preset=&#8221;default&#8221; custom_css_main_element=&#8221;display:none;&#8221;][\/et_pb_accordion_item][et_pb_accordion_item title=&#8221;Klijenti&#8221; _builder_version=&#8221;4.9.0&#8243; _module_preset=&#8221;default&#8221; open=&#8221;off&#8221;]<\/p>\n<p><a href=\"https:\/\/www.alarmautomatika.com\/klijenti\/instalateri-tehnicke-zastite\/\">Instalateri tehni\u010dke za\u0161tite<\/a><\/p>\n<p><a href=\"https:\/\/www.alarmautomatika.com\/klijenti\/dojavni-centri\/\">Dojavni centri<\/a><\/p>\n<p><a href=\"https:\/\/www.alarmautomatika.com\/klijenti\/elektricari\/\">Elektri\u010dari<\/a><\/p>\n<p><a href=\"https:\/\/www.alarmautomatika.com\/klijenti\/trgovine-elektromaterijalom-i-it-opremom-internet-trgovine\/\">Trgovine elektromaterijalom i IT opremom, internet trgovine<\/a><\/p>\n<p>[\/et_pb_accordion_item][et_pb_accordion_item title=&#8221;Proizvodi&#8221; _builder_version=&#8221;4.9.0&#8243; _module_preset=&#8221;default&#8221; open=&#8221;off&#8221;]<\/p>\n<p><a href=\"https:\/\/www.alarmautomatika.com\/proizvodi\/videonadzor\/\">Videonadzor<\/a><\/p>\n<p><a href=\"https:\/\/www.alarmautomatika.com\/proizvodi\/protuprovala-i-protuprepad\/\">Protuprovala i protuprepad<\/a><\/p>\n<p><a href=\"https:\/\/www.alarmautomatika.com\/proizvodi\/videointerfoni\/\">Videointerfoni<\/a><\/p>\n<p><a href=\"https:\/\/www.alarmautomatika.com\/proizvodi\/kontrola-pristupa-i-evidencija-radnog-vremena\/\">Kontrola pristupa i evidencija radnog vremena<\/a><\/p>\n<p><a href=\"https:\/\/www.alarmautomatika.com\/proizvodi\/audio-rjesenja\/\">Audio rje\u0161enja<\/a><\/p>\n<p><a href=\"https:\/\/www.alarmautomatika.com\/proizvodi\/automatske-rampe-i-vrata\/\">Automatske rampe i vrata<\/a><\/p>\n<p><a href=\"https:\/\/www.alarmautomatika.com\/proizvodi\/oprema-za-dojavne-centre\/\">Oprema za dojavne centre<\/a><\/p>\n<p><a href=\"https:\/\/www.alarmautomatika.com\/proizvodi\/dojava-pozara-i-plina\/\">Dojava po\u017eara i plina<\/a><\/p>\n<p>[\/et_pb_accordion_item][et_pb_accordion_item title=&#8221;Softveri&#8221; _builder_version=&#8221;4.9.0&#8243; _module_preset=&#8221;default&#8221; open=&#8221;off&#8221;]<\/p>\n<p><a href=\"https:\/\/www.alarmautomatika.com\/softveri\/prijem-i-obrada-alarma\/\">Prijem i obrada signala alarma<\/a><\/p>\n<p>[\/et_pb_accordion_item][et_pb_accordion_item title=&#8221;Usluge&#8221; _builder_version=&#8221;4.9.0&#8243; _module_preset=&#8221;default&#8221; open=&#8221;off&#8221;]<\/p>\n<p><a href=\"https:\/\/www.alarmautomatika.com\/usluge\/sve-na-jednom-mjestu\/#prodajna-i-tehnicka-podrska\" data-et-has-event-already=\"true\">Prodajna i tehni\u010dka podr\u0161ka<\/a><\/p>\n<p><a href=\"https:\/\/www.alarmautomatika.com\/usluge\/sve-na-jednom-mjestu\/#oprema-na-skladistu\" data-et-has-event-already=\"true\">Oprema na skladi\u0161tu<\/a><\/p>\n<p><a href=\"https:\/\/www.alarmautomatika.com\/usluge\/sve-na-jednom-mjestu\/#edukacija-instalatera\" data-et-has-event-already=\"true\">Edukacija instalatera<\/a><\/p>\n<p><a href=\"https:\/\/www.alarmautomatika.com\/usluge\/sve-na-jednom-mjestu\/#b2b-online-platforma\" data-et-has-event-already=\"true\">B2B online platforma<\/a><\/p>\n<p><a href=\"https:\/\/www.alarmautomatika.com\/usluge\/sve-na-jednom-mjestu\/#servis\" data-et-has-event-already=\"true\">Servis<\/a><\/p>\n<p><a href=\"https:\/\/www.alarmautomatika.com\/usluge\/sve-na-jednom-mjestu\/#idea-classic-katalog\" data-et-has-event-already=\"true\">iDEA Classic katalog<\/a><\/p>\n<p>[\/et_pb_accordion_item][et_pb_accordion_item title=&#8221;Platforma&#8221; _builder_version=&#8221;4.9.0&#8243; _module_preset=&#8221;default&#8221; open=&#8221;off&#8221;]<\/p>\n<p><a href=\"https:\/\/www.alarmautomatika.com\/platforma\/#b2b-platforma\" data-et-has-event-already=\"true\">Jedinstvena B2B platforma koja \u0161tedi vrijeme<\/a><\/p>\n<p>[\/et_pb_accordion_item][\/et_pb_accordion][\/et_pb_column][\/et_pb_row][\/et_pb_section]<\/p>\n","protected":false},"excerpt":{"rendered":"<p>\u0160irok raspon ponude sustava tehni\u010dke za\u0161tite \u0160irok raspon ure\u0111aja i opreme instalaterima jam\u010di da \u0107e na jednom mjestu na\u0107i sve \u0161to im je potrebno za uspostavu potpuno funkcionalnog sustava tehni\u010dke za\u0161tite. Tehni\u010dki odjel testira pouzdanost opreme i funkcionalnost sustava pa se u prodaju stavljaju samo provjerena rje\u0161enja za\u0161tite. B2B online platforma Kori\u0161tenje B2B online platforme, [&hellip;]<\/p>\n","protected":false},"author":15,"featured_media":0,"parent":464,"menu_order":0,"comment_status":"closed","ping_status":"closed","template":"","meta":{"_et_pb_use_builder":"on","_et_pb_old_content":"","_et_gb_content_width":"","footnotes":""},"class_list":["post-114","page","type-page","status-publish","hentry"],"_links":{"self":[{"href":"https:\/\/www.alarmautomatika.com\/hr\/wp-json\/wp\/v2\/pages\/114","targetHints":{"allow":["GET"]}}],"collection":[{"href":"https:\/\/www.alarmautomatika.com\/hr\/wp-json\/wp\/v2\/pages"}],"about":[{"href":"https:\/\/www.alarmautomatika.com\/hr\/wp-json\/wp\/v2\/types\/page"}],"author":[{"embeddable":true,"href":"https:\/\/www.alarmautomatika.com\/hr\/wp-json\/wp\/v2\/users\/15"}],"replies":[{"embeddable":true,"href":"https:\/\/www.alarmautomatika.com\/hr\/wp-json\/wp\/v2\/comments?post=114"}],"version-history":[{"count":0,"href":"https:\/\/www.alarmautomatika.com\/hr\/wp-json\/wp\/v2\/pages\/114\/revisions"}],"up":[{"embeddable":true,"href":"https:\/\/www.alarmautomatika.com\/hr\/wp-json\/wp\/v2\/pages\/464"}],"wp:attachment":[{"href":"https:\/\/www.alarmautomatika.com\/hr\/wp-json\/wp\/v2\/media?parent=114"}],"curies":[{"name":"wp","href":"https:\/\/api.w.org\/{rel}","templated":true}]}}