{"id":116,"date":"2020-08-20T14:22:10","date_gmt":"2020-08-20T12:22:10","guid":{"rendered":"https:\/\/website.alarmautomatika.com\/?page_id=116"},"modified":"2021-07-07T13:31:52","modified_gmt":"2021-07-07T11:31:52","slug":"dojavni-centri","status":"publish","type":"page","link":"https:\/\/www.alarmautomatika.com\/hr\/klijenti\/dojavni-centri\/","title":{"rendered":"Dojavni centri"},"content":{"rendered":"<p>[et_pb_section fb_built=&#8221;1&#8243; _builder_version=&#8221;4.6.2&#8243; _module_preset=&#8221;default&#8221; background_image=&#8221;https:\/\/www.alarmautomatika.com\/wp-content\/uploads\/2020\/09\/dojavni-centri.jpg&#8221; background_size=&#8221;initial&#8221; background_position=&#8221;top_center&#8221;][et_pb_row _builder_version=&#8221;4.6.0&#8243; _module_preset=&#8221;default&#8221; width=&#8221;95%&#8221;][et_pb_column type=&#8221;4_4&#8243; _builder_version=&#8221;4.6.0&#8243; _module_preset=&#8221;default&#8221;][et_pb_text _builder_version=&#8221;4.6.0&#8243; _dynamic_attributes=&#8221;content&#8221; _module_preset=&#8221;default&#8221; text_font=&#8221;|600|||||||&#8221; text_text_color=&#8221;#ffffff&#8221; text_font_size=&#8221;48px&#8221; text_line_height=&#8221;1.2em&#8221; custom_padding=&#8221;80px|50px||50px|false|true&#8221; text_font_size_tablet=&#8221;40px&#8221; text_font_size_phone=&#8221;32px&#8221; text_font_size_last_edited=&#8221;on|desktop&#8221; text_line_height_tablet=&#8221;&#8221; text_line_height_phone=&#8221;&#8221; text_line_height_last_edited=&#8221;on|phone&#8221; header_font_tablet=&#8221;&#8221; header_font_phone=&#8221;&#8221; header_font_last_edited=&#8221;on|phone&#8221; header_font_size_tablet=&#8221;&#8221; header_font_size_phone=&#8221;&#8221; header_font_size_last_edited=&#8221;on|phone&#8221; header_line_height_tablet=&#8221;&#8221; header_line_height_phone=&#8221;&#8221; header_line_height_last_edited=&#8221;on|desktop&#8221;]@ET-DC@eyJkeW5hbWljIjp0cnVlLCJjb250ZW50IjoicG9zdF90aXRsZSIsInNldHRpbmdzIjp7ImJlZm9yZSI6IiIsImFmdGVyIjoiIn19@[\/et_pb_text][\/et_pb_column][\/et_pb_row][et_pb_row column_structure=&#8221;3_4,1_4&#8243; _builder_version=&#8221;4.6.0&#8243; _module_preset=&#8221;default&#8221; background_color=&#8221;#ffffff&#8221; width=&#8221;95%&#8221; custom_margin=&#8221;20px||||false|false&#8221; custom_margin_tablet=&#8221;10px||||false|false&#8221; custom_margin_phone=&#8221;10px||||false|false&#8221; custom_margin_last_edited=&#8221;on|desktop&#8221; custom_padding=&#8221;50px|50px|50px|50px|true|true&#8221; box_shadow_style=&#8221;preset2&#8243;][et_pb_column type=&#8221;3_4&#8243; _builder_version=&#8221;4.6.0&#8243; _module_preset=&#8221;default&#8221;][et_pb_text _builder_version=&#8221;4.7.4&#8243; _module_preset=&#8221;default&#8221; link_font=&#8221;|600|||||||&#8221; header_2_text_align=&#8221;left&#8221; header_2_font_size=&#8221;30px&#8221; header_2_line_height=&#8221;1.2em&#8221; header_font_size_tablet=&#8221;48px&#8221; header_font_size_phone=&#8221;&#8221; header_font_size_last_edited=&#8221;on|tablet&#8221; header_2_font_size_tablet=&#8221;&#8221; header_2_font_size_phone=&#8221;25px&#8221; header_2_font_size_last_edited=&#8221;on|phone&#8221;]<\/p>\n<blockquote>\n<h3>ABsistemDC(NG)\u00a0softver za centralizaciju signala alarma<\/h3>\n<\/blockquote>\n<p><a href=\"https:\/\/www.alarmautomatika.com\/softveri\/prijem-i-obrada-alarma\/\">ABsistemDC(NG)<\/a>\u00a0softver osigurava pouzdan prijem i obradu signala alarma u <a href=\"https:\/\/www.alarmautomatika.com\/klijenti\/dojavni-centri\/\">dojavnim centrima<\/a>. Zbog mogu\u0107nosti prilagodbe potrebama korisnika i naprednih funkcionalnosti (videoverifikacija, vi\u0161ejezi\u010dnost, nadzor obilaska za\u0161titara), koristi ga ve\u0107ina dojavnih centara u regiji.<\/p>\n<blockquote>\n<h3>B2B online platforma<\/h3>\n<\/blockquote>\n<p><a href=\"https:\/\/www.alarmautomatika.com\/platforma\/#b2b-platforma\">B2B online platforma<\/a> dojavnim centrima olak\u0161ava pru\u017eanje usluge ugradnje tehni\u010dke za\u0161tite. Postupci naru\u010divanja i izrade ponuda su maksimalno pojednostavljeni, a sva potrebna dokumentacija je dostupna online, na svim ure\u0111ajima i operativnim sustavima, 24\/7\/365.<\/p>\n<blockquote>\n<h3>A\u017euriranje ABsistemDC(NG)\u00a0softvera<\/h3>\n<\/blockquote>\n<p>A\u017euriranje <a href=\"https:\/\/www.alarmautomatika.com\/softveri\/prijem-i-obrada-alarma\/\">ABsistemDC(NG)<\/a>\u00a0softvera novim verzijama i funkcionalnostima se mo\u017ee provesti online ili u samom dojavnom centru. Modularan koncept omogu\u0107uje dojavnim centrima da softver pro\u0161iruju novim funkcijama istom kada se za njima uka\u017ee potreba.<\/p>\n<blockquote>\n<h3>Edukacija operatera za rad s ABsistemDC(NG)\u00a0softverom<\/h3>\n<\/blockquote>\n<p>Prilikom implementacije <a href=\"https:\/\/www.alarmautomatika.com\/softveri\/prijem-i-obrada-alarma\/\">ABsistemDC(NG)<\/a>\u00a0softvera se provodi i edukacija operatera. Po potrebi se organizira obuka za kasnije zaposlene operatere te u svrhu implementacije novih modula i funkcionalnosti.<\/p>\n<blockquote>\n<h3>Tehni\u010dka podr\u0161ka<\/h3>\n<\/blockquote>\n<p>Slu\u017ebama tehni\u010dke za\u0161tite koje djeluju unutar dojavnih centara je dostupna <a href=\"https:\/\/www.alarmautomatika.com\/usluge\/sve-na-jednom-mjestu\/#prodajna-i-tehnicka-podrska\">tehni\u010dka podr\u0161ka za rad sa svim sustavima<\/a> u ponudi Alarm automatike. Uz telefonsku i online podr\u0161ku, organizira se i podr\u0161ka na objektima krajnjih korisnika.<\/p>\n<blockquote>\n<h3>\u0160irok raspon sustava tehni\u010dke za\u0161tite\u00a0 baziranih na suvremenim tehnologijama<\/h3>\n<\/blockquote>\n<p><a href=\"https:\/\/www.alarmautomatika.com\/usluge\/sve-na-jednom-mjestu\/#oprema-na-skladistu\">\u0160irok raspon ure\u0111aja i opreme<\/a> dojavnim centrima jam\u010di da \u0107e na jednom mjestu na\u0107i sve \u0161to im je potrebno za uspostavu potpuno funkcionalnog sustava tehni\u010dke za\u0161tite. Tehni\u010dki odjel testira pouzdanost opreme i funkcionalnost sustava pa se u prodaju stavljaju samo provjerena rje\u0161enja za\u0161tite.\u00a0 Ponuda se jednom godi\u0161nje sistematizira u obliku tiskanog <strong>iDEA Classic kataloga provjerenih rje\u0161enja za\u0161tite<\/strong>.<\/p>\n<blockquote>\n<h3>Servis i zamjenska oprema<\/h3>\n<\/blockquote>\n<p>Kao proizvo\u0111a\u010d i <a href=\"https:\/\/www.alarmautomatika.com\/dobavljaci\/\">ovla\u0161teni distributer<\/a> ure\u0111aja, Alarm automatika osigurava <a href=\"https:\/\/www.alarmautomatika.com\/usluge\/sve-na-jednom-mjestu\/#servis\">servis sve opreme u ponudi<\/a> u i van jamstvenog roka. Servis se radi na temelju procjena trajanja i tro\u0161ka popravka, a osigurana je i zamjenska oprema kada je to potrebno.<\/p>\n<blockquote>\n<h3>Tehni\u010dka dokumentacija<\/h3>\n<\/blockquote>\n<p>Za svu opremu u ponudi je osigurana kompletna dokumentacija &#8211; o karakteristikama ure\u0111aja, certifikati proizvo\u0111a\u010da, <a href=\"https:\/\/ce.alarmautomatika.com\" target=\"_blank\" rel=\"noopener noreferrer\">izjave o sukladnosti<\/a> te instalaterske i korisni\u010dke upute.<\/p>\n<p>[\/et_pb_text][\/et_pb_column][et_pb_column type=&#8221;1_4&#8243; _builder_version=&#8221;4.6.0&#8243; _module_preset=&#8221;default&#8221; custom_padding_tablet=&#8221;&#8221; custom_padding_phone=&#8221;&#8221; custom_padding_last_edited=&#8221;on|phone&#8221;][et_pb_image src=&#8221;https:\/\/www.alarmautomatika.com\/wp-content\/uploads\/2020\/10\/idea-classic-logo-home-banner.png&#8221; alt=&#8221;iDEA Classic&#8221; title_text=&#8221;iDEA Classic&#8221; align=&#8221;center&#8221; _builder_version=&#8221;4.7.4&#8243; _module_preset=&#8221;default&#8221;][\/et_pb_image][et_pb_accordion module_class=&#8221;idea-value-propositions&#8221; _builder_version=&#8221;4.9.0&#8243; _module_preset=&#8221;default&#8221; global_module=&#8221;8295&#8243;][et_pb_accordion_item title=&#8221;Blank&#8221; open=&#8221;on&#8221; _builder_version=&#8221;4.9.0&#8243; _module_preset=&#8221;default&#8221; custom_css_main_element=&#8221;display:none;&#8221;][\/et_pb_accordion_item][et_pb_accordion_item title=&#8221;Klijenti&#8221; _builder_version=&#8221;4.9.0&#8243; _module_preset=&#8221;default&#8221;]<\/p>\n<p><a href=\"https:\/\/www.alarmautomatika.com\/klijenti\/instalateri-tehnicke-zastite\/\">Instalateri tehni\u010dke za\u0161tite<\/a><\/p>\n<p><a href=\"https:\/\/www.alarmautomatika.com\/klijenti\/dojavni-centri\/\">Dojavni centri<\/a><\/p>\n<p><a href=\"https:\/\/www.alarmautomatika.com\/klijenti\/elektricari\/\">Elektri\u010dari<\/a><\/p>\n<p><a href=\"https:\/\/www.alarmautomatika.com\/klijenti\/trgovine-elektromaterijalom-i-it-opremom-internet-trgovine\/\">Trgovine elektromaterijalom i IT opremom, internet trgovine<\/a><\/p>\n<p>[\/et_pb_accordion_item][et_pb_accordion_item title=&#8221;Proizvodi&#8221; _builder_version=&#8221;4.9.0&#8243; _module_preset=&#8221;default&#8221;]<\/p>\n<p><a href=\"https:\/\/www.alarmautomatika.com\/proizvodi\/videonadzor\/\">Videonadzor<\/a><\/p>\n<p><a href=\"https:\/\/www.alarmautomatika.com\/proizvodi\/protuprovala-i-protuprepad\/\">Protuprovala i protuprepad<\/a><\/p>\n<p><a href=\"https:\/\/www.alarmautomatika.com\/proizvodi\/videointerfoni\/\">Videointerfoni<\/a><\/p>\n<p><a href=\"https:\/\/www.alarmautomatika.com\/proizvodi\/kontrola-pristupa-i-evidencija-radnog-vremena\/\">Kontrola pristupa i evidencija radnog vremena<\/a><\/p>\n<p><a href=\"https:\/\/www.alarmautomatika.com\/proizvodi\/audio-rjesenja\/\">Audio rje\u0161enja<\/a><\/p>\n<p><a href=\"https:\/\/www.alarmautomatika.com\/proizvodi\/automatske-rampe-i-vrata\/\">Automatske rampe i vrata<\/a><\/p>\n<p><a href=\"https:\/\/www.alarmautomatika.com\/proizvodi\/oprema-za-dojavne-centre\/\">Oprema za dojavne centre<\/a><\/p>\n<p><a href=\"https:\/\/www.alarmautomatika.com\/proizvodi\/dojava-pozara-i-plina\/\">Dojava po\u017eara i plina<\/a><\/p>\n<p>[\/et_pb_accordion_item][et_pb_accordion_item title=&#8221;Softveri&#8221; _builder_version=&#8221;4.9.0&#8243; _module_preset=&#8221;default&#8221;]<\/p>\n<p><a href=\"https:\/\/www.alarmautomatika.com\/softveri\/prijem-i-obrada-alarma\/\">Prijem i obrada signala alarma<\/a><\/p>\n<p>[\/et_pb_accordion_item][et_pb_accordion_item title=&#8221;Usluge&#8221; _builder_version=&#8221;4.9.0&#8243; _module_preset=&#8221;default&#8221;]<\/p>\n<p><a href=\"https:\/\/www.alarmautomatika.com\/usluge\/sve-na-jednom-mjestu\/#prodajna-i-tehnicka-podrska\" data-et-has-event-already=\"true\">Prodajna i tehni\u010dka podr\u0161ka<\/a><\/p>\n<p><a href=\"https:\/\/www.alarmautomatika.com\/usluge\/sve-na-jednom-mjestu\/#oprema-na-skladistu\" data-et-has-event-already=\"true\">Oprema na skladi\u0161tu<\/a><\/p>\n<p><a href=\"https:\/\/www.alarmautomatika.com\/usluge\/sve-na-jednom-mjestu\/#edukacija-instalatera\" data-et-has-event-already=\"true\">Edukacija instalatera<\/a><\/p>\n<p><a href=\"https:\/\/www.alarmautomatika.com\/usluge\/sve-na-jednom-mjestu\/#b2b-online-platforma\" data-et-has-event-already=\"true\">B2B online platforma<\/a><\/p>\n<p><a href=\"https:\/\/www.alarmautomatika.com\/usluge\/sve-na-jednom-mjestu\/#servis\" data-et-has-event-already=\"true\">Servis<\/a><\/p>\n<p><a href=\"https:\/\/www.alarmautomatika.com\/usluge\/sve-na-jednom-mjestu\/#idea-classic-katalog\" data-et-has-event-already=\"true\">iDEA Classic katalog<\/a><\/p>\n<p>[\/et_pb_accordion_item][et_pb_accordion_item title=&#8221;Platforma&#8221; _builder_version=&#8221;4.9.0&#8243; _module_preset=&#8221;default&#8221;]<\/p>\n<p><a href=\"https:\/\/www.alarmautomatika.com\/platforma\/#b2b-platforma\" data-et-has-event-already=\"true\">Jedinstvena B2B platforma koja \u0161tedi vrijeme<\/a><\/p>\n<p>[\/et_pb_accordion_item][\/et_pb_accordion][\/et_pb_column][\/et_pb_row][\/et_pb_section]<\/p>\n","protected":false},"excerpt":{"rendered":"<p>ABsistemDC(NG)\u00a0softver za centralizaciju signala alarma ABsistemDC(NG)\u00a0softver osigurava pouzdan prijem i obradu signala alarma u dojavnim centrima. Zbog mogu\u0107nosti prilagodbe potrebama korisnika i naprednih funkcionalnosti (videoverifikacija, vi\u0161ejezi\u010dnost, nadzor obilaska za\u0161titara), koristi ga ve\u0107ina dojavnih centara u regiji. B2B online platforma B2B online platforma dojavnim centrima olak\u0161ava pru\u017eanje usluge ugradnje tehni\u010dke za\u0161tite. Postupci naru\u010divanja i izrade ponuda [&hellip;]<\/p>\n","protected":false},"author":15,"featured_media":0,"parent":464,"menu_order":0,"comment_status":"closed","ping_status":"closed","template":"","meta":{"_et_pb_use_builder":"on","_et_pb_old_content":"","_et_gb_content_width":"","footnotes":""},"class_list":["post-116","page","type-page","status-publish","hentry"],"_links":{"self":[{"href":"https:\/\/www.alarmautomatika.com\/hr\/wp-json\/wp\/v2\/pages\/116","targetHints":{"allow":["GET"]}}],"collection":[{"href":"https:\/\/www.alarmautomatika.com\/hr\/wp-json\/wp\/v2\/pages"}],"about":[{"href":"https:\/\/www.alarmautomatika.com\/hr\/wp-json\/wp\/v2\/types\/page"}],"author":[{"embeddable":true,"href":"https:\/\/www.alarmautomatika.com\/hr\/wp-json\/wp\/v2\/users\/15"}],"replies":[{"embeddable":true,"href":"https:\/\/www.alarmautomatika.com\/hr\/wp-json\/wp\/v2\/comments?post=116"}],"version-history":[{"count":0,"href":"https:\/\/www.alarmautomatika.com\/hr\/wp-json\/wp\/v2\/pages\/116\/revisions"}],"up":[{"embeddable":true,"href":"https:\/\/www.alarmautomatika.com\/hr\/wp-json\/wp\/v2\/pages\/464"}],"wp:attachment":[{"href":"https:\/\/www.alarmautomatika.com\/hr\/wp-json\/wp\/v2\/media?parent=116"}],"curies":[{"name":"wp","href":"https:\/\/api.w.org\/{rel}","templated":true}]}}