{"id":124,"date":"2020-08-20T14:31:44","date_gmt":"2020-08-20T12:31:44","guid":{"rendered":"https:\/\/website.alarmautomatika.com\/?page_id=124"},"modified":"2024-10-31T09:27:46","modified_gmt":"2024-10-31T08:27:46","slug":"videonadzor","status":"publish","type":"page","link":"https:\/\/www.alarmautomatika.com\/hr\/proizvodi\/videonadzor\/","title":{"rendered":"Videonadzor"},"content":{"rendered":"<p>[et_pb_section fb_built=&#8221;1&#8243; _builder_version=&#8221;4.6.3&#8243; _module_preset=&#8221;default&#8221; background_image=&#8221;https:\/\/www.alarmautomatika.com\/wp-content\/uploads\/2020\/09\/Videonadzor-dvc-green.jpg&#8221; background_size=&#8221;initial&#8221; background_position=&#8221;top_center&#8221;][et_pb_row _builder_version=&#8221;4.6.0&#8243; _module_preset=&#8221;default&#8221; width=&#8221;95%&#8221;][et_pb_column type=&#8221;4_4&#8243; _builder_version=&#8221;4.6.0&#8243; _module_preset=&#8221;default&#8221;][et_pb_text _builder_version=&#8221;4.6.0&#8243; _dynamic_attributes=&#8221;content&#8221; _module_preset=&#8221;default&#8221; text_font=&#8221;|600|||||||&#8221; text_text_color=&#8221;#ffffff&#8221; text_font_size=&#8221;48px&#8221; text_line_height=&#8221;1.2em&#8221; custom_padding=&#8221;80px|50px||50px|false|true&#8221; text_font_size_tablet=&#8221;40px&#8221; text_font_size_phone=&#8221;32px&#8221; text_font_size_last_edited=&#8221;on|desktop&#8221; text_line_height_tablet=&#8221;&#8221; text_line_height_phone=&#8221;&#8221; text_line_height_last_edited=&#8221;on|phone&#8221; header_font_tablet=&#8221;&#8221; header_font_phone=&#8221;&#8221; header_font_last_edited=&#8221;on|phone&#8221; header_font_size_tablet=&#8221;&#8221; header_font_size_phone=&#8221;&#8221; header_font_size_last_edited=&#8221;on|phone&#8221; header_line_height_tablet=&#8221;&#8221; header_line_height_phone=&#8221;&#8221; header_line_height_last_edited=&#8221;on|desktop&#8221;]@ET-DC@eyJkeW5hbWljIjp0cnVlLCJjb250ZW50IjoicG9zdF90aXRsZSIsInNldHRpbmdzIjp7ImJlZm9yZSI6IiIsImFmdGVyIjoiIn19@[\/et_pb_text][\/et_pb_column][\/et_pb_row][et_pb_row column_structure=&#8221;3_4,1_4&#8243; _builder_version=&#8221;4.6.0&#8243; _module_preset=&#8221;default&#8221; background_color=&#8221;#ffffff&#8221; width=&#8221;95%&#8221; custom_margin=&#8221;20px||||false|false&#8221; custom_margin_tablet=&#8221;10px||||false|false&#8221; custom_margin_phone=&#8221;10px||||false|false&#8221; custom_margin_last_edited=&#8221;on|desktop&#8221; custom_padding=&#8221;50px|50px|50px|50px|true|true&#8221; box_shadow_style=&#8221;preset2&#8243;][et_pb_column type=&#8221;3_4&#8243; _builder_version=&#8221;4.6.0&#8243; _module_preset=&#8221;default&#8221;][et_pb_text _builder_version=&#8221;4.7.4&#8243; _module_preset=&#8221;default&#8221; link_font=&#8221;|600|||||||&#8221; header_2_text_align=&#8221;left&#8221; header_2_font_size=&#8221;30px&#8221; header_2_line_height=&#8221;1.2em&#8221; header_font_size_tablet=&#8221;48px&#8221; header_font_size_phone=&#8221;&#8221; header_font_size_last_edited=&#8221;on|tablet&#8221; header_2_font_size_tablet=&#8221;&#8221; header_2_font_size_phone=&#8221;25px&#8221; header_2_font_size_last_edited=&#8221;on|phone&#8221;]<\/p>\n<blockquote>\n<h2>DVC videonadzor u AHD i IP tehnologiji<\/h2>\n<\/blockquote>\n<p>Vlastiti brand <a href=\"https:\/\/www.dvc.video\" target=\"_blank\" rel=\"noopener noreferrer\">DVC<\/a> Alarm automatika razvija od 2003. godine, kao odgovor na potrebe regionalnog tr\u017ei\u0161ta za proizvodom koji \u0107e biti fleksibilan i pouzdan. Uz najnapredniju tehnologiju i pouzdane komponente (kamere, snima\u010di i dodatna oprema), <a href=\"https:\/\/www.dvc.video\" target=\"_blank\" rel=\"noopener noreferrer\">DVC<\/a> proizvodi omogu\u0107uju najvi\u0161e performanse, a dostupni su u AHD i IP tehnologiji.<\/p>\n<blockquote>\n<h2>Fleksibilnost DVC IP sustava<\/h2>\n<\/blockquote>\n<p>\u0160irok raspon i fleksibilnost proizvoda omogu\u0107uju primjenjivost u objektima razli\u010dite veli\u010dine i namjene. Od stambenih i manjih uredskih prostora, do kompleksnih objekata pove\u0107anog rizika, kojima se kre\u0107e veliki broj ljudi. Kompleksnost sustava dosti\u017ee mogu\u0107ih 30.000 kamera. Kamere su klasificiranje u pet razli\u010ditih kategorija i linija \u2013 Special, Supreme, Smart, Start i Speed te mogu odgovoriti na sve zahtjeve korisnika po kriterijima cijene, kvalitete i omjera performansi.<\/p>\n<p>U Special klasi izdvaja se panoramska kamera sa <em>starlight<\/em> tehnologijom koja sadr\u017ei \u010detiri odvojene kamere koje se zahvaljuju\u0107i posebnom softveru spajaju u jednu. <em>Starlight<\/em> senzor omogu\u0107uje no\u0107ni rad u boji sa savr\u0161enom slikom i pri vrlo slabom osvjetljenju.<\/p>\n<blockquote>\n<h2>DVC AHD sustavi<\/h2>\n<\/blockquote>\n<p><a href=\"https:\/\/www.dvc.video\" target=\"_blank\" rel=\"noopener noreferrer\">DVC<\/a> AHD analogni sustavi video nadzora u HD rezoluciji naj\u010de\u0161\u0107e se primjenjuju za za\u0161titu stambenih i poslovnih objekata korisnika koji \u017eele visoku kvalitetu snimke u analognoj tehnologiji. To zna\u010di da ne\u0107e morati mijenjati postoje\u0107u instalaciju.<\/p>\n<blockquote>\n<h2>DVC videoanalitika<\/h2>\n<\/blockquote>\n<p>Za\u0161titu perimetra i pra\u0107enje objekata u sceni omogu\u0107uju AI videoanaliti\u010dke funkcije <a href=\"https:\/\/www.dvc.video\" target=\"_blank\" rel=\"noopener noreferrer\">DVC<\/a> videonadzora. Ovisno o tipu kamere mogu\u0107e su funkcije pra\u0107enja objekata detekcije prijelaza preko linije, upada u prostor, brojanja osoba, raspoznavanja osoba i vozila, detekciju lica, detekciju registarskih oznaka.<\/p>\n<blockquote>\n<h2>NVMS 2.0. softver za upravljanje snima\u010dima<\/h2>\n<\/blockquote>\n<p><a href=\"https:\/\/www.dvc.video\" target=\"_blank\" rel=\"noopener noreferrer\">DVC<\/a> sustavima se mo\u017ee upravljati daljinski putem DVC NVMS 2.0 (LITE) softvera, DVC snima\u010da, web preglednika i mobilne aplikacije. Administrator mo\u017ee upravljati sa vi\u0161e snima\u010da istovremeno (kompatibilnost sa Hikvison i Dahua snima\u010dima) te pregledavati do 100 kamera istovremeno.<\/p>\n<blockquote>\n<h2>DVC Connect app za pregled kamera u realnom vremenu<\/h2>\n<\/blockquote>\n<p>Besplatan mobilna aplikacija DVC Connect (<a href=\"https:\/\/play.google.com\/store\/apps\/details?id=video.dvc.connect\" target=\"_blank\" rel=\"noopener noreferrer\">Android<\/a>, <a href=\"https:\/\/apps.apple.com\/hr\/app\/dvc-connect\/id1453670318?l=hr\" target=\"_blank\" rel=\"noopener noreferrer\">iOS<\/a>) dostupna omogu\u0107uje pregled kamera sa snima\u010da u realnom vremenu. Mogu\u0107e je i lokalno snimanje na SD karticu mobilnog telefona i pregled snimljene snimke sa SD kartice, kao i alarmiranje korisnika o doga\u0111ajima iniciranima detekcijom kretanja ili samim alarmnim ulazima na snima\u010du.<\/p>\n<blockquote>\n<h2>DVC serveri za video nadzorne centre<\/h2>\n<\/blockquote>\n<p>U ponudi je \u0161irok raspon servera za video nadzorne centre i posebno prilago\u0111enih radu sa <a href=\"https:\/\/www.dvc.video\" target=\"_blank\" rel=\"noopener noreferrer\">DVC<\/a> sustavima videonadzora i NVMS softverom. Njima se mo\u017ee nadzirati do 30.000 kamera te omogu\u0107uju videoverifikaciju alarmnih doga\u0111aja.<\/p>\n<blockquote>\n<h2>DVC sustavi za mjerenje temperature<\/h2>\n<\/blockquote>\n<p>Alarm automatika \u00a0trenutno nudi pet inovativnih DVC rje\u0161enja za beskontaktnu detekciju povi\u0161ene tjelesne temperature, kao doprinos odgovornom pona\u0161anju i za\u0161titi zdravlja.<\/p>\n<p>Rje\u0161enja se razlikuju prvenstveno po koli\u010dini podataka koje mogu obraditi u odre\u0111enom vremenskom periodu. Za mjesta visoke frekvencije prolaza uz pametnu videoanalitku mo\u017ee se obraditi do 30 osoba istovremeno, a za mjesta srednje frekvencije do 10 osoba istovremeno.<\/p>\n<p>Posebno se isti\u010de fleksibilno rje\u0161enje pomo\u0107u ure\u0111aja DVC DTC-24F koje uz mjerenje temperature ima mogu\u0107nost prepoznavanja nosi li osoba masku. Isti ure\u0111aj ima mogu\u0107nost umre\u017eavanja s drugim ure\u0111ajima (kontrola pristupa, video intercom, evidencija radnog vremena) pa mu je primjena fleksibilna.<\/p>\n<blockquote>\n<h2>Hikvision analogni videonadzor TVI<\/h2>\n<\/blockquote>\n<p>\u0160irok raspon snima\u010da (4 \u2013 8 analognih, 2 \u2013 8 IP kanala) te motoriziranih i fiksnih kamera (2 \u2013 8MPX) omogu\u0107uju da se iskoristi instalacija postoje\u0107eg analognog sustava te da ga se po potrebi pro\u0161iri IP kamerama.<\/p>\n<blockquote>\n<h2>Hikvision IP videonadzor EasyIP<\/h2>\n<\/blockquote>\n<p><a href=\"https:\/\/www.hikvision.com\/europe\/products\/IP-Products\/\" target=\"_blank\" rel=\"noopener noreferrer\">EasyIP<\/a> tehnologija obuhva\u0107a cijeli niz naprednih karakteristika implementiranih u <a href=\"https:\/\/www.hikvision.com\/europe\/\" target=\"_blank\" rel=\"noopener noreferrer\">Hikvision<\/a> rje\u0161enja. Treba istaknuti H.265+ kodek, 4K rezoluciju te AcuSense i ColorVu tehnologije. EasyIP je implementiran u razne verzije PTZ i Fisheye, LPR i termalnih kamera te u kamere za brojanje posjetitelja.<\/p>\n<blockquote>\n<h2>Hikvision napredne tehnologije<\/h2>\n<\/blockquote>\n<p>U <a href=\"https:\/\/www.hikvision.com\/europe\/\" target=\"_blank\" rel=\"noopener noreferrer\">Hikvision<\/a> sustave implementirane su mnoge napredne tehnologije od kojih treba istaknuti ColorVu, koja omogu\u0107uje mnogo jasniju sliku bez obzira na slabije osvijetljene scene te AcuSense za ciljanu klasifikaciju objekata u sceni. Dostupne su i razli\u010dite napredne videoanaliti\u010dke funkcije, kao na primjer LPR, brojanje posjetitelja ili za\u0161tita perimetra.<\/p>\n<p>[\/et_pb_text][\/et_pb_column][et_pb_column type=&#8221;1_4&#8243; _builder_version=&#8221;4.6.0&#8243; _module_preset=&#8221;default&#8221; custom_padding_tablet=&#8221;&#8221; custom_padding_phone=&#8221;&#8221; custom_padding_last_edited=&#8221;on|phone&#8221;][et_pb_image src=&#8221;https:\/\/www.alarmautomatika.com\/wp-content\/uploads\/2020\/10\/idea-classic-logo-home-banner.png&#8221; alt=&#8221;iDEA Classic&#8221; title_text=&#8221;iDEA Classic&#8221; align=&#8221;center&#8221; _builder_version=&#8221;4.7.4&#8243; _module_preset=&#8221;default&#8221;][\/et_pb_image][et_pb_accordion module_class=&#8221;idea-value-propositions&#8221; _builder_version=&#8221;4.9.0&#8243; _module_preset=&#8221;default&#8221; global_module=&#8221;8295&#8243;][et_pb_accordion_item title=&#8221;Blank&#8221; open=&#8221;on&#8221; _builder_version=&#8221;4.9.0&#8243; _module_preset=&#8221;default&#8221; custom_css_main_element=&#8221;display:none;&#8221;][\/et_pb_accordion_item][et_pb_accordion_item title=&#8221;Klijenti&#8221; _builder_version=&#8221;4.9.0&#8243; _module_preset=&#8221;default&#8221; open=&#8221;off&#8221;]<\/p>\n<p><a href=\"https:\/\/www.alarmautomatika.com\/klijenti\/instalateri-tehnicke-zastite\/\">Instalateri tehni\u010dke za\u0161tite<\/a><\/p>\n<p><a href=\"https:\/\/www.alarmautomatika.com\/klijenti\/dojavni-centri\/\">Dojavni centri<\/a><\/p>\n<p><a href=\"https:\/\/www.alarmautomatika.com\/klijenti\/elektricari\/\">Elektri\u010dari<\/a><\/p>\n<p><a href=\"https:\/\/www.alarmautomatika.com\/klijenti\/trgovine-elektromaterijalom-i-it-opremom-internet-trgovine\/\">Trgovine elektromaterijalom i IT opremom, internet trgovine<\/a><\/p>\n<p>[\/et_pb_accordion_item][et_pb_accordion_item title=&#8221;Proizvodi&#8221; _builder_version=&#8221;4.9.0&#8243; _module_preset=&#8221;default&#8221; open=&#8221;off&#8221;]<\/p>\n<p><a href=\"https:\/\/www.alarmautomatika.com\/proizvodi\/videonadzor\/\">Videonadzor<\/a><\/p>\n<p><a href=\"https:\/\/www.alarmautomatika.com\/proizvodi\/protuprovala-i-protuprepad\/\">Protuprovala i protuprepad<\/a><\/p>\n<p><a href=\"https:\/\/www.alarmautomatika.com\/proizvodi\/videointerfoni\/\">Videointerfoni<\/a><\/p>\n<p><a href=\"https:\/\/www.alarmautomatika.com\/proizvodi\/kontrola-pristupa-i-evidencija-radnog-vremena\/\">Kontrola pristupa i evidencija radnog vremena<\/a><\/p>\n<p><a href=\"https:\/\/www.alarmautomatika.com\/proizvodi\/audio-rjesenja\/\">Audio rje\u0161enja<\/a><\/p>\n<p><a href=\"https:\/\/www.alarmautomatika.com\/proizvodi\/automatske-rampe-i-vrata\/\">Automatske rampe i vrata<\/a><\/p>\n<p><a href=\"https:\/\/www.alarmautomatika.com\/proizvodi\/oprema-za-dojavne-centre\/\">Oprema za dojavne centre<\/a><\/p>\n<p><a href=\"https:\/\/www.alarmautomatika.com\/proizvodi\/dojava-pozara-i-plina\/\">Dojava po\u017eara i plina<\/a><\/p>\n<p>[\/et_pb_accordion_item][et_pb_accordion_item title=&#8221;Softveri&#8221; _builder_version=&#8221;4.9.0&#8243; _module_preset=&#8221;default&#8221; open=&#8221;off&#8221;]<\/p>\n<p><a href=\"https:\/\/www.alarmautomatika.com\/softveri\/prijem-i-obrada-alarma\/\">Prijem i obrada signala alarma<\/a><\/p>\n<p>[\/et_pb_accordion_item][et_pb_accordion_item title=&#8221;Usluge&#8221; _builder_version=&#8221;4.9.0&#8243; _module_preset=&#8221;default&#8221; open=&#8221;off&#8221;]<\/p>\n<p><a href=\"https:\/\/www.alarmautomatika.com\/usluge\/sve-na-jednom-mjestu\/#prodajna-i-tehnicka-podrska\" data-et-has-event-already=\"true\">Prodajna i tehni\u010dka podr\u0161ka<\/a><\/p>\n<p><a href=\"https:\/\/www.alarmautomatika.com\/usluge\/sve-na-jednom-mjestu\/#oprema-na-skladistu\" data-et-has-event-already=\"true\">Oprema na skladi\u0161tu<\/a><\/p>\n<p><a href=\"https:\/\/www.alarmautomatika.com\/usluge\/sve-na-jednom-mjestu\/#edukacija-instalatera\" data-et-has-event-already=\"true\">Edukacija instalatera<\/a><\/p>\n<p><a href=\"https:\/\/www.alarmautomatika.com\/usluge\/sve-na-jednom-mjestu\/#b2b-online-platforma\" data-et-has-event-already=\"true\">B2B online platforma<\/a><\/p>\n<p><a href=\"https:\/\/www.alarmautomatika.com\/usluge\/sve-na-jednom-mjestu\/#servis\" data-et-has-event-already=\"true\">Servis<\/a><\/p>\n<p><a href=\"https:\/\/www.alarmautomatika.com\/usluge\/sve-na-jednom-mjestu\/#idea-classic-katalog\" data-et-has-event-already=\"true\">iDEA Classic katalog<\/a><\/p>\n<p>[\/et_pb_accordion_item][et_pb_accordion_item title=&#8221;Platforma&#8221; _builder_version=&#8221;4.9.0&#8243; _module_preset=&#8221;default&#8221; open=&#8221;off&#8221;]<\/p>\n<p><a href=\"https:\/\/www.alarmautomatika.com\/platforma\/#b2b-platforma\" data-et-has-event-already=\"true\">Jedinstvena B2B platforma koja \u0161tedi vrijeme<\/a><\/p>\n<p>[\/et_pb_accordion_item][\/et_pb_accordion][\/et_pb_column][\/et_pb_row][\/et_pb_section]<\/p>\n","protected":false},"excerpt":{"rendered":"<p>DVC videonadzor u AHD i IP tehnologiji Vlastiti brand DVC Alarm automatika razvija od 2003. godine, kao odgovor na potrebe regionalnog tr\u017ei\u0161ta za proizvodom koji \u0107e biti fleksibilan i pouzdan. Uz najnapredniju tehnologiju i pouzdane komponente (kamere, snima\u010di i dodatna oprema), DVC proizvodi omogu\u0107uju najvi\u0161e performanse, a dostupni su u AHD i IP tehnologiji. Fleksibilnost [&hellip;]<\/p>\n","protected":false},"author":15,"featured_media":0,"parent":466,"menu_order":0,"comment_status":"closed","ping_status":"closed","template":"","meta":{"_et_pb_use_builder":"on","_et_pb_old_content":"<!-- wp:divi\/placeholder \/-->","_et_gb_content_width":"","footnotes":""},"class_list":["post-124","page","type-page","status-publish","hentry"],"_links":{"self":[{"href":"https:\/\/www.alarmautomatika.com\/hr\/wp-json\/wp\/v2\/pages\/124","targetHints":{"allow":["GET"]}}],"collection":[{"href":"https:\/\/www.alarmautomatika.com\/hr\/wp-json\/wp\/v2\/pages"}],"about":[{"href":"https:\/\/www.alarmautomatika.com\/hr\/wp-json\/wp\/v2\/types\/page"}],"author":[{"embeddable":true,"href":"https:\/\/www.alarmautomatika.com\/hr\/wp-json\/wp\/v2\/users\/15"}],"replies":[{"embeddable":true,"href":"https:\/\/www.alarmautomatika.com\/hr\/wp-json\/wp\/v2\/comments?post=124"}],"version-history":[{"count":2,"href":"https:\/\/www.alarmautomatika.com\/hr\/wp-json\/wp\/v2\/pages\/124\/revisions"}],"predecessor-version":[{"id":55498,"href":"https:\/\/www.alarmautomatika.com\/hr\/wp-json\/wp\/v2\/pages\/124\/revisions\/55498"}],"up":[{"embeddable":true,"href":"https:\/\/www.alarmautomatika.com\/hr\/wp-json\/wp\/v2\/pages\/466"}],"wp:attachment":[{"href":"https:\/\/www.alarmautomatika.com\/hr\/wp-json\/wp\/v2\/media?parent=124"}],"curies":[{"name":"wp","href":"https:\/\/api.w.org\/{rel}","templated":true}]}}