{"id":12583,"date":"2021-05-25T09:18:13","date_gmt":"2021-05-25T07:18:13","guid":{"rendered":"https:\/\/www.alarmautomatika.com\/?page_id=12583"},"modified":"2021-08-03T15:41:38","modified_gmt":"2021-08-03T13:41:38","slug":"elektrokemijska-zastita-bankomata","status":"publish","type":"page","link":"https:\/\/www.alarmautomatika.com\/hr\/proizvodi\/elektrokemijska-zastita-bankomata\/","title":{"rendered":"Elektrokemijska za\u0161tita bankomata"},"content":{"rendered":"<p>[et_pb_section fb_built=&#8221;1&#8243; _builder_version=&#8221;4.8.2&#8243; _module_preset=&#8221;default&#8221; custom_padding=&#8221;0px||||false|false&#8221;][et_pb_row _builder_version=&#8221;4.8.2&#8243; _module_preset=&#8221;default&#8221;][et_pb_column type=&#8221;4_4&#8243; _builder_version=&#8221;4.8.2&#8243; _module_preset=&#8221;default&#8221;][et_pb_text _builder_version=&#8221;4.9.4&#8243; _dynamic_attributes=&#8221;content&#8221; _module_preset=&#8221;default&#8221; hover_enabled=&#8221;0&#8243; sticky_enabled=&#8221;0&#8243;]@ET-DC@eyJkeW5hbWljIjp0cnVlLCJjb250ZW50IjoicG9zdF90aXRsZSIsInNldHRpbmdzIjp7ImJlZm9yZSI6IjxibG9ja3F1b3RlPjxoMT4iLCJhZnRlciI6IjwvaDE+PC9ibG9ja3F1b3RlPiJ9fQ==@[\/et_pb_text][et_pb_text _builder_version=&#8221;4.9.10&#8243; _module_preset=&#8221;default&#8221; hover_enabled=&#8221;0&#8243; sticky_enabled=&#8221;0&#8243;]<\/p>\n<p><em>Elektrokemijska za\u0161tita je najefikasniji na\u010din prevencije jer se u slu\u010daju poku\u0161aja kra\u0111e novac pohranjen u kazetama ozna\u010di posebnom bojom i nije vi\u0161e upotrebljiv. Zbog jednostavnosti kori\u0161tenja, boje iznimnih sigurnosnih karakteristika, kompatibilnosti sa bankomatima razli\u010ditih proizvo\u0111a\u010da, mogu\u0107nosti daljinskog nadzora nad svakom kazetom te modularnog koncepta sustava, <a href=\"https:\/\/www.oberthurcp.com\/en\/\" target=\"_blank\" rel=\"noopener\"><strong>Oberthur Cash Protection ICSD (In-Cassette Staining Device) rje\u0161enje s ure\u0111ajem za bojanje u samoj kazeti<\/strong><\/a> je najefikasniji na\u010din prevencije fizi\u010dkih napada (plinom, eksplozivom, vozilom i sli\u010dno) na bankomate.<\/em><\/p>\n<p>[\/et_pb_text][et_pb_image src=&#8221;https:\/\/www.alarmautomatika.com\/wp-content\/uploads\/2021\/05\/oberthur-eflyer-banner.jpg&#8221; title_text=&#8221;evac-eflyer-banner&#8221; _builder_version=&#8221;4.9.4&#8243; _module_preset=&#8221;default&#8221;][\/et_pb_image][et_pb_text _builder_version=&#8221;4.9.4&#8243; _module_preset=&#8221;default&#8221; header_2_line_height=&#8221;1.3em&#8221;]<\/p>\n<blockquote>\n<h2>Pouzdano rje\u0161enje elektrokemijske za\u0161tite bankomata Oberthur IC SD (In-Cassette Staining Device)<\/h2>\n<\/blockquote>\n<p>[\/et_pb_text][et_pb_text _builder_version=&#8221;4.9.4&#8243; _module_preset=&#8221;default&#8221;]<\/p>\n<p>Oberthur Cash Protection razvio je ICSD (ure\u0111aj za bojenje u kazeti) kako bi za\u0161titio nov\u010danice unutar kazete bankomata od bilo kakvih fizi\u010dkih napada kao \u0161to su eksplozije (plinom \/ eksplozivom ), naleti vozilom, ilegalno otvaranje, kra\u0111a i sli\u010dno. Kazete s novcem unutar bankomata imaju poklopce u kojima je ugra\u0111ena elektronika koja sama ili preko kontrolnog modula ugra\u0111enog u bankomatu detektira napad na bankomat i aktivira otpu\u0161tanje specijalne tinte kojom se oboje sve nov\u010danice u kazeti i to minimalno 20% njene povr\u0161ine. Tako obojene nov\u010danice ne mogu se koristiti jer je tinta vidljiva, a detektira se i u ure\u0111ajima za kontrolu nov\u010danica.<\/p>\n<p>Oberthur rje\u0161enje je certificirano u vi\u0161e zemalja, izme\u0111u ostalih ima i VdS certifikat.<\/p>\n<p>[\/et_pb_text][\/et_pb_column][\/et_pb_row][et_pb_row _builder_version=&#8221;4.9.4&#8243; _module_preset=&#8221;default&#8221; custom_padding=&#8221;0px||0px||true|false&#8221;][et_pb_column type=&#8221;4_4&#8243; _builder_version=&#8221;4.9.4&#8243; _module_preset=&#8221;default&#8221;][et_pb_image src=&#8221;https:\/\/www.alarmautomatika.com\/wp-content\/uploads\/2021\/05\/oberthur-prednosti-hr.jpg&#8221; align=&#8221;center&#8221; _builder_version=&#8221;4.9.4&#8243; _module_preset=&#8221;default&#8221;][\/et_pb_image][\/et_pb_column][\/et_pb_row][et_pb_row column_structure=&#8221;1_3,1_3,1_3&#8243; use_custom_gutter=&#8221;on&#8221; gutter_width=&#8221;2&#8243; _builder_version=&#8221;4.9.4&#8243; _module_preset=&#8221;default&#8221;][et_pb_column type=&#8221;1_3&#8243; _builder_version=&#8221;4.9.4&#8243; _module_preset=&#8221;default&#8221;][et_pb_text _builder_version=&#8221;4.9.4&#8243; _module_preset=&#8221;default&#8221;]<\/p>\n<p><strong>Visoka pouzdanost<\/strong><\/p>\n<ul>\n<li>Za sve fizi\u010dke napade na ATM<\/li>\n<li>Visoka kvaliteta tinte<\/li>\n<li>Obojano 20% povr\u0161ine\/100% nov\u010danica<\/li>\n<li>Velika brzina bojanja<\/li>\n<li>Sigurnosno-upravlja\u010dki modul (SCM)<\/li>\n<\/ul>\n<p>[\/et_pb_text][\/et_pb_column][et_pb_column type=&#8221;1_3&#8243; _builder_version=&#8221;4.9.4&#8243; _module_preset=&#8221;default&#8221;][et_pb_text _builder_version=&#8221;4.9.4&#8243; _module_preset=&#8221;default&#8221;]<\/p>\n<p><strong>Visoka isplativost bez skrivenih tro\u0161kova<\/strong><\/p>\n<ul>\n<li>Vijek trajanja tinte &gt;10 godina<\/li>\n<li>Nema dodatnih tro\u0161kova u transportu kazeta<\/li>\n<li>Jednostavno odr\u017eavanje<\/li>\n<li>Ure\u0111aj za deaktiviranje za cash centar<\/li>\n<li>Modularan koncept<\/li>\n<\/ul>\n<p>[\/et_pb_text][\/et_pb_column][et_pb_column type=&#8221;1_3&#8243; _builder_version=&#8221;4.9.4&#8243; _module_preset=&#8221;default&#8221;][et_pb_text _builder_version=&#8221;4.9.4&#8243; _module_preset=&#8221;default&#8221;]<\/p>\n<p><strong>Jednostavna ugradnja i upotreba<\/strong><\/p>\n<ul>\n<li>Nema zahvata na bankomatu<\/li>\n<li>Samo zamjena poklopca<\/li>\n<li>Gotovi poklopci za najkori\u0161tenije kazete<\/li>\n<li>Nema izmjene procedure punjenja<\/li>\n<\/ul>\n<p>[\/et_pb_text][\/et_pb_column][\/et_pb_row][et_pb_row _builder_version=&#8221;4.9.4&#8243; _module_preset=&#8221;default&#8221;][et_pb_column type=&#8221;4_4&#8243; _builder_version=&#8221;4.9.4&#8243; _module_preset=&#8221;default&#8221;][et_pb_text _builder_version=&#8221;4.9.4&#8243; _module_preset=&#8221;default&#8221;]<\/p>\n<blockquote>\n<h2>Dijelovi IC SD sustava<\/h2>\n<\/blockquote>\n<p>[\/et_pb_text][et_pb_text _builder_version=&#8221;4.9.4&#8243; _module_preset=&#8221;default&#8221;]<\/p>\n<h3>Kit za kazetu (poklopac s ugra\u0111enom elektronikom i tintom)<o:p><\/o:p><\/h3>\n<p>[\/et_pb_text][\/et_pb_column][\/et_pb_row][et_pb_row column_structure=&#8221;1_4,3_4&#8243; _builder_version=&#8221;4.9.4&#8243; _module_preset=&#8221;default&#8221;][et_pb_column type=&#8221;1_4&#8243; _builder_version=&#8221;4.9.4&#8243; _module_preset=&#8221;default&#8221;][et_pb_image src=&#8221;https:\/\/www.alarmautomatika.com\/wp-content\/uploads\/2021\/05\/Oberthur-ICSD-NCRS1a.jpg&#8221; alt=&#8221;Oberthur Cash protection ICSD NCRS1a&#8221; _builder_version=&#8221;4.9.4&#8243; _module_preset=&#8221;default&#8221;][\/et_pb_image][\/et_pb_column][et_pb_column type=&#8221;3_4&#8243; _builder_version=&#8221;4.9.4&#8243; _module_preset=&#8221;default&#8221;][et_pb_text _builder_version=&#8221;4.9.4&#8243; _module_preset=&#8221;default&#8221;]<\/p>\n<ul>\n<li>Ravnomjerno raspr\u0161uje tintu na nov\u010danice<\/li>\n<li>Komunicira s kontrolnim modulom, automatsko povezivanje<\/li>\n<li>Dvosmjerna i kriptirana radio komunikacija: potvrda primanja naredbe<\/li>\n<li>Sensori za samoza\u0161titu: nelegelano otvaranje, nenormalna temperatura, kvar baterije<\/li>\n<li>Sve je u poklopcu: ne utje\u010de na kapacitet nov\u010danica u kazeti<\/li>\n<li>Kada nestane napajanje bankomata ili nestane komunikacija sa kontrolnim modulom: modul u kazeti i dalje \u0161titi nov\u010danice \u2013 za\u0161tita i kod prijenosa kazeta<\/li>\n<li>Tehnologija bojanja: kao airbag sustav, ne\u0161kodljiv za korisnika (nema rizika skladi\u0161tenja kao kod EX\/Co2\/pirotehnika)<\/li>\n<\/ul>\n<p>[\/et_pb_text][\/et_pb_column][\/et_pb_row][et_pb_row _builder_version=&#8221;4.9.4&#8243; _module_preset=&#8221;default&#8221;][et_pb_column type=&#8221;4_4&#8243; _builder_version=&#8221;4.9.4&#8243; _module_preset=&#8221;default&#8221;][et_pb_text _builder_version=&#8221;4.9.4&#8243; _module_preset=&#8221;default&#8221;]<\/p>\n<h3>Sigurnosni kontrolni modul<\/h3>\n<p>[\/et_pb_text][et_pb_text _builder_version=&#8221;4.9.4&#8243; _module_preset=&#8221;default&#8221;]<\/p>\n<p>Sve mogu\u0107e funkcije kazete (na\u010dini, sekvence aktiviranja, itd.) programirane su u kazeti i njima upravlja Sigurnosno-upravlja\u010dki modul (SCM), omogu\u0107avaju\u0107i klijentima da koriste iste ICSD za\u0161ti\u0107ene kazete na bilo kojem mjestu i u bilo koje vrijeme.<\/p>\n<p>[\/et_pb_text][\/et_pb_column][\/et_pb_row][et_pb_row column_structure=&#8221;1_4,3_4&#8243; _builder_version=&#8221;4.9.4&#8243; _module_preset=&#8221;default&#8221;][et_pb_column type=&#8221;1_4&#8243; _builder_version=&#8221;4.9.4&#8243; _module_preset=&#8221;default&#8221;][et_pb_image src=&#8221;https:\/\/www.alarmautomatika.com\/wp-content\/uploads\/2021\/05\/Oberthur-SCM-3D.jpg&#8221; alt=&#8221;Oberthur SCM 3D&#8221; _builder_version=&#8221;4.9.4&#8243; _module_preset=&#8221;default&#8221;][\/et_pb_image][\/et_pb_column][et_pb_column type=&#8221;3_4&#8243; _builder_version=&#8221;4.9.4&#8243; _module_preset=&#8221;default&#8221;][et_pb_text _builder_version=&#8221;4.9.4&#8243; _module_preset=&#8221;default&#8221;]<\/p>\n<ul>\n<li>Detektira fizi\u010dke napade<\/li>\n<li>Be\u017ei\u010dno je povezan sa svakom kazetom unutar bankomata<\/li>\n<li>Zaustavlja izdavanje nov\u010danica kod aktiviranja<\/li>\n<li>&#8220;Crna kutija&#8221; za pregled doga\u0111aja<\/li>\n<li>Provjerava prisustvo svih kazeta kada se zatvori sigurnosna vrata bankomata<\/li>\n<li>Automatsko deaktiviranje svih kazeta kada se legalno otvore sigurnosna vrata bankomata<\/li>\n<li>RS232\/USB za povezivanje sa ra\u010dunalom \u2013 za programiranje i centralizirani softverski nadzor bankomata<\/li>\n<\/ul>\n<p>[\/et_pb_text][\/et_pb_column][\/et_pb_row][et_pb_row _builder_version=&#8221;4.9.4&#8243; _module_preset=&#8221;default&#8221;][et_pb_column type=&#8221;4_4&#8243; _builder_version=&#8221;4.9.4&#8243; _module_preset=&#8221;default&#8221;][et_pb_text _builder_version=&#8221;4.9.4&#8243; _module_preset=&#8221;default&#8221; hover_enabled=&#8221;0&#8243; sticky_enabled=&#8221;0&#8243;]<\/p>\n<h3>Opcionalne funkcije rje\u0161enja<\/h3>\n<p>[\/et_pb_text][et_pb_text _builder_version=&#8221;4.9.4&#8243; _module_preset=&#8221;default&#8221;]<\/p>\n<p>Ako postoji potreba, rje\u0161enje se mo\u017ee pro\u0161iriti dodatnima detektorima i modulima koji nisu neophodni za funkcioniranje, ali pove\u0107avaju sigurnost sustava u cjelini.<\/p>\n<p>Dodavanjem<strong> I2C modula<\/strong> se omogu\u0107uje slanje do 8 informacija u alarmni nadzorni centar putem alarmne centrale povezivanjem putem beznaponskih kontakata.<\/p>\n<p><strong>Svjetlosni senzor<\/strong> signalizira kontrolnom modulu da detektira svjetlost kada je bankomat zatvoren i u radu (poku\u0161aj otvaranja bankomata plamenoreza\u010dem i sli\u010dno), a <strong>detektor plina<\/strong> signalizira poku\u0161aj kori\u0161tenja raznih plinova pomo\u0107u kojih se izaziva eksplozija bankomata.<strong> Ure\u0111aj za zaklju\u010davanje kazeta<\/strong> u stvari je dodatna mehani\u010dka za\u0161tita kazeta koja se otvara automatski u slu\u010daju legalnog otvaranja bankomata.<\/p>\n<p>Oberthur ICSD rje\u0161enje se putem posebnog softvera mo\u017ee centralizirano nadzirati i\u00a0 upravljati.<\/p>\n<p>[\/et_pb_text][et_pb_text _builder_version=&#8221;4.9.4&#8243; _module_preset=&#8221;default&#8221;]<\/p>\n<blockquote>\n<h2>Oberthur Cash Protection<\/h2>\n<\/blockquote>\n<p>[\/et_pb_text][et_pb_text _builder_version=&#8221;4.9.10&#8243; _module_preset=&#8221;default&#8221; hover_enabled=&#8221;0&#8243; sticky_enabled=&#8221;0&#8243;]<\/p>\n<p><a href=\"https:\/\/www.oberthurcp.com\/en\/\" target=\"_blank\" rel=\"noopener\">Oberthur Cash Protection<\/a> je francuska tvrtka koja se od 1985. godine bavi dizajnom i proizvodnjom inteligentnih rje\u0161enja za za\u0161titu novca u bankomatima, transportu i trgovinama. Oberthur rje\u0161enja se koriste u vi\u0161e od 35 zemalja \u0161to tvrtku \u010dini jednim od vode\u0107ih proizvo\u0111a\u010da u svojoj domeni.<\/p>\n<p>[\/et_pb_text][et_pb_image src=&#8221;https:\/\/www.alarmautomatika.com\/wp-content\/uploads\/2021\/05\/oberthur-faktografija-hr.jpg&#8221; _builder_version=&#8221;4.9.4&#8243; _module_preset=&#8221;default&#8221;][\/et_pb_image][et_pb_video src=&#8221;https:\/\/youtu.be\/x2Dg3MbSC6A&#8221; _builder_version=&#8221;4.9.4&#8243; _module_preset=&#8221;default&#8221; width=&#8221;50%&#8221; width_tablet=&#8221;100%&#8221; width_phone=&#8221;&#8221; width_last_edited=&#8221;on|desktop&#8221; module_alignment=&#8221;center&#8221;][\/et_pb_video][\/et_pb_column][\/et_pb_row][\/et_pb_section]<\/p>\n","protected":false},"excerpt":{"rendered":"<p>Elektrokemijska za\u0161tita je najefikasniji na\u010din prevencije jer se u slu\u010daju poku\u0161aja kra\u0111e novac pohranjen u kazetama ozna\u010di posebnom bojom i nije vi\u0161e upotrebljiv. Zbog jednostavnosti kori\u0161tenja, boje iznimnih sigurnosnih karakteristika, kompatibilnosti sa bankomatima razli\u010ditih proizvo\u0111a\u010da, mogu\u0107nosti daljinskog nadzora nad svakom kazetom te modularnog koncepta sustava, Oberthur Cash Protection ICSD (In-Cassette Staining Device) rje\u0161enje s ure\u0111ajem [&hellip;]<\/p>\n","protected":false},"author":15,"featured_media":0,"parent":466,"menu_order":0,"comment_status":"closed","ping_status":"closed","template":"","meta":{"_et_pb_use_builder":"on","_et_pb_old_content":"","_et_gb_content_width":"","footnotes":""},"class_list":["post-12583","page","type-page","status-publish","hentry"],"_links":{"self":[{"href":"https:\/\/www.alarmautomatika.com\/hr\/wp-json\/wp\/v2\/pages\/12583","targetHints":{"allow":["GET"]}}],"collection":[{"href":"https:\/\/www.alarmautomatika.com\/hr\/wp-json\/wp\/v2\/pages"}],"about":[{"href":"https:\/\/www.alarmautomatika.com\/hr\/wp-json\/wp\/v2\/types\/page"}],"author":[{"embeddable":true,"href":"https:\/\/www.alarmautomatika.com\/hr\/wp-json\/wp\/v2\/users\/15"}],"replies":[{"embeddable":true,"href":"https:\/\/www.alarmautomatika.com\/hr\/wp-json\/wp\/v2\/comments?post=12583"}],"version-history":[{"count":0,"href":"https:\/\/www.alarmautomatika.com\/hr\/wp-json\/wp\/v2\/pages\/12583\/revisions"}],"up":[{"embeddable":true,"href":"https:\/\/www.alarmautomatika.com\/hr\/wp-json\/wp\/v2\/pages\/466"}],"wp:attachment":[{"href":"https:\/\/www.alarmautomatika.com\/hr\/wp-json\/wp\/v2\/media?parent=12583"}],"curies":[{"name":"wp","href":"https:\/\/api.w.org\/{rel}","templated":true}]}}