{"id":1291,"date":"2020-09-11T14:06:49","date_gmt":"2020-09-11T12:06:49","guid":{"rendered":"https:\/\/website.alarmautomatika.com\/?page_id=1291"},"modified":"2021-08-27T08:31:36","modified_gmt":"2021-08-27T06:31:36","slug":"strucne-usluge-za-slozene-projekte","status":"publish","type":"page","link":"https:\/\/www.alarmautomatika.com\/hr\/usluge\/strucne-usluge-za-slozene-projekte\/","title":{"rendered":"Stru\u010dne usluge za slo\u017eene projekte"},"content":{"rendered":"<p>[et_pb_section fb_built=&#8221;1&#8243; _builder_version=&#8221;4.6.2&#8243; _module_preset=&#8221;default&#8221; background_image=&#8221;https:\/\/www.alarmautomatika.com\/wp-content\/uploads\/2020\/09\/Usluge-solution.jpg&#8221; background_size=&#8221;initial&#8221; background_position=&#8221;top_center&#8221; global_colors_info=&#8221;{}&#8221;][et_pb_row _builder_version=&#8221;4.6.0&#8243; _module_preset=&#8221;default&#8221; width=&#8221;95%&#8221; global_colors_info=&#8221;{}&#8221;][et_pb_column type=&#8221;4_4&#8243; _builder_version=&#8221;4.6.0&#8243; _module_preset=&#8221;default&#8221; global_colors_info=&#8221;{}&#8221;][et_pb_text _builder_version=&#8221;4.6.0&#8243; _dynamic_attributes=&#8221;content&#8221; _module_preset=&#8221;default&#8221; text_font=&#8221;|600|||||||&#8221; text_text_color=&#8221;#ffffff&#8221; text_font_size=&#8221;48px&#8221; text_line_height=&#8221;1.2em&#8221; custom_padding=&#8221;80px|50px||50px|false|true&#8221; text_font_size_tablet=&#8221;40px&#8221; text_font_size_phone=&#8221;32px&#8221; text_font_size_last_edited=&#8221;on|desktop&#8221; text_line_height_tablet=&#8221;&#8221; text_line_height_phone=&#8221;&#8221; text_line_height_last_edited=&#8221;on|phone&#8221; header_font_tablet=&#8221;&#8221; header_font_phone=&#8221;&#8221; header_font_last_edited=&#8221;on|phone&#8221; header_font_size_tablet=&#8221;&#8221; header_font_size_phone=&#8221;&#8221; header_font_size_last_edited=&#8221;on|phone&#8221; header_line_height_tablet=&#8221;&#8221; header_line_height_phone=&#8221;&#8221; header_line_height_last_edited=&#8221;on|desktop&#8221; global_colors_info=&#8221;{}&#8221;]@ET-DC@eyJkeW5hbWljIjp0cnVlLCJjb250ZW50IjoicG9zdF90aXRsZSIsInNldHRpbmdzIjp7ImJlZm9yZSI6IiIsImFmdGVyIjoiIn19@[\/et_pb_text][\/et_pb_column][\/et_pb_row][et_pb_row column_structure=&#8221;3_4,1_4&#8243; _builder_version=&#8221;4.6.0&#8243; _module_preset=&#8221;default&#8221; background_color=&#8221;#ffffff&#8221; width=&#8221;95%&#8221; custom_margin=&#8221;20px||||false|false&#8221; custom_margin_tablet=&#8221;10px||||false|false&#8221; custom_margin_phone=&#8221;10px||||false|false&#8221; custom_margin_last_edited=&#8221;on|desktop&#8221; custom_padding=&#8221;50px|50px|50px|50px|true|true&#8221; box_shadow_style=&#8221;preset2&#8243; global_colors_info=&#8221;{}&#8221;][et_pb_column type=&#8221;3_4&#8243; _builder_version=&#8221;4.6.0&#8243; _module_preset=&#8221;default&#8221; global_colors_info=&#8221;{}&#8221;][et_pb_text _builder_version=&#8221;4.10.2&#8243; _module_preset=&#8221;default&#8221; link_font=&#8221;|600|||||||&#8221; header_2_text_align=&#8221;left&#8221; header_2_font_size=&#8221;30px&#8221; header_2_line_height=&#8221;1.2em&#8221; hover_enabled=&#8221;0&#8243; header_font_size_tablet=&#8221;48px&#8221; header_font_size_phone=&#8221;&#8221; header_font_size_last_edited=&#8221;on|tablet&#8221; header_2_font_size_tablet=&#8221;&#8221; header_2_font_size_phone=&#8221;25px&#8221; header_2_font_size_last_edited=&#8221;on|phone&#8221; global_colors_info=&#8221;{}&#8221; sticky_enabled=&#8221;0&#8243;]<\/p>\n<blockquote>\n<h2 id=\"projektiranje\">Projektiranje<\/h2>\n<\/blockquote>\n<p>Projekt izra\u0111en od strane ovla\u0161tenih osoba jam\u010di funkcionalan i isplativ sustav,\u00a0u skladu s va\u017ee\u0107im propisima.<\/p>\n<blockquote>\n<h2 id=\"prosudba-ugrozenosti-i-elaborat-mjera-sigurnosti\">Prosudba ugro\u017eenosti i elaborat mjera sigurnosti<\/h2>\n<\/blockquote>\n<p>Rizici objekta i poslovanja koje se u njemu odvija se analiziraju prema me\u0111unarodnoj metodologiji i sistematiziraju Procjenom ugro\u017eenosti i Elaboratom mjera sigurnosti.<\/p>\n<blockquote>\n<h2 id=\"konzalting\">Konzalting, procjena investicije i idejno rje\u0161enje<\/h2>\n<\/blockquote>\n<p>Procjena investicije obuhva\u0107a sva potrebna ulaganja (oprema, materijal, radovi), trajanje investicije i preporuke za implementaciju. Na njoj se temelji idejno rje\u0161enje mjera za\u0161tite prilago\u0111eno konkretnim potrebama.<\/p>\n<blockquote>\n<h2 id=\"nadzor-nad-izvodjenjem\">Nadzor nad izvo\u0111enjem<\/h2>\n<\/blockquote>\n<p>Nadzor nad izvo\u0111enjem \u0161titi investitora od polovi\u010dne ili nestru\u010dne ugradnje, od slu\u010dajnih ili namjernih gre\u0161aka izvo\u0111a\u010da radova te jam\u010di uskla\u0111enost s propisima.<\/p>\n<blockquote>\n<h2 id=\"koordinacija-i-vodjenje-projekata\">Koordinacija i vo\u0111enje projekata<\/h2>\n<\/blockquote>\n<p>Ve\u0107i projekti i projekti u kojem sudjeluje vi\u0161e izvo\u0111a\u010da zahtijevaju koordinaciju, odnosno vo\u0111enje projekata od strane ovla\u0161tenih voditelja projekta ili radova.<\/p>\n<blockquote>\n<h2 id=\"softverska-integracija\">Softverska integracija i uklapanje u IKT<\/h2>\n<\/blockquote>\n<p>Sustavima integriranim putem <a href=\"https:\/\/www.alarmautomatika.com\/hr\/softveri\/nadzor-i-upravljanje-nad-sustavima-zastite\/\">ABsistemDCi<\/a> softvera se br\u017ee i jednostavnije upravlja, a za njihovu punu isplativost treba ih uklopiti u informacijsko \u2013 komunikacijsku strukturu korisnika za \u0161to je u Alarm automatici razvijen niz <a href=\"https:\/\/www.alarmautomatika.com\/hr\/softveri\/inteligentno-upravljanje-i-kontrola\/\">softvera za inteligentno upravljanje i kontrolu<\/a>.<\/p>\n<blockquote>\n<h2 id=\"odrzavanje\">Odr\u017eavanje<\/h2>\n<\/blockquote>\n<p><a href=\"https:\/\/drive.google.com\/file\/d\/1P9M9vbZC_2edp0ApI7_0uPPV9TNQzoU0\/view?usp=sharing\" target=\"_blank\" rel=\"noopener noreferrer\">ABsistemdcCARE4<\/a> je\u00a0 jedinstveni model nadzora, odr\u017eavanja i servisiranja sustava tehni\u010dke za\u0161tite koji obuhva\u0107a Centralni tehni\u010dki nadzor ispravnosti sustava (CTN), mre\u017eu servisera i organizaciju popravaka.<\/p>\n<p>[\/et_pb_text][et_pb_text _builder_version=&#8221;4.7.4&#8243; _module_preset=&#8221;default&#8221; header_2_text_align=&#8221;left&#8221; header_2_font_size=&#8221;30px&#8221; header_2_line_height=&#8221;1.2em&#8221; header_font_size_tablet=&#8221;48px&#8221; header_font_size_phone=&#8221;&#8221; header_font_size_last_edited=&#8221;on|tablet&#8221; header_2_font_size_tablet=&#8221;&#8221; header_2_font_size_phone=&#8221;25px&#8221; header_2_font_size_last_edited=&#8221;on|phone&#8221; global_colors_info=&#8221;{}&#8221;][\/et_pb_text][\/et_pb_column][et_pb_column type=&#8221;1_4&#8243; _builder_version=&#8221;4.6.0&#8243; _module_preset=&#8221;default&#8221; custom_padding_tablet=&#8221;&#8221; custom_padding_phone=&#8221;&#8221; custom_padding_last_edited=&#8221;on|phone&#8221; global_colors_info=&#8221;{}&#8221;][et_pb_image src=&#8221;https:\/\/www.alarmautomatika.com\/wp-content\/uploads\/2020\/10\/idea-solution-logo-home-banner.png&#8221; alt=&#8221;iDEA Solution&#8221; title_text=&#8221;iDEA Solution&#8221; align=&#8221;center&#8221; _builder_version=&#8221;4.7.4&#8243; _module_preset=&#8221;default&#8221; global_colors_info=&#8221;{}&#8221;][\/et_pb_image][et_pb_accordion module_class=&#8221;idea-value-propositions&#8221; _builder_version=&#8221;4.9.0&#8243; _module_preset=&#8221;default&#8221; global_module=&#8221;8292&#8243; global_colors_info=&#8221;{}&#8221;][et_pb_accordion_item title=&#8221;Blank&#8221; open=&#8221;on&#8221; _builder_version=&#8221;4.9.0&#8243; _module_preset=&#8221;default&#8221; custom_css_main_element=&#8221;display:none;&#8221; global_colors_info=&#8221;{}&#8221;][\/et_pb_accordion_item][et_pb_accordion_item title=&#8221;Klijenti&#8221; _builder_version=&#8221;4.9.0&#8243; _module_preset=&#8221;default&#8221; global_colors_info=&#8221;{}&#8221; open=&#8221;off&#8221;]<\/p>\n<p><a href=\"https:\/\/www.alarmautomatika.com\/klijenti\/banke-i-financijske-institucije\/\">Banke i financijske institucije<\/a><\/p>\n<p><a href=\"https:\/\/www.alarmautomatika.com\/klijenti\/hoteli\/\">Hoteli<\/a><\/p>\n<p><a href=\"https:\/\/www.alarmautomatika.com\/klijenti\/trgovacki-centri\/\">Trgova\u010dki centri<\/a><\/p>\n<p><a href=\"https:\/\/www.alarmautomatika.com\/klijenti\/javni-i-poslovni-objekti\/\">Javni i poslovni objekti<\/a><\/p>\n<p><a href=\"https:\/\/www.alarmautomatika.com\/klijenti\/industrija-i-kriticna-infrastruktura\/\">Industrija i kriti\u010dna infrastruktura<\/a><\/p>\n<p><a href=\"https:\/\/www.alarmautomatika.com\/klijenti\/javne-povrsine-i-prostori\/\">Javne povr\u0161ine i prostori<\/a><\/p>\n<p>[\/et_pb_accordion_item][et_pb_accordion_item title=&#8221;Proizvodi&#8221; _builder_version=&#8221;4.9.0&#8243; _module_preset=&#8221;default&#8221; global_colors_info=&#8221;{}&#8221; open=&#8221;off&#8221;]<\/p>\n<p><a href=\"https:\/\/www.alarmautomatika.com\/proizvodi\/videoanalitika-i-umjetna-inteligencija\/\">Videoanalitika i umjetna inteligencija<\/a><\/p>\n<p><a href=\"https:\/\/www.alarmautomatika.com\/proizvodi\/termovizija-i-zastita-perimetra\/\">Termovizija i za\u0161tita perimetra<\/a><\/p>\n<p><a href=\"https:\/\/www.alarmautomatika.com\/proizvodi\/napredni-sustavi-kontrole-pristupa\/\">Napredni sustavi kontrole pristupa<\/a><\/p>\n<p><a href=\"https:\/\/www.alarmautomatika.com\/proizvodi\/elektronicka-zastita-artikala-od-kradje\/\">Elektroni\u010dka za\u0161tita artikala od kra\u0111e<\/a><\/p>\n<p><a href=\"https:\/\/www.alarmautomatika.com\/proizvodi\/inteligentno-upravljanje-prometom-i-parkingom\/\">Inteligentno upravljanje prometom i parkingom<\/a><\/p>\n<p><a href=\"https:\/\/www.alarmautomatika.com\/proizvodi\/bms-i-upravljanje-sustavima-na-objektu\/\">BMS i upravljanje sustavima na objektu<\/a><\/p>\n<p>[\/et_pb_accordion_item][et_pb_accordion_item title=&#8221;Softveri&#8221; _builder_version=&#8221;4.9.0&#8243; _module_preset=&#8221;default&#8221; global_colors_info=&#8221;{}&#8221; open=&#8221;off&#8221;]<\/p>\n<p><a href=\"https:\/\/www.alarmautomatika.com\/softveri\/inteligentno-upravljanje-i-kontrola\/#izdavanje-ulaznica\" data-et-has-event-already=\"true\">Izdavanje ulaznica<\/a><\/p>\n<p><a href=\"https:\/\/www.alarmautomatika.com\/softveri\/inteligentno-upravljanje-i-kontrola\/#brojanje-ljudi\" data-et-has-event-already=\"true\">Brojanje ljudi<\/a><\/p>\n<p><a href=\"https:\/\/www.alarmautomatika.com\/softveri\/inteligentno-upravljanje-i-kontrola\/#rezervacija-soba\" data-et-has-event-already=\"true\">Rezervacija soba<\/a><\/p>\n<p><a href=\"https:\/\/www.alarmautomatika.com\/softveri\/inteligentno-upravljanje-i-kontrola\/#parking-rjesenja\" data-et-has-event-already=\"true\">Parking rje\u0161enja<\/a><\/p>\n<p><a href=\"https:\/\/www.alarmautomatika.com\/softveri\/inteligentno-upravljanje-i-kontrola\/#upravljanje-prometom\" data-et-has-event-already=\"true\">Upravljanje prometom<\/a><\/p>\n<p><a href=\"https:\/\/www.alarmautomatika.com\/softveri\/inteligentno-upravljanje-i-kontrola\/#upravljanje-posjetiteljima\" data-et-has-event-already=\"true\">Upravljanje posjetiteljima<\/a><\/p>\n<p><a href=\"https:\/\/www.alarmautomatika.com\/softveri\/inteligentno-upravljanje-i-kontrola\/#nadzor-na-pretovarnim-stanicama\" data-et-has-event-already=\"true\">Nadzor na pretovarnim stanicama<\/a><\/p>\n<p>[\/et_pb_accordion_item][et_pb_accordion_item title=&#8221;Usluge&#8221; _builder_version=&#8221;4.9.0&#8243; _module_preset=&#8221;default&#8221; global_colors_info=&#8221;{}&#8221; open=&#8221;off&#8221;]<\/p>\n<p><a href=\"https:\/\/www.alarmautomatika.com\/usluge\/strucne-usluge-za-slozene-projekte\/#projektiranje\" data-et-has-event-already=\"true\">Projektiranje<\/a><\/p>\n<p><a href=\"https:\/\/www.alarmautomatika.com\/usluge\/strucne-usluge-za-slozene-projekte\/#prosudba-ugrozenosti-i-elaborat-mjera-sigurnosti\" data-et-has-event-already=\"true\">Prosudba ugro\u017eenosti i elaborat mjera sigurnosti<\/a><\/p>\n<p><a href=\"https:\/\/www.alarmautomatika.com\/usluge\/strucne-usluge-za-slozene-projekte\/#konzalting\" data-et-has-event-already=\"true\">Konzalting<\/a><\/p>\n<p><a href=\"https:\/\/www.alarmautomatika.com\/usluge\/strucne-usluge-za-slozene-projekte\/#nadzor-nad-izvodjenjem\" data-et-has-event-already=\"true\">Nadzor nad izvo\u0111enjem<\/a><\/p>\n<p><a href=\"https:\/\/www.alarmautomatika.com\/usluge\/strucne-usluge-za-slozene-projekte\/#koordinacija-i-vodjenje-projekata\" data-et-has-event-already=\"true\">Koordinacija i vo\u0111enje projekata<\/a><\/p>\n<p><a href=\"https:\/\/www.alarmautomatika.com\/usluge\/strucne-usluge-za-slozene-projekte\/#softverska-integracija\" data-et-has-event-already=\"true\">Softverska integracija i ukla\u0161anje u IKT<\/a><\/p>\n<p>[\/et_pb_accordion_item][et_pb_accordion_item title=&#8221;Platforma&#8221; _builder_version=&#8221;4.9.0&#8243; _module_preset=&#8221;default&#8221; global_colors_info=&#8221;{}&#8221; open=&#8221;off&#8221;]<\/p>\n<p><a href=\"https:\/\/www.alarmautomatika.com\/platforma\/#razmjena-znanja\" data-et-has-event-already=\"true\">Platforma za razmjenu znanja sudionika procesa gra\u0111enja<\/a><\/p>\n<p>[\/et_pb_accordion_item][\/et_pb_accordion][\/et_pb_column][\/et_pb_row][\/et_pb_section]<\/p>\n","protected":false},"excerpt":{"rendered":"<p>Projektiranje Projekt izra\u0111en od strane ovla\u0161tenih osoba jam\u010di funkcionalan i isplativ sustav,\u00a0u skladu s va\u017ee\u0107im propisima. Prosudba ugro\u017eenosti i elaborat mjera sigurnosti Rizici objekta i poslovanja koje se u njemu odvija se analiziraju prema me\u0111unarodnoj metodologiji i sistematiziraju Procjenom ugro\u017eenosti i Elaboratom mjera sigurnosti. Konzalting, procjena investicije i idejno rje\u0161enje Procjena investicije obuhva\u0107a sva potrebna [&hellip;]<\/p>\n","protected":false},"author":15,"featured_media":0,"parent":468,"menu_order":0,"comment_status":"closed","ping_status":"closed","template":"","meta":{"_et_pb_use_builder":"on","_et_pb_old_content":"","_et_gb_content_width":"","footnotes":""},"class_list":["post-1291","page","type-page","status-publish","hentry"],"_links":{"self":[{"href":"https:\/\/www.alarmautomatika.com\/hr\/wp-json\/wp\/v2\/pages\/1291","targetHints":{"allow":["GET"]}}],"collection":[{"href":"https:\/\/www.alarmautomatika.com\/hr\/wp-json\/wp\/v2\/pages"}],"about":[{"href":"https:\/\/www.alarmautomatika.com\/hr\/wp-json\/wp\/v2\/types\/page"}],"author":[{"embeddable":true,"href":"https:\/\/www.alarmautomatika.com\/hr\/wp-json\/wp\/v2\/users\/15"}],"replies":[{"embeddable":true,"href":"https:\/\/www.alarmautomatika.com\/hr\/wp-json\/wp\/v2\/comments?post=1291"}],"version-history":[{"count":0,"href":"https:\/\/www.alarmautomatika.com\/hr\/wp-json\/wp\/v2\/pages\/1291\/revisions"}],"up":[{"embeddable":true,"href":"https:\/\/www.alarmautomatika.com\/hr\/wp-json\/wp\/v2\/pages\/468"}],"wp:attachment":[{"href":"https:\/\/www.alarmautomatika.com\/hr\/wp-json\/wp\/v2\/media?parent=1291"}],"curies":[{"name":"wp","href":"https:\/\/api.w.org\/{rel}","templated":true}]}}