{"id":1329,"date":"2020-09-11T15:07:13","date_gmt":"2020-09-11T13:07:13","guid":{"rendered":"https:\/\/website.alarmautomatika.com\/?page_id=1329"},"modified":"2021-08-04T15:49:18","modified_gmt":"2021-08-04T13:49:18","slug":"sve-na-jednom-mjestu","status":"publish","type":"page","link":"https:\/\/www.alarmautomatika.com\/hr\/usluge\/sve-na-jednom-mjestu\/","title":{"rendered":"Sve na jednom mjestu"},"content":{"rendered":"<p>[et_pb_section fb_built=&#8221;1&#8243; _builder_version=&#8221;4.6.2&#8243; _module_preset=&#8221;default&#8221; background_image=&#8221;https:\/\/www.alarmautomatika.com\/wp-content\/uploads\/2020\/09\/B2B-platforma.jpg&#8221; background_size=&#8221;initial&#8221; background_position=&#8221;top_center&#8221;][et_pb_row _builder_version=&#8221;4.6.0&#8243; _module_preset=&#8221;default&#8221; width=&#8221;95%&#8221;][et_pb_column type=&#8221;4_4&#8243; _builder_version=&#8221;4.6.0&#8243; _module_preset=&#8221;default&#8221;][et_pb_text _builder_version=&#8221;4.6.0&#8243; _dynamic_attributes=&#8221;content&#8221; _module_preset=&#8221;default&#8221; text_font=&#8221;|600|||||||&#8221; text_text_color=&#8221;#ffffff&#8221; text_font_size=&#8221;48px&#8221; text_line_height=&#8221;1.2em&#8221; custom_padding=&#8221;80px|50px||50px|false|true&#8221; text_font_size_tablet=&#8221;40px&#8221; text_font_size_phone=&#8221;32px&#8221; text_font_size_last_edited=&#8221;on|desktop&#8221; text_line_height_tablet=&#8221;&#8221; text_line_height_phone=&#8221;&#8221; text_line_height_last_edited=&#8221;on|phone&#8221; header_font_tablet=&#8221;&#8221; header_font_phone=&#8221;&#8221; header_font_last_edited=&#8221;on|phone&#8221; header_font_size_tablet=&#8221;&#8221; header_font_size_phone=&#8221;&#8221; header_font_size_last_edited=&#8221;on|phone&#8221; header_line_height_tablet=&#8221;&#8221; header_line_height_phone=&#8221;&#8221; header_line_height_last_edited=&#8221;on|desktop&#8221;]@ET-DC@eyJkeW5hbWljIjp0cnVlLCJjb250ZW50IjoicG9zdF90aXRsZSIsInNldHRpbmdzIjp7ImJlZm9yZSI6IiIsImFmdGVyIjoiIn19@[\/et_pb_text][\/et_pb_column][\/et_pb_row][et_pb_row column_structure=&#8221;3_4,1_4&#8243; _builder_version=&#8221;4.6.0&#8243; _module_preset=&#8221;default&#8221; background_color=&#8221;#ffffff&#8221; width=&#8221;95%&#8221; custom_margin=&#8221;20px||||false|false&#8221; custom_margin_tablet=&#8221;10px||||false|false&#8221; custom_margin_phone=&#8221;10px||||false|false&#8221; custom_margin_last_edited=&#8221;on|desktop&#8221; custom_padding=&#8221;50px|50px|50px|50px|true|true&#8221; box_shadow_style=&#8221;preset2&#8243;][et_pb_column type=&#8221;3_4&#8243; _builder_version=&#8221;4.6.0&#8243; _module_preset=&#8221;default&#8221;][et_pb_text _builder_version=&#8221;4.9.10&#8243; _module_preset=&#8221;default&#8221; link_font=&#8221;|600|||||||&#8221; header_2_text_align=&#8221;left&#8221; header_2_font_size=&#8221;30px&#8221; header_2_line_height=&#8221;1.2em&#8221; hover_enabled=&#8221;0&#8243; header_font_size_tablet=&#8221;48px&#8221; header_font_size_phone=&#8221;&#8221; header_font_size_last_edited=&#8221;on|tablet&#8221; header_2_font_size_tablet=&#8221;&#8221; header_2_font_size_phone=&#8221;25px&#8221; header_2_font_size_last_edited=&#8221;on|phone&#8221; sticky_enabled=&#8221;0&#8243;]<\/p>\n<blockquote>\n<h2 id=\"prodajna-i-tehnicka-podrska\">Prodajna i tehni\u010dka podr\u0161ka<\/h2>\n<\/blockquote>\n<p>Prodajna i tehni\u010dka podr\u0161ka obuhva\u0107aju dokumentaciju o proizvodu, telefonsku podr\u0161ku, podr\u0161ku na objektu ugradnje te kod investitora tijekom predstavljanja sustava i ure\u0111aja. Klijentima je na raspolaganju preko 20 prodajnih stru\u010dnjaka, koji \u0107e pomo\u0107i oko pripreme ponude te preko 20 tehni\u010dara na raspolaganju.<\/p>\n<blockquote>\n<h2 id=\"oprema-na-skladistu\">Oprema na skladi\u0161tu<\/h2>\n<\/blockquote>\n<p>Vi\u0161e od 3.000 razli\u010ditih proizvoda od 200 stalnih <a href=\"https:\/\/www.alarmautomatika.com\/dobavljaci\/\">dobavlja\u010da<\/a> nalazi na centralnom skladi\u0161tu. Osim centralnog, skladi\u0161ta su organizirana i u svim zemljama u kojima tvrtka posluje.<\/p>\n<blockquote>\n<h2 id=\"edukacija-instalatera\">Edukacija instalatera<\/h2>\n<\/blockquote>\n<p>Kontinuirana edukacija <a href=\"https:\/\/www.alarmautomatika.com\/klijenti\/instalateri-tehnicke-zastite\/\">instalatera tehni\u010dke za\u0161tite<\/a> dostupna je putem webinara i workshopova, u cilju informiranja o tehnolo\u0161kim inovacijama, instalaciji i pode\u0161avanju sustava u ponudi. Sve edukacije vode usko specijalizirani stru\u010dnjaci po podru\u010djima.<\/p>\n<blockquote>\n<h2 id=\"b2b-online-platforma\">B2B online platforma<\/h2>\n<\/blockquote>\n<p><a href=\"https:\/\/b2b.alarmautomatika.com\/\">Alarm automatika B2B<\/a> online platforma razvijena je kako bi na\u0161im klijentima maksimalno pojednostavila i olak\u0161ala proces naru\u010divanja, ali i mnoge druge pogodnosti poput usporedbe proizvoda, prikaza na mobitelima i tabletima, izrade ponuda, razli\u010ditih razina pristupa i prikaza uvjeta poslovanja.<\/p>\n<blockquote>\n<h2 id=\"servis\">Servis<\/h2>\n<\/blockquote>\n<p>Alarm automatika je ovla\u0161teni serviser opreme u ponudi. Kupcima osiguravamo brz i pouzdan servis u i van jamstvenog roka, popravak o\u0161te\u0107ene opreme, zamjensku opremu, sklapanje komponenti u ure\u0111aje te analizu isplativosti popravka.<\/p>\n<blockquote>\n<h2 id=\"idea-classic-katalog\">iDEA Classic katalog<\/h2>\n<\/blockquote>\n<p><a href=\"https:\/\/drive.google.com\/file\/d\/12gGggBNWo9qSqOpFWCXYqQKmX1qo0A2m\/view?usp=sharing\" target=\"_blank\" rel=\"noopener noreferrer\">iDEA Classic katalog<\/a> sadr\u017ei godi\u0161nji line-up proizvoda i fokusiran je na novitete u ponudi. Za svako <a href=\"https:\/\/www.alarmautomatika.com\/o-nama\/\">tr\u017ei\u0161te na kojem Alarm automatika posluje<\/a>, definira se poseban line-up, na jeziku zemlje za koju je namijenjen. Dostupan je u tiskanom i digitalnom obliku.<\/p>\n<p>[\/et_pb_text][\/et_pb_column][et_pb_column type=&#8221;1_4&#8243; _builder_version=&#8221;4.6.0&#8243; _module_preset=&#8221;default&#8221; custom_padding_tablet=&#8221;&#8221; custom_padding_phone=&#8221;&#8221; custom_padding_last_edited=&#8221;on|phone&#8221;][et_pb_image src=&#8221;https:\/\/www.alarmautomatika.com\/wp-content\/uploads\/2020\/10\/idea-classic-logo-home-banner.png&#8221; alt=&#8221;iDEA Classic&#8221; title_text=&#8221;iDEA Classic&#8221; align=&#8221;center&#8221; _builder_version=&#8221;4.7.4&#8243; _module_preset=&#8221;default&#8221;][\/et_pb_image][et_pb_accordion module_class=&#8221;idea-value-propositions&#8221; _builder_version=&#8221;4.9.0&#8243; _module_preset=&#8221;default&#8221; global_module=&#8221;8295&#8243;][et_pb_accordion_item title=&#8221;Blank&#8221; open=&#8221;on&#8221; _builder_version=&#8221;4.9.0&#8243; _module_preset=&#8221;default&#8221; custom_css_main_element=&#8221;display:none;&#8221;][\/et_pb_accordion_item][et_pb_accordion_item title=&#8221;Klijenti&#8221; _builder_version=&#8221;4.9.0&#8243; _module_preset=&#8221;default&#8221; open=&#8221;off&#8221;]<\/p>\n<p><a href=\"https:\/\/www.alarmautomatika.com\/klijenti\/instalateri-tehnicke-zastite\/\">Instalateri tehni\u010dke za\u0161tite<\/a><\/p>\n<p><a href=\"https:\/\/www.alarmautomatika.com\/klijenti\/dojavni-centri\/\">Dojavni centri<\/a><\/p>\n<p><a href=\"https:\/\/www.alarmautomatika.com\/klijenti\/elektricari\/\">Elektri\u010dari<\/a><\/p>\n<p><a href=\"https:\/\/www.alarmautomatika.com\/klijenti\/trgovine-elektromaterijalom-i-it-opremom-internet-trgovine\/\">Trgovine elektromaterijalom i IT opremom, internet trgovine<\/a><\/p>\n<p>[\/et_pb_accordion_item][et_pb_accordion_item title=&#8221;Proizvodi&#8221; _builder_version=&#8221;4.9.0&#8243; _module_preset=&#8221;default&#8221; open=&#8221;off&#8221;]<\/p>\n<p><a href=\"https:\/\/www.alarmautomatika.com\/proizvodi\/videonadzor\/\">Videonadzor<\/a><\/p>\n<p><a href=\"https:\/\/www.alarmautomatika.com\/proizvodi\/protuprovala-i-protuprepad\/\">Protuprovala i protuprepad<\/a><\/p>\n<p><a href=\"https:\/\/www.alarmautomatika.com\/proizvodi\/videointerfoni\/\">Videointerfoni<\/a><\/p>\n<p><a href=\"https:\/\/www.alarmautomatika.com\/proizvodi\/kontrola-pristupa-i-evidencija-radnog-vremena\/\">Kontrola pristupa i evidencija radnog vremena<\/a><\/p>\n<p><a href=\"https:\/\/www.alarmautomatika.com\/proizvodi\/audio-rjesenja\/\">Audio rje\u0161enja<\/a><\/p>\n<p><a href=\"https:\/\/www.alarmautomatika.com\/proizvodi\/automatske-rampe-i-vrata\/\">Automatske rampe i vrata<\/a><\/p>\n<p><a href=\"https:\/\/www.alarmautomatika.com\/proizvodi\/oprema-za-dojavne-centre\/\">Oprema za dojavne centre<\/a><\/p>\n<p><a href=\"https:\/\/www.alarmautomatika.com\/proizvodi\/dojava-pozara-i-plina\/\">Dojava po\u017eara i plina<\/a><\/p>\n<p>[\/et_pb_accordion_item][et_pb_accordion_item title=&#8221;Softveri&#8221; _builder_version=&#8221;4.9.0&#8243; _module_preset=&#8221;default&#8221; open=&#8221;off&#8221;]<\/p>\n<p><a href=\"https:\/\/www.alarmautomatika.com\/softveri\/prijem-i-obrada-alarma\/\">Prijem i obrada signala alarma<\/a><\/p>\n<p>[\/et_pb_accordion_item][et_pb_accordion_item title=&#8221;Usluge&#8221; _builder_version=&#8221;4.9.0&#8243; _module_preset=&#8221;default&#8221; open=&#8221;off&#8221;]<\/p>\n<p><a href=\"https:\/\/www.alarmautomatika.com\/usluge\/sve-na-jednom-mjestu\/#prodajna-i-tehnicka-podrska\" data-et-has-event-already=\"true\">Prodajna i tehni\u010dka podr\u0161ka<\/a><\/p>\n<p><a href=\"https:\/\/www.alarmautomatika.com\/usluge\/sve-na-jednom-mjestu\/#oprema-na-skladistu\" data-et-has-event-already=\"true\">Oprema na skladi\u0161tu<\/a><\/p>\n<p><a href=\"https:\/\/www.alarmautomatika.com\/usluge\/sve-na-jednom-mjestu\/#edukacija-instalatera\" data-et-has-event-already=\"true\">Edukacija instalatera<\/a><\/p>\n<p><a href=\"https:\/\/www.alarmautomatika.com\/usluge\/sve-na-jednom-mjestu\/#b2b-online-platforma\" data-et-has-event-already=\"true\">B2B online platforma<\/a><\/p>\n<p><a href=\"https:\/\/www.alarmautomatika.com\/usluge\/sve-na-jednom-mjestu\/#servis\" data-et-has-event-already=\"true\">Servis<\/a><\/p>\n<p><a href=\"https:\/\/www.alarmautomatika.com\/usluge\/sve-na-jednom-mjestu\/#idea-classic-katalog\" data-et-has-event-already=\"true\">iDEA Classic katalog<\/a><\/p>\n<p>[\/et_pb_accordion_item][et_pb_accordion_item title=&#8221;Platforma&#8221; _builder_version=&#8221;4.9.0&#8243; _module_preset=&#8221;default&#8221; open=&#8221;off&#8221;]<\/p>\n<p><a href=\"https:\/\/www.alarmautomatika.com\/platforma\/#b2b-platforma\" data-et-has-event-already=\"true\">Jedinstvena B2B platforma koja \u0161tedi vrijeme<\/a><\/p>\n<p>[\/et_pb_accordion_item][\/et_pb_accordion][\/et_pb_column][\/et_pb_row][\/et_pb_section]<\/p>\n","protected":false},"excerpt":{"rendered":"<p>Prodajna i tehni\u010dka podr\u0161ka Prodajna i tehni\u010dka podr\u0161ka obuhva\u0107aju dokumentaciju o proizvodu, telefonsku podr\u0161ku, podr\u0161ku na objektu ugradnje te kod investitora tijekom predstavljanja sustava i ure\u0111aja. Klijentima je na raspolaganju preko 20 prodajnih stru\u010dnjaka, koji \u0107e pomo\u0107i oko pripreme ponude te preko 20 tehni\u010dara na raspolaganju. Oprema na skladi\u0161tu Vi\u0161e od 3.000 razli\u010ditih proizvoda od [&hellip;]<\/p>\n","protected":false},"author":15,"featured_media":0,"parent":468,"menu_order":0,"comment_status":"closed","ping_status":"closed","template":"","meta":{"_et_pb_use_builder":"on","_et_pb_old_content":"<!-- wp:divi\/placeholder \/-->","_et_gb_content_width":"","footnotes":""},"class_list":["post-1329","page","type-page","status-publish","hentry"],"_links":{"self":[{"href":"https:\/\/www.alarmautomatika.com\/hr\/wp-json\/wp\/v2\/pages\/1329","targetHints":{"allow":["GET"]}}],"collection":[{"href":"https:\/\/www.alarmautomatika.com\/hr\/wp-json\/wp\/v2\/pages"}],"about":[{"href":"https:\/\/www.alarmautomatika.com\/hr\/wp-json\/wp\/v2\/types\/page"}],"author":[{"embeddable":true,"href":"https:\/\/www.alarmautomatika.com\/hr\/wp-json\/wp\/v2\/users\/15"}],"replies":[{"embeddable":true,"href":"https:\/\/www.alarmautomatika.com\/hr\/wp-json\/wp\/v2\/comments?post=1329"}],"version-history":[{"count":0,"href":"https:\/\/www.alarmautomatika.com\/hr\/wp-json\/wp\/v2\/pages\/1329\/revisions"}],"up":[{"embeddable":true,"href":"https:\/\/www.alarmautomatika.com\/hr\/wp-json\/wp\/v2\/pages\/468"}],"wp:attachment":[{"href":"https:\/\/www.alarmautomatika.com\/hr\/wp-json\/wp\/v2\/media?parent=1329"}],"curies":[{"name":"wp","href":"https:\/\/api.w.org\/{rel}","templated":true}]}}