{"id":14,"date":"2020-08-20T13:08:01","date_gmt":"2020-08-20T11:08:01","guid":{"rendered":"https:\/\/website.alarmautomatika.com\/?page_id=14"},"modified":"2026-04-07T09:38:39","modified_gmt":"2026-04-07T07:38:39","slug":"karijere","status":"publish","type":"page","link":"https:\/\/www.alarmautomatika.com\/hr\/karijere\/","title":{"rendered":"Karijere"},"content":{"rendered":"<p>[et_pb_section fb_built=&#8221;1&#8243; _builder_version=&#8221;4.16&#8243; _module_preset=&#8221;default&#8221; background_color=&#8221;rgba(0,0,0,0)&#8221; background_image=&#8221;https:\/\/www.alarmautomatika.com\/wp-content\/uploads\/2020\/09\/karijere.jpg&#8221; background_size=&#8221;initial&#8221; background_position=&#8221;top_center&#8221; global_colors_info=&#8221;{}&#8221;][et_pb_row _builder_version=&#8221;4.16&#8243; _module_preset=&#8221;default&#8221; width=&#8221;95%&#8221; global_colors_info=&#8221;{}&#8221;][et_pb_column type=&#8221;4_4&#8243; _builder_version=&#8221;4.16&#8243; _module_preset=&#8221;default&#8221; global_colors_info=&#8221;{}&#8221;][et_pb_text _builder_version=&#8221;4.16&#8243; _dynamic_attributes=&#8221;content&#8221; _module_preset=&#8221;default&#8221; text_font=&#8221;|600|||||||&#8221; text_text_color=&#8221;#ffffff&#8221; text_font_size=&#8221;48px&#8221; text_line_height=&#8221;1.2em&#8221; custom_padding=&#8221;80px|50px||50px|false|true&#8221; text_font_size_tablet=&#8221;40px&#8221; text_font_size_phone=&#8221;32px&#8221; text_font_size_last_edited=&#8221;on|desktop&#8221; text_line_height_tablet=&#8221;&#8221; text_line_height_phone=&#8221;&#8221; text_line_height_last_edited=&#8221;on|phone&#8221; header_font_tablet=&#8221;&#8221; header_font_phone=&#8221;&#8221; header_font_last_edited=&#8221;on|phone&#8221; header_font_size_tablet=&#8221;&#8221; header_font_size_phone=&#8221;&#8221; header_font_size_last_edited=&#8221;on|phone&#8221; header_line_height_tablet=&#8221;&#8221; header_line_height_phone=&#8221;&#8221; header_line_height_last_edited=&#8221;on|desktop&#8221; global_colors_info=&#8221;{}&#8221;]@ET-DC@eyJkeW5hbWljIjp0cnVlLCJjb250ZW50IjoicG9zdF90aXRsZSIsInNldHRpbmdzIjp7ImJlZm9yZSI6IiIsImFmdGVyIjoiIn19@[\/et_pb_text][\/et_pb_column][\/et_pb_row][et_pb_row column_structure=&#8221;3_4,1_4&#8243; _builder_version=&#8221;4.16&#8243; _module_preset=&#8221;default&#8221; background_color=&#8221;#ffffff&#8221; width=&#8221;95%&#8221; custom_margin=&#8221;20px||||false|false&#8221; custom_margin_tablet=&#8221;10px||||false|false&#8221; custom_margin_phone=&#8221;10px||||false|false&#8221; custom_margin_last_edited=&#8221;on|desktop&#8221; custom_padding=&#8221;50px|50px|50px|50px|true|true&#8221; box_shadow_style=&#8221;preset2&#8243; global_colors_info=&#8221;{}&#8221;][et_pb_column type=&#8221;3_4&#8243; _builder_version=&#8221;4.16&#8243; _module_preset=&#8221;default&#8221; global_colors_info=&#8221;{}&#8221;][et_pb_text _builder_version=&#8221;4.16&#8243; _module_preset=&#8221;default&#8221; header_2_text_color=&#8221;#ffffff&#8221; header_2_font_size=&#8221;30px&#8221; background_color=&#8221;#00B16A&#8221; custom_padding=&#8221;15px|15px|7px|15px|false|true&#8221; global_colors_info=&#8221;{}&#8221;]<\/p>\n<h2>Kontinuirana potraga za kvalitetnim kadrom<\/h2>\n<p>[\/et_pb_text][et_pb_text _builder_version=&#8221;4.16&#8243; _module_preset=&#8221;default&#8221; header_2_text_align=&#8221;left&#8221; header_2_font_size=&#8221;30px&#8221; header_2_line_height=&#8221;1.2em&#8221; header_font_size_tablet=&#8221;48px&#8221; header_font_size_phone=&#8221;&#8221; header_font_size_last_edited=&#8221;on|tablet&#8221; header_2_font_size_tablet=&#8221;&#8221; header_2_font_size_phone=&#8221;25px&#8221; header_2_font_size_last_edited=&#8221;on|phone&#8221; global_colors_info=&#8221;{}&#8221;]<\/p>\n<p>\u0160to je za nas kvalitetan kadar? Uz stru\u010dne kompetencije, u prvom redu cijenimo vedri duh te visoku razinu radne etike i po\u0161tenja.<\/p>\n<p>U kontinuiranoj smo potrazi za novim kadrovima i javiti nam se mo\u017eete neovisno o trenutno raspisanim natje\u010dajima. Forma i opseg \u017eivotopisa nisu zadani, no preporuke biv\u0161ih poslodavaca su po\u017eeljne.<\/p>\n<p>Usmjerenost na rezultat, proaktivnost, suradnja i povjerenje smatraju se preduvjetom rasta i razvoja tvrtke. Poslovanje razvijeno u 10 zemalja regije \u010dini radno okru\u017eenje dinami\u010dnim, uz jedinstvenu korporativnu kulturu koja omogu\u0107uje profesionalni razvoj, uz stimulativna primanja.<\/p>\n<p>\u017delimo da na\u0161i zaposlenici kontinuirano grade svoje znanje, iskustvo i stru\u010dnost, da u\u010de i istra\u017euju, a uz dozu opu\u0161tenosti i zabave &#8211; u\u017eivaju u svom poslu!<\/p>\n<p>[\/et_pb_text][et_pb_text _builder_version=&#8221;4.16&#8243; _module_preset=&#8221;default&#8221; header_2_text_color=&#8221;#ffffff&#8221; header_2_font_size=&#8221;30px&#8221; background_color=&#8221;#00B16A&#8221; custom_padding=&#8221;15px|15px|7px|15px|false|true&#8221; global_colors_info=&#8221;{}&#8221;]<\/p>\n<h2>Trenutno otvoreni natje\u010daji<\/h2>\n<p>[\/et_pb_text][et_pb_text disabled_on=&#8221;off|off|off&#8221; _builder_version=&#8221;4.16&#8243; _module_preset=&#8221;default&#8221; text_font=&#8221;|600|||||||&#8221; header_2_text_align=&#8221;left&#8221; header_2_font_size=&#8221;30px&#8221; header_2_line_height=&#8221;1.2em&#8221; text_orientation=&#8221;center&#8221; header_font_size_tablet=&#8221;48px&#8221; header_font_size_phone=&#8221;&#8221; header_font_size_last_edited=&#8221;on|tablet&#8221; header_2_font_size_tablet=&#8221;&#8221; header_2_font_size_phone=&#8221;25px&#8221; header_2_font_size_last_edited=&#8221;on|phone&#8221; global_colors_info=&#8221;{}&#8221;]<\/p>\n<p>Trenutno nema otvorenih natje\u010daja<\/p>\n<p>[\/et_pb_text][et_pb_text disabled_on=&#8221;on|on|on&#8221; _builder_version=&#8221;4.27.6&#8243; _module_preset=&#8221;default&#8221; text_font=&#8221;|600|||||||&#8221; header_2_text_align=&#8221;left&#8221; header_2_font_size=&#8221;30px&#8221; header_2_line_height=&#8221;1.2em&#8221; text_orientation=&#8221;center&#8221; hover_enabled=&#8221;0&#8243; header_font_size_tablet=&#8221;48px&#8221; header_font_size_phone=&#8221;&#8221; header_font_size_last_edited=&#8221;on|tablet&#8221; header_2_font_size_tablet=&#8221;&#8221; header_2_font_size_phone=&#8221;25px&#8221; header_2_font_size_last_edited=&#8221;on|phone&#8221; locked=&#8221;off&#8221; global_colors_info=&#8221;{}&#8221; sticky_enabled=&#8221;0&#8243; disabled=&#8221;on&#8221;]<\/p>\n<p><strong>Ra\u010dunovo\u0111a (m\/\u017e)<\/strong><br \/>Rok prijave: <strong>05. 04. 2026.<\/strong><\/p>\n<p>[\/et_pb_text][et_pb_text _builder_version=&#8221;4.16&#8243; _module_preset=&#8221;default&#8221; link_font=&#8221;|600|||||||&#8221; header_2_text_align=&#8221;left&#8221; header_2_font_size=&#8221;30px&#8221; header_2_line_height=&#8221;1.2em&#8221; header_font_size_tablet=&#8221;48px&#8221; header_font_size_phone=&#8221;&#8221; header_font_size_last_edited=&#8221;on|tablet&#8221; header_2_font_size_tablet=&#8221;&#8221; header_2_font_size_phone=&#8221;25px&#8221; header_2_font_size_last_edited=&#8221;on|phone&#8221; global_colors_info=&#8221;{}&#8221;]<\/p>\n<p>U nastavku smo opisali poslove za radna mjesta za koja naj\u010de\u0161\u0107e trebamo zaposlenike, kako biste stekli bolji uvid u na\u0161a o\u010dekivanja od zaposlenih na pozicijama:<\/p>\n<ul>\n<li><a href=\"https:\/\/www.alarmautomatika.com\/wp-content\/uploads\/2020\/12\/voditelji-prodaje-u-raznim-segmentima.pdf\" target=\"_blank\" rel=\"noopener noreferrer\">Voditelji prodaje u raznim segmentima (Projektna prodaja, Veleprodaja, Izvoz)<\/a><\/li>\n<li><a href=\"https:\/\/www.alarmautomatika.com\/wp-content\/uploads\/2020\/12\/specijalist-tehnicke-projektne-podrske.pdf\" target=\"_blank\" rel=\"noopener noreferrer\">Specijalist tehni\u010dke\/projektne podr\u0161ke<\/a><\/li>\n<li>Web Developer, programer<\/li>\n<\/ul>\n<p>[\/et_pb_text][et_pb_text _builder_version=&#8221;4.16&#8243; _module_preset=&#8221;default&#8221; header_2_text_color=&#8221;#ffffff&#8221; header_2_font_size=&#8221;30px&#8221; background_color=&#8221;#00B16A&#8221; custom_padding=&#8221;15px|15px|7px|15px|false|true&#8221; global_colors_info=&#8221;{}&#8221;]<\/p>\n<h2>\u017delite li postati dio na\u0161eg tima?<\/h2>\n<p>[\/et_pb_text][et_pb_text _builder_version=&#8221;4.16&#8243; _module_preset=&#8221;default&#8221; global_colors_info=&#8221;{}&#8221;]\n<div class=\"wpcf7 no-js\" id=\"wpcf7-f2512-o1\" lang=\"hr-HR\" dir=\"ltr\" data-wpcf7-id=\"2512\">\n<div class=\"screen-reader-response\"><p role=\"status\" aria-live=\"polite\" aria-atomic=\"true\"><\/p> <ul><\/ul><\/div>\n<form action=\"\/hr\/wp-json\/wp\/v2\/pages\/14#wpcf7-f2512-o1\" method=\"post\" class=\"wpcf7-form init\" aria-label=\"Contact form\" enctype=\"multipart\/form-data\" novalidate=\"novalidate\" data-status=\"init\">\n<fieldset class=\"hidden-fields-container\"><input type=\"hidden\" name=\"_wpcf7\" value=\"2512\" \/><input type=\"hidden\" name=\"_wpcf7_version\" value=\"6.1.5\" \/><input type=\"hidden\" name=\"_wpcf7_locale\" value=\"hr_HR\" \/><input type=\"hidden\" name=\"_wpcf7_unit_tag\" value=\"wpcf7-f2512-o1\" \/><input type=\"hidden\" name=\"_wpcf7_container_post\" value=\"0\" \/><input type=\"hidden\" name=\"_wpcf7_posted_data_hash\" value=\"\" \/>\n<\/fieldset>\n<p><label> Upi\u0161ite naziv radnog mjesta koje Vas zanima *<br \/>\n<span class=\"wpcf7-form-control-wrap\" data-name=\"workplace\"><input size=\"40\" maxlength=\"400\" class=\"wpcf7-form-control wpcf7-text wpcf7-validates-as-required\" aria-required=\"true\" aria-invalid=\"false\" value=\"\" type=\"text\" name=\"workplace\" \/><\/span> <\/label>\n<\/p>\n<p><label> Ime i prezime *<br \/>\n<span class=\"wpcf7-form-control-wrap\" data-name=\"contact-name\"><input size=\"40\" maxlength=\"400\" class=\"wpcf7-form-control wpcf7-text wpcf7-validates-as-required\" aria-required=\"true\" aria-invalid=\"false\" value=\"\" type=\"text\" name=\"contact-name\" \/><\/span> <\/label>\n<\/p>\n<p><label> Mjesto stanovanja *<br \/>\n<span class=\"wpcf7-form-control-wrap\" data-name=\"place\"><input size=\"40\" maxlength=\"400\" class=\"wpcf7-form-control wpcf7-text wpcf7-validates-as-required\" aria-required=\"true\" aria-invalid=\"false\" value=\"\" type=\"text\" name=\"place\" \/><\/span> <\/label>\n<\/p>\n<p><label> Email *<br \/>\n<span class=\"wpcf7-form-control-wrap\" data-name=\"email\"><input size=\"40\" maxlength=\"400\" class=\"wpcf7-form-control wpcf7-email wpcf7-validates-as-required wpcf7-text wpcf7-validates-as-email\" aria-required=\"true\" aria-invalid=\"false\" value=\"\" type=\"email\" name=\"email\" \/><\/span> <\/label>\n<\/p>\n<p><label> Telefon *<br \/>\n<span class=\"wpcf7-form-control-wrap\" data-name=\"phone\"><input size=\"40\" maxlength=\"400\" class=\"wpcf7-form-control wpcf7-text wpcf7-validates-as-required\" aria-required=\"true\" aria-invalid=\"false\" value=\"\" type=\"text\" name=\"phone\" \/><\/span> <\/label>\n<\/p>\n<p><label> Dodajte \u017eivotopis (pdf, Word, zip - max 10MB)<\/label><br \/>\n<span class=\"wpcf7-form-control-wrap\" data-name=\"cv-file\"><input size=\"40\" class=\"wpcf7-form-control wpcf7-file\" accept=\".pdf,.doc,.docx\" aria-invalid=\"false\" type=\"file\" name=\"cv-file\" \/><\/span>\n<\/p>\n<p><label> Poruka<br \/>\n<span class=\"wpcf7-form-control-wrap\" data-name=\"message\"><textarea cols=\"40\" rows=\"10\" maxlength=\"2000\" class=\"wpcf7-form-control wpcf7-textarea\" aria-invalid=\"false\" name=\"message\"><\/textarea><\/span> <\/label>\n<\/p>\n<div class=\"wpcf7-turnstile cf-turnstile\" data-sitekey=\"0x4AAAAAACal9s7_sd7CzLTM\" data-response-field-name=\"_wpcf7_turnstile_response\"><\/div>\n<p><input class=\"wpcf7-form-control wpcf7-submit has-spinner\" type=\"submit\" value=\"Po\u0161alji\" \/>\n<\/p><div class=\"wpcf7-response-output\" aria-hidden=\"true\"><\/div>\n<\/form>\n<\/div>\n[\/et_pb_text][et_pb_text _builder_version=&#8221;4.16&#8243; _module_preset=&#8221;default&#8221; header_2_text_color=&#8221;#ffffff&#8221; header_2_font_size=&#8221;30px&#8221; background_color=&#8221;#00B16A&#8221; custom_padding=&#8221;15px|15px|7px|15px|false|true&#8221; global_colors_info=&#8221;{}&#8221;]<\/p>\n<h2><span>Kako izgleda selekcijski postupak i uvo\u0111enje u posao<\/span><\/h2>\n<p>[\/et_pb_text][et_pb_text _builder_version=&#8221;4.16&#8243; _module_preset=&#8221;default&#8221; header_2_text_align=&#8221;left&#8221; header_2_font_size=&#8221;30px&#8221; header_2_line_height=&#8221;1.2em&#8221; header_font_size_tablet=&#8221;48px&#8221; header_font_size_phone=&#8221;&#8221; header_font_size_last_edited=&#8221;on|tablet&#8221; header_2_font_size_tablet=&#8221;&#8221; header_2_font_size_phone=&#8221;25px&#8221; header_2_font_size_last_edited=&#8221;on|phone&#8221; global_colors_info=&#8221;{}&#8221;]<\/p>\n<ol>\n<li>Natje\u010daje za otvorena radna mjesta objavljujemo u odgovaraju\u0107im medijima. Odabir kandidata po\u010dinje pred-selekcijom pristiglih \u017eivotopisa prema kriteriju zahtjeva radnog mjesta<\/li>\n<li>Odabrani kandidati u prvom krugu se pozivaju na testiranje i provjeru znanja i vje\u0161tina koja su klju\u010dna i specifi\u010dna za konkretno radno mjesto<\/li>\n<li>Nakon testiranja se neki kandidati pozivaju na intervju kojem prisustvuju neposredno nadre\u0111eni menad\u017eer, budu\u0107i suradnik, voditeljica ljudskih potencijala, a po potrebi i \u010dlanovi Uprave<\/li>\n<li>Odabire se kandidat koji najvi\u0161e odgovara zahtjevima posla i koji \u0107e se uspje\u0161no uklopiti u postoje\u0107i tim, te se za njega oblikuje individualni program uvo\u0111enja u posao. Svi ostali kandidati obavje\u0161tavaju se o rezultatima selekcijskog postupka<\/li>\n<\/ol>\n<p>[\/et_pb_text][et_pb_text _builder_version=&#8221;4.16&#8243; _module_preset=&#8221;default&#8221; header_2_text_color=&#8221;#ffffff&#8221; header_2_font_size=&#8221;30px&#8221; background_color=&#8221;#00B16A&#8221; custom_padding=&#8221;15px|15px|7px|15px|false|true&#8221; global_colors_info=&#8221;{}&#8221;]<\/p>\n<h2>Pogodnosti na\u0161ih zaposlenika<\/h2>\n<p>[\/et_pb_text][et_pb_text _builder_version=&#8221;4.16&#8243; _module_preset=&#8221;default&#8221; link_font=&#8221;|600|||||||&#8221; header_2_text_align=&#8221;left&#8221; header_2_font_size=&#8221;30px&#8221; header_2_line_height=&#8221;1.2em&#8221; header_font_size_tablet=&#8221;48px&#8221; header_font_size_phone=&#8221;&#8221; header_font_size_last_edited=&#8221;on|tablet&#8221; header_2_font_size_tablet=&#8221;&#8221; header_2_font_size_phone=&#8221;25px&#8221; header_2_font_size_last_edited=&#8221;on|phone&#8221; global_colors_info=&#8221;{}&#8221;]<\/p>\n<ul>\n<li>Edukacija i usavr\u0161avanje<\/li>\n<li>Sustavno uhodavanje u posao<\/li>\n<li>Bo\u017ei\u0107nica i uskrsnica<\/li>\n<li>Potpora za novoro\u0111en\u010de<\/li>\n<li>Dar djetetu<\/li>\n<li>Napredovanje i razvoj<\/li>\n<li>Sustavi stimulacije i nagra\u0111ivanja<\/li>\n<li>Jubilarne nagrade<\/li>\n<li>Pla\u0107eni tro\u0161kovi prijevoza<\/li>\n<li>Nagrade za inovacije i unapre\u0111enje procesa<\/li>\n<li>Pla\u0107ene sportske aktivnosti<\/li>\n<li>Dodatno zdravstveno osiguranje<\/li>\n<li>Pet-friendly okru\u017eenje<\/li>\n<\/ul>\n<p>Poziciju <a href=\"https:\/\/www.alarmautomatika.com\/o-nama\/\">regionalnog tr\u017ei\u0161nog lidera<\/a> je Alarm automatika d.o.o izgradila kontinuiranim ulaganjem u tehni\u010dke, ekonomske, organizacijske, in\u017eenjerske, informati\u010dke i upravlja\u010dke kompetencije svojih zaposlenika.<\/p>\n<p>[\/et_pb_text][\/et_pb_column][et_pb_column type=&#8221;1_4&#8243; _builder_version=&#8221;4.16&#8243; _module_preset=&#8221;default&#8221; custom_padding_tablet=&#8221;&#8221; custom_padding_phone=&#8221;&#8221; custom_padding_last_edited=&#8221;on|phone&#8221; global_colors_info=&#8221;{}&#8221;][et_pb_video src=&#8221;https:\/\/www.youtube.com\/watch?v=SHnkE67Wsz0&#8243; image_src=&#8221;\/\/i.ytimg.com\/vi\/tZQbebRFgqQ\/hqdefault.jpg&#8221; thumbnail_overlay_color=&#8221;rgba(0,0,0,0.6)&#8221; _builder_version=&#8221;4.16&#8243; _module_preset=&#8221;default&#8221; global_colors_info=&#8221;{}&#8221;][\/et_pb_video][et_pb_cta button_url=&#8221;https:\/\/drive.google.com\/file\/d\/1Oi6MxImGU7MxSlVKyU7g_YDpkL536fK9\/view?usp=sharing&#8221; url_new_window=&#8221;on&#8221; button_text=&#8221;Preuzmite profil tvrtke&#8221; _builder_version=&#8221;4.16&#8243; _module_preset=&#8221;default&#8221; header_font_size=&#8221;22px&#8221; body_font_size=&#8221;14px&#8221; use_background_color_gradient=&#8221;on&#8221; background_color_gradient_stops=&#8221;#000000 0%|#604949 100%&#8221; background_color_gradient_start=&#8221;#000000&#8243; background_color_gradient_end=&#8221;#604949&#8243; background_image=&#8221;https:\/\/www.alarmautomatika.com\/wp-content\/uploads\/2020\/12\/company-profil-bcg-1.jpg&#8221; custom_button=&#8221;on&#8221; button_text_size=&#8221;14px&#8221; button_font=&#8221;|600|||||||&#8221; button_use_icon=&#8221;off&#8221; button_alignment=&#8221;center&#8221; button_custom_margin=&#8221;120px||||false|false&#8221; button_custom_padding=&#8221;14px|24px|14px|24px|true|true&#8221; text_orientation=&#8221;left&#8221; module_alignment=&#8221;center&#8221; min_height=&#8221;250px&#8221; custom_padding=&#8221;20px|20px|20px|20px|true|true&#8221; background_color_gradient_stops_tablet=&#8221;#000000 0%|#604949 100%&#8221; background_color_gradient_stops_phone=&#8221;#000000 0%|#604949 100%&#8221; global_module=&#8221;2564&#8243; saved_tabs=&#8221;all&#8221; global_colors_info=&#8221;{}&#8221;][\/et_pb_cta][\/et_pb_column][\/et_pb_row][\/et_pb_section]<\/p>\n","protected":false},"excerpt":{"rendered":"<p>Kontinuirana potraga za kvalitetnim kadrom\u0160to je za nas kvalitetan kadar? Uz stru\u010dne kompetencije, u prvom redu cijenimo vedri duh te visoku razinu radne etike i po\u0161tenja. U kontinuiranoj smo potrazi za novim kadrovima i javiti nam se mo\u017eete neovisno o trenutno raspisanim natje\u010dajima. Forma i opseg \u017eivotopisa nisu zadani, no preporuke biv\u0161ih poslodavaca su po\u017eeljne. [&hellip;]<\/p>\n","protected":false},"author":15,"featured_media":0,"parent":0,"menu_order":0,"comment_status":"closed","ping_status":"closed","template":"","meta":{"_et_pb_use_builder":"on","_et_pb_old_content":"<!-- wp:divi\/placeholder \/-->","_et_gb_content_width":"","footnotes":""},"class_list":["post-14","page","type-page","status-publish","hentry"],"_links":{"self":[{"href":"https:\/\/www.alarmautomatika.com\/hr\/wp-json\/wp\/v2\/pages\/14","targetHints":{"allow":["GET"]}}],"collection":[{"href":"https:\/\/www.alarmautomatika.com\/hr\/wp-json\/wp\/v2\/pages"}],"about":[{"href":"https:\/\/www.alarmautomatika.com\/hr\/wp-json\/wp\/v2\/types\/page"}],"author":[{"embeddable":true,"href":"https:\/\/www.alarmautomatika.com\/hr\/wp-json\/wp\/v2\/users\/15"}],"replies":[{"embeddable":true,"href":"https:\/\/www.alarmautomatika.com\/hr\/wp-json\/wp\/v2\/comments?post=14"}],"version-history":[{"count":2,"href":"https:\/\/www.alarmautomatika.com\/hr\/wp-json\/wp\/v2\/pages\/14\/revisions"}],"predecessor-version":[{"id":59664,"href":"https:\/\/www.alarmautomatika.com\/hr\/wp-json\/wp\/v2\/pages\/14\/revisions\/59664"}],"wp:attachment":[{"href":"https:\/\/www.alarmautomatika.com\/hr\/wp-json\/wp\/v2\/media?parent=14"}],"curies":[{"name":"wp","href":"https:\/\/api.w.org\/{rel}","templated":true}]}}