{"id":152,"date":"2020-08-20T14:54:23","date_gmt":"2020-08-20T12:54:23","guid":{"rendered":"https:\/\/website.alarmautomatika.com\/?page_id=152"},"modified":"2023-11-10T08:58:24","modified_gmt":"2023-11-10T07:58:24","slug":"vlasnici-stambenih-i-manjih-poslovnih-objekata","status":"publish","type":"page","link":"https:\/\/www.alarmautomatika.com\/hr\/klijenti\/vlasnici-stambenih-i-manjih-poslovnih-objekata\/","title":{"rendered":"Vlasnici stambenih i manjih poslovnih objekata"},"content":{"rendered":"<p>[et_pb_section fb_built=&#8221;1&#8243; _builder_version=&#8221;4.6.2&#8243; _module_preset=&#8221;default&#8221; background_image=&#8221;https:\/\/www.alarmautomatika.com\/wp-content\/uploads\/2020\/09\/Vlasnici-stambenih-i-manjih-poslovnih-objekata.jpg&#8221; background_size=&#8221;initial&#8221; background_position=&#8221;top_center&#8221;][et_pb_row _builder_version=&#8221;4.6.0&#8243; _module_preset=&#8221;default&#8221; width=&#8221;95%&#8221;][et_pb_column type=&#8221;4_4&#8243; _builder_version=&#8221;4.6.0&#8243; _module_preset=&#8221;default&#8221;][et_pb_text _builder_version=&#8221;4.6.0&#8243; _dynamic_attributes=&#8221;content&#8221; _module_preset=&#8221;default&#8221; text_font=&#8221;|600|||||||&#8221; text_text_color=&#8221;#ffffff&#8221; text_font_size=&#8221;48px&#8221; text_line_height=&#8221;1.2em&#8221; custom_padding=&#8221;80px|50px||50px|false|true&#8221; text_font_size_tablet=&#8221;40px&#8221; text_font_size_phone=&#8221;32px&#8221; text_font_size_last_edited=&#8221;on|desktop&#8221; text_line_height_tablet=&#8221;&#8221; text_line_height_phone=&#8221;&#8221; text_line_height_last_edited=&#8221;on|phone&#8221; header_font_tablet=&#8221;&#8221; header_font_phone=&#8221;&#8221; header_font_last_edited=&#8221;on|phone&#8221; header_font_size_tablet=&#8221;&#8221; header_font_size_phone=&#8221;&#8221; header_font_size_last_edited=&#8221;on|phone&#8221; header_line_height_tablet=&#8221;&#8221; header_line_height_phone=&#8221;&#8221; header_line_height_last_edited=&#8221;on|desktop&#8221;]@ET-DC@eyJkeW5hbWljIjp0cnVlLCJjb250ZW50IjoicG9zdF90aXRsZSIsInNldHRpbmdzIjp7ImJlZm9yZSI6IiIsImFmdGVyIjoiIn19@[\/et_pb_text][\/et_pb_column][\/et_pb_row][et_pb_row column_structure=&#8221;3_4,1_4&#8243; _builder_version=&#8221;4.6.0&#8243; _module_preset=&#8221;default&#8221; background_color=&#8221;#ffffff&#8221; width=&#8221;95%&#8221; custom_margin=&#8221;20px||||false|false&#8221; custom_margin_tablet=&#8221;10px||||false|false&#8221; custom_margin_phone=&#8221;10px||||false|false&#8221; custom_margin_last_edited=&#8221;on|desktop&#8221; custom_padding=&#8221;50px|50px|50px|50px|true|true&#8221; box_shadow_style=&#8221;preset2&#8243;][et_pb_column type=&#8221;3_4&#8243; _builder_version=&#8221;4.6.0&#8243; _module_preset=&#8221;default&#8221;][et_pb_text _builder_version=&#8221;4.8.1&#8243; _module_preset=&#8221;default&#8221; link_font=&#8221;|600|||||||&#8221; header_2_text_align=&#8221;left&#8221; header_2_font_size=&#8221;30px&#8221; header_2_line_height=&#8221;1.2em&#8221; header_font_size_tablet=&#8221;48px&#8221; header_font_size_phone=&#8221;&#8221; header_font_size_last_edited=&#8221;on|tablet&#8221; header_2_font_size_tablet=&#8221;&#8221; header_2_font_size_phone=&#8221;25px&#8221; header_2_font_size_last_edited=&#8221;on|phone&#8221;]<\/p>\n<blockquote>\n<h2>Be\u017ei\u010dna DIY rje\u0161enja za pametan i siguran dom<\/h2>\n<\/blockquote>\n<p>Uz DIY (do-it-yourself) <a href=\"https:\/\/alex.shop\" target=\"_blank\" rel=\"noopener noreferrer\">rje\u0161enja za pametan i siguran doma<\/a> svatko mo\u017ee samostalno ugraditi i podesiti sustav, koji \u0107e njihov dom ili ured \u010diniti sigurnim od provale. Budu\u0107i da funkcioniraju be\u017ei\u010dno, ova rje\u0161enja ne uklju\u010duju radove na instalaciji.<\/p>\n<blockquote>\n<h2>Nadzor i upravljanje putem mobilnih ure\u0111aja<\/h2>\n<\/blockquote>\n<p><a href=\"https:\/\/alex.shop\" target=\"_blank\" rel=\"noopener noreferrer\">Rje\u0161enjima za pametan i siguran dom<\/a> jednostavno se upravlja putem mobilnih aplikacija. Sve obavijesti s ure\u0111aja automatski se proslje\u0111uju na mobitele, a korisnici putem mobitela ure\u0111ajima mogu daljinski upravljati.<\/p>\n<blockquote>\n<h2>Panik tipke za djecu i starije osobe<\/h2>\n<\/blockquote>\n<p>Be\u017ei\u010dne panik tipke omogu\u0107uju djeci ili starijim osobama da brzo i lako obavijeste \u010dlanove obitelji da trebaju pomo\u0107. Signal alarma odmah \u0107e biti poslan na mobitele \u010dlanova obitelji i oni \u0107e biti u mogu\u0107nosti brzo prisko\u010diti u pomo\u0107.<\/p>\n<blockquote>\n<h2>Pregled videa u realnom vremenu<\/h2>\n<\/blockquote>\n<p>Korisnici na svojim mobilnim ure\u0111ajima mogu u realnom vremenu pratiti \u0161to se doga\u0111a na nadziranom prostoru.<\/p>\n<blockquote>\n<h2>Video i foto verifikacija alarma<\/h2>\n<\/blockquote>\n<p>Dostupna su rje\u0161enja koja omogu\u0107uju <a href=\"https:\/\/alex.shop\" target=\"_blank\" rel=\"noopener noreferrer\">video (putem kamera spojenih u sustav ku\u0107ne automatike) i foto (putem protuprovalnih detektora s ugra\u0111enim kamerama) verifikaciju alarma<\/a> primljenog na mobitel.<\/p>\n<blockquote>\n<h2>Dojavni centar na dlanu<\/h2>\n<\/blockquote>\n<p>Kada korisnik primi obavijest alarma sa sustava za\u0161tite na mobilni ure\u0111aj, putem <a href=\"https:\/\/www.alarmautomatika.com\/softveri\/mobilna-aplikacija-za-potvrdu-zastitarske-intervencije\/\">ALEX mobilne aplikacije<\/a> mo\u017ee odabrati da li \u017eeli o tome obavijestiti za\u0161titarski dojavni centar. Tako se izbjegavaju nepotrebne i skupe intervencije.<\/p>\n<blockquote>\n<h2>Korisni\u010dki paketi<\/h2>\n<\/blockquote>\n<p>Korisni\u010dki paketi ovise o veli\u010dini sustava i odabranim uslugama pa svaki korisnik mo\u017ee odabrati paket koji je primjeren trenutnim potrebama te ga s vremenom mijenjati.<\/p>\n<blockquote>\n<h2>Ku\u0107na automatika<\/h2>\n<\/blockquote>\n<p>Integracijom ure\u0111aja za <a href=\"https:\/\/alex.shop\" target=\"_blank\" rel=\"noopener noreferrer\">ku\u0107nu automatiku<\/a> omogu\u0107uje se jednostavno upravljanje potro\u0161njom energije, grijanjem, rasvjetom i klimatizacijom putem mobilnih ure\u0111aja.<\/p>\n<blockquote>\n<h2>alex.shop<\/h2>\n<\/blockquote>\n<p><a href=\"https:\/\/alex.shop\" target=\"_blank\" rel=\"noopener noreferrer\">alex.shop<\/a> omogu\u0107uje brz i siguran izbor, kupnju i dostavu sigurnosnog rje\u0161enja korisniku. Webshop transakcija potpuno je sigurna.<\/p>\n<blockquote>\n<h2>Live-chat podr\u0161ka<\/h2>\n<\/blockquote>\n<p>Osigurana je live-chat podr\u0161ka pri odabiru ure\u0111aja, njihovom pode\u0161avanju i kori\u0161tenju.<\/p>\n<p>[\/et_pb_text][\/et_pb_column][et_pb_column type=&#8221;1_4&#8243; _builder_version=&#8221;4.6.0&#8243; _module_preset=&#8221;default&#8221; custom_padding_tablet=&#8221;&#8221; custom_padding_phone=&#8221;&#8221; custom_padding_last_edited=&#8221;on|phone&#8221;][et_pb_image src=&#8221;https:\/\/www.alarmautomatika.com\/wp-content\/uploads\/2020\/10\/idea-express-logo-home-banner.png&#8221; alt=&#8221;iDEA Express&#8221; title_text=&#8221;iDEA Express&#8221; align=&#8221;center&#8221; _builder_version=&#8221;4.7.4&#8243; _module_preset=&#8221;default&#8221;][\/et_pb_image][et_pb_accordion module_class=&#8221;idea-value-propositions&#8221; _builder_version=&#8221;4.9.0&#8243; _module_preset=&#8221;default&#8221; global_module=&#8221;8296&#8243;][et_pb_accordion_item title=&#8221;Blank&#8221; open=&#8221;on&#8221; _builder_version=&#8221;4.9.0&#8243; _module_preset=&#8221;default&#8221; custom_css_main_element=&#8221;display:none;&#8221;][\/et_pb_accordion_item][et_pb_accordion_item title=&#8221;Klijenti&#8221; _builder_version=&#8221;4.9.0&#8243; _module_preset=&#8221;default&#8221; open=&#8221;off&#8221;]<\/p>\n<p><a href=\"https:\/\/www.alarmautomatika.com\/klijenti\/vlasnici-stambenih-i-manjih-poslovnih-objekata\/\">Vlasnici stambenih i manjih poslovnih objekata<\/a><\/p>\n<p>[\/et_pb_accordion_item][et_pb_accordion_item title=&#8221;Proizvodi&#8221; _builder_version=&#8221;4.9.0&#8243; _module_preset=&#8221;default&#8221; open=&#8221;off&#8221;]<\/p>\n<p><a href=\"https:\/\/www.alarmautomatika.com\/proizvodi\/upravljanje-potrosnjom-energije\/\">Upravljanje potro\u0161njom energije<\/a><\/p>\n<p><a href=\"https:\/\/www.alarmautomatika.com\/proizvodi\/upravljanje-rasvjetom\/\">Upravljanje rasvjetom<\/a><\/p>\n<p><a href=\"https:\/\/www.alarmautomatika.com\/proizvodi\/protuprovala-s-videoverifikacijom\/\">Protuprovala s videoverifikacijom<\/a><\/p>\n<p><a href=\"https:\/\/www.alarmautomatika.com\/proizvodi\/prevencija-pozara-poplave-i-istjecanja-plina\/\">Prevencija po\u017eara, poplave i istjecanja plina<\/a><\/p>\n<p><a href=\"https:\/\/www.alarmautomatika.com\/hr\/proizvodi\/zakljucavanje-vrata\/\">Pametne brave<\/a><\/p>\n<p><a href=\"https:\/\/www.alarmautomatika.com\/proizvodi\/sos-medicinski-alarmi\/\">SOS medicinski alarmi<\/a><\/p>\n<p><a href=\"https:\/\/www.alarmautomatika.com\/proizvodi\/videonadzor-pametnog-doma\/\">Videonadzor pametnog doma<\/a><\/p>\n<p>[\/et_pb_accordion_item][et_pb_accordion_item title=&#8221;Softveri&#8221; _builder_version=&#8221;4.9.0&#8243; _module_preset=&#8221;default&#8221; open=&#8221;off&#8221;]<\/p>\n<p><a href=\"https:\/\/www.alarmautomatika.com\/softveri\/mobilna-aplikacija-za-potvrdu-zastitarske-intervencije\/\">Mobilna aplikacija za potvrdu za\u0161titarske intervencije<\/a><\/p>\n<p>[\/et_pb_accordion_item][et_pb_accordion_item title=&#8221;Usluge&#8221; _builder_version=&#8221;4.9.0&#8243; _module_preset=&#8221;default&#8221; open=&#8221;off&#8221;]<\/p>\n<p><a href=\"https:\/\/www.alarmautomatika.com\/usluge\/po-mjeri-korisnika\/#paketi-prilagodjeni-potrebama-korisnika\" data-et-has-event-already=\"true\">Paketi prilago\u0111eni potrebama korisnika<\/a><\/p>\n<p><a href=\"https:\/\/www.alarmautomatika.com\/usluge\/po-mjeri-korisnika\/#dojava-alarma-na-mobitel\" data-et-has-event-already=\"true\">Dojava alarma na mobitel<\/a><\/p>\n<p><a href=\"https:\/\/www.alarmautomatika.com\/usluge\/po-mjeri-korisnika\/#servis-uredjaja\" data-et-has-event-already=\"true\">Servis ure\u0111aja<\/a><\/p>\n<p><a href=\"https:\/\/www.alarmautomatika.com\/usluge\/po-mjeri-korisnika\/#monitoring-sustava\" data-et-has-event-already=\"true\">Monitoring sustava<\/a><\/p>\n<p><a href=\"https:\/\/www.alarmautomatika.com\/usluge\/po-mjeri-korisnika\/#zastitarska-intervencija\" data-et-has-event-already=\"true\">Za\u0161titarska intervencija<\/a><\/p>\n<p>[\/et_pb_accordion_item][et_pb_accordion_item title=&#8221;Platforma&#8221; _builder_version=&#8221;4.9.0&#8243; _module_preset=&#8221;default&#8221; open=&#8221;off&#8221;]<\/p>\n<p><a href=\"https:\/\/www.alarmautomatika.com\/platforma\/#b2c-platforma\" data-et-has-event-already=\"true\">Interaktivna B2C platforma<\/a><\/p>\n<p>[\/et_pb_accordion_item][\/et_pb_accordion][\/et_pb_column][\/et_pb_row][\/et_pb_section]<\/p>\n","protected":false},"excerpt":{"rendered":"<p>Be\u017ei\u010dna DIY rje\u0161enja za pametan i siguran dom Uz DIY (do-it-yourself) rje\u0161enja za pametan i siguran doma svatko mo\u017ee samostalno ugraditi i podesiti sustav, koji \u0107e njihov dom ili ured \u010diniti sigurnim od provale. Budu\u0107i da funkcioniraju be\u017ei\u010dno, ova rje\u0161enja ne uklju\u010duju radove na instalaciji. Nadzor i upravljanje putem mobilnih ure\u0111aja Rje\u0161enjima za pametan i [&hellip;]<\/p>\n","protected":false},"author":15,"featured_media":0,"parent":464,"menu_order":0,"comment_status":"closed","ping_status":"closed","template":"","meta":{"_et_pb_use_builder":"on","_et_pb_old_content":"<!-- wp:divi\/placeholder \/-->","_et_gb_content_width":"","footnotes":""},"class_list":["post-152","page","type-page","status-publish","hentry"],"_links":{"self":[{"href":"https:\/\/www.alarmautomatika.com\/hr\/wp-json\/wp\/v2\/pages\/152","targetHints":{"allow":["GET"]}}],"collection":[{"href":"https:\/\/www.alarmautomatika.com\/hr\/wp-json\/wp\/v2\/pages"}],"about":[{"href":"https:\/\/www.alarmautomatika.com\/hr\/wp-json\/wp\/v2\/types\/page"}],"author":[{"embeddable":true,"href":"https:\/\/www.alarmautomatika.com\/hr\/wp-json\/wp\/v2\/users\/15"}],"replies":[{"embeddable":true,"href":"https:\/\/www.alarmautomatika.com\/hr\/wp-json\/wp\/v2\/comments?post=152"}],"version-history":[{"count":1,"href":"https:\/\/www.alarmautomatika.com\/hr\/wp-json\/wp\/v2\/pages\/152\/revisions"}],"predecessor-version":[{"id":49833,"href":"https:\/\/www.alarmautomatika.com\/hr\/wp-json\/wp\/v2\/pages\/152\/revisions\/49833"}],"up":[{"embeddable":true,"href":"https:\/\/www.alarmautomatika.com\/hr\/wp-json\/wp\/v2\/pages\/464"}],"wp:attachment":[{"href":"https:\/\/www.alarmautomatika.com\/hr\/wp-json\/wp\/v2\/media?parent=152"}],"curies":[{"name":"wp","href":"https:\/\/api.w.org\/{rel}","templated":true}]}}