{"id":166,"date":"2020-08-20T15:08:54","date_gmt":"2020-08-20T13:08:54","guid":{"rendered":"https:\/\/website.alarmautomatika.com\/?page_id=166"},"modified":"2023-11-10T08:58:29","modified_gmt":"2023-11-10T07:58:29","slug":"videonadzor-pametnog-doma","status":"publish","type":"page","link":"https:\/\/www.alarmautomatika.com\/hr\/proizvodi\/videonadzor-pametnog-doma\/","title":{"rendered":"Videonadzor pametnog doma"},"content":{"rendered":"<p>[et_pb_section fb_built=&#8221;1&#8243; _builder_version=&#8221;4.6.2&#8243; _module_preset=&#8221;default&#8221; background_image=&#8221;https:\/\/www.alarmautomatika.com\/wp-content\/uploads\/2020\/09\/Videonadzor-pametnog-doma.jpg&#8221; background_size=&#8221;initial&#8221; background_position=&#8221;top_center&#8221;][et_pb_row _builder_version=&#8221;4.6.0&#8243; _module_preset=&#8221;default&#8221; width=&#8221;95%&#8221;][et_pb_column type=&#8221;4_4&#8243; _builder_version=&#8221;4.6.0&#8243; _module_preset=&#8221;default&#8221;][et_pb_text _builder_version=&#8221;4.6.0&#8243; _dynamic_attributes=&#8221;content&#8221; _module_preset=&#8221;default&#8221; text_font=&#8221;|600|||||||&#8221; text_text_color=&#8221;#ffffff&#8221; text_font_size=&#8221;48px&#8221; text_line_height=&#8221;1.2em&#8221; custom_padding=&#8221;80px|50px||50px|false|true&#8221; text_font_size_tablet=&#8221;40px&#8221; text_font_size_phone=&#8221;32px&#8221; text_font_size_last_edited=&#8221;on|desktop&#8221; text_line_height_tablet=&#8221;&#8221; text_line_height_phone=&#8221;&#8221; text_line_height_last_edited=&#8221;on|phone&#8221; header_font_tablet=&#8221;&#8221; header_font_phone=&#8221;&#8221; header_font_last_edited=&#8221;on|phone&#8221; header_font_size_tablet=&#8221;&#8221; header_font_size_phone=&#8221;&#8221; header_font_size_last_edited=&#8221;on|phone&#8221; header_line_height_tablet=&#8221;&#8221; header_line_height_phone=&#8221;&#8221; header_line_height_last_edited=&#8221;on|desktop&#8221;]@ET-DC@eyJkeW5hbWljIjp0cnVlLCJjb250ZW50IjoicG9zdF90aXRsZSIsInNldHRpbmdzIjp7ImJlZm9yZSI6IiIsImFmdGVyIjoiIn19@[\/et_pb_text][\/et_pb_column][\/et_pb_row][et_pb_row column_structure=&#8221;3_4,1_4&#8243; _builder_version=&#8221;4.6.0&#8243; _module_preset=&#8221;default&#8221; background_color=&#8221;#ffffff&#8221; width=&#8221;95%&#8221; custom_margin=&#8221;20px||||false|false&#8221; custom_margin_tablet=&#8221;10px||||false|false&#8221; custom_margin_phone=&#8221;10px||||false|false&#8221; custom_margin_last_edited=&#8221;on|desktop&#8221; custom_padding=&#8221;50px|50px|50px|50px|true|true&#8221; box_shadow_style=&#8221;preset2&#8243;][et_pb_column type=&#8221;3_4&#8243; _builder_version=&#8221;4.6.0&#8243; _module_preset=&#8221;default&#8221;][et_pb_text _builder_version=&#8221;4.7.4&#8243; _module_preset=&#8221;default&#8221; link_font=&#8221;|600|||||||&#8221; header_2_text_align=&#8221;left&#8221; header_2_font_size=&#8221;30px&#8221; header_2_line_height=&#8221;1.2em&#8221; header_font_size_tablet=&#8221;48px&#8221; header_font_size_phone=&#8221;&#8221; header_font_size_last_edited=&#8221;on|tablet&#8221; header_2_font_size_tablet=&#8221;&#8221; header_2_font_size_phone=&#8221;25px&#8221; header_2_font_size_last_edited=&#8221;on|phone&#8221;]<\/p>\n<blockquote>\n<h2>Nadzorne kamere na baterije i solarno napajanje<\/h2>\n<\/blockquote>\n<p><a href=\"https:\/\/alex.shop\/kategorija\/videonadzor\/\" target=\"_blank\" rel=\"noopener noreferrer\">Kamere s baterijskim i solarnim napajanjem<\/a> je iznimno jednostavno postaviti, premjestiti i odr\u017eavati. Baterije se pune putem mikro USB kabela, dok se solarne napajaju povezivanjem s panelom. Dostupne su u izvedbama za vanjsku i unutarnju upotrebu, a od karakteristika treba istaknuti HD rezoluciju, detekciju pokreta, dvosmjernu audio komunikaciju, no\u0107no snimanje i be\u017ei\u010dno povezivanje.<\/p>\n<blockquote>\n<h2>Wi-Fi nadzorne kamere<\/h2>\n<\/blockquote>\n<p><a href=\"https:\/\/alex.shop\/kategorija\/videonadzor\/\" target=\"_blank\" rel=\"noopener noreferrer\">Wi-Fi IP kamere<\/a> jednostavno se postavljaju, imaju daleki domet te se koriste i u ku\u0107nim i u poslovnim aplikacijama. Dostupni su modeli s fiksnim ili pokretnim snimanjem za vanjsku i unutarnju upotrebu. Omogu\u0107uju rezoluciju snimanja do 5 MP, dvosmjernu audio komunikaciju, no\u0107no snimanje te pohranjivanje video zapisa na SD karticu ili snima\u010d. Prostor se mo\u017ee nadgledati i daljinski putem mobitela.<\/p>\n<blockquote>\n<h2>PoE IP kamere<\/h2>\n<\/blockquote>\n<p>Za napajanje <a href=\"https:\/\/alex.shop\/kategorija\/videonadzor\/\" target=\"_blank\" rel=\"noopener noreferrer\">PoE kamera<\/a> nisu potrebni kabeli ni adapteri, a jednostavno ih je podesiti. Dostupne su <a href=\"https:\/\/alex.shop\/kategorija\/videonadzor\/\" target=\"_blank\" rel=\"noopener noreferrer\">fiksne i pokretne kamere visoke rezolucije<\/a> (4K \/ 5 MP) uz vodootporno ku\u0107i\u0161te, uz mogu\u0107nost no\u0107nog i audio snimanja.<\/p>\n<blockquote>\n<h2>PoE i Wi-Fi kompleti videonadzora<\/h2>\n<\/blockquote>\n<p><a href=\"https:\/\/alex.shop\/kategorija\/videonadzor\/\" target=\"_blank\" rel=\"noopener noreferrer\">Kompleti<\/a> se sastoje od raznih tipova kamera i snima\u010da. Omogu\u0107uju pouzdanu pohranu videozapisa za naknadno pregledavanje. Kompleti mogu funkcionirati s i bez internetske veze, instalacija je \u201ePlug&amp;Play\u201c, a sustavu se mo\u017ee pristupiti lokalno i daljinski.<\/p>\n<blockquote>\n<h2>Be\u017ei\u010dne 4G kamere<\/h2>\n<\/blockquote>\n<p><a href=\"https:\/\/alex.shop\/kategorija\/videonadzor\/\" target=\"_blank\" rel=\"noopener noreferrer\">Be\u017ei\u010dna 4G kamera<\/a> savr\u0161en je izbor za dom, vikendicu, podru\u010dja u prirodi, trgovinu, gradili\u0161te, kamp, brod ili parkirali\u0161te. Idealna je za svaku lokaciju na kojoj nema struje, niti WiFi signala. Kameru samostalno postavite na lokaciju na koji \u017eelite. Jednostavno umetnite SIM karticu s 3G ili 4G LTE mre\u017eom u kameru s punjivom baterijom. Kamere imaju PIR senzor kretanja koji bilje\u017ei sve ljudske pokrete, bez la\u017enih alarma.\u00a0 Zahvaljuju\u0107i otpornosti na vremenske uvjete, mo\u017eete ju lako i jednostavno instalirati gdje \u017eelite.<\/p>\n<p>[\/et_pb_text][\/et_pb_column][et_pb_column type=&#8221;1_4&#8243; _builder_version=&#8221;4.6.0&#8243; _module_preset=&#8221;default&#8221; custom_padding_tablet=&#8221;&#8221; custom_padding_phone=&#8221;&#8221; custom_padding_last_edited=&#8221;on|phone&#8221;][et_pb_image src=&#8221;https:\/\/www.alarmautomatika.com\/wp-content\/uploads\/2020\/10\/idea-express-logo-home-banner.png&#8221; alt=&#8221;iDEA Express&#8221; title_text=&#8221;iDEA Express&#8221; align=&#8221;center&#8221; _builder_version=&#8221;4.7.4&#8243; _module_preset=&#8221;default&#8221;][\/et_pb_image][et_pb_accordion module_class=&#8221;idea-value-propositions&#8221; _builder_version=&#8221;4.9.0&#8243; _module_preset=&#8221;default&#8221; global_module=&#8221;8296&#8243;][et_pb_accordion_item title=&#8221;Blank&#8221; open=&#8221;on&#8221; _builder_version=&#8221;4.9.0&#8243; _module_preset=&#8221;default&#8221; custom_css_main_element=&#8221;display:none;&#8221;][\/et_pb_accordion_item][et_pb_accordion_item title=&#8221;Klijenti&#8221; _builder_version=&#8221;4.9.0&#8243; _module_preset=&#8221;default&#8221; open=&#8221;off&#8221;]<\/p>\n<p><a href=\"https:\/\/www.alarmautomatika.com\/klijenti\/vlasnici-stambenih-i-manjih-poslovnih-objekata\/\">Vlasnici stambenih i manjih poslovnih objekata<\/a><\/p>\n<p>[\/et_pb_accordion_item][et_pb_accordion_item title=&#8221;Proizvodi&#8221; _builder_version=&#8221;4.9.0&#8243; _module_preset=&#8221;default&#8221; open=&#8221;off&#8221;]<\/p>\n<p><a href=\"https:\/\/www.alarmautomatika.com\/proizvodi\/upravljanje-potrosnjom-energije\/\">Upravljanje potro\u0161njom energije<\/a><\/p>\n<p><a href=\"https:\/\/www.alarmautomatika.com\/proizvodi\/upravljanje-rasvjetom\/\">Upravljanje rasvjetom<\/a><\/p>\n<p><a href=\"https:\/\/www.alarmautomatika.com\/proizvodi\/protuprovala-s-videoverifikacijom\/\">Protuprovala s videoverifikacijom<\/a><\/p>\n<p><a href=\"https:\/\/www.alarmautomatika.com\/proizvodi\/prevencija-pozara-poplave-i-istjecanja-plina\/\">Prevencija po\u017eara, poplave i istjecanja plina<\/a><\/p>\n<p><a href=\"https:\/\/www.alarmautomatika.com\/hr\/proizvodi\/zakljucavanje-vrata\/\">Pametne brave<\/a><\/p>\n<p><a href=\"https:\/\/www.alarmautomatika.com\/proizvodi\/sos-medicinski-alarmi\/\">SOS medicinski alarmi<\/a><\/p>\n<p><a href=\"https:\/\/www.alarmautomatika.com\/proizvodi\/videonadzor-pametnog-doma\/\">Videonadzor pametnog doma<\/a><\/p>\n<p>[\/et_pb_accordion_item][et_pb_accordion_item title=&#8221;Softveri&#8221; _builder_version=&#8221;4.9.0&#8243; _module_preset=&#8221;default&#8221; open=&#8221;off&#8221;]<\/p>\n<p><a href=\"https:\/\/www.alarmautomatika.com\/softveri\/mobilna-aplikacija-za-potvrdu-zastitarske-intervencije\/\">Mobilna aplikacija za potvrdu za\u0161titarske intervencije<\/a><\/p>\n<p>[\/et_pb_accordion_item][et_pb_accordion_item title=&#8221;Usluge&#8221; _builder_version=&#8221;4.9.0&#8243; _module_preset=&#8221;default&#8221; open=&#8221;off&#8221;]<\/p>\n<p><a href=\"https:\/\/www.alarmautomatika.com\/usluge\/po-mjeri-korisnika\/#paketi-prilagodjeni-potrebama-korisnika\" data-et-has-event-already=\"true\">Paketi prilago\u0111eni potrebama korisnika<\/a><\/p>\n<p><a href=\"https:\/\/www.alarmautomatika.com\/usluge\/po-mjeri-korisnika\/#dojava-alarma-na-mobitel\" data-et-has-event-already=\"true\">Dojava alarma na mobitel<\/a><\/p>\n<p><a href=\"https:\/\/www.alarmautomatika.com\/usluge\/po-mjeri-korisnika\/#servis-uredjaja\" data-et-has-event-already=\"true\">Servis ure\u0111aja<\/a><\/p>\n<p><a href=\"https:\/\/www.alarmautomatika.com\/usluge\/po-mjeri-korisnika\/#monitoring-sustava\" data-et-has-event-already=\"true\">Monitoring sustava<\/a><\/p>\n<p><a href=\"https:\/\/www.alarmautomatika.com\/usluge\/po-mjeri-korisnika\/#zastitarska-intervencija\" data-et-has-event-already=\"true\">Za\u0161titarska intervencija<\/a><\/p>\n<p>[\/et_pb_accordion_item][et_pb_accordion_item title=&#8221;Platforma&#8221; _builder_version=&#8221;4.9.0&#8243; _module_preset=&#8221;default&#8221; open=&#8221;off&#8221;]<\/p>\n<p><a href=\"https:\/\/www.alarmautomatika.com\/platforma\/#b2c-platforma\" data-et-has-event-already=\"true\">Interaktivna B2C platforma<\/a><\/p>\n<p>[\/et_pb_accordion_item][\/et_pb_accordion][\/et_pb_column][\/et_pb_row][\/et_pb_section]<\/p>\n","protected":false},"excerpt":{"rendered":"<p>Nadzorne kamere na baterije i solarno napajanje Kamere s baterijskim i solarnim napajanjem je iznimno jednostavno postaviti, premjestiti i odr\u017eavati. Baterije se pune putem mikro USB kabela, dok se solarne napajaju povezivanjem s panelom. Dostupne su u izvedbama za vanjsku i unutarnju upotrebu, a od karakteristika treba istaknuti HD rezoluciju, detekciju pokreta, dvosmjernu audio komunikaciju, [&hellip;]<\/p>\n","protected":false},"author":15,"featured_media":0,"parent":466,"menu_order":0,"comment_status":"closed","ping_status":"closed","template":"","meta":{"_et_pb_use_builder":"on","_et_pb_old_content":"<!-- wp:divi\/placeholder \/-->","_et_gb_content_width":"","footnotes":""},"class_list":["post-166","page","type-page","status-publish","hentry"],"_links":{"self":[{"href":"https:\/\/www.alarmautomatika.com\/hr\/wp-json\/wp\/v2\/pages\/166","targetHints":{"allow":["GET"]}}],"collection":[{"href":"https:\/\/www.alarmautomatika.com\/hr\/wp-json\/wp\/v2\/pages"}],"about":[{"href":"https:\/\/www.alarmautomatika.com\/hr\/wp-json\/wp\/v2\/types\/page"}],"author":[{"embeddable":true,"href":"https:\/\/www.alarmautomatika.com\/hr\/wp-json\/wp\/v2\/users\/15"}],"replies":[{"embeddable":true,"href":"https:\/\/www.alarmautomatika.com\/hr\/wp-json\/wp\/v2\/comments?post=166"}],"version-history":[{"count":1,"href":"https:\/\/www.alarmautomatika.com\/hr\/wp-json\/wp\/v2\/pages\/166\/revisions"}],"predecessor-version":[{"id":49840,"href":"https:\/\/www.alarmautomatika.com\/hr\/wp-json\/wp\/v2\/pages\/166\/revisions\/49840"}],"up":[{"embeddable":true,"href":"https:\/\/www.alarmautomatika.com\/hr\/wp-json\/wp\/v2\/pages\/466"}],"wp:attachment":[{"href":"https:\/\/www.alarmautomatika.com\/hr\/wp-json\/wp\/v2\/media?parent=166"}],"curies":[{"name":"wp","href":"https:\/\/api.w.org\/{rel}","templated":true}]}}