{"id":170,"date":"2020-08-20T15:14:12","date_gmt":"2020-08-20T13:14:12","guid":{"rendered":"https:\/\/website.alarmautomatika.com\/?page_id=170"},"modified":"2025-01-09T09:10:53","modified_gmt":"2025-01-09T08:10:53","slug":"alex-my-monitor-inovativni-sustav-koji-stedi-vrijeme-i-pruza-sigurnost","status":"publish","type":"page","link":"https:\/\/www.alarmautomatika.com\/hr\/softveri\/alex-my-monitor-inovativni-sustav-koji-stedi-vrijeme-i-pruza-sigurnost\/","title":{"rendered":"Alex MY MONITOR \u2013 Inovativni sustav koji \u0161tedi vrijeme i pru\u017ea sigurnost"},"content":{"rendered":"<p>[et_pb_section fb_built=&#8221;1&#8243; _builder_version=&#8221;4.27.4&#8243; _module_preset=&#8221;default&#8221; background_image=&#8221;https:\/\/www.alarmautomatika.com\/wp-content\/uploads\/2025\/01\/Alex-My-Monitor-mobilna-aplikacija.jpg&#8221; background_size=&#8221;initial&#8221; background_position=&#8221;top_center&#8221; global_colors_info=&#8221;{}&#8221;][et_pb_row _builder_version=&#8221;4.16&#8243; _module_preset=&#8221;default&#8221; width=&#8221;95%&#8221; global_colors_info=&#8221;{}&#8221;][et_pb_column type=&#8221;4_4&#8243; _builder_version=&#8221;4.16&#8243; _module_preset=&#8221;default&#8221; global_colors_info=&#8221;{}&#8221;][et_pb_text _builder_version=&#8221;4.16&#8243; _dynamic_attributes=&#8221;content&#8221; _module_preset=&#8221;default&#8221; text_font=&#8221;|600|||||||&#8221; text_text_color=&#8221;#ffffff&#8221; text_font_size=&#8221;48px&#8221; text_line_height=&#8221;1.2em&#8221; custom_padding=&#8221;80px|50px||50px|false|true&#8221; text_font_size_tablet=&#8221;40px&#8221; text_font_size_phone=&#8221;29px&#8221; text_font_size_last_edited=&#8221;on|phone&#8221; text_line_height_tablet=&#8221;&#8221; text_line_height_phone=&#8221;&#8221; text_line_height_last_edited=&#8221;on|phone&#8221; header_font_size_tablet=&#8221;&#8221; header_font_size_phone=&#8221;&#8221; header_font_size_last_edited=&#8221;on|phone&#8221; global_colors_info=&#8221;{}&#8221;]@ET-DC@eyJkeW5hbWljIjp0cnVlLCJjb250ZW50IjoicG9zdF90aXRsZSIsInNldHRpbmdzIjp7ImJlZm9yZSI6IiIsImFmdGVyIjoiIn19@[\/et_pb_text][\/et_pb_column][\/et_pb_row][et_pb_row column_structure=&#8221;3_4,1_4&#8243; _builder_version=&#8221;4.16&#8243; _module_preset=&#8221;default&#8221; background_color=&#8221;#ffffff&#8221; width=&#8221;95%&#8221; custom_margin=&#8221;20px||||false|false&#8221; custom_margin_tablet=&#8221;10px||||false|false&#8221; custom_margin_phone=&#8221;10px||||false|false&#8221; custom_margin_last_edited=&#8221;on|desktop&#8221; custom_padding=&#8221;43px|50px|43px|50px|true|true&#8221; box_shadow_style=&#8221;preset2&#8243; global_colors_info=&#8221;{}&#8221;][et_pb_column type=&#8221;3_4&#8243; _builder_version=&#8221;4.16&#8243; _module_preset=&#8221;default&#8221; global_colors_info=&#8221;{}&#8221;][et_pb_text _builder_version=&#8221;4.27.4&#8243; _module_preset=&#8221;default&#8221; link_font=&#8221;|600|||||||&#8221; header_2_text_align=&#8221;left&#8221; header_2_font_size=&#8221;30px&#8221; header_2_line_height=&#8221;1.2em&#8221; header_font_size_tablet=&#8221;48px&#8221; header_font_size_phone=&#8221;&#8221; header_font_size_last_edited=&#8221;on|tablet&#8221; header_2_font_size_tablet=&#8221;&#8221; header_2_font_size_phone=&#8221;25px&#8221; header_2_font_size_last_edited=&#8221;on|phone&#8221; global_colors_info=&#8221;{}&#8221;]<\/p>\n<blockquote>\n<h2>Samostalni nadzor s mogu\u0107no\u0161\u0107u brze intervencije \u2013 idealno rje\u0161enje za korisnike i sjajna prilika za instalatere<\/h2>\n<\/blockquote>\n<p><em>U svijetu gdje je sigurnost prioritet, Alex MY MONITOR donosi revolucionarni pristup za\u0161titi imovine. Kao selfmonitoring sustav s aplikacijom za krajnje korisnike, ovaj proizvod nudi jednostavno i u\u010dinkovito rje\u0161enje za pra\u0107enje sigurnosnih doga\u0111aja u stvarnom vremenu \u2013 uz mogu\u0107nost brzih i preciznih intervencija.<\/em><\/p>\n<blockquote>\n<h4>Za\u0161to je Alex MY MONITOR pravo rje\u0161enje za instalatere i korisnike?<\/h4>\n<\/blockquote>\n<blockquote>\n<h5>Prednosti za krajnje korisnike:<\/h5>\n<\/blockquote>\n<ul>\n<li><strong>Pra\u0107enje u stvarnom vremenu:<\/strong> Budite obavije\u0161teni o svim doga\u0111ajima iz va\u0161eg doma, vikendice ili ureda \u2013 gdje god se nalazili.<\/li>\n<li><strong>Jednostavna intervencija:<\/strong> Samo dva klika dovoljna su za pozivanje servisera ili za\u0161titara, \u010dime se izbjegavaju ne\u017eeljeni tro\u0161kovi i frustracije.<\/li>\n<li><strong>Fleksibilnost u upravljanju:<\/strong> Jedan ra\u010dun omogu\u0107ava nadzor do 5 objekata s do 5 korisnika po objektu.<\/li>\n<li><strong>Gratis SIM kartica:<\/strong> Uklju\u010dena SIM kartica (samo za podru\u010dje EU, drugdje se napla\u0107uje 2,5 eura+PDV mjese\u010dno) osigurava pouzdanu IP komunikaciju za protuprovalne sustave, uz mogu\u0107nost nadogradnje sustava<\/li>\n<li><strong>Prilagodljivi paketi:<\/strong> Od osnovnog BASIC do najkompletnijeg MAX paketa \u2013 korisnici biraju razinu usluge prema svojim potrebama i bud\u017eetu.<\/li>\n<\/ul>\n<blockquote>\n<h5>Prednosti za instalatere:<\/h5>\n<\/blockquote>\n<ul>\n<li><strong>Jednostavna implementacija:<\/strong> Sustav je kompatibilan sa svim IP protuprovalnim ure\u0111ajima, a komunikacija se mo\u017ee lako nadograditi.<\/li>\n<li><strong>Pove\u0107anje prihoda:<\/strong> Uz raznolike pakete i dodatne opcije za korisnike, sustav nudi mogu\u0107nost pove\u0107anja prodaje usluga.<\/li>\n<li><strong>Dugoro\u010dna korisni\u010dka veza:<\/strong> Pretplata na sustav osigurava stabilan prihod, dok jednostavnost kori\u0161tenja pove\u0107ava zadovoljstvo korisnika.<\/li>\n<li><strong>Podr\u0161ka u EU i \u0161ire:<\/strong> Zahvaljuju\u0107i SIM kartici koja radi na svim mre\u017eama i u svim zemljama gdje Alarm automatika ima urede, instalateri mogu pro\u0161iriti svoje poslovanje i na me\u0111unarodno tr\u017ei\u0161te.<\/li>\n<\/ul>\n<blockquote>\n<h5>Vrste i cijene paketa pretplate na Alex MY MONITOR:<\/h5>\n<\/blockquote>\n<ul>\n<li><strong>BASIC:<\/strong> 5,00 \u20ac + PDV\/mj. (bez uklju\u010denih intervencija).<\/li>\n<li><strong>TECH:<\/strong> 10,00 \u20ac + PDV\/mj. (2 tehni\u010dke intervencije godi\u0161nje).<\/li>\n<li><strong>PATROL:<\/strong> 10,00 \u20ac + PDV\/mj. (1 patrolna intervencija godi\u0161nje).<\/li>\n<li><strong>MAX:<\/strong> 20,00 \u20ac + PDV\/mj. (2 tehni\u010dke i 2 patrolne intervencije godi\u0161nje).<\/li>\n<\/ul>\n<p>Dodatne intervencije za korisnike BASIC paketa ili izvan uklju\u010denih kvota dostupne su po cijeni od 50,00 \u20ac + PDV.<\/p>\n<blockquote>\n<h5>Alex MY MONITOR \u2013 sigurnost na dlanu!<\/h5>\n<\/blockquote>\n<p>Jednostavna za kori\u0161tenje, u\u010dinkovita u djelovanju i dizajnirana kako bi se prilagodila potrebama korisnika \u2013 Alex MY MONITOR aplikacija predstavlja budu\u0107nost sigurnosnih sustava.<\/p>\n<p>Za\u0161titite domove svojih klijenata i pove\u0107ajte vlastiti profit \u2013 postanite dio ove inovacije ve\u0107 danas!<\/p>\n<p>[\/et_pb_text][\/et_pb_column][et_pb_column type=&#8221;1_4&#8243; _builder_version=&#8221;4.16&#8243; _module_preset=&#8221;default&#8221; custom_padding_tablet=&#8221;&#8221; custom_padding_phone=&#8221;&#8221; custom_padding_last_edited=&#8221;on|phone&#8221; global_colors_info=&#8221;{}&#8221;][et_pb_image src=&#8221;https:\/\/www.alarmautomatika.com\/wp-content\/uploads\/2020\/10\/idea-express-logo-home-banner.png&#8221; alt=&#8221;iDEA Express&#8221; title_text=&#8221;iDEA Express&#8221; align=&#8221;center&#8221; _builder_version=&#8221;4.16&#8243; _module_preset=&#8221;default&#8221; global_colors_info=&#8221;{}&#8221;][\/et_pb_image][et_pb_accordion module_class=&#8221;idea-value-propositions&#8221; _builder_version=&#8221;4.27.4&#8243; _module_preset=&#8221;default&#8221; hover_enabled=&#8221;0&#8243; global_module=&#8221;8296&#8243; global_colors_info=&#8221;{}&#8221; sticky_enabled=&#8221;0&#8243;][et_pb_accordion_item title=&#8221;Blank&#8221; open=&#8221;on&#8221; _builder_version=&#8221;4.16&#8243; _module_preset=&#8221;default&#8221; custom_css_main_element=&#8221;display:none;&#8221; global_colors_info=&#8221;{}&#8221;][\/et_pb_accordion_item][et_pb_accordion_item title=&#8221;Klijenti&#8221; _builder_version=&#8221;4.16&#8243; _module_preset=&#8221;default&#8221; global_colors_info=&#8221;{}&#8221; open=&#8221;off&#8221;]<\/p>\n<p><a href=\"https:\/\/www.alarmautomatika.com\/klijenti\/vlasnici-stambenih-i-manjih-poslovnih-objekata\/\">Vlasnici stambenih i manjih poslovnih objekata<\/a><\/p>\n<p>[\/et_pb_accordion_item][et_pb_accordion_item title=&#8221;Proizvodi&#8221; _builder_version=&#8221;4.27.4&#8243; _module_preset=&#8221;default&#8221; hover_enabled=&#8221;0&#8243; global_colors_info=&#8221;{}&#8221; open=&#8221;off&#8221; sticky_enabled=&#8221;0&#8243;]<\/p>\n<p><a href=\"https:\/\/www.alarmautomatika.com\/proizvodi\/upravljanje-potrosnjom-energije\/\">Upravljanje potro\u0161njom energije<\/a><\/p>\n<p><a href=\"https:\/\/www.alarmautomatika.com\/proizvodi\/upravljanje-rasvjetom\/\">Upravljanje rasvjetom<\/a><\/p>\n<p><a href=\"https:\/\/www.alarmautomatika.com\/proizvodi\/protuprovala-s-videoverifikacijom\/\">Protuprovala s videoverifikacijom<\/a><\/p>\n<p><a href=\"https:\/\/www.alarmautomatika.com\/proizvodi\/prevencija-pozara-poplave-i-istjecanja-plina\/\">Prevencija po\u017eara, poplave i istjecanja plina<\/a><\/p>\n<p><a href=\"https:\/\/www.alarmautomatika.com\/hr\/proizvodi\/zakljucavanje-vrata\/\">Zaklju\u010davanje vrata<\/a><\/p>\n<p><a href=\"https:\/\/www.alarmautomatika.com\/proizvodi\/sos-medicinski-alarmi\/\">SOS medicinski alarmi<\/a><\/p>\n<p><a href=\"https:\/\/www.alarmautomatika.com\/proizvodi\/videonadzor-pametnog-doma\/\">Videonadzor pametnog doma<\/a><\/p>\n<p>[\/et_pb_accordion_item][et_pb_accordion_item title=&#8221;Softveri&#8221; _builder_version=&#8221;4.16&#8243; _module_preset=&#8221;default&#8221; global_colors_info=&#8221;{}&#8221; open=&#8221;off&#8221;]<\/p>\n<p><a href=\"https:\/\/www.alarmautomatika.com\/softveri\/mobilna-aplikacija-za-potvrdu-zastitarske-intervencije\/\">Mobilna aplikacija za potvrdu za\u0161titarske intervencije<\/a><\/p>\n<p>[\/et_pb_accordion_item][et_pb_accordion_item title=&#8221;Usluge&#8221; _builder_version=&#8221;4.16&#8243; _module_preset=&#8221;default&#8221; global_colors_info=&#8221;{}&#8221; open=&#8221;off&#8221;]<\/p>\n<p><a href=\"https:\/\/www.alarmautomatika.com\/usluge\/po-mjeri-korisnika\/#paketi-prilagodjeni-potrebama-korisnika\" data-et-has-event-already=\"true\">Paketi prilago\u0111eni potrebama korisnika<\/a><\/p>\n<p><a href=\"https:\/\/www.alarmautomatika.com\/usluge\/po-mjeri-korisnika\/#dojava-alarma-na-mobitel\" data-et-has-event-already=\"true\">Dojava alarma na mobitel<\/a><\/p>\n<p><a href=\"https:\/\/www.alarmautomatika.com\/usluge\/po-mjeri-korisnika\/#servis-uredjaja\" data-et-has-event-already=\"true\">Servis ure\u0111aja<\/a><\/p>\n<p><a href=\"https:\/\/www.alarmautomatika.com\/usluge\/po-mjeri-korisnika\/#monitoring-sustava\" data-et-has-event-already=\"true\">Monitoring sustava<\/a><\/p>\n<p><a href=\"https:\/\/www.alarmautomatika.com\/usluge\/po-mjeri-korisnika\/#zastitarska-intervencija\" data-et-has-event-already=\"true\">Za\u0161titarska intervencija<\/a><\/p>\n<p>[\/et_pb_accordion_item][et_pb_accordion_item title=&#8221;Platforma&#8221; _builder_version=&#8221;4.16&#8243; _module_preset=&#8221;default&#8221; global_colors_info=&#8221;{}&#8221; open=&#8221;off&#8221;]<\/p>\n<p><a href=\"https:\/\/www.alarmautomatika.com\/platforma\/#b2c-platforma\" data-et-has-event-already=\"true\">Interaktivna B2C platforma<\/a><\/p>\n<p>[\/et_pb_accordion_item][\/et_pb_accordion][\/et_pb_column][\/et_pb_row][\/et_pb_section]<\/p>\n","protected":false},"excerpt":{"rendered":"<p>Samostalni nadzor s mogu\u0107no\u0161\u0107u brze intervencije \u2013 idealno rje\u0161enje za korisnike i sjajna prilika za instalatere U svijetu gdje je sigurnost prioritet, Alex MY MONITOR donosi revolucionarni pristup za\u0161titi imovine. Kao selfmonitoring sustav s aplikacijom za krajnje korisnike, ovaj proizvod nudi jednostavno i u\u010dinkovito rje\u0161enje za pra\u0107enje sigurnosnih doga\u0111aja u stvarnom vremenu \u2013 uz mogu\u0107nost [&hellip;]<\/p>\n","protected":false},"author":15,"featured_media":0,"parent":470,"menu_order":0,"comment_status":"closed","ping_status":"closed","template":"","meta":{"_et_pb_use_builder":"on","_et_pb_old_content":"<!-- wp:divi\/placeholder \/-->","_et_gb_content_width":"","footnotes":""},"class_list":["post-170","page","type-page","status-publish","hentry"],"_links":{"self":[{"href":"https:\/\/www.alarmautomatika.com\/hr\/wp-json\/wp\/v2\/pages\/170","targetHints":{"allow":["GET"]}}],"collection":[{"href":"https:\/\/www.alarmautomatika.com\/hr\/wp-json\/wp\/v2\/pages"}],"about":[{"href":"https:\/\/www.alarmautomatika.com\/hr\/wp-json\/wp\/v2\/types\/page"}],"author":[{"embeddable":true,"href":"https:\/\/www.alarmautomatika.com\/hr\/wp-json\/wp\/v2\/users\/15"}],"replies":[{"embeddable":true,"href":"https:\/\/www.alarmautomatika.com\/hr\/wp-json\/wp\/v2\/comments?post=170"}],"version-history":[{"count":1,"href":"https:\/\/www.alarmautomatika.com\/hr\/wp-json\/wp\/v2\/pages\/170\/revisions"}],"predecessor-version":[{"id":56214,"href":"https:\/\/www.alarmautomatika.com\/hr\/wp-json\/wp\/v2\/pages\/170\/revisions\/56214"}],"up":[{"embeddable":true,"href":"https:\/\/www.alarmautomatika.com\/hr\/wp-json\/wp\/v2\/pages\/470"}],"wp:attachment":[{"href":"https:\/\/www.alarmautomatika.com\/hr\/wp-json\/wp\/v2\/media?parent=170"}],"curies":[{"name":"wp","href":"https:\/\/api.w.org\/{rel}","templated":true}]}}