{"id":19844,"date":"2021-08-02T13:39:36","date_gmt":"2021-08-02T11:39:36","guid":{"rendered":"https:\/\/www.alarmautomatika.com\/?page_id=19844"},"modified":"2021-08-25T08:44:30","modified_gmt":"2021-08-25T06:44:30","slug":"absistem-ticketing","status":"publish","type":"page","link":"https:\/\/www.alarmautomatika.com\/hr\/softveri\/absistem-ticketing\/","title":{"rendered":"ABsistemTicketing"},"content":{"rendered":"<p>[et_pb_section fb_built=&#8221;1&#8243; _builder_version=&#8221;4.9.10&#8243; _module_preset=&#8221;default&#8221; position_origin_f=&#8221;top_center&#8221; vertical_offset=&#8221;-50px&#8221; global_colors_info=&#8221;{}&#8221;][et_pb_row _builder_version=&#8221;4.9.10&#8243; _module_preset=&#8221;default&#8221; vertical_offset=&#8221;0px&#8221; z_index=&#8221;0&#8243; global_colors_info=&#8221;{}&#8221;][et_pb_column type=&#8221;4_4&#8243; _builder_version=&#8221;4.9.10&#8243; _module_preset=&#8221;default&#8221; global_colors_info=&#8221;{}&#8221;][et_pb_text _builder_version=&#8221;4.9.10&#8243; _module_preset=&#8221;default&#8221; header_line_height=&#8221;1.3em&#8221; position_origin_f=&#8221;top_center&#8221; width=&#8221;100%&#8221; global_colors_info=&#8221;{}&#8221;]<\/p>\n<blockquote>\n<h1>O\u010ditavanje i naplata ulaznica sa kontrolom pristupa ABsistemTicketing<\/h1>\n<\/blockquote>\n<p>[\/et_pb_text][et_pb_text _builder_version=&#8221;4.9.10&#8243; _module_preset=&#8221;default&#8221; global_colors_info=&#8221;{}&#8221;]<em>Brz i siguran ulaz na sportske, zabavne ili kulturne doga\u0111aje je va\u017ean kriterij prema kojem posjetitelji odlu\u010duju da li \u0107e neki doga\u0111aj posjetiti i platiti. To zna\u010di da su upravljanje i kontrola ulaza i njegove naplate va\u017ean \u010dimbenik uspje\u0161nosti rada takvih objekata. Za tu svrhu su razvijeni softveri za integraciju kontrole pristupa sa sustavom za o\u010ditavanje online kupljenih ulaznica ABsistemTicketing, njegova verzija ABsistemTicketingSale koja omogu\u0107uje prodaju ulaznica na samom objektu te ure\u0111aj za samonaplatu ulaza SmartKiosk.<\/em><br \/>\n[\/et_pb_text][et_pb_image src=&#8221;https:\/\/www.alarmautomatika.com\/wp-content\/uploads\/2021\/07\/ABSistem-Ticketing-header.jpg&#8221; alt=&#8221;ABsistemTicketing&#8221; _builder_version=&#8221;4.9.10&#8243; _module_preset=&#8221;default&#8221; global_colors_info=&#8221;{}&#8221;][\/et_pb_image][et_pb_text _builder_version=&#8221;4.9.10&#8243; _module_preset=&#8221;default&#8221; global_colors_info=&#8221;{}&#8221;]ABsistemTicketing je softver koji razna rje\u0161enja o\u010ditavanja ulaznica integrira sa kontrolom pristupa objektima ili doga\u0111ajima za koje se ulaz napla\u0107uje. Svrha mu je upravljati ulazom ljudi, a bez nepotrebnog \u010dekanja i gu\u017eve. Naj\u010de\u0161\u0107e se koristi na stadionima, sportskim i zabavnim objektima, muzejima i ve\u0107im doga\u0111anjima na otvorenom ili zatvorenom prostoru. Omogu\u0107ava regulaciju ulaza samo u odre\u0111eno vrijeme i kroz barijeru koja vodi do mjesta (sektora) za koje je ulaznica kupljena.[\/et_pb_text][\/et_pb_column][\/et_pb_row][et_pb_row column_structure=&#8221;1_2,1_2&#8243; _builder_version=&#8221;4.9.10&#8243; _module_preset=&#8221;default&#8221; global_colors_info=&#8221;{}&#8221;][et_pb_column type=&#8221;1_2&#8243; _builder_version=&#8221;4.9.10&#8243; _module_preset=&#8221;default&#8221; global_colors_info=&#8221;{}&#8221;][et_pb_text _builder_version=&#8221;4.9.10&#8243; _module_preset=&#8221;default&#8221; global_colors_info=&#8221;{}&#8221;]<\/p>\n<h4>Integrirani sustavi i softveri<\/h4>\n<ul>\n<li>Online prodaja ulaznica<\/li>\n<li><em>Ticket <\/em>terminal (objedinjuje barkod skener za o\u010ditavanje ulaznica, \u010dita\u010d beskontaktnih kartica, kontroler, IP komunikaciju, displej)<\/li>\n<li>Kontrola pristupa (razli\u010dite barijere \u2013 visoke, niske, 3 ili 4 kraka)<\/li>\n<li>Videonadzor<\/li>\n<li>Softveri za vo\u0111enje poslovanja korisnika<\/li>\n<\/ul>\n<p>[\/et_pb_text][\/et_pb_column][et_pb_column type=&#8221;1_2&#8243; _builder_version=&#8221;4.9.10&#8243; _module_preset=&#8221;default&#8221; global_colors_info=&#8221;{}&#8221;][et_pb_text _builder_version=&#8221;4.9.10&#8243; _module_preset=&#8221;default&#8221; global_colors_info=&#8221;{}&#8221;]<\/p>\n<h4>Svrha<\/h4>\n<ul>\n<li>Upravljanje ulazom<\/li>\n<li>Sprje\u010davanje gu\u017eve<\/li>\n<li>Precizno brojanje ulaza ljudi (zakretanje barijera)<\/li>\n<li>Prikaz poruka putem displeja na <em>ticket<\/em> terminalu<\/li>\n<li>Visoka razina sigurnosti<\/li>\n<\/ul>\n<p>[\/et_pb_text][\/et_pb_column][\/et_pb_row][et_pb_row column_structure=&#8221;1_2,1_2&#8243; _builder_version=&#8221;4.9.10&#8243; _module_preset=&#8221;default&#8221; global_colors_info=&#8221;{}&#8221;][et_pb_column type=&#8221;1_2&#8243; _builder_version=&#8221;4.9.10&#8243; _module_preset=&#8221;default&#8221; global_colors_info=&#8221;{}&#8221;][et_pb_button button_url=&#8221;#ticketing_sale&#8221; url_new_window=&#8221;on&#8221; button_text=&#8221;Naplata ulaznica sa kontrolom pristupa ABsistemTicketingSale&#8221; button_alignment=&#8221;center&#8221; disabled_on=&#8221;off|off|off&#8221; _builder_version=&#8221;4.9.10&#8243; _module_preset=&#8221;default&#8221; custom_button=&#8221;on&#8221; button_text_size=&#8221;14px&#8221; button_font=&#8221;|600|||||||&#8221; button_use_icon=&#8221;off&#8221; custom_padding=&#8221;14px|53px|14px|53px|true|true&#8221; global_colors_info=&#8221;{}&#8221;][\/et_pb_button][\/et_pb_column][et_pb_column type=&#8221;1_2&#8243; _builder_version=&#8221;4.9.10&#8243; _module_preset=&#8221;default&#8221; global_colors_info=&#8221;{}&#8221;][et_pb_button button_url=&#8221;#smart_kiosk&#8221; url_new_window=&#8221;on&#8221; button_text=&#8221;Samouslu\u017eni terminal za prodaju i naplatu ulaznica SmartKiosk&#8221; button_alignment=&#8221;center&#8221; disabled_on=&#8221;off|off|off&#8221; _builder_version=&#8221;4.9.10&#8243; _module_preset=&#8221;default&#8221; custom_button=&#8221;on&#8221; button_text_size=&#8221;14px&#8221; button_font=&#8221;|600|||||||&#8221; button_use_icon=&#8221;off&#8221; custom_padding=&#8221;14px|53px|14px|53px|true|true&#8221; global_colors_info=&#8221;{}&#8221;][\/et_pb_button][\/et_pb_column][\/et_pb_row][et_pb_row module_id=&#8221;ticketing_sale&#8221; _builder_version=&#8221;4.9.10&#8243; _module_preset=&#8221;default&#8221; global_colors_info=&#8221;{}&#8221;][et_pb_column type=&#8221;4_4&#8243; _builder_version=&#8221;4.9.10&#8243; _module_preset=&#8221;default&#8221; global_colors_info=&#8221;{}&#8221;][et_pb_text _builder_version=&#8221;4.9.10&#8243; _module_preset=&#8221;default&#8221; header_line_height=&#8221;1.3em&#8221; global_colors_info=&#8221;{}&#8221;]<\/p>\n<blockquote>\n<h1>Naplata ulaznica sa kontrolom pristupa ABsistemTicketingSale<\/h1>\n<\/blockquote>\n<p>[\/et_pb_text][et_pb_image src=&#8221;https:\/\/www.alarmautomatika.com\/wp-content\/uploads\/2021\/07\/ABSistem-Ticketing-Sale-header.jpg&#8221; alt=&#8221;AbsistemTicketingSale&#8221; _builder_version=&#8221;4.9.10&#8243; _module_preset=&#8221;default&#8221; global_colors_info=&#8221;{}&#8221;][\/et_pb_image][et_pb_text _builder_version=&#8221;4.9.10&#8243; _module_preset=&#8221;default&#8221; global_colors_info=&#8221;{}&#8221;]<\/p>\n<p>ABsistemTicketingSale je nadogradnja ABsistemTicketing softvera koja uz o\u010ditavanje ulaznica i kontrolu pristupa omogu\u0107uje i naplatu i ispis ulaznica za posjetitelje na objektu. Dostupne su verzije za naplatu od strane zaposlenika i za samonaplatu. Kada ulaz napla\u0107uje zaposlenik, u PC kase se instalira softver Alarm automatike ABsistemTicketingSale. Osim broja i kategorije (odrasli, djeca i sli\u010dno) ulaznica, mogu\u0107e je odabrati razinu usluge koju posjetitelj \u017eeli koristiti (primjerice vo\u0111eni obilazak, ulaz u sve ili samo neke prostore) te tip ra\u010duna. Ispisani ra\u010dun sadr\u017ei i barkod s informacijama o kupljenim uslugama koji se o\u010ditava na terminalima kontrole pristupa. Verzija sa samonaplatom omogu\u0107uje da sve radnje koje obavlja zaposlenik obavi posjetitelj sam na PC kasi. Samo pla\u0107anje se mo\u017ee izvr\u0161iti putem bankovnih kartica ili gotovinom.<\/p>\n<p>[\/et_pb_text][\/et_pb_column][\/et_pb_row][et_pb_row column_structure=&#8221;1_2,1_2&#8243; _builder_version=&#8221;4.9.10&#8243; _module_preset=&#8221;default&#8221; global_colors_info=&#8221;{}&#8221;][et_pb_column type=&#8221;1_2&#8243; _builder_version=&#8221;4.9.10&#8243; _module_preset=&#8221;default&#8221; global_colors_info=&#8221;{}&#8221;][et_pb_text _builder_version=&#8221;4.9.10&#8243; _module_preset=&#8221;default&#8221; global_colors_info=&#8221;{}&#8221;]<\/p>\n<ul>\n<li>Br\u017ei protok ljudi prilikom ulaza<\/li>\n<li>Jednostavna upotreba od strane zaposlenika<\/li>\n<li>To\u010dna evidencija prodanih ulaznica<\/li>\n<li>Integracija sa bazom podataka korisnika<\/li>\n<li>Razni izvje\u0161taji i analize<\/li>\n<li>Posjetitelj koristi samo usluge koje je platio<\/li>\n<\/ul>\n<p>[\/et_pb_text][\/et_pb_column][et_pb_column type=&#8221;1_2&#8243; _builder_version=&#8221;4.9.10&#8243; _module_preset=&#8221;default&#8221; global_colors_info=&#8221;{}&#8221;][et_pb_image src=&#8221;https:\/\/www.alarmautomatika.com\/wp-content\/uploads\/2021\/07\/ticketing-sale.png&#8221; alt=&#8221;ABsistemTicketSale&#8221; show_in_lightbox=&#8221;on&#8221; _builder_version=&#8221;4.9.10&#8243; _module_preset=&#8221;default&#8221; global_colors_info=&#8221;{}&#8221;][\/et_pb_image][\/et_pb_column][\/et_pb_row][et_pb_row module_id=&#8221;smart_kiosk&#8221; _builder_version=&#8221;4.9.10&#8243; _module_preset=&#8221;default&#8221; global_colors_info=&#8221;{}&#8221;][et_pb_column type=&#8221;4_4&#8243; _builder_version=&#8221;4.9.10&#8243; _module_preset=&#8221;default&#8221; global_colors_info=&#8221;{}&#8221;][et_pb_text _builder_version=&#8221;4.9.10&#8243; _module_preset=&#8221;default&#8221; header_line_height=&#8221;1.5em&#8221; header_2_line_height=&#8221;1.5em&#8221; global_colors_info=&#8221;{}&#8221;]<\/p>\n<blockquote>\n<h2>Samouslu\u017eni terminal za prodaju i naplatu ulaznica SmartKiosk<\/h2>\n<\/blockquote>\n<p>[\/et_pb_text][et_pb_image src=&#8221;https:\/\/www.alarmautomatika.com\/wp-content\/uploads\/2021\/07\/ABSistem-SmartKiosk-header.jpg&#8221; alt=&#8221;ABsistemSmartKiosk&#8221; _builder_version=&#8221;4.9.10&#8243; _module_preset=&#8221;default&#8221; global_colors_info=&#8221;{}&#8221;][\/et_pb_image][et_pb_text _builder_version=&#8221;4.9.10&#8243; _module_preset=&#8221;default&#8221; global_colors_info=&#8221;{}&#8221;]SmartKiosk je samouslu\u017eni terminal za o\u010ditavanje, prodaju i naplatu ulaznica. Koristi se u objektima za koje se napla\u0107uje ulaz kao \u0161to su muzeji, turisti\u010dke atrakcije, zabavni ili aqua parkovi i sli\u010dno. Svrha mu je osigurati naplatu posjete i ubrzati kretanje ljudi bez dodatnog anga\u017emana zaposlenika. SmartKiosk omogu\u0107uje o\u010ditavanje QR kodova unaprijed pla\u0107enih ulaznica, naplatu putem ugra\u0111enog POS terminala i ispis ulaznice. Putem ABsistemTicketing softvera je integriran sa sustavima za karti\u010dno poslovanje zbog bezgotovinskog pla\u0107anje, za online prodaju ulaznica, za standardnu prodaju ulaznica i za kontrolu pristupa putem barijera na ulazu. Svi u kiosk ugra\u0111eni elementi su namijenjeni za te\u0161ke uvjete rada na otvorenom i u antivandal izvedbi, a putem ugra\u0111enog UPS-a je osigurano da ure\u0111aj radi i u slu\u010daju nestanka napajanja. [\/et_pb_text][\/et_pb_column][\/et_pb_row][et_pb_row column_structure=&#8221;1_2,1_2&#8243; _builder_version=&#8221;4.9.11&#8243; _module_preset=&#8221;default&#8221; global_colors_info=&#8221;{}&#8221;][et_pb_column type=&#8221;1_2&#8243; _builder_version=&#8221;4.9.11&#8243; _module_preset=&#8221;default&#8221; global_colors_info=&#8221;{}&#8221;][et_pb_text _builder_version=&#8221;4.9.11&#8243; _module_preset=&#8221;default&#8221; global_colors_info=&#8221;{}&#8221;]<\/p>\n<ul>\n<li>Vi\u0161ejezi\u010dnost<\/li>\n<li>Mogu\u0107nost odabira na\u010dina pla\u0107anja (gotovina ili kartica)<\/li>\n<li>Precizna evidencija posjetitelja<\/li>\n<li>Ne zahtjeva anga\u017eman zaposlenika<\/li>\n<li>Pouzdana kontrola pristupa objektima<\/li>\n<li>O\u010ditavanje unaprijed online kupljenih ulaznica<\/li>\n<\/ul>\n<p>[\/et_pb_text][\/et_pb_column][et_pb_column type=&#8221;1_2&#8243; _builder_version=&#8221;4.9.11&#8243; _module_preset=&#8221;default&#8221; global_colors_info=&#8221;{}&#8221;][et_pb_text _builder_version=&#8221;4.9.11&#8243; _module_preset=&#8221;default&#8221; global_colors_info=&#8221;{}&#8221;]<\/p>\n<ul>\n<li>Ispis ulaznica kupljenih onsite<\/li>\n<li>Prikaz informacija i promotivnih poruka na displeju<\/li>\n<li>Izvje\u0161taji i analize<\/li>\n<li>Putem UPS-a je osiguran rad i u slu\u010daju nestanka napajanja<\/li>\n<li>Antivandal izvedba<\/li>\n<\/ul>\n<p>[\/et_pb_text][\/et_pb_column][\/et_pb_row][et_pb_row _builder_version=&#8221;4.9.10&#8243; _module_preset=&#8221;default&#8221; global_colors_info=&#8221;{}&#8221;][et_pb_column type=&#8221;4_4&#8243; _builder_version=&#8221;4.9.10&#8243; _module_preset=&#8221;default&#8221; global_colors_info=&#8221;{}&#8221;][et_pb_text _builder_version=&#8221;4.9.11&#8243; _module_preset=&#8221;default&#8221; global_colors_info=&#8221;{}&#8221;]<\/p>\n<p><strong><img loading=\"lazy\" decoding=\"async\" class=\"alignleft wp-image-20811\" src=\"https:\/\/www.alarmautomatika.com\/wp-content\/uploads\/2021\/08\/ABsistemSmartKiosk-178x300.jpg\" alt=\"ABsistemSmartKiosk\" width=\"300\" height=\"505\" srcset=\"https:\/\/www.alarmautomatika.com\/wp-content\/uploads\/2021\/08\/ABsistemSmartKiosk-178x300.jpg 178w, https:\/\/www.alarmautomatika.com\/wp-content\/uploads\/2021\/08\/ABsistemSmartKiosk.jpg 445w\" sizes=\"(max-width: 300px) 100vw, 300px\" \/><\/strong><\/p>\n<p><strong>1.<\/strong> <strong>Zaslon za odabir vrste ulaznice<\/strong><br \/>Vrsta ulaznice se bira putem 19\u02dd zaslona osjetljivog na dodir. Posjetitelji trenuta\u010dno mogu odabrati neki od devet jezika\u00a0prikaza.<\/p>\n<p><strong>2. Unattended POS ure\u0111aj<\/strong><br \/>Nenadzirani POS ure\u0111aj se sastoji od ure\u0111aja za beskontaktno o\u010ditanje kartica, utora za umetanje kartica i tipkovnice.\u00a0Primijenjen je stupanj za\u0161tite transakcije koji se koristi i na bankomatima, a certificiran je od strane tvrtke Erste Card\u00a0Club d.o.o.<\/p>\n<p><strong>3.<\/strong> <strong>Barkod skener<\/strong><br \/>Ugra\u0111eni barkod skener omogu\u0107uje o\u010ditanje vau\u010dera i ispis ulaznica. Ovu funkciju naj\u010de\u0161\u0107e koriste turisti\u010dke agencije\u00a0koje ulaznice za svoje goste napla\u0107uju unaprijed.<\/p>\n<p><strong>4. <\/strong><strong>Termo pisa\u010d<\/strong><br \/>Za ispis ulaznica i ra\u010duna se koristi termo pisa\u010d.<\/p>\n<p><strong>5. <\/strong><strong>Reklamni zaslon<\/strong><br \/>Dodatni 22\u02ddzaslon slu\u017ei za prikaz uputa, upozorenja i reklama o dodatnoj ponudi za posjetitelje. Prikazom se upravlja\u00a0putem interneta pa se sadr\u017eaj jednostavno prilago\u0111ava.<\/p>\n<p>[\/et_pb_text][\/et_pb_column][\/et_pb_row][\/et_pb_section]<\/p>\n","protected":false},"excerpt":{"rendered":"<p>O\u010ditavanje i naplata ulaznica sa kontrolom pristupa ABsistemTicketing Brz i siguran ulaz na sportske, zabavne ili kulturne doga\u0111aje je va\u017ean kriterij prema kojem posjetitelji odlu\u010duju da li \u0107e neki doga\u0111aj posjetiti i platiti. To zna\u010di da su upravljanje i kontrola ulaza i njegove naplate va\u017ean \u010dimbenik uspje\u0161nosti rada takvih objekata. Za tu svrhu su razvijeni [&hellip;]<\/p>\n","protected":false},"author":15,"featured_media":0,"parent":470,"menu_order":0,"comment_status":"closed","ping_status":"closed","template":"","meta":{"_et_pb_use_builder":"on","_et_pb_old_content":"","_et_gb_content_width":"","footnotes":""},"class_list":["post-19844","page","type-page","status-publish","hentry"],"_links":{"self":[{"href":"https:\/\/www.alarmautomatika.com\/hr\/wp-json\/wp\/v2\/pages\/19844","targetHints":{"allow":["GET"]}}],"collection":[{"href":"https:\/\/www.alarmautomatika.com\/hr\/wp-json\/wp\/v2\/pages"}],"about":[{"href":"https:\/\/www.alarmautomatika.com\/hr\/wp-json\/wp\/v2\/types\/page"}],"author":[{"embeddable":true,"href":"https:\/\/www.alarmautomatika.com\/hr\/wp-json\/wp\/v2\/users\/15"}],"replies":[{"embeddable":true,"href":"https:\/\/www.alarmautomatika.com\/hr\/wp-json\/wp\/v2\/comments?post=19844"}],"version-history":[{"count":0,"href":"https:\/\/www.alarmautomatika.com\/hr\/wp-json\/wp\/v2\/pages\/19844\/revisions"}],"up":[{"embeddable":true,"href":"https:\/\/www.alarmautomatika.com\/hr\/wp-json\/wp\/v2\/pages\/470"}],"wp:attachment":[{"href":"https:\/\/www.alarmautomatika.com\/hr\/wp-json\/wp\/v2\/media?parent=19844"}],"curies":[{"name":"wp","href":"https:\/\/api.w.org\/{rel}","templated":true}]}}