{"id":20322,"date":"2021-08-02T13:02:04","date_gmt":"2021-08-02T11:02:04","guid":{"rendered":"https:\/\/www.alarmautomatika.com\/?page_id=20322"},"modified":"2021-08-25T08:50:00","modified_gmt":"2021-08-25T06:50:00","slug":"absistem-interlock","status":"publish","type":"page","link":"https:\/\/www.alarmautomatika.com\/hr\/softveri\/absistem-interlock\/","title":{"rendered":"ABsistemInterlock"},"content":{"rendered":"<p>[et_pb_section fb_built=&#8221;1&#8243; _builder_version=&#8221;4.9.10&#8243; _module_preset=&#8221;default&#8221; vertical_offset=&#8221;-70px&#8221; global_colors_info=&#8221;{}&#8221;][et_pb_row _builder_version=&#8221;4.9.10&#8243; _module_preset=&#8221;default&#8221; global_colors_info=&#8221;{}&#8221;][et_pb_column type=&#8221;4_4&#8243; _builder_version=&#8221;4.9.10&#8243; _module_preset=&#8221;default&#8221; global_colors_info=&#8221;{}&#8221;][et_pb_text _builder_version=&#8221;4.9.10&#8243; _module_preset=&#8221;default&#8221; header_line_height=&#8221;1.3em&#8221; global_colors_info=&#8221;{}&#8221;]<\/p>\n<blockquote>\n<h1>Daljinsko upravljanje i nadzor interlock kabinama ABsistemInterlock<\/h1>\n<\/blockquote>\n<p>[\/et_pb_text][et_pb_text _builder_version=&#8221;4.9.10&#8243; _module_preset=&#8221;default&#8221; global_colors_info=&#8221;{}&#8221;]<\/p>\n<p><em>Zbog visoke efikasnosti u prevenciji zlonamjernih napada, interlock kabine se sve \u010de\u0161\u0107e koriste za kontrolu ulaza u javne i poslovne objekte, pogotovo one u kojima je pove\u0107ana opasnost od razbojni\u0161tva ili teroristi\u010dkog napada. Balisti\u010dki otporne kabine se koriste na ulazima u objekte visokog rizika.<\/em><\/p>\n<p>[\/et_pb_text][et_pb_image src=&#8221;https:\/\/www.alarmautomatika.com\/wp-content\/uploads\/2021\/08\/ABSistem-Interlock-header.jpg&#8221; alt=&#8221;ABsistemInterlock Header&#8221; _builder_version=&#8221;4.9.10&#8243; _module_preset=&#8221;default&#8221; global_colors_info=&#8221;{}&#8221;][\/et_pb_image][et_pb_text _builder_version=&#8221;4.9.10&#8243; _module_preset=&#8221;default&#8221; global_colors_info=&#8221;{}&#8221;]ABsistemInterlock je softver koji omogu\u0107uje nadzor te lokalno i daljinsko upravljanje nad interlock kabinama. Lokalno se kabinama upravlja putem kontrolera za otvaranje i zatvaranje vrata. Kabina mo\u017ee biti upravljana automatski ili ru\u010dno od strane zaposlenika pa oni mogu samoinicijativno blokirati sumnjivu osobu u kabini te provjeriti kakve su joj namjere. [\/et_pb_text][et_pb_text _builder_version=&#8221;4.9.10&#8243; _module_preset=&#8221;default&#8221; global_colors_info=&#8221;{}&#8221;]<\/p>\n<p>ABsistemInterlock softver tako\u0111er omogu\u0107uje daljinski nadzor i upravljanje kabinama na udaljenim lokacijama u realnom vremenu. Operater u sredi\u0161njem nadzornom centru vidi informacije o statusu svake pojedine kabine u sustavu (otvorena, zatvorena, u alarmu, blokirana). Tako mo\u017ee brzo reagirati na eventualne nepravilnosti u radu i osigurati da kontrole pristupa putem interlock kabina uvijek bude potpuno funkcionalna.<\/p>\n<p>[\/et_pb_text][\/et_pb_column][\/et_pb_row][et_pb_row column_structure=&#8221;1_2,1_2&#8243; _builder_version=&#8221;4.9.10&#8243; _module_preset=&#8221;default&#8221; global_colors_info=&#8221;{}&#8221;][et_pb_column type=&#8221;1_2&#8243; _builder_version=&#8221;4.9.10&#8243; _module_preset=&#8221;default&#8221; global_colors_info=&#8221;{}&#8221;][et_pb_text _builder_version=&#8221;4.9.10&#8243; _module_preset=&#8221;default&#8221; global_colors_info=&#8221;{}&#8221;]<\/p>\n<ul>\n<li>Lokalno upravljanje kabinama<\/li>\n<li>Automatski i ru\u010dni mod rada<\/li>\n<li>Brza reakcija osoblja na uo\u010denu opasnost<\/li>\n<li>Daljinski nadzor \u2013 u nadzornom centru se prati status<br \/>kabina, alarmi, poku\u0161aji provale, zaklju\u010danost van radnog vremena<\/li>\n<li>Upravljanje dislociranim kabinama iz nadzornog centra<\/li>\n<li>Daljinsko otkrivanje nepravilnosti u radu<\/li>\n<\/ul>\n<p>[\/et_pb_text][\/et_pb_column][et_pb_column type=&#8221;1_2&#8243; _builder_version=&#8221;4.9.10&#8243; _module_preset=&#8221;default&#8221; global_colors_info=&#8221;{}&#8221;][et_pb_image src=&#8221;https:\/\/www.alarmautomatika.com\/wp-content\/uploads\/2021\/08\/Interlock-monitor-1.png&#8221; alt=&#8221;ABsistemInterlocking map&#8221; _builder_version=&#8221;4.10.2&#8243; _module_preset=&#8221;default&#8221; global_colors_info=&#8221;{}&#8221;][\/et_pb_image][\/et_pb_column][\/et_pb_row][\/et_pb_section]<\/p>\n","protected":false},"excerpt":{"rendered":"<p>Daljinsko upravljanje i nadzor interlock kabinama ABsistemInterlock Zbog visoke efikasnosti u prevenciji zlonamjernih napada, interlock kabine se sve \u010de\u0161\u0107e koriste za kontrolu ulaza u javne i poslovne objekte, pogotovo one u kojima je pove\u0107ana opasnost od razbojni\u0161tva ili teroristi\u010dkog napada. Balisti\u010dki otporne kabine se koriste na ulazima u objekte visokog rizika.ABsistemInterlock je softver koji omogu\u0107uje [&hellip;]<\/p>\n","protected":false},"author":15,"featured_media":0,"parent":470,"menu_order":0,"comment_status":"closed","ping_status":"closed","template":"","meta":{"_et_pb_use_builder":"on","_et_pb_old_content":"","_et_gb_content_width":"","footnotes":""},"class_list":["post-20322","page","type-page","status-publish","hentry"],"_links":{"self":[{"href":"https:\/\/www.alarmautomatika.com\/hr\/wp-json\/wp\/v2\/pages\/20322","targetHints":{"allow":["GET"]}}],"collection":[{"href":"https:\/\/www.alarmautomatika.com\/hr\/wp-json\/wp\/v2\/pages"}],"about":[{"href":"https:\/\/www.alarmautomatika.com\/hr\/wp-json\/wp\/v2\/types\/page"}],"author":[{"embeddable":true,"href":"https:\/\/www.alarmautomatika.com\/hr\/wp-json\/wp\/v2\/users\/15"}],"replies":[{"embeddable":true,"href":"https:\/\/www.alarmautomatika.com\/hr\/wp-json\/wp\/v2\/comments?post=20322"}],"version-history":[{"count":0,"href":"https:\/\/www.alarmautomatika.com\/hr\/wp-json\/wp\/v2\/pages\/20322\/revisions"}],"up":[{"embeddable":true,"href":"https:\/\/www.alarmautomatika.com\/hr\/wp-json\/wp\/v2\/pages\/470"}],"wp:attachment":[{"href":"https:\/\/www.alarmautomatika.com\/hr\/wp-json\/wp\/v2\/media?parent=20322"}],"curies":[{"name":"wp","href":"https:\/\/api.w.org\/{rel}","templated":true}]}}