{"id":28044,"date":"2022-01-21T10:30:02","date_gmt":"2022-01-21T09:30:02","guid":{"rendered":"https:\/\/www.alarmautomatika.com\/?page_id=28044"},"modified":"2022-01-31T10:15:38","modified_gmt":"2022-01-31T09:15:38","slug":"protuteroristicke-barijere-za-vozila","status":"publish","type":"page","link":"https:\/\/www.alarmautomatika.com\/hr\/protuteroristicke-barijere-za-vozila\/","title":{"rendered":"Protuteroristi\u010dke barijere za vozila"},"content":{"rendered":"<p>[et_pb_section fb_built=&#8221;1&#8243; _builder_version=&#8221;4.14.6&#8243; _module_preset=&#8221;default&#8221; vertical_offset=&#8221;-75px&#8221; global_colors_info=&#8221;{}&#8221;][et_pb_row _builder_version=&#8221;4.14.6&#8243; _module_preset=&#8221;default&#8221; global_colors_info=&#8221;{}&#8221;][et_pb_column type=&#8221;4_4&#8243; _builder_version=&#8221;4.14.6&#8243; _module_preset=&#8221;default&#8221; global_colors_info=&#8221;{}&#8221;][et_pb_text _builder_version=&#8221;4.14.7&#8243; _module_preset=&#8221;default&#8221; header_font_size=&#8221;66px&#8221; header_line_height=&#8221;1.5em&#8221; header_3_font_size=&#8221;44px&#8221; header_3_line_height=&#8221;1.5em&#8221; global_colors_info=&#8221;{}&#8221;]<\/p>\n<blockquote>\n<h3>Protuteroristi\u010dke barijere za vozila<\/h3>\n<\/blockquote>\n<p>[\/et_pb_text][et_pb_text _builder_version=&#8221;4.14.7&#8243; _module_preset=&#8221;default&#8221; global_colors_info=&#8221;{}&#8221;]<\/p>\n<p><em>Zbog pove\u0107ane opasnosti od teroristi\u010dkih napada, zadnjih godina raste potra\u017enja za pouzdanim na\u010dinima za\u0161tite od napada vozilima visoko rizi\u010dnih objekata, primjerice elektrana, rafinerija, veleposlanstava i drugih objekata <strong><a href=\"https:\/\/www.alarmautomatika.com\/hr\/klijenti\/industrija-i-kriticna-infrastruktura\/\">kriti\u010dne infrastrukture<\/a><\/strong>, i <strong><a href=\"https:\/\/www.alarmautomatika.com\/hr\/klijenti\/javne-povrsine-i-prostori\/\">javnih prostora<\/a><\/strong>. Napadi na takve objekte mogu imati ozbiljne posljedice na \u017eivote, zdravlje i sigurnost ljudi, imovine i okoli\u0161a i ugroziti stabilnosti funkcioniranja zemlje u kojoj se dogodio.<\/em><\/p>\n<p><em>Kvaliteta opreme koja se koristi za zaustavljanje vozila se dokazuje certifikatima. Otpornost opreme (sposobnost da zaustavi nalet vozilom) se provjerava tzv. crash testovima prilikom kojih se karakteristike opreme provjeravaju u realnim uvjetima, u ovom slu\u010daju naletom vozila zadane mase i brzine na barijere i stupi\u0107e.<\/em><\/p>\n<p>[\/et_pb_text][\/et_pb_column][\/et_pb_row][et_pb_row _builder_version=&#8221;4.14.6&#8243; _module_preset=&#8221;default&#8221; vertical_offset=&#8221;-50px&#8221; global_colors_info=&#8221;{}&#8221;][et_pb_column type=&#8221;4_4&#8243; _builder_version=&#8221;4.14.6&#8243; _module_preset=&#8221;default&#8221; global_colors_info=&#8221;{}&#8221;][et_pb_text _builder_version=&#8221;4.14.7&#8243; _module_preset=&#8221;default&#8221; global_colors_info=&#8221;{}&#8221;]<\/p>\n<blockquote>\n<h3 id=\"podizne-barijere\">Podizne (wedge) barijere<\/h3>\n<\/blockquote>\n<p>[\/et_pb_text][et_pb_image src=&#8221;https:\/\/www.alarmautomatika.com\/wp-content\/uploads\/2022\/01\/PPG-podizne-wedge-barijere.jpg&#8221; align=&#8221;center&#8221; _builder_version=&#8221;4.14.6&#8243; _module_preset=&#8221;default&#8221; global_colors_info=&#8221;{}&#8221;][\/et_pb_image][et_pb_text _builder_version=&#8221;4.14.7&#8243; _module_preset=&#8221;default&#8221; hover_enabled=&#8221;0&#8243; global_colors_info=&#8221;{}&#8221; sticky_enabled=&#8221;0&#8243;]<\/p>\n<p>Podizne (wedge) barijere se koriste za za\u0161titu od upada vozilom u <strong><a href=\"https:\/\/www.alarmautomatika.com\/hr\/klijenti\/industrija-i-kriticna-infrastruktura\/\">objekte visokog rizika<\/a><\/strong> (energetska postrojenja, postrojenja za pro\u010di\u0161\u0107avanje vode, rafinerije nafte i petrokemijska postrojenja, vojni objekti, veleposlanstva, podatkovni centri, luke, aerodromi, ostali objekti kriti\u010dne infrastrukture) koji trebaju maksimalno pouzdanu za\u0161titu. Podizne (wedge) barijere Perimeter Protection Grupe su provjerene crash testovima i certificirana prema vi\u0161e me\u0111unarodnih normi \u2013 britanskoj PAS 68 (masa vozila 7,5 tona pri brzini od 80 km\/h), ameri\u010dkoj ASTM F 2656 (masa vozila 6,8 tona pri brzini od 80 km\/h) i me\u0111unarodnoj IWA 14-1 (masa vozila 7,2 tone pri brzini od 80 km\/h).<\/p>\n<p>[\/et_pb_text][et_pb_text _builder_version=&#8221;4.14.6&#8243; _module_preset=&#8221;default&#8221; global_colors_info=&#8221;{}&#8221;]Dubina potrebna za ugradnju je kriti\u010dan moment tijekom implementacije ove barijere. Manja dubina zna\u010di i manje tro\u0161kove jer ne\u0107e biti potrebno izmjestiti postoje\u0107e instalacije, primjerice vode, struje ili kanalizacije. Bitna je i brzina podizanja \/ spu\u0161tanja barijere kako se promet ne bi usporavao vi\u0161e nego je nu\u017eno. [\/et_pb_text][\/et_pb_column][\/et_pb_row][et_pb_row column_structure=&#8221;1_2,1_2&#8243; _builder_version=&#8221;4.14.6&#8243; _module_preset=&#8221;default&#8221; global_colors_info=&#8221;{}&#8221;][et_pb_column type=&#8221;1_2&#8243; _builder_version=&#8221;4.14.6&#8243; _module_preset=&#8221;default&#8221; global_colors_info=&#8221;{}&#8221;][et_pb_video src=&#8221;https:\/\/www.youtube.com\/watch?v=BJ0U4EBD79I&#8221; _builder_version=&#8221;4.14.6&#8243; _module_preset=&#8221;default&#8221; global_colors_info=&#8221;{}&#8221;][\/et_pb_video][\/et_pb_column][et_pb_column type=&#8221;1_2&#8243; _builder_version=&#8221;4.14.6&#8243; _module_preset=&#8221;default&#8221; global_colors_info=&#8221;{}&#8221;][et_pb_text _builder_version=&#8221;4.14.6&#8243; _module_preset=&#8221;default&#8221; global_colors_info=&#8221;{}&#8221;]<\/p>\n<ul>\n<li>Maksimalna za\u0161tita ulaza vozilom u kriti\u010dna podru\u010dja kao \u0161to su energetska postrojenja, objekti kriti\u010dne infrastrukture, vojne zone, aerodrom, podatkovni centri i sli\u010dno<\/li>\n<li>\u0160tite od napada vozilom bilo koje veli\u010dine i te\u017eine \u2013 K12 razina otpornosti<\/li>\n<li>Jednostavnija ugradnja jer se barijera proizvodi u vi\u0161e standardnih dimenzija \u0161to poma\u017ee kod odabira optimalnog rje\u0161enja<\/li>\n<li>Inovativni dizajn barijere \u2013 iskop za ugradnju samo 30 cm dubine<\/li>\n<li>Brzina podizanja i spu\u0161tanja barijere \u2013 3 do 4 sekunde<\/li>\n<\/ul>\n<p>[\/et_pb_text][\/et_pb_column][\/et_pb_row][et_pb_row _builder_version=&#8221;4.14.6&#8243; _module_preset=&#8221;default&#8221; global_colors_info=&#8221;{}&#8221;][et_pb_column type=&#8221;4_4&#8243; _builder_version=&#8221;4.14.6&#8243; _module_preset=&#8221;default&#8221; global_colors_info=&#8221;{}&#8221;][et_pb_text _builder_version=&#8221;4.14.7&#8243; _module_preset=&#8221;default&#8221; global_colors_info=&#8221;{}&#8221;]<\/p>\n<blockquote>\n<h3 id=\"fiksni-stupici\">Fiksni i podizni stupi\u0107i <\/h3>\n<\/blockquote>\n<p>[\/et_pb_text][et_pb_image src=&#8221;https:\/\/www.alarmautomatika.com\/wp-content\/uploads\/2022\/01\/PPG-Fiksni-i-podizni-stupici.jpg&#8221; align=&#8221;center&#8221; _builder_version=&#8221;4.14.6&#8243; _module_preset=&#8221;default&#8221; global_colors_info=&#8221;{}&#8221;][\/et_pb_image][et_pb_text _builder_version=&#8221;4.14.7&#8243; _module_preset=&#8221;default&#8221; hover_enabled=&#8221;0&#8243; global_colors_info=&#8221;{}&#8221; sticky_enabled=&#8221;0&#8243;]<\/p>\n<p>Fiksni i podizni stupi\u0107i se koriste za za\u0161titu <strong><a href=\"https:\/\/www.alarmautomatika.com\/hr\/klijenti\/javne-povrsine-i-prostori\/\">gradskih sredi\u0161ta<\/a><\/strong> i drugih prostora, primjerice prilaza <strong><a href=\"https:\/\/www.alarmautomatika.com\/hr\/klijenti\/javni-i-poslovni-objekti\/#rjesenja-za-stadione\">stadionima<\/a><\/strong> ili <strong><a href=\"https:\/\/www.alarmautomatika.com\/hr\/klijenti\/trgovacki-centri\/\">trgova\u010dkim centrima<\/a><\/strong>, i na kojima je mogu\u0107 teroristi\u010dki napad. Glavna svrha im je za\u0161tita od napada vozilom podru\u010dja kojima se kre\u0107e puno ljudi, a da se pri tome ne ometa njihovo slobodno kretanje. Koriste se i za trajnu ili privremenu regulaciju prometa, odnosno na na\u010din da je u neka podru\u010dja dozvoljen pristup samo vozilima s dozvolom.<\/p>\n<p>[\/et_pb_text][et_pb_text _builder_version=&#8221;4.14.6&#8243; _module_preset=&#8221;default&#8221; global_colors_info=&#8221;{}&#8221;]<\/p>\n<ul>\n<li>Brza i jednostavna ugradnja<\/li>\n<li>Mala dubina potrebna za ugradnju postolja fiksnih stupi\u0107a \u2013 20 cm<\/li>\n<li>Podizni stupi\u0107i &#8211; brzina podizanja 5 \u2013 6 sekundi, brzina spu\u0161tanja 3 \u2013 4 sekunde<\/li>\n<li>Najvi\u0161a klasa otpornosti M50 na udar vozila mase 7,5 tona pri brzini 80 km\/h, certificirani prema PAS 68:2013 V\/7500[N3]\/80\/90:5.2\/7.8, IWA 14-1:2013 V\/7200[N3C]\/80\/90:5.5 i ASTM F 2656-07 M50\/P2<\/li>\n<li>Stupi\u0107e se mo\u017ee brzo ukloniti<\/li>\n<li>Nema potrebe za odr\u017eavanjem stupi\u0107a osim povremenog bojanja ili dodavanja dekorativnih navlaka od mekog ili nehr\u0111aju\u0107eg \u010delika<\/li>\n<li>Trajni materijali<\/li>\n<li>Suvremen dizajn i vi\u0161estruka namjena u skladu s potrebama gra\u0111ana<\/li>\n<\/ul>\n<p>[\/et_pb_text][et_pb_text _builder_version=&#8221;4.14.6&#8243; _module_preset=&#8221;default&#8221; global_colors_info=&#8221;{}&#8221;]Stupi\u0107i su suvremenog dizajna i izgledom se uklapaju u urbana naselja. Mogu biti u funkciji kao pojedina\u010dni stupi\u0107 ili niz stupi\u0107a koji prati liniju perimetra \u0161ti\u0107enog prostora bez izazivanja dojma opasnosti. Dostupne su i izvedbe u kojima se koriste i za zadovoljavanje potreba gra\u0111ana, primjerice za privezivanje bicikala, kao posude za cvije\u0107e ili sa ugra\u0111enim spremnikom sa sredstvom za dezinfekciju ruku.[\/et_pb_text][\/et_pb_column][\/et_pb_row][et_pb_row _builder_version=&#8221;4.14.6&#8243; _module_preset=&#8221;default&#8221; global_colors_info=&#8221;{}&#8221;][et_pb_column type=&#8221;4_4&#8243; _builder_version=&#8221;4.14.6&#8243; _module_preset=&#8221;default&#8221; global_colors_info=&#8221;{}&#8221;][et_pb_image src=&#8221;https:\/\/www.alarmautomatika.com\/wp-content\/uploads\/2022\/01\/PPG-stupici-varijacije.jpg&#8221; align=&#8221;center&#8221; _builder_version=&#8221;4.14.6&#8243; _module_preset=&#8221;default&#8221; global_colors_info=&#8221;{}&#8221;][\/et_pb_image][et_pb_video src=&#8221;https:\/\/www.youtube.com\/watch?v=AKkVhKm7iEM&#8221; _builder_version=&#8221;4.14.6&#8243; _module_preset=&#8221;default&#8221; global_colors_info=&#8221;{}&#8221;][\/et_pb_video][\/et_pb_column][\/et_pb_row][et_pb_row _builder_version=&#8221;4.14.6&#8243; _module_preset=&#8221;default&#8221; global_colors_info=&#8221;{}&#8221;][et_pb_column type=&#8221;4_4&#8243; _builder_version=&#8221;4.14.6&#8243; _module_preset=&#8221;default&#8221; global_colors_info=&#8221;{}&#8221;][et_pb_text _builder_version=&#8221;4.14.7&#8243; _module_preset=&#8221;default&#8221; global_colors_info=&#8221;{}&#8221;]<\/p>\n<blockquote>\n<h3 id=\"cityprotector\">CityProtector <\/h3>\n<\/blockquote>\n<p>[\/et_pb_text][et_pb_image src=&#8221;https:\/\/www.alarmautomatika.com\/wp-content\/uploads\/2022\/01\/PPG-CityProtector.jpg&#8221; align=&#8221;center&#8221; _builder_version=&#8221;4.14.6&#8243; _module_preset=&#8221;default&#8221; global_colors_info=&#8221;{}&#8221;][\/et_pb_image][et_pb_text _builder_version=&#8221;4.14.7&#8243; _module_preset=&#8221;default&#8221; global_colors_info=&#8221;{}&#8221;]<\/p>\n<p>Perimeter Protection Grupa je razvila inovativno rje\u0161enje za\u0161tite <strong><a href=\"https:\/\/www.alarmautomatika.com\/hr\/klijenti\/javne-povrsine-i-prostori\/\">urbanih sredi\u0161ta<\/a><\/strong> od teroristi\u010dkih napada vozilom \u2013 CityProtector. Iznimna otpornost na udar vozila je dokazana crash testovima (prema PAS 68 i \/ ili IWA 14-1 normama) pa se sa sigurno\u0161\u0107u mo\u017ee re\u0107i da \u0107e CityProtector za\u0161titi ljudske \u017eivote pri poku\u0161aju napada.<br \/>Za izradu temelja za ugradnju CityProtector za\u0161tite potreban je iskop od svega 22 cm. To je posebno va\u017eno u gradovima gdje se ispod ceste ili plo\u010dnika nalazi gusta mre\u017ea raznih instalacija (struje, vode, plina, kanalizacije, telefona) koje se ne smiju o\u0161tetiti. Ugradnja je iznimno jednostavna i mo\u017ee je obaviti samo jedna osoba, bez upotrebe gra\u0111evinske mehanizacije, primjerice dizalica ili vili\u010dara.<br \/>CityProtector se jednostavno mo\u017ee prilagoditi potrebama stanovnika gradova i slu\u017eiti im primjerice i kao klupice za odmor, mjesta za privezivanje bicikala, kante za otpatke ili posude za cvije\u0107e.<\/p>\n<p>[\/et_pb_text][\/et_pb_column][\/et_pb_row][et_pb_row column_structure=&#8221;1_2,1_2&#8243; _builder_version=&#8221;4.14.6&#8243; _module_preset=&#8221;default&#8221; global_colors_info=&#8221;{}&#8221;][et_pb_column type=&#8221;1_2&#8243; _builder_version=&#8221;4.14.6&#8243; _module_preset=&#8221;default&#8221; global_colors_info=&#8221;{}&#8221;][et_pb_text _builder_version=&#8221;4.14.7&#8243; _module_preset=&#8221;default&#8221; global_colors_info=&#8221;{}&#8221;]<\/p>\n<p>&nbsp;<\/p>\n<p>&nbsp;<\/p>\n<ul>\n<li>Inovativan dizajn<\/li>\n<li>Provjerena otpornost na poku\u0161aj prodora vozilima<\/li>\n<li>Plitki temelji<\/li>\n<li>Jednostavna ugradnja<\/li>\n<li>Jednostavna prilagodba potrebama gra\u0111ana<\/li>\n<\/ul>\n<p>[\/et_pb_text][\/et_pb_column][et_pb_column type=&#8221;1_2&#8243; _builder_version=&#8221;4.14.6&#8243; _module_preset=&#8221;default&#8221; global_colors_info=&#8221;{}&#8221;][et_pb_video src=&#8221;https:\/\/www.youtube.com\/watch?v=JSwSSaBSjP4&#8243; _builder_version=&#8221;4.14.6&#8243; _module_preset=&#8221;default&#8221; global_colors_info=&#8221;{}&#8221;][\/et_pb_video][\/et_pb_column][\/et_pb_row][et_pb_row _builder_version=&#8221;4.14.7&#8243; _module_preset=&#8221;default&#8221; global_colors_info=&#8221;{}&#8221;][et_pb_column type=&#8221;4_4&#8243; _builder_version=&#8221;4.14.7&#8243; _module_preset=&#8221;default&#8221; global_colors_info=&#8221;{}&#8221;][et_pb_text _builder_version=&#8221;4.14.7&#8243; _module_preset=&#8221;default&#8221; global_colors_info=&#8221;{}&#8221;]<\/p>\n<blockquote>\n<h3>Upravljanje putem ABsistemDCi softvera za integraciju<\/h3>\n<\/blockquote>\n<p>[\/et_pb_text][et_pb_text _builder_version=&#8221;4.14.7&#8243; _module_preset=&#8221;default&#8221; global_colors_info=&#8221;{}&#8221;]<\/p>\n<p><img loading=\"lazy\" decoding=\"async\" class=\"wp-image-28191  alignleft\" src=\"https:\/\/www.alarmautomatika.com\/wp-content\/uploads\/2022\/01\/absistem-dci-300x180.jpg\" alt=\"\" width=\"286\" height=\"172\" \/>Upravljivim protuteroristi\u010dkim barijerama za vozila (podiznim (wedge) barijerama i podiznim stupi\u0107ima) se mo\u017ee upravljati i putem <strong><a href=\"https:\/\/www.alarmautomatika.com\/hr\/softveri\/nadzor-i-upravljanje-nad-sustavima-zastite\/\">ABsistemDCi softvera za integraciju<\/a><\/strong> razvijenog u Alarm automatici koji omogu\u0107uje da se sa svim safety, security i BMS sustavima na objektu upravlja putem jedinstvenog su\u010delja.<\/p>\n<p>[\/et_pb_text][\/et_pb_column][\/et_pb_row][et_pb_row _builder_version=&#8221;4.14.6&#8243; _module_preset=&#8221;default&#8221; global_colors_info=&#8221;{}&#8221;][et_pb_column type=&#8221;4_4&#8243; _builder_version=&#8221;4.14.6&#8243; _module_preset=&#8221;default&#8221; global_colors_info=&#8221;{}&#8221;][et_pb_text _builder_version=&#8221;4.14.7&#8243; _module_preset=&#8221;default&#8221; global_colors_info=&#8221;{}&#8221;]<\/p>\n<blockquote>\n<h3>Perimeter Protection Germany GmbH, Germany<\/h3>\n<\/blockquote>\n<p>[\/et_pb_text][et_pb_text _builder_version=&#8221;4.14.7&#8243; _module_preset=&#8221;default&#8221; global_colors_info=&#8221;{}&#8221;]<\/p>\n<p><a href=\"https:\/\/www.perimeterprotection.net\/\" target=\"_blank\" rel=\"noopener\"><img loading=\"lazy\" decoding=\"async\" class=\"wp-image-28124 size-full alignleft\" src=\"https:\/\/www.alarmautomatika.com\/wp-content\/uploads\/2022\/01\/PPG-logo.png\" alt=\"\" width=\"106\" height=\"71\" \/><strong>Perimeter Protection Group<\/strong><\/a> je u svijetu vode\u0107i proizvo\u0111a\u010d proizvoda i rje\u0161enja za za\u0161titu perimetra i kontrolu pristupa vozila i ljudi. Raspon njihovih rje\u0161enja obuhva\u0107a i po <strong><a href=\"https:\/\/www.perimeterprotection.net\/wp-content\/uploads\/2020\/11\/PPG-Crash-test-certification-1.pdf\" target=\"_blank\" rel=\"noopener\">me\u0111unarodnim crash normama certificirane<\/a><\/strong> podizne (wedge) barijere, vrata, stupi\u0107e i cestovne blokatore namijenjene za protuteroristi\u010dku za\u0161titu objekata visokog rizika. Tvrtka je osnovana 1951. u Njema\u010dkoj, ima svoje tvrtke u pet zemalja, a na svjetskoj razini posluje kroz mre\u017eu partnerskih tvrtki koje klijentima koji se bave razli\u010ditim gospodarskim djelatnostima mogu osigurati rje\u0161enje za\u0161tite primjereno njihovim potrebama. Alarm automatika je partner Perimeter Protection Grupe za regiju \u0161to zna\u010di da su djelatnici educirani i certificirani za implementaciju rje\u0161enja ovog eminentnog proizvo\u0111a\u010da.<\/p>\n<p>[\/et_pb_text][\/et_pb_column][\/et_pb_row][\/et_pb_section]<\/p>\n","protected":false},"excerpt":{"rendered":"<p>Protuteroristi\u010dke barijere za vozila Zbog pove\u0107ane opasnosti od teroristi\u010dkih napada, zadnjih godina raste potra\u017enja za pouzdanim na\u010dinima za\u0161tite od napada vozilima visoko rizi\u010dnih objekata, primjerice elektrana, rafinerija, veleposlanstava i drugih objekata kriti\u010dne infrastrukture, i javnih prostora. Napadi na takve objekte mogu imati ozbiljne posljedice na \u017eivote, zdravlje i sigurnost ljudi, imovine i okoli\u0161a i ugroziti [&hellip;]<\/p>\n","protected":false},"author":15,"featured_media":0,"parent":0,"menu_order":0,"comment_status":"closed","ping_status":"closed","template":"","meta":{"_et_pb_use_builder":"on","_et_pb_old_content":"","_et_gb_content_width":"","footnotes":""},"class_list":["post-28044","page","type-page","status-publish","hentry"],"_links":{"self":[{"href":"https:\/\/www.alarmautomatika.com\/hr\/wp-json\/wp\/v2\/pages\/28044","targetHints":{"allow":["GET"]}}],"collection":[{"href":"https:\/\/www.alarmautomatika.com\/hr\/wp-json\/wp\/v2\/pages"}],"about":[{"href":"https:\/\/www.alarmautomatika.com\/hr\/wp-json\/wp\/v2\/types\/page"}],"author":[{"embeddable":true,"href":"https:\/\/www.alarmautomatika.com\/hr\/wp-json\/wp\/v2\/users\/15"}],"replies":[{"embeddable":true,"href":"https:\/\/www.alarmautomatika.com\/hr\/wp-json\/wp\/v2\/comments?post=28044"}],"version-history":[{"count":0,"href":"https:\/\/www.alarmautomatika.com\/hr\/wp-json\/wp\/v2\/pages\/28044\/revisions"}],"wp:attachment":[{"href":"https:\/\/www.alarmautomatika.com\/hr\/wp-json\/wp\/v2\/media?parent=28044"}],"curies":[{"name":"wp","href":"https:\/\/api.w.org\/{rel}","templated":true}]}}