{"id":29942,"date":"2022-02-11T12:10:57","date_gmt":"2022-02-11T11:10:57","guid":{"rendered":"https:\/\/www.alarmautomatika.com\/?page_id=29942"},"modified":"2022-02-14T09:27:37","modified_gmt":"2022-02-14T08:27:37","slug":"sos-sustavi-za-poziv-u-nuzdi","status":"publish","type":"page","link":"https:\/\/www.alarmautomatika.com\/hr\/sos-sustavi-za-poziv-u-nuzdi\/","title":{"rendered":"SOS sustavi za poziv u nu\u017edi"},"content":{"rendered":"<p>[et_pb_section fb_built=&#8221;1&#8243; _builder_version=&#8221;4.14.7&#8243; _module_preset=&#8221;default&#8221; global_colors_info=&#8221;{}&#8221;][et_pb_row _builder_version=&#8221;4.14.7&#8243; _module_preset=&#8221;default&#8221; vertical_offset=&#8221;-70px&#8221; global_colors_info=&#8221;{}&#8221;][et_pb_column type=&#8221;4_4&#8243; _builder_version=&#8221;4.14.7&#8243; _module_preset=&#8221;default&#8221; global_colors_info=&#8221;{}&#8221;][et_pb_text _builder_version=&#8221;4.14.7&#8243; _module_preset=&#8221;default&#8221; global_colors_info=&#8221;{}&#8221;]<\/p>\n<blockquote>\n<h1>SOS sustavi za poziv u nu\u017edi<\/h1>\n<\/blockquote>\n<p>[\/et_pb_text][et_pb_text _builder_version=&#8221;4.14.7&#8243; _module_preset=&#8221;default&#8221; global_colors_info=&#8221;{}&#8221;]<\/p>\n<p><em>SOS sustavi omogu\u0107uju da korisnici, \u0161ti\u0107enici ili posjetitelji razli\u010ditih objekata mogu pozvati pomo\u0107 kada im je potrebna. Uglavnom se koriste u bolnicama, <strong><a href=\"https:\/\/drive.google.com\/file\/d\/1L6FvhYvwjNNBB0YBMsQrgf6t6-GVDtzV\/view\" target=\"_blank\" rel=\"noopener\">domovima za starije<\/a><\/strong>, zatvorima, hotelima i ostalim javnim objektima, primjerice u toaletima za invalide.<\/em><br \/><em>Suvremeni IP bazirani SOS sustavi omogu\u0107uju puno vi\u0161e od klasi\u010dnih, a za njihovu punu funkcionalnost od presudne va\u017enosti je odabrati opremu koja omogu\u0107uje fleksibilnost u prilago\u0111avanju potrebama poslovanja, jednostavno kori\u0161tenje i upravljanje te uskla\u0111enu sa va\u017ee\u0107im normama.<\/em><\/p>\n<p>[\/et_pb_text][et_pb_image src=&#8221;https:\/\/www.alarmautomatika.com\/wp-content\/uploads\/2022\/02\/22021_SOS_e-flyer_banner.jpg&#8221; _builder_version=&#8221;4.14.7&#8243; _module_preset=&#8221;default&#8221; global_colors_info=&#8221;{}&#8221;][\/et_pb_image][\/et_pb_column][\/et_pb_row][et_pb_row column_structure=&#8221;1_4,1_4,1_4,1_4&#8243; use_custom_gutter=&#8221;on&#8221; gutter_width=&#8221;2&#8243; _builder_version=&#8221;4.14.7&#8243; _module_preset=&#8221;default&#8221; vertical_offset=&#8221;-70px&#8221; global_colors_info=&#8221;{}&#8221;][et_pb_column type=&#8221;1_4&#8243; _builder_version=&#8221;4.14.7&#8243; _module_preset=&#8221;default&#8221; global_colors_info=&#8221;{}&#8221;][et_pb_button button_url=&#8221;#prednosti&#8221; url_new_window=&#8221;on&#8221; button_text=&#8221;Prednosti IP SOS sustava&#8221; button_alignment=&#8221;center&#8221; disabled_on=&#8221;off|off|off&#8221; _builder_version=&#8221;4.14.7&#8243; _module_preset=&#8221;default&#8221; custom_button=&#8221;on&#8221; button_text_size=&#8221;16px&#8221; button_font=&#8221;|600|||||||&#8221; button_use_icon=&#8221;off&#8221; custom_padding=&#8221;12px|53px|12px|53px|true|true&#8221; hover_enabled=&#8221;0&#8243; global_colors_info=&#8221;{}&#8221; sticky_enabled=&#8221;0&#8243;][\/et_pb_button][\/et_pb_column][et_pb_column type=&#8221;1_4&#8243; _builder_version=&#8221;4.14.7&#8243; _module_preset=&#8221;default&#8221; global_colors_info=&#8221;{}&#8221;][et_pb_button button_url=&#8221;#elementi_sos&#8221; url_new_window=&#8221;on&#8221; button_text=&#8221;Elementi IP SOS sustava&#8221; button_alignment=&#8221;center&#8221; disabled_on=&#8221;off|off|off&#8221; _builder_version=&#8221;4.14.7&#8243; _module_preset=&#8221;default&#8221; custom_button=&#8221;on&#8221; button_text_size=&#8221;16px&#8221; button_font=&#8221;|600|||||||&#8221; button_use_icon=&#8221;off&#8221; custom_padding=&#8221;14px|53px|14px|53px|true|true&#8221; global_colors_info=&#8221;{}&#8221;][\/et_pb_button][\/et_pb_column][et_pb_column type=&#8221;1_4&#8243; _builder_version=&#8221;4.14.7&#8243; _module_preset=&#8221;default&#8221; global_colors_info=&#8221;{}&#8221;][et_pb_button button_url=&#8221;#integracija_sustava&#8221; url_new_window=&#8221;on&#8221; button_text=&#8221;Integracija SOS sustava&#8221; button_alignment=&#8221;center&#8221; disabled_on=&#8221;off|off|off&#8221; _builder_version=&#8221;4.14.7&#8243; _module_preset=&#8221;default&#8221; custom_button=&#8221;on&#8221; button_text_size=&#8221;16px&#8221; button_font=&#8221;|600|||||||&#8221; button_use_icon=&#8221;off&#8221; custom_padding=&#8221;14px|53px|14px|53px|true|true&#8221; global_colors_info=&#8221;{}&#8221;][\/et_pb_button][\/et_pb_column][et_pb_column type=&#8221;1_4&#8243; _builder_version=&#8221;4.14.7&#8243; _module_preset=&#8221;default&#8221; global_colors_info=&#8221;{}&#8221;][et_pb_button button_url=&#8221;#projektiranje_sos_sustava&#8221; url_new_window=&#8221;on&#8221; button_text=&#8221;Projektiranje SOS sustava&#8221; button_alignment=&#8221;center&#8221; disabled_on=&#8221;off|off|off&#8221; admin_label=&#8221;Button&#8221; _builder_version=&#8221;4.14.7&#8243; _module_preset=&#8221;default&#8221; custom_button=&#8221;on&#8221; button_text_size=&#8221;16px&#8221; button_font=&#8221;|600|||||||&#8221; button_use_icon=&#8221;off&#8221; custom_padding=&#8221;14px|53px|14px|53px|true|true&#8221; global_colors_info=&#8221;{}&#8221;][\/et_pb_button][\/et_pb_column][\/et_pb_row][et_pb_row _builder_version=&#8221;4.14.7&#8243; _module_preset=&#8221;default&#8221; vertical_offset=&#8221;-70px&#8221; global_colors_info=&#8221;{}&#8221;][et_pb_column type=&#8221;4_4&#8243; _builder_version=&#8221;4.14.7&#8243; _module_preset=&#8221;default&#8221; global_colors_info=&#8221;{}&#8221;][et_pb_text _builder_version=&#8221;4.14.7&#8243; _module_preset=&#8221;default&#8221; global_colors_info=&#8221;{}&#8221;]<\/p>\n<blockquote>\n<h3 id=\"prednosti\">Prednosti IP baziranih SOS sustava <\/h3>\n<\/blockquote>\n<p>[\/et_pb_text][et_pb_text _builder_version=&#8221;4.14.7&#8243; _module_preset=&#8221;default&#8221; global_colors_info=&#8221;{}&#8221;]<\/p>\n<p>IP bazirani SOS sustavi imaju mnogobrojne prednosti u odnosu na klasi\u010dne i s aspekta ustanova koje ih \u017eele ili moraju imati i s aspekta korisnika njihovih usluga (\u0161ti\u0107enika, pacijenata, posjetitelja). Ve\u0107 pri investiciji su isplativiji jer je mogu\u0107e iskoristiti postoje\u0107e sustave, bilo kori\u0161tenjem postoje\u0107ih konvencionalnih pozivnih to\u010daka, ili preuzimanjem starog o\u017ei\u010denja objekta putem BUS sustava (most prema IP\/TCP). Fleksibilniji su i u smislu neograni\u010dene mogu\u0107nosti pro\u0161irenja i daljinskog upravljanja te se mogu integrirati sa ostalim sustavima na objektu. Budu\u0107i da se SOS pozivi osim putem ra\u010dunala u de\u017eurnoj sobi mogu primiti i putem mobitela, omogu\u0107uju osoblju da se bave svojim redovitim poslom bez da korisnici budu u neizvjesnosti da li netko zna da im treba pomo\u0107.<\/p>\n<p>[\/et_pb_text][\/et_pb_column][\/et_pb_row][et_pb_row column_structure=&#8221;1_2,1_2&#8243; _builder_version=&#8221;4.14.7&#8243; _module_preset=&#8221;default&#8221; vertical_offset=&#8221;-70px&#8221; global_colors_info=&#8221;{}&#8221;][et_pb_column type=&#8221;1_2&#8243; _builder_version=&#8221;4.14.7&#8243; _module_preset=&#8221;default&#8221; global_colors_info=&#8221;{}&#8221;][et_pb_text _builder_version=&#8221;4.14.7&#8243; _module_preset=&#8221;default&#8221; global_colors_info=&#8221;{}&#8221;]<\/p>\n<ul>\n<li>Mogu\u0107nost kori\u0161tenja o\u017ei\u010denja postoje\u0107eg klasi\u010dnog SOS sustava<\/li>\n<li>Neograni\u010dena mogu\u0107nost pro\u0161irenja sustava<\/li>\n<li>Daljinsko upravljanje<\/li>\n<li>Desktop i mobilna aplikacija za primanje poziva i komunikaciju s osobama u potrebi \u2013 osoblje \u0107e primiti poziv u pomo\u0107 i tijekom obavljanja redovnih du\u017enosti, ne isklju\u010divo u de\u017eurnoj sobi<\/li>\n<li>Dvosmjerna glasovna komunikacija osoblja i osobe koja je uputila SOS poziv<\/li>\n<\/ul>\n<p>[\/et_pb_text][\/et_pb_column][et_pb_column type=&#8221;1_2&#8243; _builder_version=&#8221;4.14.7&#8243; _module_preset=&#8221;default&#8221; global_colors_info=&#8221;{}&#8221;][et_pb_text _builder_version=&#8221;4.14.7&#8243; _module_preset=&#8221;default&#8221; global_colors_info=&#8221;{}&#8221;]<\/p>\n<ul>\n<li>Pra\u0107enje kretanja osoba sa SOS narukvicom po objektu i vanjskim prostorima, pozicija vidljiva na tlocrtu<\/li>\n<li>Provjera plana njege ili lije\u010denja svakog korisnika<\/li>\n<li>Unos podataka o obavljenim mjerenjima (te\u017eina, krvni tlak, temperatura), terapiji i zapa\u017eanjima (pojeo obrok)<\/li>\n<li>Automatska pohrana svih aktivnosti u digitalnu arhivu doga\u0111aja (poziv u pomo\u0107, pru\u017eena pomo\u0107, mjerenja \u0161ti\u0107enika, posjete). Mogu\u0107nost pregleda, izvoza i analize zapisa.<\/li>\n<li>Identifikacija osobe koja je pru\u017eila pomo\u0107 putem ID kartice i \u010dita\u010da<\/li>\n<\/ul>\n<p>[\/et_pb_text][\/et_pb_column][\/et_pb_row][et_pb_row _builder_version=&#8221;4.14.7&#8243; _module_preset=&#8221;default&#8221; global_colors_info=&#8221;{}&#8221;][et_pb_column type=&#8221;4_4&#8243; _builder_version=&#8221;4.14.7&#8243; _module_preset=&#8221;default&#8221; global_colors_info=&#8221;{}&#8221;][et_pb_video src=&#8221;https:\/\/youtu.be\/oRjBAeCZbHk&#8221; _builder_version=&#8221;4.14.7&#8243; _module_preset=&#8221;default&#8221; global_colors_info=&#8221;{}&#8221;][\/et_pb_video][et_pb_text _builder_version=&#8221;4.14.7&#8243; _module_preset=&#8221;default&#8221; global_colors_info=&#8221;{}&#8221;]<\/p>\n<blockquote>\n<h1 id=\"elementi_sos\">Elementi SOS sustava<\/h1>\n<\/blockquote>\n<p>[\/et_pb_text][et_pb_text _builder_version=&#8221;4.14.7&#8243; _module_preset=&#8221;default&#8221; global_colors_info=&#8221;{}&#8221;]<\/p>\n<blockquote>\n<h3>Centralne jedinice <\/h3>\n<\/blockquote>\n<p>[\/et_pb_text][et_pb_text _builder_version=&#8221;4.14.7&#8243; _module_preset=&#8221;default&#8221; global_colors_info=&#8221;{}&#8221;]<\/p>\n<p>Omogu\u0107uju prijem, obradu i pohranu poziva ostvarenog putem neke od pozivnih jedinica. Raspon iCall centralnih jedinica dopu\u0161ta visoku razinu fleksibilnosti, kako u kori\u0161tenju, tako i u izvo\u0111enju sustava (visoka fleksibilnost integracije). Kori\u0161tenje SIP protokola, pru\u017ea nebrojene mogu\u0107nosti u komunikaciji unutar, i izvan objekta (integracija s VoIP telefonijom, interfonijom i sli\u010dno).<\/p>\n<p>[\/et_pb_text][et_pb_text _builder_version=&#8221;4.14.7&#8243; _module_preset=&#8221;default&#8221; global_colors_info=&#8221;{}&#8221;]<\/p>\n<blockquote>\n<h3>Fiksne i mobilne pozivne jedinice <\/h3>\n<\/blockquote>\n<p>[\/et_pb_text][et_pb_text _builder_version=&#8221;4.14.7&#8243; _module_preset=&#8221;default&#8221; global_colors_info=&#8221;{}&#8221;]Pozivne iCall jedinice su dostupne u vi\u0161e izvedbi, od onih koji omogu\u0107uju telefoniranje, upravljanje rasvjetom i multimedijom, do onih koji reagiraju na glas za osobe koje ne mogu pritisnuti tipkalo. Razli\u010dite izvedbe omogu\u0107uju da se iskoristi postoje\u0107e ili neadekvatno o\u017ei\u010denje \u0161to omogu\u0107uje jednostavnu nadogradnju i osuvremenjivanje starih sustava. Sve jedinice su potpuno programabilne.<br \/>\nPoziv u pomo\u0107 se mo\u017ee uputiti i putem SOS narukvica koje, putem precizne geolokacijske tehnologije, omogu\u0107uju pra\u0107enje polo\u017eaja \u0161ti\u0107enika u svakom trenutku. [\/et_pb_text][et_pb_text _builder_version=&#8221;4.14.7&#8243; _module_preset=&#8221;default&#8221; global_colors_info=&#8221;{}&#8221;]<\/p>\n<blockquote>\n<h3>Signalizacijska  oprema <\/h3>\n<\/blockquote>\n<p>[\/et_pb_text][et_pb_text _builder_version=&#8221;4.14.7&#8243; _module_preset=&#8221;default&#8221; global_colors_info=&#8221;{}&#8221;]Signalizacijskom opremom su obuhva\u0107ene razli\u010dite izvedbe opto-akusti\u010dnih signalizatora za lociranje mikrolokacije poziva (sobe), sobnih terminala s ponavljanjem poziva te hodni\u010dkih prikaznika za velike objekte (bolni\u010dki hodnici). Oprema je tako\u0111er potpuno programabilna.[\/et_pb_text][et_pb_text _builder_version=&#8221;4.14.7&#8243; _module_preset=&#8221;default&#8221; global_colors_info=&#8221;{}&#8221;]<\/p>\n<blockquote>\n<h3>Softver za prijem i obradu SOS poziva <\/h3>\n<\/blockquote>\n<p>[\/et_pb_text][et_pb_text _builder_version=&#8221;4.14.7&#8243; _module_preset=&#8221;default&#8221; global_colors_info=&#8221;{}&#8221;]IndigoCare proizvodi se u IP \u201esvijet\u201c integriraju putem Netrix platforme bilo putem ra\u010dunala ili pametnih mobilnih telefona. Integracija glasovnih funkcija putem SIP protokola omogu\u0107uje nebrojene komunikacijske mogu\u0107nosti unutar ili van objekta. Razli\u010diti programski paketi omogu\u0107uju dodatne funkcije sustava, kao \u0161to su pra\u0107enje zdravstvenog stanja, podaci o osoblju, rasporedi, evakuacijski moduli i sli\u010dno.[\/et_pb_text][et_pb_text _builder_version=&#8221;4.14.7&#8243; _module_preset=&#8221;default&#8221; global_colors_info=&#8221;{}&#8221;]<\/p>\n<blockquote>\n<h3>Dodatna oprema<\/h3>\n<\/blockquote>\n<p>[\/et_pb_text][et_pb_text _builder_version=&#8221;4.14.7&#8243; _module_preset=&#8221;default&#8221; global_colors_info=&#8221;{}&#8221;]Dostupni su razni mre\u017eni preklopnici (PoE ili klasi\u010dni). Za nesmetan rad sustava u slu\u010dajevima nestanka energije, sustav moramo tretirati kao safety, te mu prilikom projektiranja treba osigurati dovoljnu autonomiju napajanja.[\/et_pb_text][et_pb_image src=&#8221;https:\/\/www.alarmautomatika.com\/wp-content\/uploads\/2022\/02\/iCall-Netrix_DWG.jpg&#8221; align=&#8221;center&#8221; _builder_version=&#8221;4.14.7&#8243; _module_preset=&#8221;default&#8221; global_colors_info=&#8221;{}&#8221;][\/et_pb_image][\/et_pb_column][\/et_pb_row][et_pb_row _builder_version=&#8221;4.14.7&#8243; _module_preset=&#8221;default&#8221; global_colors_info=&#8221;{}&#8221;][et_pb_column type=&#8221;4_4&#8243; _builder_version=&#8221;4.14.7&#8243; _module_preset=&#8221;default&#8221; global_colors_info=&#8221;{}&#8221;][et_pb_text _builder_version=&#8221;4.14.7&#8243; _module_preset=&#8221;default&#8221; global_colors_info=&#8221;{}&#8221;]<\/p>\n<blockquote>\n<h3 id=\"integracija_sustava\">Integracija SOS sustava s ostalim sustavima u objektu<\/h3>\n<\/blockquote>\n<p>[\/et_pb_text][et_pb_text _builder_version=&#8221;4.14.7&#8243; _module_preset=&#8221;default&#8221; global_colors_info=&#8221;{}&#8221;]<\/p>\n<p>IP SOS sustavi se mogu integrirati sa ostalim sustavima na objektu (videonadzor, kontrola pristupa, BMS). Zbog sigurnosti korisnika, posebno je va\u017ena mogu\u0107nost integracije sa sustavom dojave po\u017eara i na njega vezanim sustavima koji omogu\u0107uju sigurnu i brzu evakuaciju (evakuacijski razglas, panik rasvjeta, odvo\u0111enje dima i topline). Mogu\u0107a je i integracija putem u Alarm automatici razvijenog softvera za integraciju <strong><a href=\"https:\/\/www.alarmautomatika.com\/hr\/softveri\/nadzor-i-upravljanje-nad-sustavima-zastite\/\">ABsistemDCi.<\/a><\/strong><\/p>\n<p>[\/et_pb_text][et_pb_text _builder_version=&#8221;4.14.7&#8243; _module_preset=&#8221;default&#8221; global_colors_info=&#8221;{}&#8221;]<\/p>\n<blockquote>\n<h3 id=\"projektiranje_sos_sustava\">Projektiranje SOS sustava <\/h3>\n<\/blockquote>\n<p>[\/et_pb_text][et_pb_text _builder_version=&#8221;4.14.7&#8243; _module_preset=&#8221;default&#8221; global_colors_info=&#8221;{}&#8221;]<\/p>\n<p><strong><a href=\"https:\/\/www.alarmautomatika.com\/hr\/usluge\/strucne-usluge-za-slozene-projekte\/#projektiranje\">Projektiranje<\/a><\/strong> je klju\u010dan \u010dimbenik pune funkcionalnosti SOS sustava i posao koji je potrebno povjeriti ovla\u0161tenim osobama. Time se izbjegavaju razli\u010dite improvizacije, primjerice kori\u0161tenje protuprovale ili vatrodojave za SOS pozive, situacije u kojima je onemogu\u0107eno kori\u0161tenje opreme razli\u010ditih proizvo\u0111a\u010da i situacije u kojima je potrebno u\u010destalo odr\u017eavanje \u0161to investiciju u sustav \u010dini skupom. Pri odabiru opreme treba voditi ra\u010duna o njezinoj uskla\u0111enosti s pozitivnim normama koje su prihva\u0107ene u zemljama Europske unije (VDE 834, BS8300) kojima se propisuje kvaliteta SOS sustava i opreme za pojedine namjene, primjerice za domove za starije i nemo\u0107ne osobe ili bolnice.<br \/>Kvalitetno projektiran i izveden sustav, uz pa\u017eljivu integraciju temeljenu na zahtjevima korisnika u fazi projektiranja, mo\u017ee imati ulogu &#8216;multiplikatora&#8217; osoblja i pove\u0107ati u\u010dinkovitost. To je posebno va\u017eno u vrijeme epidemijske i nedostatka \u0161kolovane radne snage. Istovremeno, korisnicima je osigurana ve\u0107a udobnost i mir jer znaju da je pomo\u0107 tu kada je trebaju.<\/p>\n<p>[\/et_pb_text][et_pb_text _builder_version=&#8221;4.14.7&#8243; _module_preset=&#8221;default&#8221; global_colors_info=&#8221;{}&#8221;]<\/p>\n<blockquote>\n<h3>Indigo Care <\/h3>\n<\/blockquote>\n<p>[\/et_pb_text][et_pb_text _builder_version=&#8221;4.14.7&#8243; _module_preset=&#8221;default&#8221; global_colors_info=&#8221;{}&#8221;]<\/p>\n<p><img loading=\"lazy\" decoding=\"async\" class=\"wp-image-29955  alignleft\" src=\"https:\/\/www.alarmautomatika.com\/wp-content\/uploads\/2022\/02\/Indigocare_logo-300x100.jpg\" alt=\"\" width=\"177\" height=\"59\" \/>Belgijska tvrtka <strong><a href=\"https:\/\/www.indigocare.com\/\" target=\"_blank\" rel=\"noopener\">IndigoCare<\/a><\/strong>, dio Essec Grupe, posluje od 1977. godine i prva je u svijetu proizvela u potpunosti IP baziran SOS sustav danas poznat kao iCall. U svijetu su jedan od najve\u0107ih sistem integratora rje\u0161enja poziva u nu\u017edi, obavje\u0161tavanja i telekomunikacije. Tvrtka posluje u 48 zemalja i zapo\u0161ljava vi\u0161e od 130 ljudi.<\/p>\n<p>[\/et_pb_text][\/et_pb_column][\/et_pb_row][\/et_pb_section]<\/p>\n","protected":false},"excerpt":{"rendered":"<p>SOS sustavi za poziv u nu\u017edi SOS sustavi omogu\u0107uju da korisnici, \u0161ti\u0107enici ili posjetitelji razli\u010ditih objekata mogu pozvati pomo\u0107 kada im je potrebna. Uglavnom se koriste u bolnicama, domovima za starije, zatvorima, hotelima i ostalim javnim objektima, primjerice u toaletima za invalide.Suvremeni IP bazirani SOS sustavi omogu\u0107uju puno vi\u0161e od klasi\u010dnih, a za njihovu punu [&hellip;]<\/p>\n","protected":false},"author":15,"featured_media":0,"parent":0,"menu_order":0,"comment_status":"closed","ping_status":"closed","template":"","meta":{"_et_pb_use_builder":"on","_et_pb_old_content":"","_et_gb_content_width":"","footnotes":""},"class_list":["post-29942","page","type-page","status-publish","hentry"],"_links":{"self":[{"href":"https:\/\/www.alarmautomatika.com\/hr\/wp-json\/wp\/v2\/pages\/29942","targetHints":{"allow":["GET"]}}],"collection":[{"href":"https:\/\/www.alarmautomatika.com\/hr\/wp-json\/wp\/v2\/pages"}],"about":[{"href":"https:\/\/www.alarmautomatika.com\/hr\/wp-json\/wp\/v2\/types\/page"}],"author":[{"embeddable":true,"href":"https:\/\/www.alarmautomatika.com\/hr\/wp-json\/wp\/v2\/users\/15"}],"replies":[{"embeddable":true,"href":"https:\/\/www.alarmautomatika.com\/hr\/wp-json\/wp\/v2\/comments?post=29942"}],"version-history":[{"count":0,"href":"https:\/\/www.alarmautomatika.com\/hr\/wp-json\/wp\/v2\/pages\/29942\/revisions"}],"wp:attachment":[{"href":"https:\/\/www.alarmautomatika.com\/hr\/wp-json\/wp\/v2\/media?parent=29942"}],"curies":[{"name":"wp","href":"https:\/\/api.w.org\/{rel}","templated":true}]}}