{"id":39989,"date":"2023-02-14T09:25:57","date_gmt":"2023-02-14T08:25:57","guid":{"rendered":"https:\/\/www.alarmautomatika.com\/?page_id=39989"},"modified":"2025-05-29T14:47:42","modified_gmt":"2025-05-29T12:47:42","slug":"projektiranje-integriranog-rjesenja-zastite-od-pozara","status":"publish","type":"page","link":"https:\/\/www.alarmautomatika.com\/hr\/projektiranje-integriranog-rjesenja-zastite-od-pozara\/","title":{"rendered":"Projektiranje integriranog rje\u0161enja za\u0161tite od po\u017eara"},"content":{"rendered":"<p>[et_pb_section fb_built=&#8221;1&#8243; _builder_version=&#8221;4.19.5&#8243; _module_preset=&#8221;default&#8221; vertical_offset=&#8221;-75px&#8221; global_colors_info=&#8221;{}&#8221;][et_pb_row _builder_version=&#8221;4.19.5&#8243; _module_preset=&#8221;default&#8221; global_colors_info=&#8221;{}&#8221;][et_pb_column type=&#8221;4_4&#8243; _builder_version=&#8221;4.19.5&#8243; _module_preset=&#8221;default&#8221; global_colors_info=&#8221;{}&#8221;][et_pb_text _builder_version=&#8221;4.19.5&#8243; _module_preset=&#8221;default&#8221; header_line_height=&#8221;1.4em&#8221; global_colors_info=&#8221;{}&#8221;]<\/p>\n<blockquote>\n<h1>Priru\u010dnik za projektiranje integriranih sustava za za\u0161titu od po\u017eara<\/h1>\n<\/blockquote>\n<p>[\/et_pb_text][et_pb_image src=&#8221;https:\/\/www.alarmautomatika.com\/wp-content\/uploads\/2023\/02\/22086_Prirucnik_za_dojavu_pozara_banner_1400x444px.jpg&#8221; _builder_version=&#8221;4.19.5&#8243; _module_preset=&#8221;default&#8221; global_colors_info=&#8221;{}&#8221;][\/et_pb_image][et_pb_text _builder_version=&#8221;4.19.5&#8243; _module_preset=&#8221;default&#8221; global_colors_info=&#8221;{}&#8221;]<\/p>\n<p><em>Priru\u010dnik za<\/em> p<em>rojektiranje integriranih sustava za za\u0161titu od po\u017eara<\/em> obuhva\u0107a osnovne upute za projektiranje sustava koji se u gra\u0111evinskim objektima koriste u funkciji za\u0161tite \u017eivota ljudi i ograni\u010davanja materijalne \u0161tete u slu\u010daju po\u017eara.<\/p>\n<p>Rije\u010d je o sustavima dojave po\u017eara i plina kojima se osigurava rana detekcija i dojava opasnosti te sustavima evakuacijskog razglasa, odvo\u0111enja dima i topline i sigurnosne rasvjete kojima se osigurava sigurna evakuacija ljudi iz po\u017earom ugro\u017eenih prostora.<\/p>\n<p>Priru\u010dnik obuhva\u0107a i prikaz u Hrvatskoj va\u017ee\u0107ih zakona, pravilnika i normi relevantnih za projektiranje integriranog rje\u0161enja za\u0161tite od po\u017eara, a najva\u017enije odredbe su posebno istaknute i poja\u0161njene.<\/p>\n<p>Rije\u010d je o novom i pro\u0161irenom izdanju priru\u010dnika <em>Uvod u projektiranje sustava za dojavu po\u017eara<\/em> koji je Alarm automatika d.o.o. izdala 2010. godine.<\/p>\n<p>[\/et_pb_text][et_pb_text _builder_version=&#8221;4.19.5&#8243; _module_preset=&#8221;default&#8221; global_colors_info=&#8221;{}&#8221;]<\/p>\n<blockquote>\n<h4>Autori<\/h4>\n<\/blockquote>\n<p>[\/et_pb_text][et_pb_text _builder_version=&#8221;4.19.5&#8243; _module_preset=&#8221;default&#8221; global_colors_info=&#8221;{}&#8221;]<\/p>\n<h5>Renata Don\u010devi\u0107, mag. ing. el.<\/h5>\n<h5>Bruno Jela\u010di\u0107, mag. ing. el.<\/h5>\n<h5>Vedran Mihaljevi\u0107, bacc. ing. el.<\/h5>\n<p>[\/et_pb_text][\/et_pb_column][\/et_pb_row][et_pb_row _builder_version=&#8221;4.19.5&#8243; _module_preset=&#8221;default&#8221; global_colors_info=&#8221;{}&#8221;][et_pb_column type=&#8221;4_4&#8243; _builder_version=&#8221;4.19.5&#8243; _module_preset=&#8221;default&#8221; global_colors_info=&#8221;{}&#8221;][et_pb_text _builder_version=&#8221;4.19.5&#8243; _module_preset=&#8221;default&#8221; global_colors_info=&#8221;{}&#8221;]<\/p>\n<blockquote>\n<h4>Iz recenzije<\/h4>\n<\/blockquote>\n<p>[\/et_pb_text][et_pb_testimonial author=&#8221;Emil Prpi\u0107, mag. ing. el. &#8221; _builder_version=&#8221;4.19.5&#8243; _module_preset=&#8221;default&#8221; global_colors_info=&#8221;{}&#8221;]<\/p>\n<p><em>Radi se svakako o stru\u010dnoj literaturi koja je u pogledu upotrebljivosti, preglednosti i lako\u0107i kori\u0161tenja, u svom specijalisti\u010dkom segmentu vrlo usporediva s op\u0107im elektrotehni\u010dkim priru\u010dnicima velikih, globalnih svjetskih proizvo\u0111a\u010da, \u0161to je uistinu postignu\u0107e, imaju\u0107i u vidu resurse koji su ovom autorskom timu bili na raspolaganju, u usporedbi s velikim svjetskim brandovima. Imati takav vrijedan izvor u rukama, i jo\u0161 na hrvatskom jeziku i u cijelosti referiran i uskla\u0111en s aktualnom hrvatskom regulativom (koja, u ovom podru\u010dju, i nije jo\u0161 uvijek u cijelosti uskla\u0111ena s europskim normativnim okvirom), zapravo je i puno vi\u0161e nego \u0161to se spomenuta velika svjetska imena mogu pohvaliti da imaju, barem za na\u0161e, relativno maleno tr\u017ei\u0161te.<\/em><\/p>\n<p>[\/et_pb_testimonial][\/et_pb_column][\/et_pb_row][et_pb_row column_structure=&#8221;1_2,1_2&#8243; _builder_version=&#8221;4.19.5&#8243; _module_preset=&#8221;default&#8221; background_color=&#8221;#D6D6D6&#8243; global_colors_info=&#8221;{}&#8221;][et_pb_column type=&#8221;1_2&#8243; _builder_version=&#8221;4.19.5&#8243; _module_preset=&#8221;default&#8221; global_colors_info=&#8221;{}&#8221;][et_pb_text _builder_version=&#8221;4.19.5&#8243; _module_preset=&#8221;default&#8221; header_2_line_height=&#8221;1.4em&#8221; positioning=&#8221;relative&#8221; horizontal_offset=&#8221;60px&#8221; global_colors_info=&#8221;{}&#8221;]<\/p>\n<h4>Poglavlja:<\/h4>\n<ul>\n<li>Regulativa i norme<\/li>\n<li>Dojava po\u017eara<\/li>\n<li>Dojava plina<\/li>\n<li>Evakuacijski razglas<\/li>\n<li>Odvo\u0111enje dima i topline<\/li>\n<li>Sigurnosna rasvjeta<\/li>\n<li>Recenzija<\/li>\n<li>Bibliografija<\/li>\n<\/ul>\n<p>[\/et_pb_text][\/et_pb_column][et_pb_column type=&#8221;1_2&#8243; _builder_version=&#8221;4.19.5&#8243; _module_preset=&#8221;default&#8221; global_colors_info=&#8221;{}&#8221;][et_pb_text _builder_version=&#8221;4.19.5&#8243; _module_preset=&#8221;default&#8221; positioning=&#8221;relative&#8221; horizontal_offset=&#8221;10px&#8221; global_colors_info=&#8221;{}&#8221;]<\/p>\n<h4>Podatci o izdanju:<\/h4>\n<ul>\n<li><strong>Broj stranica:<\/strong> 172<\/li>\n<li><strong>Format:<\/strong>\u00a0 \u00a0 \u00a0 \u00a0 \u00a0 \u00a0 236 x 165 mm<\/li>\n<li><strong>Uvez:<\/strong>\u00a0 \u00a0 \u00a0 \u00a0 \u00a0 \u00a0 \u00a0 \u00a0 \u00a0meki<\/li>\n<li><strong>Godina:<\/strong>\u00a0 \u00a0 \u00a0 \u00a0 \u00a0 \u00a0 2023.<\/li>\n<li><strong>ISBN:<\/strong>\u00a0 \u00a0 \u00a0 \u00a0 \u00a0 \u00a0 \u00a0 \u00a0 \u00a0978-953-56291-1-3<\/li>\n<li><strong>CIP:<\/strong>\u00a0 \u00a0 \u00a0 \u00a0 \u00a0 \u00a0 \u00a0 \u00a0 \u00a0 \u00a0 CIP u NSK pod brojem 743352<\/li>\n<li><strong>Cijena:<\/strong>\u00a0 \u00a0 \u00a0 \u00a0 \u00a0 \u00a0 \u00a0 20 \u20ac<\/li>\n<li><strong>Nakladnik:<\/strong>\u00a0 \u00a0 \u00a0 Alarm automatika d.o.o., Rijeka<\/li>\n<\/ul>\n<p>[\/et_pb_text][\/et_pb_column][\/et_pb_row][et_pb_row _builder_version=&#8221;4.19.5&#8243; _module_preset=&#8221;default&#8221; global_colors_info=&#8221;{}&#8221;][et_pb_column type=&#8221;4_4&#8243; _builder_version=&#8221;4.19.5&#8243; _module_preset=&#8221;default&#8221; global_colors_info=&#8221;{}&#8221;][et_pb_text _builder_version=&#8221;4.27.4&#8243; _module_preset=&#8221;default&#8221; header_2_line_height=&#8221;1.4em&#8221; hover_enabled=&#8221;0&#8243; global_colors_info=&#8221;{}&#8221; sticky_enabled=&#8221;0&#8243;]<\/p>\n<blockquote>\n<h4>Naru\u010dite svoj primjerak Priru\u010dnika za projektiranje integriranih sustava za za\u0161titu od po\u017eara<\/h4>\n<\/blockquote>\n<p>Priru\u010dnik je dostupan u dva oblika:<\/p>\n<ul>\n<li><strong>Digitalno izdanje (pdf)<\/strong> <strong>po cijeni od 15 \u20ac.<\/strong><\/li>\n<li><strong>Tiskano izdanje po cijeni od 20 \u20ac.<\/strong> Omogu\u0107eno je osobno preuzimanje tiskanog izdanja ili dostava po\u0161tom po cijeni od 3,70 \u20ac.<\/li>\n<\/ul>\n<p>Mo\u017ee se naru\u010diti putem putem <strong><a href=\"https:\/\/forms.office.com\/e\/PBS2G2vhWg\" target=\"_blank\" rel=\"noopener\">online<\/a> <a href=\"https:\/\/forms.office.com\/e\/PBS2G2vhWg\" target=\"_blank\" rel=\"noopener\">obrasca<\/a> <\/strong>u kojem treba navesti u koji oblik Priru\u010dnik naru\u010dujete. Po primitku narud\u017ebe bit \u0107e izdana ponuda za pla\u0107anje, a po izvr\u0161enoj uplati bit \u0107e vam poslan ili link ili tiskano izdanje Priru\u010dnika.<\/p>\n<p>Za sve dodatne informacije molimo obratite se na <strong><a href=\"mailto:lidija@alarmautomatika.com\">lidija@alarmautomatika.com<\/a><\/strong><\/p>\n<p>[\/et_pb_text][et_pb_button button_url=&#8221;https:\/\/forms.office.com\/e\/PBS2G2vhWg&#8221; url_new_window=&#8221;on&#8221; button_text=&#8221;Naru\u010dite svoj primjerak Priru\u010dnika za projektiranje integriranih sustava za za\u0161titu od po\u017eara&#8221; button_alignment=&#8221;center&#8221; _builder_version=&#8221;4.24.2&#8243; _module_preset=&#8221;default&#8221; custom_button=&#8221;on&#8221; button_text_size=&#8221;25px&#8221; button_border_radius=&#8221;2px&#8221; global_colors_info=&#8221;{}&#8221;][\/et_pb_button][\/et_pb_column][\/et_pb_row][\/et_pb_section]<\/p>\n","protected":false},"excerpt":{"rendered":"<p>Priru\u010dnik za projektiranje integriranih sustava za za\u0161titu od po\u017eara Priru\u010dnik za projektiranje integriranih sustava za za\u0161titu od po\u017eara obuhva\u0107a osnovne upute za projektiranje sustava koji se u gra\u0111evinskim objektima koriste u funkciji za\u0161tite \u017eivota ljudi i ograni\u010davanja materijalne \u0161tete u slu\u010daju po\u017eara. Rije\u010d je o sustavima dojave po\u017eara i plina kojima se osigurava rana detekcija [&hellip;]<\/p>\n","protected":false},"author":15,"featured_media":0,"parent":0,"menu_order":0,"comment_status":"closed","ping_status":"closed","template":"","meta":{"_et_pb_use_builder":"on","_et_pb_old_content":"","_et_gb_content_width":"","footnotes":""},"class_list":["post-39989","page","type-page","status-publish","hentry"],"_links":{"self":[{"href":"https:\/\/www.alarmautomatika.com\/hr\/wp-json\/wp\/v2\/pages\/39989","targetHints":{"allow":["GET"]}}],"collection":[{"href":"https:\/\/www.alarmautomatika.com\/hr\/wp-json\/wp\/v2\/pages"}],"about":[{"href":"https:\/\/www.alarmautomatika.com\/hr\/wp-json\/wp\/v2\/types\/page"}],"author":[{"embeddable":true,"href":"https:\/\/www.alarmautomatika.com\/hr\/wp-json\/wp\/v2\/users\/15"}],"replies":[{"embeddable":true,"href":"https:\/\/www.alarmautomatika.com\/hr\/wp-json\/wp\/v2\/comments?post=39989"}],"version-history":[{"count":1,"href":"https:\/\/www.alarmautomatika.com\/hr\/wp-json\/wp\/v2\/pages\/39989\/revisions"}],"predecessor-version":[{"id":57611,"href":"https:\/\/www.alarmautomatika.com\/hr\/wp-json\/wp\/v2\/pages\/39989\/revisions\/57611"}],"wp:attachment":[{"href":"https:\/\/www.alarmautomatika.com\/hr\/wp-json\/wp\/v2\/media?parent=39989"}],"curies":[{"name":"wp","href":"https:\/\/api.w.org\/{rel}","templated":true}]}}