{"id":51871,"date":"2024-02-06T12:52:24","date_gmt":"2024-02-06T11:52:24","guid":{"rendered":"https:\/\/www.alarmautomatika.com\/?page_id=51871"},"modified":"2026-02-21T17:13:30","modified_gmt":"2026-02-21T16:13:30","slug":"ciklus-seminara-projektiranje-sustava-zastite-u-hotelima","status":"publish","type":"page","link":"https:\/\/www.alarmautomatika.com\/hr\/ciklus-seminara-projektiranje-sustava-zastite-u-hotelima\/","title":{"rendered":"Ciklus seminara Projektiranje sustava za\u0161tite u hotelima"},"content":{"rendered":"<p>[et_pb_section fb_built=&#8221;1&#8243; admin_label=&#8221;section&#8221; _builder_version=&#8221;4.16&#8243; global_colors_info=&#8221;{}&#8221;][et_pb_row admin_label=&#8221;row&#8221; _builder_version=&#8221;4.16&#8243; background_size=&#8221;initial&#8221; background_position=&#8221;top_left&#8221; background_repeat=&#8221;repeat&#8221; global_colors_info=&#8221;{}&#8221;][et_pb_column type=&#8221;4_4&#8243; _builder_version=&#8221;4.16&#8243; custom_padding=&#8221;|||&#8221; global_colors_info=&#8221;{}&#8221; custom_padding__hover=&#8221;|||&#8221;][et_pb_text _builder_version=&#8221;4.24.0&#8243; _module_preset=&#8221;default&#8221; global_colors_info=&#8221;{}&#8221;]<\/p>\n<blockquote>\n<h1>Ciklus seminara Projektiranje sustava za\u0161tite u hotelima<\/h1>\n<\/blockquote>\n<p>[\/et_pb_text][et_pb_image src=&#8221;https:\/\/www.alarmautomatika.com\/wp-content\/uploads\/2024\/02\/2024-02-HKIE_Seminari_poziv-ilustracija-nova.jpg&#8221; title_text=&#8221;2024-02-HKIE_Seminari_poziv-ilustracija-nova&#8221; _builder_version=&#8221;4.24.0&#8243; _module_preset=&#8221;default&#8221; global_colors_info=&#8221;{}&#8221;][\/et_pb_image][et_pb_text _builder_version=&#8221;4.24.0&#8243; _module_preset=&#8221;default&#8221; global_colors_info=&#8221;{}&#8221;]<\/p>\n<p>Sustavi za\u0161tite u hotelima su sve va\u017eniji za njihovo uspje\u0161no poslovanje i sve ve\u0107i broj hotelijera tra\u017ei nova i inovativna rje\u0161enja koja \u0107e doprinijeti prepoznatljivosti od strane gostiju i turoperatora.<\/p>\n<p>Predavanjima su obuhva\u0107ena razli\u010dita rje\u0161enja &#8211; od obveznih safety sustava, preko security rje\u0161enja koja se koriste u funkciji unaprje\u0111ivanja hotelskog poslovanja do rje\u0161enja upravljanja energetskom u\u010dinkovito\u0161\u0107u (energy managment). Osim s aspekta projektiranja, o problematici \u0107e se govoriti i s drugih aspekata \u2013 od zakonske regulative, implementacije, odr\u017eavanja te kori\u0161tenja implementiranih sustava.<\/p>\n<p>[\/et_pb_text][et_pb_button button_url=&#8221;https:\/\/forms.office.com\/e\/igsppknC4q&#8221; url_new_window=&#8221;on&#8221; button_text=&#8221;Online prijava&#8221; button_alignment=&#8221;center&#8221; _builder_version=&#8221;4.24.0&#8243; _module_preset=&#8221;default&#8221; global_colors_info=&#8221;{}&#8221;][\/et_pb_button][\/et_pb_column][\/et_pb_row][et_pb_row _builder_version=&#8221;4.24.0&#8243; _module_preset=&#8221;default&#8221; global_colors_info=&#8221;{}&#8221;][et_pb_column type=&#8221;4_4&#8243; _builder_version=&#8221;4.24.0&#8243; _module_preset=&#8221;default&#8221; global_colors_info=&#8221;{}&#8221;][et_pb_text _builder_version=&#8221;4.24.0&#8243; _module_preset=&#8221;default&#8221; global_colors_info=&#8221;{}&#8221;]<\/p>\n<blockquote>\n<h4>Kome je seminar namijenjen?<\/h4>\n<\/blockquote>\n<p>Seminar je namijenjen prvenstveno ovla\u0161tenim elektro projektantima, ali i svim ostalim sudionicima procesa projektiranja i gradnje.<\/p>\n<p>Seminar Projektiranje tehni\u010dkih rje\u0161enja za pove\u0107anje efikasnosti poslovnih objekata je uvr\u0161ten u Plan stru\u010dnog usavr\u0161avanja Hrvatske komore in\u017eenjera elektrotehnike (HKIE) za 2024. godinu. Sudionici ostvaruju pravo na 3 sata edukacije iz stru\u010dnog podru\u010dja i 1 iz tehni\u010dke regulative.<\/p>\n<p>[\/et_pb_text][et_pb_text _builder_version=&#8221;4.24.0&#8243; _module_preset=&#8221;default&#8221; global_colors_info=&#8221;{}&#8221;]<\/p>\n<blockquote>\n<h4>Upis bodova \u010dlanovima HKIE<\/h4>\n<\/blockquote>\n<p>\u010clanovima HKIE \u0107e sati edukacije biti upisani u roku od 30 dana od dana odr\u017eavanja seminara. Kako bi se sati edukacije ispravno i u roku evidentirali, molimo da u prijavnici navedete puno ime, prezime, naziv tvrtke te broj upisa u HKIE. Ako niste \u010dlan, molimo da u rubriku u kojoj se tra\u017ei broj upisa to ozna\u010dite. [\/et_pb_text][et_pb_text _builder_version=&#8221;4.24.0&#8243; _module_preset=&#8221;default&#8221; global_colors_info=&#8221;{}&#8221;]<\/p>\n<blockquote>\n<h4>Izdavanje uvjerenja o sudjelovanju na seminaru<\/h4>\n<\/blockquote>\n<p>Sudionici mogu u prijavnici zatra\u017eiti uvjerenje o sudjelovanje na seminaru i ono \u0107e biti poslano u roku od 30 dana od dana njegova odr\u017eavanja.<\/p>\n<p>[\/et_pb_text][et_pb_text _builder_version=&#8221;4.24.2&#8243; _module_preset=&#8221;default&#8221; global_colors_info=&#8221;{}&#8221;]<\/p>\n<blockquote>\n<h4>Kada i gdje se seminar odr\u017eava?<\/h4>\n<\/blockquote>\n<p>Bit \u0107e odr\u017eana tri seminara prema sljede\u0107em rasporedu:<\/p>\n<ul>\n<li><strong>Zagreb<\/strong>, 28.2.2024., <strong><a href=\"https:\/\/www.hotel-aristos.hr\/hr\/\" target=\"_blank\" rel=\"noopener\">Hotel Aristos Zagreb<\/a><\/strong>, Cebini 33<\/li>\n<li><strong>Split<\/strong>, 7.3.2024., <strong><a href=\"https:\/\/restoranpoljud.hr\/\" target=\"_blank\" rel=\"noopener\">Restoran Poljud<\/a><\/strong>, Poljudsko \u0161etali\u0161te 1<\/li>\n<li><strong>Osijek<\/strong>, 21.3.2024., <strong><a href=\"https:\/\/zoo-hotel.hr\/\" target=\"_blank\" rel=\"noopener\">ZOO hotel<\/a><\/strong>, Sjevernodravska obala bb<\/li>\n<li><strong>Rijeka<\/strong>, 11.4.2024., <strong>Proizvodni park Torpedo<\/strong>, Milutina Bara\u010da 60<\/li>\n<li><span style=\"color: #ff0000;\"><strong>Online, 11.4.2024.<\/strong><\/span>, online pra\u0107enje seminara u Rijeci putem zoom aplikacije<\/li>\n<\/ul>\n<p>[\/et_pb_text][et_pb_text _builder_version=&#8221;4.24.0&#8243; _module_preset=&#8221;default&#8221; global_colors_info=&#8221;{}&#8221;]<\/p>\n<blockquote>\n<h4>Kotizacija:<\/h4>\n<\/blockquote>\n<p>Kotizacija se ne napla\u0107uje.<\/p>\n<p>[\/et_pb_text][et_pb_text _builder_version=&#8221;4.24.0&#8243; _module_preset=&#8221;default&#8221; global_colors_info=&#8221;{}&#8221;]<\/p>\n<blockquote>\n<h4>Do kada i kako se prijaviti?<\/h4>\n<\/blockquote>\n<p>Sudjelovanje na seminaru se mo\u017ee prijaviti najkasnije tri dana prije njegova odr\u017eavanja putem <strong><a href=\"https:\/\/forms.office.com\/e\/igsppknC4q\" target=\"_blank\" rel=\"noopener\">online prijave.<\/a><\/strong><\/p>\n<p>Onima koji se odlu\u010de za online pra\u0107enje seminara \u0107e link na zoom aplikaciju biti poslan dva dana prije odr\u017eavanja.<\/p>\n<p>[\/et_pb_text][et_pb_button button_url=&#8221;https:\/\/forms.office.com\/e\/igsppknC4q&#8221; url_new_window=&#8221;on&#8221; button_text=&#8221;Online prijava&#8221; button_alignment=&#8221;center&#8221; _builder_version=&#8221;4.24.0&#8243; _module_preset=&#8221;default&#8221; global_colors_info=&#8221;{}&#8221;][\/et_pb_button][et_pb_text _builder_version=&#8221;4.24.0&#8243; _module_preset=&#8221;default&#8221; global_colors_info=&#8221;{}&#8221;]<\/p>\n<blockquote>\n<h4>Kako unaprijed postaviti pitanja?<\/h4>\n<\/blockquote>\n<p>U prijavnici je predvi\u0111en prostor za postavljanje pitanja predava\u010dima unaprijed.<\/p>\n<p>[\/et_pb_text][et_pb_text _builder_version=&#8221;4.24.0&#8243; _module_preset=&#8221;default&#8221; global_colors_info=&#8221;{}&#8221;]<\/p>\n<blockquote>\n<h4>\u0160to sadr\u017ee materijali?<\/h4>\n<\/blockquote>\n<p>Sudionicima \u0107e nakon seminara biti poslana power point predavanja i dodatni materijali.<\/p>\n<p>[\/et_pb_text][et_pb_text _builder_version=&#8221;4.24.0&#8243; _module_preset=&#8221;default&#8221; global_colors_info=&#8221;{}&#8221;]<\/p>\n<blockquote>\n<h4>Dnevni raspored:<\/h4>\n<\/blockquote>\n<p>[\/et_pb_text][et_pb_code _builder_version=&#8221;4.24.0&#8243; _module_preset=&#8221;default&#8221; global_colors_info=&#8221;{}&#8221;]<!DOCTYPE html><!-- [et_pb_line_break_holder] --><html><!-- [et_pb_line_break_holder] --><head><!-- [et_pb_line_break_holder] --><\/p>\n<style><!-- [et_pb_line_break_holder] -->#customers {<!-- [et_pb_line_break_holder] -->  font-family: Arial, Helvetica, sans-serif;<!-- [et_pb_line_break_holder] -->  border-collapse: collapse;<!-- [et_pb_line_break_holder] -->  width: 100%;<!-- [et_pb_line_break_holder] -->}<!-- [et_pb_line_break_holder] --><!-- [et_pb_line_break_holder] -->#customers td, #customers th {<!-- [et_pb_line_break_holder] -->  border: 1px solid #ddd;<!-- [et_pb_line_break_holder] -->  padding: 10px;<!-- [et_pb_line_break_holder] -->}<!-- [et_pb_line_break_holder] --><!-- [et_pb_line_break_holder] -->#customers tr:nth-child(even){background-color: #f2f2f2;}<!-- [et_pb_line_break_holder] --><!-- [et_pb_line_break_holder] -->#customers tr:hover {background-color: #ddd;}<!-- [et_pb_line_break_holder] --><!-- [et_pb_line_break_holder] -->#customers th {<!-- [et_pb_line_break_holder] -->  padding-top: 12px;<!-- [et_pb_line_break_holder] -->  padding-bottom: 12px;<!-- [et_pb_line_break_holder] -->  text-align: left;<!-- [et_pb_line_break_holder] -->  background-color: #04AA6D;<!-- [et_pb_line_break_holder] -->  color: white;<!-- [et_pb_line_break_holder] -->}<!-- [et_pb_line_break_holder] --><\/style>\n<p><!-- [et_pb_line_break_holder] --><\/head><!-- [et_pb_line_break_holder] --><body><!-- [et_pb_line_break_holder] --><\/p>\n<table id=\"customers\"><!-- [et_pb_line_break_holder] -->  <\/p>\n<tr><!-- [et_pb_line_break_holder] -->    <\/p>\n<td>Registracija sudionika uz osvje\u017eenje<\/td>\n<p><!-- [et_pb_line_break_holder] -->    <\/p>\n<td>10:00 \u2013 10:30<\/td>\n<p><!-- [et_pb_line_break_holder] -->  <\/tr>\n<p><!-- [et_pb_line_break_holder] -->  <\/p>\n<tr><!-- [et_pb_line_break_holder] -->    <\/p>\n<td>Trendovi i zakonska regulativa u za\u0161tita hotela<\/td>\n<p><!-- [et_pb_line_break_holder] -->    <\/p>\n<td>10:30 \u2013 11:15<\/td>\n<p><!-- [et_pb_line_break_holder] -->  <\/tr>\n<p><!-- [et_pb_line_break_holder] -->  <\/p>\n<tr><!-- [et_pb_line_break_holder] -->     <\/p>\n<td>Funkcije safety sustava u hotelima i njihovo projektiranje<\/td>\n<p><!-- [et_pb_line_break_holder] -->    <!-- [et_pb_line_break_holder] -->    <\/p>\n<td>11:15 \u2013 12:00<\/td>\n<p><!-- [et_pb_line_break_holder] -->  <\/tr>\n<p><!-- [et_pb_line_break_holder] -->  <\/p>\n<tr><!-- [et_pb_line_break_holder] -->    <\/p>\n<td>Pauza<\/td>\n<p><!-- [et_pb_line_break_holder] -->    <\/p>\n<td>12:00 \u2013 12:30<\/td>\n<p><!-- [et_pb_line_break_holder] -->  <\/tr>\n<p><!-- [et_pb_line_break_holder] -->  <\/p>\n<tr><!-- [et_pb_line_break_holder] -->    <\/p>\n<td>Funkcije tehni\u010dke za\u0161tita u hotelima i preduvjeti za projektiranje i implementaciju<\/td>\n<p><!-- [et_pb_line_break_holder] -->    <\/p>\n<td>12:30 \u2013 13:15<\/td>\n<p><!-- [et_pb_line_break_holder] -->  <\/tr>\n<p><!-- [et_pb_line_break_holder] -->  <\/p>\n<tr><!-- [et_pb_line_break_holder] -->    <\/p>\n<td>BMS sustavi i va\u017enost energetske efikasnosti u hotelima<\/td>\n<p><!-- [et_pb_line_break_holder] -->    <\/p>\n<td>13:15 \u2013 14:00<\/td>\n<p><!-- [et_pb_line_break_holder] -->  <\/tr>\n<p><!-- [et_pb_line_break_holder] -->  <\/p>\n<tr><!-- [et_pb_line_break_holder] -->    <\/p>\n<td>Pitanja i odgovori<\/td>\n<p><!-- [et_pb_line_break_holder] -->    <\/p>\n<td>14:00 \u2013 14:15<\/td>\n<p><!-- [et_pb_line_break_holder] -->  <\/tr>\n<p><!-- [et_pb_line_break_holder] -->  <\/p>\n<tr><!-- [et_pb_line_break_holder] -->    <\/p>\n<td>Ru\u010dak<\/td>\n<p><!-- [et_pb_line_break_holder] -->    <\/p>\n<td>14:15<\/td>\n<p><!-- [et_pb_line_break_holder] -->  <\/tr>\n<p><!-- [et_pb_line_break_holder] --> <!-- [et_pb_line_break_holder] --><\/table>\n<p><!-- [et_pb_line_break_holder] --><!-- [et_pb_line_break_holder] --><\/body><!-- [et_pb_line_break_holder] --><\/html>[\/et_pb_code][et_pb_text _builder_version=&#8221;4.24.0&#8243; _module_preset=&#8221;default&#8221; global_colors_info=&#8221;{}&#8221;]<\/p>\n<blockquote>\n<h4>Teme seminara<\/h4>\n<\/blockquote>\n<p>[\/et_pb_text][et_pb_text _builder_version=&#8221;4.24.0&#8243; _module_preset=&#8221;default&#8221; global_colors_info=&#8221;{}&#8221;]<\/p>\n<h5>Trendovi i zakonska regulativa u za\u0161titi hotela <\/h5>\n<p>Trendovi u hotelskoj industriji i potrebni sustavi za\u0161tite. Regulativa u funkciji za\u0161tite gostiju, zaposlenika i objekata za hotelski smje\u0161taj. Propisi koji se primjenjuju u Hrvatskoj.  Obveze investitora, posebno u fazi eksploatacije sigurnosnih sustava (odr\u017eavanje). Propisi na nivou EU. Koje dodatne mjere zahtijevaju turoperatori. <\/p>\n<p>[\/et_pb_text][et_pb_text _builder_version=&#8221;4.24.0&#8243; _module_preset=&#8221;default&#8221; global_colors_info=&#8221;{}&#8221;]<\/p>\n<h5>Funkcije safety sustava u hotelima i njihovo projektiranje <\/h5>\n<p>Safety sustavi koji se u hotelima uobi\u010dajeno, i prema va\u017ee\u0107im propisima obavezno, koriste \u2013 dojava po\u017eara i plina, sustavi koji omogu\u0107uju sigurnu evakuaciju ljudi u incidentnim situacijama (odvo\u0111enje dima i topline, evakuacijski razglas, sigurnosna rasvjeta) te sustavi za poziv u nu\u017edi (SOS).<\/p>\n<p>[\/et_pb_text][et_pb_text _builder_version=&#8221;4.24.0&#8243; _module_preset=&#8221;default&#8221; global_colors_info=&#8221;{}&#8221;]<\/p>\n<h5>Funkcije tehni\u010dke za\u0161tita u hotelima i preduvjeti za projektiranje i implementaciju <\/h5>\n<p>Sustavi tehni\u010dke za\u0161tite (videonadzor, kontrola pristupa, protuprovala i protuprepad) i ograni\u010denja u njihovom projektiranju i izvo\u0111enju. Upotreba sustava tehni\u010dke za\u0161tite u funkciji unaprje\u0111ivanja poslovanja hotela, primjerice kontrola kori\u0161tenja dodatnih usluga, o\u010ditavanja registarskih oznaka vozila i sli\u010dno.<\/p>\n<p>[\/et_pb_text][et_pb_text _builder_version=&#8221;4.24.0&#8243; _module_preset=&#8221;default&#8221; global_colors_info=&#8221;{}&#8221;]<\/p>\n<h5>BMS sustavi i va\u017enost energetske efikasnosti u hotelima <\/h5>\n<p>BMS sustavi koji se u hotele uobi\u010dajeno implementiraju zbog upravljanja potro\u0161njom energenata (energy managment). Automatski monitoring potro\u0161nje energenata i vode u objektima u funkciji ve\u0107e energetske u\u010dinkovitosti.<\/p>\n<p>[\/et_pb_text][\/et_pb_column][\/et_pb_row][et_pb_row _builder_version=&#8221;4.24.0&#8243; _module_preset=&#8221;default&#8221; global_colors_info=&#8221;{}&#8221;][et_pb_column type=&#8221;4_4&#8243; _builder_version=&#8221;4.24.0&#8243; _module_preset=&#8221;default&#8221; global_colors_info=&#8221;{}&#8221;][et_pb_text _builder_version=&#8221;4.24.0&#8243; _module_preset=&#8221;default&#8221; global_colors_info=&#8221;{}&#8221;]<\/p>\n<blockquote>\n<h4>Predava\u010di<\/h4>\n<\/blockquote>\n<p>[\/et_pb_text][et_pb_team_member name=&#8221;Renata Don\u010devi\u0107, mag. ing. el.&#8221; image_url=&#8221;https:\/\/www.alarmautomatika.com\/wp-content\/uploads\/2022\/02\/renata-doncevic-circle.png&#8221; admin_label=&#8221;Renata&#8221; _builder_version=&#8221;4.24.0&#8243; _module_preset=&#8221;default&#8221; global_colors_info=&#8221;{}&#8221;]<\/p>\n<p>U Alarm automatici radi od 1999., prije kao voditelj tehni\u010dkog odjela, a sada kao direktor i \u010dlan uprave zadu\u017een za projektne poslove. Ovla\u0161teni je projektant s dugogodi\u0161njim iskustvom u projektiranju i vo\u0111enju projekata. Aktivno radi na afirmaciji struke kroz Hrvatski ceh za\u0161titara i druge strukovne udruge. <\/p>\n<p><strong><a href=\"mailto:renata@alarmautomatika.com\">renata@alarmautomatika.com<\/a><\/strong><\/p>\n<p>[\/et_pb_team_member][et_pb_team_member name=&#8221;Vedran Mihaljevi\u0107, ing. el.&#8221; image_url=&#8221;https:\/\/www.alarmautomatika.com\/wp-content\/uploads\/2022\/09\/vedran-mihaljevic.png&#8221; admin_label=&#8221;Vedran&#8221; _builder_version=&#8221;4.24.0&#8243; _module_preset=&#8221;default&#8221; global_colors_info=&#8221;{}&#8221;]<\/p>\n<p>Do 2019. je radio u vi\u0161e tvrtki na poslovima servisera, tehni\u010dara, projektanta i voditelja projekata na podru\u010dju tehni\u010dke za\u0161tite te samostalno obavlja poslove vezane za projektiranje i izvo\u0111enje nisko i visokonaponskih elektri\u010dnih instalacija, mre\u017enih sustava i sustava tehni\u010dke za\u0161tite. Od 2019. radi u Alarm automatici na poslovima razvojnog in\u017eenjera. <\/p>\n<p><strong><a href=\"mailto:vedranm@alarmautomatika.com \">vedranm@alarmautomatika.com<\/a><\/strong><\/p>\n<p>[\/et_pb_team_member][et_pb_team_member name=&#8221;Ranko \u010cop, mag. ing. el.&#8221; image_url=&#8221;https:\/\/www.alarmautomatika.com\/wp-content\/uploads\/2024\/02\/Ranko_Cop_320x229.webp&#8221; admin_label=&#8221;Ranko&#8221; _builder_version=&#8221;4.24.0&#8243; _module_preset=&#8221;default&#8221; global_colors_info=&#8221;{}&#8221;]<\/p>\n<p>Nakon studija stjecao je iskustvo u razli\u010ditim podru\u010djima elektrotehnike te stekao niz stru\u010dnih ovla\u0161tenja. U Alarm automatici radi kao voditelj odjela in\u017eenjeringa, a odgovoran je za projektiranje sigurnosnih sustava za velike i kriti\u010dne infrastrukturne projekte. Upravlja in\u017eenjerskim odjelom koji razvija rje\u0161enja, projektira i pru\u017ea podr\u0161ku uredima Alarm automatike u 11 zemalja regije.<\/p>\n<p><strong><a href=\"mailto:ranko@alarmautomatika.com \">ranko@alarmautomatika.com<\/a><\/strong><\/p>\n<p>[\/et_pb_team_member][et_pb_team_member name=&#8221;Velimir Drakuli\u0107, ing. el.&#8221; image_url=&#8221;https:\/\/www.alarmautomatika.com\/wp-content\/uploads\/2023\/02\/Velimir_Drakulic.png&#8221; admin_label=&#8221;Velimir&#8221; _builder_version=&#8221;4.24.0&#8243; _module_preset=&#8221;default&#8221; global_colors_info=&#8221;{}&#8221;]<\/p>\n<p>Nakon zavr\u0161enog studija elektrotehnike, radi na poslovima odr\u017eavanja i programiranja elektronskog nadzora raznih tehni\u010dkih sustava, zatim programiranjem i tehni\u010dkom podr\u0161kom za sustave tehni\u010dke za\u0161tite te pra\u0107enjem, programiranjem i odr\u017eavanjem brodske mjerne opreme. U Alarm automatiku se vra\u0107a 2021. i radi na poslovima razvojnog in\u017eenjera. <\/p>\n<p><strong><a href=\"mailto:velimir@alarmautomatika.com\">velimir@alarmautomatika.com<\/a><\/strong><\/p>\n<p>[\/et_pb_team_member][\/et_pb_column][\/et_pb_row][et_pb_row _builder_version=&#8221;4.24.0&#8243; _module_preset=&#8221;default&#8221; global_colors_info=&#8221;{}&#8221;][et_pb_column type=&#8221;4_4&#8243; _builder_version=&#8221;4.24.0&#8243; _module_preset=&#8221;default&#8221; global_colors_info=&#8221;{}&#8221;][et_pb_text _builder_version=&#8221;4.24.3&#8243; _module_preset=&#8221;default&#8221; hover_enabled=&#8221;0&#8243; global_colors_info=&#8221;{}&#8221; sticky_enabled=&#8221;0&#8243;]<\/p>\n<blockquote>\n<h4>Od koga se mogu dobiti dodatne informacije?<\/h4>\n<\/blockquote>\n<p><strong>Lidija Stolica<\/strong><br \/>\nAlarm automatika d.o.o.<br \/>\ntel. +385 91 22 333 52<br \/>\n<strong>E-mail:<\/strong> <a href=\"mailto:marketing@alarmautomatika.com\"><strong>marketing@alarmautomatika.com<\/strong><\/a>[\/et_pb_text][et_pb_text _builder_version=&#8221;4.24.0&#8243; _module_preset=&#8221;default&#8221; global_colors_info=&#8221;{}&#8221;]<\/p>\n<blockquote>\n<h4>Vezani materijali<\/h4>\n<\/blockquote>\n<p>[\/et_pb_text][et_pb_code _builder_version=&#8221;4.24.0&#8243; _module_preset=&#8221;default&#8221; global_colors_info=&#8221;{}&#8221;]<html><!-- [et_pb_line_break_holder] --><head><!-- [et_pb_line_break_holder] --><\/p>\n<style><!-- [et_pb_line_break_holder] -->#customers {<!-- [et_pb_line_break_holder] -->  font-family: Arial, Helvetica, sans-serif;<!-- [et_pb_line_break_holder] -->  border-collapse: collapse;<!-- [et_pb_line_break_holder] -->  width: 100%;<!-- [et_pb_line_break_holder] -->}<!-- [et_pb_line_break_holder] --><!-- [et_pb_line_break_holder] -->#customers td, #customers th {<!-- [et_pb_line_break_holder] -->  border: 2px solid #ddd;<!-- [et_pb_line_break_holder] -->  padding: 20px;<!-- [et_pb_line_break_holder] -->}<!-- [et_pb_line_break_holder] --><!-- [et_pb_line_break_holder] -->#customers tr:nth-child(even){background-color: #f2f2f2;}<!-- [et_pb_line_break_holder] --><!-- [et_pb_line_break_holder] -->#customers tr:hover {background-color: rgb(216,225,222);}<!-- [et_pb_line_break_holder] --><!-- [et_pb_line_break_holder] -->#customers th {<!-- [et_pb_line_break_holder] -->  padding-top: 12px;<!-- [et_pb_line_break_holder] -->  padding-bottom: 12px;<!-- [et_pb_line_break_holder] -->  text-align: left;<!-- [et_pb_line_break_holder] -->  background-color: #04AA6D;<!-- [et_pb_line_break_holder] -->  color: white;<!-- [et_pb_line_break_holder] -->}<!-- [et_pb_line_break_holder] --><\/style>\n<p><!-- [et_pb_line_break_holder] --><\/head><!-- [et_pb_line_break_holder] --><body><!-- [et_pb_line_break_holder] --><\/p>\n<table id=\"customers\"><!-- [et_pb_line_break_holder] -->  <\/p>\n<tr><!-- [et_pb_line_break_holder] -->    <\/p>\n<td><center><a href=\"https:\/\/drive.google.com\/file\/d\/1_T31Rvj1EiBfgeBUgt4PxrYxgiV-FzXf\/view\" target=\"_blank\" rel=\"noopener\"><strong>Projektna rje\u0161enja Alarm automatike<\/a><\/strong><\/center><\/td>\n<p><!-- [et_pb_line_break_holder] -->    <\/p>\n<td><center><a href=\"https:\/\/drive.google.com\/file\/d\/1h-O-uQ6n4f2CNbPZDYAm8E6hL1k99kod\/view\" target=\"_blank\" rel=\"noopener\"><strong>Integrirana safety rje\u0161enja<\/strong><\/a><\/center><\/td>\n<p><!-- [et_pb_line_break_holder] -->      <\/p>\n<td><center><a href=\"https:\/\/www.alarmautomatika.com\/hr\/projektiranje-integriranog-rjesenja-zastite-od-pozara\/\" target=\"_blank\" rel=\"noopener\"><strong>Priru\u010dnik za projektiranje integriranih <\/br> sustava za za\u0161titu od po\u017eara<\/strong><\/a><\/center><\/td>\n<p><!-- [et_pb_line_break_holder] -->  <\/tr>\n<p><!-- [et_pb_line_break_holder] -->  <\/p>\n<tr><!-- [et_pb_line_break_holder] -->    <\/p>\n<td><center><a href=\"https:\/\/www.alarmautomatika.com\/hr\/softveri\/nadzor-i-upravljanje-nad-sustavima-zastite\/\" target=\"_blank\" rel=\"noopener\"><strong>ABsistemDCi integracija<\/strong><\/a><\/center><\/td>\n<p><!-- [et_pb_line_break_holder] -->      <\/p>\n<td><center><a href=\"https:\/\/drive.google.com\/file\/d\/1rEw8odBaiF3PhS64NAjLC9p-t19uZXFF\/view\" target=\"_blank\" rel=\"noopener\"><strong>Specijalisti\u010dke softverske <\/br>integracije<\/strong><\/a><\/center><\/td>\n<p><!-- [et_pb_line_break_holder] -->        <\/p>\n<td><center><a href=\"https:\/\/www.alarmautomatika.com\/hr\/aplikacija-za-prikupljanje-pohranu-analizu-i-vizualizaciju-podataka-o-potrosnji-energenata-absistemenergy\/\" target=\"_blank\" rel=\"noopener\"><strong>ABsistemEnergy<\/strong><\/a><\/center><\/td>\n<p>      <!-- [et_pb_line_break_holder] -->  <\/tr>\n<p>  <!-- [et_pb_line_break_holder] --><\/table>\n<p><!-- [et_pb_line_break_holder] --><!-- [et_pb_line_break_holder] --><\/body><!-- [et_pb_line_break_holder] --><\/html>[\/et_pb_code][et_pb_image src=&#8221;https:\/\/www.alarmautomatika.com\/wp-content\/uploads\/2024\/02\/2024-02-07_logotipi_HKIE_Seminar.jpg&#8221; title_text=&#8221;2024-02-07_logotipi_HKIE_Seminar&#8221; align=&#8221;center&#8221; _builder_version=&#8221;4.24.0&#8243; _module_preset=&#8221;default&#8221; global_colors_info=&#8221;{}&#8221;][\/et_pb_image][et_pb_text _builder_version=&#8221;4.24.0&#8243; _module_preset=&#8221;default&#8221; global_colors_info=&#8221;{}&#8221;]<\/p>\n<blockquote>\n<h4>Organizator seminara<\/h4>\n<\/blockquote>\n<p><strong><img loading=\"lazy\" decoding=\"async\" class=\"wp-image-22105  alignleft\" src=\"https:\/\/www.alarmautomatika.com\/wp-content\/uploads\/2021\/08\/AA_HR_logo.png\" alt=\"Alarm automatika d.o.o.\" width=\"368\" height=\"119\" srcset=\"https:\/\/www.alarmautomatika.com\/wp-content\/uploads\/2021\/08\/AA_HR_logo.png 390w, https:\/\/www.alarmautomatika.com\/wp-content\/uploads\/2021\/08\/AA_HR_logo-300x97.png 300w\" sizes=\"(max-width: 368px) 100vw, 368px\" \/><\/strong><br \/><strong>Alarm automatika d.o.o.<\/strong> je regionalni lider u industriji tehni\u010dke za\u0161ite sa vi\u0161e od 30 godina iskustva i poslovanjem u 11 zemalja regije. Zadnjih desetak godina tvrtka veliku pa\u017enju posve\u0107uje razvoju, projektiranju i implementaciji tehni\u010dkih rje\u0161enja koja krajnjim korisnicima omogu\u0107uju ve\u0107u efikasnost poslovanja, zna\u010dajne u\u0161tede, jednostavniji monitoring i ve\u0107u fleksibilnost u upravljanju poslovnim objektima.<\/p>\n<p>[\/et_pb_text][et_pb_image src=&#8221;https:\/\/www.alarmautomatika.com\/wp-content\/uploads\/2022\/05\/dobavljaci_update_1.jpg&#8221; _builder_version=&#8221;4.24.0&#8243; _module_preset=&#8221;default&#8221; global_colors_info=&#8221;{}&#8221;][\/et_pb_image][et_pb_video src=&#8221;https:\/\/youtu.be\/SHnkE67Wsz0&#8243; _builder_version=&#8221;4.24.0&#8243; _module_preset=&#8221;default&#8221; global_colors_info=&#8221;{}&#8221;][\/et_pb_video][\/et_pb_column][\/et_pb_row][\/et_pb_section]<\/p>\n","protected":false},"excerpt":{"rendered":"<p>Ciklus seminara Projektiranje sustava za\u0161tite u hotelima Sustavi za\u0161tite u hotelima su sve va\u017eniji za njihovo uspje\u0161no poslovanje i sve ve\u0107i broj hotelijera tra\u017ei nova i inovativna rje\u0161enja koja \u0107e doprinijeti prepoznatljivosti od strane gostiju i turoperatora. Predavanjima su obuhva\u0107ena razli\u010dita rje\u0161enja &#8211; od obveznih safety sustava, preko security rje\u0161enja koja se koriste u funkciji [&hellip;]<\/p>\n","protected":false},"author":14,"featured_media":0,"parent":0,"menu_order":0,"comment_status":"closed","ping_status":"closed","template":"","meta":{"_et_pb_use_builder":"on","_et_pb_old_content":"","_et_gb_content_width":"","footnotes":""},"class_list":["post-51871","page","type-page","status-publish","hentry"],"_links":{"self":[{"href":"https:\/\/www.alarmautomatika.com\/hr\/wp-json\/wp\/v2\/pages\/51871","targetHints":{"allow":["GET"]}}],"collection":[{"href":"https:\/\/www.alarmautomatika.com\/hr\/wp-json\/wp\/v2\/pages"}],"about":[{"href":"https:\/\/www.alarmautomatika.com\/hr\/wp-json\/wp\/v2\/types\/page"}],"author":[{"embeddable":true,"href":"https:\/\/www.alarmautomatika.com\/hr\/wp-json\/wp\/v2\/users\/14"}],"replies":[{"embeddable":true,"href":"https:\/\/www.alarmautomatika.com\/hr\/wp-json\/wp\/v2\/comments?post=51871"}],"version-history":[{"count":2,"href":"https:\/\/www.alarmautomatika.com\/hr\/wp-json\/wp\/v2\/pages\/51871\/revisions"}],"predecessor-version":[{"id":59509,"href":"https:\/\/www.alarmautomatika.com\/hr\/wp-json\/wp\/v2\/pages\/51871\/revisions\/59509"}],"wp:attachment":[{"href":"https:\/\/www.alarmautomatika.com\/hr\/wp-json\/wp\/v2\/media?parent=51871"}],"curies":[{"name":"wp","href":"https:\/\/api.w.org\/{rel}","templated":true}]}}