{"id":54637,"date":"2024-09-10T12:09:54","date_gmt":"2024-09-10T10:09:54","guid":{"rendered":"https:\/\/www.alarmautomatika.com\/?page_id=54637"},"modified":"2024-09-12T08:48:48","modified_gmt":"2024-09-12T06:48:48","slug":"alarm-automatika-predstavlja-more-mogucnosti-na-adria-security-summitu","status":"publish","type":"page","link":"https:\/\/www.alarmautomatika.com\/hr\/alarm-automatika-predstavlja-more-mogucnosti-na-adria-security-summitu\/","title":{"rendered":"Alarm automatika predstavlja more mogu\u0107nosti na Adria Security Summitu"},"content":{"rendered":"<p>[et_pb_section fb_built=&#8221;1&#8243; _builder_version=&#8221;4.27.0&#8243; _module_preset=&#8221;default&#8221; global_colors_info=&#8221;{}&#8221;][et_pb_row _builder_version=&#8221;4.27.0&#8243; _module_preset=&#8221;_initial&#8221; global_colors_info=&#8221;{}&#8221;][et_pb_column type=&#8221;4_4&#8243; _builder_version=&#8221;4.27.0&#8243; _module_preset=&#8221;default&#8221; global_colors_info=&#8221;{}&#8221;][et_pb_text _builder_version=&#8221;4.27.0&#8243; _module_preset=&#8221;_initial&#8221; header_font_size=&#8221;46px&#8221; header_font_tablet=&#8221;&#8221; header_font_phone=&#8221;&#8221; header_font_last_edited=&#8221;on|phone&#8221; header_text_color_tablet=&#8221;&#8221; header_text_color_phone=&#8221;&#8221; header_text_color_last_edited=&#8221;on|desktop&#8221; header_font_size_tablet=&#8221;46px&#8221; header_font_size_phone=&#8221;33px&#8221; header_font_size_last_edited=&#8221;on|phone&#8221; global_colors_info=&#8221;{}&#8221;]<\/p>\n<blockquote>\n<h1>Alarm automatika predstavlja more mogu\u0107nosti na Adria Security Summitu<\/h1>\n<\/blockquote>\n<p>[\/et_pb_text][et_pb_image src=&#8221;https:\/\/www.alarmautomatika.com\/wp-content\/uploads\/2024\/09\/ASS_2024_baneri_1920x1080.jpg&#8221; title_text=&#8221;ASS_2024_baneri_1920x1080&#8243; align=&#8221;center&#8221; _builder_version=&#8221;4.27.0&#8243; _module_preset=&#8221;default&#8221; global_colors_info=&#8221;{}&#8221;][\/et_pb_image][et_pb_text _builder_version=&#8221;4.27.0&#8243; _module_preset=&#8221;_initial&#8221; global_colors_info=&#8221;{}&#8221;]<\/p>\n<p>Alarm automatika je i ove godine partner i dijamantni sponzor najve\u0107eg regionalnog doga\u0111aja za\u0161titarske industrije \u2013 Adria Security Summita 2024. Uz podr\u0161ku svojih pouzdanih partnera, Alarm automatika \u0107e na Summitu predstaviti <strong>more mogu\u0107nosti<\/strong> uspostave efikasnih safety i security rje\u0161enja u objektima razli\u010dite namjene.<\/p>\n<p>Inovativnost, fleksibilnost, skalabilnost, pouzdanost i efikasnost su bitne osobine \u0161irokog raspona ponude koja \u0107e zadovoljiti interes svih involviranih u proces za\u0161tite \u2013 instalateri, dojavni centri, projektanti, krajnji korisnici.<\/p>\n<p>[\/et_pb_text][et_pb_image src=&#8221;https:\/\/www.alarmautomatika.com\/wp-content\/uploads\/2023\/10\/ASS_2023_IdeaSegmenti.jpg&#8221; title_text=&#8221;ASS_2023_IdeaSegmenti&#8221; align=&#8221;center&#8221; _builder_version=&#8221;4.27.0&#8243; _module_preset=&#8221;default&#8221; global_colors_info=&#8221;{}&#8221;][\/et_pb_image][et_pb_text _builder_version=&#8221;4.27.0&#8243; _module_preset=&#8221;_initial&#8221; global_colors_info=&#8221;{}&#8221;]<\/p>\n<p>Posjetite izlo\u017ebeni prostor Alarm automatike i prezentacije kroz koje \u0107e na Summitu biti predstavljena na\u0161a safety i security rje\u0161enja!<\/p>\n<p>[\/et_pb_text][et_pb_text admin_label=&#8221;naslov 2&#8243; _builder_version=&#8221;4.27.0&#8243; _module_preset=&#8221;_initial&#8221; header_2_font_size=&#8221;30px&#8221; header_2_font_tablet=&#8221;&#8221; header_2_font_phone=&#8221;&#8221; header_2_font_last_edited=&#8221;on|desktop&#8221; header_2_font_size_tablet=&#8221;30px&#8221; header_2_font_size_phone=&#8221;25px&#8221; header_2_font_size_last_edited=&#8221;on|phone&#8221; global_colors_info=&#8221;{}&#8221;]<\/p>\n<blockquote>\n<h2>Uvodno predavanje &#8211; Kako efikasno \u0161tititi objekte pove\u0107anog rizika i kriti\u010dne infrastrukture?<\/h2>\n<\/blockquote>\n<p>[\/et_pb_text][et_pb_text admin_label=&#8221;Vrijeme&#8221; _builder_version=&#8221;4.27.0&#8243; _module_preset=&#8221;_initial&#8221; header_5_font_size_tablet=&#8221;&#8221; header_5_font_size_phone=&#8221;16px&#8221; header_5_font_size_last_edited=&#8221;on|phone&#8221; global_colors_info=&#8221;{}&#8221;]<\/p>\n<blockquote>\n<h5>9.10.2024., 10:55- 11:20, Glavna konferencijska dvorana<\/h5>\n<\/blockquote>\n<p>[\/et_pb_text][et_pb_team_member name=&#8221;Ines Cero, Izvr\u0161ni direktor, Alarm automatika d.o.o., Sarajevo&#8221; image_url=&#8221;https:\/\/www.alarmautomatika.com\/wp-content\/uploads\/2024\/09\/Ines_Cero_02.png&#8221; _builder_version=&#8221;4.27.0&#8243; _module_preset=&#8221;default&#8221; global_colors_info=&#8221;{}&#8221;]<\/p>\n<p>Danas je dru\u0161tvo izlo\u017eeno mnogim rizicima koji mogu poremetiti svakodnevno funkcioniranje pa ve\u0107ina zemalja a\u017eurira svoje propise o za\u0161titi visoko rizi\u010dnih objekta, a EU donosi nove CER smjernice. U fokusu je za\u0161tita objekta koji osiguravaju opskrbu energijom i vodom, promet i telekomunikacije te objekti i prostori u kojima se okuplja ve\u0107i broj ljudi. Za njihovu za\u0161titu su potrebni svi klju\u010dni safety i security sustavi, a va\u017eno je koristiti opremu koja je otporna na mehani\u010dke i kiberneti\u010dke napade. To se posebno odnosi na izbor kamera posebne namjene, videoanalitiku, cestovne blokade, za\u0161titu perimetra, upravljanje kontrolom pristupa i komunikacijsku opremu.<\/p>\n<p>[\/et_pb_team_member][et_pb_text _builder_version=&#8221;4.27.0&#8243; _module_preset=&#8221;_initial&#8221; header_2_font_size=&#8221;30px&#8221; header_2_font_size_tablet=&#8221;30px&#8221; header_2_font_size_phone=&#8221;25px&#8221; header_2_font_size_last_edited=&#8221;on|phone&#8221; global_colors_info=&#8221;{}&#8221;]<\/p>\n<blockquote>\n<h2>Prezentacija Ruijie Reyee mre\u017ena rje\u0161enja i optimizacija u praksi<\/h2>\n<\/blockquote>\n<p>[\/et_pb_text][et_pb_text _builder_version=&#8221;4.27.0&#8243; _module_preset=&#8221;_initial&#8221; header_5_font_size_tablet=&#8221;&#8221; header_5_font_size_phone=&#8221;16px&#8221; header_5_font_size_last_edited=&#8221;on|phone&#8221; global_colors_info=&#8221;{}&#8221;]<\/p>\n<blockquote>\n<h5>09.10.2024., 11:30 &#8211; 11:50, pozornica u sklopu izlo\u017ebenog prostora<\/h5>\n<h5>Za instalatere, sistem integratore i projektante<\/h5>\n<\/blockquote>\n<p>[\/et_pb_text][et_pb_team_member name=&#8221;Mark \u010cermelj, tehni\u010dka podr\u0161ka i Lola Liu, direktor prodaje za regiju&#8221; image_url=&#8221;https:\/\/www.alarmautomatika.com\/wp-content\/uploads\/2024\/09\/Mark_Cermelj_Lola_Liu_01.png&#8221; _builder_version=&#8221;4.27.0&#8243; _module_preset=&#8221;default&#8221; global_colors_info=&#8221;{}&#8221;]<\/p>\n<p>Ruijie Reyee mre\u017ena oprema nudi \u0161irok raspon rje\u0161enja, od ku\u0107nih mre\u017ea do enterprise okru\u017eenja. Tijekom prezentacije bit \u0107e predstavljene mogu\u0107nosti ove opreme, uklju\u010duju\u0107i napredne zna\u010dajke poput integracije s Ruijie Cloud platformom koja omogu\u0107uje jednostavnu konfiguraciju i odr\u017eavanje mre\u017ee bez obzira na lokaciju.<\/p>\n<p>Poseban naglasak bit \u0107e na inovativnim karakteristikama Ruijie Reyee opreme te mogu\u0107nostima za optimizaciju performansi mre\u017ee. Tako\u0111er, bit \u0107e rije\u010di o prednostima besplatnog pristupa Ruijie Cloud platformi koja omogu\u0107uje jednostavno upravljanje mre\u017enim ure\u0111ajima, bilo gdje i bilo kada.<\/p>\n<p>[\/et_pb_team_member][et_pb_button button_url=&#8221;https:\/\/forms.office.com\/e\/RYUVfHcAYt&#8221; url_new_window=&#8221;on&#8221; button_text=&#8221;Najavite svoj dolazak na prezentaciju i osigurajte svoj Ruijie Reyee poklon!&#8221; button_alignment=&#8221;center&#8221; disabled_on=&#8221;off|off|off&#8221; _builder_version=&#8221;4.27.0&#8243; _module_preset=&#8221;default&#8221; custom_button=&#8221;on&#8221; button_text_size=&#8221;14px&#8221; button_font=&#8221;|600|||||||&#8221; button_use_icon=&#8221;off&#8221; custom_padding=&#8221;14px|53px|14px|53px|true|true&#8221; global_colors_info=&#8221;{}&#8221;][\/et_pb_button][et_pb_text _builder_version=&#8221;4.27.0&#8243; _module_preset=&#8221;_initial&#8221; header_2_font_size=&#8221;30px&#8221; header_2_font_size_tablet=&#8221;30px&#8221; header_2_font_size_phone=&#8221;25px&#8221; header_2_font_size_last_edited=&#8221;on|phone&#8221; global_colors_info=&#8221;{}&#8221;]<\/p>\n<blockquote>\n<h2>Prezentacija Video monitoring kao alat efikasnog upravljanja<\/h2>\n<\/blockquote>\n<p>[\/et_pb_text][et_pb_text _builder_version=&#8221;4.27.0&#8243; _module_preset=&#8221;_initial&#8221; header_5_font_size_tablet=&#8221;&#8221; header_5_font_size_phone=&#8221;16px&#8221; header_5_font_size_last_edited=&#8221;on|phone&#8221; global_colors_info=&#8221;{}&#8221;]<\/p>\n<blockquote>\n<h5>9.10.2024., 11:50 \u2013 12:10, pozornica u sklopu izlo\u017ebenog prostora<\/h5>\n<h5>Za dojavne centre i instalatere tehni\u010dke za\u0161tite<\/h5>\n<\/blockquote>\n<p>[\/et_pb_text][et_pb_team_member name=&#8221;Luka Ku\u010di\u0107, DVC Brand manager, Alarm automatika Rijeka&#8221; image_url=&#8221;https:\/\/www.alarmautomatika.com\/wp-content\/uploads\/2024\/09\/Luka_Kucic_2.png&#8221; _builder_version=&#8221;4.27.0&#8243; _module_preset=&#8221;default&#8221; global_colors_info=&#8221;{}&#8221;]<\/p>\n<p>Adekvatan video monitoring u velikoj mjeri olak\u0161ava upravljanje suvremenim objektima i procesima koji se u njima odvijaju. Za ispravno funkcioniranje video nadzornog centra va\u017eni su video serveri, posebno prilago\u0111eni za nadzor snimki sa sustava videonadzora. Oni se smatraju profesionalnim rje\u0161enjem jer su puno pouzdaniji u radu (Linux operativni sustav), fleksibilniji su i jednostavni za kori\u0161tenje. Ovisno o aplikaciji, mogu\u0107e je odabir izme\u0111u nekoliko verzija DVC video servera, a svi nose oznaku NDAA Compilant \u0161to govori o njihovoj visokoj kvaliteti. Osim DVC proizvoda, podr\u017eavaju rad Dahua i Hikvision snima\u010da. Uz DVC video servere se isporu\u010duje i tvorni\u010dki ugra\u0111en besplatan softver NVMS 2.0 Standard koji omogu\u0107uje upravljanje video sustavom, pregled videa i primjenu raznih videoanaliti\u010dkih funkcija.<\/p>\n<p>[\/et_pb_team_member][et_pb_button button_url=&#8221;https:\/\/forms.office.com\/e\/RYUVfHcAYt&#8221; url_new_window=&#8221;on&#8221; button_text=&#8221;Najavite svoj dolazak na prezentaciju i osigurajte DVC poklon!&#8221; button_alignment=&#8221;center&#8221; disabled_on=&#8221;off|off|off&#8221; _builder_version=&#8221;4.27.0&#8243; _module_preset=&#8221;default&#8221; custom_button=&#8221;on&#8221; button_text_size=&#8221;14px&#8221; button_font=&#8221;|600|||||||&#8221; button_use_icon=&#8221;off&#8221; custom_padding=&#8221;14px|53px|14px|53px|true|true&#8221; global_colors_info=&#8221;{}&#8221;][\/et_pb_button][et_pb_text admin_label=&#8221;naslov 2&#8243; _builder_version=&#8221;4.27.0&#8243; _module_preset=&#8221;_initial&#8221; header_2_font_size=&#8221;30px&#8221; header_2_font_size_tablet=&#8221;30px&#8221; header_2_font_size_phone=&#8221;25px&#8221; header_2_font_size_last_edited=&#8221;on|phone&#8221; global_colors_info=&#8221;{}&#8221;]<\/p>\n<blockquote>\n<h2>Prezentacija Specijalisti\u010dka rje\u0161enja Alarm automatike i napredni IP video<\/h2>\n<\/blockquote>\n<p>[\/et_pb_text][et_pb_text admin_label=&#8221;Vrijeme&#8221; _builder_version=&#8221;4.27.0&#8243; _module_preset=&#8221;_initial&#8221; header_5_font_size_tablet=&#8221;&#8221; header_5_font_size_phone=&#8221;16px&#8221; header_5_font_size_last_edited=&#8221;on|phone&#8221; global_colors_info=&#8221;{}&#8221;]<\/p>\n<blockquote>\n<h5>9.10.2024., 12:00 \u2013 13:00, dvorana na 1. katu<\/h5>\n<h5>Za krajnje korisnike security rje\u0161enja<\/h5>\n<\/blockquote>\n<p>[\/et_pb_text][et_pb_team_member name=&#8221;Renata Don\u010devi\u0107, mag. ing. el., \u010clan Uprave za projektno poslovanje&#8221; image_url=&#8221;https:\/\/www.alarmautomatika.com\/wp-content\/uploads\/2022\/02\/renata-doncevic-circle.png&#8221; _builder_version=&#8221;4.27.0&#8243; _module_preset=&#8221;default&#8221; global_colors_info=&#8221;{}&#8221;]<\/p>\n<p>Za svoje klijente je Alarm automatika razvila niz rje\u0161enja za\u0161tite, nadzora i upravljanja koja obuhva\u0107aju \u0161irok raspon opreme, prate\u0107e usluge te integracijske softvere. Za razli\u010dite segmente tr\u017ei\u0161ta su razvijena razli\u010dita specijalisti\u010dka rje\u0161enja koja tehni\u010dke sustave na objektu (security, safety, BMS) integriraju sa bussines softverima \u010dime im se funkcija, uz za\u0161titnu, \u0161iri na podru\u010dje analitike i razvoja poslovanja.<\/p>\n<p>Kroz primjere rje\u0161enja za razli\u010dite djelatnosti, primjerice hotele, trgovine, gradove, bit \u0107e predstavljeni neki od softvera Alarm automatike za inteligentno upravljanje i kontrolu (<a href=\"https:\/\/www.alarmautomatika.com\/hr\/softveri\/absistem-ticketing\/\"><strong>ABsistemTicketing<\/strong><\/a>, <a href=\"https:\/\/www.alarmautomatika.com\/hr\/softveri\/absistem-park\/\"><strong>ABsistemPark<\/strong><\/a>, <a href=\"https:\/\/www.alarmautomatika.com\/hr\/softveri\/brojenje-ljudi\/\"><strong>ABsistemCounter<\/strong><\/a>). Zbog va\u017enosti videa za ukupnu funkcionalnost rje\u0161enja, Vivotek IP kamere koje su kori\u0161tene bit \u0107e istaknute.<\/p>\n<p>[\/et_pb_team_member][et_pb_button button_url=&#8221;https:\/\/forms.office.com\/e\/RYUVfHcAYt&#8221; url_new_window=&#8221;on&#8221; button_text=&#8221;Najavite svoj dolazak na prezentaciju i osigurajte Vivotek poklon!&#8221; button_alignment=&#8221;center&#8221; disabled_on=&#8221;off|off|off&#8221; _builder_version=&#8221;4.27.0&#8243; _module_preset=&#8221;default&#8221; custom_button=&#8221;on&#8221; button_text_size=&#8221;14px&#8221; button_font=&#8221;|600|||||||&#8221; button_use_icon=&#8221;off&#8221; custom_padding=&#8221;14px|53px|14px|53px|true|true&#8221; global_colors_info=&#8221;{}&#8221;][\/et_pb_button][et_pb_text admin_label=&#8221;naslov 2&#8243; _builder_version=&#8221;4.27.0&#8243; _module_preset=&#8221;_initial&#8221; header_2_font_size=&#8221;30px&#8221; header_2_font_size_tablet=&#8221;30px&#8221; header_2_font_size_phone=&#8221;25px&#8221; header_2_font_size_last_edited=&#8221;on|phone&#8221; global_colors_info=&#8221;{}&#8221;]<\/p>\n<blockquote>\n<h2>Stru\u010dno predavanje Projektiranje i izvo\u0111enje safety sustava, praksa u Hrvatskoj<\/h2>\n<\/blockquote>\n<p>[\/et_pb_text][et_pb_text admin_label=&#8221;Vrijeme&#8221; _builder_version=&#8221;4.27.0&#8243; _module_preset=&#8221;_initial&#8221; header_5_font_size_tablet=&#8221;&#8221; header_5_font_size_phone=&#8221;16px&#8221; header_5_font_size_last_edited=&#8221;on|phone&#8221; global_colors_info=&#8221;{}&#8221;]<\/p>\n<blockquote>\n<h5>10.10.2024., 11:00 &#8211; 13:00, dvorana na 1. katu<\/h5>\n<h5>Za projektante, ispitiva\u010de i sistem integratore safety sustava<\/h5>\n<\/blockquote>\n<p>[\/et_pb_text][et_pb_team_member name=&#8221;Vedran Mihaljevi\u0107, ing. el., razvojni in\u017eenjer&#8221; image_url=&#8221;https:\/\/www.alarmautomatika.com\/wp-content\/uploads\/2022\/09\/vedran-mihaljevic.png&#8221; _builder_version=&#8221;4.27.0&#8243; _module_preset=&#8221;default&#8221; global_colors_info=&#8221;{}&#8221;]<\/p>\n<p>Za za\u0161titu od po\u017eara velikih objekata se koristi niz sustava i podsustava kojima je svrha u \u0161to ranijoj fazi detektirati po\u017ear, omogu\u0107iti sigurnu i brzu evakuaciju ljudi te smanjiti \u0161tetu na samom objektu. <strong><a href=\"https:\/\/www.alarmautomatika.com\/hr\/proizvodi\/dojava-pozara\/\">Sustav za dojavu po\u017eara<\/a><\/strong> je centralni sustav za\u0161tite od po\u017eara koji upravlja ostalim safety sustavima \u2013 <strong><a href=\"https:\/\/www.alarmautomatika.com\/hr\/proizvodi\/dojava-plina\/\">dojave plina<\/a><\/strong>, <strong><a href=\"https:\/\/www.alarmautomatika.com\/hr\/proizvodi\/sustavi-gasenja-pozara\/\">ga\u0161enja<\/a><\/strong>, <strong><a href=\"https:\/\/www.alarmautomatika.com\/hr\/proizvodi\/odvodjenje-dima-i-topline-i-upravljanje-pozarnim-sektorima\/\">odvo\u0111enja dima i topline<\/a><\/strong>, <strong><a href=\"https:\/\/www.alarmautomatika.com\/hr\/proizvodi\/evakuacijski-razglas\/\">evakuacijskog razglasa<\/a><\/strong>, <strong><a href=\"https:\/\/www.alarmautomatika.com\/hr\/proizvodi\/panik-rasvjeta\/\">sigurnosne rasvjete<\/a><\/strong>, <strong><a href=\"https:\/\/www.alarmautomatika.com\/hr\/sos-sustavi-za-poziv-u-nuzdi\/\">SOS poziva u nu\u017edi<\/a><\/strong> &#8211; koji u slu\u010daju po\u017eara funkcioniraju kao izvr\u0161ni elementi dojave po\u017eara.<\/p>\n<p>Na predavanju \u0107e biti rije\u010di o karakteristikama opreme te bitnim odrednicama projektiranja integriranog safety rje\u0161enja, norme koje se primjenjuju te <a href=\"https:\/\/www.alarmautomatika.com\/hr\/softveri\/nadzor-i-upravljanje-nad-sustavima-zastite\/\"><strong>ABsistemDCi<\/strong><\/a> softver za upravljanje integriranim sustavima putem jedinstvenog su\u010delja. Posebna pa\u017enje \u0107e biti posve\u0107ena primjerima i problemima iz prakse te na\u010dinu njihova rje\u0161avanja.<\/p>\n<p>[\/et_pb_team_member][et_pb_button button_url=&#8221;https:\/\/www.alarmautomatika.com\/hr\/strucno-predavanje-projektiranje-i-izvodenje-safety-sustava-praksa-u-hrvatskoj\/&#8221; url_new_window=&#8221;on&#8221; button_text=&#8221;Vi\u0161e informacija!&#8221; button_alignment=&#8221;center&#8221; disabled_on=&#8221;off|off|off&#8221; _builder_version=&#8221;4.27.0&#8243; _module_preset=&#8221;default&#8221; custom_button=&#8221;on&#8221; button_text_size=&#8221;14px&#8221; button_font=&#8221;|600|||||||&#8221; button_use_icon=&#8221;off&#8221; custom_padding=&#8221;14px|53px|14px|53px|true|true&#8221; global_colors_info=&#8221;{}&#8221;][\/et_pb_button][et_pb_button button_url=&#8221;https:\/\/forms.office.com\/e\/RYUVfHcAYt&#8221; url_new_window=&#8221;on&#8221; button_text=&#8221;Najavite svoj dolazak na predavanje i osigurajte Inim poklon!&#8221; button_alignment=&#8221;center&#8221; disabled_on=&#8221;off|off|off&#8221; _builder_version=&#8221;4.27.0&#8243; _module_preset=&#8221;default&#8221; custom_button=&#8221;on&#8221; button_text_size=&#8221;14px&#8221; button_font=&#8221;|600|||||||&#8221; button_use_icon=&#8221;off&#8221; custom_padding=&#8221;14px|53px|14px|53px|true|true&#8221; global_colors_info=&#8221;{}&#8221;][\/et_pb_button][et_pb_text admin_label=&#8221;naslov 2&#8243; _builder_version=&#8221;4.27.0&#8243; _module_preset=&#8221;_initial&#8221; header_2_font_size=&#8221;30px&#8221; hover_enabled=&#8221;0&#8243; header_2_font_size_tablet=&#8221;30px&#8221; header_2_font_size_phone=&#8221;25px&#8221; header_2_font_size_last_edited=&#8221;on|phone&#8221; global_colors_info=&#8221;{}&#8221; sticky_enabled=&#8221;0&#8243;]<\/p>\n<blockquote>\n<h2>Izlo\u017eba<\/h2>\n<\/blockquote>\n<p>[\/et_pb_text][et_pb_text _builder_version=&#8221;4.27.0&#8243; _module_preset=&#8221;_initial&#8221; hover_enabled=&#8221;0&#8243; global_colors_info=&#8221;{}&#8221; sticky_enabled=&#8221;0&#8243;]<\/p>\n<p>Na izlo\u017ebenom prostoru predstavit \u0107emo vlastite novitete u ponudi te novitete dugogodi\u0161njih pouzdanih partnera Alarm automatike.<\/p>\n<p>[\/et_pb_text][et_pb_image _builder_version=&#8221;4.27.0&#8243; _module_preset=&#8221;default&#8221; title_text=&#8221;logotipi_landing&#8221; src=&#8221;https:\/\/www.alarmautomatika.com\/wp-content\/uploads\/2024\/09\/logotipi_landing.jpg&#8221; align=&#8221;center&#8221; hover_enabled=&#8221;0&#8243; sticky_enabled=&#8221;0&#8243;][\/et_pb_image][et_pb_divider color=&#8221;#b3b3b3&#8243; divider_style=&#8221;dashed&#8221; _builder_version=&#8221;4.27.0&#8243; _module_preset=&#8221;default&#8221; global_colors_info=&#8221;{}&#8221;][\/et_pb_divider][et_pb_text _builder_version=&#8221;4.27.0&#8243; _module_preset=&#8221;_initial&#8221; global_colors_info=&#8221;{}&#8221;]<\/p>\n<p><strong><a href=\"https:\/\/adriasecuritysummit.com\/\" target=\"_blank\" rel=\"noopener\">Adria Security Summit 2024.<\/a> se odr\u017eava 9. i 10.10.2024. u Sarajevu, <a href=\"https:\/\/hotelhills.ba\/\" target=\"_blank\" rel=\"noopener\">Hotel Hills<\/a>, Butmirska cesta 18, Ilid\u017ea.<\/strong><\/p>\n<p><strong>Ulazak na Summit je besplatan uz prethodnu registraciju na slu\u017ebenim stranicama organizatora. <a href=\"https:\/\/drive.google.com\/file\/d\/18AMqhSeSYCE9lvw7T4VlaDo0bjPdFqLX\/view\" target=\"_blank\" rel=\"noopener\">Upute za registraciju nalaze se ovdje<\/a>!<\/strong><\/p>\n<p>[\/et_pb_text][\/et_pb_column][\/et_pb_row][\/et_pb_section]<\/p>\n","protected":false},"excerpt":{"rendered":"<p>Alarm automatika predstavlja more mogu\u0107nosti na Adria Security Summitu Alarm automatika je i ove godine partner i dijamantni sponzor najve\u0107eg regionalnog doga\u0111aja za\u0161titarske industrije \u2013 Adria Security Summita 2024. Uz podr\u0161ku svojih pouzdanih partnera, Alarm automatika \u0107e na Summitu predstaviti more mogu\u0107nosti uspostave efikasnih safety i security rje\u0161enja u objektima razli\u010dite namjene. Inovativnost, fleksibilnost, skalabilnost, [&hellip;]<\/p>\n","protected":false},"author":14,"featured_media":0,"parent":0,"menu_order":0,"comment_status":"closed","ping_status":"closed","template":"","meta":{"_et_pb_use_builder":"on","_et_pb_old_content":"","_et_gb_content_width":"","footnotes":""},"class_list":["post-54637","page","type-page","status-publish","hentry"],"_links":{"self":[{"href":"https:\/\/www.alarmautomatika.com\/hr\/wp-json\/wp\/v2\/pages\/54637","targetHints":{"allow":["GET"]}}],"collection":[{"href":"https:\/\/www.alarmautomatika.com\/hr\/wp-json\/wp\/v2\/pages"}],"about":[{"href":"https:\/\/www.alarmautomatika.com\/hr\/wp-json\/wp\/v2\/types\/page"}],"author":[{"embeddable":true,"href":"https:\/\/www.alarmautomatika.com\/hr\/wp-json\/wp\/v2\/users\/14"}],"replies":[{"embeddable":true,"href":"https:\/\/www.alarmautomatika.com\/hr\/wp-json\/wp\/v2\/comments?post=54637"}],"version-history":[{"count":1,"href":"https:\/\/www.alarmautomatika.com\/hr\/wp-json\/wp\/v2\/pages\/54637\/revisions"}],"predecessor-version":[{"id":54894,"href":"https:\/\/www.alarmautomatika.com\/hr\/wp-json\/wp\/v2\/pages\/54637\/revisions\/54894"}],"wp:attachment":[{"href":"https:\/\/www.alarmautomatika.com\/hr\/wp-json\/wp\/v2\/media?parent=54637"}],"curies":[{"name":"wp","href":"https:\/\/api.w.org\/{rel}","templated":true}]}}