{"id":55594,"date":"2024-11-07T09:31:46","date_gmt":"2024-11-07T08:31:46","guid":{"rendered":"https:\/\/www.alarmautomatika.com\/?page_id=55594"},"modified":"2024-11-08T15:32:09","modified_gmt":"2024-11-08T14:32:09","slug":"smart-guard-patrol-softver-i-mobilna-aplikacija-za-online-nadzor-obilaska-zastitara","status":"publish","type":"page","link":"https:\/\/www.alarmautomatika.com\/hr\/smart-guard-patrol-softver-i-mobilna-aplikacija-za-online-nadzor-obilaska-zastitara\/","title":{"rendered":"Smart Guard Patrol \u2013 softver i mobilna aplikacija za online nadzor obilaska za\u0161titara"},"content":{"rendered":"<p>[et_pb_section fb_built=&#8221;1&#8243; _builder_version=&#8221;4.27.2&#8243; _module_preset=&#8221;default&#8221; background_image=&#8221;https:\/\/www.alarmautomatika.com\/wp-content\/uploads\/2024\/11\/smart-guard-patrol-header-image-gradient.jpg&#8221; background_size=&#8221;initial&#8221; background_position=&#8221;top_center&#8221; global_colors_info=&#8221;{}&#8221;][et_pb_row _builder_version=&#8221;4.16&#8243; _module_preset=&#8221;_initial&#8221; width=&#8221;95%&#8221; global_colors_info=&#8221;{}&#8221;][et_pb_column type=&#8221;4_4&#8243; _builder_version=&#8221;4.16&#8243; _module_preset=&#8221;default&#8221; global_colors_info=&#8221;{}&#8221;][et_pb_text _builder_version=&#8221;4.27.2&#8243; _dynamic_attributes=&#8221;content&#8221; _module_preset=&#8221;_initial&#8221; text_font=&#8221;|600|||||||&#8221; text_text_color=&#8221;#ffffff&#8221; text_font_size=&#8221;48px&#8221; text_line_height=&#8221;1.2em&#8221; custom_padding=&#8221;80px|50px||50px|false|true&#8221; text_font_size_tablet=&#8221;40px&#8221; text_font_size_phone=&#8221;29px&#8221; text_font_size_last_edited=&#8221;on|phone&#8221; text_line_height_tablet=&#8221;&#8221; text_line_height_phone=&#8221;&#8221; text_line_height_last_edited=&#8221;on|phone&#8221; header_font_tablet=&#8221;&#8221; header_font_phone=&#8221;&#8221; header_font_last_edited=&#8221;on|tablet&#8221; header_font_size_tablet=&#8221;&#8221; header_font_size_phone=&#8221;&#8221; header_font_size_last_edited=&#8221;on|phone&#8221; header_line_height_tablet=&#8221;&#8221; header_line_height_phone=&#8221;&#8221; header_line_height_last_edited=&#8221;on|desktop&#8221; global_colors_info=&#8221;{}&#8221;]@ET-DC@eyJkeW5hbWljIjp0cnVlLCJjb250ZW50IjoicG9zdF90aXRsZSIsInNldHRpbmdzIjp7ImJlZm9yZSI6IiIsImFmdGVyIjoiIn19@[\/et_pb_text][\/et_pb_column][\/et_pb_row][et_pb_row column_structure=&#8221;3_4,1_4&#8243; _builder_version=&#8221;4.16&#8243; _module_preset=&#8221;_initial&#8221; background_color=&#8221;#ffffff&#8221; width=&#8221;95%&#8221; custom_margin=&#8221;20px||||false|false&#8221; custom_margin_tablet=&#8221;10px||||false|false&#8221; custom_margin_phone=&#8221;10px||||false|false&#8221; custom_margin_last_edited=&#8221;on|desktop&#8221; custom_padding=&#8221;43px|50px|43px|50px|true|true&#8221; box_shadow_style=&#8221;preset2&#8243; global_colors_info=&#8221;{}&#8221;][et_pb_column type=&#8221;3_4&#8243; _builder_version=&#8221;4.16&#8243; _module_preset=&#8221;default&#8221; global_colors_info=&#8221;{}&#8221;][et_pb_text _builder_version=&#8221;4.27.2&#8243; _module_preset=&#8221;_initial&#8221; hover_enabled=&#8221;0&#8243; header_2_font_size_tablet=&#8221;&#8221; header_2_font_size_phone=&#8221;32px&#8221; header_2_font_size_last_edited=&#8221;on|phone&#8221; header_3_font_size_tablet=&#8221;&#8221; header_3_font_size_phone=&#8221;24px&#8221; header_3_font_size_last_edited=&#8221;on|phone&#8221; global_colors_info=&#8221;{}&#8221; sticky_enabled=&#8221;0&#8243;]<\/p>\n<p><strong><em>O pouzdanosti obilaska ovisi u kojoj \u0107e mjeri za\u0161tita biti efikasna i uskla\u0111ena s definiranim procedurama. Ne manje va\u017ena je i mogu\u0107nost dokazivanja krajnjem korisniku da je dogovorena procedura i provedena.<\/em><\/strong><\/p>\n<p><strong><em>Smart Guard Patrol mo\u017ee pove\u0107ati efikasnost rada u razli\u010ditim djelatnostima jer se na isti na\u010din mo\u017ee provjeriti to\u010dnost dolaska na bilo koju lokaciju i bilo kojim poslom, primjerice obilazak pacijenata, \u010di\u0161\u0107enja hotelskih soba, servisiranje raznih ure\u0111aja ili facility menad\u017ement.<\/em><\/strong><\/p>\n<p>Smart Guard Patrol je mo\u0107no i prilagodljivo softversko rje\u0161enje koji omogu\u0107uje online nadzor obilaska za\u0161titara u dojavnom centru u realnom vremenu. Obuhva\u0107a web su\u010delje koje se koristi u dojavnom centru i mobilnu aplikaciju koju koriste za\u0161titari \u010diji se obilazak nadzire.<\/p>\n<p>Primjena Smart Guard Patrol rje\u0161enja je iznimno jednostavna. Osoba u obilasku putem mobilnog telefona o\u010ditava prethodno generirane\/programirane QR kodove ili NFC oznake za svaku kontrolnu to\u010dku zasebno. Mobilna aplikacija \u0161alje informacije u dojavni centar u kojem je odmah vidljiva i u kojem se mo\u017ee se analizirati kada je to potrebno.<\/p>\n<blockquote>\n<h2>Rje\u0161enje neovisno o softveru za centralizaciju koji se koristi<\/h2>\n<\/blockquote>\n<p>Smart Guard Patrol omogu\u0107uje sve klju\u010dne funkcije nadzora obilaska unutar jedne platforme, bez potrebe za dodatnim modulima ili kompliciranim nadogradnjama, bez obzira koji se softver za centralizaciju koristi u nadzornom centru. Funkcionira kao <em>standalone<\/em> rje\u0161enje, no u slu\u010daju da se za centralizaciju koristi <a href=\"https:\/\/www.alarmautomatika.com\/hr\/softveri\/prijem-i-obrada-alarma\/\"><strong>ABsistemDCNGv2<\/strong><\/a> softver integrira se kako bi se iskoristile prednosti oba rje\u0161enja.<\/p>\n<p>[\/et_pb_text][et_pb_image src=&#8221;https:\/\/www.alarmautomatika.com\/wp-content\/uploads\/2024\/11\/Smart-Guard-Patrol-vizuallogo.jpg&#8221; alt=&#8221;ABsistemDC(NG)v2&#8243; title_text=&#8221;Smart-Guard-Patrol-vizual+logo&#8221; align=&#8221;center&#8221; _builder_version=&#8221;4.27.2&#8243; _module_preset=&#8221;default&#8221; width=&#8221;80%&#8221; global_colors_info=&#8221;{}&#8221;][\/et_pb_image][et_pb_text _builder_version=&#8221;4.27.2&#8243; _module_preset=&#8221;_initial&#8221; hover_enabled=&#8221;0&#8243; header_2_font_size_tablet=&#8221;&#8221; header_2_font_size_phone=&#8221;32px&#8221; header_2_font_size_last_edited=&#8221;on|phone&#8221; header_3_font_size_tablet=&#8221;&#8221; header_3_font_size_phone=&#8221;24px&#8221; header_3_font_size_last_edited=&#8221;on|phone&#8221; global_colors_info=&#8221;{}&#8221; sticky_enabled=&#8221;0&#8243;]<\/p>\n<blockquote>\n<h2>Prednosti nadzora obilaska putem Smart Guard Patrol softvera<\/h2>\n<\/blockquote>\n<blockquote>\n<h3>Efikasno upravljanje obilaskom u realnom vremenu<\/h3>\n<\/blockquote>\n<p>Rute obilaska i kontrolne to\u010dke se definiraju unaprijed, a o svakom odstupanju od procedure nadzorni centar biva upozoren. Softver mo\u017ee generirati izvje\u0161\u0107a ili rasporede obilazaka.<\/p>\n<blockquote>\n<h3>Napredna dvosmjerna komunikacija nadzornog centra i osoba na terenu<\/h3>\n<\/blockquote>\n<ul>\n<li>Slanje slika, poruka i informacija s terena u nadzorni centar.<\/li>\n<li>Slanje standardnih ili izvanrednih poruka iz nadzornog centra pojedina\u010dno ili grupi osoba. Na zaprimljene poruke svaki od \u010duvara mo\u017ee odgovoriti u istoj grupi \/ chatu.<\/li>\n<li>Hitno pozivanje interventnih timova na intervenciju putem hitne zvu\u010dno &#8211; tekstualne poruke.<\/li>\n<li>Offline na\u010din rada omogu\u0107uje da se u slu\u010daju problema na mre\u017ei podaci sinkroniziraju po obnavljanju internetske veze.<\/li>\n<\/ul>\n<blockquote>\n<h3>Jednostavno izvje\u0161tavanje<\/h3>\n<\/blockquote>\n<p>Detaljna izvije\u0161\u0107a o kretanju, incidentima i aktivnostima osoba u obilasku se jednostavno generiraju jer se sve aktivnosti tijekom obilaska automatski bilje\u017ee, a izvoz u PDF format omogu\u0107uje lak\u0161e dijeljenje informacija i evidencija.<\/p>\n<p>[\/et_pb_text][et_pb_image src=&#8221;https:\/\/www.alarmautomatika.com\/wp-content\/uploads\/2024\/11\/Smart_Guard_Patrol_statistika_izvjestaji.jpg&#8221; alt=&#8221;ABsistemDC(NG)v2&#8243; title_text=&#8221;Smart_Guard_Patrol_statistika_izvjestaji&#8221; align=&#8221;center&#8221; _builder_version=&#8221;4.27.2&#8243; _module_preset=&#8221;default&#8221; global_colors_info=&#8221;{}&#8221;][\/et_pb_image][et_pb_text _builder_version=&#8221;4.27.2&#8243; _module_preset=&#8221;_initial&#8221; link_font=&#8221;|600|||||||&#8221; header_2_text_align=&#8221;left&#8221; header_2_font_size=&#8221;30px&#8221; header_2_line_height=&#8221;1.2em&#8221; header_font_size_tablet=&#8221;48px&#8221; header_font_size_phone=&#8221;&#8221; header_font_size_last_edited=&#8221;on|tablet&#8221; header_2_font_size_tablet=&#8221;&#8221; header_2_font_size_phone=&#8221;25px&#8221; header_2_font_size_last_edited=&#8221;on|phone&#8221; header_3_font_size_tablet=&#8221;&#8221; header_3_font_size_phone=&#8221;24px&#8221; header_3_font_size_last_edited=&#8221;on|phone&#8221; global_colors_info=&#8221;{}&#8221;]<\/p>\n<blockquote>\n<h3>Visoka razina sigurnosti, integriteta i dostupnosti podataka<\/h3>\n<\/blockquote>\n<p>Svi podaci koji se prenose su kriptirani u skladu s va\u017ee\u0107im normama i propisima (GDPR i ISO 27001). Ista visoka razina sigurnosti primijenjena je i na pohranu podataka u oblaku.<\/p>\n<blockquote>\n<h3>Vi\u0161a razina sigurnosti za\u0161titara i drugih osoba na terenu<\/h3>\n<\/blockquote>\n<ul>\n<li>Brzo slanje SOS poziva jednostavnim prelaskom prsta preko zaslona (swipe) ili protresanjem mobitela (shake).<\/li>\n<li>\u201eMan down\u201c funkcija kojom se detektira iznenadan pad za\u0161titara.<\/li>\n<li>\u201eLone worker\u201c funkcije za automatsko upozorenje o problemima s internetom zbog kojih \u010duvar nije dostupan ili ako se \u010duvar ne mi\u010de 1 sat.<\/li>\n<\/ul>\n<blockquote>\n<h3>Jednostavno vi\u0161ejezi\u010dno korisni\u010dko su\u010delje<\/h3>\n<\/blockquote>\n<p>Su\u010delje je dizajnirano za ve\u0107u efikasnost kori\u0161tenja i navigaciju za sve \u010dlanove tima te ga se mo\u017ee prilagoditi potrebama korisnika.<\/p>\n<p>[\/et_pb_text][et_pb_image src=&#8221;https:\/\/www.alarmautomatika.com\/wp-content\/uploads\/2024\/11\/google-play-badge_2024.jpg&#8221; alt=&#8221;ABsistemDC(NG)v2&#8243; title_text=&#8221;google-play-badge_2024&#8243; url=&#8221;https:\/\/play.google.com\/store\/apps\/details?id=com.alarmautomatika.smartGuardPatrol&#038;hl=hr&#8221; url_new_window=&#8221;on&#8221; align=&#8221;center&#8221; _builder_version=&#8221;4.27.2&#8243; _module_preset=&#8221;default&#8221; width=&#8221;30%&#8221; hover_enabled=&#8221;0&#8243; global_colors_info=&#8221;{}&#8221; sticky_enabled=&#8221;0&#8243;][\/et_pb_image][\/et_pb_column][et_pb_column type=&#8221;1_4&#8243; _builder_version=&#8221;4.16&#8243; _module_preset=&#8221;default&#8221; custom_padding_tablet=&#8221;&#8221; custom_padding_phone=&#8221;&#8221; custom_padding_last_edited=&#8221;on|phone&#8221; global_colors_info=&#8221;{}&#8221;][et_pb_image src=&#8221;https:\/\/www.alarmautomatika.com\/wp-content\/uploads\/2024\/11\/idea-classic-logo-home-banner.png&#8221; alt=&#8221;iDEA Classic&#8221; title_text=&#8221;iDEA Classic&#8221; align=&#8221;center&#8221; _builder_version=&#8221;4.16&#8243; _module_preset=&#8221;default&#8221; global_colors_info=&#8221;{}&#8221;][\/et_pb_image][et_pb_accordion module_class=&#8221;idea-value-propositions&#8221; _builder_version=&#8221;4.9.0&#8243; _module_preset=&#8221;default&#8221; global_module=&#8221;8295&#8243; global_colors_info=&#8221;{}&#8221;][et_pb_accordion_item title=&#8221;Blank&#8221; open=&#8221;on&#8221; _builder_version=&#8221;4.16&#8243; _module_preset=&#8221;default&#8221; custom_css_main_element=&#8221;display:none;&#8221; global_colors_info=&#8221;{}&#8221;][\/et_pb_accordion_item][et_pb_accordion_item title=&#8221;Klijenti&#8221; _builder_version=&#8221;4.16&#8243; _module_preset=&#8221;default&#8221; global_colors_info=&#8221;{}&#8221; open=&#8221;off&#8221;]<\/p>\n<p><a href=\"https:\/\/www.alarmautomatika.com\/klijenti\/instalateri-tehnicke-zastite\/\">Instalateri tehni\u010dke za\u0161tite<\/a><\/p>\n<p><a href=\"https:\/\/www.alarmautomatika.com\/klijenti\/dojavni-centri\/\">Dojavni centri<\/a><\/p>\n<p><a href=\"https:\/\/www.alarmautomatika.com\/klijenti\/elektricari\/\">Elektri\u010dari<\/a><\/p>\n<p><a href=\"https:\/\/www.alarmautomatika.com\/klijenti\/trgovine-elektromaterijalom-i-it-opremom-internet-trgovine\/\">Trgovine elektromaterijalom i IT opremom, internet trgovine<\/a><\/p>\n<p>[\/et_pb_accordion_item][et_pb_accordion_item title=&#8221;Proizvodi&#8221; _builder_version=&#8221;4.16&#8243; _module_preset=&#8221;default&#8221; global_colors_info=&#8221;{}&#8221; open=&#8221;off&#8221;]<\/p>\n<p><a href=\"https:\/\/www.alarmautomatika.com\/proizvodi\/videonadzor\/\">Videonadzor<\/a><\/p>\n<p><a href=\"https:\/\/www.alarmautomatika.com\/proizvodi\/protuprovala-i-protuprepad\/\">Protuprovala i protuprepad<\/a><\/p>\n<p><a href=\"https:\/\/www.alarmautomatika.com\/proizvodi\/videointerfoni\/\">Videointerfoni<\/a><\/p>\n<p><a href=\"https:\/\/www.alarmautomatika.com\/proizvodi\/kontrola-pristupa-i-evidencija-radnog-vremena\/\">Kontrola pristupa i evidencija radnog vremena<\/a><\/p>\n<p><a href=\"https:\/\/www.alarmautomatika.com\/proizvodi\/audio-rjesenja\/\">Audio rje\u0161enja<\/a><\/p>\n<p><a href=\"https:\/\/www.alarmautomatika.com\/proizvodi\/automatske-rampe-i-vrata\/\">Automatske rampe i vrata<\/a><\/p>\n<p><a href=\"https:\/\/www.alarmautomatika.com\/proizvodi\/oprema-za-dojavne-centre\/\">Oprema za dojavne centre<\/a><\/p>\n<p><a href=\"https:\/\/www.alarmautomatika.com\/proizvodi\/dojava-pozara-i-plina\/\">Dojava po\u017eara i plina<\/a><\/p>\n<p>[\/et_pb_accordion_item][et_pb_accordion_item title=&#8221;Softveri&#8221; _builder_version=&#8221;4.16&#8243; _module_preset=&#8221;default&#8221; global_colors_info=&#8221;{}&#8221; open=&#8221;off&#8221;]<\/p>\n<p><a href=\"https:\/\/www.alarmautomatika.com\/softveri\/prijem-i-obrada-alarma\/\">Prijem i obrada signala alarma<\/a><\/p>\n<p>[\/et_pb_accordion_item][et_pb_accordion_item title=&#8221;Usluge&#8221; _builder_version=&#8221;4.16&#8243; _module_preset=&#8221;default&#8221; global_colors_info=&#8221;{}&#8221; open=&#8221;off&#8221;]<\/p>\n<p><a href=\"https:\/\/www.alarmautomatika.com\/usluge\/sve-na-jednom-mjestu\/#prodajna-i-tehnicka-podrska\" data-et-has-event-already=\"true\">Prodajna i tehni\u010dka podr\u0161ka<\/a><\/p>\n<p><a href=\"https:\/\/www.alarmautomatika.com\/usluge\/sve-na-jednom-mjestu\/#oprema-na-skladistu\" data-et-has-event-already=\"true\">Oprema na skladi\u0161tu<\/a><\/p>\n<p><a href=\"https:\/\/www.alarmautomatika.com\/usluge\/sve-na-jednom-mjestu\/#edukacija-instalatera\" data-et-has-event-already=\"true\">Edukacija instalatera<\/a><\/p>\n<p><a href=\"https:\/\/www.alarmautomatika.com\/usluge\/sve-na-jednom-mjestu\/#b2b-online-platforma\" data-et-has-event-already=\"true\">B2B online platforma<\/a><\/p>\n<p><a href=\"https:\/\/www.alarmautomatika.com\/usluge\/sve-na-jednom-mjestu\/#servis\" data-et-has-event-already=\"true\">Servis<\/a><\/p>\n<p><a href=\"https:\/\/www.alarmautomatika.com\/usluge\/sve-na-jednom-mjestu\/#idea-classic-katalog\" data-et-has-event-already=\"true\">iDEA Classic katalog<\/a><\/p>\n<p>[\/et_pb_accordion_item][et_pb_accordion_item title=&#8221;Platforma&#8221; _builder_version=&#8221;4.16&#8243; _module_preset=&#8221;default&#8221; global_colors_info=&#8221;{}&#8221; open=&#8221;off&#8221;]<\/p>\n<p><a href=\"https:\/\/www.alarmautomatika.com\/platforma\/#b2b-platforma\" data-et-has-event-already=\"true\">Jedinstvena B2B platforma koja \u0161tedi vrijeme<\/a><\/p>\n<p>[\/et_pb_accordion_item][\/et_pb_accordion][\/et_pb_column][\/et_pb_row][\/et_pb_section]<\/p>\n","protected":false},"excerpt":{"rendered":"<p>O pouzdanosti obilaska ovisi u kojoj \u0107e mjeri za\u0161tita biti efikasna i uskla\u0111ena s definiranim procedurama. Ne manje va\u017ena je i mogu\u0107nost dokazivanja krajnjem korisniku da je dogovorena procedura i provedena. Smart Guard Patrol mo\u017ee pove\u0107ati efikasnost rada u razli\u010ditim djelatnostima jer se na isti na\u010din mo\u017ee provjeriti to\u010dnost dolaska na bilo koju lokaciju i [&hellip;]<\/p>\n","protected":false},"author":14,"featured_media":0,"parent":0,"menu_order":0,"comment_status":"closed","ping_status":"closed","template":"","meta":{"_et_pb_use_builder":"on","_et_pb_old_content":"","_et_gb_content_width":"","footnotes":""},"class_list":["post-55594","page","type-page","status-publish","hentry"],"_links":{"self":[{"href":"https:\/\/www.alarmautomatika.com\/hr\/wp-json\/wp\/v2\/pages\/55594","targetHints":{"allow":["GET"]}}],"collection":[{"href":"https:\/\/www.alarmautomatika.com\/hr\/wp-json\/wp\/v2\/pages"}],"about":[{"href":"https:\/\/www.alarmautomatika.com\/hr\/wp-json\/wp\/v2\/types\/page"}],"author":[{"embeddable":true,"href":"https:\/\/www.alarmautomatika.com\/hr\/wp-json\/wp\/v2\/users\/14"}],"replies":[{"embeddable":true,"href":"https:\/\/www.alarmautomatika.com\/hr\/wp-json\/wp\/v2\/comments?post=55594"}],"version-history":[{"count":1,"href":"https:\/\/www.alarmautomatika.com\/hr\/wp-json\/wp\/v2\/pages\/55594\/revisions"}],"predecessor-version":[{"id":55671,"href":"https:\/\/www.alarmautomatika.com\/hr\/wp-json\/wp\/v2\/pages\/55594\/revisions\/55671"}],"wp:attachment":[{"href":"https:\/\/www.alarmautomatika.com\/hr\/wp-json\/wp\/v2\/media?parent=55594"}],"curies":[{"name":"wp","href":"https:\/\/api.w.org\/{rel}","templated":true}]}}