{"id":56363,"date":"2025-02-04T10:15:01","date_gmt":"2025-02-04T09:15:01","guid":{"rendered":"https:\/\/www.alarmautomatika.com\/?page_id=56363"},"modified":"2025-04-08T13:20:30","modified_gmt":"2025-04-08T11:20:30","slug":"ciklus-seminara-projektiranje-sustava-zastite-u-garazama","status":"publish","type":"page","link":"https:\/\/www.alarmautomatika.com\/hr\/ciklus-seminara-projektiranje-sustava-zastite-u-garazama\/","title":{"rendered":"Ciklus seminara Projektiranje sustava za\u0161tite u gara\u017eama"},"content":{"rendered":"<p>[et_pb_section fb_built=&#8221;1&#8243; _builder_version=&#8221;4.27.4&#8243; _module_preset=&#8221;default&#8221; global_colors_info=&#8221;{}&#8221;][et_pb_row _builder_version=&#8221;4.27.4&#8243; _module_preset=&#8221;default&#8221; global_colors_info=&#8221;{}&#8221;][et_pb_column type=&#8221;4_4&#8243; _builder_version=&#8221;4.27.4&#8243; _module_preset=&#8221;default&#8221; global_colors_info=&#8221;{}&#8221;][et_pb_text _builder_version=&#8221;4.27.4&#8243; _module_preset=&#8221;default&#8221; global_colors_info=&#8221;{}&#8221;]<\/p>\n<blockquote>\n<h1>Ciklus seminara Projektiranje sustava za\u0161tite u gara\u017eama<\/h1>\n<\/blockquote>\n<p>[\/et_pb_text][et_pb_image src=&#8221;https:\/\/www.alarmautomatika.com\/wp-content\/uploads\/2025\/03\/2025-01-30_HKIE_Seminari_ZastitaGaraze_HederImage_HR_NEW.jpg&#8221; title_text=&#8221;2025-01-30_HKIE_Seminari_ZastitaGaraze_HederImage_HR_NEW&#8221; align=&#8221;center&#8221; _builder_version=&#8221;4.27.4&#8243; _module_preset=&#8221;default&#8221; global_colors_info=&#8221;{}&#8221;][\/et_pb_image][et_pb_text _builder_version=&#8221;4.27.4&#8243; _module_preset=&#8221;default&#8221; hover_enabled=&#8221;0&#8243; global_colors_info=&#8221;{}&#8221; sticky_enabled=&#8221;0&#8243;]Gara\u017ee su prostori pove\u0107anog rizika za ljude koji se njima kre\u0107u i treba poduzeti niz mjera kojima se \u0161titi \u017eivot i zdravlje. U tu svrhu se koristi niz tehni\u010dkih sustava, prvenstveno safety sustava kao \u0161to su dojava po\u017eara i plina, odvo\u0111enje dima i topline, evakuacijski razglasa, sigurnosna rasvjeta i ventilacija, koji moraju biti projektirani i izvedeni na na\u010din da se osigura njihovo me\u0111udjelovanje.<\/p>\n<p>Seminarom <strong>Projektiranje sustava za\u0161tite u gara\u017eama<\/strong> bit \u0107e obuhva\u0107eni razni aspekti projektiranja i primjene safety sustava u gara\u017eama. Osim toga, bit \u0107e obuhva\u0107ena i problematika sustava detekcije i signalizacije slobodnih parkirnih mjesta te integracije kontrole pristupa (rampe na ulazu) sa videonadzorom i naplatom parkinga koji se u gara\u017eama uobi\u010dajeno koriste.[\/et_pb_text][et_pb_text _builder_version=&#8221;4.27.4&#8243; _module_preset=&#8221;default&#8221; hover_enabled=&#8221;0&#8243; global_colors_info=&#8221;{}&#8221; sticky_enabled=&#8221;0&#8243;]Seminar je namijenjen prvenstveno ovla\u0161tenim elektro projektantima, ali i svim ostalim sudionicima procesa projektiranja i gradnje.<\/p>\n<p>Seminar Projektiranje sustava za\u0161tite u gara\u017eama je uvr\u0161ten u Plan stru\u010dnog usavr\u0161avanja Hrvatske komore in\u017eenjera elektrotehnike (HKIE) za 2025. godinu. Sudionici ostvaruju pravo na 3 sata edukacije iz stru\u010dnog podru\u010dja i 1 iz tehni\u010dke regulative.[\/et_pb_text][et_pb_text _builder_version=&#8221;4.27.4&#8243; _module_preset=&#8221;default&#8221; hover_enabled=&#8221;0&#8243; global_colors_info=&#8221;{}&#8221; sticky_enabled=&#8221;0&#8243;]<\/p>\n<blockquote>\n<h4>Upis bodova \u010dlanovima HKIE<\/h4>\n<\/blockquote>\n<p>\u010clanovima HKIE \u0107e sati edukacije biti upisani u roku od 30 dana od dana odr\u017eavanja seminara. Kako bi se sati edukacije ispravno i u roku evidentirali, molimo da u prijavnici navedete puno ime, prezime, naziv tvrtke te broj upisa u HKIE. Ako niste \u010dlan, molimo da u rubriku u kojoj se tra\u017ei broj upisa to upi\u0161ete \u201enisam \u010dlan\u201c ili \u201e-\u201e.[\/et_pb_text][et_pb_text _builder_version=&#8221;4.27.4&#8243; _module_preset=&#8221;default&#8221; global_colors_info=&#8221;{}&#8221;]<\/p>\n<blockquote>\n<h4>Izdavanje uvjerenja o sudjelovanju na seminaru<\/h4>\n<\/blockquote>\n<p>Sudionici <u>koji nisu \u010dlanovi HKIE <\/u>mogu u prijavnici zatra\u017eiti uvjerenje o sudjelovanje na seminaru i ono \u0107e biti poslano u roku od 30 dana od dana njegova odr\u017eavanja.[\/et_pb_text][et_pb_text _builder_version=&#8221;4.27.4&#8243; _module_preset=&#8221;default&#8221; hover_enabled=&#8221;0&#8243; global_colors_info=&#8221;{}&#8221; sticky_enabled=&#8221;0&#8243;]<\/p>\n<blockquote>\n<h4>Kada se seminar odr\u017eava?<\/h4>\n<\/blockquote>\n<p>Seminari \u0107e biti odr\u017eani prema sljede\u0107em rasporedu:<\/p>\n<ul>\n<li><strong>Zagreb, 20.3.2025.<\/strong>, <a href=\"https:\/\/antunovic.hr\/\" target=\"_blank\" rel=\"noopener\"><strong>Hotel Antunovi\u0107<\/strong><\/a>, Zagreba\u010dka Avenija 100 A<\/li>\n<li><strong>Split, 28.3.2025.<\/strong>, <a href=\"https:\/\/hotelmondo.hr\/\" target=\"_blank\" rel=\"noopener\"><strong>Hotel Mondo<\/strong><\/a>, Kopilica 5<\/li>\n<li><span style=\"color: #ff0000;\"><strong>Online, 10.4.2025.<\/strong><\/span>, online pra\u0107enje seminara u Rijeci putem zoom aplikacije<\/li>\n<\/ul>\n<p>[\/et_pb_text][et_pb_text _builder_version=&#8221;4.27.4&#8243; _module_preset=&#8221;default&#8221; hover_enabled=&#8221;0&#8243; global_colors_info=&#8221;{}&#8221; sticky_enabled=&#8221;0&#8243;]<\/p>\n<blockquote>\n<h4>Kotizacija:<\/h4>\n<\/blockquote>\n<p>Kotizacija se ne napla\u0107uje.[\/et_pb_text][et_pb_text _builder_version=&#8221;4.27.4&#8243; _module_preset=&#8221;default&#8221; hover_enabled=&#8221;0&#8243; global_colors_info=&#8221;{}&#8221; sticky_enabled=&#8221;0&#8243;]<\/p>\n<blockquote>\n<h4>Do kada i kako se prijaviti?<\/h4>\n<\/blockquote>\n<p>Sudjelovanje na seminaru se mo\u017ee prijaviti najkasnije tri dana prije njegova odr\u017eavanja putem <strong>online prijave<\/strong>.<\/p>\n<p>Onima koji se odlu\u010de za online pra\u0107enje seminara \u0107e link na zoom aplikaciju biti poslan dva dana prije odr\u017eavanja.<\/p>\n<p>[\/et_pb_text][et_pb_text _builder_version=&#8221;4.27.4&#8243; _module_preset=&#8221;default&#8221; hover_enabled=&#8221;0&#8243; global_colors_info=&#8221;{}&#8221; sticky_enabled=&#8221;0&#8243;]<\/p>\n<p><span style=\"color: #ff0000;\"><strong>Po\u0161tovani, prijave za webinar Projektiranje sustava za\u0161tite u gara\u017eama su zaklju\u010dene. Za sve dodatne informacije molim obratite se na <strong><a href=\"mailto:lidija@alarmautomatika.com\">lidija@alarmautomatika.com<\/a><\/strong><\/strong><\/span>.<\/p>\n<blockquote>\n<h4>Kako unaprijed postaviti pitanja?<\/h4>\n<\/blockquote>\n<p>U prijavnici je predvi\u0111en prostor za postavljanje pitanja predava\u010dima unaprijed.<\/p>\n<p>[\/et_pb_text][et_pb_text _builder_version=&#8221;4.27.4&#8243; _module_preset=&#8221;default&#8221; hover_enabled=&#8221;0&#8243; global_colors_info=&#8221;{}&#8221; sticky_enabled=&#8221;0&#8243;]<\/p>\n<blockquote>\n<h4>\u0160to sadr\u017ee materijali?<\/h4>\n<\/blockquote>\n<p>Sudionicima \u0107e nakon seminara biti poslana power point predavanja i dodatni materijali.[\/et_pb_text][et_pb_text _builder_version=&#8221;4.27.4&#8243; _module_preset=&#8221;default&#8221; hover_enabled=&#8221;0&#8243; global_colors_info=&#8221;{}&#8221; sticky_enabled=&#8221;0&#8243;]<\/p>\n<blockquote>\n<h4>Dnevni raspored:<\/h4>\n<\/blockquote>\n<p>[\/et_pb_text][et_pb_code _builder_version=&#8221;4.27.4&#8243; _module_preset=&#8221;default&#8221; global_colors_info=&#8221;{}&#8221;]<\/p>\n<style><!-- [et_pb_line_break_holder] -->#customers td, #customers th {<!-- [et_pb_line_break_holder] -->  border: 1px solid #ddd;<!-- [et_pb_line_break_holder] -->  padding: 10px;<!-- [et_pb_line_break_holder] -->}<!-- [et_pb_line_break_holder] --><!-- [et_pb_line_break_holder] -->#customers tr:nth-child(even) {<!-- [et_pb_line_break_holder] -->  background-color: #f2f2f2;<!-- [et_pb_line_break_holder] -->}<!-- [et_pb_line_break_holder] -->  <!-- [et_pb_line_break_holder] -->#customers tr:hover {<!-- [et_pb_line_break_holder] -->  background-color: #ddd;<!-- [et_pb_line_break_holder] -->}<!-- [et_pb_line_break_holder] -->  <!-- [et_pb_line_break_holder] -->.text-nowrap {<!-- [et_pb_line_break_holder] -->  white-space: nowrap;<!-- [et_pb_line_break_holder] -->}<!-- [et_pb_line_break_holder] --><\/style>\n<p><!-- [et_pb_line_break_holder] --><!-- [et_pb_line_break_holder] --><\/p>\n<table id=\"customers\"><!-- [et_pb_line_break_holder] --> <\/p>\n<tr><!-- [et_pb_line_break_holder] -->    <\/p>\n<td>Registracija sudionika uz osvje\u017eenje<\/td>\n<p><!-- [et_pb_line_break_holder] -->    <\/p>\n<td class=\"text-nowrap\">10:00 \u2013 10:30<\/td>\n<p><!-- [et_pb_line_break_holder] -->  <\/tr>\n<p><!-- [et_pb_line_break_holder] --><!-- [et_pb_line_break_holder] --> <\/p>\n<tr><!-- [et_pb_line_break_holder] -->    <\/p>\n<td>Zakonska regulativa vezana uz projektiranje za\u0161tite u gara\u017eama u Hrvatskoj i EU<\/td>\n<p><!-- [et_pb_line_break_holder] -->    <\/p>\n<td class=\"text-nowrap\">10:30 \u2013 11:15<\/td>\n<p><!-- [et_pb_line_break_holder] -->  <\/tr>\n<p><!-- [et_pb_line_break_holder] --><!-- [et_pb_line_break_holder] --> <\/p>\n<tr><!-- [et_pb_line_break_holder] -->    <\/p>\n<td>Plinodetekcija u gara\u017eama te njezino me\u0111udjelovanje sa sustavima ventilacije i sigurne evakuacije 1. dio<\/td>\n<p><!-- [et_pb_line_break_holder] -->    <\/p>\n<td class=\"text-nowrap\">11:15 \u2013 12:00<\/td>\n<p><!-- [et_pb_line_break_holder] -->  <\/tr>\n<p><!-- [et_pb_line_break_holder] --><!-- [et_pb_line_break_holder] --> <\/p>\n<tr><!-- [et_pb_line_break_holder] -->    <\/p>\n<td>Pauza<\/td>\n<p><!-- [et_pb_line_break_holder] -->    <\/p>\n<td class=\"text-nowrap\">12:00 \u2013 12:30<\/td>\n<p><!-- [et_pb_line_break_holder] -->  <\/tr>\n<p><!-- [et_pb_line_break_holder] --><!-- [et_pb_line_break_holder] --> <\/p>\n<tr><!-- [et_pb_line_break_holder] -->    <\/p>\n<td>Plinodetekcija u gara\u017eama te njezino me\u0111udjelovanje sa sustavima ventilacije i sigurne evakuacije 2. dio<\/td>\n<p><!-- [et_pb_line_break_holder] -->    <\/p>\n<td class=\"text-nowrap\">12:30 \u2013 13:00<\/td>\n<p><!-- [et_pb_line_break_holder] -->  <\/tr>\n<p><!-- [et_pb_line_break_holder] --><!-- [et_pb_line_break_holder] --> <\/p>\n<tr><!-- [et_pb_line_break_holder] -->    <\/p>\n<td>Upravljanje tehni\u010dkim sustavima u gara\u017eama<\/td>\n<p><!-- [et_pb_line_break_holder] -->    <\/p>\n<td class=\"text-nowrap\">13:00 \u2013 13:45<\/td>\n<p><!-- [et_pb_line_break_holder] -->  <\/tr>\n<p><!-- [et_pb_line_break_holder] --><!-- [et_pb_line_break_holder] --> <\/p>\n<tr><!-- [et_pb_line_break_holder] -->    <\/p>\n<td>Pitanja i odgovori<\/td>\n<p><!-- [et_pb_line_break_holder] -->    <\/p>\n<td class=\"text-nowrap\">13:45 \u2013 14:00<\/td>\n<p><!-- [et_pb_line_break_holder] -->  <\/tr>\n<p><!-- [et_pb_line_break_holder] --><!-- [et_pb_line_break_holder] --> <\/p>\n<tr><!-- [et_pb_line_break_holder] -->    <\/p>\n<td>Ru\u010dak<\/td>\n<p><!-- [et_pb_line_break_holder] -->    <\/p>\n<td class=\"text-nowrap\">14:00<\/td>\n<p><!-- [et_pb_line_break_holder] -->  <\/tr>\n<p><!-- [et_pb_line_break_holder] --><\/table>\n<p>[\/et_pb_code][et_pb_text _builder_version=&#8221;4.27.4&#8243; _module_preset=&#8221;default&#8221; global_colors_info=&#8221;{}&#8221;]<\/p>\n<blockquote>\n<h3>Teme seminara<\/h3>\n<\/blockquote>\n<blockquote>\n<h4>Zakonska regulativa vezana uz projektiranje za\u0161tite u gara\u017eama u Hrvatskoj i EU<\/h4>\n<\/blockquote>\n<p>Propisi kojima se u Hrvatskoj i EU regulira za\u0161tita u gara\u017eama. Norme koje se uobi\u010dajeno primjenjuju. Zahtjevi oko evakuacije i sigurnosnih prostora u zgradarstvu nasuprot kontroli pristupa. Obveze tijekom eksploatacije sustava za\u0161tite u gara\u017eama.<\/p>\n<p>[\/et_pb_text][et_pb_text _builder_version=&#8221;4.27.4&#8243; _module_preset=&#8221;default&#8221; global_colors_info=&#8221;{}&#8221;]<\/p>\n<blockquote>\n<h4>Plinodetekcija u gara\u017eama te njezino me\u0111udjelovanje sa sustavima ventilacije i sigurne evakuacije <\/h4>\n<\/blockquote>\n<p>Za\u0161tita od po\u017eara u gara\u017eama. Detekcija plina \u2013 neizostavan sustava za\u0161tite u gara\u017eama. Me\u0111udjelovanje sustava detekcije plinova sa sustavima ventilacije i sustavima koji osiguravaju sigurnu evakuaciju ljudi u incidentnim situacijama (EVAC, odvo\u0111enje dima i topline, sigurnosna rasvjeta). Evakuacijski putovi. Primjer projekta detekcije plinova u gara\u017eama. <\/p>\n<p>[\/et_pb_text][et_pb_text _builder_version=&#8221;4.27.4&#8243; _module_preset=&#8221;default&#8221; global_colors_info=&#8221;{}&#8221;]<\/p>\n<blockquote>\n<h4>Upravljanje tehni\u010dkim sustavima u gara\u017eama<\/h4>\n<\/blockquote>\n<p>Sustava detekcije i signalizacije slobodnih parkirnih mjesta \u2013 UZV detektori ili parking kamere. Softver za nadzor. Kontrola ulaza vozila u gara\u017ee. Integracije kontrole pristupa (rampe na ulazu) sa videonadzorom i naplatom parkinga. Primjeri projekata.<\/p>\n<p>[\/et_pb_text][et_pb_text _builder_version=&#8221;4.27.4&#8243; _module_preset=&#8221;default&#8221; global_colors_info=&#8221;{}&#8221;]<\/p>\n<div>\n<blockquote>\n<h3>Predava\u010di<\/h3>\n<\/blockquote>\n<\/div>\n<p>[\/et_pb_text][et_pb_team_member name=&#8221;Ranko \u010cop, mag. ing. el.&#8221; image_url=&#8221;https:\/\/www.alarmautomatika.com\/wp-content\/uploads\/2024\/02\/Ranko_Cop_320x229.webp&#8221; _builder_version=&#8221;4.27.4&#8243; _module_preset=&#8221;default&#8221; global_colors_info=&#8221;{}&#8221;]<\/p>\n<div>\n<p>Nakon studija stjecao je iskustvo u razli\u010ditim podru\u010djima elektrotehnike te stekao niz stru\u010dnih ovla\u0161tenja. U Alarm automatici radi kao voditelj projektnog odjela, a odgovoran je za projektiranje sigurnosnih i sigurnosnih sustava za velike i kriti\u010dne infrastrukturne projekte. Upravlja in\u017eenjerskim odjelom koji razvija rje\u0161enja, projektira i pru\u017ea podr\u0161ku uredima Alarm automatike u 11 zemalja regije.<\/p>\n<\/div>\n<div><strong><a href=\"mailto:ranko@alarmautomatika.com\">ranko@alarmautomatika.com<\/a><\/strong><\/div>\n<p>[\/et_pb_team_member][et_pb_team_member name=&#8221;Vedran Mihaljevi\u0107, ing. el., Alarm automatika Split&#8221; image_url=&#8221;https:\/\/www.alarmautomatika.com\/wp-content\/uploads\/2022\/09\/vedran-mihaljevic.png&#8221; _builder_version=&#8221;4.27.4&#8243; _module_preset=&#8221;default&#8221; global_colors_info=&#8221;{}&#8221;]<\/p>\n<div>\n<p>Do 2019. je radio u vi\u0161e tvrtki na poslovima servisera, tehni\u010dara, projektanta i voditelja projekata na podru\u010dju tehni\u010dke za\u0161tite te samostalno obavlja poslove vezane za projektiranje i izvo\u0111enje nisko i visokonaponskih elektri\u010dnih instalacija, IP\/TCP mre\u017enih sustava i sustava tehni\u010dke za\u0161tite. Od 2019. radi u Alarm automatici na poslovima voditelja in\u017eenjeringa za safety sustave.<\/p>\n<\/div>\n<div>\n<p><strong><a href=\"mailto:vedranm@alarmautomatika.com\">vedranm@alarmautomatika.com<\/a><\/strong><\/p>\n<\/div>\n<p>[\/et_pb_team_member][et_pb_team_member name=&#8221;Velimir Drakuli\u0107, ing. el, Alarm automatika Rijeka&#8221; image_url=&#8221;https:\/\/www.alarmautomatika.com\/wp-content\/uploads\/2023\/02\/Velimir_Drakulic.png&#8221; _builder_version=&#8221;4.27.4&#8243; _module_preset=&#8221;default&#8221; global_colors_info=&#8221;{}&#8221;]Nakon zavr\u0161enog studija elektrotehnike, radi na poslovima odr\u017eavanja i programiranja elektronskog nadzora raznih tehni\u010dkih sustava, zatim programiranjem i tehni\u010dkom podr\u0161kom za sustave tehni\u010dke za\u0161tite te pra\u0107enjem, programiranjem i odr\u017eavanjem brodske mjerne opreme. U Alarm automatiku se vra\u0107a 2021. i radi na poslovima voditelja in\u017eenjeringa za security sustave.<\/p>\n<div><strong><a href=\"mailto:velimir@alarmautomatika.com\">velimir@alarmautomatika.com<\/a><\/strong><\/div>\n<p>[\/et_pb_team_member][et_pb_text _builder_version=&#8221;4.27.4&#8243; _module_preset=&#8221;default&#8221; global_colors_info=&#8221;{}&#8221;]<\/p>\n<div>\n<blockquote>\n<h4>Od koga se mogu dobiti dodatne informacije?<\/h4>\n<\/blockquote>\n<\/div>\n<div>\n<p><strong>Lidija Stolica<\/strong><br \/>\nAlarm automatika d.o.o.<br \/>\ntel. 01 46 62 751<br \/>\n<strong>E-mail:<\/strong> <a href=\"mailto:lidija@alarmautomatika.com\"><strong>lidija@alarmautomatika.com<\/strong><\/a><\/p>\n<\/div>\n<p>[\/et_pb_text][et_pb_text _builder_version=&#8221;4.27.4&#8243; _module_preset=&#8221;default&#8221; global_colors_info=&#8221;{}&#8221;]<\/p>\n<div>\n<blockquote>\n<h4>Vezani materijali<\/h4>\n<\/blockquote>\n<\/div>\n<p>[\/et_pb_text][et_pb_code _builder_version=&#8221;4.27.4&#8243; _module_preset=&#8221;default&#8221; global_colors_info=&#8221;{}&#8221;]<\/p>\n<style><!-- [et_pb_line_break_holder] -->#customers td, #customers th {<!-- [et_pb_line_break_holder] -->  border: 1px solid #ddd;<!-- [et_pb_line_break_holder] -->  padding: 10px;<!-- [et_pb_line_break_holder] -->}<!-- [et_pb_line_break_holder] --><!-- [et_pb_line_break_holder] -->#customers tr:nth-child(even) {<!-- [et_pb_line_break_holder] -->  background-color: #f2f2f2;<!-- [et_pb_line_break_holder] -->}<!-- [et_pb_line_break_holder] -->  <!-- [et_pb_line_break_holder] -->#customers tr:hover {<!-- [et_pb_line_break_holder] -->  background-color: #ddd;<!-- [et_pb_line_break_holder] -->}<!-- [et_pb_line_break_holder] -->  <!-- [et_pb_line_break_holder] -->.text-nowrap {<!-- [et_pb_line_break_holder] -->  white-space: nowrap;<!-- [et_pb_line_break_holder] -->}<!-- [et_pb_line_break_holder] --><\/style>\n<p><!-- [et_pb_line_break_holder] --><!-- [et_pb_line_break_holder] --><\/p>\n<table id=\"customers\"><!-- [et_pb_line_break_holder] --><\/p>\n<tr><!-- [et_pb_line_break_holder] --><\/p>\n<td><center><a href=\"https:\/\/drive.google.com\/file\/d\/1h-O-uQ6n4f2CNbPZDYAm8E6hL1k99kod\/view\" target=\"_blank\" rel=\"noopener\"><strong>Integrirana safety rje\u0161enja<\/strong><\/a><\/center><\/td>\n<p><!-- [et_pb_line_break_holder] --><!-- [et_pb_line_break_holder] --><\/p>\n<td><center><a href=\"https:\/\/drive.google.com\/file\/d\/1_T31Rvj1EiBfgeBUgt4PxrYxgiV-FzXf\/view\" target=\"_blank\" rel=\"noopener\"><strong>Projektna rje\u0161enja Alarm automatike<\/strong><\/a><\/center><\/td>\n<p><!-- [et_pb_line_break_holder] --><\/tr>\n<p><!-- [et_pb_line_break_holder] --><\/p>\n<tr><!-- [et_pb_line_break_holder] --><\/p>\n<td><center><a href=\"https:\/\/www.alarmautomatika.com\/hr\/projektiranje-integriranog-rjesenja-zastite-od-pozara\/\" target=\"_blank\" rel=\"noopener\"><strong>Priru\u010dnik za projektiranje integriranih sustava za za\u0161titu od po\u017eara<\/strong><\/a><\/center><\/td>\n<p><!-- [et_pb_line_break_holder] --><!-- [et_pb_line_break_holder] --><\/p>\n<td><center><a href=\"https:\/\/www.alarmautomatika.com\/hr\/softveri\/nadzor-i-upravljanje-nad-sustavima-zastite\/\" target=\"_blank\" rel=\"noopener\"><strong>ABsistemDCi integracija<\/strong><\/a><\/center><\/td>\n<p><!-- [et_pb_line_break_holder] --><\/tr>\n<p><!-- [et_pb_line_break_holder] --><!-- [et_pb_line_break_holder] --><\/p>\n<tr><!-- [et_pb_line_break_holder] --><\/p>\n<td><center><a href=\"https:\/\/drive.google.com\/file\/d\/1rEw8odBaiF3PhS64NAjLC9p-t19uZXFF\/view\" target=\"_blank\" rel=\"noopener\"><strong>Specijalisti\u010dke softverske integracije<\/strong><\/a><\/center><\/td>\n<p><!-- [et_pb_line_break_holder] --><\/tr>\n<p><!-- [et_pb_line_break_holder] --><!-- [et_pb_line_break_holder] --><\/tbody>\n<p><!-- [et_pb_line_break_holder] --><\/table>\n<p>[\/et_pb_code][et_pb_image src=&#8221;https:\/\/www.alarmautomatika.com\/wp-content\/uploads\/2025\/02\/2025-01-30_HKIE_Seminari_Zastita_Garaze_Logotipi.jpg&#8221; title_text=&#8221;2025-01-30_HKIE_Seminari_Zastita_Garaze_Logotipi&#8221; align=&#8221;center&#8221; _builder_version=&#8221;4.27.4&#8243; _module_preset=&#8221;default&#8221; global_colors_info=&#8221;{}&#8221;][\/et_pb_image][et_pb_divider color=&#8221;#D7D7D7&#8243; divider_style=&#8221;dotted&#8221; _builder_version=&#8221;4.27.4&#8243; _module_preset=&#8221;default&#8221; global_colors_info=&#8221;{}&#8221;][\/et_pb_divider][et_pb_text _builder_version=&#8221;4.27.4&#8243; _module_preset=&#8221;default&#8221; global_colors_info=&#8221;{}&#8221;]<\/p>\n<div>\n<blockquote>\n<h3>Organizator seminara<\/h3>\n<\/blockquote>\n<\/div>\n<div>\n<p><strong><img loading=\"lazy\" decoding=\"async\" class=\"wp-image-22105 alignleft\" src=\"https:\/\/www.alarmautomatika.com\/wp-content\/uploads\/2021\/08\/AA_HR_logo.png\" alt=\"Alarm automatika d.o.o.\" width=\"368\" height=\"119\" srcset=\"https:\/\/www.alarmautomatika.com\/wp-content\/uploads\/2021\/08\/AA_HR_logo.png 390w, https:\/\/www.alarmautomatika.com\/wp-content\/uploads\/2021\/08\/AA_HR_logo-300x97.png 300w\" sizes=\"(max-width: 368px) 100vw, 368px\" \/><\/strong><br \/>\n<strong>Alarm automatika d.o.o.<\/strong> je regionalni lider u industriji tehni\u010dke za\u0161ite sa vi\u0161e od 35 godina iskustva i poslovanjem u 11 zemalja regije. Zadnjih desetak godina tvrtka veliku pa\u017enju posve\u0107uje razvoju, projektiranju i implementaciji tehni\u010dkih rje\u0161enja koja krajnjim korisnicima omogu\u0107uju ve\u0107u efikasnost poslovanja, zna\u010dajne u\u0161tede, jednostavniji monitoring i ve\u0107u fleksibilnost u upravljanju poslovnim objektima.<\/p>\n<\/div>\n<p>[\/et_pb_text][et_pb_image src=&#8221;https:\/\/www.alarmautomatika.com\/wp-content\/uploads\/2022\/05\/dobavljaci_update_1.jpg&#8221; align=&#8221;center&#8221; _builder_version=&#8221;4.27.4&#8243; _module_preset=&#8221;default&#8221; global_colors_info=&#8221;{}&#8221;][\/et_pb_image][et_pb_video src=&#8221;https:\/\/youtu.be\/SHnkE67Wsz0&#8243; _builder_version=&#8221;4.27.4&#8243; _module_preset=&#8221;default&#8221; global_colors_info=&#8221;{}&#8221;][\/et_pb_video][\/et_pb_column][\/et_pb_row][\/et_pb_section]<\/p>\n","protected":false},"excerpt":{"rendered":"<p>Ciklus seminara Projektiranje sustava za\u0161tite u gara\u017eama Gara\u017ee su prostori pove\u0107anog rizika za ljude koji se njima kre\u0107u i treba poduzeti niz mjera kojima se \u0161titi \u017eivot i zdravlje. U tu svrhu se koristi niz tehni\u010dkih sustava, prvenstveno safety sustava kao \u0161to su dojava po\u017eara i plina, odvo\u0111enje dima i topline, evakuacijski razglasa, sigurnosna rasvjeta [&hellip;]<\/p>\n","protected":false},"author":14,"featured_media":0,"parent":0,"menu_order":0,"comment_status":"closed","ping_status":"closed","template":"","meta":{"_et_pb_use_builder":"on","_et_pb_old_content":"","_et_gb_content_width":"","footnotes":""},"class_list":["post-56363","page","type-page","status-publish","hentry"],"_links":{"self":[{"href":"https:\/\/www.alarmautomatika.com\/hr\/wp-json\/wp\/v2\/pages\/56363","targetHints":{"allow":["GET"]}}],"collection":[{"href":"https:\/\/www.alarmautomatika.com\/hr\/wp-json\/wp\/v2\/pages"}],"about":[{"href":"https:\/\/www.alarmautomatika.com\/hr\/wp-json\/wp\/v2\/types\/page"}],"author":[{"embeddable":true,"href":"https:\/\/www.alarmautomatika.com\/hr\/wp-json\/wp\/v2\/users\/14"}],"replies":[{"embeddable":true,"href":"https:\/\/www.alarmautomatika.com\/hr\/wp-json\/wp\/v2\/comments?post=56363"}],"version-history":[{"count":1,"href":"https:\/\/www.alarmautomatika.com\/hr\/wp-json\/wp\/v2\/pages\/56363\/revisions"}],"predecessor-version":[{"id":56847,"href":"https:\/\/www.alarmautomatika.com\/hr\/wp-json\/wp\/v2\/pages\/56363\/revisions\/56847"}],"wp:attachment":[{"href":"https:\/\/www.alarmautomatika.com\/hr\/wp-json\/wp\/v2\/media?parent=56363"}],"curies":[{"name":"wp","href":"https:\/\/api.w.org\/{rel}","templated":true}]}}