{"id":58038,"date":"2025-09-02T13:15:58","date_gmt":"2025-09-02T11:15:58","guid":{"rendered":"https:\/\/www.alarmautomatika.com\/?page_id=58038"},"modified":"2025-09-03T09:27:55","modified_gmt":"2025-09-03T07:27:55","slug":"strucno-predavanje-zastita-od-pozara-regulativa-i-tehnicki-aspekti","status":"publish","type":"page","link":"https:\/\/www.alarmautomatika.com\/hr\/strucno-predavanje-zastita-od-pozara-regulativa-i-tehnicki-aspekti\/","title":{"rendered":"Stru\u010dno predavanje Za\u0161tita od po\u017eara \u2013 regulativa i tehni\u010dki aspekti"},"content":{"rendered":"<p>[et_pb_section fb_built=&#8221;1&#8243; _builder_version=&#8221;4.27.4&#8243; _module_preset=&#8221;default&#8221; global_colors_info=&#8221;{}&#8221;][et_pb_row _builder_version=&#8221;4.27.4&#8243; _module_preset=&#8221;default&#8221; global_colors_info=&#8221;{}&#8221;][et_pb_column type=&#8221;4_4&#8243; _builder_version=&#8221;4.27.4&#8243; _module_preset=&#8221;default&#8221; global_colors_info=&#8221;{}&#8221;][et_pb_text _builder_version=&#8221;4.27.4&#8243; _module_preset=&#8221;default&#8221; header_font_size_tablet=&#8221;46px&#8221; header_font_size_phone=&#8221;40px&#8221; header_font_size_last_edited=&#8221;on|phone&#8221; global_colors_info=&#8221;{}&#8221;]<\/p>\n<blockquote>\n<h1>Stru\u010dno predavanje Za\u0161tita od po\u017eara \u2013 regulativa i tehni\u010dki aspekti<\/h1>\n<\/blockquote>\n<p>[\/et_pb_text][et_pb_image src=&#8221;https:\/\/www.alarmautomatika.com\/wp-content\/uploads\/2025\/09\/2025-08_ASS-predavanje-za-projektante-baner_HR.jpg&#8221; title_text=&#8221;2025-08_ASS-predavanje-za-projektante-baner_HR&#8221; align=&#8221;center&#8221; _builder_version=&#8221;4.27.4&#8243; _module_preset=&#8221;default&#8221; global_colors_info=&#8221;{}&#8221;][\/et_pb_image][et_pb_text _builder_version=&#8221;4.27.4&#8243; _module_preset=&#8221;default&#8221; hover_enabled=&#8221;0&#8243; global_colors_info=&#8221;{}&#8221; sticky_enabled=&#8221;0&#8243;]<\/p>\n<p>Po\u017ear mo\u017ee uzrokovati veliku materijalnu \u0161tetu i, \u0161to je najgore, smrt i ozljede ljudi. Da bi se to sprije\u010dilo primjenjuju se opse\u017ene mjere za\u0161tite od po\u017eara koje zadiru u razli\u010dite sfere gra\u0111enja i kori\u0161tenja objekata. Uz gra\u0111evinske mjere, primjerice vatrootpornost po\u017earnih sektora, i organizacijske mjere, primjerice obveza posjedovanja ru\u010dnih vatrogasnih aparata, za\u0161tita od po\u017eara obuhva\u0107a i razne elektronske sustave kojima je svrha osigurati ranu detekciju po\u017eara, njegovu brzu signalizaciju ljudima koji se nalaze u po\u017earom zahva\u0107enom prostoru i vatrogasnoj slu\u017ebi te sigurnu evakuaciju ljudi.<\/p>\n<p>[\/et_pb_text][et_pb_button button_url=&#8221;https:\/\/forms.office.com\/e\/wtVuxXfVNg&#8221; url_new_window=&#8221;on&#8221; button_text=&#8221;Online prijava&#8221; button_alignment=&#8221;center&#8221; disabled_on=&#8221;off|off|off&#8221; _builder_version=&#8221;4.27.4&#8243; _module_preset=&#8221;default&#8221; custom_button=&#8221;on&#8221; button_text_size=&#8221;14px&#8221; button_font=&#8221;|600|||||||&#8221; button_use_icon=&#8221;off&#8221; custom_padding=&#8221;14px|53px|14px|53px|true|true&#8221; global_colors_info=&#8221;{}&#8221;][\/et_pb_button][et_pb_text _builder_version=&#8221;4.27.4&#8243; _module_preset=&#8221;default&#8221; hover_enabled=&#8221;0&#8243; header_3_font_size_tablet=&#8221;&#8221; header_3_font_size_phone=&#8221;28px&#8221; header_3_font_size_last_edited=&#8221;on|tablet&#8221; global_colors_info=&#8221;{}&#8221; sticky_enabled=&#8221;0&#8243;]<\/p>\n<p>Na predavanju \u0107e biti rije\u010di o bitnim aspektima uspostave mjera za\u0161tite od po\u017eara &#8211; propisima kojima se ona regulira te tehni\u010dkim aspektima va\u017enima za pravilan odabir opreme i rje\u0161enja.<\/p>\n<blockquote>\n<h3>Kome je predavanje namijenjeno?<\/h3>\n<\/blockquote>\n<p>Predavanje Za\u0161tita od po\u017eara \u2013 regulativa i tehni\u010dki aspekti namijenjeno je prvenstveno projektantima, ispitiva\u010dima i sistem integratorima elektronskih safety sustava, ali i svim drugim dionicima procesa projektiranja i gradnje.<\/p>\n<blockquote>\n<h3>Uvjerenja o sudjelovanju na stru\u010dnom predavanju<\/h3>\n<\/blockquote>\n<p>Svi sudionici stru\u010dnog predavanja \u0107e dobiti uvjerenje o sudjelovanju.<\/p>\n<blockquote>\n<h3>Kotizacija<\/h3>\n<\/blockquote>\n<p>Kotizacija za sudjelovanje na predavanju, kao niti za ulaz na Adria Security Summit, se ne napla\u0107uje.<\/p>\n<blockquote>\n<h3>Kada i gdje se predavanje odr\u017eava?<\/h3>\n<\/blockquote>\n<p>Predavanje se odr\u017eava 8.10.2025., od 14:30 do 17:15, Glavna konferencijska dvorana, <strong><a href=\"https:\/\/aleksandarpalace.com.mk\/\" target=\"_blank\" rel=\"noopener\">Hotel Aleksandar Palace<\/a><\/strong>, Blvd. 8th September No. 15, Skopje<\/p>\n<p>Dio je programa <strong><a href=\"https:\/\/www.adriasecuritysummit.com\/\" target=\"_blank\" rel=\"noopener\">Adria Security Summita 2025.<\/a><\/strong>, u regiji najve\u0107eg i najposje\u0107enijeg mjesta okupljanja profesionalaca u za\u0161titarskoj industriji.<\/p>\n<blockquote>\n<h3>Do kada i kako se mo\u017eete prijaviti?<\/h3>\n<\/blockquote>\n<p>Kako bismo osigurali dovoljno materijala , molimo da svoj dolazak na predavanje najavite najkasnije tri dana prije odr\u017eavanja putem <strong><a href=\"https:\/\/forms.office.com\/e\/wtVuxXfVNg\" target=\"_blank\" rel=\"noopener\">online prijave<\/a><\/strong>.<\/p>\n<p>[\/et_pb_text][et_pb_button button_url=&#8221;https:\/\/forms.office.com\/e\/wtVuxXfVNg&#8221; url_new_window=&#8221;on&#8221; button_text=&#8221;Online prijava&#8221; button_alignment=&#8221;center&#8221; disabled_on=&#8221;off|off|off&#8221; _builder_version=&#8221;4.27.4&#8243; _module_preset=&#8221;default&#8221; custom_button=&#8221;on&#8221; button_text_size=&#8221;14px&#8221; button_font=&#8221;|600|||||||&#8221; button_use_icon=&#8221;off&#8221; custom_padding=&#8221;14px|53px|14px|53px|true|true&#8221; global_colors_info=&#8221;{}&#8221;][\/et_pb_button][et_pb_text _builder_version=&#8221;4.27.4&#8243; _module_preset=&#8221;default&#8221; hover_enabled=&#8221;0&#8243; header_3_font_size_tablet=&#8221;&#8221; header_3_font_size_phone=&#8221;27px&#8221; header_3_font_size_last_edited=&#8221;on|phone&#8221; global_colors_info=&#8221;{}&#8221; sticky_enabled=&#8221;0&#8243;]<\/p>\n<p>Kako biste brzo u\u0161li na Adria Security Summit, <a href=\"https:\/\/drive.google.com\/file\/d\/1WMv--D0HdsOPg5p4rupYAyt-m4Z-LZx0\/view?usp=sharing\" target=\"_blank\" rel=\"noopener\"><strong>dodatno se registrirate kao posjetitelj na stranicama organizatora<\/strong><\/a>, na poveznici <strong><a href=\"https:\/\/adriasecuritysummit.com\/register\/\" target=\"_blank\" rel=\"noopener\">Registracija dolaska na Adria Security Summit 2025<\/a><\/strong>!<\/p>\n<blockquote>\n<h3>\u0160to sadr\u017ee materijali?<\/h3>\n<\/blockquote>\n<p><strong><img loading=\"lazy\" decoding=\"async\" class=\"wp-image-22105 alignleft\" src=\"https:\/\/www.alarmautomatika.com\/wp-content\/uploads\/2025\/09\/22086_Prirucnik_za_dojavu_pozara_vizualizacija-500px-bez-pozadine.png\" alt=\"Alarm automatika d.o.o.\" width=\"200\" height=\"200\" \/><\/strong>Sudionici \u0107e dobiti primjerak <strong><a href=\"https:\/\/www.alarmautomatika.com\/hr\/projektiranje-integriranog-rjesenja-zastite-od-pozara\/\">Priru\u010dnika za projektiranje sustava za za\u0161titu od po\u017eara<\/a><\/strong> koji obuhva\u0107a osnovne upute za projektiranje sustava koji se u gra\u0111evinskim objektima koriste u funkciji za\u0161tite \u017eivota ljudi i ograni\u010davanja materijalne \u0161tete u slu\u010daju po\u017eara. Oslanja se na EU norme koje se i u Makedoniji prihva\u0107ene od strane Zavoda za standardizaciju i metrologiju pa vjerujemo da \u0107e biti koristan i kolegama projektantima u Makedoniji. Priru\u010dnik je na hrvatskom jeziku, izdan je 2023. godine, a njegovi autori su djelatnici Alarm automatike s dugogodi\u0161njim iskustvom u projektiranju safety i security sustava.<\/p>\n<p>Nakon predavanja sudionicima \u0107e biti poslane power point prezentacije i pdf bro\u0161ure.<\/p>\n<blockquote>\n<h3>Dnevni raspored<\/h3>\n<\/blockquote>\n<p>[\/et_pb_text][et_pb_code _builder_version=&#8221;4.27.4&#8243; _module_preset=&#8221;default&#8221; global_colors_info=&#8221;{}&#8221;]<\/p>\n<style><!-- [et_pb_line_break_holder] -->#customers td, #customers th {<!-- [et_pb_line_break_holder] -->  border: 1px solid #ddd;<!-- [et_pb_line_break_holder] -->  padding: 10px;<!-- [et_pb_line_break_holder] -->}<!-- [et_pb_line_break_holder] --><!-- [et_pb_line_break_holder] -->#customers tr:nth-child(even) {<!-- [et_pb_line_break_holder] -->  background-color: #f2f2f2;<!-- [et_pb_line_break_holder] -->}<!-- [et_pb_line_break_holder] -->  <!-- [et_pb_line_break_holder] -->#customers tr:hover {<!-- [et_pb_line_break_holder] -->  background-color: #ddd;<!-- [et_pb_line_break_holder] -->}<!-- [et_pb_line_break_holder] -->  <!-- [et_pb_line_break_holder] -->.text-nowrap {<!-- [et_pb_line_break_holder] -->  white-space: nowrap;<!-- [et_pb_line_break_holder] -->}<!-- [et_pb_line_break_holder] --><\/style>\n<p><!-- [et_pb_line_break_holder] --><!-- [et_pb_line_break_holder] --><\/p>\n<table id=\"customers\"><!-- [et_pb_line_break_holder] --> <\/p>\n<tr><!-- [et_pb_line_break_holder] -->    <\/p>\n<td class=\"text-nowrap\">14:15 \u2013 14:30<\/td>\n<p><!-- [et_pb_line_break_holder] -->    <\/p>\n<td>Registracija sudionika<\/td>\n<p><!-- [et_pb_line_break_holder] -->  <\/tr>\n<p><!-- [et_pb_line_break_holder] --><!-- [et_pb_line_break_holder] --> <\/p>\n<tr><!-- [et_pb_line_break_holder] -->   <\/p>\n<td class=\"text-nowrap\">14:30 &#8211; 14:45<\/td>\n<p><!-- [et_pb_line_break_holder] -->   <\/p>\n<td>Pozdravni govori<!\u2013- [et_pb_br_holder] -\u2013><!-- [et_pb_line_break_holder] --><!-- [et_pb_line_break_holder] -->Predstavnik Komore ovla\u0161tenih arhitekata i ovla\u0161tenih in\u017eenjera Makedonije<!\u2013- [et_pb_br_holder] -\u2013><!-- [et_pb_line_break_holder] --><!-- [et_pb_line_break_holder] -->Tijana Kocevska, direktorica Alarm automatike Skopje<!-- [et_pb_line_break_holder] --><\/td>\n<p><!-- [et_pb_line_break_holder] -->  <\/tr>\n<p><!-- [et_pb_line_break_holder] --><!-- [et_pb_line_break_holder] --> <\/p>\n<tr><!-- [et_pb_line_break_holder] -->   <\/p>\n<td class=\"text-nowrap\">14:45 \u2013 16:15<\/td>\n<p><!-- [et_pb_line_break_holder] -->    <\/p>\n<td>Za\u0161tita od po\u017eara  &#8211; regulativa i tehni\u010dki aspekti<!\u2013- [et_pb_br_holder] -\u2013><!-- [et_pb_line_break_holder] -->Renata Don\u010devi\u0107, Alarm automatika Rijeka <!\u2013- [et_pb_br_holder] -\u2013><!-- [et_pb_line_break_holder] -->Vedran Mihaljevi\u0107, Alarm automatika Split<!-- [et_pb_line_break_holder] --><\/td>\n<p><!-- [et_pb_line_break_holder] -->  <\/tr>\n<p><!-- [et_pb_line_break_holder] --><!-- [et_pb_line_break_holder] --> <\/p>\n<tr><!-- [et_pb_line_break_holder] -->   <\/p>\n<td class=\"text-nowrap\">16:15 \u2013 16:30<\/td>\n<p><!-- [et_pb_line_break_holder] -->    <\/p>\n<td>Pauza<\/td>\n<p><!-- [et_pb_line_break_holder] -->  <\/tr>\n<p><!-- [et_pb_line_break_holder] --><!-- [et_pb_line_break_holder] --> <\/p>\n<tr><!-- [et_pb_line_break_holder] -->   <\/p>\n<td class=\"text-nowrap\">16:30 \u2013 17:15<\/td>\n<p><!-- [et_pb_line_break_holder] -->    <\/p>\n<td>Panel rasprava, Pitanja i odgovori <\/td>\n<p><!-- [et_pb_line_break_holder] --><\/table>\n<p>[\/et_pb_code][et_pb_text _builder_version=&#8221;4.27.4&#8243; _module_preset=&#8221;default&#8221; header_5_font_size=&#8221;22px&#8221; header_3_font_size_tablet=&#8221;&#8221; header_3_font_size_phone=&#8221;27px&#8221; header_3_font_size_last_edited=&#8221;on|phone&#8221; global_colors_info=&#8221;{}&#8221;]<\/p>\n<blockquote>\n<h3>Teme \u00a0stru\u010dnog predavanja Za\u0161tita od po\u017eara\u00a0 &#8211; regulativa i tehni\u010dki aspekti*<\/h3>\n<\/blockquote>\n<p>Propisi kojima se regulira za\u0161tita od po\u017eara s podru\u010dja gra\u0111enja i dojave. Usporedba regulative u Makedoniji i Hrvatskoj. Odabir opreme \u2013 bitne karakteristike i EU norme s kojima oprema treba biti uskla\u0111ena.\u00a0 Dojava po\u017eara i na nju vezani sustavi dojave. Me\u0111udjelovanje dojave po\u017eara sa sustavima za sigurnu evakuaciju ljudi (odvo\u0111enje dima i topline, evakuacijski razglas, sigurnosna rasvjeta).<\/p>\n<p><em>* Predavanja \u0107e biti na hrvatskom jeziku<\/em><\/p>\n<blockquote>\n<h3>Panel rasprava Za\u0161tita od po\u017eara\u00a0 &#8211; regulativa i njezina provedba<\/h3>\n<\/blockquote>\n<blockquote>\n<h5>8.10.2025., 17:15 \u2013 18:00, Glavna konferencijska dvorana<\/h5>\n<\/blockquote>\n<p>Primjena mjera za\u0161tite od po\u017eara je u svim zemljama regije regulirana posebnim propisima te podlo\u017ena inspekcijskom nadzoru. Na panel raspravi <strong>Za\u0161tita od po\u017eara\u00a0 &#8211; regulativa i njezina provedba<\/strong> prvenstveno \u0107e biti rije\u010di o provedbi va\u017ee\u0107ih propisa (zakona i pravilnika) i tehni\u010dkih normi, efektu pojedinih odredbi na protupo\u017earnu sigurnost te potrebama za osuvremenjivanjem propisa. Panelisti \u0107e biti predstavnici razli\u010ditih tijela zadu\u017eenih za provedbu i nadzor protupo\u017earne za\u0161tite &#8211; Ministarstva unutarnjih poslova Makedonije, Ministarstva unutarnjih poslova Hrvatske, Komore ovla\u0161tenih arhitekata i ovla\u0161tenih in\u017eenjera Makedonije i Komore za tehni\u010dko i privatno obezbje\u0111enje Makedonije.<\/p>\n<blockquote>\n<h3>Od koga se mogu dobiti dodatne informacije?<\/h3>\n<\/blockquote>\n<p>Tijana Kocevska, Izvr\u0161ni direktor, Alarm automatika, Skopje<\/p>\n<p>E-mail: <a href=\"mailto:tijana@alarmautomatika.com\"><strong>tijana@alarmautomatika.com<\/strong><\/a><\/p>\n<p>Tel: +389 71 358 896<\/p>\n<p>[\/et_pb_text][et_pb_button button_url=&#8221;https:\/\/forms.office.com\/e\/wtVuxXfVNg&#8221; url_new_window=&#8221;on&#8221; button_text=&#8221;Online prijava&#8221; button_alignment=&#8221;center&#8221; disabled_on=&#8221;off|off|off&#8221; _builder_version=&#8221;4.27.4&#8243; _module_preset=&#8221;default&#8221; custom_button=&#8221;on&#8221; button_text_size=&#8221;14px&#8221; button_font=&#8221;|600|||||||&#8221; button_use_icon=&#8221;off&#8221; custom_padding=&#8221;14px|53px|14px|53px|true|true&#8221; global_colors_info=&#8221;{}&#8221;][\/et_pb_button][et_pb_text _builder_version=&#8221;4.27.4&#8243; _module_preset=&#8221;default&#8221; header_3_font_size_tablet=&#8221;&#8221; header_3_font_size_phone=&#8221;27px&#8221; header_3_font_size_last_edited=&#8221;on|phone&#8221; global_colors_info=&#8221;{}&#8221;]<\/p>\n<blockquote>\n<h3>Organizator predavanja<\/h3>\n<\/blockquote>\n<p><strong><img loading=\"lazy\" decoding=\"async\" class=\"wp-image-22105 alignleft\" src=\"https:\/\/www.alarmautomatika.com\/wp-content\/uploads\/2021\/08\/AA_HR_logo.png\" alt=\"Alarm automatika d.o.o.\" width=\"368\" height=\"119\" srcset=\"https:\/\/www.alarmautomatika.com\/wp-content\/uploads\/2021\/08\/AA_HR_logo.png 390w, https:\/\/www.alarmautomatika.com\/wp-content\/uploads\/2021\/08\/AA_HR_logo-300x97.png 300w\" sizes=\"(max-width: 368px) 100vw, 368px\" \/><\/strong><br \/><strong>Alarm automatika d.o.o.<\/strong> je regionalni lider u industriji tehni\u010dke za\u0161ite sa vi\u0161e od 35 godina iskustva i poslovanjem razvijenim u 11 zemalja regije. Zadnjih godina tvrtka intenzivno razvija svoje projektno poslovanje \u2013 nabavu, isporuku, projektiranje i ugradnju safety i security sustava. Tvrtka u Skopju je osnovana 2011. godine od kada je razvila saradnju sa brojnim klijentima i implementirala veliki broj projekata u security i safety segmentu.<\/p>\n<p>[\/et_pb_text][\/et_pb_column][\/et_pb_row][\/et_pb_section]<\/p>\n","protected":false},"excerpt":{"rendered":"<p>Stru\u010dno predavanje Za\u0161tita od po\u017eara \u2013 regulativa i tehni\u010dki aspekti Po\u017ear mo\u017ee uzrokovati veliku materijalnu \u0161tetu i, \u0161to je najgore, smrt i ozljede ljudi. Da bi se to sprije\u010dilo primjenjuju se opse\u017ene mjere za\u0161tite od po\u017eara koje zadiru u razli\u010dite sfere gra\u0111enja i kori\u0161tenja objekata. Uz gra\u0111evinske mjere, primjerice vatrootpornost po\u017earnih sektora, i organizacijske mjere, [&hellip;]<\/p>\n","protected":false},"author":14,"featured_media":0,"parent":0,"menu_order":0,"comment_status":"closed","ping_status":"closed","template":"","meta":{"_et_pb_use_builder":"on","_et_pb_old_content":"","_et_gb_content_width":"","footnotes":""},"class_list":["post-58038","page","type-page","status-publish","hentry"],"_links":{"self":[{"href":"https:\/\/www.alarmautomatika.com\/hr\/wp-json\/wp\/v2\/pages\/58038","targetHints":{"allow":["GET"]}}],"collection":[{"href":"https:\/\/www.alarmautomatika.com\/hr\/wp-json\/wp\/v2\/pages"}],"about":[{"href":"https:\/\/www.alarmautomatika.com\/hr\/wp-json\/wp\/v2\/types\/page"}],"author":[{"embeddable":true,"href":"https:\/\/www.alarmautomatika.com\/hr\/wp-json\/wp\/v2\/users\/14"}],"replies":[{"embeddable":true,"href":"https:\/\/www.alarmautomatika.com\/hr\/wp-json\/wp\/v2\/comments?post=58038"}],"version-history":[{"count":1,"href":"https:\/\/www.alarmautomatika.com\/hr\/wp-json\/wp\/v2\/pages\/58038\/revisions"}],"predecessor-version":[{"id":58112,"href":"https:\/\/www.alarmautomatika.com\/hr\/wp-json\/wp\/v2\/pages\/58038\/revisions\/58112"}],"wp:attachment":[{"href":"https:\/\/www.alarmautomatika.com\/hr\/wp-json\/wp\/v2\/media?parent=58038"}],"curies":[{"name":"wp","href":"https:\/\/api.w.org\/{rel}","templated":true}]}}