{"id":58464,"date":"2025-10-07T14:28:07","date_gmt":"2025-10-07T12:28:07","guid":{"rendered":"https:\/\/www.alarmautomatika.com\/?page_id=58464"},"modified":"2025-10-28T12:57:59","modified_gmt":"2025-10-28T11:57:59","slug":"alarm-automatika-na-romanian-security-summitu-na-valu-sigurnosti","status":"publish","type":"page","link":"https:\/\/www.alarmautomatika.com\/hr\/alarm-automatika-na-romanian-security-summitu-na-valu-sigurnosti\/","title":{"rendered":"Alarm automatika na Romanian Security Summitu \u2013 Na valu Sigurnosti!"},"content":{"rendered":"<p>[et_pb_section fb_built=&#8221;1&#8243; _builder_version=&#8221;4.27.4&#8243; _module_preset=&#8221;default&#8221; global_colors_info=&#8221;{}&#8221;][et_pb_row _builder_version=&#8221;4.27.4&#8243; _module_preset=&#8221;default&#8221; global_colors_info=&#8221;{}&#8221;][et_pb_column type=&#8221;4_4&#8243; _builder_version=&#8221;4.27.4&#8243; _module_preset=&#8221;default&#8221; global_colors_info=&#8221;{}&#8221;][et_pb_text _builder_version=&#8221;4.27.4&#8243; _module_preset=&#8221;default&#8221; header_font_size=&#8221;46px&#8221; header_font_tablet=&#8221;&#8221; header_font_phone=&#8221;&#8221; header_font_last_edited=&#8221;on|desktop&#8221; header_font_size_tablet=&#8221;46px&#8221; header_font_size_phone=&#8221;35px&#8221; header_font_size_last_edited=&#8221;on|phone&#8221; global_colors_info=&#8221;{}&#8221;]<\/p>\n<blockquote>\n<h1>Alarm automatika na Romanian Security Summitu \u2013 Na valu Sigurnosti!<\/h1>\n<\/blockquote>\n<p>[\/et_pb_text][et_pb_image src=&#8221;https:\/\/www.alarmautomatika.com\/wp-content\/uploads\/2025\/10\/RSS_2025_banner-HR-FHD.jpg&#8221; title_text=&#8221;RSS_2025_banner-HR-FHD&#8221; align=&#8221;center&#8221; _builder_version=&#8221;4.27.4&#8243; _module_preset=&#8221;default&#8221; global_colors_info=&#8221;{}&#8221;][\/et_pb_image][et_pb_text _builder_version=&#8221;4.27.4&#8243; _module_preset=&#8221;default&#8221; header_5_font_size=&#8221;22px&#8221; header_2_font_size_tablet=&#8221;&#8221; header_2_font_size_phone=&#8221;30px&#8221; header_2_font_size_last_edited=&#8221;on|phone&#8221; global_colors_info=&#8221;{}&#8221;]<\/p>\n<p>Alarm automatika je <strong>partner i dijamantni sponzor Romanian Security Summita 2025.<\/strong> \u00a0\u2013 prvog izdanja regionalnog Security Summita u Rumunjskoj.<\/p>\n<p><strong>Vi\u0161e od 35 godina u regiji, te 10 godina u Rumunjskoj<\/strong>, plovimo zajedno s na\u0161im pouzdanim partnerima <strong>na valu sigurnosti<\/strong>. Uz njihovu podr\u0161ku predstavljamo niz inovativnih i pouzdanih safety i security rje\u0161enja za sve sudionike u procesu za\u0161tite &#8211; instalatere, dojavne centre, projektante i krajnje korisnike.<\/p>\n<p>Posjetite izlo\u017ebeni prostor Alarm automatike <strong>(\u0161tandovi \u00a076, 77, 78)<\/strong> i prezentacije kroz koje \u0107e na Summitu biti predstavljena na\u0161a safety i security rje\u0161enja!<\/p>\n<blockquote>\n<h2>Uvodno predavanje: Trendovi u safety i security rje\u0161enjima<\/h2>\n<\/blockquote>\n<blockquote>\n<h5>6.11.2025., 10:00 \u2013 10:20, Glavna konferencijska dvorana<\/h5>\n<\/blockquote>\n<p>[\/et_pb_text][et_pb_team_member name=&#8221;Boris Popovi\u0107, MBA, CEO, Alarm automatika, Rijeka &#8221; image_url=&#8221;https:\/\/www.alarmautomatika.com\/wp-content\/uploads\/2025\/10\/Boris_Popovic_portret.png&#8221; _builder_version=&#8221;4.27.4&#8243; _module_preset=&#8221;default&#8221; header_font_size=&#8221;22px&#8221; global_colors_info=&#8221;{}&#8221;]<\/p>\n<p>Ubrzani razvoj tehnologije omogu\u0107io je profesionalcima u safety i security industriji visoku razinu kreativnosti u svakodnevnom poslu osmi\u0161ljavanja rje\u0161enja za\u0161tite za svoje klijente. Interoperabilnosti svih tehni\u010dkih sustava na objektu je zna\u010dajno pove\u0107ana, a za posljedicu ima nepregledne mogu\u0107nosti pro\u0161irenja podru\u010dja primjene sustava tehni\u010dke za\u0161tite na sferu upravljanja poslovanjem, primjerice potro\u0161njom energenata i vode, prodaje ulaznica, parkinga ili prometa. Broj primjera iz prakse dokazuje da se elementi sustava koji se uobi\u010dajeno koriste u svrhu tehni\u010dke za\u0161tite mogu koristiti za puno vi\u0161e od svoje prvotne namjene.<\/p>\n<p>[\/et_pb_team_member][et_pb_text _builder_version=&#8221;4.27.4&#8243; _module_preset=&#8221;default&#8221; header_2_font_size=&#8221;30px&#8221; header_5_font_size=&#8221;22px&#8221; global_colors_info=&#8221;{}&#8221;]<\/p>\n<blockquote>\n<h2>Prezentacija: INIM Fire &amp; Safety \u2013 Evolucija za\u0161tite<\/h2>\n<\/blockquote>\n<blockquote>\n<h5>5.11.2025., 14:00 \u2013 15:00, Dvorana James Bond<\/h5>\n<\/blockquote>\n<h6><em><strong>Za projektante, ispitiva\u010de i sistem integratore safety sustava<\/strong><\/em><\/h6>\n<p>[\/et_pb_text][et_pb_team_member name=&#8221;Paul Roman, direktor i Vasile Onica, projektna prodaja, Alarm automatika Rumunjska&#8221; image_url=&#8221;https:\/\/www.alarmautomatika.com\/wp-content\/uploads\/2025\/10\/Paul_Roman_Vasile_Onica_portret.png&#8221; _builder_version=&#8221;4.27.4&#8243; _module_preset=&#8221;default&#8221; header_font_size=&#8221;22px&#8221; global_colors_info=&#8221;{}&#8221;]<\/p>\n<p>INIM safety sustavi dizajnirani su kako bi osigurali visoku razinu preciznosti u detekciji dima i plina, signalizaciji alarma, intervenciji ga\u0161enja po\u017eara i sigurnoj evakuaciji \u0161ti\u0107enog prostora.<\/p>\n<ul>\n<li>Portfolio sustava za detekciju po\u017eara \u2013 Previdia linija: Inteligentne centrale sa skalabilnom arhitekturom<\/li>\n<li>Aspiracijski sustavi &#8211; Rano otkrivanje dima putem kontinuiranog uzorkovanja zraka, pogodno za visokovrijedna ili kriti\u010dna okru\u017eenja<\/li>\n<li>Be\u017ei\u010dni i hibridni sustavi detekcije &#8211; Pouzdana komunikacija s naprednim sigurnosnim protokolima, hibridna opcija za kombiniranje \u017ei\u010danih i be\u017ei\u010dnih detektora<\/li>\n<li>PAVA sustavi \u2013 Javni razglas i glasovno obavje\u0161tavanje &#8211; Integracija s dojavom po\u017eara za automatizirane reakcije<\/li>\n<\/ul>\n<p>[\/et_pb_team_member][et_pb_button button_url=&#8221;https:\/\/forms.office.com\/e\/AJnx7deGMf&#8221; url_new_window=&#8221;on&#8221; button_text=&#8221;Najavite svoj dolazak&#8221; button_alignment=&#8221;center&#8221; disabled_on=&#8221;off|off|off&#8221; _builder_version=&#8221;4.27.4&#8243; _module_preset=&#8221;default&#8221; custom_button=&#8221;on&#8221; button_text_size=&#8221;14px&#8221; button_font=&#8221;|600|||||||&#8221; button_use_icon=&#8221;off&#8221; custom_padding=&#8221;14px|53px|14px|53px|true|true&#8221; global_colors_info=&#8221;{}&#8221;][\/et_pb_button][et_pb_text _builder_version=&#8221;4.27.4&#8243; _module_preset=&#8221;default&#8221; header_2_font_size=&#8221;30px&#8221; header_5_font_size=&#8221;22px&#8221; global_colors_info=&#8221;{}&#8221;]<\/p>\n<blockquote>\n<h2>Prezentacija: Nova Ajax EN54 linija proizvoda. Pravila ispunjena. Konvencije razbijene.<\/h2>\n<\/blockquote>\n<blockquote>\n<h5>6.11.2025., 12:00 \u2013 13:00, Dvorana Sherlock Holmes<\/h5>\n<\/blockquote>\n<h6><em><strong>Za instalatere i dojavne centre<\/strong><\/em><\/h6>\n<p>[\/et_pb_text][et_pb_team_member name=&#8221;Alina Filipiuc, Direktorica za rumunjsko tr\u017ei\u0161te, Ajax Systems&#8221; image_url=&#8221;https:\/\/www.alarmautomatika.com\/wp-content\/uploads\/2025\/10\/Alina_Filipiuc_Ajax_portret.png&#8221; _builder_version=&#8221;4.27.4&#8243; _module_preset=&#8221;default&#8221; header_font_size=&#8221;21px&#8221; header_font_size_tablet=&#8221;21px&#8221; header_font_size_phone=&#8221;22px&#8221; header_font_size_last_edited=&#8221;on|phone&#8221; global_colors_info=&#8221;{}&#8221;]<\/p>\n<ul>\n<li>Brza ugradnja \u2014 instalacija za samo nekoliko sati, konfiguracija putem intuitivnih aplikacija i daljinsko odr\u017eavanje.<\/li>\n<li>Trenuta\u010dni odgovor \u2014 stvarne prijetnje se odmah otkrivaju, la\u017eni alarmi se ignoriraju, a obavijesti sti\u017eu za manje od tri sekunde.<\/li>\n<li>Jedinstveni ekosustav \u2014 detekcija po\u017eara, protuprovala, video i automatizacija koji savr\u0161eno funkcioniraju zajedno.<\/li>\n<li>Vi\u0161e od protupo\u017earne sigurnosti \u2014 certifikati EN 54 i EN 50131 (Grade 2) u jednom sustavu, koji pru\u017eaju pro\u0161irenu za\u0161titu i funkcionalnost.<\/li>\n<\/ul>\n<p>[\/et_pb_team_member][et_pb_button button_url=&#8221;https:\/\/forms.office.com\/e\/AJnx7deGMf&#8221; url_new_window=&#8221;on&#8221; button_text=&#8221;Najavite svoj dolazak&#8221; button_alignment=&#8221;center&#8221; disabled_on=&#8221;off|off|off&#8221; _builder_version=&#8221;4.27.4&#8243; _module_preset=&#8221;default&#8221; custom_button=&#8221;on&#8221; button_text_size=&#8221;14px&#8221; button_font=&#8221;|600|||||||&#8221; button_use_icon=&#8221;off&#8221; custom_padding=&#8221;14px|53px|14px|53px|true|true&#8221; global_colors_info=&#8221;{}&#8221;][\/et_pb_button][et_pb_text _builder_version=&#8221;4.27.4&#8243; _module_preset=&#8221;default&#8221; header_2_font_size=&#8221;30px&#8221; header_5_font_size=&#8221;23px&#8221; global_colors_info=&#8221;{}&#8221;]<\/p>\n<blockquote>\n<h2>Prezentacija: DVC \u2013 potpuno integrirano sigurnosno rje\u0161enje uskla\u0111eno s EU i NDAA propisima<\/h2>\n<\/blockquote>\n<blockquote>\n<h5>6.11.2025., 13:00 \u2013 14:00, Dvorana Sherlock Holmes<\/h5>\n<\/blockquote>\n<h6><em><strong>Za instalatere i dojavne centre<\/strong><\/em><\/h6>\n<p>[\/et_pb_text][et_pb_team_member name=&#8221;Adrian Croitoru, voditelj veleprodaje Alarm automatika Rumunjska i Franjo Sviben, tehni\u010dka podr\u0161ka, Alarm automatika Hrvatska&#8221; image_url=&#8221;https:\/\/www.alarmautomatika.com\/wp-content\/uploads\/2025\/10\/Adrian_Croitoru_Franjo_Sviben_RSS_2025.jpg&#8221; _builder_version=&#8221;4.27.4&#8243; _module_preset=&#8221;default&#8221; header_font_size=&#8221;22px&#8221; global_colors_info=&#8221;{}&#8221;]<\/p>\n<p>Na prezentacija \u0107e DVC sustavi biti prikazani kao potpuno integrirano sigurnosno rje\u0161enje u skladu s EU i NDAA propisima. Poseban naglasak je stavljen na aktivnu detekciju, pametnu hibridnu rasvjetu i super no\u0107ni vid, kao i NVMS 2.0 serverska rje\u0161enja za sustave svih veli\u010dina.<\/p>\n<ul>\n<li>Cloud pristup<\/li>\n<li>Integracija interfona i kontrole pristupa<\/li>\n<li>Planovi \u0161irenja i inovacija za ja\u010danje brenda DVC na regionalnim i me\u0111unarodnim tr\u017ei\u0161tima<\/li>\n<\/ul>\n<p>[\/et_pb_team_member][et_pb_button button_url=&#8221;https:\/\/forms.office.com\/e\/AJnx7deGMf&#8221; url_new_window=&#8221;on&#8221; button_text=&#8221;Najavite svoj dolazak&#8221; button_alignment=&#8221;center&#8221; disabled_on=&#8221;off|off|off&#8221; _builder_version=&#8221;4.27.4&#8243; _module_preset=&#8221;default&#8221; custom_button=&#8221;on&#8221; button_text_size=&#8221;14px&#8221; button_font=&#8221;|600|||||||&#8221; button_use_icon=&#8221;off&#8221; custom_padding=&#8221;14px|53px|14px|53px|true|true&#8221; global_colors_info=&#8221;{}&#8221;][\/et_pb_button][et_pb_text _builder_version=&#8221;4.27.4&#8243; _module_preset=&#8221;default&#8221; header_2_font_size=&#8221;30px&#8221; header_text_color_tablet=&#8221;&#8221; header_text_color_phone=&#8221;&#8221; header_text_color_last_edited=&#8221;on|phone&#8221; global_colors_info=&#8221;{}&#8221;]<\/p>\n<blockquote>\n<h2>Izlo\u017eba<\/h2>\n<\/blockquote>\n<p>Na izlo\u017ebenom prostoru predstavit \u0107emo vlastite novitete u ponudi te novitete dugogodi\u0161njih pouzdanih partnera Alarm automatike.<\/p>\n<p>[\/et_pb_text][et_pb_image src=&#8221;https:\/\/www.alarmautomatika.com\/wp-content\/uploads\/2025\/10\/RSS-2025-landing-logos-1024px-short_new.jpg&#8221; title_text=&#8221;RSS-2025-landing-logos-1024px-short_new&#8221; align=&#8221;center&#8221; _builder_version=&#8221;4.27.4&#8243; _module_preset=&#8221;default&#8221; global_colors_info=&#8221;{}&#8221;][\/et_pb_image][et_pb_text _builder_version=&#8221;4.27.4&#8243; _module_preset=&#8221;default&#8221; global_colors_info=&#8221;{}&#8221;]<\/p>\n<p>Romanian Security Summit se odr\u017eava 5. i 6.11.2025. u izlo\u017ebenom centru <a href=\"https:\/\/maps.app.goo.gl\/iLRL9YpUewar4hdq8\" target=\"_blank\" rel=\"noopener\"><strong>Romexpo, Bulevardul M\u0103r\u0103\u0219ti 65-67, Bukure\u0161t<\/strong><\/a>, Dvorana C2.<\/p>\n<p>[\/et_pb_text][et_pb_button button_url=&#8221;https:\/\/drive.google.com\/drive\/folders\/1kW4_0UqYZqkElAMStvat6LV6epgYlbU1?usp=sharing&#8221; url_new_window=&#8221;on&#8221; button_text=&#8221;Upute za registraciju&#8221; button_alignment=&#8221;center&#8221; disabled_on=&#8221;off|off|off&#8221; _builder_version=&#8221;4.27.4&#8243; _module_preset=&#8221;default&#8221; custom_button=&#8221;on&#8221; button_text_size=&#8221;14px&#8221; button_font=&#8221;|600|||||||&#8221; button_use_icon=&#8221;off&#8221; custom_padding=&#8221;14px|53px|14px|53px|true|true&#8221; hover_enabled=&#8221;0&#8243; global_colors_info=&#8221;{}&#8221; sticky_enabled=&#8221;0&#8243;][\/et_pb_button][\/et_pb_column][\/et_pb_row][\/et_pb_section]<\/p>\n","protected":false},"excerpt":{"rendered":"<p>Alarm automatika na Romanian Security Summitu \u2013 Na valu Sigurnosti! Alarm automatika je partner i dijamantni sponzor Romanian Security Summita 2025. \u00a0\u2013 prvog izdanja regionalnog Security Summita u Rumunjskoj. Vi\u0161e od 35 godina u regiji, te 10 godina u Rumunjskoj, plovimo zajedno s na\u0161im pouzdanim partnerima na valu sigurnosti. Uz njihovu podr\u0161ku predstavljamo niz inovativnih [&hellip;]<\/p>\n","protected":false},"author":14,"featured_media":0,"parent":0,"menu_order":0,"comment_status":"closed","ping_status":"closed","template":"","meta":{"_et_pb_use_builder":"on","_et_pb_old_content":"","_et_gb_content_width":"","footnotes":""},"class_list":["post-58464","page","type-page","status-publish","hentry"],"_links":{"self":[{"href":"https:\/\/www.alarmautomatika.com\/hr\/wp-json\/wp\/v2\/pages\/58464","targetHints":{"allow":["GET"]}}],"collection":[{"href":"https:\/\/www.alarmautomatika.com\/hr\/wp-json\/wp\/v2\/pages"}],"about":[{"href":"https:\/\/www.alarmautomatika.com\/hr\/wp-json\/wp\/v2\/types\/page"}],"author":[{"embeddable":true,"href":"https:\/\/www.alarmautomatika.com\/hr\/wp-json\/wp\/v2\/users\/14"}],"replies":[{"embeddable":true,"href":"https:\/\/www.alarmautomatika.com\/hr\/wp-json\/wp\/v2\/comments?post=58464"}],"version-history":[{"count":1,"href":"https:\/\/www.alarmautomatika.com\/hr\/wp-json\/wp\/v2\/pages\/58464\/revisions"}],"predecessor-version":[{"id":58775,"href":"https:\/\/www.alarmautomatika.com\/hr\/wp-json\/wp\/v2\/pages\/58464\/revisions\/58775"}],"wp:attachment":[{"href":"https:\/\/www.alarmautomatika.com\/hr\/wp-json\/wp\/v2\/media?parent=58464"}],"curies":[{"name":"wp","href":"https:\/\/api.w.org\/{rel}","templated":true}]}}