{"id":59534,"date":"2026-02-27T08:20:56","date_gmt":"2026-02-27T07:20:56","guid":{"rendered":"https:\/\/www.alarmautomatika.com\/?page_id=59534"},"modified":"2026-04-13T15:56:59","modified_gmt":"2026-04-13T13:56:59","slug":"ciklus-seminara-audio-vizualna-komunikacija-u-akcidentnim-situacijama-u-javnim-prostorima","status":"publish","type":"page","link":"https:\/\/www.alarmautomatika.com\/hr\/ciklus-seminara-audio-vizualna-komunikacija-u-akcidentnim-situacijama-u-javnim-prostorima\/","title":{"rendered":"Seminari Audio vizualna komunikacija u akcidentnim situacijama u javnim prostorima"},"content":{"rendered":"<p>[et_pb_section fb_built=&#8221;1&#8243; _builder_version=&#8221;4.27.5&#8243; _module_preset=&#8221;default&#8221; global_colors_info=&#8221;{}&#8221;][et_pb_row _builder_version=&#8221;4.27.5&#8243; _module_preset=&#8221;default&#8221; global_colors_info=&#8221;{}&#8221;][et_pb_column type=&#8221;4_4&#8243; _builder_version=&#8221;4.27.5&#8243; _module_preset=&#8221;default&#8221; global_colors_info=&#8221;{}&#8221;][et_pb_text _builder_version=&#8221;4.27.5&#8243; _module_preset=&#8221;default&#8221; header_font_size_tablet=&#8221;&#8221; header_font_size_phone=&#8221;36px&#8221; header_font_size_last_edited=&#8221;on|phone&#8221; global_colors_info=&#8221;{}&#8221;]<\/p>\n<blockquote>\n<h1>Seminari Audio vizualna komunikacija u akcidentnim situacijama u javnim prostorima<\/h1>\n<\/blockquote>\n<p>[\/et_pb_text][et_pb_image src=&#8221;https:\/\/www.alarmautomatika.com\/wp-content\/uploads\/2026\/02\/2026-02-26_HKIE_seminari_PP_prvi-poziv-FHD.jpg&#8221; title_text=&#8221;2026-02-26_HKIE_seminari_PP_prvi-poziv-FHD&#8221; align=&#8221;center&#8221; _builder_version=&#8221;4.27.5&#8243; _module_preset=&#8221;default&#8221; global_colors_info=&#8221;{}&#8221;][\/et_pb_image][et_pb_text _builder_version=&#8221;4.27.5&#8243; _module_preset=&#8221;default&#8221; global_colors_info=&#8221;{}&#8221;]Seminarom <strong>Audio vizualna komunikacija u akcidentnim situacijama u javnim prostorima<\/strong> bit \u0107e obuhva\u0107eni sustavi koji osiguravaju jasnu komunikaciju u javnim prostorima s ciljem pravovremenog prijenosa informacija o akcidentnim situacijama (po\u017ear, teroristi\u010dki napad, SOS), o situacijama koje ugro\u017eavaju zdravlje ljudi (kvaliteta zraka, pu\u0161enje), o situacijama prekomjerne potro\u0161nje energenata i vode te prekomjernog broja ljudi u prostoru. Takvi sustavi i tehni\u010dka rje\u0161enja trebaju biti projektirani, izvedeni i odr\u017eavani u skladu s raznim propisima i normama.<\/p>\n<p>Predavanjima \u0107e biti obuhva\u0107eni i primjeri izvedenih projekata, a, zbog aktualnosti, predava\u010di \u0107e se posebno osvrnuti na problematiku primjene razli\u010ditih tehni\u010dkih rje\u0161enja u \u0161kolama i obrazovnim ustanovama.<br \/>\n[\/et_pb_text][et_pb_text _builder_version=&#8221;4.27.6&#8243; _module_preset=&#8221;default&#8221; hover_enabled=&#8221;0&#8243; header_4_font_size_tablet=&#8221;&#8221; header_4_font_size_phone=&#8221;22px&#8221; header_4_font_size_last_edited=&#8221;on|phone&#8221; global_colors_info=&#8221;{}&#8221; header_text_color=&#8221;#33A44D&#8221; sticky_enabled=&#8221;0&#8243;]<\/p>\n<blockquote>\n<h4>Kome je seminar namijenjen?<\/h4>\n<\/blockquote>\n<p>Seminar je namijenjen prvenstveno ovla\u0161tenim elektro projektantima, ali i svim ostalim sudionicima procesa projektiranja i gradnje.<\/p>\n<blockquote>\n<h4>Upis bodova \u010dlanovima Hrvatske komore in\u017eenjera elektrotehnike (HKIE)<\/h4>\n<\/blockquote>\n<p>Seminar Audio vizualna komunikacija u akcidentnim situacijama u javnim prostorima je uvr\u0161ten u Plan stru\u010dnog usavr\u0161avanja Hrvatske komore in\u017eenjera elektrotehnike (HKIE) za 2026. godinu. Sudionici ostvaruju pravo na 2 sata edukacije iz stru\u010dnog podru\u010dja i 1 iz tehni\u010dke regulative.<\/p>\n<p>\u010clanovima HKIE \u0107e sati edukacije biti upisani u roku od 30 dana od dana odr\u017eavanja seminara. Kako bi se sati edukacije ispravno i u roku evidentirali, molimo da u prijavnici navedete puno ime, prezime, naziv tvrtke te broj upisa u HKIE. Ako niste \u010dlan, molimo da u rubriku u kojoj se tra\u017ei broj upisa to upi\u0161ete \u201enisam \u010dlan\u201c.<\/p>\n<blockquote>\n<h4>Upis bodova \u010dlanovima In\u017eenjerske zbornice Slovenije (IZS)<\/h4>\n<\/blockquote>\n<p>Komisija za obrazovanje In\u017eenjerske zbornice Slovenije (IZS) je ovom seminaru dodijelila 2 kreditna boda iz izbornih sadr\u017eaja.<\/p>\n<p>Ovla\u0161teni i nadzorni in\u017eenjeri za sudjelovanje na stru\u010dnom usavr\u0161avanju ostvaruju 2 kreditna boda iz izbornih sadr\u017eaja sukladno Op\u0107em aktu o stalnom stru\u010dnom usavr\u0161avanju ovla\u0161tenih in\u017eenjera.<\/p>\n<p>Organizator seminara \u0107e svim prisutnima poslati uvjerenje o sudjelovanju na seminaru, a\u00a0 In\u017eenjerskoj zbornici Slovenije zbirni popis svih prisutnih u roku od 14 dana od odr\u017eavanja. Nije potrebno da \u010dlanovi sami podnose zahtjev za upis bodova.<\/p>\n<p>Napominjemo da se predavanja odr\u017eavaju na hrvatskom jeziku.<\/p>\n<blockquote>\n<h4>Izdavanje uvjerenja o sudjelovanju na seminaru<\/h4>\n<\/blockquote>\n<p>Sudionici <u>koji nisu \u010dlanovi HKIE<\/u> mogu u prijavnici zatra\u017eiti uvjerenje o sudjelovanje na seminaru i ono \u0107e biti poslano u roku od 30 dana od dana njegova odr\u017eavanja.<\/p>\n<blockquote>\n<h4>Kada i gdje se seminar odr\u017eava?<\/h4>\n<\/blockquote>\n<p>Seminari \u0107e biti odr\u017eani prema sljede\u0107em rasporedu:<\/p>\n<ul>\n<li>Osijek, 31.3.2026., <strong><a href=\"https:\/\/zoo-hotel.hr\/\" target=\"_blank\" rel=\"noopener\">ZOO hotel<\/a><\/strong>, Sjevernodravska obala bb<\/li>\n<li>Rijeka, 16.4.2026., <strong><a href=\"http:\/\/goo.gl\/maps\/bs8Fm\" target=\"_blank\" rel=\"noopener\">dvorana Alarm automatike d.o.o., Dra\u017eice 123c (Zamet)<\/a><\/strong><\/li>\n<li>Online, 16.4.2026., online pra\u0107enje seminara u Rijeci putem zoom aplikacije<\/li>\n<\/ul>\n<blockquote>\n<h4>Kotizacija:<\/h4>\n<\/blockquote>\n<p>Kotizacija se ne napla\u0107uje.<\/p>\n<blockquote>\n<h4>Do kada i kako se prijaviti?<\/h4>\n<\/blockquote>\n<h4 style=\"color: #b94a48;\">Po\u0161tovani, prijave za webinar Audio vizualna komunikacija u akcidentnim situacijama u javnim prostorima su zaklju\u010dene.<\/h4>\n<h4 style=\"color: #b94a48;\">Za sve dodatne informacije molim obratite se na<a href=\"mailto:marketing@alarmautomatika.com\"><em> marketing@alarmautomatika.com<\/em><br \/><\/a><\/h4>\n<p>[\/et_pb_text][et_pb_text _builder_version=&#8221;4.27.5&#8243; _module_preset=&#8221;default&#8221; hover_enabled=&#8221;0&#8243; header_4_font_size_tablet=&#8221;&#8221; header_4_font_size_phone=&#8221;22px&#8221; header_4_font_size_last_edited=&#8221;on|phone&#8221; global_colors_info=&#8221;{}&#8221; sticky_enabled=&#8221;0&#8243;]<\/p>\n<blockquote>\n<h4>Kako unaprijed postaviti pitanja?<\/h4>\n<\/blockquote>\n<p>U prijavnici je predvi\u0111en prostor za postavljanje pitanja predava\u010dima unaprijed.<\/p>\n<blockquote>\n<h4>\u0160to sadr\u017ee materijali?<\/h4>\n<\/blockquote>\n<p>Sudionicima \u0107e nakon seminara biti poslana power point predavanja i dodatni materijali.<\/p>\n<blockquote>\n<h4>Dnevni raspored:<\/h4>\n<\/blockquote>\n<p>[\/et_pb_text][et_pb_code _builder_version=&#8221;4.27.5&#8243; _module_preset=&#8221;default&#8221; global_colors_info=&#8221;{}&#8221;]<\/p>\n<style><!-- [et_pb_line_break_holder] -->#customers {<!-- [et_pb_line_break_holder] -->  font-family: Arial, Helvetica, sans-serif;<!-- [et_pb_line_break_holder] -->  border-collapse: collapse;<!-- [et_pb_line_break_holder] -->  width: 100%;<!-- [et_pb_line_break_holder] -->}<!-- [et_pb_line_break_holder] --><!-- [et_pb_line_break_holder] -->#customers td, <!-- [et_pb_line_break_holder] -->#customers th {<!-- [et_pb_line_break_holder] -->  border: 1px solid #ddd;<!-- [et_pb_line_break_holder] -->  padding: 10px;<!-- [et_pb_line_break_holder] -->}<!-- [et_pb_line_break_holder] --><!-- [et_pb_line_break_holder] -->#customers tr:nth-child(even) {<!-- [et_pb_line_break_holder] -->  background-color: #f2f2f2;<!-- [et_pb_line_break_holder] -->}<!-- [et_pb_line_break_holder] --><!-- [et_pb_line_break_holder] -->#customers tr:hover {<!-- [et_pb_line_break_holder] -->  background-color: #ddd;<!-- [et_pb_line_break_holder] -->}<!-- [et_pb_line_break_holder] --><!-- [et_pb_line_break_holder] -->#customers th {<!-- [et_pb_line_break_holder] -->  padding-top: 12px;<!-- [et_pb_line_break_holder] -->  padding-bottom: 12px;<!-- [et_pb_line_break_holder] -->  text-align: left;<!-- [et_pb_line_break_holder] -->  background-color: #04AA6D;<!-- [et_pb_line_break_holder] -->  color: white;<!-- [et_pb_line_break_holder] -->}<!-- [et_pb_line_break_holder] --><!-- [et_pb_line_break_holder] -->#customers td:nth-child(2) {<!-- [et_pb_line_break_holder] -->  white-space: nowrap;<!-- [et_pb_line_break_holder] -->  width: 1%;<!-- [et_pb_line_break_holder] -->}<!-- [et_pb_line_break_holder] --><\/style>\n<p><!-- [et_pb_line_break_holder] --><!-- [et_pb_line_break_holder] --><!-- [et_pb_line_break_holder] --><\/p>\n<table id=\"customers\"><!-- [et_pb_line_break_holder] --><\/p>\n<tbody><!-- [et_pb_line_break_holder] --><!-- [et_pb_line_break_holder] --><\/p>\n<tr><!-- [et_pb_line_break_holder] --><\/p>\n<td>Registracija sudionika uz osvje\u017eenje<\/td>\n<p><!-- [et_pb_line_break_holder] --><\/p>\n<td>10:00 \u2013 10:30<\/td>\n<p><!-- [et_pb_line_break_holder] --><\/tr>\n<p><!-- [et_pb_line_break_holder] --><!-- [et_pb_line_break_holder] --><\/p>\n<tr><!-- [et_pb_line_break_holder] --><\/p>\n<td>Zakonska regulativa vezana uz projektiranje sigurnosne komunikacije u javnim prostorima<\/td>\n<p><!-- [et_pb_line_break_holder] --><\/p>\n<td>10:30 \u2013 11:15<\/td>\n<p><!-- [et_pb_line_break_holder] --><\/tr>\n<p><!-- [et_pb_line_break_holder] --><!-- [et_pb_line_break_holder] --><\/p>\n<tr><!-- [et_pb_line_break_holder] --><\/p>\n<td>Projektiranje sustava audio-vizualne komunikacije u javnim prostorima<\/td>\n<p><!-- [et_pb_line_break_holder] --><\/p>\n<td>11:15 \u2013 12:00<\/td>\n<p><!-- [et_pb_line_break_holder] --><\/tr>\n<p><!-- [et_pb_line_break_holder] --><!-- [et_pb_line_break_holder] --><\/p>\n<tr><!-- [et_pb_line_break_holder] --><\/p>\n<td>Pauza<\/td>\n<p><!-- [et_pb_line_break_holder] --><\/p>\n<td>12:00 \u2013 12:30<\/td>\n<p><!-- [et_pb_line_break_holder] --><\/tr>\n<p><!-- [et_pb_line_break_holder] --><!-- [et_pb_line_break_holder] --><\/p>\n<tr><!-- [et_pb_line_break_holder] --><\/p>\n<td>IoT arhitektura za moderne javne objekte<\/td>\n<p><!-- [et_pb_line_break_holder] --><\/p>\n<td>12:30 \u2013 13:15<\/td>\n<p><!-- [et_pb_line_break_holder] --><\/tr>\n<p><!-- [et_pb_line_break_holder] --><!-- [et_pb_line_break_holder] --><\/p>\n<tr><!-- [et_pb_line_break_holder] --><\/p>\n<td>Pitanja i odgovori<\/td>\n<p><!-- [et_pb_line_break_holder] --><\/p>\n<td>13:15 \u2013 13:30<\/td>\n<p><!-- [et_pb_line_break_holder] --><\/tr>\n<p><!-- [et_pb_line_break_holder] --><!-- [et_pb_line_break_holder] --><\/p>\n<tr><!-- [et_pb_line_break_holder] --><\/p>\n<td>Ru\u010dak<\/td>\n<p><!-- [et_pb_line_break_holder] --><\/p>\n<td>13:30<\/td>\n<p><!-- [et_pb_line_break_holder] --><\/tr>\n<p><!-- [et_pb_line_break_holder] --><!-- [et_pb_line_break_holder] --><\/tbody>\n<p><!-- [et_pb_line_break_holder] --><\/table>\n<p>[\/et_pb_code][et_pb_text _builder_version=&#8221;4.27.5&#8243; _module_preset=&#8221;default&#8221; header_5_font_size=&#8221;20px&#8221; header_4_font_size_tablet=&#8221;&#8221; header_4_font_size_phone=&#8221;22px&#8221; header_4_font_size_last_edited=&#8221;on|phone&#8221; global_colors_info=&#8221;{}&#8221;]<\/p>\n<blockquote>\n<h4>Teme seminara<\/h4>\n<\/blockquote>\n<h5>Zakonska regulativa vezana uz projektiranje komunikacije u javnim prostorima<\/h5>\n<p>Propisi kojima se u Hrvatskoj i EU regulira komunikacija u javnim prostorima. Norme koje se uobi\u010dajeno primjenjuju. Zahtjevi vezani za funkcije sustava koji se koriste za komunikaciju u javnim prostorima. Obveze tijekom eksploatacije sustava komunikacije.<\/p>\n<h5>Projektiranje sustava audio-vizualne komunikacije u javnim prostorima<\/h5>\n<p>Funkcionalni zahtjevi na sustave koji se koriste za audio-vizualnu komunikaciju u javnim prostorima \u2013 EVAC, PA, SOS, sigurnosna rasvjeta, interkomi, po\u017earni alarmi, protuprovalni i protuprepadni alarmi. Upravljanje sustavima audio-vizualne komunikacije i njihovo me\u0111udjelovanje sa sustavom dojave po\u017eara. Elementi sustava u funkciji pove\u0107anja energetske efikasnosti objekta.<\/p>\n<h5>IoT arhitektura za moderne javne objekte<\/h5>\n<p>Mjerenje i pra\u0107enje potro\u0161nje energenata u javnim objektima. Signalizacija u slu\u010daju potro\u0161nje van definiranih referentnih vrijednosti. Centralizirani monitoring i benchmarking. Multifunkcionalni detektori u funkciji za\u0161tite zdravlja i sigurnosti ljudi u objektu \u2013 kvaliteta zraka, detekcija cigareta, THC-a i VAPE ure\u0111aja. Signalizacija prekomjernog broja ljudi u prostoru. GDPR.<\/p>\n<blockquote>\n<h4>Predava\u010di<\/h4>\n<\/blockquote>\n<p>&nbsp;<\/p>\n<p>[\/et_pb_text][et_pb_team_member name=&#8221;Ranko \u010cop, mag. ing. el.&#8221; image_url=&#8221;https:\/\/www.alarmautomatika.com\/wp-content\/uploads\/2024\/02\/Ranko_Cop_320x229.webp&#8221; _builder_version=&#8221;4.27.5&#8243; _module_preset=&#8221;default&#8221; header_font_size=&#8221;18px&#8221; header_font_size_tablet=&#8221;18px&#8221; header_font_size_phone=&#8221;20px&#8221; header_font_size_last_edited=&#8221;on|phone&#8221; global_colors_info=&#8221;{}&#8221;]<\/p>\n<p>Nakon studija stjecao je iskustvo u razli\u010ditim podru\u010djima elektrotehnike te stekao niz stru\u010dnih ovla\u0161tenja. U Alarm automatici radi kao voditelj projektnog odjela, a odgovoran je za projektiranje sigurnosnih i sigurnosnih sustava za velike i kriti\u010dne infrastrukturne projekte. Upravlja in\u017eenjerskim odjelom koji razvija rje\u0161enja, projektira i pru\u017ea podr\u0161ku uredima Alarm automatike u 11 zemalja regije.<\/p>\n<p><strong><a href=\"mailto:ranko@alarmautomatika.com\">ranko@alarmautomatika.com<\/a><\/strong><\/p>\n<p>[\/et_pb_team_member][et_pb_team_member name=&#8221;Vedran Mihaljevi\u0107, ing. el., Alarm automatika Split&#8221; image_url=&#8221;https:\/\/www.alarmautomatika.com\/wp-content\/uploads\/2022\/09\/vedran-mihaljevic.png&#8221; _builder_version=&#8221;4.27.5&#8243; _module_preset=&#8221;default&#8221; header_font_size_tablet=&#8221;&#8221; header_font_size_phone=&#8221;20px&#8221; header_font_size_last_edited=&#8221;on|phone&#8221; global_colors_info=&#8221;{}&#8221;]<\/p>\n<p>Do 2019. je radio u vi\u0161e tvrtki na poslovima servisera, tehni\u010dara, projektanta i voditelja projekata na podru\u010dju tehni\u010dke za\u0161tite te samostalno obavlja poslove vezane za projektiranje i izvo\u0111enje nisko i visokonaponskih elektri\u010dnih instalacija, IP\/TCP mre\u017enih sustava i sustava tehni\u010dke za\u0161tite. Od 2019. radi u Alarm automatici na poslovima voditelja in\u017eenjeringa za safety sustave.<\/p>\n<p><strong><a href=\"mailto:vedranm@alarmautomatika.com\">vedranm@alarmautomatika.com<\/a><\/strong><\/p>\n<p>[\/et_pb_team_member][et_pb_team_member name=&#8221;Velimir Drakuli\u0107, ing. el, Alarm automatika Rijeka&#8221; image_url=&#8221;https:\/\/www.alarmautomatika.com\/wp-content\/uploads\/2023\/02\/Velimir_Drakulic.png&#8221; _builder_version=&#8221;4.27.5&#8243; _module_preset=&#8221;default&#8221; header_font_size_tablet=&#8221;&#8221; header_font_size_phone=&#8221;20px&#8221; header_font_size_last_edited=&#8221;on|phone&#8221; global_colors_info=&#8221;{}&#8221;]<\/p>\n<p>Nakon zavr\u0161enog studija elektrotehnike, radi na poslovima odr\u017eavanja i programiranja elektronskog nadzora raznih tehni\u010dkih sustava, zatim programiranjem i tehni\u010dkom podr\u0161kom za sustave tehni\u010dke za\u0161tite te pra\u0107enjem, programiranjem i odr\u017eavanjem brodske mjerne opreme. U Alarm automatiku se vra\u0107a 2021. i radi na poslovima voditelja in\u017eenjeringa za security sustave.<\/p>\n<p><strong><a href=\"mailto:velimir@alarmautomatika.com\">velimir@alarmautomatika.com<\/a><\/strong><\/p>\n<p>&nbsp;<\/p>\n<p>[\/et_pb_team_member][et_pb_text _builder_version=&#8221;4.27.5&#8243; _module_preset=&#8221;default&#8221; header_4_font_size_tablet=&#8221;&#8221; header_4_font_size_phone=&#8221;22px&#8221; header_4_font_size_last_edited=&#8221;on|phone&#8221; global_colors_info=&#8221;{}&#8221;]<\/p>\n<blockquote>\n<h4>Od koga se mogu dobiti dodatne informacije?<\/h4>\n<\/blockquote>\n<p>Lidija Stolica<br \/>Alarm automatika d.o.o.<br \/>tel. 01 46 62 751<br \/>E-mail:\u00a0<a href=\"mailto:lidija@alarmautomatika.com\">lidija@alarmautomatika.com<\/a><\/p>\n<blockquote>\n<h4>Vezani materijali<\/h4>\n<\/blockquote>\n<p>[\/et_pb_text][et_pb_code _builder_version=&#8221;4.27.5&#8243; _module_preset=&#8221;default&#8221; global_colors_info=&#8221;{}&#8221;]<\/p>\n<style><!-- [et_pb_line_break_holder] -->#customers {<!-- [et_pb_line_break_holder] -->  font-family: Arial, Helvetica, sans-serif;<!-- [et_pb_line_break_holder] -->  border-collapse: collapse;<!-- [et_pb_line_break_holder] -->  width: 100%;<!-- [et_pb_line_break_holder] -->}<!-- [et_pb_line_break_holder] --><!-- [et_pb_line_break_holder] -->#customers td, #customers th {<!-- [et_pb_line_break_holder] -->  border: 2px solid #ddd;<!-- [et_pb_line_break_holder] -->  padding: 20px;<!-- [et_pb_line_break_holder] -->}<!-- [et_pb_line_break_holder] --><!-- [et_pb_line_break_holder] -->#customers tr:nth-child(even){background-color: #f2f2f2;}<!-- [et_pb_line_break_holder] --><!-- [et_pb_line_break_holder] -->#customers tr:hover {background-color: rgb(216,225,222);}<!-- [et_pb_line_break_holder] --><!-- [et_pb_line_break_holder] -->#customers th {<!-- [et_pb_line_break_holder] -->  padding-top: 12px;<!-- [et_pb_line_break_holder] -->  padding-bottom: 12px;<!-- [et_pb_line_break_holder] -->  text-align: left;<!-- [et_pb_line_break_holder] -->  background-color: #04AA6D;<!-- [et_pb_line_break_holder] -->  color: white;<!-- [et_pb_line_break_holder] -->}<!-- [et_pb_line_break_holder] --><\/style>\n<p><!-- [et_pb_line_break_holder] --><!-- [et_pb_line_break_holder] --><!-- [et_pb_line_break_holder] --><!-- [et_pb_line_break_holder] --><!-- [et_pb_line_break_holder] --><!-- [et_pb_line_break_holder] --><\/p>\n<table id=\"customers\"><!-- [et_pb_line_break_holder] --><!-- [et_pb_line_break_holder] --><\/p>\n<tbody><!-- [et_pb_line_break_holder] --><\/p>\n<tr><!-- [et_pb_line_break_holder] --><!-- [et_pb_line_break_holder] --><\/p>\n<td><center><a href=\"https:\/\/drive.google.com\/file\/d\/1_T31Rvj1EiBfgeBUgt4PxrYxgiV-FzXf\/view\" target=\"_blank\" rel=\"noopener\"><strong>Projektna rje\u0161enja Alarm automatike<\/strong><\/a><\/center><\/td>\n<p><!-- [et_pb_line_break_holder] --><!-- [et_pb_line_break_holder] --><!-- [et_pb_line_break_holder] --><\/p>\n<td><center><a href=\"https:\/\/drive.google.com\/file\/d\/1h-O-uQ6n4f2CNbPZDYAm8E6hL1k99kod\/view\" target=\"_blank\" rel=\"noopener\"><strong>Integrirana safety rje\u0161enja<\/strong><\/a><\/center><\/td>\n<p><!-- [et_pb_line_break_holder] --><!-- [et_pb_line_break_holder] --><!-- [et_pb_line_break_holder] --><\/p>\n<td><center><a href=\"https:\/\/www.alarmautomatika.com\/hr\/projektiranje-integriranog-rjesenja-zastite-od-pozara\/\" target=\"_blank\" rel=\"noopener\"><strong>Priru\u010dnik za projektiranje integriranih sustava za za\u0161titu od po\u017eara<\/strong><\/a><\/center><\/td>\n<p><!-- [et_pb_line_break_holder] --><!-- [et_pb_line_break_holder] --><\/tr>\n<p><!-- [et_pb_line_break_holder] --><!-- [et_pb_line_break_holder] --><!-- [et_pb_line_break_holder] --><\/p>\n<tr><!-- [et_pb_line_break_holder] --><!-- [et_pb_line_break_holder] --><\/p>\n<td><center><a href=\"https:\/\/www.alarmautomatika.com\/hr\/softveri\/nadzor-i-upravljanje-nad-sustavima-zastite\/\" target=\"_blank\" rel=\"noopener\"><strong>ABsistemDCi integracija<\/strong><\/a><\/center><\/td>\n<p><!-- [et_pb_line_break_holder] --><!-- [et_pb_line_break_holder] --><!-- [et_pb_line_break_holder] --><\/p>\n<td><center><a href=\"https:\/\/drive.google.com\/file\/d\/1rEw8odBaiF3PhS64NAjLC9p-t19uZXFF\/view\" target=\"_blank\" rel=\"noopener\"><strong>Specijalisti\u010dke softverske integracije<\/strong><\/a><\/center><\/td>\n<p><!-- [et_pb_line_break_holder] --><!-- [et_pb_line_break_holder] --><!-- [et_pb_line_break_holder] --><\/p>\n<td><center><a href=\"https:\/\/www.alarmautomatika.com\/hr\/aplikacija-za-prikupljanje-pohranu-analizu-i-vizualizaciju-podataka-o-potrosnji-energenata-absistemenergy\/\" target=\"_blank\" rel=\"noopener\"><strong>ABsistemEnergy<\/strong><\/a><\/center><\/td>\n<p><!-- [et_pb_line_break_holder] --><!-- [et_pb_line_break_holder] --><\/tr>\n<p><!-- [et_pb_line_break_holder] --><!-- [et_pb_line_break_holder] --><!-- [et_pb_line_break_holder] --><\/p>\n<tr><!-- [et_pb_line_break_holder] --><!-- [et_pb_line_break_holder] --><\/p>\n<td><center><a href=\"https:\/\/drive.google.com\/file\/d\/1z4RxewEv_M_AbMDD18SImZGGpOenJ3AF\/view\" target=\"_blank\" rel=\"noopener\"><strong>Sustavi evakuacijskog razglasa<\/strong><\/a><\/center><\/td>\n<p><!-- [et_pb_line_break_holder] --><!-- [et_pb_line_break_holder] --><!-- [et_pb_line_break_holder] --><\/p>\n<td><center><a href=\"https:\/\/drive.google.com\/file\/d\/1tA414VsfSguTVUfpjiYn87FoKZ8n0ZXE\/view?usp=drive_link\" target=\"_blank\" rel=\"noopener\"><strong>HALO detektor<\/strong><\/center><\/td>\n<p><!-- [et_pb_line_break_holder] --><!-- [et_pb_line_break_holder] --><\/tr>\n<p><!-- [et_pb_line_break_holder] --><!-- [et_pb_line_break_holder] --><\/tbody>\n<p><!-- [et_pb_line_break_holder] --><\/table>\n<p>[\/et_pb_code][et_pb_image src=&#8221;https:\/\/www.alarmautomatika.com\/wp-content\/uploads\/2026\/02\/logotipi-seminar-landing.jpg&#8221; title_text=&#8221;logotipi-seminar-landing&#8221; align=&#8221;center&#8221; _builder_version=&#8221;4.27.5&#8243; _module_preset=&#8221;default&#8221; global_colors_info=&#8221;{}&#8221;][\/et_pb_image][et_pb_text _builder_version=&#8221;4.27.5&#8243; _module_preset=&#8221;default&#8221; header_4_font_size_tablet=&#8221;&#8221; header_4_font_size_phone=&#8221;22px&#8221; header_4_font_size_last_edited=&#8221;on|phone&#8221; global_colors_info=&#8221;{}&#8221;]<\/p>\n<blockquote>\n<h4>Organizator seminara<\/h4>\n<\/blockquote>\n<p><strong><img loading=\"lazy\" decoding=\"async\" class=\"wp-image-22105 alignleft\" src=\"https:\/\/www.alarmautomatika.com\/wp-content\/uploads\/2021\/08\/AA_HR_logo.png\" alt=\"Alarm automatika d.o.o.\" width=\"368\" height=\"119\" srcset=\"https:\/\/www.alarmautomatika.com\/wp-content\/uploads\/2021\/08\/AA_HR_logo.png 390w, https:\/\/www.alarmautomatika.com\/wp-content\/uploads\/2021\/08\/AA_HR_logo-300x97.png 300w\" sizes=\"(max-width: 368px) 100vw, 368px\" \/><\/strong> <strong>Alarm automatika d.o.o.<\/strong> je regionalni lider u industriji tehni\u010dke za\u0161ite sa vi\u0161e od 30 godina iskustva i poslovanjem u 11 zemalja regije. Zadnjih desetak godina tvrtka veliku pa\u017enju posve\u0107uje razvoju, projektiranju i implementaciji tehni\u010dkih rje\u0161enja koja krajnjim korisnicima omogu\u0107uju ve\u0107u efikasnost poslovanja, zna\u010dajne u\u0161tede, jednostavniji monitoring i ve\u0107u fleksibilnost u upravljanju poslovnim objektima.<\/p>\n<p>[\/et_pb_text][et_pb_image src=&#8221;https:\/\/www.alarmautomatika.com\/wp-content\/uploads\/2022\/05\/dobavljaci_update_1.jpg&#8221; align=&#8221;center&#8221; _builder_version=&#8221;4.27.5&#8243; _module_preset=&#8221;default&#8221; global_colors_info=&#8221;{}&#8221;][\/et_pb_image][et_pb_video src=&#8221;https:\/\/youtu.be\/SHnkE67Wsz0&#8243; _builder_version=&#8221;4.27.5&#8243; _module_preset=&#8221;default&#8221; global_colors_info=&#8221;{}&#8221;][\/et_pb_video][\/et_pb_column][\/et_pb_row][\/et_pb_section]<\/p>\n","protected":false},"excerpt":{"rendered":"<p>Seminari Audio vizualna komunikacija u akcidentnim situacijama u javnim prostorima Seminarom Audio vizualna komunikacija u akcidentnim situacijama u javnim prostorima bit \u0107e obuhva\u0107eni sustavi koji osiguravaju jasnu komunikaciju u javnim prostorima s ciljem pravovremenog prijenosa informacija o akcidentnim situacijama (po\u017ear, teroristi\u010dki napad, SOS), o situacijama koje ugro\u017eavaju zdravlje ljudi (kvaliteta zraka, pu\u0161enje), o situacijama prekomjerne [&hellip;]<\/p>\n","protected":false},"author":14,"featured_media":0,"parent":0,"menu_order":0,"comment_status":"closed","ping_status":"closed","template":"","meta":{"_et_pb_use_builder":"on","_et_pb_old_content":"","_et_gb_content_width":"","footnotes":""},"class_list":["post-59534","page","type-page","status-publish","hentry"],"_links":{"self":[{"href":"https:\/\/www.alarmautomatika.com\/hr\/wp-json\/wp\/v2\/pages\/59534","targetHints":{"allow":["GET"]}}],"collection":[{"href":"https:\/\/www.alarmautomatika.com\/hr\/wp-json\/wp\/v2\/pages"}],"about":[{"href":"https:\/\/www.alarmautomatika.com\/hr\/wp-json\/wp\/v2\/types\/page"}],"author":[{"embeddable":true,"href":"https:\/\/www.alarmautomatika.com\/hr\/wp-json\/wp\/v2\/users\/14"}],"replies":[{"embeddable":true,"href":"https:\/\/www.alarmautomatika.com\/hr\/wp-json\/wp\/v2\/comments?post=59534"}],"version-history":[{"count":1,"href":"https:\/\/www.alarmautomatika.com\/hr\/wp-json\/wp\/v2\/pages\/59534\/revisions"}],"predecessor-version":[{"id":59669,"href":"https:\/\/www.alarmautomatika.com\/hr\/wp-json\/wp\/v2\/pages\/59534\/revisions\/59669"}],"wp:attachment":[{"href":"https:\/\/www.alarmautomatika.com\/hr\/wp-json\/wp\/v2\/media?parent=59534"}],"curies":[{"name":"wp","href":"https:\/\/api.w.org\/{rel}","templated":true}]}}