{"id":55915,"date":"2024-11-07T09:31:46","date_gmt":"2024-11-07T08:31:46","guid":{"rendered":"https:\/\/www.alarmautomatika.com\/smart-guard-patrol-szoftver-es-mobilalkalmazas-az-online-biztonsagi-jarorozes-felugyeletehez\/"},"modified":"2024-11-28T09:12:49","modified_gmt":"2024-11-28T08:12:49","slug":"smart-guard-patrol-szoftver-es-mobilalkalmazas-az-online-biztonsagi-jarorozes-felugyeletehez","status":"publish","type":"page","link":"https:\/\/www.alarmautomatika.com\/hu\/smart-guard-patrol-szoftver-es-mobilalkalmazas-az-online-biztonsagi-jarorozes-felugyeletehez\/","title":{"rendered":"Smart Guard Patrol \u2013 Szoftver \u00e9s Mobilalkalmaz\u00e1s az Online Biztons\u00e1gi J\u00e1r\u0151r\u00f6z\u00e9s Fel\u00fcgyelet\u00e9hez"},"content":{"rendered":"<p>[et_pb_section fb_built=&#8221;1&#8243; _builder_version=&#8221;4.27.2&#8243; _module_preset=&#8221;default&#8221; background_image=&#8221;https:\/\/www.alarmautomatika.com\/wp-content\/uploads\/2024\/11\/smart-guard-patrol-header-image-gradient.jpg&#8221; background_size=&#8221;initial&#8221; background_position=&#8221;top_center&#8221; global_colors_info=&#8221;{}&#8221;][et_pb_row _builder_version=&#8221;4.16&#8243; _module_preset=&#8221;_initial&#8221; width=&#8221;95%&#8221; global_colors_info=&#8221;{}&#8221;][et_pb_column type=&#8221;4_4&#8243; _builder_version=&#8221;4.16&#8243; _module_preset=&#8221;default&#8221; global_colors_info=&#8221;{}&#8221;][et_pb_text _builder_version=&#8221;4.27.2&#8243; _dynamic_attributes=&#8221;content&#8221; _module_preset=&#8221;_initial&#8221; text_font=&#8221;|600|||||||&#8221; text_text_color=&#8221;#ffffff&#8221; text_font_size=&#8221;48px&#8221; text_line_height=&#8221;1.2em&#8221; custom_padding=&#8221;80px|50px||50px|false|true&#8221; text_font_size_tablet=&#8221;40px&#8221; text_font_size_phone=&#8221;29px&#8221; text_font_size_last_edited=&#8221;on|phone&#8221; text_line_height_tablet=&#8221;&#8221; text_line_height_phone=&#8221;&#8221; text_line_height_last_edited=&#8221;on|phone&#8221; header_font_tablet=&#8221;&#8221; header_font_phone=&#8221;&#8221; header_font_last_edited=&#8221;on|tablet&#8221; header_font_size_tablet=&#8221;&#8221; header_font_size_phone=&#8221;&#8221; header_font_size_last_edited=&#8221;on|phone&#8221; header_line_height_tablet=&#8221;&#8221; header_line_height_phone=&#8221;&#8221; header_line_height_last_edited=&#8221;on|desktop&#8221; global_colors_info=&#8221;{}&#8221;]@ET-DC@eyJkeW5hbWljIjp0cnVlLCJjb250ZW50IjoicG9zdF90aXRsZSIsInNldHRpbmdzIjp7ImJlZm9yZSI6IiIsImFmdGVyIjoiIn19@[\/et_pb_text][\/et_pb_column][\/et_pb_row][et_pb_row column_structure=&#8221;3_4,1_4&#8243; _builder_version=&#8221;4.16&#8243; _module_preset=&#8221;_initial&#8221; background_color=&#8221;#ffffff&#8221; width=&#8221;95%&#8221; custom_margin=&#8221;20px||||false|false&#8221; custom_margin_tablet=&#8221;10px||||false|false&#8221; custom_margin_phone=&#8221;10px||||false|false&#8221; custom_margin_last_edited=&#8221;on|desktop&#8221; custom_padding=&#8221;43px|50px|43px|50px|true|true&#8221; box_shadow_style=&#8221;preset2&#8243; global_colors_info=&#8221;{}&#8221;][et_pb_column type=&#8221;3_4&#8243; _builder_version=&#8221;4.16&#8243; _module_preset=&#8221;default&#8221; global_colors_info=&#8221;{}&#8221;][et_pb_text _builder_version=&#8221;4.27.2&#8243; _module_preset=&#8221;_initial&#8221; hover_enabled=&#8221;0&#8243; header_2_font_size_tablet=&#8221;&#8221; header_2_font_size_phone=&#8221;32px&#8221; header_2_font_size_last_edited=&#8221;on|phone&#8221; header_3_font_size_tablet=&#8221;&#8221; header_3_font_size_phone=&#8221;24px&#8221; header_3_font_size_last_edited=&#8221;on|phone&#8221; global_colors_info=&#8221;{}&#8221; sticky_enabled=&#8221;0&#8243;]<\/p>\n<p><strong><em>A j\u00e1r\u0151r\u00f6z\u00e9s megb\u00edzhat\u00f3s\u00e1ga k\u00f6zvetlen\u00fcl befoly\u00e1solja a biztons\u00e1g hat\u00e9konys\u00e1g\u00e1t \u00e9s a meghat\u00e1rozott elj\u00e1r\u00e1sok betart\u00e1s\u00e1t. Ugyanilyen fontos az a k\u00e9pess\u00e9g is, hogy a v\u00e9gfelhaszn\u00e1l\u00f3 sz\u00e1m\u00e1ra bizony\u00edtani tudjuk, hogy a meg\u00e1llapodott elj\u00e1r\u00e1sokat betartott\u00e1k.<\/em><\/strong><\/p>\n<p><strong><em>A Smart Guard Patrol sz\u00e1mos ipar\u00e1gban n\u00f6velheti a m\u0171k\u00f6d\u00e9si hat\u00e9konys\u00e1got az\u00e1ltal, hogy ellen\u0151rzi a feladatok id\u0151ben t\u00f6rt\u00e9n\u0151 elv\u00e9gz\u00e9s\u00e9t b\u00e1rmely helysz\u00ednen, legyen sz\u00f3 betegellen\u0151rz\u00e9sr\u0151l, sz\u00e1llodai szob\u00e1k takar\u00edt\u00e1s\u00e1r\u00f3l, eszk\u00f6z\u00f6k karbantart\u00e1s\u00e1r\u00f3l vagy l\u00e9tes\u00edtm\u00e9nykezel\u00e9sr\u0151l.<\/em><\/strong><\/p>\n<p>A Smart Guard Patrol egy er\u0151teljes \u00e9s alkalmazkod\u00f3 szoftvermegold\u00e1s, amely lehet\u0151v\u00e9 teszi a biztons\u00e1gi j\u00e1r\u0151r\u00f6k val\u00f3s idej\u0171 online nyomon k\u00f6vet\u00e9s\u00e9t az ir\u00e1ny\u00edt\u00f3k\u00f6zpontban. A megold\u00e1s mag\u00e1ban foglal egy webes fel\u00fcletet az ir\u00e1ny\u00edt\u00f3k\u00f6zpont sz\u00e1m\u00e1ra, valamint egy mobilalkalmaz\u00e1st, amelyet a biztons\u00e1gi szem\u00e9lyzet haszn\u00e1l a j\u00e1r\u0151r\u00f6z\u00e9s sor\u00e1n.<\/p>\n<p>A Smart Guard Patrol megold\u00e1s haszn\u00e1lata rendk\u00edv\u00fcl egyszer\u0171. A j\u00e1r\u0151r\u00f6z\u00e9s sor\u00e1n a szem\u00e9lyzet minden ellen\u0151rz\u0151pontn\u00e1l el\u0151re programozott QR-k\u00f3dokat vagy NFC-c\u00edmk\u00e9ket olvas be mobiltelefonj\u00e1val. A mobilalkalmaz\u00e1s elk\u00fcldi az inform\u00e1ci\u00f3t az ir\u00e1ny\u00edt\u00f3k\u00f6zpontba, ahol az azonnal megjelenik \u00e9s sz\u00fcks\u00e9g szerint elemezhet\u0151.<\/p>\n<blockquote>\n<h2>F\u00fcggetlen megold\u00e1s a jelenleg haszn\u00e1lt k\u00f6zpontos\u00edt\u00e1si szoftvert\u0151l<\/h2>\n<\/blockquote>\n<p>A Smart Guard Patrol minden kulcsfontoss\u00e1g\u00fa j\u00e1r\u0151r\u00f6z\u00e9s-fel\u00fcgyeleti funkci\u00f3t egyetlen platformon biztos\u00edt, tov\u00e1bbi modulok vagy bonyolult friss\u00edt\u00e9sek n\u00e9lk\u00fcl, f\u00fcggetlen\u00fcl az ir\u00e1ny\u00edt\u00f3k\u00f6zpontban haszn\u00e1lt k\u00f6zpontos\u00edt\u00e1si szoftvert\u0151l. \u00d6n\u00e1ll\u00f3 megold\u00e1sk\u00e9nt is m\u0171k\u00f6dik, de ha a k\u00f6zpontos\u00edt\u00e1shoz az <a href=\"https:\/\/www.alarmautomatika.com\/en\/softwares\/reception-and-processing\/\"><strong>ABsistemDCNGv2-t<\/strong><\/a> haszn\u00e1lj\u00e1k, a szoftver integr\u00e1l\u00f3dik, hogy mindk\u00e9t megold\u00e1s teljes el\u0151nyeit kihaszn\u00e1lhass\u00e1k.<\/p>\n<p>[\/et_pb_text][et_pb_image src=&#8221;https:\/\/www.alarmautomatika.com\/wp-content\/uploads\/2024\/11\/Smart-Guard-Patrol-vizuallogo.jpg&#8221; alt=&#8221;ABsistemDC(NG)v2&#8243; title_text=&#8221;Smart-Guard-Patrol-vizual+logo&#8221; align=&#8221;center&#8221; _builder_version=&#8221;4.27.2&#8243; _module_preset=&#8221;default&#8221; width=&#8221;80%&#8221; global_colors_info=&#8221;{}&#8221;][\/et_pb_image][et_pb_text _builder_version=&#8221;4.27.2&#8243; _module_preset=&#8221;_initial&#8221; hover_enabled=&#8221;0&#8243; header_2_font_size_tablet=&#8221;&#8221; header_2_font_size_phone=&#8221;32px&#8221; header_2_font_size_last_edited=&#8221;on|phone&#8221; header_3_font_size_tablet=&#8221;&#8221; header_3_font_size_phone=&#8221;24px&#8221; header_3_font_size_last_edited=&#8221;on|phone&#8221; global_colors_info=&#8221;{}&#8221; sticky_enabled=&#8221;0&#8243;]<\/p>\n<blockquote>\n<h2>A j\u00e1r\u0151r\u00f6z\u00e9s-fel\u00fcgyelet el\u0151nyei a Smart Guard Patrol seg\u00edts\u00e9g\u00e9vel<\/h2>\n<\/blockquote>\n<blockquote>\n<h3>Hat\u00e9kony val\u00f3s idej\u0171 j\u00e1r\u0151rkezel\u00e9s<\/h3>\n<\/blockquote>\n<p>A j\u00e1r\u0151r\u00fatvonalak \u00e9s ellen\u0151rz\u0151pontok el\u0151re meghat\u00e1rozottak, \u00e9s az elj\u00e1r\u00e1st\u00f3l val\u00f3 b\u00e1rmilyen elt\u00e9r\u00e9s azonnal \u00e9rtes\u00edti az ir\u00e1ny\u00edt\u00f3k\u00f6zpontot. A szoftver k\u00e9pes jelent\u00e9seket vagy j\u00e1r\u0151r\u00f6z\u00e9si \u00fctemterveket gener\u00e1lni.<\/p>\n<blockquote>\n<h3>Fejlett k\u00e9tir\u00e1ny\u00fa kommunik\u00e1ci\u00f3 az ir\u00e1ny\u00edt\u00f3k\u00f6zpont \u00e9s a t\u00f6bbi szem\u00e9lyzet k\u00f6z\u00f6tt<\/h3>\n<\/blockquote>\n<ul>\n<li>K\u00e9pek, \u00fczenetek \u00e9s inform\u00e1ci\u00f3k k\u00fcld\u00e9se a terepr\u0151l az ir\u00e1ny\u00edt\u00f3k\u00f6zpontba.<\/li>\n<li>Standard vagy s\u00fcrg\u0151ss\u00e9gi \u00fczenetek k\u00fcld\u00e9se az ir\u00e1ny\u00edt\u00f3k\u00f6zpontb\u00f3l egy\u00e9ni szem\u00e9lyeknek vagy csoportoknak. Minden \u0151r v\u00e1laszolhat a kapott \u00fczenetekre ugyanazon csoporton\/besz\u00e9lget\u00e9sen bel\u00fcl.<\/li>\n<li>S\u00fcrg\u0151ss\u00e9gi h\u00edv\u00e1sok a beavatkoz\u00f3 csapatok sz\u00e1m\u00e1ra hangos-sz\u00f6veges \u00fczenetekkel.<\/li>\n<li>Az offline m\u00f3d biztos\u00edtja az adatok szinkroniz\u00e1l\u00e1s\u00e1t, amikor az internetkapcsolat helyre\u00e1ll.<\/li>\n<li>Egyszer\u0171 jelent\u00e9sk\u00e9sz\u00edt\u00e9s<\/li>\n<\/ul>\n<blockquote>\n<h3>Egyszer\u0171 jelent\u00e9sk\u00e9sz\u00edt\u00e9s<\/h3>\n<\/blockquote>\n<p>R\u00e9szletes jelent\u00e9sek a j\u00e1r\u0151r\u00f6z\u00e9s sor\u00e1n t\u00f6rt\u00e9nt mozg\u00e1sokr\u00f3l, esem\u00e9nyekr\u0151l \u00e9s tev\u00e9kenys\u00e9gekr\u0151l k\u00f6nnyen gener\u00e1lhat\u00f3k, mivel minden tev\u00e9kenys\u00e9g automatikusan r\u00f6gz\u00edt\u00e9sre ker\u00fcl. A jelent\u00e9sek PDF form\u00e1tumban t\u00f6rt\u00e9n\u0151 export\u00e1l\u00e1sa megk\u00f6nny\u00edti az inform\u00e1ci\u00f3k megoszt\u00e1s\u00e1t \u00e9s a nyilv\u00e1ntart\u00e1sok vezet\u00e9s\u00e9t.<\/p>\n<p>[\/et_pb_text][et_pb_image src=&#8221;https:\/\/www.alarmautomatika.com\/wp-content\/uploads\/2024\/11\/Smart_Guard_Patrol_statistika_izvjestaji.jpg&#8221; alt=&#8221;ABsistemDC(NG)v2&#8243; title_text=&#8221;Smart_Guard_Patrol_statistika_izvjestaji&#8221; align=&#8221;center&#8221; _builder_version=&#8221;4.27.2&#8243; _module_preset=&#8221;default&#8221; global_colors_info=&#8221;{}&#8221;][\/et_pb_image][et_pb_text _builder_version=&#8221;4.27.2&#8243; _module_preset=&#8221;_initial&#8221; link_font=&#8221;|600|||||||&#8221; header_2_text_align=&#8221;left&#8221; header_2_font_size=&#8221;30px&#8221; header_2_line_height=&#8221;1.2em&#8221; header_font_size_tablet=&#8221;48px&#8221; header_font_size_phone=&#8221;&#8221; header_font_size_last_edited=&#8221;on|tablet&#8221; header_2_font_size_tablet=&#8221;&#8221; header_2_font_size_phone=&#8221;25px&#8221; header_2_font_size_last_edited=&#8221;on|phone&#8221; header_3_font_size_tablet=&#8221;&#8221; header_3_font_size_phone=&#8221;24px&#8221; header_3_font_size_last_edited=&#8221;on|phone&#8221; global_colors_info=&#8221;{}&#8221;]<\/p>\n<blockquote>\n<h3>Magas szint\u0171 adatbiztons\u00e1g, integrit\u00e1s \u00e9s el\u00e9rhet\u0151s\u00e9g<\/h3>\n<\/blockquote>\n<p>Minden adat titkos\u00edtva van a jelenlegi szabv\u00e1nyoknak \u00e9s el\u0151\u00edr\u00e1soknak megfelel\u0151en (GDPR \u00e9s ISO 27001). Ugyanez a magas szint\u0171 biztons\u00e1g vonatkozik a felh\u0151alap\u00fa adatt\u00e1rol\u00e1sra is.<\/p>\n<blockquote>\n<h3>N\u00f6velt biztons\u00e1g az \u0151r\u00f6k \u00e9s m\u00e1s szem\u00e9lyzet sz\u00e1m\u00e1ra<\/h3>\n<\/blockquote>\n<ul>\n<li>Gyors SOS h\u00edv\u00e1sok egy egyszer\u0171 cs\u00fasztat\u00e1ssal vagy a telefon megr\u00e1z\u00e1s\u00e1val.<\/li>\n<li>\u201eMan Down\u201d funkci\u00f3, amely \u00e9rz\u00e9keli az \u0151r hirtelen eles\u00e9s\u00e9t.<\/li>\n<li>\u201eLone Worker\u201d funkci\u00f3, amely automatikus riaszt\u00e1sokat k\u00fcld internetprobl\u00e9ma eset\u00e9n, jelezve, hogy az \u0151r el\u00e9rhetetlen vagy 1 \u00f3r\u00e1ja nem mozdult.<\/li>\n<\/ul>\n<blockquote>\n<h3>Felhaszn\u00e1l\u00f3bar\u00e1t, t\u00f6bbnyelv\u0171 fel\u00fclet<\/h3>\n<\/blockquote>\n<p>A fel\u00fclet a nagyobb hat\u00e9konys\u00e1g \u00e9s a k\u00f6nnyebb navig\u00e1ci\u00f3 \u00e9rdek\u00e9ben lett kialak\u00edtva minden csapattag sz\u00e1m\u00e1ra, \u00e9s testre szabhat\u00f3 a felhaszn\u00e1l\u00f3k ig\u00e9nyei szerint.<\/p>\n<p>[\/et_pb_text][et_pb_image src=&#8221;https:\/\/www.alarmautomatika.com\/wp-content\/uploads\/2024\/11\/google-play-badge_2024.jpg&#8221; alt=&#8221;ABsistemDC(NG)v2&#8243; title_text=&#8221;google-play-badge_2024&#8243; url=&#8221;https:\/\/play.google.com\/store\/apps\/details?id=com.alarmautomatika.smartGuardPatrol&amp;hl=hr&#8221; url_new_window=&#8221;on&#8221; align=&#8221;center&#8221; _builder_version=&#8221;4.27.2&#8243; _module_preset=&#8221;default&#8221; width=&#8221;30%&#8221; hover_enabled=&#8221;0&#8243; global_colors_info=&#8221;{}&#8221; sticky_enabled=&#8221;0&#8243;][\/et_pb_image][\/et_pb_column][et_pb_column type=&#8221;1_4&#8243; _builder_version=&#8221;4.16&#8243; _module_preset=&#8221;default&#8221; custom_padding_tablet=&#8221;&#8221; custom_padding_phone=&#8221;&#8221; custom_padding_last_edited=&#8221;on|phone&#8221; global_colors_info=&#8221;{}&#8221;][et_pb_image src=&#8221;https:\/\/www.alarmautomatika.com\/wp-content\/uploads\/2024\/11\/idea-classic-logo-home-banner.png&#8221; alt=&#8221;iDEA Classic&#8221; title_text=&#8221;iDEA Classic&#8221; align=&#8221;center&#8221; _builder_version=&#8221;4.16&#8243; _module_preset=&#8221;default&#8221; global_colors_info=&#8221;{}&#8221;][\/et_pb_image][et_pb_accordion module_class=&#8221;idea-value-propositions&#8221; _builder_version=&#8221;4.9.0&#8243; _module_preset=&#8221;default&#8221; global_module=&#8221;8295&#8243; global_colors_info=&#8221;{}&#8221;][et_pb_accordion_item title=&#8221;Blank&#8221; open=&#8221;on&#8221; _builder_version=&#8221;4.16&#8243; _module_preset=&#8221;default&#8221; custom_css_main_element=&#8221;display:none;&#8221; global_colors_info=&#8221;{}&#8221;][\/et_pb_accordion_item][et_pb_accordion_item title=&#8221;Clients&#8221; _builder_version=&#8221;4.16&#8243; _module_preset=&#8221;default&#8221; global_colors_info=&#8221;{}&#8221; open=&#8221;off&#8221;]<\/p>\n<p><a href=\"https:\/\/www.alarmautomatika.com\/hr\/klijenti\/instalateri-tehnicke-zastite\/\">Licensed installers of security systems<\/a><\/p>\n<p><a href=\"https:\/\/www.alarmautomatika.com\/hr\/klijenti\/dojavni-centri\/\">Central monitoring stations (CMS)<\/a><\/p>\n<p><a href=\"https:\/\/www.alarmautomatika.com\/hr\/klijenti\/elektricari\/\">Electricians<\/a><\/p>\n<p><a href=\"https:\/\/www.alarmautomatika.com\/hr\/klijenti\/trgovine-elektromaterijalom-i-it-opremom-internet-trgovine\/\">Electrical appliances and computers stores, web shops<\/a><\/p>\n<p>[\/et_pb_accordion_item][et_pb_accordion_item title=&#8221;Products&#8221; _builder_version=&#8221;4.16&#8243; _module_preset=&#8221;default&#8221; global_colors_info=&#8221;{}&#8221; open=&#8221;off&#8221;]<\/p>\n<p><a href=\"https:\/\/www.alarmautomatika.com\/hr\/proizvodi\/videonadzor\/\">Video surveillance<\/a><\/p>\n<p><a href=\"https:\/\/www.alarmautomatika.com\/hr\/proizvodi\/protuprovala-i-protuprepad\/\">Anti-intrusion and Anti-burglary systems<\/a><\/p>\n<p><a href=\"https:\/\/www.alarmautomatika.com\/hr\/proizvodi\/videointerfoni\/\">Video interphones<\/a><\/p>\n<p><a href=\"https:\/\/www.alarmautomatika.com\/hr\/proizvodi\/kontrola-pristupa-i-evidencija-radnog-vremena\/\">Access and time attendance control<\/a><\/p>\n<p><a href=\"https:\/\/www.alarmautomatika.com\/hr\/proizvodi\/audio-rjesenja\/\">Audio solutions<\/a><\/p>\n<p><a href=\"https:\/\/www.alarmautomatika.com\/proizvodi\/automatske-rampe-i-vrata\/\">Automatic ramps and doors<\/a><\/p>\n<p><a href=\"https:\/\/www.alarmautomatika.com\/hr\/proizvodi\/oprema-za-dojavne-centre\/\">Central Monitoring Stations (CMS) equipment<\/a><\/p>\n<p><a href=\"https:\/\/www.alarmautomatika.com\/hr\/proizvodi\/dojava-pozara-i-plina\/\">Fire and gas alarm systems<\/a><\/p>\n<p>[\/et_pb_accordion_item][et_pb_accordion_item title=&#8221;Softwares&#8221; _builder_version=&#8221;4.16&#8243; _module_preset=&#8221;default&#8221; global_colors_info=&#8221;{}&#8221; open=&#8221;off&#8221;]<\/p>\n<p><a href=\"https:\/\/www.alarmautomatika.com\/hr\/softveri\/prijem-i-obrada-alarma\/\">ABsistemDC (NG) alarm centralization software<\/a><\/p>\n<p>[\/et_pb_accordion_item][et_pb_accordion_item title=&#8221;Services&#8221; _builder_version=&#8221;4.16&#8243; _module_preset=&#8221;default&#8221; global_colors_info=&#8221;{}&#8221; open=&#8221;off&#8221;]<\/p>\n<p><a href=\"https:\/\/www.alarmautomatika.com\/hr\/usluge\/sve-na-jednom-mjestu\/#prodajna-i-tehnicka-podrska\" data-et-has-event-already=\"true\">Sales and technical support<\/a><\/p>\n<p><a href=\"https:\/\/www.alarmautomatika.com\/hr\/usluge\/sve-na-jednom-mjestu\/#oprema-na-skladistu\" data-et-has-event-already=\"true\">Products on stock<\/a><\/p>\n<p><a href=\"https:\/\/www.alarmautomatika.com\/hr\/usluge\/sve-na-jednom-mjestu\/#edukacija-instalatera\" data-et-has-event-already=\"true\">Installers\u2019 education<\/a><\/p>\n<p><a href=\"https:\/\/www.alarmautomatika.com\/hr\/usluge\/sve-na-jednom-mjestu\/#b2b-online-platforma\" data-et-has-event-already=\"true\">B2B online platform<\/a><\/p>\n<p><a href=\"https:\/\/www.alarmautomatika.com\/hr\/usluge\/sve-na-jednom-mjestu\/#servis\" data-et-has-event-already=\"true\">Service<\/a><\/p>\n<p><a href=\"https:\/\/www.alarmautomatika.com\/hr\/usluge\/sve-na-jednom-mjestu\/#idea-classic-katalog\" data-et-has-event-already=\"true\">iDEA Classic catalogue<\/a><\/p>\n<p>[\/et_pb_accordion_item][et_pb_accordion_item title=&#8221;Platform&#8221; _builder_version=&#8221;4.16&#8243; _module_preset=&#8221;default&#8221; global_colors_info=&#8221;{}&#8221; open=&#8221;off&#8221;]<\/p>\n<p><a href=\"https:\/\/www.alarmautomatika.com\/hr\/platforma\/#b2b-platforma\" data-et-has-event-already=\"true\">Interactive B2C platform<\/a><\/p>\n<p>[\/et_pb_accordion_item][\/et_pb_accordion][\/et_pb_column][\/et_pb_row][\/et_pb_section]<\/p>\n","protected":false},"excerpt":{"rendered":"<p>A j\u00e1r\u0151r\u00f6z\u00e9s megb\u00edzhat\u00f3s\u00e1ga k\u00f6zvetlen\u00fcl befoly\u00e1solja a biztons\u00e1g hat\u00e9konys\u00e1g\u00e1t \u00e9s a meghat\u00e1rozott elj\u00e1r\u00e1sok betart\u00e1s\u00e1t. Ugyanilyen fontos az a k\u00e9pess\u00e9g is, hogy a v\u00e9gfelhaszn\u00e1l\u00f3 sz\u00e1m\u00e1ra bizony\u00edtani tudjuk, hogy a meg\u00e1llapodott elj\u00e1r\u00e1sokat betartott\u00e1k. A Smart Guard Patrol sz\u00e1mos ipar\u00e1gban n\u00f6velheti a m\u0171k\u00f6d\u00e9si hat\u00e9konys\u00e1got az\u00e1ltal, hogy ellen\u0151rzi a feladatok id\u0151ben t\u00f6rt\u00e9n\u0151 elv\u00e9gz\u00e9s\u00e9t b\u00e1rmely helysz\u00ednen, legyen sz\u00f3 betegellen\u0151rz\u00e9sr\u0151l, sz\u00e1llodai szob\u00e1k [&hellip;]<\/p>\n","protected":false},"author":14,"featured_media":0,"parent":0,"menu_order":0,"comment_status":"closed","ping_status":"closed","template":"","meta":{"_et_pb_use_builder":"on","_et_pb_old_content":"","_et_gb_content_width":"","footnotes":""},"class_list":["post-55915","page","type-page","status-publish","hentry"],"_links":{"self":[{"href":"https:\/\/www.alarmautomatika.com\/hu\/wp-json\/wp\/v2\/pages\/55915","targetHints":{"allow":["GET"]}}],"collection":[{"href":"https:\/\/www.alarmautomatika.com\/hu\/wp-json\/wp\/v2\/pages"}],"about":[{"href":"https:\/\/www.alarmautomatika.com\/hu\/wp-json\/wp\/v2\/types\/page"}],"author":[{"embeddable":true,"href":"https:\/\/www.alarmautomatika.com\/hu\/wp-json\/wp\/v2\/users\/14"}],"replies":[{"embeddable":true,"href":"https:\/\/www.alarmautomatika.com\/hu\/wp-json\/wp\/v2\/comments?post=55915"}],"version-history":[{"count":2,"href":"https:\/\/www.alarmautomatika.com\/hu\/wp-json\/wp\/v2\/pages\/55915\/revisions"}],"predecessor-version":[{"id":55920,"href":"https:\/\/www.alarmautomatika.com\/hu\/wp-json\/wp\/v2\/pages\/55915\/revisions\/55920"}],"wp:attachment":[{"href":"https:\/\/www.alarmautomatika.com\/hu\/wp-json\/wp\/v2\/media?parent=55915"}],"curies":[{"name":"wp","href":"https:\/\/api.w.org\/{rel}","templated":true}]}}